{"id":31852,"date":"2026-03-02T14:41:33","date_gmt":"2026-03-02T07:41:33","guid":{"rendered":"http:\/\/tourcruiser.com\/product\/women-adidas-tokyo-green-pure-sulfur"},"modified":"2026-03-28T00:41:45","modified_gmt":"2026-03-27T17:41:45","slug":"women-adidas-tokyo-green-pure-sulfur","status":"publish","type":"product","link":"https:\/\/tourcruiser.com\/de\/products\/women-adidas-tokyo-green-pure-sulfur\/","title":{"rendered":"(Women) adidas Tokyo &#8218;Green Pure Sulfur&#8216;"},"content":{"rendered":"<p>Die Tokyo JI3298 ist eine elegante und vielseitige Armbanduhr, die modernes Design mit pr\u00e4ziser Technik vereint und so unvergleichlichen Stil und Zuverl\u00e4ssigkeit f\u00fcr jeden Anlass bietet. Ihr minimalistisches Design und das leichte, aber robuste Geh\u00e4use eignen sich sowohl f\u00fcr den Alltag als auch f\u00fcr formelle Anl\u00e4sse.<\/p>\n<p>Ausgestattet mit einem hochpr\u00e4zisen Quarzwerk garantiert die Tokyo JI3298 zuverl\u00e4ssige Zeitmessung. Das kratzfeste Glas sorgt daf\u00fcr, dass Ihre Uhr stets makellos aussieht. Dank ihrer Wasserdichtigkeit ist sie spritzwassergesch\u00fctzt, regenfest und bestens f\u00fcr den t\u00e4glichen Gebrauch geeignet \u201d\u201c so praktisch wie modisch.<\/p>\n<p>Das einfach verstellbare Armband garantiert h\u00f6chsten Tragekomfort, w\u00e4hrend das klare, dezente Zifferblatt optimale Ablesbarkeit auf einen Blick erm\u00f6glicht. Die Tokyo JI3298 vereint Eleganz und Funktion perfekt und ist die ideale Wahl f\u00fcr Damen und Herren, die Wert auf schlichte Eleganz legen.<\/p>\n<p>Ob Gesch\u00e4ftstreffen, Freizeit oder besonderes Event \u201d\u201c \u201d\u2039\u201d\u2039diese Uhr rundet Ihren Look stilvoll ab. Die Tokyo JI3298 wurde f\u00fcr den weltoffenen Menschen entworfen, der zeitlosen Stil sch\u00e4tzt. Sie ist ein durchdachtes Geschenk oder eine unverzichtbare Erg\u00e4nzung Ihrer Accessoire-Sammlung. Bereichern Sie Ihren Alltag mit einer Uhr, die ebenso zuverl\u00e4ssig wie atemberaubend ist.<\/p>\n<ul>\n<li><strong>Farbgebung:<\/strong> Gr\u00fcn\/Reines Schwefelgelb\/Goldmetallic<\/li>\n<li><strong>Artikelnummer:<\/strong> JI3298<\/li>\n<li><strong>Obermaterial:<\/strong> Nylon<\/li>\n<li><strong>Farbe:<\/strong> Gr\u00fcn<\/li>\n<\/ul>\n","protected":false},"excerpt":{"rendered":"<p>adidas Tokyo \u201d\u201d Green\/Pure Sulfur\/Gold Metallic<\/p>\n","protected":false},"featured_media":31853,"comment_status":"open","ping_status":"closed","template":"","meta":[],"product_brand":[],"product_cat":[10941],"product_tag":[10992],"class_list":{"0":"post-31852","1":"product","2":"type-product","3":"status-publish","4":"has-post-thumbnail","6":"product_cat-adidas-women","7":"product_tag-small-100-usd","8":"wcpa_has_options","10":"first","11":"outofstock","12":"taxable","13":"shipping-taxable","14":"purchasable","15":"product-type-simple"},"wcpa_form_fields":{"rules":{"pric_overide_base_price":false,"pric_overide_base_price_if_gt_zero":false,"pric_overide_base_price_fully":false,"pric_cal_option_once":false,"pric_use_as_fee":false,"bind_quantity":false,"quantity_bind_formula":false},"fields":[{"type":"color-group","required":true,"elementId":"wcpa-color-group-66c4a7f817afe","label":"Gr\u00f6\u00dfe","inline":true,"priceOptions":"different_for_all","pricingType":"fixed","className":"hassizechart product-shoes-size-eu product-shoes-size","name":"color-group-66c4a7f817b18","disp_type":"square","selection_type":"tick-border","disp_size":"50","show_label_inside":true,"adjust_width":true,"cart_display_type":"text","other_text":"Other","cl_rule":"show","col":6,"values":[{"label":"35","value":"EU 35","price":"","pimage":"","pimage_id":"","pthumb":"","color":""},{"label":"35.5","value":"EU 35.5","price":"","pimage":"","pimage_id":"","pthumb":"","color":""},{"label":"36","value":"EU 36","price":"","pimage":"","pimage_id":"","pthumb":"","color":"","selected":true},{"label":"36 2\/3","value":"EU 36 2\/3","price":"","pimage":"","pimage_id":"","pthumb":"","color":""},{"label":"37 1\/3","value":"EU 37 1\/3","price":"","pimage":"","pimage_id":"","pthumb":"","color":""},{"label":"38","value":"EU 38","price":"","pimage":"","pimage_id":"","pthumb":"","color":""},{"label":"38 2\/3","value":"EU 38 2\/3","price":"","pimage":"","pimage_id":"","pthumb":"","color":""},{"label":"39 1\/3","value":"EU 39 1\/3","price":"","pimage":"","pimage_id":"","pthumb":"","color":""},{"label":"40","value":"EU 40","price":"","pimage":"","pimage_id":"","pthumb":"","color":""},{"label":"40 2\/3","value":"EU 40 2\/3","price":"","pimage":"","pimage_id":"","pthumb":"","color":""},{"label":"41 1\/3","value":"EU 41 1\/3","price":"","pimage":"","pimage_id":"","pthumb":"","color":""},{"label":"42","value":"EU 42","price":"","pimage":"","pimage_id":"","pthumb":"","color":""},{"label":"42 2\/3","value":"EU 42 2\/3","price":"","pimage":"","pimage_id":"","pthumb":"","color":""},{"label":"43 1\/3","value":"EU 43 1\/3","price":"","pimage":"","pimage_id":"","pthumb":"","color":""},{"label":"44","value":"EU 44","price":"","pimage":"","pimage_id":"","pthumb":"","color":""},{"label":"44 2\/3","value":"EU 44 2\/3","price":"","pimage":"","pimage_id":"","pthumb":"","color":""},{"label":"45 1\/3","value":"EU 45 1\/3","price":"","pimage":"","pimage_id":"","pthumb":"","color":""},{"label":"46","value":"EU 46","price":"","pimage":"","pimage_id":"","pthumb":"","color":""},{"label":"46 2\/3","value":"EU 46 2\/3","price":"","pimage":"","pimage_id":"","pthumb":"","color":""},{"label":"47 1\/3","value":"EU 47 1\/3","price":"","pimage":"","pimage_id":"","pthumb":"","color":""}],"relations":[{"operator":false,"rules":[]}],"form_id":24802,"form_rules":{"pric_cal_option_once":false,"exclude_from_discount":false,"pric_use_as_fee":false,"fee_label":"Fee","render_after_acb":false,"disp_hide_options_price":false}}]},"yoast_head":"<!-- This site is optimized with the Yoast SEO plugin v26.5 - https:\/\/yoast.com\/wordpress\/plugins\/seo\/ -->\n<title>(Women) adidas Tokyo &#039;Green Pure Sulfur&#039;  - Tourcruiser PTE. LTD<\/title>\n<meta name=\"robots\" content=\"index, follow, max-snippet:-1, max-image-preview:large, max-video-preview:-1\" \/>\n<link rel=\"canonical\" href=\"https:\/\/tourcruiser.com\/de\/products\/women-adidas-tokyo-green-pure-sulfur\/\" \/>\n<meta property=\"og:locale\" content=\"de_DE\" \/>\n<meta property=\"og:type\" content=\"article\" \/>\n<meta property=\"og:title\" content=\"(Women) adidas Tokyo &#039;Green Pure Sulfur&#039;  - Tourcruiser PTE. LTD\" \/>\n<meta property=\"og:description\" content=\"adidas Tokyo \u201d\u201d Green\/Pure Sulfur\/Gold Metallic\" \/>\n<meta property=\"og:url\" content=\"https:\/\/tourcruiser.com\/de\/products\/women-adidas-tokyo-green-pure-sulfur\/\" \/>\n<meta property=\"og:site_name\" content=\"Tourcruiser Sneaker Store\" \/>\n<meta property=\"article:modified_time\" content=\"2026-03-27T17:41:45+00:00\" \/>\n<meta name=\"twitter:card\" content=\"summary_large_image\" \/>\n<meta name=\"twitter:image\" content=\"https:\/\/images.novelship.com\/product\/_w__tokyo_ji3298_0_43044.jpeg;https:\/\/images.novelship.com\/product\/_w__tokyo_ji3298_1_43044.jpeg;https:\/\/images.novelship.com\/product\/_w__tokyo_ji3298_2_43044.jpeg;https:\/\/images.novelship.com\/product\/_w__tokyo_ji3298_3_43044.jpeg;https:\/\/images.novelship.com\/product\/_w__tokyo_ji3298_4_43044.jpeg;https:\/\/images.novelship.com\/product\/_w__tokyo_ji3298_5_43044.jpeg;https:\/\/images.novelship.com\/product\/_w__tokyo_ji3298_6_43044.jpeg;https:\/\/images.novelship.com\/product\/_w__tokyo_ji3298_7_43044.jpeg;https:\/\/images.novelship.com\/product\/_w__tokyo_ji3298_8_43044.jpeg;https:\/\/images.novelship.com\/product\/_w__tokyo_ji3298_9_43044.jpeg\" \/>\n<meta name=\"twitter:label1\" content=\"Gesch\u00e4tzte Lesezeit\" \/>\n\t<meta name=\"twitter:data1\" content=\"1\u00a0Minute\" \/>\n<script type=\"application\/ld+json\" class=\"yoast-schema-graph\">{\"@context\":\"https:\/\/schema.org\",\"@graph\":[{\"@type\":\"WebPage\",\"@id\":\"https:\/\/tourcruiser.com\/de\/products\/women-adidas-tokyo-green-pure-sulfur\/\",\"url\":\"https:\/\/tourcruiser.com\/de\/products\/women-adidas-tokyo-green-pure-sulfur\/\",\"name\":\"(Women) adidas Tokyo 'Green Pure Sulfur' - Tourcruiser PTE. LTD\",\"isPartOf\":{\"@id\":\"https:\/\/tourcruiser.com\/de\/#website\"},\"primaryImageOfPage\":{\"@id\":\"https:\/\/tourcruiser.com\/de\/products\/women-adidas-tokyo-green-pure-sulfur\/#primaryimage\"},\"image\":{\"@id\":\"https:\/\/tourcruiser.com\/de\/products\/women-adidas-tokyo-green-pure-sulfur\/#primaryimage\"},\"thumbnailUrl\":\"https:\/\/images.novelship.com\/product\/_w__tokyo_ji3298_0_43044.jpeg;https:\/\/images.novelship.com\/product\/_w__tokyo_ji3298_1_43044.jpeg;https:\/\/images.novelship.com\/product\/_w__tokyo_ji3298_2_43044.jpeg;https:\/\/images.novelship.com\/product\/_w__tokyo_ji3298_3_43044.jpeg;https:\/\/images.novelship.com\/product\/_w__tokyo_ji3298_4_43044.jpeg;https:\/\/images.novelship.com\/product\/_w__tokyo_ji3298_5_43044.jpeg;https:\/\/images.novelship.com\/product\/_w__tokyo_ji3298_6_43044.jpeg;https:\/\/images.novelship.com\/product\/_w__tokyo_ji3298_7_43044.jpeg;https:\/\/images.novelship.com\/product\/_w__tokyo_ji3298_8_43044.jpeg;https:\/\/images.novelship.com\/product\/_w__tokyo_ji3298_9_43044.jpeg\",\"datePublished\":\"2026-03-02T07:41:33+00:00\",\"dateModified\":\"2026-03-27T17:41:45+00:00\",\"breadcrumb\":{\"@id\":\"https:\/\/tourcruiser.com\/de\/products\/women-adidas-tokyo-green-pure-sulfur\/#breadcrumb\"},\"inLanguage\":\"de\",\"potentialAction\":[{\"@type\":\"ReadAction\",\"target\":[\"https:\/\/tourcruiser.com\/de\/products\/women-adidas-tokyo-green-pure-sulfur\/\"]}]},{\"@type\":\"ImageObject\",\"inLanguage\":\"de\",\"@id\":\"https:\/\/tourcruiser.com\/de\/products\/women-adidas-tokyo-green-pure-sulfur\/#primaryimage\",\"url\":\"https:\/\/images.novelship.com\/product\/_w__tokyo_ji3298_0_43044.jpeg;https:\/\/images.novelship.com\/product\/_w__tokyo_ji3298_1_43044.jpeg;https:\/\/images.novelship.com\/product\/_w__tokyo_ji3298_2_43044.jpeg;https:\/\/images.novelship.com\/product\/_w__tokyo_ji3298_3_43044.jpeg;https:\/\/images.novelship.com\/product\/_w__tokyo_ji3298_4_43044.jpeg;https:\/\/images.novelship.com\/product\/_w__tokyo_ji3298_5_43044.jpeg;https:\/\/images.novelship.com\/product\/_w__tokyo_ji3298_6_43044.jpeg;https:\/\/images.novelship.com\/product\/_w__tokyo_ji3298_7_43044.jpeg;https:\/\/images.novelship.com\/product\/_w__tokyo_ji3298_8_43044.jpeg;https:\/\/images.novelship.com\/product\/_w__tokyo_ji3298_9_43044.jpeg\",\"contentUrl\":\"https:\/\/images.novelship.com\/product\/_w__tokyo_ji3298_0_43044.jpeg;https:\/\/images.novelship.com\/product\/_w__tokyo_ji3298_1_43044.jpeg;https:\/\/images.novelship.com\/product\/_w__tokyo_ji3298_2_43044.jpeg;https:\/\/images.novelship.com\/product\/_w__tokyo_ji3298_3_43044.jpeg;https:\/\/images.novelship.com\/product\/_w__tokyo_ji3298_4_43044.jpeg;https:\/\/images.novelship.com\/product\/_w__tokyo_ji3298_5_43044.jpeg;https:\/\/images.novelship.com\/product\/_w__tokyo_ji3298_6_43044.jpeg;https:\/\/images.novelship.com\/product\/_w__tokyo_ji3298_7_43044.jpeg;https:\/\/images.novelship.com\/product\/_w__tokyo_ji3298_8_43044.jpeg;https:\/\/images.novelship.com\/product\/_w__tokyo_ji3298_9_43044.jpeg\"},{\"@type\":\"BreadcrumbList\",\"@id\":\"https:\/\/tourcruiser.com\/de\/products\/women-adidas-tokyo-green-pure-sulfur\/#breadcrumb\",\"itemListElement\":[{\"@type\":\"ListItem\",\"position\":1,\"name\":\"Home\",\"item\":\"https:\/\/tourcruiser.com\/de\/\"},{\"@type\":\"ListItem\",\"position\":2,\"name\":\"Shop\",\"item\":\"https:\/\/tourcruiser.com\/de\/shop\/\"},{\"@type\":\"ListItem\",\"position\":3,\"name\":\"(Women) adidas Tokyo 'Green Pure Sulfur'\"}]},{\"@type\":\"WebSite\",\"@id\":\"https:\/\/tourcruiser.com\/de\/#website\",\"url\":\"https:\/\/tourcruiser.com\/de\/\",\"name\":\"Styloral Jewelry Shop\",\"description\":\"Tourcruiser Sneaker Store \u2014 der Ort, an dem das Universum deine Einzigartigkeit trifft.\",\"publisher\":{\"@id\":\"https:\/\/tourcruiser.com\/de\/#organization\"},\"potentialAction\":[{\"@type\":\"SearchAction\",\"target\":{\"@type\":\"EntryPoint\",\"urlTemplate\":\"https:\/\/tourcruiser.com\/de\/?s={search_term_string}\"},\"query-input\":{\"@type\":\"PropertyValueSpecification\",\"valueRequired\":true,\"valueName\":\"search_term_string\"}}],\"inLanguage\":\"de\"},{\"@type\":\"Organization\",\"@id\":\"https:\/\/tourcruiser.com\/de\/#organization\",\"name\":\"STYLORAL PTE. LTD\",\"url\":\"https:\/\/tourcruiser.com\/de\/\",\"logo\":{\"@type\":\"ImageObject\",\"inLanguage\":\"de\",\"@id\":\"https:\/\/tourcruiser.com\/de\/#\/schema\/logo\/image\/\",\"url\":\"https:\/\/www.tourcruiser.com\/wp-content\/uploads\/2025\/12\/logo.png\",\"contentUrl\":\"https:\/\/www.tourcruiser.com\/wp-content\/uploads\/2025\/12\/logo.png\",\"width\":200,\"height\":65,\"caption\":\"STYLORAL PTE. LTD\"},\"image\":{\"@id\":\"https:\/\/tourcruiser.com\/de\/#\/schema\/logo\/image\/\"}}]}<\/script>\n<!-- \/ Yoast SEO plugin. -->","yoast_head_json":{"title":"(Women) adidas Tokyo 'Green Pure Sulfur'  - Tourcruiser PTE. LTD","robots":{"index":"index","follow":"follow","max-snippet":"max-snippet:-1","max-image-preview":"max-image-preview:large","max-video-preview":"max-video-preview:-1"},"canonical":"https:\/\/tourcruiser.com\/de\/products\/women-adidas-tokyo-green-pure-sulfur\/","og_locale":"de_DE","og_type":"article","og_title":"(Women) adidas Tokyo 'Green Pure Sulfur'  - Tourcruiser PTE. LTD","og_description":"adidas Tokyo \u201d\u201d Green\/Pure Sulfur\/Gold Metallic","og_url":"https:\/\/tourcruiser.com\/de\/products\/women-adidas-tokyo-green-pure-sulfur\/","og_site_name":"Tourcruiser Sneaker Store","article_modified_time":"2026-03-27T17:41:45+00:00","twitter_card":"summary_large_image","twitter_image":"https:\/\/images.novelship.com\/product\/_w__tokyo_ji3298_0_43044.jpeg;https:\/\/images.novelship.com\/product\/_w__tokyo_ji3298_1_43044.jpeg;https:\/\/images.novelship.com\/product\/_w__tokyo_ji3298_2_43044.jpeg;https:\/\/images.novelship.com\/product\/_w__tokyo_ji3298_3_43044.jpeg;https:\/\/images.novelship.com\/product\/_w__tokyo_ji3298_4_43044.jpeg;https:\/\/images.novelship.com\/product\/_w__tokyo_ji3298_5_43044.jpeg;https:\/\/images.novelship.com\/product\/_w__tokyo_ji3298_6_43044.jpeg;https:\/\/images.novelship.com\/product\/_w__tokyo_ji3298_7_43044.jpeg;https:\/\/images.novelship.com\/product\/_w__tokyo_ji3298_8_43044.jpeg;https:\/\/images.novelship.com\/product\/_w__tokyo_ji3298_9_43044.jpeg","twitter_misc":{"Gesch\u00e4tzte Lesezeit":"1\u00a0Minute"},"schema":{"@context":"https:\/\/schema.org","@graph":[{"@type":"WebPage","@id":"https:\/\/tourcruiser.com\/de\/products\/women-adidas-tokyo-green-pure-sulfur\/","url":"https:\/\/tourcruiser.com\/de\/products\/women-adidas-tokyo-green-pure-sulfur\/","name":"(Women) adidas Tokyo 'Green Pure Sulfur' - Tourcruiser PTE. LTD","isPartOf":{"@id":"https:\/\/tourcruiser.com\/de\/#website"},"primaryImageOfPage":{"@id":"https:\/\/tourcruiser.com\/de\/products\/women-adidas-tokyo-green-pure-sulfur\/#primaryimage"},"image":{"@id":"https:\/\/tourcruiser.com\/de\/products\/women-adidas-tokyo-green-pure-sulfur\/#primaryimage"},"thumbnailUrl":"https:\/\/images.novelship.com\/product\/_w__tokyo_ji3298_0_43044.jpeg;https:\/\/images.novelship.com\/product\/_w__tokyo_ji3298_1_43044.jpeg;https:\/\/images.novelship.com\/product\/_w__tokyo_ji3298_2_43044.jpeg;https:\/\/images.novelship.com\/product\/_w__tokyo_ji3298_3_43044.jpeg;https:\/\/images.novelship.com\/product\/_w__tokyo_ji3298_4_43044.jpeg;https:\/\/images.novelship.com\/product\/_w__tokyo_ji3298_5_43044.jpeg;https:\/\/images.novelship.com\/product\/_w__tokyo_ji3298_6_43044.jpeg;https:\/\/images.novelship.com\/product\/_w__tokyo_ji3298_7_43044.jpeg;https:\/\/images.novelship.com\/product\/_w__tokyo_ji3298_8_43044.jpeg;https:\/\/images.novelship.com\/product\/_w__tokyo_ji3298_9_43044.jpeg","datePublished":"2026-03-02T07:41:33+00:00","dateModified":"2026-03-27T17:41:45+00:00","breadcrumb":{"@id":"https:\/\/tourcruiser.com\/de\/products\/women-adidas-tokyo-green-pure-sulfur\/#breadcrumb"},"inLanguage":"de","potentialAction":[{"@type":"ReadAction","target":["https:\/\/tourcruiser.com\/de\/products\/women-adidas-tokyo-green-pure-sulfur\/"]}]},{"@type":"ImageObject","inLanguage":"de","@id":"https:\/\/tourcruiser.com\/de\/products\/women-adidas-tokyo-green-pure-sulfur\/#primaryimage","url":"https:\/\/images.novelship.com\/product\/_w__tokyo_ji3298_0_43044.jpeg;https:\/\/images.novelship.com\/product\/_w__tokyo_ji3298_1_43044.jpeg;https:\/\/images.novelship.com\/product\/_w__tokyo_ji3298_2_43044.jpeg;https:\/\/images.novelship.com\/product\/_w__tokyo_ji3298_3_43044.jpeg;https:\/\/images.novelship.com\/product\/_w__tokyo_ji3298_4_43044.jpeg;https:\/\/images.novelship.com\/product\/_w__tokyo_ji3298_5_43044.jpeg;https:\/\/images.novelship.com\/product\/_w__tokyo_ji3298_6_43044.jpeg;https:\/\/images.novelship.com\/product\/_w__tokyo_ji3298_7_43044.jpeg;https:\/\/images.novelship.com\/product\/_w__tokyo_ji3298_8_43044.jpeg;https:\/\/images.novelship.com\/product\/_w__tokyo_ji3298_9_43044.jpeg","contentUrl":"https:\/\/images.novelship.com\/product\/_w__tokyo_ji3298_0_43044.jpeg;https:\/\/images.novelship.com\/product\/_w__tokyo_ji3298_1_43044.jpeg;https:\/\/images.novelship.com\/product\/_w__tokyo_ji3298_2_43044.jpeg;https:\/\/images.novelship.com\/product\/_w__tokyo_ji3298_3_43044.jpeg;https:\/\/images.novelship.com\/product\/_w__tokyo_ji3298_4_43044.jpeg;https:\/\/images.novelship.com\/product\/_w__tokyo_ji3298_5_43044.jpeg;https:\/\/images.novelship.com\/product\/_w__tokyo_ji3298_6_43044.jpeg;https:\/\/images.novelship.com\/product\/_w__tokyo_ji3298_7_43044.jpeg;https:\/\/images.novelship.com\/product\/_w__tokyo_ji3298_8_43044.jpeg;https:\/\/images.novelship.com\/product\/_w__tokyo_ji3298_9_43044.jpeg"},{"@type":"BreadcrumbList","@id":"https:\/\/tourcruiser.com\/de\/products\/women-adidas-tokyo-green-pure-sulfur\/#breadcrumb","itemListElement":[{"@type":"ListItem","position":1,"name":"Home","item":"https:\/\/tourcruiser.com\/de\/"},{"@type":"ListItem","position":2,"name":"Shop","item":"https:\/\/tourcruiser.com\/de\/shop\/"},{"@type":"ListItem","position":3,"name":"(Women) adidas Tokyo 'Green Pure Sulfur'"}]},{"@type":"WebSite","@id":"https:\/\/tourcruiser.com\/de\/#website","url":"https:\/\/tourcruiser.com\/de\/","name":"Styloral Jewelry Shop","description":"Tourcruiser Sneaker Store \u2014 der Ort, an dem das Universum deine Einzigartigkeit trifft.","publisher":{"@id":"https:\/\/tourcruiser.com\/de\/#organization"},"potentialAction":[{"@type":"SearchAction","target":{"@type":"EntryPoint","urlTemplate":"https:\/\/tourcruiser.com\/de\/?s={search_term_string}"},"query-input":{"@type":"PropertyValueSpecification","valueRequired":true,"valueName":"search_term_string"}}],"inLanguage":"de"},{"@type":"Organization","@id":"https:\/\/tourcruiser.com\/de\/#organization","name":"STYLORAL PTE. LTD","url":"https:\/\/tourcruiser.com\/de\/","logo":{"@type":"ImageObject","inLanguage":"de","@id":"https:\/\/tourcruiser.com\/de\/#\/schema\/logo\/image\/","url":"https:\/\/www.tourcruiser.com\/wp-content\/uploads\/2025\/12\/logo.png","contentUrl":"https:\/\/www.tourcruiser.com\/wp-content\/uploads\/2025\/12\/logo.png","width":200,"height":65,"caption":"STYLORAL PTE. LTD"},"image":{"@id":"https:\/\/tourcruiser.com\/de\/#\/schema\/logo\/image\/"}}]}},"_links":{"self":[{"href":"https:\/\/tourcruiser.com\/de\/wp-json\/wp\/v2\/product\/31852","targetHints":{"allow":["GET"]}}],"collection":[{"href":"https:\/\/tourcruiser.com\/de\/wp-json\/wp\/v2\/product"}],"about":[{"href":"https:\/\/tourcruiser.com\/de\/wp-json\/wp\/v2\/types\/product"}],"replies":[{"embeddable":true,"href":"https:\/\/tourcruiser.com\/de\/wp-json\/wp\/v2\/comments?post=31852"}],"wp:featuredmedia":[{"embeddable":true,"href":"https:\/\/tourcruiser.com\/de\/wp-json\/wp\/v2\/media\/31853"}],"wp:attachment":[{"href":"https:\/\/tourcruiser.com\/de\/wp-json\/wp\/v2\/media?parent=31852"}],"wp:term":[{"taxonomy":"product_brand","embeddable":true,"href":"https:\/\/tourcruiser.com\/de\/wp-json\/wp\/v2\/product_brand?post=31852"},{"taxonomy":"product_cat","embeddable":true,"href":"https:\/\/tourcruiser.com\/de\/wp-json\/wp\/v2\/product_cat?post=31852"},{"taxonomy":"product_tag","embeddable":true,"href":"https:\/\/tourcruiser.com\/de\/wp-json\/wp\/v2\/product_tag?post=31852"}],"curies":[{"name":"wp","href":"https:\/\/api.w.org\/{rel}","templated":true}]}}