{"id":31702,"date":"2026-03-02T14:41:20","date_gmt":"2026-03-02T07:41:20","guid":{"rendered":"http:\/\/tourcruiser.com\/product\/women-adidas-tokyo-blue-bird"},"modified":"2026-03-28T00:41:38","modified_gmt":"2026-03-27T17:41:38","slug":"women-adidas-tokyo-blue-bird","status":"publish","type":"product","link":"https:\/\/tourcruiser.com\/de\/products\/women-adidas-tokyo-blue-bird\/","title":{"rendered":"(Women) adidas Tokyo &#8218;Blue Bird&#8216;"},"content":{"rendered":"<p>Mit den stylischen Tokyo Sneakers JI0179 verleihst du deinem Schuhstil das gewisse Etwas \u201d\u201c die perfekte Kombination aus modernem Design und h\u00f6chstem Tragekomfort f\u00fcr jeden Tag. Sorgf\u00e4ltig aus hochwertigen Materialien gefertigt, bieten diese Sneaker sowohl Langlebigkeit als auch ein geringes Gewicht und sind damit ideal f\u00fcr urbane Entdecker und Trendsetter. Ihr schlankes, minimalistisches Design ist von Tokios pulsierender Kultur inspiriert und passt perfekt zu jedem Outfit \u201d\u201c egal ob l\u00e4ssiger Streetwear oder eleganter Freizeitlook. Die gepolsterte Sohle bietet optimalen Halt und Komfort und sorgt f\u00fcr ein m\u00fcheloses Laufgef\u00fchl, w\u00e4hrend das atmungsaktive Obermaterial deine F\u00fc\u00dfe den ganzen Tag \u00fcber k\u00fchl und trocken h\u00e4lt. Die rutschfeste Au\u00dfensohle garantiert Stabilit\u00e4t auf verschiedenen Untergr\u00fcnden und macht die Sneaker perfekt f\u00fcr die Stadt oder Wochenendausfl\u00fcge. Die Tokyo Sneakers JI0179 sind in vielen vielseitigen Farben erh\u00e4ltlich und passen zu jedem Stil und jeder Pers\u00f6nlichkeit. Egal, ob du den Alltag meisterst oder stilvoll durch die Stra\u00dfen flanierst \u201d\u201c mit diesen Sneakern siehst du immer top aus und f\u00fchlst dich rundum wohl. Die Tokyo Sneakers JI0179 vereinen elegante Funktionalit\u00e4t und zeitlose Trends und sind eine unverzichtbare Erg\u00e4nzung f\u00fcr jede moderne Garderobe. Erleben Sie die perfekte Kombination aus Mode und Funktionalit\u00e4t mit diesen Must-have-Sneakers, die f\u00fcr alle entworfen wurden, die Wert auf Komfort legen, ohne dabei auf Stil zu verzichten.<\/p>\n<ul>\n<li><strong>Farbgebung:<\/strong> Blue Bird\/Cloud White\/Gum<\/li>\n<li><strong>Artikelnummer:<\/strong> JI0179<\/li>\n<li><strong>Obermaterial:<\/strong> Wildleder<\/li>\n<li><strong>Farbe:<\/strong> Blau<\/li>\n<\/ul>\n","protected":false},"excerpt":{"rendered":"<p>adidas Tokyo Sneakers \u201d\u201d Blue Bird\/Cloud White\/Gum<\/p>\n","protected":false},"featured_media":31703,"comment_status":"open","ping_status":"closed","template":"","meta":[],"product_brand":[],"product_cat":[10941],"product_tag":[10759,10750,10754,11460,10758],"class_list":{"0":"post-31702","1":"product","2":"type-product","3":"status-publish","4":"has-post-thumbnail","6":"product_cat-adidas-women","7":"product_tag-adidas","8":"product_tag-athleisure-shoes","9":"product_tag-lifestyle-casual-shoes","10":"product_tag-lifestyle-shoes-casual","11":"product_tag-under-retail","12":"wcpa_has_options","14":"first","15":"outofstock","16":"taxable","17":"shipping-taxable","18":"purchasable","19":"product-type-simple"},"wcpa_form_fields":{"rules":{"pric_overide_base_price":false,"pric_overide_base_price_if_gt_zero":false,"pric_overide_base_price_fully":false,"pric_cal_option_once":false,"pric_use_as_fee":false,"bind_quantity":false,"quantity_bind_formula":false},"fields":[{"type":"color-group","required":true,"elementId":"wcpa-color-group-66c4a7f817afe","label":"Gr\u00f6\u00dfe","inline":true,"priceOptions":"different_for_all","pricingType":"fixed","className":"hassizechart product-shoes-size-eu product-shoes-size","name":"color-group-66c4a7f817b18","disp_type":"square","selection_type":"tick-border","disp_size":"50","show_label_inside":true,"adjust_width":true,"cart_display_type":"text","other_text":"Other","cl_rule":"show","col":6,"values":[{"label":"35","value":"EU 35","price":"","pimage":"","pimage_id":"","pthumb":"","color":""},{"label":"35.5","value":"EU 35.5","price":"","pimage":"","pimage_id":"","pthumb":"","color":""},{"label":"36","value":"EU 36","price":"","pimage":"","pimage_id":"","pthumb":"","color":"","selected":true},{"label":"36 2\/3","value":"EU 36 2\/3","price":"","pimage":"","pimage_id":"","pthumb":"","color":""},{"label":"37 1\/3","value":"EU 37 1\/3","price":"","pimage":"","pimage_id":"","pthumb":"","color":""},{"label":"38","value":"EU 38","price":"","pimage":"","pimage_id":"","pthumb":"","color":""},{"label":"38 2\/3","value":"EU 38 2\/3","price":"","pimage":"","pimage_id":"","pthumb":"","color":""},{"label":"39 1\/3","value":"EU 39 1\/3","price":"","pimage":"","pimage_id":"","pthumb":"","color":""},{"label":"40","value":"EU 40","price":"","pimage":"","pimage_id":"","pthumb":"","color":""},{"label":"40 2\/3","value":"EU 40 2\/3","price":"","pimage":"","pimage_id":"","pthumb":"","color":""},{"label":"41 1\/3","value":"EU 41 1\/3","price":"","pimage":"","pimage_id":"","pthumb":"","color":""},{"label":"42","value":"EU 42","price":"","pimage":"","pimage_id":"","pthumb":"","color":""},{"label":"42 2\/3","value":"EU 42 2\/3","price":"","pimage":"","pimage_id":"","pthumb":"","color":""},{"label":"43 1\/3","value":"EU 43 1\/3","price":"","pimage":"","pimage_id":"","pthumb":"","color":""},{"label":"44","value":"EU 44","price":"","pimage":"","pimage_id":"","pthumb":"","color":""},{"label":"44 2\/3","value":"EU 44 2\/3","price":"","pimage":"","pimage_id":"","pthumb":"","color":""},{"label":"45 1\/3","value":"EU 45 1\/3","price":"","pimage":"","pimage_id":"","pthumb":"","color":""},{"label":"46","value":"EU 46","price":"","pimage":"","pimage_id":"","pthumb":"","color":""},{"label":"46 2\/3","value":"EU 46 2\/3","price":"","pimage":"","pimage_id":"","pthumb":"","color":""},{"label":"47 1\/3","value":"EU 47 1\/3","price":"","pimage":"","pimage_id":"","pthumb":"","color":""}],"relations":[{"operator":false,"rules":[]}],"form_id":24802,"form_rules":{"pric_cal_option_once":false,"exclude_from_discount":false,"pric_use_as_fee":false,"fee_label":"Fee","render_after_acb":false,"disp_hide_options_price":false}}]},"yoast_head":"<!-- This site is optimized with the Yoast SEO plugin v26.5 - https:\/\/yoast.com\/wordpress\/plugins\/seo\/ -->\n<title>(Women) adidas Tokyo &#039;Blue Bird&#039;  - Tourcruiser PTE. LTD<\/title>\n<meta name=\"robots\" content=\"index, follow, max-snippet:-1, max-image-preview:large, max-video-preview:-1\" \/>\n<link rel=\"canonical\" href=\"https:\/\/tourcruiser.com\/\" \/>\n<meta property=\"og:locale\" content=\"de_DE\" \/>\n<meta property=\"og:type\" content=\"article\" \/>\n<meta property=\"og:title\" content=\"(Women) adidas Tokyo &#039;Blue Bird&#039;  - Tourcruiser PTE. LTD\" \/>\n<meta property=\"og:description\" content=\"adidas Tokyo Sneakers \u201d\u201d Blue Bird\/Cloud White\/Gum\" \/>\n<meta property=\"og:url\" content=\"\/\" \/>\n<meta property=\"og:site_name\" content=\"Tourcruiser Sneaker Store\" \/>\n<meta property=\"article:modified_time\" content=\"2026-03-27T17:41:38+00:00\" \/>\n<meta name=\"twitter:card\" content=\"summary_large_image\" \/>\n<meta name=\"twitter:image\" content=\"https:\/\/images.novelship.com\/product\/_w__tokyo_sneakers_ji0179_0_42896.jpeg;https:\/\/images.novelship.com\/product\/_w__tokyo_sneakers_ji0179_1_42897.jpeg;https:\/\/images.novelship.com\/product\/_w__tokyo_sneakers_ji0179_2_42897.jpeg;https:\/\/images.novelship.com\/product\/_w__tokyo_sneakers_ji0179_3_42897.jpeg;https:\/\/images.novelship.com\/product\/_w__tokyo_sneakers_ji0179_4_42897.jpeg;https:\/\/images.novelship.com\/product\/_w__tokyo_sneakers_ji0179_5_42897.jpeg;https:\/\/images.novelship.com\/product\/_w__tokyo_sneakers_ji0179_6_42897.jpeg;https:\/\/images.novelship.com\/product\/_w__tokyo_sneakers_ji0179_7_42897.jpeg;https:\/\/images.novelship.com\/product\/_w__tokyo_sneakers_ji0179_8_42897.jpeg;https:\/\/images.novelship.com\/product\/_w__tokyo_sneakers_ji0179_9_42897.jpeg\" \/>\n<meta name=\"twitter:label1\" content=\"Gesch\u00e4tzte Lesezeit\" \/>\n\t<meta name=\"twitter:data1\" content=\"1\u00a0Minute\" \/>\n<script type=\"application\/ld+json\" class=\"yoast-schema-graph\">{\"@context\":\"https:\/\/schema.org\",\"@graph\":[{\"@type\":\"WebPage\",\"@id\":\"\/\",\"url\":\"https:\/\/tourcruiser.com\/\",\"name\":\"(Women) adidas Tokyo 'Blue Bird' - Tourcruiser PTE. LTD\",\"isPartOf\":{\"@id\":\"https:\/\/tourcruiser.com\/de\/#website\"},\"primaryImageOfPage\":{\"@id\":\"https:\/\/tourcruiser.com\/#primaryimage\"},\"image\":{\"@id\":\"https:\/\/tourcruiser.com\/#primaryimage\"},\"thumbnailUrl\":\"https:\/\/images.novelship.com\/product\/_w__tokyo_sneakers_ji0179_0_42896.jpeg;https:\/\/images.novelship.com\/product\/_w__tokyo_sneakers_ji0179_1_42897.jpeg;https:\/\/images.novelship.com\/product\/_w__tokyo_sneakers_ji0179_2_42897.jpeg;https:\/\/images.novelship.com\/product\/_w__tokyo_sneakers_ji0179_3_42897.jpeg;https:\/\/images.novelship.com\/product\/_w__tokyo_sneakers_ji0179_4_42897.jpeg;https:\/\/images.novelship.com\/product\/_w__tokyo_sneakers_ji0179_5_42897.jpeg;https:\/\/images.novelship.com\/product\/_w__tokyo_sneakers_ji0179_6_42897.jpeg;https:\/\/images.novelship.com\/product\/_w__tokyo_sneakers_ji0179_7_42897.jpeg;https:\/\/images.novelship.com\/product\/_w__tokyo_sneakers_ji0179_8_42897.jpeg;https:\/\/images.novelship.com\/product\/_w__tokyo_sneakers_ji0179_9_42897.jpeg\",\"datePublished\":\"2026-03-02T07:41:20+00:00\",\"dateModified\":\"2026-03-27T17:41:38+00:00\",\"breadcrumb\":{\"@id\":\"https:\/\/tourcruiser.com\/#breadcrumb\"},\"inLanguage\":\"de\",\"potentialAction\":[{\"@type\":\"ReadAction\",\"target\":[\"https:\/\/tourcruiser.com\/\"]}]},{\"@type\":\"ImageObject\",\"inLanguage\":\"de\",\"@id\":\"https:\/\/tourcruiser.com\/#primaryimage\",\"url\":\"https:\/\/images.novelship.com\/product\/_w__tokyo_sneakers_ji0179_0_42896.jpeg;https:\/\/images.novelship.com\/product\/_w__tokyo_sneakers_ji0179_1_42897.jpeg;https:\/\/images.novelship.com\/product\/_w__tokyo_sneakers_ji0179_2_42897.jpeg;https:\/\/images.novelship.com\/product\/_w__tokyo_sneakers_ji0179_3_42897.jpeg;https:\/\/images.novelship.com\/product\/_w__tokyo_sneakers_ji0179_4_42897.jpeg;https:\/\/images.novelship.com\/product\/_w__tokyo_sneakers_ji0179_5_42897.jpeg;https:\/\/images.novelship.com\/product\/_w__tokyo_sneakers_ji0179_6_42897.jpeg;https:\/\/images.novelship.com\/product\/_w__tokyo_sneakers_ji0179_7_42897.jpeg;https:\/\/images.novelship.com\/product\/_w__tokyo_sneakers_ji0179_8_42897.jpeg;https:\/\/images.novelship.com\/product\/_w__tokyo_sneakers_ji0179_9_42897.jpeg\",\"contentUrl\":\"https:\/\/images.novelship.com\/product\/_w__tokyo_sneakers_ji0179_0_42896.jpeg;https:\/\/images.novelship.com\/product\/_w__tokyo_sneakers_ji0179_1_42897.jpeg;https:\/\/images.novelship.com\/product\/_w__tokyo_sneakers_ji0179_2_42897.jpeg;https:\/\/images.novelship.com\/product\/_w__tokyo_sneakers_ji0179_3_42897.jpeg;https:\/\/images.novelship.com\/product\/_w__tokyo_sneakers_ji0179_4_42897.jpeg;https:\/\/images.novelship.com\/product\/_w__tokyo_sneakers_ji0179_5_42897.jpeg;https:\/\/images.novelship.com\/product\/_w__tokyo_sneakers_ji0179_6_42897.jpeg;https:\/\/images.novelship.com\/product\/_w__tokyo_sneakers_ji0179_7_42897.jpeg;https:\/\/images.novelship.com\/product\/_w__tokyo_sneakers_ji0179_8_42897.jpeg;https:\/\/images.novelship.com\/product\/_w__tokyo_sneakers_ji0179_9_42897.jpeg\"},{\"@type\":\"BreadcrumbList\",\"@id\":\"https:\/\/tourcruiser.com\/#breadcrumb\",\"itemListElement\":[{\"@type\":\"ListItem\",\"position\":1,\"name\":\"Home\",\"item\":\"https:\/\/tourcruiser.com\/de\/\"},{\"@type\":\"ListItem\",\"position\":2,\"name\":\"Shop\",\"item\":\"https:\/\/tourcruiser.com\/de\/shop\/\"},{\"@type\":\"ListItem\",\"position\":3,\"name\":\"(Women) adidas Tokyo &#8218;Blue Bird&#8216;\"}]},{\"@type\":\"WebSite\",\"@id\":\"https:\/\/tourcruiser.com\/de\/#website\",\"url\":\"https:\/\/tourcruiser.com\/de\/\",\"name\":\"Styloral Jewelry Shop\",\"description\":\"Tourcruiser Sneaker Store \u2014 der Ort, an dem das Universum deine Einzigartigkeit trifft.\",\"publisher\":{\"@id\":\"https:\/\/tourcruiser.com\/de\/#organization\"},\"potentialAction\":[{\"@type\":\"SearchAction\",\"target\":{\"@type\":\"EntryPoint\",\"urlTemplate\":\"https:\/\/tourcruiser.com\/de\/?s={search_term_string}\"},\"query-input\":{\"@type\":\"PropertyValueSpecification\",\"valueRequired\":true,\"valueName\":\"search_term_string\"}}],\"inLanguage\":\"de\"},{\"@type\":\"Organization\",\"@id\":\"https:\/\/tourcruiser.com\/de\/#organization\",\"name\":\"STYLORAL PTE. LTD\",\"url\":\"https:\/\/tourcruiser.com\/de\/\",\"logo\":{\"@type\":\"ImageObject\",\"inLanguage\":\"de\",\"@id\":\"https:\/\/tourcruiser.com\/de\/#\/schema\/logo\/image\/\",\"url\":\"https:\/\/www.tourcruiser.com\/wp-content\/uploads\/2025\/12\/logo.png\",\"contentUrl\":\"https:\/\/www.tourcruiser.com\/wp-content\/uploads\/2025\/12\/logo.png\",\"width\":200,\"height\":65,\"caption\":\"STYLORAL PTE. LTD\"},\"image\":{\"@id\":\"https:\/\/tourcruiser.com\/de\/#\/schema\/logo\/image\/\"}}]}<\/script>\n<!-- \/ Yoast SEO plugin. -->","yoast_head_json":{"title":"(Women) adidas Tokyo 'Blue Bird'  - Tourcruiser PTE. LTD","robots":{"index":"index","follow":"follow","max-snippet":"max-snippet:-1","max-image-preview":"max-image-preview:large","max-video-preview":"max-video-preview:-1"},"canonical":"https:\/\/tourcruiser.com\/","og_locale":"de_DE","og_type":"article","og_title":"(Women) adidas Tokyo 'Blue Bird'  - Tourcruiser PTE. LTD","og_description":"adidas Tokyo Sneakers \u201d\u201d Blue Bird\/Cloud White\/Gum","og_url":"\/","og_site_name":"Tourcruiser Sneaker Store","article_modified_time":"2026-03-27T17:41:38+00:00","twitter_card":"summary_large_image","twitter_image":"https:\/\/images.novelship.com\/product\/_w__tokyo_sneakers_ji0179_0_42896.jpeg;https:\/\/images.novelship.com\/product\/_w__tokyo_sneakers_ji0179_1_42897.jpeg;https:\/\/images.novelship.com\/product\/_w__tokyo_sneakers_ji0179_2_42897.jpeg;https:\/\/images.novelship.com\/product\/_w__tokyo_sneakers_ji0179_3_42897.jpeg;https:\/\/images.novelship.com\/product\/_w__tokyo_sneakers_ji0179_4_42897.jpeg;https:\/\/images.novelship.com\/product\/_w__tokyo_sneakers_ji0179_5_42897.jpeg;https:\/\/images.novelship.com\/product\/_w__tokyo_sneakers_ji0179_6_42897.jpeg;https:\/\/images.novelship.com\/product\/_w__tokyo_sneakers_ji0179_7_42897.jpeg;https:\/\/images.novelship.com\/product\/_w__tokyo_sneakers_ji0179_8_42897.jpeg;https:\/\/images.novelship.com\/product\/_w__tokyo_sneakers_ji0179_9_42897.jpeg","twitter_misc":{"Gesch\u00e4tzte Lesezeit":"1\u00a0Minute"},"schema":{"@context":"https:\/\/schema.org","@graph":[{"@type":"WebPage","@id":"\/","url":"https:\/\/tourcruiser.com\/","name":"(Women) adidas Tokyo 'Blue Bird' - Tourcruiser PTE. LTD","isPartOf":{"@id":"https:\/\/tourcruiser.com\/de\/#website"},"primaryImageOfPage":{"@id":"https:\/\/tourcruiser.com\/#primaryimage"},"image":{"@id":"https:\/\/tourcruiser.com\/#primaryimage"},"thumbnailUrl":"https:\/\/images.novelship.com\/product\/_w__tokyo_sneakers_ji0179_0_42896.jpeg;https:\/\/images.novelship.com\/product\/_w__tokyo_sneakers_ji0179_1_42897.jpeg;https:\/\/images.novelship.com\/product\/_w__tokyo_sneakers_ji0179_2_42897.jpeg;https:\/\/images.novelship.com\/product\/_w__tokyo_sneakers_ji0179_3_42897.jpeg;https:\/\/images.novelship.com\/product\/_w__tokyo_sneakers_ji0179_4_42897.jpeg;https:\/\/images.novelship.com\/product\/_w__tokyo_sneakers_ji0179_5_42897.jpeg;https:\/\/images.novelship.com\/product\/_w__tokyo_sneakers_ji0179_6_42897.jpeg;https:\/\/images.novelship.com\/product\/_w__tokyo_sneakers_ji0179_7_42897.jpeg;https:\/\/images.novelship.com\/product\/_w__tokyo_sneakers_ji0179_8_42897.jpeg;https:\/\/images.novelship.com\/product\/_w__tokyo_sneakers_ji0179_9_42897.jpeg","datePublished":"2026-03-02T07:41:20+00:00","dateModified":"2026-03-27T17:41:38+00:00","breadcrumb":{"@id":"https:\/\/tourcruiser.com\/#breadcrumb"},"inLanguage":"de","potentialAction":[{"@type":"ReadAction","target":["https:\/\/tourcruiser.com\/"]}]},{"@type":"ImageObject","inLanguage":"de","@id":"https:\/\/tourcruiser.com\/#primaryimage","url":"https:\/\/images.novelship.com\/product\/_w__tokyo_sneakers_ji0179_0_42896.jpeg;https:\/\/images.novelship.com\/product\/_w__tokyo_sneakers_ji0179_1_42897.jpeg;https:\/\/images.novelship.com\/product\/_w__tokyo_sneakers_ji0179_2_42897.jpeg;https:\/\/images.novelship.com\/product\/_w__tokyo_sneakers_ji0179_3_42897.jpeg;https:\/\/images.novelship.com\/product\/_w__tokyo_sneakers_ji0179_4_42897.jpeg;https:\/\/images.novelship.com\/product\/_w__tokyo_sneakers_ji0179_5_42897.jpeg;https:\/\/images.novelship.com\/product\/_w__tokyo_sneakers_ji0179_6_42897.jpeg;https:\/\/images.novelship.com\/product\/_w__tokyo_sneakers_ji0179_7_42897.jpeg;https:\/\/images.novelship.com\/product\/_w__tokyo_sneakers_ji0179_8_42897.jpeg;https:\/\/images.novelship.com\/product\/_w__tokyo_sneakers_ji0179_9_42897.jpeg","contentUrl":"https:\/\/images.novelship.com\/product\/_w__tokyo_sneakers_ji0179_0_42896.jpeg;https:\/\/images.novelship.com\/product\/_w__tokyo_sneakers_ji0179_1_42897.jpeg;https:\/\/images.novelship.com\/product\/_w__tokyo_sneakers_ji0179_2_42897.jpeg;https:\/\/images.novelship.com\/product\/_w__tokyo_sneakers_ji0179_3_42897.jpeg;https:\/\/images.novelship.com\/product\/_w__tokyo_sneakers_ji0179_4_42897.jpeg;https:\/\/images.novelship.com\/product\/_w__tokyo_sneakers_ji0179_5_42897.jpeg;https:\/\/images.novelship.com\/product\/_w__tokyo_sneakers_ji0179_6_42897.jpeg;https:\/\/images.novelship.com\/product\/_w__tokyo_sneakers_ji0179_7_42897.jpeg;https:\/\/images.novelship.com\/product\/_w__tokyo_sneakers_ji0179_8_42897.jpeg;https:\/\/images.novelship.com\/product\/_w__tokyo_sneakers_ji0179_9_42897.jpeg"},{"@type":"BreadcrumbList","@id":"https:\/\/tourcruiser.com\/#breadcrumb","itemListElement":[{"@type":"ListItem","position":1,"name":"Home","item":"https:\/\/tourcruiser.com\/de\/"},{"@type":"ListItem","position":2,"name":"Shop","item":"https:\/\/tourcruiser.com\/de\/shop\/"},{"@type":"ListItem","position":3,"name":"(Women) adidas Tokyo &#8218;Blue Bird&#8216;"}]},{"@type":"WebSite","@id":"https:\/\/tourcruiser.com\/de\/#website","url":"https:\/\/tourcruiser.com\/de\/","name":"Styloral Jewelry Shop","description":"Tourcruiser Sneaker Store \u2014 der Ort, an dem das Universum deine Einzigartigkeit trifft.","publisher":{"@id":"https:\/\/tourcruiser.com\/de\/#organization"},"potentialAction":[{"@type":"SearchAction","target":{"@type":"EntryPoint","urlTemplate":"https:\/\/tourcruiser.com\/de\/?s={search_term_string}"},"query-input":{"@type":"PropertyValueSpecification","valueRequired":true,"valueName":"search_term_string"}}],"inLanguage":"de"},{"@type":"Organization","@id":"https:\/\/tourcruiser.com\/de\/#organization","name":"STYLORAL PTE. LTD","url":"https:\/\/tourcruiser.com\/de\/","logo":{"@type":"ImageObject","inLanguage":"de","@id":"https:\/\/tourcruiser.com\/de\/#\/schema\/logo\/image\/","url":"https:\/\/www.tourcruiser.com\/wp-content\/uploads\/2025\/12\/logo.png","contentUrl":"https:\/\/www.tourcruiser.com\/wp-content\/uploads\/2025\/12\/logo.png","width":200,"height":65,"caption":"STYLORAL PTE. LTD"},"image":{"@id":"https:\/\/tourcruiser.com\/de\/#\/schema\/logo\/image\/"}}]}},"_links":{"self":[{"href":"https:\/\/tourcruiser.com\/de\/wp-json\/wp\/v2\/product\/31702","targetHints":{"allow":["GET"]}}],"collection":[{"href":"https:\/\/tourcruiser.com\/de\/wp-json\/wp\/v2\/product"}],"about":[{"href":"https:\/\/tourcruiser.com\/de\/wp-json\/wp\/v2\/types\/product"}],"replies":[{"embeddable":true,"href":"https:\/\/tourcruiser.com\/de\/wp-json\/wp\/v2\/comments?post=31702"}],"wp:featuredmedia":[{"embeddable":true,"href":"https:\/\/tourcruiser.com\/de\/wp-json\/wp\/v2\/media\/31703"}],"wp:attachment":[{"href":"https:\/\/tourcruiser.com\/de\/wp-json\/wp\/v2\/media?parent=31702"}],"wp:term":[{"taxonomy":"product_brand","embeddable":true,"href":"https:\/\/tourcruiser.com\/de\/wp-json\/wp\/v2\/product_brand?post=31702"},{"taxonomy":"product_cat","embeddable":true,"href":"https:\/\/tourcruiser.com\/de\/wp-json\/wp\/v2\/product_cat?post=31702"},{"taxonomy":"product_tag","embeddable":true,"href":"https:\/\/tourcruiser.com\/de\/wp-json\/wp\/v2\/product_tag?post=31702"}],"curies":[{"name":"wp","href":"https:\/\/api.w.org\/{rel}","templated":true}]}}