{"id":31614,"date":"2026-03-02T14:41:14","date_gmt":"2026-03-02T07:41:14","guid":{"rendered":"http:\/\/tourcruiser.com\/product\/asics-trabuco-max-4"},"modified":"2026-03-02T14:41:14","modified_gmt":"2026-03-02T07:41:14","slug":"asics-trabuco-max-4","status":"publish","type":"product","link":"https:\/\/tourcruiser.com\/de\/products\/asics-trabuco-max-4\/","title":{"rendered":"ASICS TRABUCO MAX 4"},"content":{"rendered":"<p>Der ASICS TRABUCO MAX 4 (Modell 1011B976-400) ist ein leistungsstarker Trailrunningschuh, der Ihre Offroad-Abenteuer mit \u00fcberragender D\u00e4mpfung, Stabilit\u00e4t und Ausdauer bereichert. Dank der fortschrittlichen GUIDESOLE-Technologie wird die Muskelbelastung reduziert und die Energieeffizienz verbessert, sodass Sie mit weniger Kraftaufwand weiter kommen. Das strapazierf\u00e4hige, speziell entwickelte Mesh-Obermaterial sorgt f\u00fcr Atmungsaktivit\u00e4t und eine bequeme Passform und sch\u00fctzt Ihre F\u00fc\u00dfe gleichzeitig vor Ger\u00f6ll.<\/p>\n<p>Ausgestattet mit der von ASICS entwickelten ASICSGRIP-Au\u00dfensohle bietet der Schuh au\u00dfergew\u00f6hnliche Traktion auf nassem und trockenem Untergrund und garantiert so ein sicheres und souver\u00e4nes Laufgef\u00fchl bei allen Bedingungen. Die FlyteFoam-Mittelsohle bietet hervorragende, leichte D\u00e4mpfung und Sto\u00dfabsorption, w\u00e4hrend die verst\u00e4rkte Zehenkappe zus\u00e4tzlichen Schutz vor Hindernissen im Gel\u00e4nde bietet. Strategisch platzierte Rillen verbessern die Flexibilit\u00e4t und Anpassungsf\u00e4higkeit an unterschiedliches Terrain.<\/p>\n<p>Der Trabuco Max 4 wurde f\u00fcr Langstreckenl\u00e4ufer entwickelt und bietet die perfekte Kombination aus Komfort, Leistung und Langlebigkeit, um auch anspruchsvolle Strecken zu meistern. Sein schlankes, modernes Design mit markanten Farbakzenten macht ihn zu einer stylischen Erg\u00e4nzung f\u00fcr jede Laufschuhsammlung. Ob auf felsigen Trails oder matschigen Pfaden \u201d\u201c diese Schuhe erm\u00f6glichen Athleten H\u00f6chstleistungen und bieten gleichzeitig langanhaltenden Komfort. Damit sind sie der ideale Begleiter f\u00fcr Trailrunning-Fans weltweit.<\/p>\n<ul>\n<li><strong>Farbgebung:<\/strong> Cold Moss\/Nova Orange<\/li>\n<li><strong>Artikelnummer:<\/strong> 1011B976-400<\/li>\n<li><strong>Obermaterial:<\/strong> Mesh<\/li>\n<li><strong>Zwischensohle:<\/strong> FlyteFoam Blast+<\/li>\n<li><strong>Farbe:<\/strong> Teal<\/li>\n<\/ul>\n","protected":false},"excerpt":{"rendered":"<p>ASICS Trabuco Max 4 \u201d\u201d Cold Moss\/Nova Orange<\/p>\n","protected":false},"featured_media":31615,"comment_status":"open","ping_status":"closed","template":"","meta":[],"product_brand":[],"product_cat":[10792],"product_tag":[10791,10751,10802,11006,11116],"class_list":{"0":"post-31614","1":"product","2":"type-product","3":"status-publish","4":"has-post-thumbnail","6":"product_cat-asics","7":"product_tag-asics","8":"product_tag-best-seller","9":"product_tag-performance-sport-shoes","10":"product_tag-trail-running-shoes","11":"product_tag-waterproof-hiking-shoes","12":"wcpa_has_options","14":"first","15":"instock","16":"taxable","17":"shipping-taxable","18":"purchasable","19":"product-type-simple"},"wcpa_form_fields":{"rules":{"pric_overide_base_price":false,"pric_overide_base_price_if_gt_zero":false,"pric_overide_base_price_fully":false,"pric_cal_option_once":false,"pric_use_as_fee":false,"bind_quantity":false,"quantity_bind_formula":false},"fields":[{"type":"color-group","required":true,"elementId":"wcpa-color-group-69a5ab08ee12d","label":"Gr\u00f6\u00dfe","inline":true,"priceOptions":"different_for_all","pricingType":"fixed","className":"hassizechart product-shoes-size-eu product-shoes-size","name":"color-group-69a5ab08ee136","disp_type":"square","selection_type":"tick-border","disp_size":"50","show_label_inside":true,"adjust_width":true,"cart_display_type":"text","other_text":"Other","cl_rule":"show","col":6,"values":[{"label":"36","value":"EU 36","price":"","pimage":"","pimage_id":"","pthumb":"","color":"","selected":true},{"label":"37","value":"EU 37","price":"","pimage":"","pimage_id":"","pthumb":"","color":""},{"label":"37.5","value":"EU 37.5","price":"","pimage":"","pimage_id":"","pthumb":"","color":""},{"label":"38","value":"EU 38","price":"","pimage":"","pimage_id":"","pthumb":"","color":""},{"label":"38.5","value":"EU 38.5","price":"","pimage":"","pimage_id":"","pthumb":"","color":""},{"label":"39","value":"EU 39","price":"","pimage":"","pimage_id":"","pthumb":"","color":""},{"label":"39.5","value":"EU 39.5","price":"","pimage":"","pimage_id":"","pthumb":"","color":""},{"label":"40","value":"EU 40","price":"","pimage":"","pimage_id":"","pthumb":"","color":""},{"label":"40.5","value":"EU 40.5","price":"","pimage":"","pimage_id":"","pthumb":"","color":""},{"label":" 41.5","value":"EU 41.5","price":"","pimage":"","pimage_id":"","pthumb":"","color":""},{"label":"42","value":"EU 42","price":"","pimage":"","pimage_id":"","pthumb":"","color":""},{"label":"42.5","value":"EU 42.5","price":"","pimage":"","pimage_id":"","pthumb":"","color":""},{"label":"43.5","value":"EU 43.5","price":"","pimage":"","pimage_id":"","pthumb":"","color":""},{"label":"44","value":"EU 44","price":"","pimage":"","pimage_id":"","pthumb":"","color":""},{"label":"44.5","value":"EU 44.5","price":"","pimage":"","pimage_id":"","pthumb":"","color":""},{"label":"45","value":"EU 45","price":"","pimage":"","pimage_id":"","pthumb":"","color":""}],"relations":[{"operator":false,"rules":[]}],"form_id":184311,"form_rules":{"pric_cal_option_once":false,"exclude_from_discount":false,"pric_use_as_fee":false,"fee_label":"Fee","render_after_acb":false,"disp_hide_options_price":false}}]},"yoast_head":"<!-- This site is optimized with the Yoast SEO plugin v26.5 - https:\/\/yoast.com\/wordpress\/plugins\/seo\/ -->\n<title>ASICS TRABUCO MAX 4  - Tourcruiser PTE. LTD<\/title>\n<meta name=\"robots\" content=\"index, follow, max-snippet:-1, max-image-preview:large, max-video-preview:-1\" \/>\n<link rel=\"canonical\" href=\"https:\/\/tourcruiser.com\/de\/products\/asics-trabuco-max-4\/\" \/>\n<meta property=\"og:locale\" content=\"de_DE\" \/>\n<meta property=\"og:type\" content=\"article\" \/>\n<meta property=\"og:title\" content=\"ASICS TRABUCO MAX 4  - Tourcruiser PTE. LTD\" \/>\n<meta property=\"og:description\" content=\"ASICS Trabuco Max 4 \u201d\u201d Cold Moss\/Nova Orange\" \/>\n<meta property=\"og:url\" content=\"https:\/\/tourcruiser.com\/de\/products\/asics-trabuco-max-4\/\" \/>\n<meta property=\"og:site_name\" content=\"Tourcruiser Sneaker Store\" \/>\n<meta name=\"twitter:card\" content=\"summary_large_image\" \/>\n<meta name=\"twitter:image\" content=\"https:\/\/images.novelship.com\/product\/asics_trabuco_max_4_1011b976-400_0_98997.jpeg\" \/>\n<meta name=\"twitter:label1\" content=\"Gesch\u00e4tzte Lesezeit\" \/>\n\t<meta name=\"twitter:data1\" content=\"1\u00a0Minute\" \/>\n<script type=\"application\/ld+json\" class=\"yoast-schema-graph\">{\"@context\":\"https:\/\/schema.org\",\"@graph\":[{\"@type\":\"WebPage\",\"@id\":\"https:\/\/tourcruiser.com\/de\/products\/asics-trabuco-max-4\/\",\"url\":\"https:\/\/tourcruiser.com\/de\/products\/asics-trabuco-max-4\/\",\"name\":\"ASICS TRABUCO MAX 4 - Tourcruiser PTE. LTD\",\"isPartOf\":{\"@id\":\"https:\/\/tourcruiser.com\/de\/#website\"},\"primaryImageOfPage\":{\"@id\":\"https:\/\/tourcruiser.com\/de\/products\/asics-trabuco-max-4\/#primaryimage\"},\"image\":{\"@id\":\"https:\/\/tourcruiser.com\/de\/products\/asics-trabuco-max-4\/#primaryimage\"},\"thumbnailUrl\":\"https:\/\/images.novelship.com\/product\/asics_trabuco_max_4_1011b976-400_0_98997.jpeg\",\"datePublished\":\"2026-03-02T07:41:14+00:00\",\"breadcrumb\":{\"@id\":\"https:\/\/tourcruiser.com\/de\/products\/asics-trabuco-max-4\/#breadcrumb\"},\"inLanguage\":\"de\",\"potentialAction\":[{\"@type\":\"ReadAction\",\"target\":[\"https:\/\/tourcruiser.com\/de\/products\/asics-trabuco-max-4\/\"]}]},{\"@type\":\"ImageObject\",\"inLanguage\":\"de\",\"@id\":\"https:\/\/tourcruiser.com\/de\/products\/asics-trabuco-max-4\/#primaryimage\",\"url\":\"https:\/\/images.novelship.com\/product\/asics_trabuco_max_4_1011b976-400_0_98997.jpeg\",\"contentUrl\":\"https:\/\/images.novelship.com\/product\/asics_trabuco_max_4_1011b976-400_0_98997.jpeg\"},{\"@type\":\"BreadcrumbList\",\"@id\":\"https:\/\/tourcruiser.com\/de\/products\/asics-trabuco-max-4\/#breadcrumb\",\"itemListElement\":[{\"@type\":\"ListItem\",\"position\":1,\"name\":\"Home\",\"item\":\"https:\/\/tourcruiser.com\/de\/\"},{\"@type\":\"ListItem\",\"position\":2,\"name\":\"Shop\",\"item\":\"https:\/\/tourcruiser.com\/de\/shop\/\"},{\"@type\":\"ListItem\",\"position\":3,\"name\":\"ASICS TRABUCO MAX 4\"}]},{\"@type\":\"WebSite\",\"@id\":\"https:\/\/tourcruiser.com\/de\/#website\",\"url\":\"https:\/\/tourcruiser.com\/de\/\",\"name\":\"Styloral Jewelry Shop\",\"description\":\"Tourcruiser Sneaker Store \u2014 der Ort, an dem das Universum deine Einzigartigkeit trifft.\",\"publisher\":{\"@id\":\"https:\/\/tourcruiser.com\/de\/#organization\"},\"potentialAction\":[{\"@type\":\"SearchAction\",\"target\":{\"@type\":\"EntryPoint\",\"urlTemplate\":\"https:\/\/tourcruiser.com\/de\/?s={search_term_string}\"},\"query-input\":{\"@type\":\"PropertyValueSpecification\",\"valueRequired\":true,\"valueName\":\"search_term_string\"}}],\"inLanguage\":\"de\"},{\"@type\":\"Organization\",\"@id\":\"https:\/\/tourcruiser.com\/de\/#organization\",\"name\":\"STYLORAL PTE. LTD\",\"url\":\"https:\/\/tourcruiser.com\/de\/\",\"logo\":{\"@type\":\"ImageObject\",\"inLanguage\":\"de\",\"@id\":\"https:\/\/tourcruiser.com\/de\/#\/schema\/logo\/image\/\",\"url\":\"https:\/\/www.tourcruiser.com\/wp-content\/uploads\/2025\/12\/logo.png\",\"contentUrl\":\"https:\/\/www.tourcruiser.com\/wp-content\/uploads\/2025\/12\/logo.png\",\"width\":200,\"height\":65,\"caption\":\"STYLORAL PTE. LTD\"},\"image\":{\"@id\":\"https:\/\/tourcruiser.com\/de\/#\/schema\/logo\/image\/\"}}]}<\/script>\n<!-- \/ Yoast SEO plugin. -->","yoast_head_json":{"title":"ASICS TRABUCO MAX 4  - Tourcruiser PTE. LTD","robots":{"index":"index","follow":"follow","max-snippet":"max-snippet:-1","max-image-preview":"max-image-preview:large","max-video-preview":"max-video-preview:-1"},"canonical":"https:\/\/tourcruiser.com\/de\/products\/asics-trabuco-max-4\/","og_locale":"de_DE","og_type":"article","og_title":"ASICS TRABUCO MAX 4  - Tourcruiser PTE. LTD","og_description":"ASICS Trabuco Max 4 \u201d\u201d Cold Moss\/Nova Orange","og_url":"https:\/\/tourcruiser.com\/de\/products\/asics-trabuco-max-4\/","og_site_name":"Tourcruiser Sneaker Store","twitter_card":"summary_large_image","twitter_image":"https:\/\/images.novelship.com\/product\/asics_trabuco_max_4_1011b976-400_0_98997.jpeg","twitter_misc":{"Gesch\u00e4tzte Lesezeit":"1\u00a0Minute"},"schema":{"@context":"https:\/\/schema.org","@graph":[{"@type":"WebPage","@id":"https:\/\/tourcruiser.com\/de\/products\/asics-trabuco-max-4\/","url":"https:\/\/tourcruiser.com\/de\/products\/asics-trabuco-max-4\/","name":"ASICS TRABUCO MAX 4 - Tourcruiser PTE. LTD","isPartOf":{"@id":"https:\/\/tourcruiser.com\/de\/#website"},"primaryImageOfPage":{"@id":"https:\/\/tourcruiser.com\/de\/products\/asics-trabuco-max-4\/#primaryimage"},"image":{"@id":"https:\/\/tourcruiser.com\/de\/products\/asics-trabuco-max-4\/#primaryimage"},"thumbnailUrl":"https:\/\/images.novelship.com\/product\/asics_trabuco_max_4_1011b976-400_0_98997.jpeg","datePublished":"2026-03-02T07:41:14+00:00","breadcrumb":{"@id":"https:\/\/tourcruiser.com\/de\/products\/asics-trabuco-max-4\/#breadcrumb"},"inLanguage":"de","potentialAction":[{"@type":"ReadAction","target":["https:\/\/tourcruiser.com\/de\/products\/asics-trabuco-max-4\/"]}]},{"@type":"ImageObject","inLanguage":"de","@id":"https:\/\/tourcruiser.com\/de\/products\/asics-trabuco-max-4\/#primaryimage","url":"https:\/\/images.novelship.com\/product\/asics_trabuco_max_4_1011b976-400_0_98997.jpeg","contentUrl":"https:\/\/images.novelship.com\/product\/asics_trabuco_max_4_1011b976-400_0_98997.jpeg"},{"@type":"BreadcrumbList","@id":"https:\/\/tourcruiser.com\/de\/products\/asics-trabuco-max-4\/#breadcrumb","itemListElement":[{"@type":"ListItem","position":1,"name":"Home","item":"https:\/\/tourcruiser.com\/de\/"},{"@type":"ListItem","position":2,"name":"Shop","item":"https:\/\/tourcruiser.com\/de\/shop\/"},{"@type":"ListItem","position":3,"name":"ASICS TRABUCO MAX 4"}]},{"@type":"WebSite","@id":"https:\/\/tourcruiser.com\/de\/#website","url":"https:\/\/tourcruiser.com\/de\/","name":"Styloral Jewelry Shop","description":"Tourcruiser Sneaker Store \u2014 der Ort, an dem das Universum deine Einzigartigkeit trifft.","publisher":{"@id":"https:\/\/tourcruiser.com\/de\/#organization"},"potentialAction":[{"@type":"SearchAction","target":{"@type":"EntryPoint","urlTemplate":"https:\/\/tourcruiser.com\/de\/?s={search_term_string}"},"query-input":{"@type":"PropertyValueSpecification","valueRequired":true,"valueName":"search_term_string"}}],"inLanguage":"de"},{"@type":"Organization","@id":"https:\/\/tourcruiser.com\/de\/#organization","name":"STYLORAL PTE. LTD","url":"https:\/\/tourcruiser.com\/de\/","logo":{"@type":"ImageObject","inLanguage":"de","@id":"https:\/\/tourcruiser.com\/de\/#\/schema\/logo\/image\/","url":"https:\/\/www.tourcruiser.com\/wp-content\/uploads\/2025\/12\/logo.png","contentUrl":"https:\/\/www.tourcruiser.com\/wp-content\/uploads\/2025\/12\/logo.png","width":200,"height":65,"caption":"STYLORAL PTE. LTD"},"image":{"@id":"https:\/\/tourcruiser.com\/de\/#\/schema\/logo\/image\/"}}]}},"_links":{"self":[{"href":"https:\/\/tourcruiser.com\/de\/wp-json\/wp\/v2\/product\/31614","targetHints":{"allow":["GET"]}}],"collection":[{"href":"https:\/\/tourcruiser.com\/de\/wp-json\/wp\/v2\/product"}],"about":[{"href":"https:\/\/tourcruiser.com\/de\/wp-json\/wp\/v2\/types\/product"}],"replies":[{"embeddable":true,"href":"https:\/\/tourcruiser.com\/de\/wp-json\/wp\/v2\/comments?post=31614"}],"wp:featuredmedia":[{"embeddable":true,"href":"https:\/\/tourcruiser.com\/de\/wp-json\/wp\/v2\/media\/31615"}],"wp:attachment":[{"href":"https:\/\/tourcruiser.com\/de\/wp-json\/wp\/v2\/media?parent=31614"}],"wp:term":[{"taxonomy":"product_brand","embeddable":true,"href":"https:\/\/tourcruiser.com\/de\/wp-json\/wp\/v2\/product_brand?post=31614"},{"taxonomy":"product_cat","embeddable":true,"href":"https:\/\/tourcruiser.com\/de\/wp-json\/wp\/v2\/product_cat?post=31614"},{"taxonomy":"product_tag","embeddable":true,"href":"https:\/\/tourcruiser.com\/de\/wp-json\/wp\/v2\/product_tag?post=31614"}],"curies":[{"name":"wp","href":"https:\/\/api.w.org\/{rel}","templated":true}]}}