{"id":31299,"date":"2026-03-02T14:40:47","date_gmt":"2026-03-02T07:40:47","guid":{"rendered":"http:\/\/tourcruiser.com\/product\/women-nike-air-rift-breathe-primary-colors"},"modified":"2026-03-28T00:41:16","modified_gmt":"2026-03-27T17:41:16","slug":"women-nike-air-rift-breathe-primary-colors","status":"publish","type":"product","link":"https:\/\/tourcruiser.com\/de\/products\/women-nike-air-rift-breathe-primary-colors\/","title":{"rendered":"(Women) Nike Air Rift Breathe &#8218;Primary Colors&#8216;"},"content":{"rendered":"<p>Erlebe mit dem Nike Air Rift Breathe \u201ePrimary Colors\u201c eine Welt voller Komfort und Frische. Dieser Sneaker bietet ein atmungsaktives Mesh-Obermaterial f\u00fcr ein luftiges Laufgef\u00fchl, w\u00e4hrend die Phylon-Mittelsohle und das Air-Sole-Element jeden Schritt optimal d\u00e4mpfen. Das ikonische Design mit geteilter Zehenkappe verleiht deinem Style einen Hauch von Originalit\u00e4t. Erh\u00e4ltlich in einer auff\u00e4lligen Farbkombination aus Rot, Blau und Gelb, ist dieser Sneaker die perfekte Wahl, um deiner Garderobe einen energiegeladenen Touch zu verleihen. Erlebe die perfekte Verbindung von Style und Funktionalit\u00e4t mit dem Nike Air Rift Breathe \u201ePrimary Colors\u201c.<\/p>\n<ul>\n<li><strong>Farbgebung:<\/strong> Wei\u00df\/Citron Pulse\/Team Royal\/Schwarz<\/li>\n<li><strong>Style-Code:<\/strong> FB8864-112<\/li>\n<li><strong>Obermaterial:<\/strong> Mesh<\/li>\n<li><strong>Mittelsohle:<\/strong> Air<\/li>\n<li><strong>Erscheinungsjahr:<\/strong> 2023<\/li>\n<\/ul>\n","protected":false},"excerpt":{"rendered":"<p>Nike Air Rift Breathe \u201d\u201d White\/Citron Pulse\/Team Royal\/Black<\/p>\n","protected":false},"featured_media":189468,"comment_status":"open","ping_status":"closed","template":"","meta":[],"product_brand":[],"product_cat":[10809],"product_tag":[10750,10926,10754,10765,10801,10785,10786],"class_list":{"0":"post-31299","1":"product","2":"type-product","3":"status-publish","4":"has-post-thumbnail","6":"product_cat-nike-women","7":"product_tag-athleisure-shoes","8":"product_tag-gift-for-her","9":"product_tag-lifestyle-casual-shoes","10":"product_tag-lifestyle-shoes-running-inspired","11":"product_tag-nike","12":"product_tag-trending-deals","13":"product_tag-trending-deals-under-150","14":"wcpa_has_options","16":"first","17":"outofstock","18":"taxable","19":"shipping-taxable","20":"purchasable","21":"product-type-simple"},"wcpa_form_fields":{"rules":{"pric_overide_base_price":false,"pric_overide_base_price_if_gt_zero":false,"pric_overide_base_price_fully":false,"pric_cal_option_once":false,"pric_use_as_fee":false,"bind_quantity":false,"quantity_bind_formula":false},"fields":[{"type":"color-group","required":true,"elementId":"wcpa-color-group-66c4a75505e74","label":"Gr\u00f6\u00dfe - EU Gr\u00f6\u00dfe","inline":true,"priceOptions":"different_for_all","pricingType":"fixed","className":"hassizechart product-shoes-size-eu product-shoes-size","name":"color-group-66c4a75505e89","disp_type":"square","selection_type":"tick-border","disp_size":"44","show_label_inside":true,"adjust_width":true,"cart_display_type":"text","other_text":"Other","cl_rule":"show","col":6,"values":[{"label":"35.5","value":"EU 35.5","price":"","pimage":"","pimage_id":"","pthumb":"","color":""},{"label":"36","value":"EU 36","price":"","pimage":"","pimage_id":"","pthumb":"","color":"","selected":true},{"label":"36.5","value":"EU 36.5","price":"","pimage":"","pimage_id":"","pthumb":"","color":""},{"label":"37.5","value":"EU 37.5","price":"","pimage":"","pimage_id":"","pthumb":"","color":""},{"label":"38","value":"EU 38","price":"","pimage":"","pimage_id":"","pthumb":"","color":""},{"label":"38.5","value":"EU 38.5","price":"","pimage":"","pimage_id":"","pthumb":"","color":""},{"label":"39","value":"EU 39","price":"","pimage":"","pimage_id":"","pthumb":"","color":""},{"label":"40","value":"EU 40","price":"","pimage":"","pimage_id":"","pthumb":"","color":""},{"label":"40.5","value":"EU 40.5","price":"","pimage":"","pimage_id":"","pthumb":"","color":""},{"label":"41","value":"EU 41","price":"","pimage":"","pimage_id":"","pthumb":"","color":""},{"label":"42","value":"EU 42","price":"","pimage":"","pimage_id":"","pthumb":"","color":""},{"label":"42.5","value":"EU 42.5","price":"","pimage":"","pimage_id":"","pthumb":"","color":""},{"label":"43","value":"EU 43","price":"","pimage":"","pimage_id":"","pthumb":"","color":""},{"label":"44","value":"EU 44","price":"","pimage":"","pimage_id":"","pthumb":"","color":""},{"label":"44.5","value":"EU 44.5","price":"","pimage":"","pimage_id":"","pthumb":"","color":""},{"label":"45","value":"EU 45","price":"","pimage":"","pimage_id":"","pthumb":"","color":""},{"label":"45.5","value":"EU 45.5","price":"","pimage":"","pimage_id":"","pthumb":"","color":""},{"label":"46","value":"EU 46","price":"","pimage":"","pimage_id":"","pthumb":"","color":""},{"label":"47","value":"EU 47","price":"","pimage":"","pimage_id":"","pthumb":"","color":""},{"label":"47.5","value":"EU 47.5","price":"","pimage":"","pimage_id":"","pthumb":"","color":""},{"label":"48","value":"EU 48","price":"","pimage":"","pimage_id":"","pthumb":"","color":""}],"relations":[{"operator":false,"rules":[]}],"form_id":18106,"form_rules":{"pric_cal_option_once":false,"exclude_from_discount":false,"pric_use_as_fee":false,"fee_label":"Fee","render_after_acb":false,"disp_hide_options_price":false}}]},"yoast_head":"<!-- This site is optimized with the Yoast SEO plugin v26.5 - https:\/\/yoast.com\/wordpress\/plugins\/seo\/ -->\n<title>(Women) Nike Air Rift Breathe &#039;Primary Colors&#039;  - Tourcruiser PTE. LTD<\/title>\n<meta name=\"robots\" content=\"index, follow, max-snippet:-1, max-image-preview:large, max-video-preview:-1\" \/>\n<link rel=\"canonical\" href=\"https:\/\/tourcruiser.com\/\" \/>\n<meta property=\"og:locale\" content=\"de_DE\" \/>\n<meta property=\"og:type\" content=\"article\" \/>\n<meta property=\"og:title\" content=\"(Women) Nike Air Rift Breathe &#039;Primary Colors&#039;  - Tourcruiser PTE. LTD\" \/>\n<meta property=\"og:description\" content=\"Nike Air Rift Breathe \u201d\u201d White\/Citron Pulse\/Team Royal\/Black\" \/>\n<meta property=\"og:url\" content=\"\/\" \/>\n<meta property=\"og:site_name\" content=\"Tourcruiser Sneaker Store\" \/>\n<meta property=\"article:modified_time\" content=\"2026-03-27T17:41:16+00:00\" \/>\n<meta name=\"twitter:card\" content=\"summary_large_image\" \/>\n<meta name=\"twitter:image\" content=\"https:\/\/images.novelship.com\/product\/_women__nike_air_rift_breathe__primary_colors__fb8_0_51939.octet-stream;https:\/\/images.novelship.com\/product\/_women__nike_air_rift_breathe__primary_colors__fb8_1_51939.octet-stream;https:\/\/images.novelship.com\/product\/_women__nike_air_rift_breathe__primary_colors__fb8_2_51939.octet-stream;https:\/\/images.novelship.com\/product\/_women__nike_air_rift_breathe__primary_colors__fb8_3_51939.octet-stream;https:\/\/images.novelship.com\/product\/_women__nike_air_rift_breathe__primary_colors__fb8_4_51939.octet-stream\" \/>\n<meta name=\"twitter:label1\" content=\"Gesch\u00e4tzte Lesezeit\" \/>\n\t<meta name=\"twitter:data1\" content=\"1\u00a0Minute\" \/>\n<script type=\"application\/ld+json\" class=\"yoast-schema-graph\">{\"@context\":\"https:\/\/schema.org\",\"@graph\":[{\"@type\":\"WebPage\",\"@id\":\"\/\",\"url\":\"https:\/\/tourcruiser.com\/\",\"name\":\"(Women) Nike Air Rift Breathe 'Primary Colors' - Tourcruiser PTE. LTD\",\"isPartOf\":{\"@id\":\"https:\/\/tourcruiser.com\/de\/#website\"},\"primaryImageOfPage\":{\"@id\":\"https:\/\/tourcruiser.com\/#primaryimage\"},\"image\":{\"@id\":\"https:\/\/tourcruiser.com\/#primaryimage\"},\"thumbnailUrl\":\"https:\/\/images.novelship.com\/product\/_women__nike_air_rift_breathe__primary_colors__fb8_0_51939.octet-stream;https:\/\/images.novelship.com\/product\/_women__nike_air_rift_breathe__primary_colors__fb8_1_51939.octet-stream;https:\/\/images.novelship.com\/product\/_women__nike_air_rift_breathe__primary_colors__fb8_2_51939.octet-stream;https:\/\/images.novelship.com\/product\/_women__nike_air_rift_breathe__primary_colors__fb8_3_51939.octet-stream;https:\/\/images.novelship.com\/product\/_women__nike_air_rift_breathe__primary_colors__fb8_4_51939.octet-stream\",\"datePublished\":\"2026-03-02T07:40:47+00:00\",\"dateModified\":\"2026-03-27T17:41:16+00:00\",\"breadcrumb\":{\"@id\":\"https:\/\/tourcruiser.com\/#breadcrumb\"},\"inLanguage\":\"de\",\"potentialAction\":[{\"@type\":\"ReadAction\",\"target\":[\"https:\/\/tourcruiser.com\/\"]}]},{\"@type\":\"ImageObject\",\"inLanguage\":\"de\",\"@id\":\"https:\/\/tourcruiser.com\/#primaryimage\",\"url\":\"https:\/\/images.novelship.com\/product\/_women__nike_air_rift_breathe__primary_colors__fb8_0_51939.octet-stream;https:\/\/images.novelship.com\/product\/_women__nike_air_rift_breathe__primary_colors__fb8_1_51939.octet-stream;https:\/\/images.novelship.com\/product\/_women__nike_air_rift_breathe__primary_colors__fb8_2_51939.octet-stream;https:\/\/images.novelship.com\/product\/_women__nike_air_rift_breathe__primary_colors__fb8_3_51939.octet-stream;https:\/\/images.novelship.com\/product\/_women__nike_air_rift_breathe__primary_colors__fb8_4_51939.octet-stream\",\"contentUrl\":\"https:\/\/images.novelship.com\/product\/_women__nike_air_rift_breathe__primary_colors__fb8_0_51939.octet-stream;https:\/\/images.novelship.com\/product\/_women__nike_air_rift_breathe__primary_colors__fb8_1_51939.octet-stream;https:\/\/images.novelship.com\/product\/_women__nike_air_rift_breathe__primary_colors__fb8_2_51939.octet-stream;https:\/\/images.novelship.com\/product\/_women__nike_air_rift_breathe__primary_colors__fb8_3_51939.octet-stream;https:\/\/images.novelship.com\/product\/_women__nike_air_rift_breathe__primary_colors__fb8_4_51939.octet-stream\"},{\"@type\":\"BreadcrumbList\",\"@id\":\"https:\/\/tourcruiser.com\/#breadcrumb\",\"itemListElement\":[{\"@type\":\"ListItem\",\"position\":1,\"name\":\"Home\",\"item\":\"https:\/\/tourcruiser.com\/de\/\"},{\"@type\":\"ListItem\",\"position\":2,\"name\":\"Shop\",\"item\":\"https:\/\/tourcruiser.com\/de\/shop\/\"},{\"@type\":\"ListItem\",\"position\":3,\"name\":\"(Women) Nike Air Rift Breathe &#8218;Primary Colors&#8216;\"}]},{\"@type\":\"WebSite\",\"@id\":\"https:\/\/tourcruiser.com\/de\/#website\",\"url\":\"https:\/\/tourcruiser.com\/de\/\",\"name\":\"Styloral Jewelry Shop\",\"description\":\"Tourcruiser Sneaker Store \u2014 der Ort, an dem das Universum deine Einzigartigkeit trifft.\",\"publisher\":{\"@id\":\"https:\/\/tourcruiser.com\/de\/#organization\"},\"potentialAction\":[{\"@type\":\"SearchAction\",\"target\":{\"@type\":\"EntryPoint\",\"urlTemplate\":\"https:\/\/tourcruiser.com\/de\/?s={search_term_string}\"},\"query-input\":{\"@type\":\"PropertyValueSpecification\",\"valueRequired\":true,\"valueName\":\"search_term_string\"}}],\"inLanguage\":\"de\"},{\"@type\":\"Organization\",\"@id\":\"https:\/\/tourcruiser.com\/de\/#organization\",\"name\":\"STYLORAL PTE. LTD\",\"url\":\"https:\/\/tourcruiser.com\/de\/\",\"logo\":{\"@type\":\"ImageObject\",\"inLanguage\":\"de\",\"@id\":\"https:\/\/tourcruiser.com\/de\/#\/schema\/logo\/image\/\",\"url\":\"https:\/\/www.tourcruiser.com\/wp-content\/uploads\/2025\/12\/logo.png\",\"contentUrl\":\"https:\/\/www.tourcruiser.com\/wp-content\/uploads\/2025\/12\/logo.png\",\"width\":200,\"height\":65,\"caption\":\"STYLORAL PTE. LTD\"},\"image\":{\"@id\":\"https:\/\/tourcruiser.com\/de\/#\/schema\/logo\/image\/\"}}]}<\/script>\n<!-- \/ Yoast SEO plugin. -->","yoast_head_json":{"title":"(Women) Nike Air Rift Breathe 'Primary Colors'  - Tourcruiser PTE. LTD","robots":{"index":"index","follow":"follow","max-snippet":"max-snippet:-1","max-image-preview":"max-image-preview:large","max-video-preview":"max-video-preview:-1"},"canonical":"https:\/\/tourcruiser.com\/","og_locale":"de_DE","og_type":"article","og_title":"(Women) Nike Air Rift Breathe 'Primary Colors'  - Tourcruiser PTE. LTD","og_description":"Nike Air Rift Breathe \u201d\u201d White\/Citron Pulse\/Team Royal\/Black","og_url":"\/","og_site_name":"Tourcruiser Sneaker Store","article_modified_time":"2026-03-27T17:41:16+00:00","twitter_card":"summary_large_image","twitter_image":"https:\/\/images.novelship.com\/product\/_women__nike_air_rift_breathe__primary_colors__fb8_0_51939.octet-stream;https:\/\/images.novelship.com\/product\/_women__nike_air_rift_breathe__primary_colors__fb8_1_51939.octet-stream;https:\/\/images.novelship.com\/product\/_women__nike_air_rift_breathe__primary_colors__fb8_2_51939.octet-stream;https:\/\/images.novelship.com\/product\/_women__nike_air_rift_breathe__primary_colors__fb8_3_51939.octet-stream;https:\/\/images.novelship.com\/product\/_women__nike_air_rift_breathe__primary_colors__fb8_4_51939.octet-stream","twitter_misc":{"Gesch\u00e4tzte Lesezeit":"1\u00a0Minute"},"schema":{"@context":"https:\/\/schema.org","@graph":[{"@type":"WebPage","@id":"\/","url":"https:\/\/tourcruiser.com\/","name":"(Women) Nike Air Rift Breathe 'Primary Colors' - Tourcruiser PTE. LTD","isPartOf":{"@id":"https:\/\/tourcruiser.com\/de\/#website"},"primaryImageOfPage":{"@id":"https:\/\/tourcruiser.com\/#primaryimage"},"image":{"@id":"https:\/\/tourcruiser.com\/#primaryimage"},"thumbnailUrl":"https:\/\/images.novelship.com\/product\/_women__nike_air_rift_breathe__primary_colors__fb8_0_51939.octet-stream;https:\/\/images.novelship.com\/product\/_women__nike_air_rift_breathe__primary_colors__fb8_1_51939.octet-stream;https:\/\/images.novelship.com\/product\/_women__nike_air_rift_breathe__primary_colors__fb8_2_51939.octet-stream;https:\/\/images.novelship.com\/product\/_women__nike_air_rift_breathe__primary_colors__fb8_3_51939.octet-stream;https:\/\/images.novelship.com\/product\/_women__nike_air_rift_breathe__primary_colors__fb8_4_51939.octet-stream","datePublished":"2026-03-02T07:40:47+00:00","dateModified":"2026-03-27T17:41:16+00:00","breadcrumb":{"@id":"https:\/\/tourcruiser.com\/#breadcrumb"},"inLanguage":"de","potentialAction":[{"@type":"ReadAction","target":["https:\/\/tourcruiser.com\/"]}]},{"@type":"ImageObject","inLanguage":"de","@id":"https:\/\/tourcruiser.com\/#primaryimage","url":"https:\/\/images.novelship.com\/product\/_women__nike_air_rift_breathe__primary_colors__fb8_0_51939.octet-stream;https:\/\/images.novelship.com\/product\/_women__nike_air_rift_breathe__primary_colors__fb8_1_51939.octet-stream;https:\/\/images.novelship.com\/product\/_women__nike_air_rift_breathe__primary_colors__fb8_2_51939.octet-stream;https:\/\/images.novelship.com\/product\/_women__nike_air_rift_breathe__primary_colors__fb8_3_51939.octet-stream;https:\/\/images.novelship.com\/product\/_women__nike_air_rift_breathe__primary_colors__fb8_4_51939.octet-stream","contentUrl":"https:\/\/images.novelship.com\/product\/_women__nike_air_rift_breathe__primary_colors__fb8_0_51939.octet-stream;https:\/\/images.novelship.com\/product\/_women__nike_air_rift_breathe__primary_colors__fb8_1_51939.octet-stream;https:\/\/images.novelship.com\/product\/_women__nike_air_rift_breathe__primary_colors__fb8_2_51939.octet-stream;https:\/\/images.novelship.com\/product\/_women__nike_air_rift_breathe__primary_colors__fb8_3_51939.octet-stream;https:\/\/images.novelship.com\/product\/_women__nike_air_rift_breathe__primary_colors__fb8_4_51939.octet-stream"},{"@type":"BreadcrumbList","@id":"https:\/\/tourcruiser.com\/#breadcrumb","itemListElement":[{"@type":"ListItem","position":1,"name":"Home","item":"https:\/\/tourcruiser.com\/de\/"},{"@type":"ListItem","position":2,"name":"Shop","item":"https:\/\/tourcruiser.com\/de\/shop\/"},{"@type":"ListItem","position":3,"name":"(Women) Nike Air Rift Breathe &#8218;Primary Colors&#8216;"}]},{"@type":"WebSite","@id":"https:\/\/tourcruiser.com\/de\/#website","url":"https:\/\/tourcruiser.com\/de\/","name":"Styloral Jewelry Shop","description":"Tourcruiser Sneaker Store \u2014 der Ort, an dem das Universum deine Einzigartigkeit trifft.","publisher":{"@id":"https:\/\/tourcruiser.com\/de\/#organization"},"potentialAction":[{"@type":"SearchAction","target":{"@type":"EntryPoint","urlTemplate":"https:\/\/tourcruiser.com\/de\/?s={search_term_string}"},"query-input":{"@type":"PropertyValueSpecification","valueRequired":true,"valueName":"search_term_string"}}],"inLanguage":"de"},{"@type":"Organization","@id":"https:\/\/tourcruiser.com\/de\/#organization","name":"STYLORAL PTE. LTD","url":"https:\/\/tourcruiser.com\/de\/","logo":{"@type":"ImageObject","inLanguage":"de","@id":"https:\/\/tourcruiser.com\/de\/#\/schema\/logo\/image\/","url":"https:\/\/www.tourcruiser.com\/wp-content\/uploads\/2025\/12\/logo.png","contentUrl":"https:\/\/www.tourcruiser.com\/wp-content\/uploads\/2025\/12\/logo.png","width":200,"height":65,"caption":"STYLORAL PTE. LTD"},"image":{"@id":"https:\/\/tourcruiser.com\/de\/#\/schema\/logo\/image\/"}}]}},"_links":{"self":[{"href":"https:\/\/tourcruiser.com\/de\/wp-json\/wp\/v2\/product\/31299","targetHints":{"allow":["GET"]}}],"collection":[{"href":"https:\/\/tourcruiser.com\/de\/wp-json\/wp\/v2\/product"}],"about":[{"href":"https:\/\/tourcruiser.com\/de\/wp-json\/wp\/v2\/types\/product"}],"replies":[{"embeddable":true,"href":"https:\/\/tourcruiser.com\/de\/wp-json\/wp\/v2\/comments?post=31299"}],"wp:featuredmedia":[{"embeddable":true,"href":"https:\/\/tourcruiser.com\/de\/wp-json\/wp\/v2\/media\/189468"}],"wp:attachment":[{"href":"https:\/\/tourcruiser.com\/de\/wp-json\/wp\/v2\/media?parent=31299"}],"wp:term":[{"taxonomy":"product_brand","embeddable":true,"href":"https:\/\/tourcruiser.com\/de\/wp-json\/wp\/v2\/product_brand?post=31299"},{"taxonomy":"product_cat","embeddable":true,"href":"https:\/\/tourcruiser.com\/de\/wp-json\/wp\/v2\/product_cat?post=31299"},{"taxonomy":"product_tag","embeddable":true,"href":"https:\/\/tourcruiser.com\/de\/wp-json\/wp\/v2\/product_tag?post=31299"}],"curies":[{"name":"wp","href":"https:\/\/api.w.org\/{rel}","templated":true}]}}