{"id":31281,"date":"2026-03-02T14:40:46","date_gmt":"2026-03-02T07:40:46","guid":{"rendered":"http:\/\/tourcruiser.com\/product\/adidas-dame-9-black-cobalt-blue"},"modified":"2026-03-28T00:41:16","modified_gmt":"2026-03-27T17:41:16","slug":"adidas-dame-9-black-cobalt-blue","status":"publish","type":"product","link":"https:\/\/tourcruiser.com\/de\/products\/adidas-dame-9-black-cobalt-blue\/","title":{"rendered":"adidas Dame 9 &#8218;Black Cobalt Blue&#8216;"},"content":{"rendered":"<p>Mit dem adidas Dame 9 &#8218;Black Cobalt Blue&#8216; JI1938 steigerst du dein Spiel auf ein neues Level \u201d\u201c die perfekte Kombination aus Performance und Style, inspiriert von Damian Lillards unaufhaltsamer Pr\u00e4senz auf dem Court. Dieser Schuh wurde f\u00fcr Athleten und Basketballfans entwickelt und verf\u00fcgt \u00fcber ein leichtes Mesh-Obermaterial f\u00fcr optimale Atmungsaktivit\u00e4t, kombiniert mit der d\u00e4mpfenden Lightstrike-Technologie f\u00fcr explosive Reaktionsf\u00e4higkeit und ganzt\u00e4gigen Tragekomfort. Die markante schwarze Basis wird durch auff\u00e4llige kobaltblaue Details akzentuiert und verleiht dem Schuh einen eleganten und gleichzeitig dynamischen Look, der sich nahtlos vom Court auf die Stra\u00dfe \u00fcbertragen l\u00e4sst. Die robuste Gummiau\u00dfensohle sorgt f\u00fcr optimalen Grip und damit f\u00fcr hervorragende Traktion bei schnellen Richtungswechseln und abrupten Stopps. Egal, ob du auf dem Spielfeld dominierst oder deinen Casual-Look aufwertest, der adidas Dame 9 bietet die perfekte Balance aus Innovation und Style.<\/p>\n<ul>\n<li><strong>Farbgebung:<\/strong> Core Black\/Cloud White\/Cobalt Blue<\/li>\n<li><strong>Style-Code:<\/strong> JI1938<\/li>\n<li><strong>Obermaterial:<\/strong> Synthetik<\/li>\n<li><strong>Zwischensohle:<\/strong> Lightstrike<\/li>\n<li><strong>Farbe:<\/strong> Schwarz<\/li>\n<li><strong>Erscheinungsjahr:<\/strong> 2024<\/li>\n<\/ul>\n","protected":false},"excerpt":{"rendered":"<p>adidas None \u201d\u201d Core Black\/Cloud White\/Cobalt Blue<\/p>\n","protected":false},"featured_media":31282,"comment_status":"open","ping_status":"closed","template":"","meta":[],"product_brand":[],"product_cat":[10760],"product_tag":[10759,10799,10800,10753,10802,10758],"class_list":{"0":"post-31281","1":"product","2":"type-product","3":"status-publish","4":"has-post-thumbnail","6":"product_cat-adidas","7":"product_tag-adidas","8":"product_tag-ankle-support-basketball-shoes","9":"product_tag-basketball-shoes","10":"product_tag-gift-for-him","11":"product_tag-performance-sport-shoes","12":"product_tag-under-retail","13":"wcpa_has_options","15":"first","16":"outofstock","17":"taxable","18":"shipping-taxable","19":"purchasable","20":"product-type-simple"},"wcpa_form_fields":{"rules":{"pric_overide_base_price":false,"pric_overide_base_price_if_gt_zero":false,"pric_overide_base_price_fully":false,"pric_cal_option_once":false,"pric_use_as_fee":false,"bind_quantity":false,"quantity_bind_formula":false},"fields":[{"type":"color-group","required":true,"elementId":"wcpa-color-group-66c4a7f817afe","label":"Gr\u00f6\u00dfe","inline":true,"priceOptions":"different_for_all","pricingType":"fixed","className":"hassizechart product-shoes-size-eu product-shoes-size","name":"color-group-66c4a7f817b18","disp_type":"square","selection_type":"tick-border","disp_size":"50","show_label_inside":true,"adjust_width":true,"cart_display_type":"text","other_text":"Other","cl_rule":"show","col":6,"values":[{"label":"35","value":"EU 35","price":"","pimage":"","pimage_id":"","pthumb":"","color":""},{"label":"35.5","value":"EU 35.5","price":"","pimage":"","pimage_id":"","pthumb":"","color":""},{"label":"36","value":"EU 36","price":"","pimage":"","pimage_id":"","pthumb":"","color":"","selected":true},{"label":"36 2\/3","value":"EU 36 2\/3","price":"","pimage":"","pimage_id":"","pthumb":"","color":""},{"label":"37 1\/3","value":"EU 37 1\/3","price":"","pimage":"","pimage_id":"","pthumb":"","color":""},{"label":"38","value":"EU 38","price":"","pimage":"","pimage_id":"","pthumb":"","color":""},{"label":"38 2\/3","value":"EU 38 2\/3","price":"","pimage":"","pimage_id":"","pthumb":"","color":""},{"label":"39 1\/3","value":"EU 39 1\/3","price":"","pimage":"","pimage_id":"","pthumb":"","color":""},{"label":"40","value":"EU 40","price":"","pimage":"","pimage_id":"","pthumb":"","color":""},{"label":"40 2\/3","value":"EU 40 2\/3","price":"","pimage":"","pimage_id":"","pthumb":"","color":""},{"label":"41 1\/3","value":"EU 41 1\/3","price":"","pimage":"","pimage_id":"","pthumb":"","color":""},{"label":"42","value":"EU 42","price":"","pimage":"","pimage_id":"","pthumb":"","color":""},{"label":"42 2\/3","value":"EU 42 2\/3","price":"","pimage":"","pimage_id":"","pthumb":"","color":""},{"label":"43 1\/3","value":"EU 43 1\/3","price":"","pimage":"","pimage_id":"","pthumb":"","color":""},{"label":"44","value":"EU 44","price":"","pimage":"","pimage_id":"","pthumb":"","color":""},{"label":"44 2\/3","value":"EU 44 2\/3","price":"","pimage":"","pimage_id":"","pthumb":"","color":""},{"label":"45 1\/3","value":"EU 45 1\/3","price":"","pimage":"","pimage_id":"","pthumb":"","color":""},{"label":"46","value":"EU 46","price":"","pimage":"","pimage_id":"","pthumb":"","color":""},{"label":"46 2\/3","value":"EU 46 2\/3","price":"","pimage":"","pimage_id":"","pthumb":"","color":""},{"label":"47 1\/3","value":"EU 47 1\/3","price":"","pimage":"","pimage_id":"","pthumb":"","color":""}],"relations":[{"operator":false,"rules":[]}],"form_id":24802,"form_rules":{"pric_cal_option_once":false,"exclude_from_discount":false,"pric_use_as_fee":false,"fee_label":"Fee","render_after_acb":false,"disp_hide_options_price":false}}]},"yoast_head":"<!-- This site is optimized with the Yoast SEO plugin v26.5 - https:\/\/yoast.com\/wordpress\/plugins\/seo\/ -->\n<title>adidas Dame 9 &#039;Black Cobalt Blue&#039;  - Tourcruiser PTE. LTD<\/title>\n<meta name=\"robots\" content=\"index, follow, max-snippet:-1, max-image-preview:large, max-video-preview:-1\" \/>\n<link rel=\"canonical\" href=\"https:\/\/tourcruiser.com\/\" \/>\n<meta property=\"og:locale\" content=\"de_DE\" \/>\n<meta property=\"og:type\" content=\"article\" \/>\n<meta property=\"og:title\" content=\"adidas Dame 9 &#039;Black Cobalt Blue&#039;  - Tourcruiser PTE. LTD\" \/>\n<meta property=\"og:description\" content=\"adidas None \u201d\u201d Core Black\/Cloud White\/Cobalt Blue\" \/>\n<meta property=\"og:url\" content=\"\/\" \/>\n<meta property=\"og:site_name\" content=\"Tourcruiser Sneaker Store\" \/>\n<meta property=\"article:modified_time\" content=\"2026-03-27T17:41:16+00:00\" \/>\n<meta name=\"twitter:card\" content=\"summary_large_image\" \/>\n<meta name=\"twitter:image\" content=\"https:\/\/images.novelship.com\/product\/adidas_dame_9__black_cobalt_blue__ji1938_0_86941.jpeg;https:\/\/images.novelship.com\/product\/adidas_dame_9__black_cobalt_blue__ji1938_1_86941.jpeg;https:\/\/images.novelship.com\/product\/adidas_dame_9__black_cobalt_blue__ji1938_2_86941.jpeg;https:\/\/images.novelship.com\/product\/adidas_dame_9__black_cobalt_blue__ji1938_3_86941.jpeg;https:\/\/images.novelship.com\/product\/adidas_dame_9__black_cobalt_blue__ji1938_4_86941.jpeg;https:\/\/images.novelship.com\/product\/adidas_dame_9__black_cobalt_blue__ji1938_5_86941.jpeg;https:\/\/images.novelship.com\/product\/adidas_dame_9__black_cobalt_blue__ji1938_6_86941.jpeg;https:\/\/images.novelship.com\/product\/adidas_dame_9__black_cobalt_blue__ji1938_7_86941.jpeg\" \/>\n<meta name=\"twitter:label1\" content=\"Gesch\u00e4tzte Lesezeit\" \/>\n\t<meta name=\"twitter:data1\" content=\"1\u00a0Minute\" \/>\n<script type=\"application\/ld+json\" class=\"yoast-schema-graph\">{\"@context\":\"https:\/\/schema.org\",\"@graph\":[{\"@type\":\"WebPage\",\"@id\":\"\/\",\"url\":\"https:\/\/tourcruiser.com\/\",\"name\":\"adidas Dame 9 'Black Cobalt Blue' - Tourcruiser PTE. LTD\",\"isPartOf\":{\"@id\":\"https:\/\/tourcruiser.com\/de\/#website\"},\"primaryImageOfPage\":{\"@id\":\"https:\/\/tourcruiser.com\/#primaryimage\"},\"image\":{\"@id\":\"https:\/\/tourcruiser.com\/#primaryimage\"},\"thumbnailUrl\":\"https:\/\/images.novelship.com\/product\/adidas_dame_9__black_cobalt_blue__ji1938_0_86941.jpeg;https:\/\/images.novelship.com\/product\/adidas_dame_9__black_cobalt_blue__ji1938_1_86941.jpeg;https:\/\/images.novelship.com\/product\/adidas_dame_9__black_cobalt_blue__ji1938_2_86941.jpeg;https:\/\/images.novelship.com\/product\/adidas_dame_9__black_cobalt_blue__ji1938_3_86941.jpeg;https:\/\/images.novelship.com\/product\/adidas_dame_9__black_cobalt_blue__ji1938_4_86941.jpeg;https:\/\/images.novelship.com\/product\/adidas_dame_9__black_cobalt_blue__ji1938_5_86941.jpeg;https:\/\/images.novelship.com\/product\/adidas_dame_9__black_cobalt_blue__ji1938_6_86941.jpeg;https:\/\/images.novelship.com\/product\/adidas_dame_9__black_cobalt_blue__ji1938_7_86941.jpeg\",\"datePublished\":\"2026-03-02T07:40:46+00:00\",\"dateModified\":\"2026-03-27T17:41:16+00:00\",\"breadcrumb\":{\"@id\":\"https:\/\/tourcruiser.com\/#breadcrumb\"},\"inLanguage\":\"de\",\"potentialAction\":[{\"@type\":\"ReadAction\",\"target\":[\"https:\/\/tourcruiser.com\/\"]}]},{\"@type\":\"ImageObject\",\"inLanguage\":\"de\",\"@id\":\"https:\/\/tourcruiser.com\/#primaryimage\",\"url\":\"https:\/\/images.novelship.com\/product\/adidas_dame_9__black_cobalt_blue__ji1938_0_86941.jpeg;https:\/\/images.novelship.com\/product\/adidas_dame_9__black_cobalt_blue__ji1938_1_86941.jpeg;https:\/\/images.novelship.com\/product\/adidas_dame_9__black_cobalt_blue__ji1938_2_86941.jpeg;https:\/\/images.novelship.com\/product\/adidas_dame_9__black_cobalt_blue__ji1938_3_86941.jpeg;https:\/\/images.novelship.com\/product\/adidas_dame_9__black_cobalt_blue__ji1938_4_86941.jpeg;https:\/\/images.novelship.com\/product\/adidas_dame_9__black_cobalt_blue__ji1938_5_86941.jpeg;https:\/\/images.novelship.com\/product\/adidas_dame_9__black_cobalt_blue__ji1938_6_86941.jpeg;https:\/\/images.novelship.com\/product\/adidas_dame_9__black_cobalt_blue__ji1938_7_86941.jpeg\",\"contentUrl\":\"https:\/\/images.novelship.com\/product\/adidas_dame_9__black_cobalt_blue__ji1938_0_86941.jpeg;https:\/\/images.novelship.com\/product\/adidas_dame_9__black_cobalt_blue__ji1938_1_86941.jpeg;https:\/\/images.novelship.com\/product\/adidas_dame_9__black_cobalt_blue__ji1938_2_86941.jpeg;https:\/\/images.novelship.com\/product\/adidas_dame_9__black_cobalt_blue__ji1938_3_86941.jpeg;https:\/\/images.novelship.com\/product\/adidas_dame_9__black_cobalt_blue__ji1938_4_86941.jpeg;https:\/\/images.novelship.com\/product\/adidas_dame_9__black_cobalt_blue__ji1938_5_86941.jpeg;https:\/\/images.novelship.com\/product\/adidas_dame_9__black_cobalt_blue__ji1938_6_86941.jpeg;https:\/\/images.novelship.com\/product\/adidas_dame_9__black_cobalt_blue__ji1938_7_86941.jpeg\"},{\"@type\":\"BreadcrumbList\",\"@id\":\"https:\/\/tourcruiser.com\/#breadcrumb\",\"itemListElement\":[{\"@type\":\"ListItem\",\"position\":1,\"name\":\"Home\",\"item\":\"https:\/\/tourcruiser.com\/de\/\"},{\"@type\":\"ListItem\",\"position\":2,\"name\":\"Shop\",\"item\":\"https:\/\/tourcruiser.com\/de\/shop\/\"},{\"@type\":\"ListItem\",\"position\":3,\"name\":\"adidas Dame 9 &#8218;Black Cobalt Blue&#8216;\"}]},{\"@type\":\"WebSite\",\"@id\":\"https:\/\/tourcruiser.com\/de\/#website\",\"url\":\"https:\/\/tourcruiser.com\/de\/\",\"name\":\"Styloral Jewelry Shop\",\"description\":\"Tourcruiser Sneaker Store \u2014 der Ort, an dem das Universum deine Einzigartigkeit trifft.\",\"publisher\":{\"@id\":\"https:\/\/tourcruiser.com\/de\/#organization\"},\"potentialAction\":[{\"@type\":\"SearchAction\",\"target\":{\"@type\":\"EntryPoint\",\"urlTemplate\":\"https:\/\/tourcruiser.com\/de\/?s={search_term_string}\"},\"query-input\":{\"@type\":\"PropertyValueSpecification\",\"valueRequired\":true,\"valueName\":\"search_term_string\"}}],\"inLanguage\":\"de\"},{\"@type\":\"Organization\",\"@id\":\"https:\/\/tourcruiser.com\/de\/#organization\",\"name\":\"STYLORAL PTE. LTD\",\"url\":\"https:\/\/tourcruiser.com\/de\/\",\"logo\":{\"@type\":\"ImageObject\",\"inLanguage\":\"de\",\"@id\":\"https:\/\/tourcruiser.com\/de\/#\/schema\/logo\/image\/\",\"url\":\"https:\/\/www.tourcruiser.com\/wp-content\/uploads\/2025\/12\/logo.png\",\"contentUrl\":\"https:\/\/www.tourcruiser.com\/wp-content\/uploads\/2025\/12\/logo.png\",\"width\":200,\"height\":65,\"caption\":\"STYLORAL PTE. LTD\"},\"image\":{\"@id\":\"https:\/\/tourcruiser.com\/de\/#\/schema\/logo\/image\/\"}}]}<\/script>\n<!-- \/ Yoast SEO plugin. -->","yoast_head_json":{"title":"adidas Dame 9 'Black Cobalt Blue'  - Tourcruiser PTE. LTD","robots":{"index":"index","follow":"follow","max-snippet":"max-snippet:-1","max-image-preview":"max-image-preview:large","max-video-preview":"max-video-preview:-1"},"canonical":"https:\/\/tourcruiser.com\/","og_locale":"de_DE","og_type":"article","og_title":"adidas Dame 9 'Black Cobalt Blue'  - Tourcruiser PTE. LTD","og_description":"adidas None \u201d\u201d Core Black\/Cloud White\/Cobalt Blue","og_url":"\/","og_site_name":"Tourcruiser Sneaker Store","article_modified_time":"2026-03-27T17:41:16+00:00","twitter_card":"summary_large_image","twitter_image":"https:\/\/images.novelship.com\/product\/adidas_dame_9__black_cobalt_blue__ji1938_0_86941.jpeg;https:\/\/images.novelship.com\/product\/adidas_dame_9__black_cobalt_blue__ji1938_1_86941.jpeg;https:\/\/images.novelship.com\/product\/adidas_dame_9__black_cobalt_blue__ji1938_2_86941.jpeg;https:\/\/images.novelship.com\/product\/adidas_dame_9__black_cobalt_blue__ji1938_3_86941.jpeg;https:\/\/images.novelship.com\/product\/adidas_dame_9__black_cobalt_blue__ji1938_4_86941.jpeg;https:\/\/images.novelship.com\/product\/adidas_dame_9__black_cobalt_blue__ji1938_5_86941.jpeg;https:\/\/images.novelship.com\/product\/adidas_dame_9__black_cobalt_blue__ji1938_6_86941.jpeg;https:\/\/images.novelship.com\/product\/adidas_dame_9__black_cobalt_blue__ji1938_7_86941.jpeg","twitter_misc":{"Gesch\u00e4tzte Lesezeit":"1\u00a0Minute"},"schema":{"@context":"https:\/\/schema.org","@graph":[{"@type":"WebPage","@id":"\/","url":"https:\/\/tourcruiser.com\/","name":"adidas Dame 9 'Black Cobalt Blue' - Tourcruiser PTE. LTD","isPartOf":{"@id":"https:\/\/tourcruiser.com\/de\/#website"},"primaryImageOfPage":{"@id":"https:\/\/tourcruiser.com\/#primaryimage"},"image":{"@id":"https:\/\/tourcruiser.com\/#primaryimage"},"thumbnailUrl":"https:\/\/images.novelship.com\/product\/adidas_dame_9__black_cobalt_blue__ji1938_0_86941.jpeg;https:\/\/images.novelship.com\/product\/adidas_dame_9__black_cobalt_blue__ji1938_1_86941.jpeg;https:\/\/images.novelship.com\/product\/adidas_dame_9__black_cobalt_blue__ji1938_2_86941.jpeg;https:\/\/images.novelship.com\/product\/adidas_dame_9__black_cobalt_blue__ji1938_3_86941.jpeg;https:\/\/images.novelship.com\/product\/adidas_dame_9__black_cobalt_blue__ji1938_4_86941.jpeg;https:\/\/images.novelship.com\/product\/adidas_dame_9__black_cobalt_blue__ji1938_5_86941.jpeg;https:\/\/images.novelship.com\/product\/adidas_dame_9__black_cobalt_blue__ji1938_6_86941.jpeg;https:\/\/images.novelship.com\/product\/adidas_dame_9__black_cobalt_blue__ji1938_7_86941.jpeg","datePublished":"2026-03-02T07:40:46+00:00","dateModified":"2026-03-27T17:41:16+00:00","breadcrumb":{"@id":"https:\/\/tourcruiser.com\/#breadcrumb"},"inLanguage":"de","potentialAction":[{"@type":"ReadAction","target":["https:\/\/tourcruiser.com\/"]}]},{"@type":"ImageObject","inLanguage":"de","@id":"https:\/\/tourcruiser.com\/#primaryimage","url":"https:\/\/images.novelship.com\/product\/adidas_dame_9__black_cobalt_blue__ji1938_0_86941.jpeg;https:\/\/images.novelship.com\/product\/adidas_dame_9__black_cobalt_blue__ji1938_1_86941.jpeg;https:\/\/images.novelship.com\/product\/adidas_dame_9__black_cobalt_blue__ji1938_2_86941.jpeg;https:\/\/images.novelship.com\/product\/adidas_dame_9__black_cobalt_blue__ji1938_3_86941.jpeg;https:\/\/images.novelship.com\/product\/adidas_dame_9__black_cobalt_blue__ji1938_4_86941.jpeg;https:\/\/images.novelship.com\/product\/adidas_dame_9__black_cobalt_blue__ji1938_5_86941.jpeg;https:\/\/images.novelship.com\/product\/adidas_dame_9__black_cobalt_blue__ji1938_6_86941.jpeg;https:\/\/images.novelship.com\/product\/adidas_dame_9__black_cobalt_blue__ji1938_7_86941.jpeg","contentUrl":"https:\/\/images.novelship.com\/product\/adidas_dame_9__black_cobalt_blue__ji1938_0_86941.jpeg;https:\/\/images.novelship.com\/product\/adidas_dame_9__black_cobalt_blue__ji1938_1_86941.jpeg;https:\/\/images.novelship.com\/product\/adidas_dame_9__black_cobalt_blue__ji1938_2_86941.jpeg;https:\/\/images.novelship.com\/product\/adidas_dame_9__black_cobalt_blue__ji1938_3_86941.jpeg;https:\/\/images.novelship.com\/product\/adidas_dame_9__black_cobalt_blue__ji1938_4_86941.jpeg;https:\/\/images.novelship.com\/product\/adidas_dame_9__black_cobalt_blue__ji1938_5_86941.jpeg;https:\/\/images.novelship.com\/product\/adidas_dame_9__black_cobalt_blue__ji1938_6_86941.jpeg;https:\/\/images.novelship.com\/product\/adidas_dame_9__black_cobalt_blue__ji1938_7_86941.jpeg"},{"@type":"BreadcrumbList","@id":"https:\/\/tourcruiser.com\/#breadcrumb","itemListElement":[{"@type":"ListItem","position":1,"name":"Home","item":"https:\/\/tourcruiser.com\/de\/"},{"@type":"ListItem","position":2,"name":"Shop","item":"https:\/\/tourcruiser.com\/de\/shop\/"},{"@type":"ListItem","position":3,"name":"adidas Dame 9 &#8218;Black Cobalt Blue&#8216;"}]},{"@type":"WebSite","@id":"https:\/\/tourcruiser.com\/de\/#website","url":"https:\/\/tourcruiser.com\/de\/","name":"Styloral Jewelry Shop","description":"Tourcruiser Sneaker Store \u2014 der Ort, an dem das Universum deine Einzigartigkeit trifft.","publisher":{"@id":"https:\/\/tourcruiser.com\/de\/#organization"},"potentialAction":[{"@type":"SearchAction","target":{"@type":"EntryPoint","urlTemplate":"https:\/\/tourcruiser.com\/de\/?s={search_term_string}"},"query-input":{"@type":"PropertyValueSpecification","valueRequired":true,"valueName":"search_term_string"}}],"inLanguage":"de"},{"@type":"Organization","@id":"https:\/\/tourcruiser.com\/de\/#organization","name":"STYLORAL PTE. LTD","url":"https:\/\/tourcruiser.com\/de\/","logo":{"@type":"ImageObject","inLanguage":"de","@id":"https:\/\/tourcruiser.com\/de\/#\/schema\/logo\/image\/","url":"https:\/\/www.tourcruiser.com\/wp-content\/uploads\/2025\/12\/logo.png","contentUrl":"https:\/\/www.tourcruiser.com\/wp-content\/uploads\/2025\/12\/logo.png","width":200,"height":65,"caption":"STYLORAL PTE. LTD"},"image":{"@id":"https:\/\/tourcruiser.com\/de\/#\/schema\/logo\/image\/"}}]}},"_links":{"self":[{"href":"https:\/\/tourcruiser.com\/de\/wp-json\/wp\/v2\/product\/31281","targetHints":{"allow":["GET"]}}],"collection":[{"href":"https:\/\/tourcruiser.com\/de\/wp-json\/wp\/v2\/product"}],"about":[{"href":"https:\/\/tourcruiser.com\/de\/wp-json\/wp\/v2\/types\/product"}],"replies":[{"embeddable":true,"href":"https:\/\/tourcruiser.com\/de\/wp-json\/wp\/v2\/comments?post=31281"}],"wp:featuredmedia":[{"embeddable":true,"href":"https:\/\/tourcruiser.com\/de\/wp-json\/wp\/v2\/media\/31282"}],"wp:attachment":[{"href":"https:\/\/tourcruiser.com\/de\/wp-json\/wp\/v2\/media?parent=31281"}],"wp:term":[{"taxonomy":"product_brand","embeddable":true,"href":"https:\/\/tourcruiser.com\/de\/wp-json\/wp\/v2\/product_brand?post=31281"},{"taxonomy":"product_cat","embeddable":true,"href":"https:\/\/tourcruiser.com\/de\/wp-json\/wp\/v2\/product_cat?post=31281"},{"taxonomy":"product_tag","embeddable":true,"href":"https:\/\/tourcruiser.com\/de\/wp-json\/wp\/v2\/product_tag?post=31281"}],"curies":[{"name":"wp","href":"https:\/\/api.w.org\/{rel}","templated":true}]}}