{"id":31136,"date":"2026-03-02T14:40:33","date_gmt":"2026-03-02T07:40:33","guid":{"rendered":"http:\/\/tourcruiser.com\/product\/women-nike-sabrina-3-silencer-hf2882-100"},"modified":"2026-03-28T00:41:13","modified_gmt":"2026-03-27T17:41:13","slug":"women-nike-sabrina-3-silencer-hf2882-100","status":"publish","type":"product","link":"https:\/\/tourcruiser.com\/de\/products\/women-nike-sabrina-3-silencer-hf2882-100\/","title":{"rendered":"(Women) Nike Sabrina 3 &#8218;Silencer&#8216; \/HF2882-100"},"content":{"rendered":"<p>Erlebe unvergleichliche Performance und eleganten Style mit dem Nike Sabrina 3 \u201eSilencer\u201c, der dein Spiel auf und neben dem Court auf ein neues Level hebt. Dieser innovative Basketballschuh wurde f\u00fcr Frauen entwickelt, die Wert auf Funktionalit\u00e4t und Raffinesse legen. Er bietet eine leichte und dennoch robuste Konstruktion f\u00fcr optimalen Halt und maximale Bewegungsfreiheit bei jedem Schritt. Die reaktionsfreudige Nike Zoom Air-D\u00e4mpfung sorgt f\u00fcr au\u00dfergew\u00f6hnlichen Komfort und Energier\u00fcckgabe \u201d\u201c perfekt f\u00fcr intensive Matches oder den ganzen Tag. Mit seinem minimalistischen \u201eSilencer\u201c-Design in neutralen T\u00f6nen passt dieser Sneaker m\u00fchelos zu jedem Outfit und setzt ein klares, aber dennoch dezentes Statement. Ob du auf dem Parkett Rekorde brichst oder die Streetwear-Szene eroberst \u201d\u201c der Nike Sabrina 3 vereint Innovation und Eleganz f\u00fcr unaufhaltsamen Erfolg.<\/p>\n<ul>\n<li><strong>Farbgebung:<\/strong> Summit White\/Iron Grey\/Photon Dust\/Washed Coral\/Artisan Teal\/Lemonade<\/li>\n<li><strong>Style-Code:<\/strong> HF2881-100<\/li>\n<li><strong>Obermaterial:<\/strong> Textil<\/li>\n<li><strong>Mittelsohle:<\/strong> Zoom Air<\/li>\n<li><strong>Farbe:<\/strong> Wei\u00df<\/li>\n<li><strong>Designer:<\/strong> Benjamin Nethongkome<\/li>\n<li><strong>Erscheinungsjahr:<\/strong> 2025<\/li>\n<\/ul>\n","protected":false},"excerpt":{"rendered":"<p>Nike Sabrina 3 \u201d\u201d Summit White\/Iron Grey\/Photon Dust\/Washed Coral\/Artisan Teal\/Lemonade<\/p>\n","protected":false},"featured_media":31137,"comment_status":"open","ping_status":"closed","template":"","meta":[],"product_brand":[],"product_cat":[10809],"product_tag":[10800,11129,10801,10802,10758],"class_list":{"0":"post-31136","1":"product","2":"type-product","3":"status-publish","4":"has-post-thumbnail","6":"product_cat-nike-women","7":"product_tag-basketball-shoes","8":"product_tag-lightweight-basketball-shoes","9":"product_tag-nike","10":"product_tag-performance-sport-shoes","11":"product_tag-under-retail","12":"wcpa_has_options","14":"first","15":"outofstock","16":"taxable","17":"shipping-taxable","18":"purchasable","19":"product-type-simple"},"wcpa_form_fields":{"rules":{"pric_overide_base_price":false,"pric_overide_base_price_if_gt_zero":false,"pric_overide_base_price_fully":false,"pric_cal_option_once":false,"pric_use_as_fee":false,"bind_quantity":false,"quantity_bind_formula":false},"fields":[{"type":"color-group","required":true,"elementId":"wcpa-color-group-66c4a75505e74","label":"Gr\u00f6\u00dfe - EU Gr\u00f6\u00dfe","inline":true,"priceOptions":"different_for_all","pricingType":"fixed","className":"hassizechart product-shoes-size-eu product-shoes-size","name":"color-group-66c4a75505e89","disp_type":"square","selection_type":"tick-border","disp_size":"44","show_label_inside":true,"adjust_width":true,"cart_display_type":"text","other_text":"Other","cl_rule":"show","col":6,"values":[{"label":"35.5","value":"EU 35.5","price":"","pimage":"","pimage_id":"","pthumb":"","color":""},{"label":"36","value":"EU 36","price":"","pimage":"","pimage_id":"","pthumb":"","color":"","selected":true},{"label":"36.5","value":"EU 36.5","price":"","pimage":"","pimage_id":"","pthumb":"","color":""},{"label":"37.5","value":"EU 37.5","price":"","pimage":"","pimage_id":"","pthumb":"","color":""},{"label":"38","value":"EU 38","price":"","pimage":"","pimage_id":"","pthumb":"","color":""},{"label":"38.5","value":"EU 38.5","price":"","pimage":"","pimage_id":"","pthumb":"","color":""},{"label":"39","value":"EU 39","price":"","pimage":"","pimage_id":"","pthumb":"","color":""},{"label":"40","value":"EU 40","price":"","pimage":"","pimage_id":"","pthumb":"","color":""},{"label":"40.5","value":"EU 40.5","price":"","pimage":"","pimage_id":"","pthumb":"","color":""},{"label":"41","value":"EU 41","price":"","pimage":"","pimage_id":"","pthumb":"","color":""},{"label":"42","value":"EU 42","price":"","pimage":"","pimage_id":"","pthumb":"","color":""},{"label":"42.5","value":"EU 42.5","price":"","pimage":"","pimage_id":"","pthumb":"","color":""},{"label":"43","value":"EU 43","price":"","pimage":"","pimage_id":"","pthumb":"","color":""},{"label":"44","value":"EU 44","price":"","pimage":"","pimage_id":"","pthumb":"","color":""},{"label":"44.5","value":"EU 44.5","price":"","pimage":"","pimage_id":"","pthumb":"","color":""},{"label":"45","value":"EU 45","price":"","pimage":"","pimage_id":"","pthumb":"","color":""},{"label":"45.5","value":"EU 45.5","price":"","pimage":"","pimage_id":"","pthumb":"","color":""},{"label":"46","value":"EU 46","price":"","pimage":"","pimage_id":"","pthumb":"","color":""},{"label":"47","value":"EU 47","price":"","pimage":"","pimage_id":"","pthumb":"","color":""},{"label":"47.5","value":"EU 47.5","price":"","pimage":"","pimage_id":"","pthumb":"","color":""},{"label":"48","value":"EU 48","price":"","pimage":"","pimage_id":"","pthumb":"","color":""}],"relations":[{"operator":false,"rules":[]}],"form_id":18106,"form_rules":{"pric_cal_option_once":false,"exclude_from_discount":false,"pric_use_as_fee":false,"fee_label":"Fee","render_after_acb":false,"disp_hide_options_price":false}}]},"yoast_head":"<!-- This site is optimized with the Yoast SEO plugin v26.5 - https:\/\/yoast.com\/wordpress\/plugins\/seo\/ -->\n<title>(Women) Nike Sabrina 3 &#039;Silencer&#039; \/HF2882-100 - Tourcruiser PTE. LTD<\/title>\n<meta name=\"robots\" content=\"index, follow, max-snippet:-1, max-image-preview:large, max-video-preview:-1\" \/>\n<link rel=\"canonical\" href=\"https:\/\/tourcruiser.com\/\" \/>\n<meta property=\"og:locale\" content=\"de_DE\" \/>\n<meta property=\"og:type\" content=\"article\" \/>\n<meta property=\"og:title\" content=\"(Women) Nike Sabrina 3 &#039;Silencer&#039; \/HF2882-100 - Tourcruiser PTE. LTD\" \/>\n<meta property=\"og:description\" content=\"Nike Sabrina 3 \u201d\u201d Summit White\/Iron Grey\/Photon Dust\/Washed Coral\/Artisan Teal\/Lemonade\" \/>\n<meta property=\"og:url\" content=\"\/\" \/>\n<meta property=\"og:site_name\" content=\"Tourcruiser Sneaker Store\" \/>\n<meta property=\"article:modified_time\" content=\"2026-03-27T17:41:13+00:00\" \/>\n<meta name=\"twitter:card\" content=\"summary_large_image\" \/>\n<meta name=\"twitter:image\" content=\"https:\/\/images.novelship.com\/product\/_women__nike_sabrina_3__silencer__hf2881-100_hf288_0_4846.jpeg;https:\/\/images.novelship.com\/product\/_women__nike_sabrina_3__silencer__hf2881-100_hf288_1_4846.jpeg;https:\/\/images.novelship.com\/product\/_women__nike_sabrina_3__silencer__hf2881-100_hf288_2_4846.jpeg;https:\/\/images.novelship.com\/product\/_women__nike_sabrina_3__silencer__hf2881-100_hf288_3_4846.jpeg;https:\/\/images.novelship.com\/product\/_women__nike_sabrina_3__silencer__hf2881-100_hf288_4_4846.jpeg;https:\/\/images.novelship.com\/product\/_women__nike_sabrina_3__silencer__hf2881-100_hf288_5_4846.jpeg\" \/>\n<meta name=\"twitter:label1\" content=\"Gesch\u00e4tzte Lesezeit\" \/>\n\t<meta name=\"twitter:data1\" content=\"1\u00a0Minute\" \/>\n<script type=\"application\/ld+json\" class=\"yoast-schema-graph\">{\"@context\":\"https:\/\/schema.org\",\"@graph\":[{\"@type\":\"WebPage\",\"@id\":\"\/\",\"url\":\"https:\/\/tourcruiser.com\/\",\"name\":\"(Women) Nike Sabrina 3 'Silencer' \/HF2882-100 - Tourcruiser PTE. LTD\",\"isPartOf\":{\"@id\":\"https:\/\/tourcruiser.com\/de\/#website\"},\"primaryImageOfPage\":{\"@id\":\"https:\/\/tourcruiser.com\/#primaryimage\"},\"image\":{\"@id\":\"https:\/\/tourcruiser.com\/#primaryimage\"},\"thumbnailUrl\":\"https:\/\/images.novelship.com\/product\/_women__nike_sabrina_3__silencer__hf2881-100_hf288_0_4846.jpeg;https:\/\/images.novelship.com\/product\/_women__nike_sabrina_3__silencer__hf2881-100_hf288_1_4846.jpeg;https:\/\/images.novelship.com\/product\/_women__nike_sabrina_3__silencer__hf2881-100_hf288_2_4846.jpeg;https:\/\/images.novelship.com\/product\/_women__nike_sabrina_3__silencer__hf2881-100_hf288_3_4846.jpeg;https:\/\/images.novelship.com\/product\/_women__nike_sabrina_3__silencer__hf2881-100_hf288_4_4846.jpeg;https:\/\/images.novelship.com\/product\/_women__nike_sabrina_3__silencer__hf2881-100_hf288_5_4846.jpeg\",\"datePublished\":\"2026-03-02T07:40:33+00:00\",\"dateModified\":\"2026-03-27T17:41:13+00:00\",\"breadcrumb\":{\"@id\":\"https:\/\/tourcruiser.com\/#breadcrumb\"},\"inLanguage\":\"de\",\"potentialAction\":[{\"@type\":\"ReadAction\",\"target\":[\"https:\/\/tourcruiser.com\/\"]}]},{\"@type\":\"ImageObject\",\"inLanguage\":\"de\",\"@id\":\"https:\/\/tourcruiser.com\/#primaryimage\",\"url\":\"https:\/\/images.novelship.com\/product\/_women__nike_sabrina_3__silencer__hf2881-100_hf288_0_4846.jpeg;https:\/\/images.novelship.com\/product\/_women__nike_sabrina_3__silencer__hf2881-100_hf288_1_4846.jpeg;https:\/\/images.novelship.com\/product\/_women__nike_sabrina_3__silencer__hf2881-100_hf288_2_4846.jpeg;https:\/\/images.novelship.com\/product\/_women__nike_sabrina_3__silencer__hf2881-100_hf288_3_4846.jpeg;https:\/\/images.novelship.com\/product\/_women__nike_sabrina_3__silencer__hf2881-100_hf288_4_4846.jpeg;https:\/\/images.novelship.com\/product\/_women__nike_sabrina_3__silencer__hf2881-100_hf288_5_4846.jpeg\",\"contentUrl\":\"https:\/\/images.novelship.com\/product\/_women__nike_sabrina_3__silencer__hf2881-100_hf288_0_4846.jpeg;https:\/\/images.novelship.com\/product\/_women__nike_sabrina_3__silencer__hf2881-100_hf288_1_4846.jpeg;https:\/\/images.novelship.com\/product\/_women__nike_sabrina_3__silencer__hf2881-100_hf288_2_4846.jpeg;https:\/\/images.novelship.com\/product\/_women__nike_sabrina_3__silencer__hf2881-100_hf288_3_4846.jpeg;https:\/\/images.novelship.com\/product\/_women__nike_sabrina_3__silencer__hf2881-100_hf288_4_4846.jpeg;https:\/\/images.novelship.com\/product\/_women__nike_sabrina_3__silencer__hf2881-100_hf288_5_4846.jpeg\"},{\"@type\":\"BreadcrumbList\",\"@id\":\"https:\/\/tourcruiser.com\/#breadcrumb\",\"itemListElement\":[{\"@type\":\"ListItem\",\"position\":1,\"name\":\"Home\",\"item\":\"https:\/\/tourcruiser.com\/de\/\"},{\"@type\":\"ListItem\",\"position\":2,\"name\":\"Shop\",\"item\":\"https:\/\/tourcruiser.com\/de\/shop\/\"},{\"@type\":\"ListItem\",\"position\":3,\"name\":\"(Women) Nike Sabrina 3 &#8218;Silencer&#8216; \/HF2882-100\"}]},{\"@type\":\"WebSite\",\"@id\":\"https:\/\/tourcruiser.com\/de\/#website\",\"url\":\"https:\/\/tourcruiser.com\/de\/\",\"name\":\"Styloral Jewelry Shop\",\"description\":\"Tourcruiser Sneaker Store \u2014 der Ort, an dem das Universum deine Einzigartigkeit trifft.\",\"publisher\":{\"@id\":\"https:\/\/tourcruiser.com\/de\/#organization\"},\"potentialAction\":[{\"@type\":\"SearchAction\",\"target\":{\"@type\":\"EntryPoint\",\"urlTemplate\":\"https:\/\/tourcruiser.com\/de\/?s={search_term_string}\"},\"query-input\":{\"@type\":\"PropertyValueSpecification\",\"valueRequired\":true,\"valueName\":\"search_term_string\"}}],\"inLanguage\":\"de\"},{\"@type\":\"Organization\",\"@id\":\"https:\/\/tourcruiser.com\/de\/#organization\",\"name\":\"STYLORAL PTE. LTD\",\"url\":\"https:\/\/tourcruiser.com\/de\/\",\"logo\":{\"@type\":\"ImageObject\",\"inLanguage\":\"de\",\"@id\":\"https:\/\/tourcruiser.com\/de\/#\/schema\/logo\/image\/\",\"url\":\"https:\/\/www.tourcruiser.com\/wp-content\/uploads\/2025\/12\/logo.png\",\"contentUrl\":\"https:\/\/www.tourcruiser.com\/wp-content\/uploads\/2025\/12\/logo.png\",\"width\":200,\"height\":65,\"caption\":\"STYLORAL PTE. LTD\"},\"image\":{\"@id\":\"https:\/\/tourcruiser.com\/de\/#\/schema\/logo\/image\/\"}}]}<\/script>\n<!-- \/ Yoast SEO plugin. -->","yoast_head_json":{"title":"(Women) Nike Sabrina 3 'Silencer' \/HF2882-100 - Tourcruiser PTE. LTD","robots":{"index":"index","follow":"follow","max-snippet":"max-snippet:-1","max-image-preview":"max-image-preview:large","max-video-preview":"max-video-preview:-1"},"canonical":"https:\/\/tourcruiser.com\/","og_locale":"de_DE","og_type":"article","og_title":"(Women) Nike Sabrina 3 'Silencer' \/HF2882-100 - Tourcruiser PTE. LTD","og_description":"Nike Sabrina 3 \u201d\u201d Summit White\/Iron Grey\/Photon Dust\/Washed Coral\/Artisan Teal\/Lemonade","og_url":"\/","og_site_name":"Tourcruiser Sneaker Store","article_modified_time":"2026-03-27T17:41:13+00:00","twitter_card":"summary_large_image","twitter_image":"https:\/\/images.novelship.com\/product\/_women__nike_sabrina_3__silencer__hf2881-100_hf288_0_4846.jpeg;https:\/\/images.novelship.com\/product\/_women__nike_sabrina_3__silencer__hf2881-100_hf288_1_4846.jpeg;https:\/\/images.novelship.com\/product\/_women__nike_sabrina_3__silencer__hf2881-100_hf288_2_4846.jpeg;https:\/\/images.novelship.com\/product\/_women__nike_sabrina_3__silencer__hf2881-100_hf288_3_4846.jpeg;https:\/\/images.novelship.com\/product\/_women__nike_sabrina_3__silencer__hf2881-100_hf288_4_4846.jpeg;https:\/\/images.novelship.com\/product\/_women__nike_sabrina_3__silencer__hf2881-100_hf288_5_4846.jpeg","twitter_misc":{"Gesch\u00e4tzte Lesezeit":"1\u00a0Minute"},"schema":{"@context":"https:\/\/schema.org","@graph":[{"@type":"WebPage","@id":"\/","url":"https:\/\/tourcruiser.com\/","name":"(Women) Nike Sabrina 3 'Silencer' \/HF2882-100 - Tourcruiser PTE. LTD","isPartOf":{"@id":"https:\/\/tourcruiser.com\/de\/#website"},"primaryImageOfPage":{"@id":"https:\/\/tourcruiser.com\/#primaryimage"},"image":{"@id":"https:\/\/tourcruiser.com\/#primaryimage"},"thumbnailUrl":"https:\/\/images.novelship.com\/product\/_women__nike_sabrina_3__silencer__hf2881-100_hf288_0_4846.jpeg;https:\/\/images.novelship.com\/product\/_women__nike_sabrina_3__silencer__hf2881-100_hf288_1_4846.jpeg;https:\/\/images.novelship.com\/product\/_women__nike_sabrina_3__silencer__hf2881-100_hf288_2_4846.jpeg;https:\/\/images.novelship.com\/product\/_women__nike_sabrina_3__silencer__hf2881-100_hf288_3_4846.jpeg;https:\/\/images.novelship.com\/product\/_women__nike_sabrina_3__silencer__hf2881-100_hf288_4_4846.jpeg;https:\/\/images.novelship.com\/product\/_women__nike_sabrina_3__silencer__hf2881-100_hf288_5_4846.jpeg","datePublished":"2026-03-02T07:40:33+00:00","dateModified":"2026-03-27T17:41:13+00:00","breadcrumb":{"@id":"https:\/\/tourcruiser.com\/#breadcrumb"},"inLanguage":"de","potentialAction":[{"@type":"ReadAction","target":["https:\/\/tourcruiser.com\/"]}]},{"@type":"ImageObject","inLanguage":"de","@id":"https:\/\/tourcruiser.com\/#primaryimage","url":"https:\/\/images.novelship.com\/product\/_women__nike_sabrina_3__silencer__hf2881-100_hf288_0_4846.jpeg;https:\/\/images.novelship.com\/product\/_women__nike_sabrina_3__silencer__hf2881-100_hf288_1_4846.jpeg;https:\/\/images.novelship.com\/product\/_women__nike_sabrina_3__silencer__hf2881-100_hf288_2_4846.jpeg;https:\/\/images.novelship.com\/product\/_women__nike_sabrina_3__silencer__hf2881-100_hf288_3_4846.jpeg;https:\/\/images.novelship.com\/product\/_women__nike_sabrina_3__silencer__hf2881-100_hf288_4_4846.jpeg;https:\/\/images.novelship.com\/product\/_women__nike_sabrina_3__silencer__hf2881-100_hf288_5_4846.jpeg","contentUrl":"https:\/\/images.novelship.com\/product\/_women__nike_sabrina_3__silencer__hf2881-100_hf288_0_4846.jpeg;https:\/\/images.novelship.com\/product\/_women__nike_sabrina_3__silencer__hf2881-100_hf288_1_4846.jpeg;https:\/\/images.novelship.com\/product\/_women__nike_sabrina_3__silencer__hf2881-100_hf288_2_4846.jpeg;https:\/\/images.novelship.com\/product\/_women__nike_sabrina_3__silencer__hf2881-100_hf288_3_4846.jpeg;https:\/\/images.novelship.com\/product\/_women__nike_sabrina_3__silencer__hf2881-100_hf288_4_4846.jpeg;https:\/\/images.novelship.com\/product\/_women__nike_sabrina_3__silencer__hf2881-100_hf288_5_4846.jpeg"},{"@type":"BreadcrumbList","@id":"https:\/\/tourcruiser.com\/#breadcrumb","itemListElement":[{"@type":"ListItem","position":1,"name":"Home","item":"https:\/\/tourcruiser.com\/de\/"},{"@type":"ListItem","position":2,"name":"Shop","item":"https:\/\/tourcruiser.com\/de\/shop\/"},{"@type":"ListItem","position":3,"name":"(Women) Nike Sabrina 3 &#8218;Silencer&#8216; \/HF2882-100"}]},{"@type":"WebSite","@id":"https:\/\/tourcruiser.com\/de\/#website","url":"https:\/\/tourcruiser.com\/de\/","name":"Styloral Jewelry Shop","description":"Tourcruiser Sneaker Store \u2014 der Ort, an dem das Universum deine Einzigartigkeit trifft.","publisher":{"@id":"https:\/\/tourcruiser.com\/de\/#organization"},"potentialAction":[{"@type":"SearchAction","target":{"@type":"EntryPoint","urlTemplate":"https:\/\/tourcruiser.com\/de\/?s={search_term_string}"},"query-input":{"@type":"PropertyValueSpecification","valueRequired":true,"valueName":"search_term_string"}}],"inLanguage":"de"},{"@type":"Organization","@id":"https:\/\/tourcruiser.com\/de\/#organization","name":"STYLORAL PTE. LTD","url":"https:\/\/tourcruiser.com\/de\/","logo":{"@type":"ImageObject","inLanguage":"de","@id":"https:\/\/tourcruiser.com\/de\/#\/schema\/logo\/image\/","url":"https:\/\/www.tourcruiser.com\/wp-content\/uploads\/2025\/12\/logo.png","contentUrl":"https:\/\/www.tourcruiser.com\/wp-content\/uploads\/2025\/12\/logo.png","width":200,"height":65,"caption":"STYLORAL PTE. LTD"},"image":{"@id":"https:\/\/tourcruiser.com\/de\/#\/schema\/logo\/image\/"}}]}},"_links":{"self":[{"href":"https:\/\/tourcruiser.com\/de\/wp-json\/wp\/v2\/product\/31136","targetHints":{"allow":["GET"]}}],"collection":[{"href":"https:\/\/tourcruiser.com\/de\/wp-json\/wp\/v2\/product"}],"about":[{"href":"https:\/\/tourcruiser.com\/de\/wp-json\/wp\/v2\/types\/product"}],"replies":[{"embeddable":true,"href":"https:\/\/tourcruiser.com\/de\/wp-json\/wp\/v2\/comments?post=31136"}],"wp:featuredmedia":[{"embeddable":true,"href":"https:\/\/tourcruiser.com\/de\/wp-json\/wp\/v2\/media\/31137"}],"wp:attachment":[{"href":"https:\/\/tourcruiser.com\/de\/wp-json\/wp\/v2\/media?parent=31136"}],"wp:term":[{"taxonomy":"product_brand","embeddable":true,"href":"https:\/\/tourcruiser.com\/de\/wp-json\/wp\/v2\/product_brand?post=31136"},{"taxonomy":"product_cat","embeddable":true,"href":"https:\/\/tourcruiser.com\/de\/wp-json\/wp\/v2\/product_cat?post=31136"},{"taxonomy":"product_tag","embeddable":true,"href":"https:\/\/tourcruiser.com\/de\/wp-json\/wp\/v2\/product_tag?post=31136"}],"curies":[{"name":"wp","href":"https:\/\/api.w.org\/{rel}","templated":true}]}}