{"id":30387,"date":"2026-03-02T14:39:36","date_gmt":"2026-03-02T07:39:36","guid":{"rendered":"http:\/\/tourcruiser.com\/product\/asics-gel-resolution-9-paris-safety-yellow-black"},"modified":"2026-03-28T00:40:42","modified_gmt":"2026-03-27T17:40:42","slug":"asics-gel-resolution-9-paris-safety-yellow-black","status":"publish","type":"product","link":"https:\/\/tourcruiser.com\/de\/products\/asics-gel-resolution-9-paris-safety-yellow-black\/","title":{"rendered":"ASICS Gel-Resolution 9 Paris &#8218;Safety Yellow Black&#8216;"},"content":{"rendered":"<p>Verbessere dein Spiel mit den ASICS Gel-Resolution 9 Paris Tennisschuhen in \u201eSafety Yellow Black\u201c. Sie wurden f\u00fcr \u00fcberragende Leistung, Langlebigkeit und Style entwickelt. Dank fortschrittlicher GEL-Technologie bieten diese Schuhe optimale Sto\u00dfd\u00e4mpfung und Komfort und garantieren so beste Unterst\u00fctzung auch bei intensiven Matches. Das dynamische Obermaterial in auff\u00e4lligem Sicherheitsgelb und Schwarz kombiniert atmungsaktive Materialien mit einem markanten Look, inspiriert von der Energie der Pariser Tennispl\u00e4tze. Strategisch platzierte DYNAWALL-Technologie verbessert Stabilit\u00e4t und Agilit\u00e4t, w\u00e4hrend die strapazierf\u00e4hige AHARPLUS-Au\u00dfensohle au\u00dfergew\u00f6hnlichen Grip und dauerhafte Performance auf verschiedenen Bel\u00e4gen bietet. Egal ob Wettkampf oder Training, der ASICS Gel-Resolution 9 Paris wurde entwickelt, um den Anforderungen deines Spiels gerecht zu werden und dein Selbstvertrauen auf dem Court zu st\u00e4rken.<\/p>\n<ul>\n<li><strong>Farbgebung:<\/strong> Sicherheitsgelb\/Schwarz<\/li>\n<li><strong>Artikelnummer:<\/strong> 1041A459-750<\/li>\n<li><strong>Obermaterial:<\/strong> DynaFit<\/li>\n<li><strong>Zwischensohle:<\/strong> Gel<\/li>\n<li><strong>Farbe:<\/strong> Gelb<\/li>\n<\/ul>\n","protected":false},"excerpt":{"rendered":"<p>ASICS Gel-Resolution 9 Paris \u201d\u201d Safety Yellow\/Black<\/p>\n","protected":false},"featured_media":30388,"comment_status":"open","ping_status":"closed","template":"","meta":[],"product_brand":[],"product_cat":[10792],"product_tag":[10791,10753,10802,11082],"class_list":{"0":"post-30387","1":"product","2":"type-product","3":"status-publish","4":"has-post-thumbnail","6":"product_cat-asics","7":"product_tag-asics","8":"product_tag-gift-for-him","9":"product_tag-performance-sport-shoes","10":"product_tag-tennis-shoes","11":"wcpa_has_options","13":"first","14":"outofstock","15":"taxable","16":"shipping-taxable","17":"purchasable","18":"product-type-simple"},"wcpa_form_fields":{"rules":{"pric_overide_base_price":false,"pric_overide_base_price_if_gt_zero":false,"pric_overide_base_price_fully":false,"pric_cal_option_once":false,"pric_use_as_fee":false,"bind_quantity":false,"quantity_bind_formula":false},"fields":[{"type":"color-group","required":true,"elementId":"wcpa-color-group-69a5ab08ee12d","label":"Gr\u00f6\u00dfe","inline":true,"priceOptions":"different_for_all","pricingType":"fixed","className":"hassizechart product-shoes-size-eu product-shoes-size","name":"color-group-69a5ab08ee136","disp_type":"square","selection_type":"tick-border","disp_size":"50","show_label_inside":true,"adjust_width":true,"cart_display_type":"text","other_text":"Other","cl_rule":"show","col":6,"values":[{"label":"36","value":"EU 36","price":"","pimage":"","pimage_id":"","pthumb":"","color":"","selected":true},{"label":"37","value":"EU 37","price":"","pimage":"","pimage_id":"","pthumb":"","color":""},{"label":"37.5","value":"EU 37.5","price":"","pimage":"","pimage_id":"","pthumb":"","color":""},{"label":"38","value":"EU 38","price":"","pimage":"","pimage_id":"","pthumb":"","color":""},{"label":"38.5","value":"EU 38.5","price":"","pimage":"","pimage_id":"","pthumb":"","color":""},{"label":"39","value":"EU 39","price":"","pimage":"","pimage_id":"","pthumb":"","color":""},{"label":"39.5","value":"EU 39.5","price":"","pimage":"","pimage_id":"","pthumb":"","color":""},{"label":"40","value":"EU 40","price":"","pimage":"","pimage_id":"","pthumb":"","color":""},{"label":"40.5","value":"EU 40.5","price":"","pimage":"","pimage_id":"","pthumb":"","color":""},{"label":" 41.5","value":"EU 41.5","price":"","pimage":"","pimage_id":"","pthumb":"","color":""},{"label":"42","value":"EU 42","price":"","pimage":"","pimage_id":"","pthumb":"","color":""},{"label":"42.5","value":"EU 42.5","price":"","pimage":"","pimage_id":"","pthumb":"","color":""},{"label":"43.5","value":"EU 43.5","price":"","pimage":"","pimage_id":"","pthumb":"","color":""},{"label":"44","value":"EU 44","price":"","pimage":"","pimage_id":"","pthumb":"","color":""},{"label":"44.5","value":"EU 44.5","price":"","pimage":"","pimage_id":"","pthumb":"","color":""},{"label":"45","value":"EU 45","price":"","pimage":"","pimage_id":"","pthumb":"","color":""}],"relations":[{"operator":false,"rules":[]}],"form_id":184311,"form_rules":{"pric_cal_option_once":false,"exclude_from_discount":false,"pric_use_as_fee":false,"fee_label":"Fee","render_after_acb":false,"disp_hide_options_price":false}}]},"yoast_head":"<!-- This site is optimized with the Yoast SEO plugin v26.5 - https:\/\/yoast.com\/wordpress\/plugins\/seo\/ -->\n<title>ASICS Gel-Resolution 9 Paris &#039;Safety Yellow Black&#039;  - Tourcruiser PTE. LTD<\/title>\n<meta name=\"robots\" content=\"index, follow, max-snippet:-1, max-image-preview:large, max-video-preview:-1\" \/>\n<link rel=\"canonical\" href=\"https:\/\/tourcruiser.com\/\" \/>\n<meta property=\"og:locale\" content=\"de_DE\" \/>\n<meta property=\"og:type\" content=\"article\" \/>\n<meta property=\"og:title\" content=\"ASICS Gel-Resolution 9 Paris &#039;Safety Yellow Black&#039;  - Tourcruiser PTE. LTD\" \/>\n<meta property=\"og:description\" content=\"ASICS Gel-Resolution 9 Paris \u201d\u201d Safety Yellow\/Black\" \/>\n<meta property=\"og:url\" content=\"\/\" \/>\n<meta property=\"og:site_name\" content=\"Tourcruiser Sneaker Store\" \/>\n<meta property=\"article:modified_time\" content=\"2026-03-27T17:40:42+00:00\" \/>\n<meta name=\"twitter:card\" content=\"summary_large_image\" \/>\n<meta name=\"twitter:image\" content=\"https:\/\/images.novelship.com\/product\/asics_gel-resolution_9_paris__safety_yellow_black__0_66627.jpeg;https:\/\/images.novelship.com\/product\/asics_gel-resolution_9_paris__safety_yellow_black__1_66627.jpeg;https:\/\/images.novelship.com\/product\/asics_gel-resolution_9_paris__safety_yellow_black__2_66627.jpeg;https:\/\/images.novelship.com\/product\/asics_gel-resolution_9_paris__safety_yellow_black__3_66628.jpeg;https:\/\/images.novelship.com\/product\/asics_gel-resolution_9_paris__safety_yellow_black__4_66628.jpeg;https:\/\/images.novelship.com\/product\/asics_gel-resolution_9_paris__safety_yellow_black__5_66628.jpeg;https:\/\/images.novelship.com\/product\/asics_gel-resolution_9_paris__safety_yellow_black__6_66628.jpeg;https:\/\/images.novelship.com\/product\/asics_gel-resolution_9_paris__safety_yellow_black__7_66628.jpeg\" \/>\n<meta name=\"twitter:label1\" content=\"Gesch\u00e4tzte Lesezeit\" \/>\n\t<meta name=\"twitter:data1\" content=\"1\u00a0Minute\" \/>\n<script type=\"application\/ld+json\" class=\"yoast-schema-graph\">{\"@context\":\"https:\/\/schema.org\",\"@graph\":[{\"@type\":\"WebPage\",\"@id\":\"\/\",\"url\":\"https:\/\/tourcruiser.com\/\",\"name\":\"ASICS Gel-Resolution 9 Paris 'Safety Yellow Black' - Tourcruiser PTE. LTD\",\"isPartOf\":{\"@id\":\"https:\/\/tourcruiser.com\/de\/#website\"},\"primaryImageOfPage\":{\"@id\":\"https:\/\/tourcruiser.com\/#primaryimage\"},\"image\":{\"@id\":\"https:\/\/tourcruiser.com\/#primaryimage\"},\"thumbnailUrl\":\"https:\/\/images.novelship.com\/product\/asics_gel-resolution_9_paris__safety_yellow_black__0_66627.jpeg;https:\/\/images.novelship.com\/product\/asics_gel-resolution_9_paris__safety_yellow_black__1_66627.jpeg;https:\/\/images.novelship.com\/product\/asics_gel-resolution_9_paris__safety_yellow_black__2_66627.jpeg;https:\/\/images.novelship.com\/product\/asics_gel-resolution_9_paris__safety_yellow_black__3_66628.jpeg;https:\/\/images.novelship.com\/product\/asics_gel-resolution_9_paris__safety_yellow_black__4_66628.jpeg;https:\/\/images.novelship.com\/product\/asics_gel-resolution_9_paris__safety_yellow_black__5_66628.jpeg;https:\/\/images.novelship.com\/product\/asics_gel-resolution_9_paris__safety_yellow_black__6_66628.jpeg;https:\/\/images.novelship.com\/product\/asics_gel-resolution_9_paris__safety_yellow_black__7_66628.jpeg\",\"datePublished\":\"2026-03-02T07:39:36+00:00\",\"dateModified\":\"2026-03-27T17:40:42+00:00\",\"breadcrumb\":{\"@id\":\"https:\/\/tourcruiser.com\/#breadcrumb\"},\"inLanguage\":\"de\",\"potentialAction\":[{\"@type\":\"ReadAction\",\"target\":[\"https:\/\/tourcruiser.com\/\"]}]},{\"@type\":\"ImageObject\",\"inLanguage\":\"de\",\"@id\":\"https:\/\/tourcruiser.com\/#primaryimage\",\"url\":\"https:\/\/images.novelship.com\/product\/asics_gel-resolution_9_paris__safety_yellow_black__0_66627.jpeg;https:\/\/images.novelship.com\/product\/asics_gel-resolution_9_paris__safety_yellow_black__1_66627.jpeg;https:\/\/images.novelship.com\/product\/asics_gel-resolution_9_paris__safety_yellow_black__2_66627.jpeg;https:\/\/images.novelship.com\/product\/asics_gel-resolution_9_paris__safety_yellow_black__3_66628.jpeg;https:\/\/images.novelship.com\/product\/asics_gel-resolution_9_paris__safety_yellow_black__4_66628.jpeg;https:\/\/images.novelship.com\/product\/asics_gel-resolution_9_paris__safety_yellow_black__5_66628.jpeg;https:\/\/images.novelship.com\/product\/asics_gel-resolution_9_paris__safety_yellow_black__6_66628.jpeg;https:\/\/images.novelship.com\/product\/asics_gel-resolution_9_paris__safety_yellow_black__7_66628.jpeg\",\"contentUrl\":\"https:\/\/images.novelship.com\/product\/asics_gel-resolution_9_paris__safety_yellow_black__0_66627.jpeg;https:\/\/images.novelship.com\/product\/asics_gel-resolution_9_paris__safety_yellow_black__1_66627.jpeg;https:\/\/images.novelship.com\/product\/asics_gel-resolution_9_paris__safety_yellow_black__2_66627.jpeg;https:\/\/images.novelship.com\/product\/asics_gel-resolution_9_paris__safety_yellow_black__3_66628.jpeg;https:\/\/images.novelship.com\/product\/asics_gel-resolution_9_paris__safety_yellow_black__4_66628.jpeg;https:\/\/images.novelship.com\/product\/asics_gel-resolution_9_paris__safety_yellow_black__5_66628.jpeg;https:\/\/images.novelship.com\/product\/asics_gel-resolution_9_paris__safety_yellow_black__6_66628.jpeg;https:\/\/images.novelship.com\/product\/asics_gel-resolution_9_paris__safety_yellow_black__7_66628.jpeg\"},{\"@type\":\"BreadcrumbList\",\"@id\":\"https:\/\/tourcruiser.com\/#breadcrumb\",\"itemListElement\":[{\"@type\":\"ListItem\",\"position\":1,\"name\":\"Home\",\"item\":\"https:\/\/tourcruiser.com\/de\/\"},{\"@type\":\"ListItem\",\"position\":2,\"name\":\"Shop\",\"item\":\"https:\/\/tourcruiser.com\/de\/shop\/\"},{\"@type\":\"ListItem\",\"position\":3,\"name\":\"ASICS Gel-Resolution 9 Paris &#8218;Safety Yellow Black&#8216;\"}]},{\"@type\":\"WebSite\",\"@id\":\"https:\/\/tourcruiser.com\/de\/#website\",\"url\":\"https:\/\/tourcruiser.com\/de\/\",\"name\":\"Styloral Jewelry Shop\",\"description\":\"Tourcruiser Sneaker Store \u2014 der Ort, an dem das Universum deine Einzigartigkeit trifft.\",\"publisher\":{\"@id\":\"https:\/\/tourcruiser.com\/de\/#organization\"},\"potentialAction\":[{\"@type\":\"SearchAction\",\"target\":{\"@type\":\"EntryPoint\",\"urlTemplate\":\"https:\/\/tourcruiser.com\/de\/?s={search_term_string}\"},\"query-input\":{\"@type\":\"PropertyValueSpecification\",\"valueRequired\":true,\"valueName\":\"search_term_string\"}}],\"inLanguage\":\"de\"},{\"@type\":\"Organization\",\"@id\":\"https:\/\/tourcruiser.com\/de\/#organization\",\"name\":\"STYLORAL PTE. LTD\",\"url\":\"https:\/\/tourcruiser.com\/de\/\",\"logo\":{\"@type\":\"ImageObject\",\"inLanguage\":\"de\",\"@id\":\"https:\/\/tourcruiser.com\/de\/#\/schema\/logo\/image\/\",\"url\":\"https:\/\/www.tourcruiser.com\/wp-content\/uploads\/2025\/12\/logo.png\",\"contentUrl\":\"https:\/\/www.tourcruiser.com\/wp-content\/uploads\/2025\/12\/logo.png\",\"width\":200,\"height\":65,\"caption\":\"STYLORAL PTE. LTD\"},\"image\":{\"@id\":\"https:\/\/tourcruiser.com\/de\/#\/schema\/logo\/image\/\"}}]}<\/script>\n<!-- \/ Yoast SEO plugin. -->","yoast_head_json":{"title":"ASICS Gel-Resolution 9 Paris 'Safety Yellow Black'  - Tourcruiser PTE. LTD","robots":{"index":"index","follow":"follow","max-snippet":"max-snippet:-1","max-image-preview":"max-image-preview:large","max-video-preview":"max-video-preview:-1"},"canonical":"https:\/\/tourcruiser.com\/","og_locale":"de_DE","og_type":"article","og_title":"ASICS Gel-Resolution 9 Paris 'Safety Yellow Black'  - Tourcruiser PTE. LTD","og_description":"ASICS Gel-Resolution 9 Paris \u201d\u201d Safety Yellow\/Black","og_url":"\/","og_site_name":"Tourcruiser Sneaker Store","article_modified_time":"2026-03-27T17:40:42+00:00","twitter_card":"summary_large_image","twitter_image":"https:\/\/images.novelship.com\/product\/asics_gel-resolution_9_paris__safety_yellow_black__0_66627.jpeg;https:\/\/images.novelship.com\/product\/asics_gel-resolution_9_paris__safety_yellow_black__1_66627.jpeg;https:\/\/images.novelship.com\/product\/asics_gel-resolution_9_paris__safety_yellow_black__2_66627.jpeg;https:\/\/images.novelship.com\/product\/asics_gel-resolution_9_paris__safety_yellow_black__3_66628.jpeg;https:\/\/images.novelship.com\/product\/asics_gel-resolution_9_paris__safety_yellow_black__4_66628.jpeg;https:\/\/images.novelship.com\/product\/asics_gel-resolution_9_paris__safety_yellow_black__5_66628.jpeg;https:\/\/images.novelship.com\/product\/asics_gel-resolution_9_paris__safety_yellow_black__6_66628.jpeg;https:\/\/images.novelship.com\/product\/asics_gel-resolution_9_paris__safety_yellow_black__7_66628.jpeg","twitter_misc":{"Gesch\u00e4tzte Lesezeit":"1\u00a0Minute"},"schema":{"@context":"https:\/\/schema.org","@graph":[{"@type":"WebPage","@id":"\/","url":"https:\/\/tourcruiser.com\/","name":"ASICS Gel-Resolution 9 Paris 'Safety Yellow Black' - Tourcruiser PTE. LTD","isPartOf":{"@id":"https:\/\/tourcruiser.com\/de\/#website"},"primaryImageOfPage":{"@id":"https:\/\/tourcruiser.com\/#primaryimage"},"image":{"@id":"https:\/\/tourcruiser.com\/#primaryimage"},"thumbnailUrl":"https:\/\/images.novelship.com\/product\/asics_gel-resolution_9_paris__safety_yellow_black__0_66627.jpeg;https:\/\/images.novelship.com\/product\/asics_gel-resolution_9_paris__safety_yellow_black__1_66627.jpeg;https:\/\/images.novelship.com\/product\/asics_gel-resolution_9_paris__safety_yellow_black__2_66627.jpeg;https:\/\/images.novelship.com\/product\/asics_gel-resolution_9_paris__safety_yellow_black__3_66628.jpeg;https:\/\/images.novelship.com\/product\/asics_gel-resolution_9_paris__safety_yellow_black__4_66628.jpeg;https:\/\/images.novelship.com\/product\/asics_gel-resolution_9_paris__safety_yellow_black__5_66628.jpeg;https:\/\/images.novelship.com\/product\/asics_gel-resolution_9_paris__safety_yellow_black__6_66628.jpeg;https:\/\/images.novelship.com\/product\/asics_gel-resolution_9_paris__safety_yellow_black__7_66628.jpeg","datePublished":"2026-03-02T07:39:36+00:00","dateModified":"2026-03-27T17:40:42+00:00","breadcrumb":{"@id":"https:\/\/tourcruiser.com\/#breadcrumb"},"inLanguage":"de","potentialAction":[{"@type":"ReadAction","target":["https:\/\/tourcruiser.com\/"]}]},{"@type":"ImageObject","inLanguage":"de","@id":"https:\/\/tourcruiser.com\/#primaryimage","url":"https:\/\/images.novelship.com\/product\/asics_gel-resolution_9_paris__safety_yellow_black__0_66627.jpeg;https:\/\/images.novelship.com\/product\/asics_gel-resolution_9_paris__safety_yellow_black__1_66627.jpeg;https:\/\/images.novelship.com\/product\/asics_gel-resolution_9_paris__safety_yellow_black__2_66627.jpeg;https:\/\/images.novelship.com\/product\/asics_gel-resolution_9_paris__safety_yellow_black__3_66628.jpeg;https:\/\/images.novelship.com\/product\/asics_gel-resolution_9_paris__safety_yellow_black__4_66628.jpeg;https:\/\/images.novelship.com\/product\/asics_gel-resolution_9_paris__safety_yellow_black__5_66628.jpeg;https:\/\/images.novelship.com\/product\/asics_gel-resolution_9_paris__safety_yellow_black__6_66628.jpeg;https:\/\/images.novelship.com\/product\/asics_gel-resolution_9_paris__safety_yellow_black__7_66628.jpeg","contentUrl":"https:\/\/images.novelship.com\/product\/asics_gel-resolution_9_paris__safety_yellow_black__0_66627.jpeg;https:\/\/images.novelship.com\/product\/asics_gel-resolution_9_paris__safety_yellow_black__1_66627.jpeg;https:\/\/images.novelship.com\/product\/asics_gel-resolution_9_paris__safety_yellow_black__2_66627.jpeg;https:\/\/images.novelship.com\/product\/asics_gel-resolution_9_paris__safety_yellow_black__3_66628.jpeg;https:\/\/images.novelship.com\/product\/asics_gel-resolution_9_paris__safety_yellow_black__4_66628.jpeg;https:\/\/images.novelship.com\/product\/asics_gel-resolution_9_paris__safety_yellow_black__5_66628.jpeg;https:\/\/images.novelship.com\/product\/asics_gel-resolution_9_paris__safety_yellow_black__6_66628.jpeg;https:\/\/images.novelship.com\/product\/asics_gel-resolution_9_paris__safety_yellow_black__7_66628.jpeg"},{"@type":"BreadcrumbList","@id":"https:\/\/tourcruiser.com\/#breadcrumb","itemListElement":[{"@type":"ListItem","position":1,"name":"Home","item":"https:\/\/tourcruiser.com\/de\/"},{"@type":"ListItem","position":2,"name":"Shop","item":"https:\/\/tourcruiser.com\/de\/shop\/"},{"@type":"ListItem","position":3,"name":"ASICS Gel-Resolution 9 Paris &#8218;Safety Yellow Black&#8216;"}]},{"@type":"WebSite","@id":"https:\/\/tourcruiser.com\/de\/#website","url":"https:\/\/tourcruiser.com\/de\/","name":"Styloral Jewelry Shop","description":"Tourcruiser Sneaker Store \u2014 der Ort, an dem das Universum deine Einzigartigkeit trifft.","publisher":{"@id":"https:\/\/tourcruiser.com\/de\/#organization"},"potentialAction":[{"@type":"SearchAction","target":{"@type":"EntryPoint","urlTemplate":"https:\/\/tourcruiser.com\/de\/?s={search_term_string}"},"query-input":{"@type":"PropertyValueSpecification","valueRequired":true,"valueName":"search_term_string"}}],"inLanguage":"de"},{"@type":"Organization","@id":"https:\/\/tourcruiser.com\/de\/#organization","name":"STYLORAL PTE. LTD","url":"https:\/\/tourcruiser.com\/de\/","logo":{"@type":"ImageObject","inLanguage":"de","@id":"https:\/\/tourcruiser.com\/de\/#\/schema\/logo\/image\/","url":"https:\/\/www.tourcruiser.com\/wp-content\/uploads\/2025\/12\/logo.png","contentUrl":"https:\/\/www.tourcruiser.com\/wp-content\/uploads\/2025\/12\/logo.png","width":200,"height":65,"caption":"STYLORAL PTE. LTD"},"image":{"@id":"https:\/\/tourcruiser.com\/de\/#\/schema\/logo\/image\/"}}]}},"_links":{"self":[{"href":"https:\/\/tourcruiser.com\/de\/wp-json\/wp\/v2\/product\/30387","targetHints":{"allow":["GET"]}}],"collection":[{"href":"https:\/\/tourcruiser.com\/de\/wp-json\/wp\/v2\/product"}],"about":[{"href":"https:\/\/tourcruiser.com\/de\/wp-json\/wp\/v2\/types\/product"}],"replies":[{"embeddable":true,"href":"https:\/\/tourcruiser.com\/de\/wp-json\/wp\/v2\/comments?post=30387"}],"wp:featuredmedia":[{"embeddable":true,"href":"https:\/\/tourcruiser.com\/de\/wp-json\/wp\/v2\/media\/30388"}],"wp:attachment":[{"href":"https:\/\/tourcruiser.com\/de\/wp-json\/wp\/v2\/media?parent=30387"}],"wp:term":[{"taxonomy":"product_brand","embeddable":true,"href":"https:\/\/tourcruiser.com\/de\/wp-json\/wp\/v2\/product_brand?post=30387"},{"taxonomy":"product_cat","embeddable":true,"href":"https:\/\/tourcruiser.com\/de\/wp-json\/wp\/v2\/product_cat?post=30387"},{"taxonomy":"product_tag","embeddable":true,"href":"https:\/\/tourcruiser.com\/de\/wp-json\/wp\/v2\/product_tag?post=30387"}],"curies":[{"name":"wp","href":"https:\/\/api.w.org\/{rel}","templated":true}]}}