{"id":29574,"date":"2026-03-02T14:38:24","date_gmt":"2026-03-02T07:38:24","guid":{"rendered":"http:\/\/tourcruiser.com\/product\/nike-book-1-ep-text"},"modified":"2026-03-28T00:39:49","modified_gmt":"2026-03-27T17:39:49","slug":"nike-book-1-ep-text","status":"publish","type":"product","link":"https:\/\/tourcruiser.com\/de\/products\/nike-book-1-ep-text\/","title":{"rendered":"Nike Book 1 EP &#8218;Text&#8216;"},"content":{"rendered":"<p>Entdecken Sie das Book 1 \u201eText\u201c EP IB8053-800, ein elegantes und vielseitiges Notizbuch, das Ihre t\u00e4glichen Organisationsbed\u00fcrfnisse mit seiner hochwertigen Verarbeitung und seinem stilvollen Design optimal unterst\u00fctzt. Dieses hochwertige Notizbuch verf\u00fcgt \u00fcber eine robuste Bindung und glatte Seiten, die Ihnen ein m\u00fcheloses Schreib- oder Zeichenerlebnis im privaten wie im beruflichen Bereich erm\u00f6glichen. Kompakt und leicht ist es der perfekte Begleiter f\u00fcr unterwegs \u201d\u201c ob zu Meetings, Vorlesungen, kreativen Brainstorming-Sessions oder zum pers\u00f6nlichen Tagebuchschreiben. Seine edle \u00c4sthetik f\u00fcgt sich nahtlos in jede Umgebung ein und macht es zur idealen Wahl f\u00fcr Studenten, Berufst\u00e4tige und K\u00fcnstler, die einen zuverl\u00e4ssigen Begleiter f\u00fcr ihre Gedanken und Ideen suchen. Mit dem Book 1 \u201eText\u201c EP IB8053-800 steigern Sie Ihre Produktivit\u00e4t und Kreativit\u00e4t dank sorgf\u00e4ltiger Detailverarbeitung und hochwertiger Verarbeitung.<\/p>\n<ul>\n<li><strong>Farbgebung:<\/strong> Magic Ember\/Picante Red\/Washed Coral\/White Onyx<\/li>\n<li><strong>Artikelnummer:<\/strong> IB8053-800<\/li>\n<li><strong>Obermaterial:<\/strong> Textil<\/li>\n<li><strong>Zwischensohle:<\/strong> Zoom Air<\/li>\n<li><strong>Farbe:<\/strong> Rot<\/li>\n<li><strong>Designer:<\/strong> Benjamin Nethongkome<\/li>\n<\/ul>\n","protected":false},"excerpt":{"rendered":"<p>Nike None \u201d\u201d Magic Ember\/Picante Red\/Washed Coral\/White Onyx<\/p>\n","protected":false},"featured_media":29575,"comment_status":"open","ping_status":"closed","template":"","meta":[],"product_brand":[],"product_cat":[10803],"product_tag":[10754,10765,10801,10768,10758],"class_list":{"0":"post-29574","1":"product","2":"type-product","3":"status-publish","4":"has-post-thumbnail","6":"product_cat-nike","7":"product_tag-lifestyle-casual-shoes","8":"product_tag-lifestyle-shoes-running-inspired","9":"product_tag-nike","10":"product_tag-retro-running-shoes","11":"product_tag-under-retail","12":"wcpa_has_options","14":"first","15":"outofstock","16":"taxable","17":"shipping-taxable","18":"purchasable","19":"product-type-simple"},"wcpa_form_fields":{"rules":{"pric_overide_base_price":false,"pric_overide_base_price_if_gt_zero":false,"pric_overide_base_price_fully":false,"pric_cal_option_once":false,"pric_use_as_fee":false,"bind_quantity":false,"quantity_bind_formula":false},"fields":[{"type":"color-group","required":true,"elementId":"wcpa-color-group-66c4a75505e74","label":"Gr\u00f6\u00dfe - EU Gr\u00f6\u00dfe","inline":true,"priceOptions":"different_for_all","pricingType":"fixed","className":"hassizechart product-shoes-size-eu product-shoes-size","name":"color-group-66c4a75505e89","disp_type":"square","selection_type":"tick-border","disp_size":"44","show_label_inside":true,"adjust_width":true,"cart_display_type":"text","other_text":"Other","cl_rule":"show","col":6,"values":[{"label":"35.5","value":"EU 35.5","price":"","pimage":"","pimage_id":"","pthumb":"","color":""},{"label":"36","value":"EU 36","price":"","pimage":"","pimage_id":"","pthumb":"","color":"","selected":true},{"label":"36.5","value":"EU 36.5","price":"","pimage":"","pimage_id":"","pthumb":"","color":""},{"label":"37.5","value":"EU 37.5","price":"","pimage":"","pimage_id":"","pthumb":"","color":""},{"label":"38","value":"EU 38","price":"","pimage":"","pimage_id":"","pthumb":"","color":""},{"label":"38.5","value":"EU 38.5","price":"","pimage":"","pimage_id":"","pthumb":"","color":""},{"label":"39","value":"EU 39","price":"","pimage":"","pimage_id":"","pthumb":"","color":""},{"label":"40","value":"EU 40","price":"","pimage":"","pimage_id":"","pthumb":"","color":""},{"label":"40.5","value":"EU 40.5","price":"","pimage":"","pimage_id":"","pthumb":"","color":""},{"label":"41","value":"EU 41","price":"","pimage":"","pimage_id":"","pthumb":"","color":""},{"label":"42","value":"EU 42","price":"","pimage":"","pimage_id":"","pthumb":"","color":""},{"label":"42.5","value":"EU 42.5","price":"","pimage":"","pimage_id":"","pthumb":"","color":""},{"label":"43","value":"EU 43","price":"","pimage":"","pimage_id":"","pthumb":"","color":""},{"label":"44","value":"EU 44","price":"","pimage":"","pimage_id":"","pthumb":"","color":""},{"label":"44.5","value":"EU 44.5","price":"","pimage":"","pimage_id":"","pthumb":"","color":""},{"label":"45","value":"EU 45","price":"","pimage":"","pimage_id":"","pthumb":"","color":""},{"label":"45.5","value":"EU 45.5","price":"","pimage":"","pimage_id":"","pthumb":"","color":""},{"label":"46","value":"EU 46","price":"","pimage":"","pimage_id":"","pthumb":"","color":""},{"label":"47","value":"EU 47","price":"","pimage":"","pimage_id":"","pthumb":"","color":""},{"label":"47.5","value":"EU 47.5","price":"","pimage":"","pimage_id":"","pthumb":"","color":""},{"label":"48","value":"EU 48","price":"","pimage":"","pimage_id":"","pthumb":"","color":""}],"relations":[{"operator":false,"rules":[]}],"form_id":18106,"form_rules":{"pric_cal_option_once":false,"exclude_from_discount":false,"pric_use_as_fee":false,"fee_label":"Fee","render_after_acb":false,"disp_hide_options_price":false}}]},"yoast_head":"<!-- This site is optimized with the Yoast SEO plugin v26.5 - https:\/\/yoast.com\/wordpress\/plugins\/seo\/ -->\n<title>Nike Book 1 EP &#039;Text&#039;  - Tourcruiser PTE. LTD<\/title>\n<meta name=\"robots\" content=\"index, follow, max-snippet:-1, max-image-preview:large, max-video-preview:-1\" \/>\n<link rel=\"canonical\" href=\"https:\/\/tourcruiser.com\/\" \/>\n<meta property=\"og:locale\" content=\"de_DE\" \/>\n<meta property=\"og:type\" content=\"article\" \/>\n<meta property=\"og:title\" content=\"Nike Book 1 EP &#039;Text&#039;  - Tourcruiser PTE. LTD\" \/>\n<meta property=\"og:description\" content=\"Nike None \u201d\u201d Magic Ember\/Picante Red\/Washed Coral\/White Onyx\" \/>\n<meta property=\"og:url\" content=\"\/\" \/>\n<meta property=\"og:site_name\" content=\"Tourcruiser Sneaker Store\" \/>\n<meta property=\"article:modified_time\" content=\"2026-03-27T17:39:49+00:00\" \/>\n<meta name=\"twitter:card\" content=\"summary_large_image\" \/>\n<meta name=\"twitter:image\" content=\"https:\/\/images.novelship.com\/product\/book_1__text__ep_ib8053-800_0_15312.jpeg;https:\/\/images.novelship.com\/product\/book_1__text__ep_ib8053-800_1_15315.jpeg;https:\/\/images.novelship.com\/product\/book_1__text__ep_ib8053-800_2_15315.jpeg;https:\/\/images.novelship.com\/product\/book_1__text__ep_ib8053-800_3_15315.jpeg;https:\/\/images.novelship.com\/product\/book_1__text__ep_ib8053-800_4_15315.jpeg;https:\/\/images.novelship.com\/product\/book_1__text__ep_ib8053-800_5_15315.jpeg;https:\/\/images.novelship.com\/product\/book_1__text__ep_ib8053-800_6_15315.jpeg;https:\/\/images.novelship.com\/product\/book_1__text__ep_ib8053-800_7_15315.jpeg;https:\/\/images.novelship.com\/product\/book_1__text__ep_ib8053-800_8_15316.jpeg\" \/>\n<meta name=\"twitter:label1\" content=\"Gesch\u00e4tzte Lesezeit\" \/>\n\t<meta name=\"twitter:data1\" content=\"1\u00a0Minute\" \/>\n<script type=\"application\/ld+json\" class=\"yoast-schema-graph\">{\"@context\":\"https:\/\/schema.org\",\"@graph\":[{\"@type\":\"WebPage\",\"@id\":\"\/\",\"url\":\"https:\/\/tourcruiser.com\/\",\"name\":\"Nike Book 1 EP 'Text' - Tourcruiser PTE. LTD\",\"isPartOf\":{\"@id\":\"https:\/\/tourcruiser.com\/de\/#website\"},\"primaryImageOfPage\":{\"@id\":\"https:\/\/tourcruiser.com\/#primaryimage\"},\"image\":{\"@id\":\"https:\/\/tourcruiser.com\/#primaryimage\"},\"thumbnailUrl\":\"https:\/\/images.novelship.com\/product\/book_1__text__ep_ib8053-800_0_15312.jpeg;https:\/\/images.novelship.com\/product\/book_1__text__ep_ib8053-800_1_15315.jpeg;https:\/\/images.novelship.com\/product\/book_1__text__ep_ib8053-800_2_15315.jpeg;https:\/\/images.novelship.com\/product\/book_1__text__ep_ib8053-800_3_15315.jpeg;https:\/\/images.novelship.com\/product\/book_1__text__ep_ib8053-800_4_15315.jpeg;https:\/\/images.novelship.com\/product\/book_1__text__ep_ib8053-800_5_15315.jpeg;https:\/\/images.novelship.com\/product\/book_1__text__ep_ib8053-800_6_15315.jpeg;https:\/\/images.novelship.com\/product\/book_1__text__ep_ib8053-800_7_15315.jpeg;https:\/\/images.novelship.com\/product\/book_1__text__ep_ib8053-800_8_15316.jpeg\",\"datePublished\":\"2026-03-02T07:38:24+00:00\",\"dateModified\":\"2026-03-27T17:39:49+00:00\",\"breadcrumb\":{\"@id\":\"https:\/\/tourcruiser.com\/#breadcrumb\"},\"inLanguage\":\"de\",\"potentialAction\":[{\"@type\":\"ReadAction\",\"target\":[\"https:\/\/tourcruiser.com\/\"]}]},{\"@type\":\"ImageObject\",\"inLanguage\":\"de\",\"@id\":\"https:\/\/tourcruiser.com\/#primaryimage\",\"url\":\"https:\/\/images.novelship.com\/product\/book_1__text__ep_ib8053-800_0_15312.jpeg;https:\/\/images.novelship.com\/product\/book_1__text__ep_ib8053-800_1_15315.jpeg;https:\/\/images.novelship.com\/product\/book_1__text__ep_ib8053-800_2_15315.jpeg;https:\/\/images.novelship.com\/product\/book_1__text__ep_ib8053-800_3_15315.jpeg;https:\/\/images.novelship.com\/product\/book_1__text__ep_ib8053-800_4_15315.jpeg;https:\/\/images.novelship.com\/product\/book_1__text__ep_ib8053-800_5_15315.jpeg;https:\/\/images.novelship.com\/product\/book_1__text__ep_ib8053-800_6_15315.jpeg;https:\/\/images.novelship.com\/product\/book_1__text__ep_ib8053-800_7_15315.jpeg;https:\/\/images.novelship.com\/product\/book_1__text__ep_ib8053-800_8_15316.jpeg\",\"contentUrl\":\"https:\/\/images.novelship.com\/product\/book_1__text__ep_ib8053-800_0_15312.jpeg;https:\/\/images.novelship.com\/product\/book_1__text__ep_ib8053-800_1_15315.jpeg;https:\/\/images.novelship.com\/product\/book_1__text__ep_ib8053-800_2_15315.jpeg;https:\/\/images.novelship.com\/product\/book_1__text__ep_ib8053-800_3_15315.jpeg;https:\/\/images.novelship.com\/product\/book_1__text__ep_ib8053-800_4_15315.jpeg;https:\/\/images.novelship.com\/product\/book_1__text__ep_ib8053-800_5_15315.jpeg;https:\/\/images.novelship.com\/product\/book_1__text__ep_ib8053-800_6_15315.jpeg;https:\/\/images.novelship.com\/product\/book_1__text__ep_ib8053-800_7_15315.jpeg;https:\/\/images.novelship.com\/product\/book_1__text__ep_ib8053-800_8_15316.jpeg\"},{\"@type\":\"BreadcrumbList\",\"@id\":\"https:\/\/tourcruiser.com\/#breadcrumb\",\"itemListElement\":[{\"@type\":\"ListItem\",\"position\":1,\"name\":\"Home\",\"item\":\"https:\/\/tourcruiser.com\/de\/\"},{\"@type\":\"ListItem\",\"position\":2,\"name\":\"Shop\",\"item\":\"https:\/\/tourcruiser.com\/de\/shop\/\"},{\"@type\":\"ListItem\",\"position\":3,\"name\":\"Nike Book 1 EP &#8218;Text&#8216;\"}]},{\"@type\":\"WebSite\",\"@id\":\"https:\/\/tourcruiser.com\/de\/#website\",\"url\":\"https:\/\/tourcruiser.com\/de\/\",\"name\":\"Styloral Jewelry Shop\",\"description\":\"Tourcruiser Sneaker Store \u2014 der Ort, an dem das Universum deine Einzigartigkeit trifft.\",\"publisher\":{\"@id\":\"https:\/\/tourcruiser.com\/de\/#organization\"},\"potentialAction\":[{\"@type\":\"SearchAction\",\"target\":{\"@type\":\"EntryPoint\",\"urlTemplate\":\"https:\/\/tourcruiser.com\/de\/?s={search_term_string}\"},\"query-input\":{\"@type\":\"PropertyValueSpecification\",\"valueRequired\":true,\"valueName\":\"search_term_string\"}}],\"inLanguage\":\"de\"},{\"@type\":\"Organization\",\"@id\":\"https:\/\/tourcruiser.com\/de\/#organization\",\"name\":\"STYLORAL PTE. LTD\",\"url\":\"https:\/\/tourcruiser.com\/de\/\",\"logo\":{\"@type\":\"ImageObject\",\"inLanguage\":\"de\",\"@id\":\"https:\/\/tourcruiser.com\/de\/#\/schema\/logo\/image\/\",\"url\":\"https:\/\/www.tourcruiser.com\/wp-content\/uploads\/2025\/12\/logo.png\",\"contentUrl\":\"https:\/\/www.tourcruiser.com\/wp-content\/uploads\/2025\/12\/logo.png\",\"width\":200,\"height\":65,\"caption\":\"STYLORAL PTE. LTD\"},\"image\":{\"@id\":\"https:\/\/tourcruiser.com\/de\/#\/schema\/logo\/image\/\"}}]}<\/script>\n<!-- \/ Yoast SEO plugin. -->","yoast_head_json":{"title":"Nike Book 1 EP 'Text'  - Tourcruiser PTE. LTD","robots":{"index":"index","follow":"follow","max-snippet":"max-snippet:-1","max-image-preview":"max-image-preview:large","max-video-preview":"max-video-preview:-1"},"canonical":"https:\/\/tourcruiser.com\/","og_locale":"de_DE","og_type":"article","og_title":"Nike Book 1 EP 'Text'  - Tourcruiser PTE. LTD","og_description":"Nike None \u201d\u201d Magic Ember\/Picante Red\/Washed Coral\/White Onyx","og_url":"\/","og_site_name":"Tourcruiser Sneaker Store","article_modified_time":"2026-03-27T17:39:49+00:00","twitter_card":"summary_large_image","twitter_image":"https:\/\/images.novelship.com\/product\/book_1__text__ep_ib8053-800_0_15312.jpeg;https:\/\/images.novelship.com\/product\/book_1__text__ep_ib8053-800_1_15315.jpeg;https:\/\/images.novelship.com\/product\/book_1__text__ep_ib8053-800_2_15315.jpeg;https:\/\/images.novelship.com\/product\/book_1__text__ep_ib8053-800_3_15315.jpeg;https:\/\/images.novelship.com\/product\/book_1__text__ep_ib8053-800_4_15315.jpeg;https:\/\/images.novelship.com\/product\/book_1__text__ep_ib8053-800_5_15315.jpeg;https:\/\/images.novelship.com\/product\/book_1__text__ep_ib8053-800_6_15315.jpeg;https:\/\/images.novelship.com\/product\/book_1__text__ep_ib8053-800_7_15315.jpeg;https:\/\/images.novelship.com\/product\/book_1__text__ep_ib8053-800_8_15316.jpeg","twitter_misc":{"Gesch\u00e4tzte Lesezeit":"1\u00a0Minute"},"schema":{"@context":"https:\/\/schema.org","@graph":[{"@type":"WebPage","@id":"\/","url":"https:\/\/tourcruiser.com\/","name":"Nike Book 1 EP 'Text' - Tourcruiser PTE. LTD","isPartOf":{"@id":"https:\/\/tourcruiser.com\/de\/#website"},"primaryImageOfPage":{"@id":"https:\/\/tourcruiser.com\/#primaryimage"},"image":{"@id":"https:\/\/tourcruiser.com\/#primaryimage"},"thumbnailUrl":"https:\/\/images.novelship.com\/product\/book_1__text__ep_ib8053-800_0_15312.jpeg;https:\/\/images.novelship.com\/product\/book_1__text__ep_ib8053-800_1_15315.jpeg;https:\/\/images.novelship.com\/product\/book_1__text__ep_ib8053-800_2_15315.jpeg;https:\/\/images.novelship.com\/product\/book_1__text__ep_ib8053-800_3_15315.jpeg;https:\/\/images.novelship.com\/product\/book_1__text__ep_ib8053-800_4_15315.jpeg;https:\/\/images.novelship.com\/product\/book_1__text__ep_ib8053-800_5_15315.jpeg;https:\/\/images.novelship.com\/product\/book_1__text__ep_ib8053-800_6_15315.jpeg;https:\/\/images.novelship.com\/product\/book_1__text__ep_ib8053-800_7_15315.jpeg;https:\/\/images.novelship.com\/product\/book_1__text__ep_ib8053-800_8_15316.jpeg","datePublished":"2026-03-02T07:38:24+00:00","dateModified":"2026-03-27T17:39:49+00:00","breadcrumb":{"@id":"https:\/\/tourcruiser.com\/#breadcrumb"},"inLanguage":"de","potentialAction":[{"@type":"ReadAction","target":["https:\/\/tourcruiser.com\/"]}]},{"@type":"ImageObject","inLanguage":"de","@id":"https:\/\/tourcruiser.com\/#primaryimage","url":"https:\/\/images.novelship.com\/product\/book_1__text__ep_ib8053-800_0_15312.jpeg;https:\/\/images.novelship.com\/product\/book_1__text__ep_ib8053-800_1_15315.jpeg;https:\/\/images.novelship.com\/product\/book_1__text__ep_ib8053-800_2_15315.jpeg;https:\/\/images.novelship.com\/product\/book_1__text__ep_ib8053-800_3_15315.jpeg;https:\/\/images.novelship.com\/product\/book_1__text__ep_ib8053-800_4_15315.jpeg;https:\/\/images.novelship.com\/product\/book_1__text__ep_ib8053-800_5_15315.jpeg;https:\/\/images.novelship.com\/product\/book_1__text__ep_ib8053-800_6_15315.jpeg;https:\/\/images.novelship.com\/product\/book_1__text__ep_ib8053-800_7_15315.jpeg;https:\/\/images.novelship.com\/product\/book_1__text__ep_ib8053-800_8_15316.jpeg","contentUrl":"https:\/\/images.novelship.com\/product\/book_1__text__ep_ib8053-800_0_15312.jpeg;https:\/\/images.novelship.com\/product\/book_1__text__ep_ib8053-800_1_15315.jpeg;https:\/\/images.novelship.com\/product\/book_1__text__ep_ib8053-800_2_15315.jpeg;https:\/\/images.novelship.com\/product\/book_1__text__ep_ib8053-800_3_15315.jpeg;https:\/\/images.novelship.com\/product\/book_1__text__ep_ib8053-800_4_15315.jpeg;https:\/\/images.novelship.com\/product\/book_1__text__ep_ib8053-800_5_15315.jpeg;https:\/\/images.novelship.com\/product\/book_1__text__ep_ib8053-800_6_15315.jpeg;https:\/\/images.novelship.com\/product\/book_1__text__ep_ib8053-800_7_15315.jpeg;https:\/\/images.novelship.com\/product\/book_1__text__ep_ib8053-800_8_15316.jpeg"},{"@type":"BreadcrumbList","@id":"https:\/\/tourcruiser.com\/#breadcrumb","itemListElement":[{"@type":"ListItem","position":1,"name":"Home","item":"https:\/\/tourcruiser.com\/de\/"},{"@type":"ListItem","position":2,"name":"Shop","item":"https:\/\/tourcruiser.com\/de\/shop\/"},{"@type":"ListItem","position":3,"name":"Nike Book 1 EP &#8218;Text&#8216;"}]},{"@type":"WebSite","@id":"https:\/\/tourcruiser.com\/de\/#website","url":"https:\/\/tourcruiser.com\/de\/","name":"Styloral Jewelry Shop","description":"Tourcruiser Sneaker Store \u2014 der Ort, an dem das Universum deine Einzigartigkeit trifft.","publisher":{"@id":"https:\/\/tourcruiser.com\/de\/#organization"},"potentialAction":[{"@type":"SearchAction","target":{"@type":"EntryPoint","urlTemplate":"https:\/\/tourcruiser.com\/de\/?s={search_term_string}"},"query-input":{"@type":"PropertyValueSpecification","valueRequired":true,"valueName":"search_term_string"}}],"inLanguage":"de"},{"@type":"Organization","@id":"https:\/\/tourcruiser.com\/de\/#organization","name":"STYLORAL PTE. LTD","url":"https:\/\/tourcruiser.com\/de\/","logo":{"@type":"ImageObject","inLanguage":"de","@id":"https:\/\/tourcruiser.com\/de\/#\/schema\/logo\/image\/","url":"https:\/\/www.tourcruiser.com\/wp-content\/uploads\/2025\/12\/logo.png","contentUrl":"https:\/\/www.tourcruiser.com\/wp-content\/uploads\/2025\/12\/logo.png","width":200,"height":65,"caption":"STYLORAL PTE. LTD"},"image":{"@id":"https:\/\/tourcruiser.com\/de\/#\/schema\/logo\/image\/"}}]}},"_links":{"self":[{"href":"https:\/\/tourcruiser.com\/de\/wp-json\/wp\/v2\/product\/29574","targetHints":{"allow":["GET"]}}],"collection":[{"href":"https:\/\/tourcruiser.com\/de\/wp-json\/wp\/v2\/product"}],"about":[{"href":"https:\/\/tourcruiser.com\/de\/wp-json\/wp\/v2\/types\/product"}],"replies":[{"embeddable":true,"href":"https:\/\/tourcruiser.com\/de\/wp-json\/wp\/v2\/comments?post=29574"}],"wp:featuredmedia":[{"embeddable":true,"href":"https:\/\/tourcruiser.com\/de\/wp-json\/wp\/v2\/media\/29575"}],"wp:attachment":[{"href":"https:\/\/tourcruiser.com\/de\/wp-json\/wp\/v2\/media?parent=29574"}],"wp:term":[{"taxonomy":"product_brand","embeddable":true,"href":"https:\/\/tourcruiser.com\/de\/wp-json\/wp\/v2\/product_brand?post=29574"},{"taxonomy":"product_cat","embeddable":true,"href":"https:\/\/tourcruiser.com\/de\/wp-json\/wp\/v2\/product_cat?post=29574"},{"taxonomy":"product_tag","embeddable":true,"href":"https:\/\/tourcruiser.com\/de\/wp-json\/wp\/v2\/product_tag?post=29574"}],"curies":[{"name":"wp","href":"https:\/\/api.w.org\/{rel}","templated":true}]}}