{"id":29099,"date":"2026-03-02T14:37:47","date_gmt":"2026-03-02T07:37:47","guid":{"rendered":"http:\/\/tourcruiser.com\/product\/women-asics-novablast-5-coral-reef"},"modified":"2026-03-28T00:39:33","modified_gmt":"2026-03-27T17:39:33","slug":"women-asics-novablast-5-coral-reef","status":"publish","type":"product","link":"https:\/\/tourcruiser.com\/de\/products\/women-asics-novablast-5-coral-reef\/","title":{"rendered":"(Women) ASICS Novablast 5 &#8218;Coral Reef&#8216;"},"content":{"rendered":"<p>Verbessere dein Lauferlebnis mit dem ASICS Novablast 5 &#8218;Coral Reef&#8216; 1012B765-101 f\u00fcr Damen. Dieser Schuh wurde f\u00fcr dynamische Performance entwickelt und bietet dank der leichten FlyteFoam Blast\u00e2\u201e\u00a2-D\u00e4mpfung eine reaktionsschnelle Energier\u00fcckgabe und erh\u00f6hten Komfort f\u00fcr ein m\u00fcheloses Laufgef\u00fchl. Die leuchtende Farbe &#8218;Coral Reef&#8216; verleiht ihm einen stylischen Touch, w\u00e4hrend das atmungsaktive Mesh-Obermaterial f\u00fcr optimale Luftzirkulation und Halt sorgt. Die strapazierf\u00e4hige AHAR\u00c2\u00ae-Au\u00dfensohle bietet hervorragenden Grip und macht diese Schuhe perfekt f\u00fcr den t\u00e4glichen Lauf.<\/p>\n<p>Farbe: Wei\u00df\/Korallenriff<br \/>\nArtikelnummer: 1012B765-101<br \/>\nObermaterial: Mesh<br \/>\nZwischensohle: FlyteFoam Blast Max<br \/>\nFarbe: Wei\u00df<br \/>\nErscheinungsjahr: 2024<\/p>\n","protected":false},"excerpt":{"rendered":"<p>ASICS Novablast 5 \u201d\u201d White\/Coral Reef<\/p>\n","protected":false},"featured_media":29100,"comment_status":"open","ping_status":"closed","template":"","meta":[],"product_brand":[],"product_cat":[11020],"product_tag":[10791,10752,10926,11053,10839,10802,10840],"class_list":{"0":"post-29099","1":"product","2":"type-product","3":"status-publish","4":"has-post-thumbnail","6":"product_cat-asics-women","7":"product_tag-asics","8":"product_tag-gallery-look","9":"product_tag-gift-for-her","10":"product_tag-lightweight-running-shoes","11":"product_tag-performance-running-shoes","12":"product_tag-performance-sport-shoes","13":"product_tag-running-shoes","14":"wcpa_has_options","16":"first","17":"outofstock","18":"taxable","19":"shipping-taxable","20":"purchasable","21":"product-type-simple"},"wcpa_form_fields":{"rules":{"pric_overide_base_price":false,"pric_overide_base_price_if_gt_zero":false,"pric_overide_base_price_fully":false,"pric_cal_option_once":false,"pric_use_as_fee":false,"bind_quantity":false,"quantity_bind_formula":false},"fields":[{"type":"color-group","required":true,"elementId":"wcpa-color-group-69a5ac3f3e644","label":"Gr\u00f6\u00dfe","inline":true,"priceOptions":"different_for_all","pricingType":"fixed","className":"hassizechart product-shoes-size-eu product-shoes-size","name":"color-group-69a5ac3f3e64e","disp_type":"square","selection_type":"tick-border","disp_size":"50","show_label_inside":true,"adjust_width":true,"cart_display_type":"text","other_text":"Other","cl_rule":"show","col":6,"values":[{"label":"34.5","value":"EU 34.5","price":"","pimage":"","pimage_id":"","pthumb":"","color":""},{"label":"35","value":"EU 35","price":"","pimage":"","pimage_id":"","pthumb":"","color":""},{"label":"35.5","value":"EU 35.5","price":"","pimage":"","pimage_id":"","pthumb":"","color":""},{"label":"36","value":"EU 36","price":"","pimage":"","pimage_id":"","pthumb":"","color":"","selected":true},{"label":"37","value":"EU 37","price":"","pimage":"","pimage_id":"","pthumb":"","color":""},{"label":"37.5","value":"EU 37.5","price":"","pimage":"","pimage_id":"","pthumb":"","color":""},{"label":"38","value":"EU 38","price":"","pimage":"","pimage_id":"","pthumb":"","color":""},{"label":"38.5","value":"EU 38.5","price":"","pimage":"","pimage_id":"","pthumb":"","color":""},{"label":"39","value":"EU 39","price":"","pimage":"","pimage_id":"","pthumb":"","color":""},{"label":"39.5","value":"EU 39.5","price":"","pimage":"","pimage_id":"","pthumb":"","color":""},{"label":"40","value":"EU 40","price":"","pimage":"","pimage_id":"","pthumb":"","color":""},{"label":"40.5","value":"EU 40.5","price":"","pimage":"","pimage_id":"","pthumb":"","color":""},{"label":" 41.5","value":"EU 41.5","price":"","pimage":"","pimage_id":"","pthumb":"","color":""},{"label":"42","value":"EU 42","price":"","pimage":"","pimage_id":"","pthumb":"","color":""},{"label":"42.5","value":"EU 42.5","price":"","pimage":"","pimage_id":"","pthumb":"","color":""},{"label":"43.5","value":"EU 43.5","price":"","pimage":"","pimage_id":"","pthumb":"","color":""},{"label":"44","value":"EU 44","price":"","pimage":"","pimage_id":"","pthumb":"","color":""},{"label":"44.5","value":"EU 44.5","price":"","pimage":"","pimage_id":"","pthumb":"","color":""},{"label":"45","value":"EU 45","price":"","pimage":"","pimage_id":"","pthumb":"","color":""}],"relations":[{"operator":false,"rules":[]}],"form_id":184312,"form_rules":{"pric_cal_option_once":false,"exclude_from_discount":false,"pric_use_as_fee":false,"fee_label":"Fee","render_after_acb":false,"disp_hide_options_price":false}}]},"yoast_head":"<!-- This site is optimized with the Yoast SEO plugin v26.5 - https:\/\/yoast.com\/wordpress\/plugins\/seo\/ -->\n<title>(Women) ASICS Novablast 5 &#039;Coral Reef&#039;  - Tourcruiser PTE. LTD<\/title>\n<meta name=\"robots\" content=\"index, follow, max-snippet:-1, max-image-preview:large, max-video-preview:-1\" \/>\n<link rel=\"canonical\" href=\"https:\/\/tourcruiser.com\/de\/products\/women-asics-novablast-5-coral-reef\/\" \/>\n<meta property=\"og:locale\" content=\"de_DE\" \/>\n<meta property=\"og:type\" content=\"article\" \/>\n<meta property=\"og:title\" content=\"(Women) ASICS Novablast 5 &#039;Coral Reef&#039;  - Tourcruiser PTE. LTD\" \/>\n<meta property=\"og:description\" content=\"ASICS Novablast 5 \u201d\u201d White\/Coral Reef\" \/>\n<meta property=\"og:url\" content=\"https:\/\/tourcruiser.com\/de\/products\/women-asics-novablast-5-coral-reef\/\" \/>\n<meta property=\"og:site_name\" content=\"Tourcruiser Sneaker Store\" \/>\n<meta property=\"article:modified_time\" content=\"2026-03-27T17:39:33+00:00\" \/>\n<meta name=\"twitter:card\" content=\"summary_large_image\" \/>\n<meta name=\"twitter:image\" content=\"https:\/\/images.novelship.com\/product\/_women__asics_novablast_5__coral_reef__1012b765-10_0_84143.jpeg;https:\/\/images.novelship.com\/product\/_women__asics_novablast_5__coral_reef__1012b765-10_2_84143.png;https:\/\/images.novelship.com\/product\/_women__asics_novablast_5__coral_reef__1012b765-10_1_84143.png;https:\/\/images.novelship.com\/product\/_women__asics_novablast_5__coral_reef__1012b765-10_3_84143.jpeg;https:\/\/images.novelship.com\/product\/_women__asics_novablast_5__coral_reef__1012b765-10_4_84143.jpeg;https:\/\/images.novelship.com\/product\/_women__asics_novablast_5__coral_reef__1012b765-10_5_84143.jpeg;https:\/\/images.novelship.com\/product\/_women__asics_novablast_5__coral_reef__1012b765-10_6_84143.jpeg;https:\/\/images.novelship.com\/product\/_women__asics_novablast_5__coral_reef__1012b765-10_7_84143.jpeg;https:\/\/images.novelship.com\/product\/_women__asics_novablast_5__coral_reef__1012b765-10_8_84144.jpeg;https:\/\/images.novelship.com\/product\/_women__asics_novablast_5__coral_reef__1012b765-10_9_84144.jpeg\" \/>\n<meta name=\"twitter:label1\" content=\"Gesch\u00e4tzte Lesezeit\" \/>\n\t<meta name=\"twitter:data1\" content=\"1\u00a0Minute\" \/>\n<script type=\"application\/ld+json\" class=\"yoast-schema-graph\">{\"@context\":\"https:\/\/schema.org\",\"@graph\":[{\"@type\":\"WebPage\",\"@id\":\"https:\/\/tourcruiser.com\/de\/products\/women-asics-novablast-5-coral-reef\/\",\"url\":\"https:\/\/tourcruiser.com\/de\/products\/women-asics-novablast-5-coral-reef\/\",\"name\":\"(Women) ASICS Novablast 5 'Coral Reef' - Tourcruiser PTE. LTD\",\"isPartOf\":{\"@id\":\"https:\/\/tourcruiser.com\/de\/#website\"},\"primaryImageOfPage\":{\"@id\":\"https:\/\/tourcruiser.com\/de\/products\/women-asics-novablast-5-coral-reef\/#primaryimage\"},\"image\":{\"@id\":\"https:\/\/tourcruiser.com\/de\/products\/women-asics-novablast-5-coral-reef\/#primaryimage\"},\"thumbnailUrl\":\"https:\/\/images.novelship.com\/product\/_women__asics_novablast_5__coral_reef__1012b765-10_0_84143.jpeg;https:\/\/images.novelship.com\/product\/_women__asics_novablast_5__coral_reef__1012b765-10_2_84143.png;https:\/\/images.novelship.com\/product\/_women__asics_novablast_5__coral_reef__1012b765-10_1_84143.png;https:\/\/images.novelship.com\/product\/_women__asics_novablast_5__coral_reef__1012b765-10_3_84143.jpeg;https:\/\/images.novelship.com\/product\/_women__asics_novablast_5__coral_reef__1012b765-10_4_84143.jpeg;https:\/\/images.novelship.com\/product\/_women__asics_novablast_5__coral_reef__1012b765-10_5_84143.jpeg;https:\/\/images.novelship.com\/product\/_women__asics_novablast_5__coral_reef__1012b765-10_6_84143.jpeg;https:\/\/images.novelship.com\/product\/_women__asics_novablast_5__coral_reef__1012b765-10_7_84143.jpeg;https:\/\/images.novelship.com\/product\/_women__asics_novablast_5__coral_reef__1012b765-10_8_84144.jpeg;https:\/\/images.novelship.com\/product\/_women__asics_novablast_5__coral_reef__1012b765-10_9_84144.jpeg\",\"datePublished\":\"2026-03-02T07:37:47+00:00\",\"dateModified\":\"2026-03-27T17:39:33+00:00\",\"breadcrumb\":{\"@id\":\"https:\/\/tourcruiser.com\/de\/products\/women-asics-novablast-5-coral-reef\/#breadcrumb\"},\"inLanguage\":\"de\",\"potentialAction\":[{\"@type\":\"ReadAction\",\"target\":[\"https:\/\/tourcruiser.com\/de\/products\/women-asics-novablast-5-coral-reef\/\"]}]},{\"@type\":\"ImageObject\",\"inLanguage\":\"de\",\"@id\":\"https:\/\/tourcruiser.com\/de\/products\/women-asics-novablast-5-coral-reef\/#primaryimage\",\"url\":\"https:\/\/images.novelship.com\/product\/_women__asics_novablast_5__coral_reef__1012b765-10_0_84143.jpeg;https:\/\/images.novelship.com\/product\/_women__asics_novablast_5__coral_reef__1012b765-10_2_84143.png;https:\/\/images.novelship.com\/product\/_women__asics_novablast_5__coral_reef__1012b765-10_1_84143.png;https:\/\/images.novelship.com\/product\/_women__asics_novablast_5__coral_reef__1012b765-10_3_84143.jpeg;https:\/\/images.novelship.com\/product\/_women__asics_novablast_5__coral_reef__1012b765-10_4_84143.jpeg;https:\/\/images.novelship.com\/product\/_women__asics_novablast_5__coral_reef__1012b765-10_5_84143.jpeg;https:\/\/images.novelship.com\/product\/_women__asics_novablast_5__coral_reef__1012b765-10_6_84143.jpeg;https:\/\/images.novelship.com\/product\/_women__asics_novablast_5__coral_reef__1012b765-10_7_84143.jpeg;https:\/\/images.novelship.com\/product\/_women__asics_novablast_5__coral_reef__1012b765-10_8_84144.jpeg;https:\/\/images.novelship.com\/product\/_women__asics_novablast_5__coral_reef__1012b765-10_9_84144.jpeg\",\"contentUrl\":\"https:\/\/images.novelship.com\/product\/_women__asics_novablast_5__coral_reef__1012b765-10_0_84143.jpeg;https:\/\/images.novelship.com\/product\/_women__asics_novablast_5__coral_reef__1012b765-10_2_84143.png;https:\/\/images.novelship.com\/product\/_women__asics_novablast_5__coral_reef__1012b765-10_1_84143.png;https:\/\/images.novelship.com\/product\/_women__asics_novablast_5__coral_reef__1012b765-10_3_84143.jpeg;https:\/\/images.novelship.com\/product\/_women__asics_novablast_5__coral_reef__1012b765-10_4_84143.jpeg;https:\/\/images.novelship.com\/product\/_women__asics_novablast_5__coral_reef__1012b765-10_5_84143.jpeg;https:\/\/images.novelship.com\/product\/_women__asics_novablast_5__coral_reef__1012b765-10_6_84143.jpeg;https:\/\/images.novelship.com\/product\/_women__asics_novablast_5__coral_reef__1012b765-10_7_84143.jpeg;https:\/\/images.novelship.com\/product\/_women__asics_novablast_5__coral_reef__1012b765-10_8_84144.jpeg;https:\/\/images.novelship.com\/product\/_women__asics_novablast_5__coral_reef__1012b765-10_9_84144.jpeg\"},{\"@type\":\"BreadcrumbList\",\"@id\":\"https:\/\/tourcruiser.com\/de\/products\/women-asics-novablast-5-coral-reef\/#breadcrumb\",\"itemListElement\":[{\"@type\":\"ListItem\",\"position\":1,\"name\":\"Home\",\"item\":\"https:\/\/tourcruiser.com\/de\/\"},{\"@type\":\"ListItem\",\"position\":2,\"name\":\"Shop\",\"item\":\"https:\/\/tourcruiser.com\/de\/shop\/\"},{\"@type\":\"ListItem\",\"position\":3,\"name\":\"(Women) ASICS Novablast 5 'Coral Reef'\"}]},{\"@type\":\"WebSite\",\"@id\":\"https:\/\/tourcruiser.com\/de\/#website\",\"url\":\"https:\/\/tourcruiser.com\/de\/\",\"name\":\"Styloral Jewelry Shop\",\"description\":\"Tourcruiser Sneaker Store \u2014 der Ort, an dem das Universum deine Einzigartigkeit trifft.\",\"publisher\":{\"@id\":\"https:\/\/tourcruiser.com\/de\/#organization\"},\"potentialAction\":[{\"@type\":\"SearchAction\",\"target\":{\"@type\":\"EntryPoint\",\"urlTemplate\":\"https:\/\/tourcruiser.com\/de\/?s={search_term_string}\"},\"query-input\":{\"@type\":\"PropertyValueSpecification\",\"valueRequired\":true,\"valueName\":\"search_term_string\"}}],\"inLanguage\":\"de\"},{\"@type\":\"Organization\",\"@id\":\"https:\/\/tourcruiser.com\/de\/#organization\",\"name\":\"STYLORAL PTE. LTD\",\"url\":\"https:\/\/tourcruiser.com\/de\/\",\"logo\":{\"@type\":\"ImageObject\",\"inLanguage\":\"de\",\"@id\":\"https:\/\/tourcruiser.com\/de\/#\/schema\/logo\/image\/\",\"url\":\"https:\/\/www.tourcruiser.com\/wp-content\/uploads\/2025\/12\/logo.png\",\"contentUrl\":\"https:\/\/www.tourcruiser.com\/wp-content\/uploads\/2025\/12\/logo.png\",\"width\":200,\"height\":65,\"caption\":\"STYLORAL PTE. LTD\"},\"image\":{\"@id\":\"https:\/\/tourcruiser.com\/de\/#\/schema\/logo\/image\/\"}}]}<\/script>\n<!-- \/ Yoast SEO plugin. -->","yoast_head_json":{"title":"(Women) ASICS Novablast 5 'Coral Reef'  - Tourcruiser PTE. LTD","robots":{"index":"index","follow":"follow","max-snippet":"max-snippet:-1","max-image-preview":"max-image-preview:large","max-video-preview":"max-video-preview:-1"},"canonical":"https:\/\/tourcruiser.com\/de\/products\/women-asics-novablast-5-coral-reef\/","og_locale":"de_DE","og_type":"article","og_title":"(Women) ASICS Novablast 5 'Coral Reef'  - Tourcruiser PTE. LTD","og_description":"ASICS Novablast 5 \u201d\u201d White\/Coral Reef","og_url":"https:\/\/tourcruiser.com\/de\/products\/women-asics-novablast-5-coral-reef\/","og_site_name":"Tourcruiser Sneaker Store","article_modified_time":"2026-03-27T17:39:33+00:00","twitter_card":"summary_large_image","twitter_image":"https:\/\/images.novelship.com\/product\/_women__asics_novablast_5__coral_reef__1012b765-10_0_84143.jpeg;https:\/\/images.novelship.com\/product\/_women__asics_novablast_5__coral_reef__1012b765-10_2_84143.png;https:\/\/images.novelship.com\/product\/_women__asics_novablast_5__coral_reef__1012b765-10_1_84143.png;https:\/\/images.novelship.com\/product\/_women__asics_novablast_5__coral_reef__1012b765-10_3_84143.jpeg;https:\/\/images.novelship.com\/product\/_women__asics_novablast_5__coral_reef__1012b765-10_4_84143.jpeg;https:\/\/images.novelship.com\/product\/_women__asics_novablast_5__coral_reef__1012b765-10_5_84143.jpeg;https:\/\/images.novelship.com\/product\/_women__asics_novablast_5__coral_reef__1012b765-10_6_84143.jpeg;https:\/\/images.novelship.com\/product\/_women__asics_novablast_5__coral_reef__1012b765-10_7_84143.jpeg;https:\/\/images.novelship.com\/product\/_women__asics_novablast_5__coral_reef__1012b765-10_8_84144.jpeg;https:\/\/images.novelship.com\/product\/_women__asics_novablast_5__coral_reef__1012b765-10_9_84144.jpeg","twitter_misc":{"Gesch\u00e4tzte Lesezeit":"1\u00a0Minute"},"schema":{"@context":"https:\/\/schema.org","@graph":[{"@type":"WebPage","@id":"https:\/\/tourcruiser.com\/de\/products\/women-asics-novablast-5-coral-reef\/","url":"https:\/\/tourcruiser.com\/de\/products\/women-asics-novablast-5-coral-reef\/","name":"(Women) ASICS Novablast 5 'Coral Reef' - Tourcruiser PTE. LTD","isPartOf":{"@id":"https:\/\/tourcruiser.com\/de\/#website"},"primaryImageOfPage":{"@id":"https:\/\/tourcruiser.com\/de\/products\/women-asics-novablast-5-coral-reef\/#primaryimage"},"image":{"@id":"https:\/\/tourcruiser.com\/de\/products\/women-asics-novablast-5-coral-reef\/#primaryimage"},"thumbnailUrl":"https:\/\/images.novelship.com\/product\/_women__asics_novablast_5__coral_reef__1012b765-10_0_84143.jpeg;https:\/\/images.novelship.com\/product\/_women__asics_novablast_5__coral_reef__1012b765-10_2_84143.png;https:\/\/images.novelship.com\/product\/_women__asics_novablast_5__coral_reef__1012b765-10_1_84143.png;https:\/\/images.novelship.com\/product\/_women__asics_novablast_5__coral_reef__1012b765-10_3_84143.jpeg;https:\/\/images.novelship.com\/product\/_women__asics_novablast_5__coral_reef__1012b765-10_4_84143.jpeg;https:\/\/images.novelship.com\/product\/_women__asics_novablast_5__coral_reef__1012b765-10_5_84143.jpeg;https:\/\/images.novelship.com\/product\/_women__asics_novablast_5__coral_reef__1012b765-10_6_84143.jpeg;https:\/\/images.novelship.com\/product\/_women__asics_novablast_5__coral_reef__1012b765-10_7_84143.jpeg;https:\/\/images.novelship.com\/product\/_women__asics_novablast_5__coral_reef__1012b765-10_8_84144.jpeg;https:\/\/images.novelship.com\/product\/_women__asics_novablast_5__coral_reef__1012b765-10_9_84144.jpeg","datePublished":"2026-03-02T07:37:47+00:00","dateModified":"2026-03-27T17:39:33+00:00","breadcrumb":{"@id":"https:\/\/tourcruiser.com\/de\/products\/women-asics-novablast-5-coral-reef\/#breadcrumb"},"inLanguage":"de","potentialAction":[{"@type":"ReadAction","target":["https:\/\/tourcruiser.com\/de\/products\/women-asics-novablast-5-coral-reef\/"]}]},{"@type":"ImageObject","inLanguage":"de","@id":"https:\/\/tourcruiser.com\/de\/products\/women-asics-novablast-5-coral-reef\/#primaryimage","url":"https:\/\/images.novelship.com\/product\/_women__asics_novablast_5__coral_reef__1012b765-10_0_84143.jpeg;https:\/\/images.novelship.com\/product\/_women__asics_novablast_5__coral_reef__1012b765-10_2_84143.png;https:\/\/images.novelship.com\/product\/_women__asics_novablast_5__coral_reef__1012b765-10_1_84143.png;https:\/\/images.novelship.com\/product\/_women__asics_novablast_5__coral_reef__1012b765-10_3_84143.jpeg;https:\/\/images.novelship.com\/product\/_women__asics_novablast_5__coral_reef__1012b765-10_4_84143.jpeg;https:\/\/images.novelship.com\/product\/_women__asics_novablast_5__coral_reef__1012b765-10_5_84143.jpeg;https:\/\/images.novelship.com\/product\/_women__asics_novablast_5__coral_reef__1012b765-10_6_84143.jpeg;https:\/\/images.novelship.com\/product\/_women__asics_novablast_5__coral_reef__1012b765-10_7_84143.jpeg;https:\/\/images.novelship.com\/product\/_women__asics_novablast_5__coral_reef__1012b765-10_8_84144.jpeg;https:\/\/images.novelship.com\/product\/_women__asics_novablast_5__coral_reef__1012b765-10_9_84144.jpeg","contentUrl":"https:\/\/images.novelship.com\/product\/_women__asics_novablast_5__coral_reef__1012b765-10_0_84143.jpeg;https:\/\/images.novelship.com\/product\/_women__asics_novablast_5__coral_reef__1012b765-10_2_84143.png;https:\/\/images.novelship.com\/product\/_women__asics_novablast_5__coral_reef__1012b765-10_1_84143.png;https:\/\/images.novelship.com\/product\/_women__asics_novablast_5__coral_reef__1012b765-10_3_84143.jpeg;https:\/\/images.novelship.com\/product\/_women__asics_novablast_5__coral_reef__1012b765-10_4_84143.jpeg;https:\/\/images.novelship.com\/product\/_women__asics_novablast_5__coral_reef__1012b765-10_5_84143.jpeg;https:\/\/images.novelship.com\/product\/_women__asics_novablast_5__coral_reef__1012b765-10_6_84143.jpeg;https:\/\/images.novelship.com\/product\/_women__asics_novablast_5__coral_reef__1012b765-10_7_84143.jpeg;https:\/\/images.novelship.com\/product\/_women__asics_novablast_5__coral_reef__1012b765-10_8_84144.jpeg;https:\/\/images.novelship.com\/product\/_women__asics_novablast_5__coral_reef__1012b765-10_9_84144.jpeg"},{"@type":"BreadcrumbList","@id":"https:\/\/tourcruiser.com\/de\/products\/women-asics-novablast-5-coral-reef\/#breadcrumb","itemListElement":[{"@type":"ListItem","position":1,"name":"Home","item":"https:\/\/tourcruiser.com\/de\/"},{"@type":"ListItem","position":2,"name":"Shop","item":"https:\/\/tourcruiser.com\/de\/shop\/"},{"@type":"ListItem","position":3,"name":"(Women) ASICS Novablast 5 'Coral Reef'"}]},{"@type":"WebSite","@id":"https:\/\/tourcruiser.com\/de\/#website","url":"https:\/\/tourcruiser.com\/de\/","name":"Styloral Jewelry Shop","description":"Tourcruiser Sneaker Store \u2014 der Ort, an dem das Universum deine Einzigartigkeit trifft.","publisher":{"@id":"https:\/\/tourcruiser.com\/de\/#organization"},"potentialAction":[{"@type":"SearchAction","target":{"@type":"EntryPoint","urlTemplate":"https:\/\/tourcruiser.com\/de\/?s={search_term_string}"},"query-input":{"@type":"PropertyValueSpecification","valueRequired":true,"valueName":"search_term_string"}}],"inLanguage":"de"},{"@type":"Organization","@id":"https:\/\/tourcruiser.com\/de\/#organization","name":"STYLORAL PTE. LTD","url":"https:\/\/tourcruiser.com\/de\/","logo":{"@type":"ImageObject","inLanguage":"de","@id":"https:\/\/tourcruiser.com\/de\/#\/schema\/logo\/image\/","url":"https:\/\/www.tourcruiser.com\/wp-content\/uploads\/2025\/12\/logo.png","contentUrl":"https:\/\/www.tourcruiser.com\/wp-content\/uploads\/2025\/12\/logo.png","width":200,"height":65,"caption":"STYLORAL PTE. LTD"},"image":{"@id":"https:\/\/tourcruiser.com\/de\/#\/schema\/logo\/image\/"}}]}},"_links":{"self":[{"href":"https:\/\/tourcruiser.com\/de\/wp-json\/wp\/v2\/product\/29099","targetHints":{"allow":["GET"]}}],"collection":[{"href":"https:\/\/tourcruiser.com\/de\/wp-json\/wp\/v2\/product"}],"about":[{"href":"https:\/\/tourcruiser.com\/de\/wp-json\/wp\/v2\/types\/product"}],"replies":[{"embeddable":true,"href":"https:\/\/tourcruiser.com\/de\/wp-json\/wp\/v2\/comments?post=29099"}],"wp:featuredmedia":[{"embeddable":true,"href":"https:\/\/tourcruiser.com\/de\/wp-json\/wp\/v2\/media\/29100"}],"wp:attachment":[{"href":"https:\/\/tourcruiser.com\/de\/wp-json\/wp\/v2\/media?parent=29099"}],"wp:term":[{"taxonomy":"product_brand","embeddable":true,"href":"https:\/\/tourcruiser.com\/de\/wp-json\/wp\/v2\/product_brand?post=29099"},{"taxonomy":"product_cat","embeddable":true,"href":"https:\/\/tourcruiser.com\/de\/wp-json\/wp\/v2\/product_cat?post=29099"},{"taxonomy":"product_tag","embeddable":true,"href":"https:\/\/tourcruiser.com\/de\/wp-json\/wp\/v2\/product_tag?post=29099"}],"curies":[{"name":"wp","href":"https:\/\/api.w.org\/{rel}","templated":true}]}}