{"id":28923,"date":"2026-03-02T14:37:33","date_gmt":"2026-03-02T07:37:33","guid":{"rendered":"http:\/\/tourcruiser.com\/product\/nike-book-1-ep"},"modified":"2026-03-28T00:39:29","modified_gmt":"2026-03-27T17:39:29","slug":"nike-book-1-ep","status":"publish","type":"product","link":"https:\/\/tourcruiser.com\/de\/products\/nike-book-1-ep\/","title":{"rendered":"Nike Book 1 EP"},"content":{"rendered":"<p>Der Nike Book 1 EP FJ4250-106 vereint modernes Design und Performance auf gekonnte Weise und bietet ultimativen Komfort und einen unverwechselbaren Style \u201d\u201c perfekt f\u00fcr den Alltag oder die Freizeit. Gefertigt aus hochwertigen Materialien, besticht dieser Sneaker durch seine robuste und dennoch leichte Konstruktion, die langanhaltende Performance und optimale Bewegungsfreiheit garantiert. Seine ikonische Silhouette wird durch ein sorgf\u00e4ltig verarbeitetes Obermaterial erg\u00e4nzt, das f\u00fcr einen eleganten und zeitgem\u00e4\u00dfen Look sorgt.<\/p>\n<p>Der gepolsterte Schaftrand und die ged\u00e4mpfte Zwischensohle bieten hervorragenden Halt und Komfort, w\u00e4hrend die griffige Au\u00dfensohle Stabilit\u00e4t auf verschiedenen Untergr\u00fcnden gew\u00e4hrleistet. So ist der Schuh ebenso funktional wie stylisch. Egal ob auf der Stra\u00dfe oder beim Chillen mit Freunden \u201d\u201c mit dem Nike Book 1 EP bist du in Sachen Mode und Funktionalit\u00e4t immer einen Schritt voraus. Perfekt f\u00fcr alle, die sportliche Performance und gleichzeitig hohen Tragekomfort sch\u00e4tzen \u201d\u201c ein vielseitiger Schuh f\u00fcr jede Garderobe.<\/p>\n<ul>\n<li><strong>Farbgebung:<\/strong> Sail\/Court Purple\/Clay Orange<\/li>\n<li><strong>Artikelnummer:<\/strong> FJ4250-106<\/li>\n<li><strong>Obermaterial:<\/strong> Leder<\/li>\n<li><strong>Zwischensohle:<\/strong> Zoom Air<\/li>\n<li><strong>Farbe:<\/strong> Wei\u00df<\/li>\n<\/ul>\n","protected":false},"excerpt":{"rendered":"<p>Nike Book 1 EP \u201d\u201d Sail\/Court Purple\/Clay Orange<\/p>\n","protected":false},"featured_media":28924,"comment_status":"open","ping_status":"closed","template":"","meta":[],"product_brand":[],"product_cat":[10803],"product_tag":[10800,10801,10802,10758],"class_list":{"0":"post-28923","1":"product","2":"type-product","3":"status-publish","4":"has-post-thumbnail","6":"product_cat-nike","7":"product_tag-basketball-shoes","8":"product_tag-nike","9":"product_tag-performance-sport-shoes","10":"product_tag-under-retail","11":"wcpa_has_options","13":"first","14":"outofstock","15":"taxable","16":"shipping-taxable","17":"purchasable","18":"product-type-simple"},"wcpa_form_fields":{"rules":{"pric_overide_base_price":false,"pric_overide_base_price_if_gt_zero":false,"pric_overide_base_price_fully":false,"pric_cal_option_once":false,"pric_use_as_fee":false,"bind_quantity":false,"quantity_bind_formula":false},"fields":[{"type":"color-group","required":true,"elementId":"wcpa-color-group-66c4a75505e74","label":"Gr\u00f6\u00dfe - EU Gr\u00f6\u00dfe","inline":true,"priceOptions":"different_for_all","pricingType":"fixed","className":"hassizechart product-shoes-size-eu product-shoes-size","name":"color-group-66c4a75505e89","disp_type":"square","selection_type":"tick-border","disp_size":"44","show_label_inside":true,"adjust_width":true,"cart_display_type":"text","other_text":"Other","cl_rule":"show","col":6,"values":[{"label":"35.5","value":"EU 35.5","price":"","pimage":"","pimage_id":"","pthumb":"","color":""},{"label":"36","value":"EU 36","price":"","pimage":"","pimage_id":"","pthumb":"","color":"","selected":true},{"label":"36.5","value":"EU 36.5","price":"","pimage":"","pimage_id":"","pthumb":"","color":""},{"label":"37.5","value":"EU 37.5","price":"","pimage":"","pimage_id":"","pthumb":"","color":""},{"label":"38","value":"EU 38","price":"","pimage":"","pimage_id":"","pthumb":"","color":""},{"label":"38.5","value":"EU 38.5","price":"","pimage":"","pimage_id":"","pthumb":"","color":""},{"label":"39","value":"EU 39","price":"","pimage":"","pimage_id":"","pthumb":"","color":""},{"label":"40","value":"EU 40","price":"","pimage":"","pimage_id":"","pthumb":"","color":""},{"label":"40.5","value":"EU 40.5","price":"","pimage":"","pimage_id":"","pthumb":"","color":""},{"label":"41","value":"EU 41","price":"","pimage":"","pimage_id":"","pthumb":"","color":""},{"label":"42","value":"EU 42","price":"","pimage":"","pimage_id":"","pthumb":"","color":""},{"label":"42.5","value":"EU 42.5","price":"","pimage":"","pimage_id":"","pthumb":"","color":""},{"label":"43","value":"EU 43","price":"","pimage":"","pimage_id":"","pthumb":"","color":""},{"label":"44","value":"EU 44","price":"","pimage":"","pimage_id":"","pthumb":"","color":""},{"label":"44.5","value":"EU 44.5","price":"","pimage":"","pimage_id":"","pthumb":"","color":""},{"label":"45","value":"EU 45","price":"","pimage":"","pimage_id":"","pthumb":"","color":""},{"label":"45.5","value":"EU 45.5","price":"","pimage":"","pimage_id":"","pthumb":"","color":""},{"label":"46","value":"EU 46","price":"","pimage":"","pimage_id":"","pthumb":"","color":""},{"label":"47","value":"EU 47","price":"","pimage":"","pimage_id":"","pthumb":"","color":""},{"label":"47.5","value":"EU 47.5","price":"","pimage":"","pimage_id":"","pthumb":"","color":""},{"label":"48","value":"EU 48","price":"","pimage":"","pimage_id":"","pthumb":"","color":""}],"relations":[{"operator":false,"rules":[]}],"form_id":18106,"form_rules":{"pric_cal_option_once":false,"exclude_from_discount":false,"pric_use_as_fee":false,"fee_label":"Fee","render_after_acb":false,"disp_hide_options_price":false}}]},"yoast_head":"<!-- This site is optimized with the Yoast SEO plugin v26.5 - https:\/\/yoast.com\/wordpress\/plugins\/seo\/ -->\n<title>Nike Book 1 EP  - Tourcruiser PTE. LTD<\/title>\n<meta name=\"robots\" content=\"index, follow, max-snippet:-1, max-image-preview:large, max-video-preview:-1\" \/>\n<link rel=\"canonical\" href=\"https:\/\/tourcruiser.com\/\" \/>\n<meta property=\"og:locale\" content=\"de_DE\" \/>\n<meta property=\"og:type\" content=\"article\" \/>\n<meta property=\"og:title\" content=\"Nike Book 1 EP  - Tourcruiser PTE. LTD\" \/>\n<meta property=\"og:description\" content=\"Nike Book 1 EP \u201d\u201d Sail\/Court Purple\/Clay Orange\" \/>\n<meta property=\"og:url\" content=\"\/\" \/>\n<meta property=\"og:site_name\" content=\"Tourcruiser Sneaker Store\" \/>\n<meta property=\"article:modified_time\" content=\"2026-03-27T17:39:29+00:00\" \/>\n<meta name=\"twitter:card\" content=\"summary_large_image\" \/>\n<meta name=\"twitter:image\" content=\"https:\/\/images.novelship.com\/product\/nike_book_1_ep_fj4250-106_0_80265.png;https:\/\/images.novelship.com\/product\/nike_book_1_ep_fj4250-106_1_80265.png;https:\/\/images.novelship.com\/product\/nike_book_1_ep_fj4250-106_2_80265.png;https:\/\/images.novelship.com\/product\/nike_book_1_ep_fj4250-106_3_80265.png;https:\/\/images.novelship.com\/product\/nike_book_1_ep_fj4250-106_4_80265.png;https:\/\/images.novelship.com\/product\/nike_book_1_ep_fj4250-106_5_80265.png;https:\/\/images.novelship.com\/product\/nike_book_1_ep_fj4250-106_6_80265.png;https:\/\/images.novelship.com\/product\/nike_book_1_ep_fj4250-106_7_80265.png;https:\/\/images.novelship.com\/product\/nike_book_1_ep_fj4250-106_8_80265.png\" \/>\n<meta name=\"twitter:label1\" content=\"Gesch\u00e4tzte Lesezeit\" \/>\n\t<meta name=\"twitter:data1\" content=\"1\u00a0Minute\" \/>\n<script type=\"application\/ld+json\" class=\"yoast-schema-graph\">{\"@context\":\"https:\/\/schema.org\",\"@graph\":[{\"@type\":\"WebPage\",\"@id\":\"\/\",\"url\":\"https:\/\/tourcruiser.com\/\",\"name\":\"Nike Book 1 EP - Tourcruiser PTE. LTD\",\"isPartOf\":{\"@id\":\"https:\/\/tourcruiser.com\/de\/#website\"},\"primaryImageOfPage\":{\"@id\":\"https:\/\/tourcruiser.com\/#primaryimage\"},\"image\":{\"@id\":\"https:\/\/tourcruiser.com\/#primaryimage\"},\"thumbnailUrl\":\"https:\/\/images.novelship.com\/product\/nike_book_1_ep_fj4250-106_0_80265.png;https:\/\/images.novelship.com\/product\/nike_book_1_ep_fj4250-106_1_80265.png;https:\/\/images.novelship.com\/product\/nike_book_1_ep_fj4250-106_2_80265.png;https:\/\/images.novelship.com\/product\/nike_book_1_ep_fj4250-106_3_80265.png;https:\/\/images.novelship.com\/product\/nike_book_1_ep_fj4250-106_4_80265.png;https:\/\/images.novelship.com\/product\/nike_book_1_ep_fj4250-106_5_80265.png;https:\/\/images.novelship.com\/product\/nike_book_1_ep_fj4250-106_6_80265.png;https:\/\/images.novelship.com\/product\/nike_book_1_ep_fj4250-106_7_80265.png;https:\/\/images.novelship.com\/product\/nike_book_1_ep_fj4250-106_8_80265.png\",\"datePublished\":\"2026-03-02T07:37:33+00:00\",\"dateModified\":\"2026-03-27T17:39:29+00:00\",\"breadcrumb\":{\"@id\":\"https:\/\/tourcruiser.com\/#breadcrumb\"},\"inLanguage\":\"de\",\"potentialAction\":[{\"@type\":\"ReadAction\",\"target\":[\"https:\/\/tourcruiser.com\/\"]}]},{\"@type\":\"ImageObject\",\"inLanguage\":\"de\",\"@id\":\"https:\/\/tourcruiser.com\/#primaryimage\",\"url\":\"https:\/\/images.novelship.com\/product\/nike_book_1_ep_fj4250-106_0_80265.png;https:\/\/images.novelship.com\/product\/nike_book_1_ep_fj4250-106_1_80265.png;https:\/\/images.novelship.com\/product\/nike_book_1_ep_fj4250-106_2_80265.png;https:\/\/images.novelship.com\/product\/nike_book_1_ep_fj4250-106_3_80265.png;https:\/\/images.novelship.com\/product\/nike_book_1_ep_fj4250-106_4_80265.png;https:\/\/images.novelship.com\/product\/nike_book_1_ep_fj4250-106_5_80265.png;https:\/\/images.novelship.com\/product\/nike_book_1_ep_fj4250-106_6_80265.png;https:\/\/images.novelship.com\/product\/nike_book_1_ep_fj4250-106_7_80265.png;https:\/\/images.novelship.com\/product\/nike_book_1_ep_fj4250-106_8_80265.png\",\"contentUrl\":\"https:\/\/images.novelship.com\/product\/nike_book_1_ep_fj4250-106_0_80265.png;https:\/\/images.novelship.com\/product\/nike_book_1_ep_fj4250-106_1_80265.png;https:\/\/images.novelship.com\/product\/nike_book_1_ep_fj4250-106_2_80265.png;https:\/\/images.novelship.com\/product\/nike_book_1_ep_fj4250-106_3_80265.png;https:\/\/images.novelship.com\/product\/nike_book_1_ep_fj4250-106_4_80265.png;https:\/\/images.novelship.com\/product\/nike_book_1_ep_fj4250-106_5_80265.png;https:\/\/images.novelship.com\/product\/nike_book_1_ep_fj4250-106_6_80265.png;https:\/\/images.novelship.com\/product\/nike_book_1_ep_fj4250-106_7_80265.png;https:\/\/images.novelship.com\/product\/nike_book_1_ep_fj4250-106_8_80265.png\"},{\"@type\":\"BreadcrumbList\",\"@id\":\"https:\/\/tourcruiser.com\/#breadcrumb\",\"itemListElement\":[{\"@type\":\"ListItem\",\"position\":1,\"name\":\"Home\",\"item\":\"https:\/\/tourcruiser.com\/de\/\"},{\"@type\":\"ListItem\",\"position\":2,\"name\":\"Shop\",\"item\":\"https:\/\/tourcruiser.com\/de\/shop\/\"},{\"@type\":\"ListItem\",\"position\":3,\"name\":\"Nike Book 1 EP\"}]},{\"@type\":\"WebSite\",\"@id\":\"https:\/\/tourcruiser.com\/de\/#website\",\"url\":\"https:\/\/tourcruiser.com\/de\/\",\"name\":\"Styloral Jewelry Shop\",\"description\":\"Tourcruiser Sneaker Store \u2014 der Ort, an dem das Universum deine Einzigartigkeit trifft.\",\"publisher\":{\"@id\":\"https:\/\/tourcruiser.com\/de\/#organization\"},\"potentialAction\":[{\"@type\":\"SearchAction\",\"target\":{\"@type\":\"EntryPoint\",\"urlTemplate\":\"https:\/\/tourcruiser.com\/de\/?s={search_term_string}\"},\"query-input\":{\"@type\":\"PropertyValueSpecification\",\"valueRequired\":true,\"valueName\":\"search_term_string\"}}],\"inLanguage\":\"de\"},{\"@type\":\"Organization\",\"@id\":\"https:\/\/tourcruiser.com\/de\/#organization\",\"name\":\"STYLORAL PTE. LTD\",\"url\":\"https:\/\/tourcruiser.com\/de\/\",\"logo\":{\"@type\":\"ImageObject\",\"inLanguage\":\"de\",\"@id\":\"https:\/\/tourcruiser.com\/de\/#\/schema\/logo\/image\/\",\"url\":\"https:\/\/www.tourcruiser.com\/wp-content\/uploads\/2025\/12\/logo.png\",\"contentUrl\":\"https:\/\/www.tourcruiser.com\/wp-content\/uploads\/2025\/12\/logo.png\",\"width\":200,\"height\":65,\"caption\":\"STYLORAL PTE. LTD\"},\"image\":{\"@id\":\"https:\/\/tourcruiser.com\/de\/#\/schema\/logo\/image\/\"}}]}<\/script>\n<!-- \/ Yoast SEO plugin. -->","yoast_head_json":{"title":"Nike Book 1 EP  - Tourcruiser PTE. LTD","robots":{"index":"index","follow":"follow","max-snippet":"max-snippet:-1","max-image-preview":"max-image-preview:large","max-video-preview":"max-video-preview:-1"},"canonical":"https:\/\/tourcruiser.com\/","og_locale":"de_DE","og_type":"article","og_title":"Nike Book 1 EP  - Tourcruiser PTE. LTD","og_description":"Nike Book 1 EP \u201d\u201d Sail\/Court Purple\/Clay Orange","og_url":"\/","og_site_name":"Tourcruiser Sneaker Store","article_modified_time":"2026-03-27T17:39:29+00:00","twitter_card":"summary_large_image","twitter_image":"https:\/\/images.novelship.com\/product\/nike_book_1_ep_fj4250-106_0_80265.png;https:\/\/images.novelship.com\/product\/nike_book_1_ep_fj4250-106_1_80265.png;https:\/\/images.novelship.com\/product\/nike_book_1_ep_fj4250-106_2_80265.png;https:\/\/images.novelship.com\/product\/nike_book_1_ep_fj4250-106_3_80265.png;https:\/\/images.novelship.com\/product\/nike_book_1_ep_fj4250-106_4_80265.png;https:\/\/images.novelship.com\/product\/nike_book_1_ep_fj4250-106_5_80265.png;https:\/\/images.novelship.com\/product\/nike_book_1_ep_fj4250-106_6_80265.png;https:\/\/images.novelship.com\/product\/nike_book_1_ep_fj4250-106_7_80265.png;https:\/\/images.novelship.com\/product\/nike_book_1_ep_fj4250-106_8_80265.png","twitter_misc":{"Gesch\u00e4tzte Lesezeit":"1\u00a0Minute"},"schema":{"@context":"https:\/\/schema.org","@graph":[{"@type":"WebPage","@id":"\/","url":"https:\/\/tourcruiser.com\/","name":"Nike Book 1 EP - Tourcruiser PTE. LTD","isPartOf":{"@id":"https:\/\/tourcruiser.com\/de\/#website"},"primaryImageOfPage":{"@id":"https:\/\/tourcruiser.com\/#primaryimage"},"image":{"@id":"https:\/\/tourcruiser.com\/#primaryimage"},"thumbnailUrl":"https:\/\/images.novelship.com\/product\/nike_book_1_ep_fj4250-106_0_80265.png;https:\/\/images.novelship.com\/product\/nike_book_1_ep_fj4250-106_1_80265.png;https:\/\/images.novelship.com\/product\/nike_book_1_ep_fj4250-106_2_80265.png;https:\/\/images.novelship.com\/product\/nike_book_1_ep_fj4250-106_3_80265.png;https:\/\/images.novelship.com\/product\/nike_book_1_ep_fj4250-106_4_80265.png;https:\/\/images.novelship.com\/product\/nike_book_1_ep_fj4250-106_5_80265.png;https:\/\/images.novelship.com\/product\/nike_book_1_ep_fj4250-106_6_80265.png;https:\/\/images.novelship.com\/product\/nike_book_1_ep_fj4250-106_7_80265.png;https:\/\/images.novelship.com\/product\/nike_book_1_ep_fj4250-106_8_80265.png","datePublished":"2026-03-02T07:37:33+00:00","dateModified":"2026-03-27T17:39:29+00:00","breadcrumb":{"@id":"https:\/\/tourcruiser.com\/#breadcrumb"},"inLanguage":"de","potentialAction":[{"@type":"ReadAction","target":["https:\/\/tourcruiser.com\/"]}]},{"@type":"ImageObject","inLanguage":"de","@id":"https:\/\/tourcruiser.com\/#primaryimage","url":"https:\/\/images.novelship.com\/product\/nike_book_1_ep_fj4250-106_0_80265.png;https:\/\/images.novelship.com\/product\/nike_book_1_ep_fj4250-106_1_80265.png;https:\/\/images.novelship.com\/product\/nike_book_1_ep_fj4250-106_2_80265.png;https:\/\/images.novelship.com\/product\/nike_book_1_ep_fj4250-106_3_80265.png;https:\/\/images.novelship.com\/product\/nike_book_1_ep_fj4250-106_4_80265.png;https:\/\/images.novelship.com\/product\/nike_book_1_ep_fj4250-106_5_80265.png;https:\/\/images.novelship.com\/product\/nike_book_1_ep_fj4250-106_6_80265.png;https:\/\/images.novelship.com\/product\/nike_book_1_ep_fj4250-106_7_80265.png;https:\/\/images.novelship.com\/product\/nike_book_1_ep_fj4250-106_8_80265.png","contentUrl":"https:\/\/images.novelship.com\/product\/nike_book_1_ep_fj4250-106_0_80265.png;https:\/\/images.novelship.com\/product\/nike_book_1_ep_fj4250-106_1_80265.png;https:\/\/images.novelship.com\/product\/nike_book_1_ep_fj4250-106_2_80265.png;https:\/\/images.novelship.com\/product\/nike_book_1_ep_fj4250-106_3_80265.png;https:\/\/images.novelship.com\/product\/nike_book_1_ep_fj4250-106_4_80265.png;https:\/\/images.novelship.com\/product\/nike_book_1_ep_fj4250-106_5_80265.png;https:\/\/images.novelship.com\/product\/nike_book_1_ep_fj4250-106_6_80265.png;https:\/\/images.novelship.com\/product\/nike_book_1_ep_fj4250-106_7_80265.png;https:\/\/images.novelship.com\/product\/nike_book_1_ep_fj4250-106_8_80265.png"},{"@type":"BreadcrumbList","@id":"https:\/\/tourcruiser.com\/#breadcrumb","itemListElement":[{"@type":"ListItem","position":1,"name":"Home","item":"https:\/\/tourcruiser.com\/de\/"},{"@type":"ListItem","position":2,"name":"Shop","item":"https:\/\/tourcruiser.com\/de\/shop\/"},{"@type":"ListItem","position":3,"name":"Nike Book 1 EP"}]},{"@type":"WebSite","@id":"https:\/\/tourcruiser.com\/de\/#website","url":"https:\/\/tourcruiser.com\/de\/","name":"Styloral Jewelry Shop","description":"Tourcruiser Sneaker Store \u2014 der Ort, an dem das Universum deine Einzigartigkeit trifft.","publisher":{"@id":"https:\/\/tourcruiser.com\/de\/#organization"},"potentialAction":[{"@type":"SearchAction","target":{"@type":"EntryPoint","urlTemplate":"https:\/\/tourcruiser.com\/de\/?s={search_term_string}"},"query-input":{"@type":"PropertyValueSpecification","valueRequired":true,"valueName":"search_term_string"}}],"inLanguage":"de"},{"@type":"Organization","@id":"https:\/\/tourcruiser.com\/de\/#organization","name":"STYLORAL PTE. LTD","url":"https:\/\/tourcruiser.com\/de\/","logo":{"@type":"ImageObject","inLanguage":"de","@id":"https:\/\/tourcruiser.com\/de\/#\/schema\/logo\/image\/","url":"https:\/\/www.tourcruiser.com\/wp-content\/uploads\/2025\/12\/logo.png","contentUrl":"https:\/\/www.tourcruiser.com\/wp-content\/uploads\/2025\/12\/logo.png","width":200,"height":65,"caption":"STYLORAL PTE. LTD"},"image":{"@id":"https:\/\/tourcruiser.com\/de\/#\/schema\/logo\/image\/"}}]}},"_links":{"self":[{"href":"https:\/\/tourcruiser.com\/de\/wp-json\/wp\/v2\/product\/28923","targetHints":{"allow":["GET"]}}],"collection":[{"href":"https:\/\/tourcruiser.com\/de\/wp-json\/wp\/v2\/product"}],"about":[{"href":"https:\/\/tourcruiser.com\/de\/wp-json\/wp\/v2\/types\/product"}],"replies":[{"embeddable":true,"href":"https:\/\/tourcruiser.com\/de\/wp-json\/wp\/v2\/comments?post=28923"}],"wp:featuredmedia":[{"embeddable":true,"href":"https:\/\/tourcruiser.com\/de\/wp-json\/wp\/v2\/media\/28924"}],"wp:attachment":[{"href":"https:\/\/tourcruiser.com\/de\/wp-json\/wp\/v2\/media?parent=28923"}],"wp:term":[{"taxonomy":"product_brand","embeddable":true,"href":"https:\/\/tourcruiser.com\/de\/wp-json\/wp\/v2\/product_brand?post=28923"},{"taxonomy":"product_cat","embeddable":true,"href":"https:\/\/tourcruiser.com\/de\/wp-json\/wp\/v2\/product_cat?post=28923"},{"taxonomy":"product_tag","embeddable":true,"href":"https:\/\/tourcruiser.com\/de\/wp-json\/wp\/v2\/product_tag?post=28923"}],"curies":[{"name":"wp","href":"https:\/\/api.w.org\/{rel}","templated":true}]}}