{"id":28781,"date":"2026-03-02T14:37:22","date_gmt":"2026-03-02T07:37:22","guid":{"rendered":"http:\/\/tourcruiser.com\/product\/women-sporty-rich-x-adidas-sl72-og-sweden"},"modified":"2026-03-28T00:39:25","modified_gmt":"2026-03-27T17:39:25","slug":"women-sporty-rich-x-adidas-sl72-og-sweden","status":"publish","type":"product","link":"https:\/\/tourcruiser.com\/de\/products\/women-sporty-rich-x-adidas-sl72-og-sweden\/","title":{"rendered":"(Women) Sporty &#038; Rich x adidas SL72 OG &#8218;Sweden&#8216;"},"content":{"rendered":"<p>Mit dem Sporty &#038; Rich x adidas SL72 OG &#8218;Sweden&#8216; JH6701 f\u00fcr Damen verleihst du deinem Sneaker-Style das gewisse Etwas. Diese exklusive Kollaboration vereint nahtlos sportlichen Retro-Stil mit modernem Flair. Inspiriert von schwedischem Erbe, bestechen diese Sneaker durch ein leuchtendes Gelb-Blau-Farbschema, hochwertige Materialien und ikonische adidas Details. Das leichte Design sorgt f\u00fcr Komfort und Vielseitigkeit und macht sie perfekt f\u00fcr Freizeit und sportliche Aktivit\u00e4ten. Verleihe deiner Garderobe mit diesem einzigartigen Paar einen Hauch von nostalgischem Charme und moderner Eleganz.<\/p>\n<ul>\n<li><strong>Farbgebung:<\/strong> Blau\/Gelb\/Blau<\/li>\n<li><strong>Style-Code:<\/strong> JH6701<\/li>\n<li><strong>Obermaterial:<\/strong> Nylon<\/li>\n<li><strong>Zwischensohle:<\/strong> EVA<\/li>\n<li><strong>Farbe:<\/strong> Blau<\/li>\n<\/ul>\n","protected":false},"excerpt":{"rendered":"<p>adidas SL72 OG \u201d\u201d Blue\/Yellow\/Blue<\/p>\n","protected":false},"featured_media":28782,"comment_status":"open","ping_status":"closed","template":"","meta":[],"product_brand":[],"product_cat":[10941],"product_tag":[10759,10847,10926,10754,10765,10768,10785,10786,10758],"class_list":{"0":"post-28781","1":"product","2":"type-product","3":"status-publish","4":"has-post-thumbnail","6":"product_cat-adidas-women","7":"product_tag-adidas","8":"product_tag-best-finds-under-100","9":"product_tag-gift-for-her","10":"product_tag-lifestyle-casual-shoes","11":"product_tag-lifestyle-shoes-running-inspired","12":"product_tag-retro-running-shoes","13":"product_tag-trending-deals","14":"product_tag-trending-deals-under-150","15":"product_tag-under-retail","16":"wcpa_has_options","18":"first","19":"outofstock","20":"taxable","21":"shipping-taxable","22":"purchasable","23":"product-type-simple"},"wcpa_form_fields":{"rules":{"pric_overide_base_price":false,"pric_overide_base_price_if_gt_zero":false,"pric_overide_base_price_fully":false,"pric_cal_option_once":false,"pric_use_as_fee":false,"bind_quantity":false,"quantity_bind_formula":false},"fields":[{"type":"color-group","required":true,"elementId":"wcpa-color-group-66c4a7f817afe","label":"Gr\u00f6\u00dfe","inline":true,"priceOptions":"different_for_all","pricingType":"fixed","className":"hassizechart product-shoes-size-eu product-shoes-size","name":"color-group-66c4a7f817b18","disp_type":"square","selection_type":"tick-border","disp_size":"50","show_label_inside":true,"adjust_width":true,"cart_display_type":"text","other_text":"Other","cl_rule":"show","col":6,"values":[{"label":"35","value":"EU 35","price":"","pimage":"","pimage_id":"","pthumb":"","color":""},{"label":"35.5","value":"EU 35.5","price":"","pimage":"","pimage_id":"","pthumb":"","color":""},{"label":"36","value":"EU 36","price":"","pimage":"","pimage_id":"","pthumb":"","color":"","selected":true},{"label":"36 2\/3","value":"EU 36 2\/3","price":"","pimage":"","pimage_id":"","pthumb":"","color":""},{"label":"37 1\/3","value":"EU 37 1\/3","price":"","pimage":"","pimage_id":"","pthumb":"","color":""},{"label":"38","value":"EU 38","price":"","pimage":"","pimage_id":"","pthumb":"","color":""},{"label":"38 2\/3","value":"EU 38 2\/3","price":"","pimage":"","pimage_id":"","pthumb":"","color":""},{"label":"39 1\/3","value":"EU 39 1\/3","price":"","pimage":"","pimage_id":"","pthumb":"","color":""},{"label":"40","value":"EU 40","price":"","pimage":"","pimage_id":"","pthumb":"","color":""},{"label":"40 2\/3","value":"EU 40 2\/3","price":"","pimage":"","pimage_id":"","pthumb":"","color":""},{"label":"41 1\/3","value":"EU 41 1\/3","price":"","pimage":"","pimage_id":"","pthumb":"","color":""},{"label":"42","value":"EU 42","price":"","pimage":"","pimage_id":"","pthumb":"","color":""},{"label":"42 2\/3","value":"EU 42 2\/3","price":"","pimage":"","pimage_id":"","pthumb":"","color":""},{"label":"43 1\/3","value":"EU 43 1\/3","price":"","pimage":"","pimage_id":"","pthumb":"","color":""},{"label":"44","value":"EU 44","price":"","pimage":"","pimage_id":"","pthumb":"","color":""},{"label":"44 2\/3","value":"EU 44 2\/3","price":"","pimage":"","pimage_id":"","pthumb":"","color":""},{"label":"45 1\/3","value":"EU 45 1\/3","price":"","pimage":"","pimage_id":"","pthumb":"","color":""},{"label":"46","value":"EU 46","price":"","pimage":"","pimage_id":"","pthumb":"","color":""},{"label":"46 2\/3","value":"EU 46 2\/3","price":"","pimage":"","pimage_id":"","pthumb":"","color":""},{"label":"47 1\/3","value":"EU 47 1\/3","price":"","pimage":"","pimage_id":"","pthumb":"","color":""}],"relations":[{"operator":false,"rules":[]}],"form_id":24802,"form_rules":{"pric_cal_option_once":false,"exclude_from_discount":false,"pric_use_as_fee":false,"fee_label":"Fee","render_after_acb":false,"disp_hide_options_price":false}}]},"yoast_head":"<!-- This site is optimized with the Yoast SEO plugin v26.5 - https:\/\/yoast.com\/wordpress\/plugins\/seo\/ -->\n<title>(Women) Sporty &amp; Rich x adidas SL72 OG &#039;Sweden&#039;  - Tourcruiser PTE. LTD<\/title>\n<meta name=\"robots\" content=\"index, follow, max-snippet:-1, max-image-preview:large, max-video-preview:-1\" \/>\n<link rel=\"canonical\" href=\"https:\/\/tourcruiser.com\/de\/products\/women-sporty-rich-x-adidas-sl72-og-sweden\/\" \/>\n<meta property=\"og:locale\" content=\"de_DE\" \/>\n<meta property=\"og:type\" content=\"article\" \/>\n<meta property=\"og:title\" content=\"(Women) Sporty &amp; Rich x adidas SL72 OG &#039;Sweden&#039;  - Tourcruiser PTE. LTD\" \/>\n<meta property=\"og:description\" content=\"adidas SL72 OG \u201d\u201d Blue\/Yellow\/Blue\" \/>\n<meta property=\"og:url\" content=\"https:\/\/tourcruiser.com\/de\/products\/women-sporty-rich-x-adidas-sl72-og-sweden\/\" \/>\n<meta property=\"og:site_name\" content=\"Tourcruiser Sneaker Store\" \/>\n<meta property=\"article:modified_time\" content=\"2026-03-27T17:39:25+00:00\" \/>\n<meta name=\"twitter:card\" content=\"summary_large_image\" \/>\n<meta name=\"twitter:image\" content=\"https:\/\/images.novelship.com\/product\/_women__sporty___rich_x_adidas_sl72_og__sweden__jh_0_13680.jpeg;https:\/\/images.novelship.com\/product\/_women__sporty___rich_x_adidas_sl72_og__sweden__jh_1_13680.jpeg;https:\/\/images.novelship.com\/product\/_women__sporty___rich_x_adidas_sl72_og__sweden__jh_2_13680.jpeg;https:\/\/images.novelship.com\/product\/_women__sporty___rich_x_adidas_sl72_og__sweden__jh_3_13680.jpeg;https:\/\/images.novelship.com\/product\/_women__sporty___rich_x_adidas_sl72_og__sweden__jh_4_13680.jpeg;https:\/\/images.novelship.com\/product\/_women__sporty___rich_x_adidas_sl72_og__sweden__jh_5_13680.jpeg;https:\/\/images.novelship.com\/product\/_women__sporty___rich_x_adidas_sl72_og__sweden__jh_6_13680.jpeg;https:\/\/images.novelship.com\/product\/_women__sporty___rich_x_adidas_sl72_og__sweden__jh_7_13680.jpeg\" \/>\n<script type=\"application\/ld+json\" class=\"yoast-schema-graph\">{\"@context\":\"https:\/\/schema.org\",\"@graph\":[{\"@type\":\"WebPage\",\"@id\":\"https:\/\/tourcruiser.com\/de\/products\/women-sporty-rich-x-adidas-sl72-og-sweden\/\",\"url\":\"https:\/\/tourcruiser.com\/de\/products\/women-sporty-rich-x-adidas-sl72-og-sweden\/\",\"name\":\"(Women) Sporty & Rich x adidas SL72 OG 'Sweden' - Tourcruiser PTE. LTD\",\"isPartOf\":{\"@id\":\"https:\/\/tourcruiser.com\/de\/#website\"},\"primaryImageOfPage\":{\"@id\":\"https:\/\/tourcruiser.com\/de\/products\/women-sporty-rich-x-adidas-sl72-og-sweden\/#primaryimage\"},\"image\":{\"@id\":\"https:\/\/tourcruiser.com\/de\/products\/women-sporty-rich-x-adidas-sl72-og-sweden\/#primaryimage\"},\"thumbnailUrl\":\"https:\/\/images.novelship.com\/product\/_women__sporty___rich_x_adidas_sl72_og__sweden__jh_0_13680.jpeg;https:\/\/images.novelship.com\/product\/_women__sporty___rich_x_adidas_sl72_og__sweden__jh_1_13680.jpeg;https:\/\/images.novelship.com\/product\/_women__sporty___rich_x_adidas_sl72_og__sweden__jh_2_13680.jpeg;https:\/\/images.novelship.com\/product\/_women__sporty___rich_x_adidas_sl72_og__sweden__jh_3_13680.jpeg;https:\/\/images.novelship.com\/product\/_women__sporty___rich_x_adidas_sl72_og__sweden__jh_4_13680.jpeg;https:\/\/images.novelship.com\/product\/_women__sporty___rich_x_adidas_sl72_og__sweden__jh_5_13680.jpeg;https:\/\/images.novelship.com\/product\/_women__sporty___rich_x_adidas_sl72_og__sweden__jh_6_13680.jpeg;https:\/\/images.novelship.com\/product\/_women__sporty___rich_x_adidas_sl72_og__sweden__jh_7_13680.jpeg\",\"datePublished\":\"2026-03-02T07:37:22+00:00\",\"dateModified\":\"2026-03-27T17:39:25+00:00\",\"breadcrumb\":{\"@id\":\"https:\/\/tourcruiser.com\/de\/products\/women-sporty-rich-x-adidas-sl72-og-sweden\/#breadcrumb\"},\"inLanguage\":\"de\",\"potentialAction\":[{\"@type\":\"ReadAction\",\"target\":[\"https:\/\/tourcruiser.com\/de\/products\/women-sporty-rich-x-adidas-sl72-og-sweden\/\"]}]},{\"@type\":\"ImageObject\",\"inLanguage\":\"de\",\"@id\":\"https:\/\/tourcruiser.com\/de\/products\/women-sporty-rich-x-adidas-sl72-og-sweden\/#primaryimage\",\"url\":\"https:\/\/images.novelship.com\/product\/_women__sporty___rich_x_adidas_sl72_og__sweden__jh_0_13680.jpeg;https:\/\/images.novelship.com\/product\/_women__sporty___rich_x_adidas_sl72_og__sweden__jh_1_13680.jpeg;https:\/\/images.novelship.com\/product\/_women__sporty___rich_x_adidas_sl72_og__sweden__jh_2_13680.jpeg;https:\/\/images.novelship.com\/product\/_women__sporty___rich_x_adidas_sl72_og__sweden__jh_3_13680.jpeg;https:\/\/images.novelship.com\/product\/_women__sporty___rich_x_adidas_sl72_og__sweden__jh_4_13680.jpeg;https:\/\/images.novelship.com\/product\/_women__sporty___rich_x_adidas_sl72_og__sweden__jh_5_13680.jpeg;https:\/\/images.novelship.com\/product\/_women__sporty___rich_x_adidas_sl72_og__sweden__jh_6_13680.jpeg;https:\/\/images.novelship.com\/product\/_women__sporty___rich_x_adidas_sl72_og__sweden__jh_7_13680.jpeg\",\"contentUrl\":\"https:\/\/images.novelship.com\/product\/_women__sporty___rich_x_adidas_sl72_og__sweden__jh_0_13680.jpeg;https:\/\/images.novelship.com\/product\/_women__sporty___rich_x_adidas_sl72_og__sweden__jh_1_13680.jpeg;https:\/\/images.novelship.com\/product\/_women__sporty___rich_x_adidas_sl72_og__sweden__jh_2_13680.jpeg;https:\/\/images.novelship.com\/product\/_women__sporty___rich_x_adidas_sl72_og__sweden__jh_3_13680.jpeg;https:\/\/images.novelship.com\/product\/_women__sporty___rich_x_adidas_sl72_og__sweden__jh_4_13680.jpeg;https:\/\/images.novelship.com\/product\/_women__sporty___rich_x_adidas_sl72_og__sweden__jh_5_13680.jpeg;https:\/\/images.novelship.com\/product\/_women__sporty___rich_x_adidas_sl72_og__sweden__jh_6_13680.jpeg;https:\/\/images.novelship.com\/product\/_women__sporty___rich_x_adidas_sl72_og__sweden__jh_7_13680.jpeg\"},{\"@type\":\"BreadcrumbList\",\"@id\":\"https:\/\/tourcruiser.com\/de\/products\/women-sporty-rich-x-adidas-sl72-og-sweden\/#breadcrumb\",\"itemListElement\":[{\"@type\":\"ListItem\",\"position\":1,\"name\":\"Home\",\"item\":\"https:\/\/tourcruiser.com\/de\/\"},{\"@type\":\"ListItem\",\"position\":2,\"name\":\"Shop\",\"item\":\"https:\/\/tourcruiser.com\/de\/shop\/\"},{\"@type\":\"ListItem\",\"position\":3,\"name\":\"(Women) Sporty &#038; Rich x adidas SL72 OG 'Sweden'\"}]},{\"@type\":\"WebSite\",\"@id\":\"https:\/\/tourcruiser.com\/de\/#website\",\"url\":\"https:\/\/tourcruiser.com\/de\/\",\"name\":\"Styloral Jewelry Shop\",\"description\":\"Tourcruiser Sneaker Store \u2014 der Ort, an dem das Universum deine Einzigartigkeit trifft.\",\"publisher\":{\"@id\":\"https:\/\/tourcruiser.com\/de\/#organization\"},\"potentialAction\":[{\"@type\":\"SearchAction\",\"target\":{\"@type\":\"EntryPoint\",\"urlTemplate\":\"https:\/\/tourcruiser.com\/de\/?s={search_term_string}\"},\"query-input\":{\"@type\":\"PropertyValueSpecification\",\"valueRequired\":true,\"valueName\":\"search_term_string\"}}],\"inLanguage\":\"de\"},{\"@type\":\"Organization\",\"@id\":\"https:\/\/tourcruiser.com\/de\/#organization\",\"name\":\"STYLORAL PTE. LTD\",\"url\":\"https:\/\/tourcruiser.com\/de\/\",\"logo\":{\"@type\":\"ImageObject\",\"inLanguage\":\"de\",\"@id\":\"https:\/\/tourcruiser.com\/de\/#\/schema\/logo\/image\/\",\"url\":\"https:\/\/www.tourcruiser.com\/wp-content\/uploads\/2025\/12\/logo.png\",\"contentUrl\":\"https:\/\/www.tourcruiser.com\/wp-content\/uploads\/2025\/12\/logo.png\",\"width\":200,\"height\":65,\"caption\":\"STYLORAL PTE. LTD\"},\"image\":{\"@id\":\"https:\/\/tourcruiser.com\/de\/#\/schema\/logo\/image\/\"}}]}<\/script>\n<!-- \/ Yoast SEO plugin. -->","yoast_head_json":{"title":"(Women) Sporty & Rich x adidas SL72 OG 'Sweden'  - Tourcruiser PTE. LTD","robots":{"index":"index","follow":"follow","max-snippet":"max-snippet:-1","max-image-preview":"max-image-preview:large","max-video-preview":"max-video-preview:-1"},"canonical":"https:\/\/tourcruiser.com\/de\/products\/women-sporty-rich-x-adidas-sl72-og-sweden\/","og_locale":"de_DE","og_type":"article","og_title":"(Women) Sporty & Rich x adidas SL72 OG 'Sweden'  - Tourcruiser PTE. LTD","og_description":"adidas SL72 OG \u201d\u201d Blue\/Yellow\/Blue","og_url":"https:\/\/tourcruiser.com\/de\/products\/women-sporty-rich-x-adidas-sl72-og-sweden\/","og_site_name":"Tourcruiser Sneaker Store","article_modified_time":"2026-03-27T17:39:25+00:00","twitter_card":"summary_large_image","twitter_image":"https:\/\/images.novelship.com\/product\/_women__sporty___rich_x_adidas_sl72_og__sweden__jh_0_13680.jpeg;https:\/\/images.novelship.com\/product\/_women__sporty___rich_x_adidas_sl72_og__sweden__jh_1_13680.jpeg;https:\/\/images.novelship.com\/product\/_women__sporty___rich_x_adidas_sl72_og__sweden__jh_2_13680.jpeg;https:\/\/images.novelship.com\/product\/_women__sporty___rich_x_adidas_sl72_og__sweden__jh_3_13680.jpeg;https:\/\/images.novelship.com\/product\/_women__sporty___rich_x_adidas_sl72_og__sweden__jh_4_13680.jpeg;https:\/\/images.novelship.com\/product\/_women__sporty___rich_x_adidas_sl72_og__sweden__jh_5_13680.jpeg;https:\/\/images.novelship.com\/product\/_women__sporty___rich_x_adidas_sl72_og__sweden__jh_6_13680.jpeg;https:\/\/images.novelship.com\/product\/_women__sporty___rich_x_adidas_sl72_og__sweden__jh_7_13680.jpeg","schema":{"@context":"https:\/\/schema.org","@graph":[{"@type":"WebPage","@id":"https:\/\/tourcruiser.com\/de\/products\/women-sporty-rich-x-adidas-sl72-og-sweden\/","url":"https:\/\/tourcruiser.com\/de\/products\/women-sporty-rich-x-adidas-sl72-og-sweden\/","name":"(Women) Sporty & Rich x adidas SL72 OG 'Sweden' - Tourcruiser PTE. LTD","isPartOf":{"@id":"https:\/\/tourcruiser.com\/de\/#website"},"primaryImageOfPage":{"@id":"https:\/\/tourcruiser.com\/de\/products\/women-sporty-rich-x-adidas-sl72-og-sweden\/#primaryimage"},"image":{"@id":"https:\/\/tourcruiser.com\/de\/products\/women-sporty-rich-x-adidas-sl72-og-sweden\/#primaryimage"},"thumbnailUrl":"https:\/\/images.novelship.com\/product\/_women__sporty___rich_x_adidas_sl72_og__sweden__jh_0_13680.jpeg;https:\/\/images.novelship.com\/product\/_women__sporty___rich_x_adidas_sl72_og__sweden__jh_1_13680.jpeg;https:\/\/images.novelship.com\/product\/_women__sporty___rich_x_adidas_sl72_og__sweden__jh_2_13680.jpeg;https:\/\/images.novelship.com\/product\/_women__sporty___rich_x_adidas_sl72_og__sweden__jh_3_13680.jpeg;https:\/\/images.novelship.com\/product\/_women__sporty___rich_x_adidas_sl72_og__sweden__jh_4_13680.jpeg;https:\/\/images.novelship.com\/product\/_women__sporty___rich_x_adidas_sl72_og__sweden__jh_5_13680.jpeg;https:\/\/images.novelship.com\/product\/_women__sporty___rich_x_adidas_sl72_og__sweden__jh_6_13680.jpeg;https:\/\/images.novelship.com\/product\/_women__sporty___rich_x_adidas_sl72_og__sweden__jh_7_13680.jpeg","datePublished":"2026-03-02T07:37:22+00:00","dateModified":"2026-03-27T17:39:25+00:00","breadcrumb":{"@id":"https:\/\/tourcruiser.com\/de\/products\/women-sporty-rich-x-adidas-sl72-og-sweden\/#breadcrumb"},"inLanguage":"de","potentialAction":[{"@type":"ReadAction","target":["https:\/\/tourcruiser.com\/de\/products\/women-sporty-rich-x-adidas-sl72-og-sweden\/"]}]},{"@type":"ImageObject","inLanguage":"de","@id":"https:\/\/tourcruiser.com\/de\/products\/women-sporty-rich-x-adidas-sl72-og-sweden\/#primaryimage","url":"https:\/\/images.novelship.com\/product\/_women__sporty___rich_x_adidas_sl72_og__sweden__jh_0_13680.jpeg;https:\/\/images.novelship.com\/product\/_women__sporty___rich_x_adidas_sl72_og__sweden__jh_1_13680.jpeg;https:\/\/images.novelship.com\/product\/_women__sporty___rich_x_adidas_sl72_og__sweden__jh_2_13680.jpeg;https:\/\/images.novelship.com\/product\/_women__sporty___rich_x_adidas_sl72_og__sweden__jh_3_13680.jpeg;https:\/\/images.novelship.com\/product\/_women__sporty___rich_x_adidas_sl72_og__sweden__jh_4_13680.jpeg;https:\/\/images.novelship.com\/product\/_women__sporty___rich_x_adidas_sl72_og__sweden__jh_5_13680.jpeg;https:\/\/images.novelship.com\/product\/_women__sporty___rich_x_adidas_sl72_og__sweden__jh_6_13680.jpeg;https:\/\/images.novelship.com\/product\/_women__sporty___rich_x_adidas_sl72_og__sweden__jh_7_13680.jpeg","contentUrl":"https:\/\/images.novelship.com\/product\/_women__sporty___rich_x_adidas_sl72_og__sweden__jh_0_13680.jpeg;https:\/\/images.novelship.com\/product\/_women__sporty___rich_x_adidas_sl72_og__sweden__jh_1_13680.jpeg;https:\/\/images.novelship.com\/product\/_women__sporty___rich_x_adidas_sl72_og__sweden__jh_2_13680.jpeg;https:\/\/images.novelship.com\/product\/_women__sporty___rich_x_adidas_sl72_og__sweden__jh_3_13680.jpeg;https:\/\/images.novelship.com\/product\/_women__sporty___rich_x_adidas_sl72_og__sweden__jh_4_13680.jpeg;https:\/\/images.novelship.com\/product\/_women__sporty___rich_x_adidas_sl72_og__sweden__jh_5_13680.jpeg;https:\/\/images.novelship.com\/product\/_women__sporty___rich_x_adidas_sl72_og__sweden__jh_6_13680.jpeg;https:\/\/images.novelship.com\/product\/_women__sporty___rich_x_adidas_sl72_og__sweden__jh_7_13680.jpeg"},{"@type":"BreadcrumbList","@id":"https:\/\/tourcruiser.com\/de\/products\/women-sporty-rich-x-adidas-sl72-og-sweden\/#breadcrumb","itemListElement":[{"@type":"ListItem","position":1,"name":"Home","item":"https:\/\/tourcruiser.com\/de\/"},{"@type":"ListItem","position":2,"name":"Shop","item":"https:\/\/tourcruiser.com\/de\/shop\/"},{"@type":"ListItem","position":3,"name":"(Women) Sporty &#038; Rich x adidas SL72 OG 'Sweden'"}]},{"@type":"WebSite","@id":"https:\/\/tourcruiser.com\/de\/#website","url":"https:\/\/tourcruiser.com\/de\/","name":"Styloral Jewelry Shop","description":"Tourcruiser Sneaker Store \u2014 der Ort, an dem das Universum deine Einzigartigkeit trifft.","publisher":{"@id":"https:\/\/tourcruiser.com\/de\/#organization"},"potentialAction":[{"@type":"SearchAction","target":{"@type":"EntryPoint","urlTemplate":"https:\/\/tourcruiser.com\/de\/?s={search_term_string}"},"query-input":{"@type":"PropertyValueSpecification","valueRequired":true,"valueName":"search_term_string"}}],"inLanguage":"de"},{"@type":"Organization","@id":"https:\/\/tourcruiser.com\/de\/#organization","name":"STYLORAL PTE. LTD","url":"https:\/\/tourcruiser.com\/de\/","logo":{"@type":"ImageObject","inLanguage":"de","@id":"https:\/\/tourcruiser.com\/de\/#\/schema\/logo\/image\/","url":"https:\/\/www.tourcruiser.com\/wp-content\/uploads\/2025\/12\/logo.png","contentUrl":"https:\/\/www.tourcruiser.com\/wp-content\/uploads\/2025\/12\/logo.png","width":200,"height":65,"caption":"STYLORAL PTE. LTD"},"image":{"@id":"https:\/\/tourcruiser.com\/de\/#\/schema\/logo\/image\/"}}]}},"_links":{"self":[{"href":"https:\/\/tourcruiser.com\/de\/wp-json\/wp\/v2\/product\/28781","targetHints":{"allow":["GET"]}}],"collection":[{"href":"https:\/\/tourcruiser.com\/de\/wp-json\/wp\/v2\/product"}],"about":[{"href":"https:\/\/tourcruiser.com\/de\/wp-json\/wp\/v2\/types\/product"}],"replies":[{"embeddable":true,"href":"https:\/\/tourcruiser.com\/de\/wp-json\/wp\/v2\/comments?post=28781"}],"wp:featuredmedia":[{"embeddable":true,"href":"https:\/\/tourcruiser.com\/de\/wp-json\/wp\/v2\/media\/28782"}],"wp:attachment":[{"href":"https:\/\/tourcruiser.com\/de\/wp-json\/wp\/v2\/media?parent=28781"}],"wp:term":[{"taxonomy":"product_brand","embeddable":true,"href":"https:\/\/tourcruiser.com\/de\/wp-json\/wp\/v2\/product_brand?post=28781"},{"taxonomy":"product_cat","embeddable":true,"href":"https:\/\/tourcruiser.com\/de\/wp-json\/wp\/v2\/product_cat?post=28781"},{"taxonomy":"product_tag","embeddable":true,"href":"https:\/\/tourcruiser.com\/de\/wp-json\/wp\/v2\/product_tag?post=28781"}],"curies":[{"name":"wp","href":"https:\/\/api.w.org\/{rel}","templated":true}]}}