{"id":28647,"date":"2026-03-02T14:37:11","date_gmt":"2026-03-02T07:37:11","guid":{"rendered":"http:\/\/tourcruiser.com\/product\/women-nike-air-max-90-lv8-pink-oxford-guava"},"modified":"2026-03-28T00:39:17","modified_gmt":"2026-03-27T17:39:17","slug":"women-nike-air-max-90-lv8-pink-oxford-guava","status":"publish","type":"product","link":"https:\/\/tourcruiser.com\/de\/products\/women-nike-air-max-90-lv8-pink-oxford-guava\/","title":{"rendered":"(Women) Nike Air Max 90 LV8 &#8218;Pink Oxford Guava&#8216;"},"content":{"rendered":"<p>Erlebe zeitlosen Stil und unvergleichlichen Komfort mit dem Nike Air Max 90 LV8 \u201ePink Oxford Guava\u201c f\u00fcr Damen. Dieser Schuh vereint Retro-Design mit einem modernen Pastell-Twist. Das hochwertige Leder-Obermaterial in zarten Rosat\u00f6nen verleiht der ikonischen Silhouette Strapazierf\u00e4higkeit und Eleganz, w\u00e4hrend die charakteristische Max Air-D\u00e4mpfung f\u00fcr leichten Tragekomfort und Aufprallschutz bei jedem Schritt sorgt. Die Waffelsohle verbessert Grip und Strapazierf\u00e4higkeit und macht den Schuh perfekt f\u00fcr den Alltag. Der gepolsterte Schaftrand bietet ganzt\u00e4gigen Halt f\u00fcr den Kn\u00f6chel. Raffinierte Details und kontrastierende Guaven-Akzente unterstreichen die \u00c4sthetik und schaffen eine harmonische Balance aus Eleganz und Sportlichkeit. Der Nike Air Max 90 LV8 \u201ePink Oxford Guava\u201c ist ideal f\u00fcr Freizeitaktivit\u00e4ten oder Fitness und l\u00e4sst sich m\u00fchelos mit jedem Outfit kombinieren \u201d\u201c f\u00fcr einen schicken und vielseitigen Look.<\/p>\n<ul>\n<li><strong>Farbgebung:<\/strong> Pink Oxford\/Guava Ice\/Gum Medium Brown\/Schwarz<\/li>\n<li><strong>Style-Code:<\/strong> HJ7239-699<\/li>\n<li><strong>Farbe:<\/strong> Pink<\/li>\n<\/ul>\n","protected":false},"excerpt":{"rendered":"<p>Nike Air Max 90 LV8 \u201d\u201d Pink Oxford\/Guava Ice\/Gum Medium Brown\/Black<\/p>\n","protected":false},"featured_media":28648,"comment_status":"open","ping_status":"closed","template":"","meta":[],"product_brand":[],"product_cat":[10809],"product_tag":[10926,10939,10754,10765,10940,10801,10768,10758],"class_list":{"0":"post-28647","1":"product","2":"type-product","3":"status-publish","4":"has-post-thumbnail","6":"product_cat-nike-women","7":"product_tag-gift-for-her","8":"product_tag-international-women-day-coll","9":"product_tag-lifestyle-casual-shoes","10":"product_tag-lifestyle-shoes-running-inspired","11":"product_tag-mother-day-coll","12":"product_tag-nike","13":"product_tag-retro-running-shoes","14":"product_tag-under-retail","15":"wcpa_has_options","17":"first","18":"outofstock","19":"sale","20":"taxable","21":"shipping-taxable","22":"purchasable","23":"product-type-simple"},"wcpa_form_fields":{"rules":{"pric_overide_base_price":false,"pric_overide_base_price_if_gt_zero":false,"pric_overide_base_price_fully":false,"pric_cal_option_once":false,"pric_use_as_fee":false,"bind_quantity":false,"quantity_bind_formula":false},"fields":[{"type":"color-group","required":true,"elementId":"wcpa-color-group-66c4a75505e74","label":"Gr\u00f6\u00dfe - EU Gr\u00f6\u00dfe","inline":true,"priceOptions":"different_for_all","pricingType":"fixed","className":"hassizechart product-shoes-size-eu product-shoes-size","name":"color-group-66c4a75505e89","disp_type":"square","selection_type":"tick-border","disp_size":"44","show_label_inside":true,"adjust_width":true,"cart_display_type":"text","other_text":"Other","cl_rule":"show","col":6,"values":[{"label":"35.5","value":"EU 35.5","price":"","pimage":"","pimage_id":"","pthumb":"","color":""},{"label":"36","value":"EU 36","price":"","pimage":"","pimage_id":"","pthumb":"","color":"","selected":true},{"label":"36.5","value":"EU 36.5","price":"","pimage":"","pimage_id":"","pthumb":"","color":""},{"label":"37.5","value":"EU 37.5","price":"","pimage":"","pimage_id":"","pthumb":"","color":""},{"label":"38","value":"EU 38","price":"","pimage":"","pimage_id":"","pthumb":"","color":""},{"label":"38.5","value":"EU 38.5","price":"","pimage":"","pimage_id":"","pthumb":"","color":""},{"label":"39","value":"EU 39","price":"","pimage":"","pimage_id":"","pthumb":"","color":""},{"label":"40","value":"EU 40","price":"","pimage":"","pimage_id":"","pthumb":"","color":""},{"label":"40.5","value":"EU 40.5","price":"","pimage":"","pimage_id":"","pthumb":"","color":""},{"label":"41","value":"EU 41","price":"","pimage":"","pimage_id":"","pthumb":"","color":""},{"label":"42","value":"EU 42","price":"","pimage":"","pimage_id":"","pthumb":"","color":""},{"label":"42.5","value":"EU 42.5","price":"","pimage":"","pimage_id":"","pthumb":"","color":""},{"label":"43","value":"EU 43","price":"","pimage":"","pimage_id":"","pthumb":"","color":""},{"label":"44","value":"EU 44","price":"","pimage":"","pimage_id":"","pthumb":"","color":""},{"label":"44.5","value":"EU 44.5","price":"","pimage":"","pimage_id":"","pthumb":"","color":""},{"label":"45","value":"EU 45","price":"","pimage":"","pimage_id":"","pthumb":"","color":""},{"label":"45.5","value":"EU 45.5","price":"","pimage":"","pimage_id":"","pthumb":"","color":""},{"label":"46","value":"EU 46","price":"","pimage":"","pimage_id":"","pthumb":"","color":""},{"label":"47","value":"EU 47","price":"","pimage":"","pimage_id":"","pthumb":"","color":""},{"label":"47.5","value":"EU 47.5","price":"","pimage":"","pimage_id":"","pthumb":"","color":""},{"label":"48","value":"EU 48","price":"","pimage":"","pimage_id":"","pthumb":"","color":""}],"relations":[{"operator":false,"rules":[]}],"form_id":18106,"form_rules":{"pric_cal_option_once":false,"exclude_from_discount":false,"pric_use_as_fee":false,"fee_label":"Fee","render_after_acb":false,"disp_hide_options_price":false}}]},"yoast_head":"<!-- This site is optimized with the Yoast SEO plugin v26.5 - https:\/\/yoast.com\/wordpress\/plugins\/seo\/ -->\n<title>(Women) Nike Air Max 90 LV8 &#039;Pink Oxford Guava&#039;  - Tourcruiser PTE. LTD<\/title>\n<meta name=\"robots\" content=\"index, follow, max-snippet:-1, max-image-preview:large, max-video-preview:-1\" \/>\n<link rel=\"canonical\" href=\"https:\/\/tourcruiser.com\/de\/products\/women-nike-air-max-90-lv8-pink-oxford-guava\/\" \/>\n<meta property=\"og:locale\" content=\"de_DE\" \/>\n<meta property=\"og:type\" content=\"article\" \/>\n<meta property=\"og:title\" content=\"(Women) Nike Air Max 90 LV8 &#039;Pink Oxford Guava&#039;  - Tourcruiser PTE. LTD\" \/>\n<meta property=\"og:description\" content=\"Nike Air Max 90 LV8 \u201d\u201d Pink Oxford\/Guava Ice\/Gum Medium Brown\/Black\" \/>\n<meta property=\"og:url\" content=\"https:\/\/tourcruiser.com\/de\/products\/women-nike-air-max-90-lv8-pink-oxford-guava\/\" \/>\n<meta property=\"og:site_name\" content=\"Tourcruiser Sneaker Store\" \/>\n<meta property=\"article:modified_time\" content=\"2026-03-27T17:39:17+00:00\" \/>\n<meta name=\"twitter:card\" content=\"summary_large_image\" \/>\n<meta name=\"twitter:image\" content=\"https:\/\/images.novelship.com\/product\/_women__nike_air_max_90_lv8__pink_oxford_guava__hj_0_51324.jpeg;https:\/\/images.novelship.com\/product\/_women__nike_air_max_90_lv8__pink_oxford_guava__hj_1_51325.jpeg;https:\/\/images.novelship.com\/product\/_women__nike_air_max_90_lv8__pink_oxford_guava__hj_2_51325.jpeg;https:\/\/images.novelship.com\/product\/_women__nike_air_max_90_lv8__pink_oxford_guava__hj_3_51325.jpeg;https:\/\/images.novelship.com\/product\/_women__nike_air_max_90_lv8__pink_oxford_guava__hj_4_51325.jpeg;https:\/\/images.novelship.com\/product\/_women__nike_air_max_90_lv8__pink_oxford_guava__hj_5_51325.jpeg;https:\/\/images.novelship.com\/product\/_women__nike_air_max_90_lv8__pink_oxford_guava__hj_6_51325.jpeg;https:\/\/images.novelship.com\/product\/_women__nike_air_max_90_lv8__pink_oxford_guava__hj_7_51325.jpeg\" \/>\n<meta name=\"twitter:label1\" content=\"Gesch\u00e4tzte Lesezeit\" \/>\n\t<meta name=\"twitter:data1\" content=\"1\u00a0Minute\" \/>\n<script type=\"application\/ld+json\" class=\"yoast-schema-graph\">{\"@context\":\"https:\/\/schema.org\",\"@graph\":[{\"@type\":\"WebPage\",\"@id\":\"https:\/\/tourcruiser.com\/de\/products\/women-nike-air-max-90-lv8-pink-oxford-guava\/\",\"url\":\"https:\/\/tourcruiser.com\/de\/products\/women-nike-air-max-90-lv8-pink-oxford-guava\/\",\"name\":\"(Women) Nike Air Max 90 LV8 'Pink Oxford Guava' - Tourcruiser PTE. LTD\",\"isPartOf\":{\"@id\":\"https:\/\/tourcruiser.com\/de\/#website\"},\"primaryImageOfPage\":{\"@id\":\"https:\/\/tourcruiser.com\/de\/products\/women-nike-air-max-90-lv8-pink-oxford-guava\/#primaryimage\"},\"image\":{\"@id\":\"https:\/\/tourcruiser.com\/de\/products\/women-nike-air-max-90-lv8-pink-oxford-guava\/#primaryimage\"},\"thumbnailUrl\":\"https:\/\/images.novelship.com\/product\/_women__nike_air_max_90_lv8__pink_oxford_guava__hj_0_51324.jpeg;https:\/\/images.novelship.com\/product\/_women__nike_air_max_90_lv8__pink_oxford_guava__hj_1_51325.jpeg;https:\/\/images.novelship.com\/product\/_women__nike_air_max_90_lv8__pink_oxford_guava__hj_2_51325.jpeg;https:\/\/images.novelship.com\/product\/_women__nike_air_max_90_lv8__pink_oxford_guava__hj_3_51325.jpeg;https:\/\/images.novelship.com\/product\/_women__nike_air_max_90_lv8__pink_oxford_guava__hj_4_51325.jpeg;https:\/\/images.novelship.com\/product\/_women__nike_air_max_90_lv8__pink_oxford_guava__hj_5_51325.jpeg;https:\/\/images.novelship.com\/product\/_women__nike_air_max_90_lv8__pink_oxford_guava__hj_6_51325.jpeg;https:\/\/images.novelship.com\/product\/_women__nike_air_max_90_lv8__pink_oxford_guava__hj_7_51325.jpeg\",\"datePublished\":\"2026-03-02T07:37:11+00:00\",\"dateModified\":\"2026-03-27T17:39:17+00:00\",\"breadcrumb\":{\"@id\":\"https:\/\/tourcruiser.com\/de\/products\/women-nike-air-max-90-lv8-pink-oxford-guava\/#breadcrumb\"},\"inLanguage\":\"de\",\"potentialAction\":[{\"@type\":\"ReadAction\",\"target\":[\"https:\/\/tourcruiser.com\/de\/products\/women-nike-air-max-90-lv8-pink-oxford-guava\/\"]}]},{\"@type\":\"ImageObject\",\"inLanguage\":\"de\",\"@id\":\"https:\/\/tourcruiser.com\/de\/products\/women-nike-air-max-90-lv8-pink-oxford-guava\/#primaryimage\",\"url\":\"https:\/\/images.novelship.com\/product\/_women__nike_air_max_90_lv8__pink_oxford_guava__hj_0_51324.jpeg;https:\/\/images.novelship.com\/product\/_women__nike_air_max_90_lv8__pink_oxford_guava__hj_1_51325.jpeg;https:\/\/images.novelship.com\/product\/_women__nike_air_max_90_lv8__pink_oxford_guava__hj_2_51325.jpeg;https:\/\/images.novelship.com\/product\/_women__nike_air_max_90_lv8__pink_oxford_guava__hj_3_51325.jpeg;https:\/\/images.novelship.com\/product\/_women__nike_air_max_90_lv8__pink_oxford_guava__hj_4_51325.jpeg;https:\/\/images.novelship.com\/product\/_women__nike_air_max_90_lv8__pink_oxford_guava__hj_5_51325.jpeg;https:\/\/images.novelship.com\/product\/_women__nike_air_max_90_lv8__pink_oxford_guava__hj_6_51325.jpeg;https:\/\/images.novelship.com\/product\/_women__nike_air_max_90_lv8__pink_oxford_guava__hj_7_51325.jpeg\",\"contentUrl\":\"https:\/\/images.novelship.com\/product\/_women__nike_air_max_90_lv8__pink_oxford_guava__hj_0_51324.jpeg;https:\/\/images.novelship.com\/product\/_women__nike_air_max_90_lv8__pink_oxford_guava__hj_1_51325.jpeg;https:\/\/images.novelship.com\/product\/_women__nike_air_max_90_lv8__pink_oxford_guava__hj_2_51325.jpeg;https:\/\/images.novelship.com\/product\/_women__nike_air_max_90_lv8__pink_oxford_guava__hj_3_51325.jpeg;https:\/\/images.novelship.com\/product\/_women__nike_air_max_90_lv8__pink_oxford_guava__hj_4_51325.jpeg;https:\/\/images.novelship.com\/product\/_women__nike_air_max_90_lv8__pink_oxford_guava__hj_5_51325.jpeg;https:\/\/images.novelship.com\/product\/_women__nike_air_max_90_lv8__pink_oxford_guava__hj_6_51325.jpeg;https:\/\/images.novelship.com\/product\/_women__nike_air_max_90_lv8__pink_oxford_guava__hj_7_51325.jpeg\"},{\"@type\":\"BreadcrumbList\",\"@id\":\"https:\/\/tourcruiser.com\/de\/products\/women-nike-air-max-90-lv8-pink-oxford-guava\/#breadcrumb\",\"itemListElement\":[{\"@type\":\"ListItem\",\"position\":1,\"name\":\"Home\",\"item\":\"https:\/\/tourcruiser.com\/de\/\"},{\"@type\":\"ListItem\",\"position\":2,\"name\":\"Shop\",\"item\":\"https:\/\/tourcruiser.com\/de\/shop\/\"},{\"@type\":\"ListItem\",\"position\":3,\"name\":\"(Women) Nike Air Max 90 LV8 'Pink Oxford Guava'\"}]},{\"@type\":\"WebSite\",\"@id\":\"https:\/\/tourcruiser.com\/de\/#website\",\"url\":\"https:\/\/tourcruiser.com\/de\/\",\"name\":\"Styloral Jewelry Shop\",\"description\":\"Tourcruiser Sneaker Store \u2014 der Ort, an dem das Universum deine Einzigartigkeit trifft.\",\"publisher\":{\"@id\":\"https:\/\/tourcruiser.com\/de\/#organization\"},\"potentialAction\":[{\"@type\":\"SearchAction\",\"target\":{\"@type\":\"EntryPoint\",\"urlTemplate\":\"https:\/\/tourcruiser.com\/de\/?s={search_term_string}\"},\"query-input\":{\"@type\":\"PropertyValueSpecification\",\"valueRequired\":true,\"valueName\":\"search_term_string\"}}],\"inLanguage\":\"de\"},{\"@type\":\"Organization\",\"@id\":\"https:\/\/tourcruiser.com\/de\/#organization\",\"name\":\"STYLORAL PTE. LTD\",\"url\":\"https:\/\/tourcruiser.com\/de\/\",\"logo\":{\"@type\":\"ImageObject\",\"inLanguage\":\"de\",\"@id\":\"https:\/\/tourcruiser.com\/de\/#\/schema\/logo\/image\/\",\"url\":\"https:\/\/www.tourcruiser.com\/wp-content\/uploads\/2025\/12\/logo.png\",\"contentUrl\":\"https:\/\/www.tourcruiser.com\/wp-content\/uploads\/2025\/12\/logo.png\",\"width\":200,\"height\":65,\"caption\":\"STYLORAL PTE. LTD\"},\"image\":{\"@id\":\"https:\/\/tourcruiser.com\/de\/#\/schema\/logo\/image\/\"}}]}<\/script>\n<!-- \/ Yoast SEO plugin. -->","yoast_head_json":{"title":"(Women) Nike Air Max 90 LV8 'Pink Oxford Guava'  - Tourcruiser PTE. LTD","robots":{"index":"index","follow":"follow","max-snippet":"max-snippet:-1","max-image-preview":"max-image-preview:large","max-video-preview":"max-video-preview:-1"},"canonical":"https:\/\/tourcruiser.com\/de\/products\/women-nike-air-max-90-lv8-pink-oxford-guava\/","og_locale":"de_DE","og_type":"article","og_title":"(Women) Nike Air Max 90 LV8 'Pink Oxford Guava'  - Tourcruiser PTE. LTD","og_description":"Nike Air Max 90 LV8 \u201d\u201d Pink Oxford\/Guava Ice\/Gum Medium Brown\/Black","og_url":"https:\/\/tourcruiser.com\/de\/products\/women-nike-air-max-90-lv8-pink-oxford-guava\/","og_site_name":"Tourcruiser Sneaker Store","article_modified_time":"2026-03-27T17:39:17+00:00","twitter_card":"summary_large_image","twitter_image":"https:\/\/images.novelship.com\/product\/_women__nike_air_max_90_lv8__pink_oxford_guava__hj_0_51324.jpeg;https:\/\/images.novelship.com\/product\/_women__nike_air_max_90_lv8__pink_oxford_guava__hj_1_51325.jpeg;https:\/\/images.novelship.com\/product\/_women__nike_air_max_90_lv8__pink_oxford_guava__hj_2_51325.jpeg;https:\/\/images.novelship.com\/product\/_women__nike_air_max_90_lv8__pink_oxford_guava__hj_3_51325.jpeg;https:\/\/images.novelship.com\/product\/_women__nike_air_max_90_lv8__pink_oxford_guava__hj_4_51325.jpeg;https:\/\/images.novelship.com\/product\/_women__nike_air_max_90_lv8__pink_oxford_guava__hj_5_51325.jpeg;https:\/\/images.novelship.com\/product\/_women__nike_air_max_90_lv8__pink_oxford_guava__hj_6_51325.jpeg;https:\/\/images.novelship.com\/product\/_women__nike_air_max_90_lv8__pink_oxford_guava__hj_7_51325.jpeg","twitter_misc":{"Gesch\u00e4tzte Lesezeit":"1\u00a0Minute"},"schema":{"@context":"https:\/\/schema.org","@graph":[{"@type":"WebPage","@id":"https:\/\/tourcruiser.com\/de\/products\/women-nike-air-max-90-lv8-pink-oxford-guava\/","url":"https:\/\/tourcruiser.com\/de\/products\/women-nike-air-max-90-lv8-pink-oxford-guava\/","name":"(Women) Nike Air Max 90 LV8 'Pink Oxford Guava' - Tourcruiser PTE. LTD","isPartOf":{"@id":"https:\/\/tourcruiser.com\/de\/#website"},"primaryImageOfPage":{"@id":"https:\/\/tourcruiser.com\/de\/products\/women-nike-air-max-90-lv8-pink-oxford-guava\/#primaryimage"},"image":{"@id":"https:\/\/tourcruiser.com\/de\/products\/women-nike-air-max-90-lv8-pink-oxford-guava\/#primaryimage"},"thumbnailUrl":"https:\/\/images.novelship.com\/product\/_women__nike_air_max_90_lv8__pink_oxford_guava__hj_0_51324.jpeg;https:\/\/images.novelship.com\/product\/_women__nike_air_max_90_lv8__pink_oxford_guava__hj_1_51325.jpeg;https:\/\/images.novelship.com\/product\/_women__nike_air_max_90_lv8__pink_oxford_guava__hj_2_51325.jpeg;https:\/\/images.novelship.com\/product\/_women__nike_air_max_90_lv8__pink_oxford_guava__hj_3_51325.jpeg;https:\/\/images.novelship.com\/product\/_women__nike_air_max_90_lv8__pink_oxford_guava__hj_4_51325.jpeg;https:\/\/images.novelship.com\/product\/_women__nike_air_max_90_lv8__pink_oxford_guava__hj_5_51325.jpeg;https:\/\/images.novelship.com\/product\/_women__nike_air_max_90_lv8__pink_oxford_guava__hj_6_51325.jpeg;https:\/\/images.novelship.com\/product\/_women__nike_air_max_90_lv8__pink_oxford_guava__hj_7_51325.jpeg","datePublished":"2026-03-02T07:37:11+00:00","dateModified":"2026-03-27T17:39:17+00:00","breadcrumb":{"@id":"https:\/\/tourcruiser.com\/de\/products\/women-nike-air-max-90-lv8-pink-oxford-guava\/#breadcrumb"},"inLanguage":"de","potentialAction":[{"@type":"ReadAction","target":["https:\/\/tourcruiser.com\/de\/products\/women-nike-air-max-90-lv8-pink-oxford-guava\/"]}]},{"@type":"ImageObject","inLanguage":"de","@id":"https:\/\/tourcruiser.com\/de\/products\/women-nike-air-max-90-lv8-pink-oxford-guava\/#primaryimage","url":"https:\/\/images.novelship.com\/product\/_women__nike_air_max_90_lv8__pink_oxford_guava__hj_0_51324.jpeg;https:\/\/images.novelship.com\/product\/_women__nike_air_max_90_lv8__pink_oxford_guava__hj_1_51325.jpeg;https:\/\/images.novelship.com\/product\/_women__nike_air_max_90_lv8__pink_oxford_guava__hj_2_51325.jpeg;https:\/\/images.novelship.com\/product\/_women__nike_air_max_90_lv8__pink_oxford_guava__hj_3_51325.jpeg;https:\/\/images.novelship.com\/product\/_women__nike_air_max_90_lv8__pink_oxford_guava__hj_4_51325.jpeg;https:\/\/images.novelship.com\/product\/_women__nike_air_max_90_lv8__pink_oxford_guava__hj_5_51325.jpeg;https:\/\/images.novelship.com\/product\/_women__nike_air_max_90_lv8__pink_oxford_guava__hj_6_51325.jpeg;https:\/\/images.novelship.com\/product\/_women__nike_air_max_90_lv8__pink_oxford_guava__hj_7_51325.jpeg","contentUrl":"https:\/\/images.novelship.com\/product\/_women__nike_air_max_90_lv8__pink_oxford_guava__hj_0_51324.jpeg;https:\/\/images.novelship.com\/product\/_women__nike_air_max_90_lv8__pink_oxford_guava__hj_1_51325.jpeg;https:\/\/images.novelship.com\/product\/_women__nike_air_max_90_lv8__pink_oxford_guava__hj_2_51325.jpeg;https:\/\/images.novelship.com\/product\/_women__nike_air_max_90_lv8__pink_oxford_guava__hj_3_51325.jpeg;https:\/\/images.novelship.com\/product\/_women__nike_air_max_90_lv8__pink_oxford_guava__hj_4_51325.jpeg;https:\/\/images.novelship.com\/product\/_women__nike_air_max_90_lv8__pink_oxford_guava__hj_5_51325.jpeg;https:\/\/images.novelship.com\/product\/_women__nike_air_max_90_lv8__pink_oxford_guava__hj_6_51325.jpeg;https:\/\/images.novelship.com\/product\/_women__nike_air_max_90_lv8__pink_oxford_guava__hj_7_51325.jpeg"},{"@type":"BreadcrumbList","@id":"https:\/\/tourcruiser.com\/de\/products\/women-nike-air-max-90-lv8-pink-oxford-guava\/#breadcrumb","itemListElement":[{"@type":"ListItem","position":1,"name":"Home","item":"https:\/\/tourcruiser.com\/de\/"},{"@type":"ListItem","position":2,"name":"Shop","item":"https:\/\/tourcruiser.com\/de\/shop\/"},{"@type":"ListItem","position":3,"name":"(Women) Nike Air Max 90 LV8 'Pink Oxford Guava'"}]},{"@type":"WebSite","@id":"https:\/\/tourcruiser.com\/de\/#website","url":"https:\/\/tourcruiser.com\/de\/","name":"Styloral Jewelry Shop","description":"Tourcruiser Sneaker Store \u2014 der Ort, an dem das Universum deine Einzigartigkeit trifft.","publisher":{"@id":"https:\/\/tourcruiser.com\/de\/#organization"},"potentialAction":[{"@type":"SearchAction","target":{"@type":"EntryPoint","urlTemplate":"https:\/\/tourcruiser.com\/de\/?s={search_term_string}"},"query-input":{"@type":"PropertyValueSpecification","valueRequired":true,"valueName":"search_term_string"}}],"inLanguage":"de"},{"@type":"Organization","@id":"https:\/\/tourcruiser.com\/de\/#organization","name":"STYLORAL PTE. LTD","url":"https:\/\/tourcruiser.com\/de\/","logo":{"@type":"ImageObject","inLanguage":"de","@id":"https:\/\/tourcruiser.com\/de\/#\/schema\/logo\/image\/","url":"https:\/\/www.tourcruiser.com\/wp-content\/uploads\/2025\/12\/logo.png","contentUrl":"https:\/\/www.tourcruiser.com\/wp-content\/uploads\/2025\/12\/logo.png","width":200,"height":65,"caption":"STYLORAL PTE. LTD"},"image":{"@id":"https:\/\/tourcruiser.com\/de\/#\/schema\/logo\/image\/"}}]}},"_links":{"self":[{"href":"https:\/\/tourcruiser.com\/de\/wp-json\/wp\/v2\/product\/28647","targetHints":{"allow":["GET"]}}],"collection":[{"href":"https:\/\/tourcruiser.com\/de\/wp-json\/wp\/v2\/product"}],"about":[{"href":"https:\/\/tourcruiser.com\/de\/wp-json\/wp\/v2\/types\/product"}],"replies":[{"embeddable":true,"href":"https:\/\/tourcruiser.com\/de\/wp-json\/wp\/v2\/comments?post=28647"}],"wp:featuredmedia":[{"embeddable":true,"href":"https:\/\/tourcruiser.com\/de\/wp-json\/wp\/v2\/media\/28648"}],"wp:attachment":[{"href":"https:\/\/tourcruiser.com\/de\/wp-json\/wp\/v2\/media?parent=28647"}],"wp:term":[{"taxonomy":"product_brand","embeddable":true,"href":"https:\/\/tourcruiser.com\/de\/wp-json\/wp\/v2\/product_brand?post=28647"},{"taxonomy":"product_cat","embeddable":true,"href":"https:\/\/tourcruiser.com\/de\/wp-json\/wp\/v2\/product_cat?post=28647"},{"taxonomy":"product_tag","embeddable":true,"href":"https:\/\/tourcruiser.com\/de\/wp-json\/wp\/v2\/product_tag?post=28647"}],"curies":[{"name":"wp","href":"https:\/\/api.w.org\/{rel}","templated":true}]}}