{"id":28296,"date":"2026-03-02T14:36:42","date_gmt":"2026-03-02T07:36:42","guid":{"rendered":"http:\/\/tourcruiser.com\/product\/yuto-horigome-x-nike-dunk-low-sb-asparagus"},"modified":"2026-03-02T14:36:42","modified_gmt":"2026-03-02T07:36:42","slug":"yuto-horigome-x-nike-dunk-low-sb-asparagus","status":"publish","type":"product","link":"https:\/\/tourcruiser.com\/de\/products\/yuto-horigome-x-nike-dunk-low-sb-asparagus\/","title":{"rendered":"Yuto Horigome x Nike Dunk Low SB &#8218;Asparagus&#8216;"},"content":{"rendered":"<p>Wir pr\u00e4sentieren den Yuto Horigome x Nike Dunk Low SB \u201eAsparagus\u201c, eine Premium-Kollaboration zu Ehren des legend\u00e4ren Skateboarders. Dieser Sneaker in leuchtendem Gr\u00fcn besticht durch hochwertige Materialien und aufwendig laserge\u00e4tzte Grafiken. Mit verstellbarem Riemen und Nikes Zoom Air-D\u00e4mpfung bietet der \u201eAsparagus\u201c Dunk Low SB Style und au\u00dfergew\u00f6hnlichen Tragekomfort. Bring dein Skateboarding auf ein neues Level und zeige deine Individualit\u00e4t mit diesem Must-have-Sneaker.<\/p>\n<p>Farbgebung: Asparagus\/Legion Green\/Light Khaki\/Dark Loden\/Sesame\/Burnt Sienna<\/p>\n<p>Style-Code: HF8022-300<\/p>\n<p>Obermaterial: Wildleder<\/p>\n<p>Zwischensohle: Zoom Air<\/p>\n<p>Farbe: Gr\u00fcn<\/p>\n<p>Farbe: Gr\u00fcn<\/p>\n","protected":false},"excerpt":{"rendered":"<p>Nike SB Dunk Low \u201d\u201d Asparagus\/Legion Green\/Light Khaki\/Dark Loden\/Sesame\/Burnt Sienna<\/p>\n","protected":false},"featured_media":28297,"comment_status":"open","ping_status":"closed","template":"","meta":[],"product_brand":[],"product_cat":[10803],"product_tag":[10751,10752,10753,11434,10801,10802,11153,10758],"class_list":{"0":"post-28296","1":"product","2":"type-product","3":"status-publish","4":"has-post-thumbnail","6":"product_cat-nike","7":"product_tag-best-seller","8":"product_tag-gallery-look","9":"product_tag-gift-for-him","10":"product_tag-low-top-skateboard-shoes","11":"product_tag-nike","12":"product_tag-performance-sport-shoes","13":"product_tag-skateboard-shoes","14":"product_tag-under-retail","15":"wcpa_has_options","17":"first","18":"instock","19":"taxable","20":"shipping-taxable","21":"purchasable","22":"product-type-simple"},"wcpa_form_fields":{"rules":{"pric_overide_base_price":false,"pric_overide_base_price_if_gt_zero":false,"pric_overide_base_price_fully":false,"pric_cal_option_once":false,"pric_use_as_fee":false,"bind_quantity":false,"quantity_bind_formula":false},"fields":[{"type":"color-group","required":true,"elementId":"wcpa-color-group-66c4a75505e74","label":"Gr\u00f6\u00dfe - EU Gr\u00f6\u00dfe","inline":true,"priceOptions":"different_for_all","pricingType":"fixed","className":"hassizechart product-shoes-size-eu product-shoes-size","name":"color-group-66c4a75505e89","disp_type":"square","selection_type":"tick-border","disp_size":"44","show_label_inside":true,"adjust_width":true,"cart_display_type":"text","other_text":"Other","cl_rule":"show","col":6,"values":[{"label":"35.5","value":"EU 35.5","price":"","pimage":"","pimage_id":"","pthumb":"","color":""},{"label":"36","value":"EU 36","price":"","pimage":"","pimage_id":"","pthumb":"","color":"","selected":true},{"label":"36.5","value":"EU 36.5","price":"","pimage":"","pimage_id":"","pthumb":"","color":""},{"label":"37.5","value":"EU 37.5","price":"","pimage":"","pimage_id":"","pthumb":"","color":""},{"label":"38","value":"EU 38","price":"","pimage":"","pimage_id":"","pthumb":"","color":""},{"label":"38.5","value":"EU 38.5","price":"","pimage":"","pimage_id":"","pthumb":"","color":""},{"label":"39","value":"EU 39","price":"","pimage":"","pimage_id":"","pthumb":"","color":""},{"label":"40","value":"EU 40","price":"","pimage":"","pimage_id":"","pthumb":"","color":""},{"label":"40.5","value":"EU 40.5","price":"","pimage":"","pimage_id":"","pthumb":"","color":""},{"label":"41","value":"EU 41","price":"","pimage":"","pimage_id":"","pthumb":"","color":""},{"label":"42","value":"EU 42","price":"","pimage":"","pimage_id":"","pthumb":"","color":""},{"label":"42.5","value":"EU 42.5","price":"","pimage":"","pimage_id":"","pthumb":"","color":""},{"label":"43","value":"EU 43","price":"","pimage":"","pimage_id":"","pthumb":"","color":""},{"label":"44","value":"EU 44","price":"","pimage":"","pimage_id":"","pthumb":"","color":""},{"label":"44.5","value":"EU 44.5","price":"","pimage":"","pimage_id":"","pthumb":"","color":""},{"label":"45","value":"EU 45","price":"","pimage":"","pimage_id":"","pthumb":"","color":""},{"label":"45.5","value":"EU 45.5","price":"","pimage":"","pimage_id":"","pthumb":"","color":""},{"label":"46","value":"EU 46","price":"","pimage":"","pimage_id":"","pthumb":"","color":""},{"label":"47","value":"EU 47","price":"","pimage":"","pimage_id":"","pthumb":"","color":""},{"label":"47.5","value":"EU 47.5","price":"","pimage":"","pimage_id":"","pthumb":"","color":""},{"label":"48","value":"EU 48","price":"","pimage":"","pimage_id":"","pthumb":"","color":""}],"relations":[{"operator":false,"rules":[]}],"form_id":18106,"form_rules":{"pric_cal_option_once":false,"exclude_from_discount":false,"pric_use_as_fee":false,"fee_label":"Fee","render_after_acb":false,"disp_hide_options_price":false}}]},"yoast_head":"<!-- This site is optimized with the Yoast SEO plugin v26.5 - https:\/\/yoast.com\/wordpress\/plugins\/seo\/ -->\n<title>Yuto Horigome x Nike Dunk Low SB &#039;Asparagus&#039;  - Tourcruiser PTE. LTD<\/title>\n<meta name=\"robots\" content=\"index, follow, max-snippet:-1, max-image-preview:large, max-video-preview:-1\" \/>\n<link rel=\"canonical\" href=\"https:\/\/tourcruiser.com\/de\/products\/yuto-horigome-x-nike-dunk-low-sb-asparagus\/\" \/>\n<meta property=\"og:locale\" content=\"de_DE\" \/>\n<meta property=\"og:type\" content=\"article\" \/>\n<meta property=\"og:title\" content=\"Yuto Horigome x Nike Dunk Low SB &#039;Asparagus&#039;  - Tourcruiser PTE. LTD\" \/>\n<meta property=\"og:description\" content=\"Nike SB Dunk Low \u201d\u201d Asparagus\/Legion Green\/Light Khaki\/Dark Loden\/Sesame\/Burnt Sienna\" \/>\n<meta property=\"og:url\" content=\"https:\/\/tourcruiser.com\/de\/products\/yuto-horigome-x-nike-dunk-low-sb-asparagus\/\" \/>\n<meta property=\"og:site_name\" content=\"Tourcruiser Sneaker Store\" \/>\n<meta name=\"twitter:card\" content=\"summary_large_image\" \/>\n<meta name=\"twitter:image\" content=\"https:\/\/images.novelship.com\/product\/yuto_horigome_x_nike_dunk_low_sb__asparagus__hf802_0_20922.jpeg\" \/>\n<script type=\"application\/ld+json\" class=\"yoast-schema-graph\">{\"@context\":\"https:\/\/schema.org\",\"@graph\":[{\"@type\":\"WebPage\",\"@id\":\"https:\/\/tourcruiser.com\/de\/products\/yuto-horigome-x-nike-dunk-low-sb-asparagus\/\",\"url\":\"https:\/\/tourcruiser.com\/de\/products\/yuto-horigome-x-nike-dunk-low-sb-asparagus\/\",\"name\":\"Yuto Horigome x Nike Dunk Low SB 'Asparagus' - Tourcruiser PTE. LTD\",\"isPartOf\":{\"@id\":\"https:\/\/tourcruiser.com\/de\/#website\"},\"primaryImageOfPage\":{\"@id\":\"https:\/\/tourcruiser.com\/de\/products\/yuto-horigome-x-nike-dunk-low-sb-asparagus\/#primaryimage\"},\"image\":{\"@id\":\"https:\/\/tourcruiser.com\/de\/products\/yuto-horigome-x-nike-dunk-low-sb-asparagus\/#primaryimage\"},\"thumbnailUrl\":\"https:\/\/images.novelship.com\/product\/yuto_horigome_x_nike_dunk_low_sb__asparagus__hf802_0_20922.jpeg\",\"datePublished\":\"2026-03-02T07:36:42+00:00\",\"breadcrumb\":{\"@id\":\"https:\/\/tourcruiser.com\/de\/products\/yuto-horigome-x-nike-dunk-low-sb-asparagus\/#breadcrumb\"},\"inLanguage\":\"de\",\"potentialAction\":[{\"@type\":\"ReadAction\",\"target\":[\"https:\/\/tourcruiser.com\/de\/products\/yuto-horigome-x-nike-dunk-low-sb-asparagus\/\"]}]},{\"@type\":\"ImageObject\",\"inLanguage\":\"de\",\"@id\":\"https:\/\/tourcruiser.com\/de\/products\/yuto-horigome-x-nike-dunk-low-sb-asparagus\/#primaryimage\",\"url\":\"https:\/\/images.novelship.com\/product\/yuto_horigome_x_nike_dunk_low_sb__asparagus__hf802_0_20922.jpeg\",\"contentUrl\":\"https:\/\/images.novelship.com\/product\/yuto_horigome_x_nike_dunk_low_sb__asparagus__hf802_0_20922.jpeg\"},{\"@type\":\"BreadcrumbList\",\"@id\":\"https:\/\/tourcruiser.com\/de\/products\/yuto-horigome-x-nike-dunk-low-sb-asparagus\/#breadcrumb\",\"itemListElement\":[{\"@type\":\"ListItem\",\"position\":1,\"name\":\"Home\",\"item\":\"https:\/\/tourcruiser.com\/de\/\"},{\"@type\":\"ListItem\",\"position\":2,\"name\":\"Shop\",\"item\":\"https:\/\/tourcruiser.com\/de\/shop\/\"},{\"@type\":\"ListItem\",\"position\":3,\"name\":\"Yuto Horigome x Nike Dunk Low SB 'Asparagus'\"}]},{\"@type\":\"WebSite\",\"@id\":\"https:\/\/tourcruiser.com\/de\/#website\",\"url\":\"https:\/\/tourcruiser.com\/de\/\",\"name\":\"Styloral Jewelry Shop\",\"description\":\"Tourcruiser Sneaker Store \u2014 der Ort, an dem das Universum deine Einzigartigkeit trifft.\",\"publisher\":{\"@id\":\"https:\/\/tourcruiser.com\/de\/#organization\"},\"potentialAction\":[{\"@type\":\"SearchAction\",\"target\":{\"@type\":\"EntryPoint\",\"urlTemplate\":\"https:\/\/tourcruiser.com\/de\/?s={search_term_string}\"},\"query-input\":{\"@type\":\"PropertyValueSpecification\",\"valueRequired\":true,\"valueName\":\"search_term_string\"}}],\"inLanguage\":\"de\"},{\"@type\":\"Organization\",\"@id\":\"https:\/\/tourcruiser.com\/de\/#organization\",\"name\":\"STYLORAL PTE. LTD\",\"url\":\"https:\/\/tourcruiser.com\/de\/\",\"logo\":{\"@type\":\"ImageObject\",\"inLanguage\":\"de\",\"@id\":\"https:\/\/tourcruiser.com\/de\/#\/schema\/logo\/image\/\",\"url\":\"https:\/\/www.tourcruiser.com\/wp-content\/uploads\/2025\/12\/logo.png\",\"contentUrl\":\"https:\/\/www.tourcruiser.com\/wp-content\/uploads\/2025\/12\/logo.png\",\"width\":200,\"height\":65,\"caption\":\"STYLORAL PTE. LTD\"},\"image\":{\"@id\":\"https:\/\/tourcruiser.com\/de\/#\/schema\/logo\/image\/\"}}]}<\/script>\n<!-- \/ Yoast SEO plugin. -->","yoast_head_json":{"title":"Yuto Horigome x Nike Dunk Low SB 'Asparagus'  - Tourcruiser PTE. LTD","robots":{"index":"index","follow":"follow","max-snippet":"max-snippet:-1","max-image-preview":"max-image-preview:large","max-video-preview":"max-video-preview:-1"},"canonical":"https:\/\/tourcruiser.com\/de\/products\/yuto-horigome-x-nike-dunk-low-sb-asparagus\/","og_locale":"de_DE","og_type":"article","og_title":"Yuto Horigome x Nike Dunk Low SB 'Asparagus'  - Tourcruiser PTE. LTD","og_description":"Nike SB Dunk Low \u201d\u201d Asparagus\/Legion Green\/Light Khaki\/Dark Loden\/Sesame\/Burnt Sienna","og_url":"https:\/\/tourcruiser.com\/de\/products\/yuto-horigome-x-nike-dunk-low-sb-asparagus\/","og_site_name":"Tourcruiser Sneaker Store","twitter_card":"summary_large_image","twitter_image":"https:\/\/images.novelship.com\/product\/yuto_horigome_x_nike_dunk_low_sb__asparagus__hf802_0_20922.jpeg","schema":{"@context":"https:\/\/schema.org","@graph":[{"@type":"WebPage","@id":"https:\/\/tourcruiser.com\/de\/products\/yuto-horigome-x-nike-dunk-low-sb-asparagus\/","url":"https:\/\/tourcruiser.com\/de\/products\/yuto-horigome-x-nike-dunk-low-sb-asparagus\/","name":"Yuto Horigome x Nike Dunk Low SB 'Asparagus' - Tourcruiser PTE. LTD","isPartOf":{"@id":"https:\/\/tourcruiser.com\/de\/#website"},"primaryImageOfPage":{"@id":"https:\/\/tourcruiser.com\/de\/products\/yuto-horigome-x-nike-dunk-low-sb-asparagus\/#primaryimage"},"image":{"@id":"https:\/\/tourcruiser.com\/de\/products\/yuto-horigome-x-nike-dunk-low-sb-asparagus\/#primaryimage"},"thumbnailUrl":"https:\/\/images.novelship.com\/product\/yuto_horigome_x_nike_dunk_low_sb__asparagus__hf802_0_20922.jpeg","datePublished":"2026-03-02T07:36:42+00:00","breadcrumb":{"@id":"https:\/\/tourcruiser.com\/de\/products\/yuto-horigome-x-nike-dunk-low-sb-asparagus\/#breadcrumb"},"inLanguage":"de","potentialAction":[{"@type":"ReadAction","target":["https:\/\/tourcruiser.com\/de\/products\/yuto-horigome-x-nike-dunk-low-sb-asparagus\/"]}]},{"@type":"ImageObject","inLanguage":"de","@id":"https:\/\/tourcruiser.com\/de\/products\/yuto-horigome-x-nike-dunk-low-sb-asparagus\/#primaryimage","url":"https:\/\/images.novelship.com\/product\/yuto_horigome_x_nike_dunk_low_sb__asparagus__hf802_0_20922.jpeg","contentUrl":"https:\/\/images.novelship.com\/product\/yuto_horigome_x_nike_dunk_low_sb__asparagus__hf802_0_20922.jpeg"},{"@type":"BreadcrumbList","@id":"https:\/\/tourcruiser.com\/de\/products\/yuto-horigome-x-nike-dunk-low-sb-asparagus\/#breadcrumb","itemListElement":[{"@type":"ListItem","position":1,"name":"Home","item":"https:\/\/tourcruiser.com\/de\/"},{"@type":"ListItem","position":2,"name":"Shop","item":"https:\/\/tourcruiser.com\/de\/shop\/"},{"@type":"ListItem","position":3,"name":"Yuto Horigome x Nike Dunk Low SB 'Asparagus'"}]},{"@type":"WebSite","@id":"https:\/\/tourcruiser.com\/de\/#website","url":"https:\/\/tourcruiser.com\/de\/","name":"Styloral Jewelry Shop","description":"Tourcruiser Sneaker Store \u2014 der Ort, an dem das Universum deine Einzigartigkeit trifft.","publisher":{"@id":"https:\/\/tourcruiser.com\/de\/#organization"},"potentialAction":[{"@type":"SearchAction","target":{"@type":"EntryPoint","urlTemplate":"https:\/\/tourcruiser.com\/de\/?s={search_term_string}"},"query-input":{"@type":"PropertyValueSpecification","valueRequired":true,"valueName":"search_term_string"}}],"inLanguage":"de"},{"@type":"Organization","@id":"https:\/\/tourcruiser.com\/de\/#organization","name":"STYLORAL PTE. LTD","url":"https:\/\/tourcruiser.com\/de\/","logo":{"@type":"ImageObject","inLanguage":"de","@id":"https:\/\/tourcruiser.com\/de\/#\/schema\/logo\/image\/","url":"https:\/\/www.tourcruiser.com\/wp-content\/uploads\/2025\/12\/logo.png","contentUrl":"https:\/\/www.tourcruiser.com\/wp-content\/uploads\/2025\/12\/logo.png","width":200,"height":65,"caption":"STYLORAL PTE. LTD"},"image":{"@id":"https:\/\/tourcruiser.com\/de\/#\/schema\/logo\/image\/"}}]}},"_links":{"self":[{"href":"https:\/\/tourcruiser.com\/de\/wp-json\/wp\/v2\/product\/28296","targetHints":{"allow":["GET"]}}],"collection":[{"href":"https:\/\/tourcruiser.com\/de\/wp-json\/wp\/v2\/product"}],"about":[{"href":"https:\/\/tourcruiser.com\/de\/wp-json\/wp\/v2\/types\/product"}],"replies":[{"embeddable":true,"href":"https:\/\/tourcruiser.com\/de\/wp-json\/wp\/v2\/comments?post=28296"}],"wp:featuredmedia":[{"embeddable":true,"href":"https:\/\/tourcruiser.com\/de\/wp-json\/wp\/v2\/media\/28297"}],"wp:attachment":[{"href":"https:\/\/tourcruiser.com\/de\/wp-json\/wp\/v2\/media?parent=28296"}],"wp:term":[{"taxonomy":"product_brand","embeddable":true,"href":"https:\/\/tourcruiser.com\/de\/wp-json\/wp\/v2\/product_brand?post=28296"},{"taxonomy":"product_cat","embeddable":true,"href":"https:\/\/tourcruiser.com\/de\/wp-json\/wp\/v2\/product_cat?post=28296"},{"taxonomy":"product_tag","embeddable":true,"href":"https:\/\/tourcruiser.com\/de\/wp-json\/wp\/v2\/product_tag?post=28296"}],"curies":[{"name":"wp","href":"https:\/\/api.w.org\/{rel}","templated":true}]}}