{"id":28168,"date":"2026-03-02T14:36:32","date_gmt":"2026-03-02T07:36:32","guid":{"rendered":"http:\/\/tourcruiser.com\/product\/women-nike-air-force-1-low-premium-now-accepting-all-flowers"},"modified":"2026-03-28T00:38:50","modified_gmt":"2026-03-27T17:38:50","slug":"women-nike-air-force-1-low-premium-now-accepting-all-flowers","status":"publish","type":"product","link":"https:\/\/tourcruiser.com\/de\/products\/women-nike-air-force-1-low-premium-now-accepting-all-flowers\/","title":{"rendered":"(Women) Nike Air Force 1 Low Premium &#8218;Now Accepting All Flowers&#8216;"},"content":{"rendered":"<p>Mit dem Nike Air Force 1 Low Premium \u201eNow Accepting All Flowers\u201c f\u00fcr Damen verleihst du deinem Sneaker-Style das gewisse Etwas \u201d\u201c eine stylische Mischung aus klassischem Design und modernem k\u00fcnstlerischem Ausdruck. Das ikonische Modell besticht durch ein hochwertiges Leder-Obermaterial mit gestickten Blumenapplikationen und vereint Strapazierf\u00e4higkeit mit femininem Flair. Die d\u00e4mpfende Air-Sole-Einheit sorgt f\u00fcr ganzt\u00e4gigen Tragekomfort, w\u00e4hrend der niedrige Schaft vielseitige Kombinationsm\u00f6glichkeiten bietet. Dank der neutralen Farbpalette und der raffinierten Details l\u00e4sst sich dieser Sneaker nahtlos mit jedem Look kombinieren und ist somit perfekt f\u00fcr l\u00e4ssige Ausfl\u00fcge oder ausdrucksstarke Streetwear. Der Air Force 1 \u201eNow Accepting All Flowers\u201c wurde f\u00fcr Komfort, Stil und individuellen Ausdruck entworfen und definiert den Alltagsschuh f\u00fcr Frauen neu, die ihre Individualit\u00e4t leben.<\/p>\n<ul>\n<li><strong>Farbgebung:<\/strong> Schwarz\/Wei\u00df\/Metallic-Gold\/Wei\u00df<\/li>\n<li><strong>Artikelnummer:<\/strong> IB6644-001<\/li>\n<li><strong>Obermaterial:<\/strong> Leder<\/li>\n<li><strong>Zwischensohle:<\/strong> Air<\/li>\n<li><strong>Farbe:<\/strong> Schwarz<\/li>\n<li><strong>Designer:<\/strong> Bruce Kilgore<\/li>\n<li><strong>Erscheinungsjahr:<\/strong> 2026<\/li>\n<\/ul>\n","protected":false},"excerpt":{"rendered":"<p>Nike Air Force 1 Low Premium \u201d\u201d Black\/White\/Metallic Gold\/White<\/p>\n","protected":false},"featured_media":28169,"comment_status":"open","ping_status":"closed","template":"","meta":[],"product_brand":[],"product_cat":[10809],"product_tag":[10750,10813,10754,10777,10778,10801,10756],"class_list":{"0":"post-28168","1":"product","2":"type-product","3":"status-publish","4":"has-post-thumbnail","6":"product_cat-nike-women","7":"product_tag-athleisure-shoes","8":"product_tag-court-classic-shoes","9":"product_tag-lifestyle-casual-shoes","10":"product_tag-lifestyle-shoes-basketball-inspired","11":"product_tag-new-release","12":"product_tag-nike","13":"product_tag-retro-casual-shoes","14":"wcpa_has_options","16":"first","17":"outofstock","18":"taxable","19":"shipping-taxable","20":"purchasable","21":"product-type-simple"},"wcpa_form_fields":{"rules":{"pric_overide_base_price":false,"pric_overide_base_price_if_gt_zero":false,"pric_overide_base_price_fully":false,"pric_cal_option_once":false,"pric_use_as_fee":false,"bind_quantity":false,"quantity_bind_formula":false},"fields":[{"type":"color-group","required":true,"elementId":"wcpa-color-group-66c4a75505e74","label":"Gr\u00f6\u00dfe - EU Gr\u00f6\u00dfe","inline":true,"priceOptions":"different_for_all","pricingType":"fixed","className":"hassizechart product-shoes-size-eu product-shoes-size","name":"color-group-66c4a75505e89","disp_type":"square","selection_type":"tick-border","disp_size":"44","show_label_inside":true,"adjust_width":true,"cart_display_type":"text","other_text":"Other","cl_rule":"show","col":6,"values":[{"label":"35.5","value":"EU 35.5","price":"","pimage":"","pimage_id":"","pthumb":"","color":""},{"label":"36","value":"EU 36","price":"","pimage":"","pimage_id":"","pthumb":"","color":"","selected":true},{"label":"36.5","value":"EU 36.5","price":"","pimage":"","pimage_id":"","pthumb":"","color":""},{"label":"37.5","value":"EU 37.5","price":"","pimage":"","pimage_id":"","pthumb":"","color":""},{"label":"38","value":"EU 38","price":"","pimage":"","pimage_id":"","pthumb":"","color":""},{"label":"38.5","value":"EU 38.5","price":"","pimage":"","pimage_id":"","pthumb":"","color":""},{"label":"39","value":"EU 39","price":"","pimage":"","pimage_id":"","pthumb":"","color":""},{"label":"40","value":"EU 40","price":"","pimage":"","pimage_id":"","pthumb":"","color":""},{"label":"40.5","value":"EU 40.5","price":"","pimage":"","pimage_id":"","pthumb":"","color":""},{"label":"41","value":"EU 41","price":"","pimage":"","pimage_id":"","pthumb":"","color":""},{"label":"42","value":"EU 42","price":"","pimage":"","pimage_id":"","pthumb":"","color":""},{"label":"42.5","value":"EU 42.5","price":"","pimage":"","pimage_id":"","pthumb":"","color":""},{"label":"43","value":"EU 43","price":"","pimage":"","pimage_id":"","pthumb":"","color":""},{"label":"44","value":"EU 44","price":"","pimage":"","pimage_id":"","pthumb":"","color":""},{"label":"44.5","value":"EU 44.5","price":"","pimage":"","pimage_id":"","pthumb":"","color":""},{"label":"45","value":"EU 45","price":"","pimage":"","pimage_id":"","pthumb":"","color":""},{"label":"45.5","value":"EU 45.5","price":"","pimage":"","pimage_id":"","pthumb":"","color":""},{"label":"46","value":"EU 46","price":"","pimage":"","pimage_id":"","pthumb":"","color":""},{"label":"47","value":"EU 47","price":"","pimage":"","pimage_id":"","pthumb":"","color":""},{"label":"47.5","value":"EU 47.5","price":"","pimage":"","pimage_id":"","pthumb":"","color":""},{"label":"48","value":"EU 48","price":"","pimage":"","pimage_id":"","pthumb":"","color":""}],"relations":[{"operator":false,"rules":[]}],"form_id":18106,"form_rules":{"pric_cal_option_once":false,"exclude_from_discount":false,"pric_use_as_fee":false,"fee_label":"Fee","render_after_acb":false,"disp_hide_options_price":false}}]},"yoast_head":"<!-- This site is optimized with the Yoast SEO plugin v26.5 - https:\/\/yoast.com\/wordpress\/plugins\/seo\/ -->\n<title>(Women) Nike Air Force 1 Low Premium &#039;Now Accepting All Flowers&#039;  - Tourcruiser PTE. LTD<\/title>\n<meta name=\"robots\" content=\"index, follow, max-snippet:-1, max-image-preview:large, max-video-preview:-1\" \/>\n<link rel=\"canonical\" href=\"https:\/\/tourcruiser.com\/de\/products\/women-nike-air-force-1-low-premium-now-accepting-all-flowers\/\" \/>\n<meta property=\"og:locale\" content=\"de_DE\" \/>\n<meta property=\"og:type\" content=\"article\" \/>\n<meta property=\"og:title\" content=\"(Women) Nike Air Force 1 Low Premium &#039;Now Accepting All Flowers&#039;  - Tourcruiser PTE. LTD\" \/>\n<meta property=\"og:description\" content=\"Nike Air Force 1 Low Premium \u201d\u201d Black\/White\/Metallic Gold\/White\" \/>\n<meta property=\"og:url\" content=\"https:\/\/tourcruiser.com\/de\/products\/women-nike-air-force-1-low-premium-now-accepting-all-flowers\/\" \/>\n<meta property=\"og:site_name\" content=\"Tourcruiser Sneaker Store\" \/>\n<meta property=\"article:modified_time\" content=\"2026-03-27T17:38:50+00:00\" \/>\n<meta name=\"twitter:card\" content=\"summary_large_image\" \/>\n<meta name=\"twitter:image\" content=\"https:\/\/images.novelship.com\/product\/_women__nike_air_force_1_low_premium__now_acceptin_0_39634.jpeg;https:\/\/images.novelship.com\/product\/_women__nike_air_force_1_low_premium__now_acceptin_1_39634.jpeg;https:\/\/images.novelship.com\/product\/_women__nike_air_force_1_low_premium__now_acceptin_2_39634.jpeg;https:\/\/images.novelship.com\/product\/_women__nike_air_force_1_low_premium__now_acceptin_3_39634.jpeg;https:\/\/images.novelship.com\/product\/_women__nike_air_force_1_low_premium__now_acceptin_4_39634.jpeg\" \/>\n<meta name=\"twitter:label1\" content=\"Gesch\u00e4tzte Lesezeit\" \/>\n\t<meta name=\"twitter:data1\" content=\"1\u00a0Minute\" \/>\n<script type=\"application\/ld+json\" class=\"yoast-schema-graph\">{\"@context\":\"https:\/\/schema.org\",\"@graph\":[{\"@type\":\"WebPage\",\"@id\":\"https:\/\/tourcruiser.com\/de\/products\/women-nike-air-force-1-low-premium-now-accepting-all-flowers\/\",\"url\":\"https:\/\/tourcruiser.com\/de\/products\/women-nike-air-force-1-low-premium-now-accepting-all-flowers\/\",\"name\":\"(Women) Nike Air Force 1 Low Premium 'Now Accepting All Flowers' - Tourcruiser PTE. LTD\",\"isPartOf\":{\"@id\":\"https:\/\/tourcruiser.com\/de\/#website\"},\"primaryImageOfPage\":{\"@id\":\"https:\/\/tourcruiser.com\/de\/products\/women-nike-air-force-1-low-premium-now-accepting-all-flowers\/#primaryimage\"},\"image\":{\"@id\":\"https:\/\/tourcruiser.com\/de\/products\/women-nike-air-force-1-low-premium-now-accepting-all-flowers\/#primaryimage\"},\"thumbnailUrl\":\"https:\/\/images.novelship.com\/product\/_women__nike_air_force_1_low_premium__now_acceptin_0_39634.jpeg;https:\/\/images.novelship.com\/product\/_women__nike_air_force_1_low_premium__now_acceptin_1_39634.jpeg;https:\/\/images.novelship.com\/product\/_women__nike_air_force_1_low_premium__now_acceptin_2_39634.jpeg;https:\/\/images.novelship.com\/product\/_women__nike_air_force_1_low_premium__now_acceptin_3_39634.jpeg;https:\/\/images.novelship.com\/product\/_women__nike_air_force_1_low_premium__now_acceptin_4_39634.jpeg\",\"datePublished\":\"2026-03-02T07:36:32+00:00\",\"dateModified\":\"2026-03-27T17:38:50+00:00\",\"breadcrumb\":{\"@id\":\"https:\/\/tourcruiser.com\/de\/products\/women-nike-air-force-1-low-premium-now-accepting-all-flowers\/#breadcrumb\"},\"inLanguage\":\"de\",\"potentialAction\":[{\"@type\":\"ReadAction\",\"target\":[\"https:\/\/tourcruiser.com\/de\/products\/women-nike-air-force-1-low-premium-now-accepting-all-flowers\/\"]}]},{\"@type\":\"ImageObject\",\"inLanguage\":\"de\",\"@id\":\"https:\/\/tourcruiser.com\/de\/products\/women-nike-air-force-1-low-premium-now-accepting-all-flowers\/#primaryimage\",\"url\":\"https:\/\/images.novelship.com\/product\/_women__nike_air_force_1_low_premium__now_acceptin_0_39634.jpeg;https:\/\/images.novelship.com\/product\/_women__nike_air_force_1_low_premium__now_acceptin_1_39634.jpeg;https:\/\/images.novelship.com\/product\/_women__nike_air_force_1_low_premium__now_acceptin_2_39634.jpeg;https:\/\/images.novelship.com\/product\/_women__nike_air_force_1_low_premium__now_acceptin_3_39634.jpeg;https:\/\/images.novelship.com\/product\/_women__nike_air_force_1_low_premium__now_acceptin_4_39634.jpeg\",\"contentUrl\":\"https:\/\/images.novelship.com\/product\/_women__nike_air_force_1_low_premium__now_acceptin_0_39634.jpeg;https:\/\/images.novelship.com\/product\/_women__nike_air_force_1_low_premium__now_acceptin_1_39634.jpeg;https:\/\/images.novelship.com\/product\/_women__nike_air_force_1_low_premium__now_acceptin_2_39634.jpeg;https:\/\/images.novelship.com\/product\/_women__nike_air_force_1_low_premium__now_acceptin_3_39634.jpeg;https:\/\/images.novelship.com\/product\/_women__nike_air_force_1_low_premium__now_acceptin_4_39634.jpeg\"},{\"@type\":\"BreadcrumbList\",\"@id\":\"https:\/\/tourcruiser.com\/de\/products\/women-nike-air-force-1-low-premium-now-accepting-all-flowers\/#breadcrumb\",\"itemListElement\":[{\"@type\":\"ListItem\",\"position\":1,\"name\":\"Home\",\"item\":\"https:\/\/tourcruiser.com\/de\/\"},{\"@type\":\"ListItem\",\"position\":2,\"name\":\"Shop\",\"item\":\"https:\/\/tourcruiser.com\/de\/shop\/\"},{\"@type\":\"ListItem\",\"position\":3,\"name\":\"(Women) Nike Air Force 1 Low Premium 'Now Accepting All Flowers'\"}]},{\"@type\":\"WebSite\",\"@id\":\"https:\/\/tourcruiser.com\/de\/#website\",\"url\":\"https:\/\/tourcruiser.com\/de\/\",\"name\":\"Styloral Jewelry Shop\",\"description\":\"Tourcruiser Sneaker Store \u2014 der Ort, an dem das Universum deine Einzigartigkeit trifft.\",\"publisher\":{\"@id\":\"https:\/\/tourcruiser.com\/de\/#organization\"},\"potentialAction\":[{\"@type\":\"SearchAction\",\"target\":{\"@type\":\"EntryPoint\",\"urlTemplate\":\"https:\/\/tourcruiser.com\/de\/?s={search_term_string}\"},\"query-input\":{\"@type\":\"PropertyValueSpecification\",\"valueRequired\":true,\"valueName\":\"search_term_string\"}}],\"inLanguage\":\"de\"},{\"@type\":\"Organization\",\"@id\":\"https:\/\/tourcruiser.com\/de\/#organization\",\"name\":\"STYLORAL PTE. LTD\",\"url\":\"https:\/\/tourcruiser.com\/de\/\",\"logo\":{\"@type\":\"ImageObject\",\"inLanguage\":\"de\",\"@id\":\"https:\/\/tourcruiser.com\/de\/#\/schema\/logo\/image\/\",\"url\":\"https:\/\/www.tourcruiser.com\/wp-content\/uploads\/2025\/12\/logo.png\",\"contentUrl\":\"https:\/\/www.tourcruiser.com\/wp-content\/uploads\/2025\/12\/logo.png\",\"width\":200,\"height\":65,\"caption\":\"STYLORAL PTE. LTD\"},\"image\":{\"@id\":\"https:\/\/tourcruiser.com\/de\/#\/schema\/logo\/image\/\"}}]}<\/script>\n<!-- \/ Yoast SEO plugin. -->","yoast_head_json":{"title":"(Women) Nike Air Force 1 Low Premium 'Now Accepting All Flowers'  - Tourcruiser PTE. LTD","robots":{"index":"index","follow":"follow","max-snippet":"max-snippet:-1","max-image-preview":"max-image-preview:large","max-video-preview":"max-video-preview:-1"},"canonical":"https:\/\/tourcruiser.com\/de\/products\/women-nike-air-force-1-low-premium-now-accepting-all-flowers\/","og_locale":"de_DE","og_type":"article","og_title":"(Women) Nike Air Force 1 Low Premium 'Now Accepting All Flowers'  - Tourcruiser PTE. LTD","og_description":"Nike Air Force 1 Low Premium \u201d\u201d Black\/White\/Metallic Gold\/White","og_url":"https:\/\/tourcruiser.com\/de\/products\/women-nike-air-force-1-low-premium-now-accepting-all-flowers\/","og_site_name":"Tourcruiser Sneaker Store","article_modified_time":"2026-03-27T17:38:50+00:00","twitter_card":"summary_large_image","twitter_image":"https:\/\/images.novelship.com\/product\/_women__nike_air_force_1_low_premium__now_acceptin_0_39634.jpeg;https:\/\/images.novelship.com\/product\/_women__nike_air_force_1_low_premium__now_acceptin_1_39634.jpeg;https:\/\/images.novelship.com\/product\/_women__nike_air_force_1_low_premium__now_acceptin_2_39634.jpeg;https:\/\/images.novelship.com\/product\/_women__nike_air_force_1_low_premium__now_acceptin_3_39634.jpeg;https:\/\/images.novelship.com\/product\/_women__nike_air_force_1_low_premium__now_acceptin_4_39634.jpeg","twitter_misc":{"Gesch\u00e4tzte Lesezeit":"1\u00a0Minute"},"schema":{"@context":"https:\/\/schema.org","@graph":[{"@type":"WebPage","@id":"https:\/\/tourcruiser.com\/de\/products\/women-nike-air-force-1-low-premium-now-accepting-all-flowers\/","url":"https:\/\/tourcruiser.com\/de\/products\/women-nike-air-force-1-low-premium-now-accepting-all-flowers\/","name":"(Women) Nike Air Force 1 Low Premium 'Now Accepting All Flowers' - Tourcruiser PTE. LTD","isPartOf":{"@id":"https:\/\/tourcruiser.com\/de\/#website"},"primaryImageOfPage":{"@id":"https:\/\/tourcruiser.com\/de\/products\/women-nike-air-force-1-low-premium-now-accepting-all-flowers\/#primaryimage"},"image":{"@id":"https:\/\/tourcruiser.com\/de\/products\/women-nike-air-force-1-low-premium-now-accepting-all-flowers\/#primaryimage"},"thumbnailUrl":"https:\/\/images.novelship.com\/product\/_women__nike_air_force_1_low_premium__now_acceptin_0_39634.jpeg;https:\/\/images.novelship.com\/product\/_women__nike_air_force_1_low_premium__now_acceptin_1_39634.jpeg;https:\/\/images.novelship.com\/product\/_women__nike_air_force_1_low_premium__now_acceptin_2_39634.jpeg;https:\/\/images.novelship.com\/product\/_women__nike_air_force_1_low_premium__now_acceptin_3_39634.jpeg;https:\/\/images.novelship.com\/product\/_women__nike_air_force_1_low_premium__now_acceptin_4_39634.jpeg","datePublished":"2026-03-02T07:36:32+00:00","dateModified":"2026-03-27T17:38:50+00:00","breadcrumb":{"@id":"https:\/\/tourcruiser.com\/de\/products\/women-nike-air-force-1-low-premium-now-accepting-all-flowers\/#breadcrumb"},"inLanguage":"de","potentialAction":[{"@type":"ReadAction","target":["https:\/\/tourcruiser.com\/de\/products\/women-nike-air-force-1-low-premium-now-accepting-all-flowers\/"]}]},{"@type":"ImageObject","inLanguage":"de","@id":"https:\/\/tourcruiser.com\/de\/products\/women-nike-air-force-1-low-premium-now-accepting-all-flowers\/#primaryimage","url":"https:\/\/images.novelship.com\/product\/_women__nike_air_force_1_low_premium__now_acceptin_0_39634.jpeg;https:\/\/images.novelship.com\/product\/_women__nike_air_force_1_low_premium__now_acceptin_1_39634.jpeg;https:\/\/images.novelship.com\/product\/_women__nike_air_force_1_low_premium__now_acceptin_2_39634.jpeg;https:\/\/images.novelship.com\/product\/_women__nike_air_force_1_low_premium__now_acceptin_3_39634.jpeg;https:\/\/images.novelship.com\/product\/_women__nike_air_force_1_low_premium__now_acceptin_4_39634.jpeg","contentUrl":"https:\/\/images.novelship.com\/product\/_women__nike_air_force_1_low_premium__now_acceptin_0_39634.jpeg;https:\/\/images.novelship.com\/product\/_women__nike_air_force_1_low_premium__now_acceptin_1_39634.jpeg;https:\/\/images.novelship.com\/product\/_women__nike_air_force_1_low_premium__now_acceptin_2_39634.jpeg;https:\/\/images.novelship.com\/product\/_women__nike_air_force_1_low_premium__now_acceptin_3_39634.jpeg;https:\/\/images.novelship.com\/product\/_women__nike_air_force_1_low_premium__now_acceptin_4_39634.jpeg"},{"@type":"BreadcrumbList","@id":"https:\/\/tourcruiser.com\/de\/products\/women-nike-air-force-1-low-premium-now-accepting-all-flowers\/#breadcrumb","itemListElement":[{"@type":"ListItem","position":1,"name":"Home","item":"https:\/\/tourcruiser.com\/de\/"},{"@type":"ListItem","position":2,"name":"Shop","item":"https:\/\/tourcruiser.com\/de\/shop\/"},{"@type":"ListItem","position":3,"name":"(Women) Nike Air Force 1 Low Premium 'Now Accepting All Flowers'"}]},{"@type":"WebSite","@id":"https:\/\/tourcruiser.com\/de\/#website","url":"https:\/\/tourcruiser.com\/de\/","name":"Styloral Jewelry Shop","description":"Tourcruiser Sneaker Store \u2014 der Ort, an dem das Universum deine Einzigartigkeit trifft.","publisher":{"@id":"https:\/\/tourcruiser.com\/de\/#organization"},"potentialAction":[{"@type":"SearchAction","target":{"@type":"EntryPoint","urlTemplate":"https:\/\/tourcruiser.com\/de\/?s={search_term_string}"},"query-input":{"@type":"PropertyValueSpecification","valueRequired":true,"valueName":"search_term_string"}}],"inLanguage":"de"},{"@type":"Organization","@id":"https:\/\/tourcruiser.com\/de\/#organization","name":"STYLORAL PTE. LTD","url":"https:\/\/tourcruiser.com\/de\/","logo":{"@type":"ImageObject","inLanguage":"de","@id":"https:\/\/tourcruiser.com\/de\/#\/schema\/logo\/image\/","url":"https:\/\/www.tourcruiser.com\/wp-content\/uploads\/2025\/12\/logo.png","contentUrl":"https:\/\/www.tourcruiser.com\/wp-content\/uploads\/2025\/12\/logo.png","width":200,"height":65,"caption":"STYLORAL PTE. LTD"},"image":{"@id":"https:\/\/tourcruiser.com\/de\/#\/schema\/logo\/image\/"}}]}},"_links":{"self":[{"href":"https:\/\/tourcruiser.com\/de\/wp-json\/wp\/v2\/product\/28168","targetHints":{"allow":["GET"]}}],"collection":[{"href":"https:\/\/tourcruiser.com\/de\/wp-json\/wp\/v2\/product"}],"about":[{"href":"https:\/\/tourcruiser.com\/de\/wp-json\/wp\/v2\/types\/product"}],"replies":[{"embeddable":true,"href":"https:\/\/tourcruiser.com\/de\/wp-json\/wp\/v2\/comments?post=28168"}],"wp:featuredmedia":[{"embeddable":true,"href":"https:\/\/tourcruiser.com\/de\/wp-json\/wp\/v2\/media\/28169"}],"wp:attachment":[{"href":"https:\/\/tourcruiser.com\/de\/wp-json\/wp\/v2\/media?parent=28168"}],"wp:term":[{"taxonomy":"product_brand","embeddable":true,"href":"https:\/\/tourcruiser.com\/de\/wp-json\/wp\/v2\/product_brand?post=28168"},{"taxonomy":"product_cat","embeddable":true,"href":"https:\/\/tourcruiser.com\/de\/wp-json\/wp\/v2\/product_cat?post=28168"},{"taxonomy":"product_tag","embeddable":true,"href":"https:\/\/tourcruiser.com\/de\/wp-json\/wp\/v2\/product_tag?post=28168"}],"curies":[{"name":"wp","href":"https:\/\/api.w.org\/{rel}","templated":true}]}}