{"id":27643,"date":"2026-03-02T14:35:53","date_gmt":"2026-03-02T07:35:53","guid":{"rendered":"http:\/\/tourcruiser.com\/product\/nike-c1ty-premium"},"modified":"2026-03-28T00:38:34","modified_gmt":"2026-03-27T17:38:34","slug":"nike-c1ty-premium","status":"publish","type":"product","link":"https:\/\/tourcruiser.com\/de\/products\/nike-c1ty-premium\/","title":{"rendered":"Nike C1TY Premium"},"content":{"rendered":"<p>Erleben Sie urbane Eleganz und unvergleichliche Performance mit dem Nike C1TY Premium HJ4316-001 \u201d\u201c die perfekte Kombination aus modernem Design und erstklassigem Tragekomfort. Dieser Premium-Sneaker wurde f\u00fcr alle Stadtentdecker entwickelt und besticht durch seine schlanke und vielseitige Silhouette, die zu jedem Lifestyle passt, egal ob Sie durch pulsierende Stra\u00dfen schlendern oder Ihre Freizeit genie\u00dfen. Dank hochwertiger Materialien bietet er Strapazierf\u00e4higkeit und Atmungsaktivit\u00e4t und sorgt so f\u00fcr ganzt\u00e4gigen Halt bei gleichzeitig geringem Gewicht. Die fortschrittliche D\u00e4mpfungstechnologie garantiert au\u00dfergew\u00f6hnlichen Komfort, w\u00e4hrend die robuste Au\u00dfensohle hervorragende Traktion auf verschiedenen Untergr\u00fcnden bietet. Sein minimalistisches und dennoch stilvolles Design wird durch dezente Details veredelt und macht ihn zur idealen Wahl f\u00fcr Freizeit und Sport. Verleihe deinem Alltagslook das gewisse Etwas und zeige Selbstbewusstsein mit dem Nike C1TY Premium HJ4316-001.<\/p>\n<ul>\n<li><strong>Farbgebung:<\/strong> Phantom\/Light Allwood Brown\/College Grey\/Safety Orange<\/li>\n<li><strong>Style-Code:<\/strong> HJ4316-001<\/li>\n<li><strong>Obermaterial:<\/strong> Wildleder<\/li>\n<li><strong>Farbe:<\/strong> Mehrfarbig<\/li>\n<\/ul>\n","protected":false},"excerpt":{"rendered":"<p>Nike C1TY Premium \u201d\u201d Phantom\/Light Allwood Brown\/College Grey\/Safety Orange<\/p>\n","protected":false},"featured_media":27644,"comment_status":"open","ping_status":"closed","template":"","meta":[],"product_brand":[],"product_cat":[10803],"product_tag":[10750,10754,11460,10801,10756,10758],"class_list":{"0":"post-27643","1":"product","2":"type-product","3":"status-publish","4":"has-post-thumbnail","6":"product_cat-nike","7":"product_tag-athleisure-shoes","8":"product_tag-lifestyle-casual-shoes","9":"product_tag-lifestyle-shoes-casual","10":"product_tag-nike","11":"product_tag-retro-casual-shoes","12":"product_tag-under-retail","13":"wcpa_has_options","15":"first","16":"outofstock","17":"taxable","18":"shipping-taxable","19":"purchasable","20":"product-type-simple"},"wcpa_form_fields":{"rules":{"pric_overide_base_price":false,"pric_overide_base_price_if_gt_zero":false,"pric_overide_base_price_fully":false,"pric_cal_option_once":false,"pric_use_as_fee":false,"bind_quantity":false,"quantity_bind_formula":false},"fields":[{"type":"color-group","required":true,"elementId":"wcpa-color-group-66c4a75505e74","label":"Gr\u00f6\u00dfe - EU Gr\u00f6\u00dfe","inline":true,"priceOptions":"different_for_all","pricingType":"fixed","className":"hassizechart product-shoes-size-eu product-shoes-size","name":"color-group-66c4a75505e89","disp_type":"square","selection_type":"tick-border","disp_size":"44","show_label_inside":true,"adjust_width":true,"cart_display_type":"text","other_text":"Other","cl_rule":"show","col":6,"values":[{"label":"35.5","value":"EU 35.5","price":"","pimage":"","pimage_id":"","pthumb":"","color":""},{"label":"36","value":"EU 36","price":"","pimage":"","pimage_id":"","pthumb":"","color":"","selected":true},{"label":"36.5","value":"EU 36.5","price":"","pimage":"","pimage_id":"","pthumb":"","color":""},{"label":"37.5","value":"EU 37.5","price":"","pimage":"","pimage_id":"","pthumb":"","color":""},{"label":"38","value":"EU 38","price":"","pimage":"","pimage_id":"","pthumb":"","color":""},{"label":"38.5","value":"EU 38.5","price":"","pimage":"","pimage_id":"","pthumb":"","color":""},{"label":"39","value":"EU 39","price":"","pimage":"","pimage_id":"","pthumb":"","color":""},{"label":"40","value":"EU 40","price":"","pimage":"","pimage_id":"","pthumb":"","color":""},{"label":"40.5","value":"EU 40.5","price":"","pimage":"","pimage_id":"","pthumb":"","color":""},{"label":"41","value":"EU 41","price":"","pimage":"","pimage_id":"","pthumb":"","color":""},{"label":"42","value":"EU 42","price":"","pimage":"","pimage_id":"","pthumb":"","color":""},{"label":"42.5","value":"EU 42.5","price":"","pimage":"","pimage_id":"","pthumb":"","color":""},{"label":"43","value":"EU 43","price":"","pimage":"","pimage_id":"","pthumb":"","color":""},{"label":"44","value":"EU 44","price":"","pimage":"","pimage_id":"","pthumb":"","color":""},{"label":"44.5","value":"EU 44.5","price":"","pimage":"","pimage_id":"","pthumb":"","color":""},{"label":"45","value":"EU 45","price":"","pimage":"","pimage_id":"","pthumb":"","color":""},{"label":"45.5","value":"EU 45.5","price":"","pimage":"","pimage_id":"","pthumb":"","color":""},{"label":"46","value":"EU 46","price":"","pimage":"","pimage_id":"","pthumb":"","color":""},{"label":"47","value":"EU 47","price":"","pimage":"","pimage_id":"","pthumb":"","color":""},{"label":"47.5","value":"EU 47.5","price":"","pimage":"","pimage_id":"","pthumb":"","color":""},{"label":"48","value":"EU 48","price":"","pimage":"","pimage_id":"","pthumb":"","color":""}],"relations":[{"operator":false,"rules":[]}],"form_id":18106,"form_rules":{"pric_cal_option_once":false,"exclude_from_discount":false,"pric_use_as_fee":false,"fee_label":"Fee","render_after_acb":false,"disp_hide_options_price":false}}]},"yoast_head":"<!-- This site is optimized with the Yoast SEO plugin v26.5 - https:\/\/yoast.com\/wordpress\/plugins\/seo\/ -->\n<title>Nike C1TY Premium  - Tourcruiser PTE. LTD<\/title>\n<meta name=\"robots\" content=\"index, follow, max-snippet:-1, max-image-preview:large, max-video-preview:-1\" \/>\n<link rel=\"canonical\" href=\"https:\/\/tourcruiser.com\/de\/products\/nike-c1ty-premium\/\" \/>\n<meta property=\"og:locale\" content=\"de_DE\" \/>\n<meta property=\"og:type\" content=\"article\" \/>\n<meta property=\"og:title\" content=\"Nike C1TY Premium  - Tourcruiser PTE. LTD\" \/>\n<meta property=\"og:description\" content=\"Nike C1TY Premium \u201d\u201d Phantom\/Light Allwood Brown\/College Grey\/Safety Orange\" \/>\n<meta property=\"og:url\" content=\"https:\/\/tourcruiser.com\/de\/products\/nike-c1ty-premium\/\" \/>\n<meta property=\"og:site_name\" content=\"Tourcruiser Sneaker Store\" \/>\n<meta property=\"article:modified_time\" content=\"2026-03-27T17:38:34+00:00\" \/>\n<meta name=\"twitter:card\" content=\"summary_large_image\" \/>\n<meta name=\"twitter:image\" content=\"https:\/\/images.novelship.com\/product\/nike_c1ty_premium_hj4316-001_0_63319.png;https:\/\/images.novelship.com\/product\/nike_c1ty_premium_hj4316-001_1_63320.png;https:\/\/images.novelship.com\/product\/nike_c1ty_premium_hj4316-001_2_63320.png;https:\/\/images.novelship.com\/product\/nike_c1ty_premium_hj4316-001_3_63320.png;https:\/\/images.novelship.com\/product\/nike_c1ty_premium_hj4316-001_4_63320.png;https:\/\/images.novelship.com\/product\/nike_c1ty_premium_hj4316-001_5_63320.png;https:\/\/images.novelship.com\/product\/nike_c1ty_premium_hj4316-001_6_63320.png;https:\/\/images.novelship.com\/product\/nike_c1ty_premium_hj4316-001_7_63320.png;https:\/\/images.novelship.com\/product\/nike_c1ty_premium_hj4316-001_8_63320.png;https:\/\/images.novelship.com\/product\/nike_c1ty_premium_hj4316-001_9_63320.png;https:\/\/images.novelship.com\/product\/nike_c1ty_premium_hj4316-001_10_63320.png\" \/>\n<meta name=\"twitter:label1\" content=\"Gesch\u00e4tzte Lesezeit\" \/>\n\t<meta name=\"twitter:data1\" content=\"1\u00a0Minute\" \/>\n<script type=\"application\/ld+json\" class=\"yoast-schema-graph\">{\"@context\":\"https:\/\/schema.org\",\"@graph\":[{\"@type\":\"WebPage\",\"@id\":\"https:\/\/tourcruiser.com\/de\/products\/nike-c1ty-premium\/\",\"url\":\"https:\/\/tourcruiser.com\/de\/products\/nike-c1ty-premium\/\",\"name\":\"Nike C1TY Premium - Tourcruiser PTE. LTD\",\"isPartOf\":{\"@id\":\"https:\/\/tourcruiser.com\/de\/#website\"},\"primaryImageOfPage\":{\"@id\":\"https:\/\/tourcruiser.com\/de\/products\/nike-c1ty-premium\/#primaryimage\"},\"image\":{\"@id\":\"https:\/\/tourcruiser.com\/de\/products\/nike-c1ty-premium\/#primaryimage\"},\"thumbnailUrl\":\"https:\/\/images.novelship.com\/product\/nike_c1ty_premium_hj4316-001_0_63319.png;https:\/\/images.novelship.com\/product\/nike_c1ty_premium_hj4316-001_1_63320.png;https:\/\/images.novelship.com\/product\/nike_c1ty_premium_hj4316-001_2_63320.png;https:\/\/images.novelship.com\/product\/nike_c1ty_premium_hj4316-001_3_63320.png;https:\/\/images.novelship.com\/product\/nike_c1ty_premium_hj4316-001_4_63320.png;https:\/\/images.novelship.com\/product\/nike_c1ty_premium_hj4316-001_5_63320.png;https:\/\/images.novelship.com\/product\/nike_c1ty_premium_hj4316-001_6_63320.png;https:\/\/images.novelship.com\/product\/nike_c1ty_premium_hj4316-001_7_63320.png;https:\/\/images.novelship.com\/product\/nike_c1ty_premium_hj4316-001_8_63320.png;https:\/\/images.novelship.com\/product\/nike_c1ty_premium_hj4316-001_9_63320.png;https:\/\/images.novelship.com\/product\/nike_c1ty_premium_hj4316-001_10_63320.png\",\"datePublished\":\"2026-03-02T07:35:53+00:00\",\"dateModified\":\"2026-03-27T17:38:34+00:00\",\"breadcrumb\":{\"@id\":\"https:\/\/tourcruiser.com\/de\/products\/nike-c1ty-premium\/#breadcrumb\"},\"inLanguage\":\"de\",\"potentialAction\":[{\"@type\":\"ReadAction\",\"target\":[\"https:\/\/tourcruiser.com\/de\/products\/nike-c1ty-premium\/\"]}]},{\"@type\":\"ImageObject\",\"inLanguage\":\"de\",\"@id\":\"https:\/\/tourcruiser.com\/de\/products\/nike-c1ty-premium\/#primaryimage\",\"url\":\"https:\/\/images.novelship.com\/product\/nike_c1ty_premium_hj4316-001_0_63319.png;https:\/\/images.novelship.com\/product\/nike_c1ty_premium_hj4316-001_1_63320.png;https:\/\/images.novelship.com\/product\/nike_c1ty_premium_hj4316-001_2_63320.png;https:\/\/images.novelship.com\/product\/nike_c1ty_premium_hj4316-001_3_63320.png;https:\/\/images.novelship.com\/product\/nike_c1ty_premium_hj4316-001_4_63320.png;https:\/\/images.novelship.com\/product\/nike_c1ty_premium_hj4316-001_5_63320.png;https:\/\/images.novelship.com\/product\/nike_c1ty_premium_hj4316-001_6_63320.png;https:\/\/images.novelship.com\/product\/nike_c1ty_premium_hj4316-001_7_63320.png;https:\/\/images.novelship.com\/product\/nike_c1ty_premium_hj4316-001_8_63320.png;https:\/\/images.novelship.com\/product\/nike_c1ty_premium_hj4316-001_9_63320.png;https:\/\/images.novelship.com\/product\/nike_c1ty_premium_hj4316-001_10_63320.png\",\"contentUrl\":\"https:\/\/images.novelship.com\/product\/nike_c1ty_premium_hj4316-001_0_63319.png;https:\/\/images.novelship.com\/product\/nike_c1ty_premium_hj4316-001_1_63320.png;https:\/\/images.novelship.com\/product\/nike_c1ty_premium_hj4316-001_2_63320.png;https:\/\/images.novelship.com\/product\/nike_c1ty_premium_hj4316-001_3_63320.png;https:\/\/images.novelship.com\/product\/nike_c1ty_premium_hj4316-001_4_63320.png;https:\/\/images.novelship.com\/product\/nike_c1ty_premium_hj4316-001_5_63320.png;https:\/\/images.novelship.com\/product\/nike_c1ty_premium_hj4316-001_6_63320.png;https:\/\/images.novelship.com\/product\/nike_c1ty_premium_hj4316-001_7_63320.png;https:\/\/images.novelship.com\/product\/nike_c1ty_premium_hj4316-001_8_63320.png;https:\/\/images.novelship.com\/product\/nike_c1ty_premium_hj4316-001_9_63320.png;https:\/\/images.novelship.com\/product\/nike_c1ty_premium_hj4316-001_10_63320.png\"},{\"@type\":\"BreadcrumbList\",\"@id\":\"https:\/\/tourcruiser.com\/de\/products\/nike-c1ty-premium\/#breadcrumb\",\"itemListElement\":[{\"@type\":\"ListItem\",\"position\":1,\"name\":\"Home\",\"item\":\"https:\/\/tourcruiser.com\/de\/\"},{\"@type\":\"ListItem\",\"position\":2,\"name\":\"Shop\",\"item\":\"https:\/\/tourcruiser.com\/de\/shop\/\"},{\"@type\":\"ListItem\",\"position\":3,\"name\":\"Nike C1TY Premium\"}]},{\"@type\":\"WebSite\",\"@id\":\"https:\/\/tourcruiser.com\/de\/#website\",\"url\":\"https:\/\/tourcruiser.com\/de\/\",\"name\":\"Styloral Jewelry Shop\",\"description\":\"Tourcruiser Sneaker Store \u2014 der Ort, an dem das Universum deine Einzigartigkeit trifft.\",\"publisher\":{\"@id\":\"https:\/\/tourcruiser.com\/de\/#organization\"},\"potentialAction\":[{\"@type\":\"SearchAction\",\"target\":{\"@type\":\"EntryPoint\",\"urlTemplate\":\"https:\/\/tourcruiser.com\/de\/?s={search_term_string}\"},\"query-input\":{\"@type\":\"PropertyValueSpecification\",\"valueRequired\":true,\"valueName\":\"search_term_string\"}}],\"inLanguage\":\"de\"},{\"@type\":\"Organization\",\"@id\":\"https:\/\/tourcruiser.com\/de\/#organization\",\"name\":\"STYLORAL PTE. LTD\",\"url\":\"https:\/\/tourcruiser.com\/de\/\",\"logo\":{\"@type\":\"ImageObject\",\"inLanguage\":\"de\",\"@id\":\"https:\/\/tourcruiser.com\/de\/#\/schema\/logo\/image\/\",\"url\":\"https:\/\/www.tourcruiser.com\/wp-content\/uploads\/2025\/12\/logo.png\",\"contentUrl\":\"https:\/\/www.tourcruiser.com\/wp-content\/uploads\/2025\/12\/logo.png\",\"width\":200,\"height\":65,\"caption\":\"STYLORAL PTE. LTD\"},\"image\":{\"@id\":\"https:\/\/tourcruiser.com\/de\/#\/schema\/logo\/image\/\"}}]}<\/script>\n<!-- \/ Yoast SEO plugin. -->","yoast_head_json":{"title":"Nike C1TY Premium  - Tourcruiser PTE. LTD","robots":{"index":"index","follow":"follow","max-snippet":"max-snippet:-1","max-image-preview":"max-image-preview:large","max-video-preview":"max-video-preview:-1"},"canonical":"https:\/\/tourcruiser.com\/de\/products\/nike-c1ty-premium\/","og_locale":"de_DE","og_type":"article","og_title":"Nike C1TY Premium  - Tourcruiser PTE. LTD","og_description":"Nike C1TY Premium \u201d\u201d Phantom\/Light Allwood Brown\/College Grey\/Safety Orange","og_url":"https:\/\/tourcruiser.com\/de\/products\/nike-c1ty-premium\/","og_site_name":"Tourcruiser Sneaker Store","article_modified_time":"2026-03-27T17:38:34+00:00","twitter_card":"summary_large_image","twitter_image":"https:\/\/images.novelship.com\/product\/nike_c1ty_premium_hj4316-001_0_63319.png;https:\/\/images.novelship.com\/product\/nike_c1ty_premium_hj4316-001_1_63320.png;https:\/\/images.novelship.com\/product\/nike_c1ty_premium_hj4316-001_2_63320.png;https:\/\/images.novelship.com\/product\/nike_c1ty_premium_hj4316-001_3_63320.png;https:\/\/images.novelship.com\/product\/nike_c1ty_premium_hj4316-001_4_63320.png;https:\/\/images.novelship.com\/product\/nike_c1ty_premium_hj4316-001_5_63320.png;https:\/\/images.novelship.com\/product\/nike_c1ty_premium_hj4316-001_6_63320.png;https:\/\/images.novelship.com\/product\/nike_c1ty_premium_hj4316-001_7_63320.png;https:\/\/images.novelship.com\/product\/nike_c1ty_premium_hj4316-001_8_63320.png;https:\/\/images.novelship.com\/product\/nike_c1ty_premium_hj4316-001_9_63320.png;https:\/\/images.novelship.com\/product\/nike_c1ty_premium_hj4316-001_10_63320.png","twitter_misc":{"Gesch\u00e4tzte Lesezeit":"1\u00a0Minute"},"schema":{"@context":"https:\/\/schema.org","@graph":[{"@type":"WebPage","@id":"https:\/\/tourcruiser.com\/de\/products\/nike-c1ty-premium\/","url":"https:\/\/tourcruiser.com\/de\/products\/nike-c1ty-premium\/","name":"Nike C1TY Premium - Tourcruiser PTE. LTD","isPartOf":{"@id":"https:\/\/tourcruiser.com\/de\/#website"},"primaryImageOfPage":{"@id":"https:\/\/tourcruiser.com\/de\/products\/nike-c1ty-premium\/#primaryimage"},"image":{"@id":"https:\/\/tourcruiser.com\/de\/products\/nike-c1ty-premium\/#primaryimage"},"thumbnailUrl":"https:\/\/images.novelship.com\/product\/nike_c1ty_premium_hj4316-001_0_63319.png;https:\/\/images.novelship.com\/product\/nike_c1ty_premium_hj4316-001_1_63320.png;https:\/\/images.novelship.com\/product\/nike_c1ty_premium_hj4316-001_2_63320.png;https:\/\/images.novelship.com\/product\/nike_c1ty_premium_hj4316-001_3_63320.png;https:\/\/images.novelship.com\/product\/nike_c1ty_premium_hj4316-001_4_63320.png;https:\/\/images.novelship.com\/product\/nike_c1ty_premium_hj4316-001_5_63320.png;https:\/\/images.novelship.com\/product\/nike_c1ty_premium_hj4316-001_6_63320.png;https:\/\/images.novelship.com\/product\/nike_c1ty_premium_hj4316-001_7_63320.png;https:\/\/images.novelship.com\/product\/nike_c1ty_premium_hj4316-001_8_63320.png;https:\/\/images.novelship.com\/product\/nike_c1ty_premium_hj4316-001_9_63320.png;https:\/\/images.novelship.com\/product\/nike_c1ty_premium_hj4316-001_10_63320.png","datePublished":"2026-03-02T07:35:53+00:00","dateModified":"2026-03-27T17:38:34+00:00","breadcrumb":{"@id":"https:\/\/tourcruiser.com\/de\/products\/nike-c1ty-premium\/#breadcrumb"},"inLanguage":"de","potentialAction":[{"@type":"ReadAction","target":["https:\/\/tourcruiser.com\/de\/products\/nike-c1ty-premium\/"]}]},{"@type":"ImageObject","inLanguage":"de","@id":"https:\/\/tourcruiser.com\/de\/products\/nike-c1ty-premium\/#primaryimage","url":"https:\/\/images.novelship.com\/product\/nike_c1ty_premium_hj4316-001_0_63319.png;https:\/\/images.novelship.com\/product\/nike_c1ty_premium_hj4316-001_1_63320.png;https:\/\/images.novelship.com\/product\/nike_c1ty_premium_hj4316-001_2_63320.png;https:\/\/images.novelship.com\/product\/nike_c1ty_premium_hj4316-001_3_63320.png;https:\/\/images.novelship.com\/product\/nike_c1ty_premium_hj4316-001_4_63320.png;https:\/\/images.novelship.com\/product\/nike_c1ty_premium_hj4316-001_5_63320.png;https:\/\/images.novelship.com\/product\/nike_c1ty_premium_hj4316-001_6_63320.png;https:\/\/images.novelship.com\/product\/nike_c1ty_premium_hj4316-001_7_63320.png;https:\/\/images.novelship.com\/product\/nike_c1ty_premium_hj4316-001_8_63320.png;https:\/\/images.novelship.com\/product\/nike_c1ty_premium_hj4316-001_9_63320.png;https:\/\/images.novelship.com\/product\/nike_c1ty_premium_hj4316-001_10_63320.png","contentUrl":"https:\/\/images.novelship.com\/product\/nike_c1ty_premium_hj4316-001_0_63319.png;https:\/\/images.novelship.com\/product\/nike_c1ty_premium_hj4316-001_1_63320.png;https:\/\/images.novelship.com\/product\/nike_c1ty_premium_hj4316-001_2_63320.png;https:\/\/images.novelship.com\/product\/nike_c1ty_premium_hj4316-001_3_63320.png;https:\/\/images.novelship.com\/product\/nike_c1ty_premium_hj4316-001_4_63320.png;https:\/\/images.novelship.com\/product\/nike_c1ty_premium_hj4316-001_5_63320.png;https:\/\/images.novelship.com\/product\/nike_c1ty_premium_hj4316-001_6_63320.png;https:\/\/images.novelship.com\/product\/nike_c1ty_premium_hj4316-001_7_63320.png;https:\/\/images.novelship.com\/product\/nike_c1ty_premium_hj4316-001_8_63320.png;https:\/\/images.novelship.com\/product\/nike_c1ty_premium_hj4316-001_9_63320.png;https:\/\/images.novelship.com\/product\/nike_c1ty_premium_hj4316-001_10_63320.png"},{"@type":"BreadcrumbList","@id":"https:\/\/tourcruiser.com\/de\/products\/nike-c1ty-premium\/#breadcrumb","itemListElement":[{"@type":"ListItem","position":1,"name":"Home","item":"https:\/\/tourcruiser.com\/de\/"},{"@type":"ListItem","position":2,"name":"Shop","item":"https:\/\/tourcruiser.com\/de\/shop\/"},{"@type":"ListItem","position":3,"name":"Nike C1TY Premium"}]},{"@type":"WebSite","@id":"https:\/\/tourcruiser.com\/de\/#website","url":"https:\/\/tourcruiser.com\/de\/","name":"Styloral Jewelry Shop","description":"Tourcruiser Sneaker Store \u2014 der Ort, an dem das Universum deine Einzigartigkeit trifft.","publisher":{"@id":"https:\/\/tourcruiser.com\/de\/#organization"},"potentialAction":[{"@type":"SearchAction","target":{"@type":"EntryPoint","urlTemplate":"https:\/\/tourcruiser.com\/de\/?s={search_term_string}"},"query-input":{"@type":"PropertyValueSpecification","valueRequired":true,"valueName":"search_term_string"}}],"inLanguage":"de"},{"@type":"Organization","@id":"https:\/\/tourcruiser.com\/de\/#organization","name":"STYLORAL PTE. LTD","url":"https:\/\/tourcruiser.com\/de\/","logo":{"@type":"ImageObject","inLanguage":"de","@id":"https:\/\/tourcruiser.com\/de\/#\/schema\/logo\/image\/","url":"https:\/\/www.tourcruiser.com\/wp-content\/uploads\/2025\/12\/logo.png","contentUrl":"https:\/\/www.tourcruiser.com\/wp-content\/uploads\/2025\/12\/logo.png","width":200,"height":65,"caption":"STYLORAL PTE. LTD"},"image":{"@id":"https:\/\/tourcruiser.com\/de\/#\/schema\/logo\/image\/"}}]}},"_links":{"self":[{"href":"https:\/\/tourcruiser.com\/de\/wp-json\/wp\/v2\/product\/27643","targetHints":{"allow":["GET"]}}],"collection":[{"href":"https:\/\/tourcruiser.com\/de\/wp-json\/wp\/v2\/product"}],"about":[{"href":"https:\/\/tourcruiser.com\/de\/wp-json\/wp\/v2\/types\/product"}],"replies":[{"embeddable":true,"href":"https:\/\/tourcruiser.com\/de\/wp-json\/wp\/v2\/comments?post=27643"}],"wp:featuredmedia":[{"embeddable":true,"href":"https:\/\/tourcruiser.com\/de\/wp-json\/wp\/v2\/media\/27644"}],"wp:attachment":[{"href":"https:\/\/tourcruiser.com\/de\/wp-json\/wp\/v2\/media?parent=27643"}],"wp:term":[{"taxonomy":"product_brand","embeddable":true,"href":"https:\/\/tourcruiser.com\/de\/wp-json\/wp\/v2\/product_brand?post=27643"},{"taxonomy":"product_cat","embeddable":true,"href":"https:\/\/tourcruiser.com\/de\/wp-json\/wp\/v2\/product_cat?post=27643"},{"taxonomy":"product_tag","embeddable":true,"href":"https:\/\/tourcruiser.com\/de\/wp-json\/wp\/v2\/product_tag?post=27643"}],"curies":[{"name":"wp","href":"https:\/\/api.w.org\/{rel}","templated":true}]}}