{"id":27376,"date":"2026-03-02T14:35:34","date_gmt":"2026-03-02T07:35:34","guid":{"rendered":"http:\/\/tourcruiser.com\/product\/women-nike-air-rift-br-black"},"modified":"2026-03-28T00:38:30","modified_gmt":"2026-03-27T17:38:30","slug":"women-nike-air-rift-br-black","status":"publish","type":"product","link":"https:\/\/tourcruiser.com\/de\/products\/women-nike-air-rift-br-black\/","title":{"rendered":"(Women) Nike Air Rift BR &#8218;Black&#8216;"},"content":{"rendered":"<p>Erlebe unvergleichlichen Komfort und Style mit dem Nike Air Rift Breathe DN1338-004, einem leichten und atmungsaktiven Damen-Sneaker, der vom legend\u00e4ren Split-Toe-Design des originalen Air Rift inspiriert ist. Dieser innovative Schuh ist perfekt f\u00fcr den ganzen Tag geeignet und kombiniert eine socken\u00e4hnliche Passform mit verstellbaren Riemen f\u00fcr sicheren und individuellen Halt. Das atmungsaktive Mesh-Obermaterial sorgt f\u00fcr optimale Bel\u00fcftung und h\u00e4lt deine F\u00fc\u00dfe auch bei w\u00e4rmeren Temperaturen oder aktiven Abenteuern angenehm k\u00fchl. Die vielseitige Split-Toe-Konstruktion erm\u00f6glicht nat\u00fcrliche Bewegungsfreiheit und Flexibilit\u00e4t, w\u00e4hrend die strapazierf\u00e4hige Au\u00dfensohle zuverl\u00e4ssige Traktion auf verschiedenen Untergr\u00fcnden bietet. Ob Freizeit, leichte Workouts oder entspannter Tag \u201d\u201c der Nike Air Rift Breathe bietet optimale Performance und einen unverwechselbaren Look. Setzen Sie mit dem eleganten Design ein Statement und genie\u00dfen Sie die perfekte Kombination aus sportlicher Funktionalit\u00e4t und m\u00fcheloser Mode.<\/p>\n<ul>\n<li><strong>Farbgebung:<\/strong> Schwarz\/Wei\u00df\/Schwarz<\/li>\n<li><strong>Artikelnummer:<\/strong> DN1338-004<\/li>\n<li><strong>Obermaterial:<\/strong> Ripstop<\/li>\n<li><strong>Zwischensohle:<\/strong> Air<\/li>\n<li><strong>Farbe:<\/strong> Schwarz<\/li>\n<\/ul>\n","protected":false},"excerpt":{"rendered":"<p>Nike Air Rift Breathe \u201d\u201d Black\/White\/Black<\/p>\n","protected":false},"featured_media":189464,"comment_status":"open","ping_status":"closed","template":"","meta":[],"product_brand":[],"product_cat":[10809],"product_tag":[10917],"class_list":{"0":"post-27376","1":"product","2":"type-product","3":"status-publish","4":"has-post-thumbnail","6":"product_cat-nike-women","7":"product_tag-small-130-usd","8":"wcpa_has_options","10":"first","11":"outofstock","12":"taxable","13":"shipping-taxable","14":"purchasable","15":"product-type-simple"},"wcpa_form_fields":{"rules":{"pric_overide_base_price":false,"pric_overide_base_price_if_gt_zero":false,"pric_overide_base_price_fully":false,"pric_cal_option_once":false,"pric_use_as_fee":false,"bind_quantity":false,"quantity_bind_formula":false},"fields":[{"type":"color-group","required":true,"elementId":"wcpa-color-group-66c4a75505e74","label":"Gr\u00f6\u00dfe - EU Gr\u00f6\u00dfe","inline":true,"priceOptions":"different_for_all","pricingType":"fixed","className":"hassizechart product-shoes-size-eu product-shoes-size","name":"color-group-66c4a75505e89","disp_type":"square","selection_type":"tick-border","disp_size":"44","show_label_inside":true,"adjust_width":true,"cart_display_type":"text","other_text":"Other","cl_rule":"show","col":6,"values":[{"label":"35.5","value":"EU 35.5","price":"","pimage":"","pimage_id":"","pthumb":"","color":""},{"label":"36","value":"EU 36","price":"","pimage":"","pimage_id":"","pthumb":"","color":"","selected":true},{"label":"36.5","value":"EU 36.5","price":"","pimage":"","pimage_id":"","pthumb":"","color":""},{"label":"37.5","value":"EU 37.5","price":"","pimage":"","pimage_id":"","pthumb":"","color":""},{"label":"38","value":"EU 38","price":"","pimage":"","pimage_id":"","pthumb":"","color":""},{"label":"38.5","value":"EU 38.5","price":"","pimage":"","pimage_id":"","pthumb":"","color":""},{"label":"39","value":"EU 39","price":"","pimage":"","pimage_id":"","pthumb":"","color":""},{"label":"40","value":"EU 40","price":"","pimage":"","pimage_id":"","pthumb":"","color":""},{"label":"40.5","value":"EU 40.5","price":"","pimage":"","pimage_id":"","pthumb":"","color":""},{"label":"41","value":"EU 41","price":"","pimage":"","pimage_id":"","pthumb":"","color":""},{"label":"42","value":"EU 42","price":"","pimage":"","pimage_id":"","pthumb":"","color":""},{"label":"42.5","value":"EU 42.5","price":"","pimage":"","pimage_id":"","pthumb":"","color":""},{"label":"43","value":"EU 43","price":"","pimage":"","pimage_id":"","pthumb":"","color":""},{"label":"44","value":"EU 44","price":"","pimage":"","pimage_id":"","pthumb":"","color":""},{"label":"44.5","value":"EU 44.5","price":"","pimage":"","pimage_id":"","pthumb":"","color":""},{"label":"45","value":"EU 45","price":"","pimage":"","pimage_id":"","pthumb":"","color":""},{"label":"45.5","value":"EU 45.5","price":"","pimage":"","pimage_id":"","pthumb":"","color":""},{"label":"46","value":"EU 46","price":"","pimage":"","pimage_id":"","pthumb":"","color":""},{"label":"47","value":"EU 47","price":"","pimage":"","pimage_id":"","pthumb":"","color":""},{"label":"47.5","value":"EU 47.5","price":"","pimage":"","pimage_id":"","pthumb":"","color":""},{"label":"48","value":"EU 48","price":"","pimage":"","pimage_id":"","pthumb":"","color":""}],"relations":[{"operator":false,"rules":[]}],"form_id":18106,"form_rules":{"pric_cal_option_once":false,"exclude_from_discount":false,"pric_use_as_fee":false,"fee_label":"Fee","render_after_acb":false,"disp_hide_options_price":false}}]},"yoast_head":"<!-- This site is optimized with the Yoast SEO plugin v26.5 - https:\/\/yoast.com\/wordpress\/plugins\/seo\/ -->\n<title>(Women) Nike Air Rift BR &#039;Black&#039;  - Tourcruiser PTE. LTD<\/title>\n<meta name=\"robots\" content=\"index, follow, max-snippet:-1, max-image-preview:large, max-video-preview:-1\" \/>\n<link rel=\"canonical\" href=\"https:\/\/tourcruiser.com\/de\/products\/women-nike-air-rift-br-black\/\" \/>\n<meta property=\"og:locale\" content=\"de_DE\" \/>\n<meta property=\"og:type\" content=\"article\" \/>\n<meta property=\"og:title\" content=\"(Women) Nike Air Rift BR &#039;Black&#039;  - Tourcruiser PTE. LTD\" \/>\n<meta property=\"og:description\" content=\"Nike Air Rift Breathe \u201d\u201d Black\/White\/Black\" \/>\n<meta property=\"og:url\" content=\"https:\/\/tourcruiser.com\/de\/products\/women-nike-air-rift-br-black\/\" \/>\n<meta property=\"og:site_name\" content=\"Tourcruiser Sneaker Store\" \/>\n<meta property=\"article:modified_time\" content=\"2026-03-27T17:38:30+00:00\" \/>\n<meta name=\"twitter:card\" content=\"summary_large_image\" \/>\n<meta name=\"twitter:image\" content=\"https:\/\/images.novelship.com\/product\/_women__nike_air_rift_breathe_dn1338-004_0_95757.png;https:\/\/images.novelship.com\/product\/_women__nike_air_rift_breathe_dn1338-004_1_95757.png;https:\/\/images.novelship.com\/product\/_women__nike_air_rift_breathe_dn1338-004_2_95757.png;https:\/\/images.novelship.com\/product\/_women__nike_air_rift_breathe_dn1338-004_3_95757.png;https:\/\/images.novelship.com\/product\/_women__nike_air_rift_breathe_dn1338-004_4_95758.png;https:\/\/images.novelship.com\/product\/_women__nike_air_rift_breathe_dn1338-004_5_95758.png;https:\/\/images.novelship.com\/product\/_women__nike_air_rift_breathe_dn1338-004_6_95758.png;https:\/\/images.novelship.com\/product\/_women__nike_air_rift_breathe_dn1338-004_7_95758.png\" \/>\n<meta name=\"twitter:label1\" content=\"Gesch\u00e4tzte Lesezeit\" \/>\n\t<meta name=\"twitter:data1\" content=\"1\u00a0Minute\" \/>\n<script type=\"application\/ld+json\" class=\"yoast-schema-graph\">{\"@context\":\"https:\/\/schema.org\",\"@graph\":[{\"@type\":\"WebPage\",\"@id\":\"https:\/\/tourcruiser.com\/de\/products\/women-nike-air-rift-br-black\/\",\"url\":\"https:\/\/tourcruiser.com\/de\/products\/women-nike-air-rift-br-black\/\",\"name\":\"(Women) Nike Air Rift BR 'Black' - Tourcruiser PTE. LTD\",\"isPartOf\":{\"@id\":\"\/#website\"},\"primaryImageOfPage\":{\"@id\":\"https:\/\/tourcruiser.com\/de\/products\/women-nike-air-rift-br-black\/#primaryimage\"},\"image\":{\"@id\":\"https:\/\/tourcruiser.com\/de\/products\/women-nike-air-rift-br-black\/#primaryimage\"},\"thumbnailUrl\":\"https:\/\/images.novelship.com\/product\/_women__nike_air_rift_breathe_dn1338-004_0_95757.png;https:\/\/images.novelship.com\/product\/_women__nike_air_rift_breathe_dn1338-004_1_95757.png;https:\/\/images.novelship.com\/product\/_women__nike_air_rift_breathe_dn1338-004_2_95757.png;https:\/\/images.novelship.com\/product\/_women__nike_air_rift_breathe_dn1338-004_3_95757.png;https:\/\/images.novelship.com\/product\/_women__nike_air_rift_breathe_dn1338-004_4_95758.png;https:\/\/images.novelship.com\/product\/_women__nike_air_rift_breathe_dn1338-004_5_95758.png;https:\/\/images.novelship.com\/product\/_women__nike_air_rift_breathe_dn1338-004_6_95758.png;https:\/\/images.novelship.com\/product\/_women__nike_air_rift_breathe_dn1338-004_7_95758.png\",\"datePublished\":\"2026-03-02T07:35:34+00:00\",\"dateModified\":\"2026-03-27T17:38:30+00:00\",\"breadcrumb\":{\"@id\":\"https:\/\/tourcruiser.com\/de\/products\/women-nike-air-rift-br-black\/#breadcrumb\"},\"inLanguage\":\"de\",\"potentialAction\":[{\"@type\":\"ReadAction\",\"target\":[\"https:\/\/tourcruiser.com\/de\/products\/women-nike-air-rift-br-black\/\"]}]},{\"@type\":\"ImageObject\",\"inLanguage\":\"de\",\"@id\":\"https:\/\/tourcruiser.com\/de\/products\/women-nike-air-rift-br-black\/#primaryimage\",\"url\":\"https:\/\/images.novelship.com\/product\/_women__nike_air_rift_breathe_dn1338-004_0_95757.png;https:\/\/images.novelship.com\/product\/_women__nike_air_rift_breathe_dn1338-004_1_95757.png;https:\/\/images.novelship.com\/product\/_women__nike_air_rift_breathe_dn1338-004_2_95757.png;https:\/\/images.novelship.com\/product\/_women__nike_air_rift_breathe_dn1338-004_3_95757.png;https:\/\/images.novelship.com\/product\/_women__nike_air_rift_breathe_dn1338-004_4_95758.png;https:\/\/images.novelship.com\/product\/_women__nike_air_rift_breathe_dn1338-004_5_95758.png;https:\/\/images.novelship.com\/product\/_women__nike_air_rift_breathe_dn1338-004_6_95758.png;https:\/\/images.novelship.com\/product\/_women__nike_air_rift_breathe_dn1338-004_7_95758.png\",\"contentUrl\":\"https:\/\/images.novelship.com\/product\/_women__nike_air_rift_breathe_dn1338-004_0_95757.png;https:\/\/images.novelship.com\/product\/_women__nike_air_rift_breathe_dn1338-004_1_95757.png;https:\/\/images.novelship.com\/product\/_women__nike_air_rift_breathe_dn1338-004_2_95757.png;https:\/\/images.novelship.com\/product\/_women__nike_air_rift_breathe_dn1338-004_3_95757.png;https:\/\/images.novelship.com\/product\/_women__nike_air_rift_breathe_dn1338-004_4_95758.png;https:\/\/images.novelship.com\/product\/_women__nike_air_rift_breathe_dn1338-004_5_95758.png;https:\/\/images.novelship.com\/product\/_women__nike_air_rift_breathe_dn1338-004_6_95758.png;https:\/\/images.novelship.com\/product\/_women__nike_air_rift_breathe_dn1338-004_7_95758.png\"},{\"@type\":\"BreadcrumbList\",\"@id\":\"https:\/\/tourcruiser.com\/de\/products\/women-nike-air-rift-br-black\/#breadcrumb\",\"itemListElement\":[{\"@type\":\"ListItem\",\"position\":1,\"name\":\"Home\",\"item\":\"https:\/\/tourcruiser.com\/de\/\"},{\"@type\":\"ListItem\",\"position\":2,\"name\":\"Shop\",\"item\":\"https:\/\/tourcruiser.com\/de\/shop\/\"},{\"@type\":\"ListItem\",\"position\":3,\"name\":\"(Women) Nike Air Rift BR 'Black'\"}]},{\"@type\":\"WebSite\",\"@id\":\"\/#website\",\"url\":\"\/\",\"name\":\"Styloral Jewelry Shop\",\"description\":\"Tourcruiser Sneaker Store \u2014 der Ort, an dem das Universum deine Einzigartigkeit trifft.\",\"publisher\":{\"@id\":\"\/#organization\"},\"potentialAction\":[{\"@type\":\"SearchAction\",\"target\":{\"@type\":\"EntryPoint\",\"urlTemplate\":\"\/?s={search_term_string}\"},\"query-input\":{\"@type\":\"PropertyValueSpecification\",\"valueRequired\":true,\"valueName\":\"search_term_string\"}}],\"inLanguage\":\"de\"},{\"@type\":\"Organization\",\"@id\":\"\/#organization\",\"name\":\"STYLORAL PTE. LTD\",\"url\":\"\/\",\"logo\":{\"@type\":\"ImageObject\",\"inLanguage\":\"de\",\"@id\":\"\/#\/schema\/logo\/image\/\",\"url\":\"https:\/\/www.tourcruiser.com\/wp-content\/uploads\/2025\/12\/logo.png\",\"contentUrl\":\"https:\/\/www.tourcruiser.com\/wp-content\/uploads\/2025\/12\/logo.png\",\"width\":200,\"height\":65,\"caption\":\"STYLORAL PTE. LTD\"},\"image\":{\"@id\":\"\/#\/schema\/logo\/image\/\"}}]}<\/script>\n<!-- \/ Yoast SEO plugin. -->","yoast_head_json":{"title":"(Women) Nike Air Rift BR 'Black'  - Tourcruiser PTE. LTD","robots":{"index":"index","follow":"follow","max-snippet":"max-snippet:-1","max-image-preview":"max-image-preview:large","max-video-preview":"max-video-preview:-1"},"canonical":"https:\/\/tourcruiser.com\/de\/products\/women-nike-air-rift-br-black\/","og_locale":"de_DE","og_type":"article","og_title":"(Women) Nike Air Rift BR 'Black'  - Tourcruiser PTE. LTD","og_description":"Nike Air Rift Breathe \u201d\u201d Black\/White\/Black","og_url":"https:\/\/tourcruiser.com\/de\/products\/women-nike-air-rift-br-black\/","og_site_name":"Tourcruiser Sneaker Store","article_modified_time":"2026-03-27T17:38:30+00:00","twitter_card":"summary_large_image","twitter_image":"https:\/\/images.novelship.com\/product\/_women__nike_air_rift_breathe_dn1338-004_0_95757.png;https:\/\/images.novelship.com\/product\/_women__nike_air_rift_breathe_dn1338-004_1_95757.png;https:\/\/images.novelship.com\/product\/_women__nike_air_rift_breathe_dn1338-004_2_95757.png;https:\/\/images.novelship.com\/product\/_women__nike_air_rift_breathe_dn1338-004_3_95757.png;https:\/\/images.novelship.com\/product\/_women__nike_air_rift_breathe_dn1338-004_4_95758.png;https:\/\/images.novelship.com\/product\/_women__nike_air_rift_breathe_dn1338-004_5_95758.png;https:\/\/images.novelship.com\/product\/_women__nike_air_rift_breathe_dn1338-004_6_95758.png;https:\/\/images.novelship.com\/product\/_women__nike_air_rift_breathe_dn1338-004_7_95758.png","twitter_misc":{"Gesch\u00e4tzte Lesezeit":"1\u00a0Minute"},"schema":{"@context":"https:\/\/schema.org","@graph":[{"@type":"WebPage","@id":"https:\/\/tourcruiser.com\/de\/products\/women-nike-air-rift-br-black\/","url":"https:\/\/tourcruiser.com\/de\/products\/women-nike-air-rift-br-black\/","name":"(Women) Nike Air Rift BR 'Black' - Tourcruiser PTE. LTD","isPartOf":{"@id":"\/#website"},"primaryImageOfPage":{"@id":"https:\/\/tourcruiser.com\/de\/products\/women-nike-air-rift-br-black\/#primaryimage"},"image":{"@id":"https:\/\/tourcruiser.com\/de\/products\/women-nike-air-rift-br-black\/#primaryimage"},"thumbnailUrl":"https:\/\/images.novelship.com\/product\/_women__nike_air_rift_breathe_dn1338-004_0_95757.png;https:\/\/images.novelship.com\/product\/_women__nike_air_rift_breathe_dn1338-004_1_95757.png;https:\/\/images.novelship.com\/product\/_women__nike_air_rift_breathe_dn1338-004_2_95757.png;https:\/\/images.novelship.com\/product\/_women__nike_air_rift_breathe_dn1338-004_3_95757.png;https:\/\/images.novelship.com\/product\/_women__nike_air_rift_breathe_dn1338-004_4_95758.png;https:\/\/images.novelship.com\/product\/_women__nike_air_rift_breathe_dn1338-004_5_95758.png;https:\/\/images.novelship.com\/product\/_women__nike_air_rift_breathe_dn1338-004_6_95758.png;https:\/\/images.novelship.com\/product\/_women__nike_air_rift_breathe_dn1338-004_7_95758.png","datePublished":"2026-03-02T07:35:34+00:00","dateModified":"2026-03-27T17:38:30+00:00","breadcrumb":{"@id":"https:\/\/tourcruiser.com\/de\/products\/women-nike-air-rift-br-black\/#breadcrumb"},"inLanguage":"de","potentialAction":[{"@type":"ReadAction","target":["https:\/\/tourcruiser.com\/de\/products\/women-nike-air-rift-br-black\/"]}]},{"@type":"ImageObject","inLanguage":"de","@id":"https:\/\/tourcruiser.com\/de\/products\/women-nike-air-rift-br-black\/#primaryimage","url":"https:\/\/images.novelship.com\/product\/_women__nike_air_rift_breathe_dn1338-004_0_95757.png;https:\/\/images.novelship.com\/product\/_women__nike_air_rift_breathe_dn1338-004_1_95757.png;https:\/\/images.novelship.com\/product\/_women__nike_air_rift_breathe_dn1338-004_2_95757.png;https:\/\/images.novelship.com\/product\/_women__nike_air_rift_breathe_dn1338-004_3_95757.png;https:\/\/images.novelship.com\/product\/_women__nike_air_rift_breathe_dn1338-004_4_95758.png;https:\/\/images.novelship.com\/product\/_women__nike_air_rift_breathe_dn1338-004_5_95758.png;https:\/\/images.novelship.com\/product\/_women__nike_air_rift_breathe_dn1338-004_6_95758.png;https:\/\/images.novelship.com\/product\/_women__nike_air_rift_breathe_dn1338-004_7_95758.png","contentUrl":"https:\/\/images.novelship.com\/product\/_women__nike_air_rift_breathe_dn1338-004_0_95757.png;https:\/\/images.novelship.com\/product\/_women__nike_air_rift_breathe_dn1338-004_1_95757.png;https:\/\/images.novelship.com\/product\/_women__nike_air_rift_breathe_dn1338-004_2_95757.png;https:\/\/images.novelship.com\/product\/_women__nike_air_rift_breathe_dn1338-004_3_95757.png;https:\/\/images.novelship.com\/product\/_women__nike_air_rift_breathe_dn1338-004_4_95758.png;https:\/\/images.novelship.com\/product\/_women__nike_air_rift_breathe_dn1338-004_5_95758.png;https:\/\/images.novelship.com\/product\/_women__nike_air_rift_breathe_dn1338-004_6_95758.png;https:\/\/images.novelship.com\/product\/_women__nike_air_rift_breathe_dn1338-004_7_95758.png"},{"@type":"BreadcrumbList","@id":"https:\/\/tourcruiser.com\/de\/products\/women-nike-air-rift-br-black\/#breadcrumb","itemListElement":[{"@type":"ListItem","position":1,"name":"Home","item":"https:\/\/tourcruiser.com\/de\/"},{"@type":"ListItem","position":2,"name":"Shop","item":"https:\/\/tourcruiser.com\/de\/shop\/"},{"@type":"ListItem","position":3,"name":"(Women) Nike Air Rift BR 'Black'"}]},{"@type":"WebSite","@id":"\/#website","url":"\/","name":"Styloral Jewelry Shop","description":"Tourcruiser Sneaker Store \u2014 der Ort, an dem das Universum deine Einzigartigkeit trifft.","publisher":{"@id":"\/#organization"},"potentialAction":[{"@type":"SearchAction","target":{"@type":"EntryPoint","urlTemplate":"\/?s={search_term_string}"},"query-input":{"@type":"PropertyValueSpecification","valueRequired":true,"valueName":"search_term_string"}}],"inLanguage":"de"},{"@type":"Organization","@id":"\/#organization","name":"STYLORAL PTE. LTD","url":"\/","logo":{"@type":"ImageObject","inLanguage":"de","@id":"\/#\/schema\/logo\/image\/","url":"https:\/\/www.tourcruiser.com\/wp-content\/uploads\/2025\/12\/logo.png","contentUrl":"https:\/\/www.tourcruiser.com\/wp-content\/uploads\/2025\/12\/logo.png","width":200,"height":65,"caption":"STYLORAL PTE. LTD"},"image":{"@id":"\/#\/schema\/logo\/image\/"}}]}},"_links":{"self":[{"href":"https:\/\/tourcruiser.com\/de\/wp-json\/wp\/v2\/product\/27376","targetHints":{"allow":["GET"]}}],"collection":[{"href":"https:\/\/tourcruiser.com\/de\/wp-json\/wp\/v2\/product"}],"about":[{"href":"https:\/\/tourcruiser.com\/de\/wp-json\/wp\/v2\/types\/product"}],"replies":[{"embeddable":true,"href":"https:\/\/tourcruiser.com\/de\/wp-json\/wp\/v2\/comments?post=27376"}],"wp:featuredmedia":[{"embeddable":true,"href":"https:\/\/tourcruiser.com\/de\/wp-json\/wp\/v2\/media\/189464"}],"wp:attachment":[{"href":"https:\/\/tourcruiser.com\/de\/wp-json\/wp\/v2\/media?parent=27376"}],"wp:term":[{"taxonomy":"product_brand","embeddable":true,"href":"https:\/\/tourcruiser.com\/de\/wp-json\/wp\/v2\/product_brand?post=27376"},{"taxonomy":"product_cat","embeddable":true,"href":"https:\/\/tourcruiser.com\/de\/wp-json\/wp\/v2\/product_cat?post=27376"},{"taxonomy":"product_tag","embeddable":true,"href":"https:\/\/tourcruiser.com\/de\/wp-json\/wp\/v2\/product_tag?post=27376"}],"curies":[{"name":"wp","href":"https:\/\/api.w.org\/{rel}","templated":true}]}}