{"id":27223,"date":"2026-03-02T14:35:23","date_gmt":"2026-03-02T07:35:23","guid":{"rendered":"http:\/\/tourcruiser.com\/product\/asics-gel-rocket-11-white-classic-red"},"modified":"2026-03-28T00:38:27","modified_gmt":"2026-03-27T17:38:27","slug":"asics-gel-rocket-11-white-classic-red","status":"publish","type":"product","link":"https:\/\/tourcruiser.com\/de\/products\/asics-gel-rocket-11-white-classic-red\/","title":{"rendered":"ASICS Gel-Rocket 11 &#8218;White Classic Red&#8216;"},"content":{"rendered":"<p>Verbessere deine Leistung in der Halle mit dem ASICS Gel-Rocket 11 \u201eWhite Classic Red\u201c. Dank der fortschrittlichen GEL\u00c2\u00ae-Technologie bietet er optimalen Komfort und Sto\u00dfd\u00e4mpfung. Das leichte Mesh-Obermaterial sorgt f\u00fcr Atmungsaktivit\u00e4t und Stabilit\u00e4t und erm\u00f6glicht eine hervorragende Luftzirkulation, w\u00e4hrend die robuste Konstruktion schnelle Seitw\u00e4rtsbewegungen unterst\u00fctzt. Die verbesserte Gummisohle bietet hervorragenden Grip auf Hallenb\u00f6den und erm\u00f6glicht so sichere und agile Schritte auch bei intensivem Spiel. Das elegante Design in Wei\u00df und klassischem Rot verleiht jedem Sportoutfit einen modernen Touch. Der Gel-Rocket 11 ist ideal f\u00fcr Volleyball, Badminton und andere Hallensportarten und bietet Athleten aller Leistungsstufen Langlebigkeit und Reaktionsf\u00e4higkeit bei gleichzeitig ganzt\u00e4gigem Komfort und Style.<\/p>\n<ul>\n<li><strong>Farbgebung:<\/strong> Wei\u00df\/Klassisches Rot<\/li>\n<li><strong>Artikelnummer:<\/strong> 1073A065-100<\/li>\n<li><strong>Farbe:<\/strong> Wei\u00df<\/li>\n<\/ul>\n","protected":false},"excerpt":{"rendered":"<p>ASICS Gel-Rocket 11 \u201d\u201d White\/Classic Red<\/p>\n","protected":false},"featured_media":27224,"comment_status":"open","ping_status":"closed","template":"","meta":[],"product_brand":[],"product_cat":[10792],"product_tag":[10791,10911,10802,10758,10912],"class_list":{"0":"post-27223","1":"product","2":"type-product","3":"status-publish","4":"has-post-thumbnail","6":"product_cat-asics","7":"product_tag-asics","8":"product_tag-indoor-court-shoes","9":"product_tag-performance-sport-shoes","10":"product_tag-under-retail","11":"product_tag-volleyball-shoes","12":"wcpa_has_options","14":"first","15":"outofstock","16":"sale","17":"taxable","18":"shipping-taxable","19":"purchasable","20":"product-type-simple"},"wcpa_form_fields":{"rules":{"pric_overide_base_price":false,"pric_overide_base_price_if_gt_zero":false,"pric_overide_base_price_fully":false,"pric_cal_option_once":false,"pric_use_as_fee":false,"bind_quantity":false,"quantity_bind_formula":false},"fields":[{"type":"color-group","required":true,"elementId":"wcpa-color-group-69a5ab08ee12d","label":"Gr\u00f6\u00dfe","inline":true,"priceOptions":"different_for_all","pricingType":"fixed","className":"hassizechart product-shoes-size-eu product-shoes-size","name":"color-group-69a5ab08ee136","disp_type":"square","selection_type":"tick-border","disp_size":"50","show_label_inside":true,"adjust_width":true,"cart_display_type":"text","other_text":"Other","cl_rule":"show","col":6,"values":[{"label":"36","value":"EU 36","price":"","pimage":"","pimage_id":"","pthumb":"","color":"","selected":true},{"label":"37","value":"EU 37","price":"","pimage":"","pimage_id":"","pthumb":"","color":""},{"label":"37.5","value":"EU 37.5","price":"","pimage":"","pimage_id":"","pthumb":"","color":""},{"label":"38","value":"EU 38","price":"","pimage":"","pimage_id":"","pthumb":"","color":""},{"label":"38.5","value":"EU 38.5","price":"","pimage":"","pimage_id":"","pthumb":"","color":""},{"label":"39","value":"EU 39","price":"","pimage":"","pimage_id":"","pthumb":"","color":""},{"label":"39.5","value":"EU 39.5","price":"","pimage":"","pimage_id":"","pthumb":"","color":""},{"label":"40","value":"EU 40","price":"","pimage":"","pimage_id":"","pthumb":"","color":""},{"label":"40.5","value":"EU 40.5","price":"","pimage":"","pimage_id":"","pthumb":"","color":""},{"label":" 41.5","value":"EU 41.5","price":"","pimage":"","pimage_id":"","pthumb":"","color":""},{"label":"42","value":"EU 42","price":"","pimage":"","pimage_id":"","pthumb":"","color":""},{"label":"42.5","value":"EU 42.5","price":"","pimage":"","pimage_id":"","pthumb":"","color":""},{"label":"43.5","value":"EU 43.5","price":"","pimage":"","pimage_id":"","pthumb":"","color":""},{"label":"44","value":"EU 44","price":"","pimage":"","pimage_id":"","pthumb":"","color":""},{"label":"44.5","value":"EU 44.5","price":"","pimage":"","pimage_id":"","pthumb":"","color":""},{"label":"45","value":"EU 45","price":"","pimage":"","pimage_id":"","pthumb":"","color":""}],"relations":[{"operator":false,"rules":[]}],"form_id":184311,"form_rules":{"pric_cal_option_once":false,"exclude_from_discount":false,"pric_use_as_fee":false,"fee_label":"Fee","render_after_acb":false,"disp_hide_options_price":false}}]},"yoast_head":"<!-- This site is optimized with the Yoast SEO plugin v26.5 - https:\/\/yoast.com\/wordpress\/plugins\/seo\/ -->\n<title>ASICS Gel-Rocket 11 &#039;White Classic Red&#039;  - Tourcruiser PTE. LTD<\/title>\n<meta name=\"robots\" content=\"index, follow, max-snippet:-1, max-image-preview:large, max-video-preview:-1\" \/>\n<link rel=\"canonical\" href=\"https:\/\/tourcruiser.com\/de\/products\/asics-gel-rocket-11-white-classic-red\/\" \/>\n<meta property=\"og:locale\" content=\"de_DE\" \/>\n<meta property=\"og:type\" content=\"article\" \/>\n<meta property=\"og:title\" content=\"ASICS Gel-Rocket 11 &#039;White Classic Red&#039;  - Tourcruiser PTE. LTD\" \/>\n<meta property=\"og:description\" content=\"ASICS Gel-Rocket 11 \u201d\u201d White\/Classic Red\" \/>\n<meta property=\"og:url\" content=\"https:\/\/tourcruiser.com\/de\/products\/asics-gel-rocket-11-white-classic-red\/\" \/>\n<meta property=\"og:site_name\" content=\"Tourcruiser Sneaker Store\" \/>\n<meta property=\"article:modified_time\" content=\"2026-03-27T17:38:27+00:00\" \/>\n<meta name=\"twitter:card\" content=\"summary_large_image\" \/>\n<meta name=\"twitter:image\" content=\"https:\/\/images.novelship.com\/product\/asics_gel-rocket_11__white_classic_red__1073a065-1_0_97302.jpeg;https:\/\/images.novelship.com\/product\/asics_gel-rocket_11__white_classic_red__1073a065-1_1_97302.jpeg;https:\/\/images.novelship.com\/product\/asics_gel-rocket_11__white_classic_red__1073a065-1_2_97302.jpeg;https:\/\/images.novelship.com\/product\/asics_gel-rocket_11__white_classic_red__1073a065-1_3_97302.jpeg;https:\/\/images.novelship.com\/product\/asics_gel-rocket_11__white_classic_red__1073a065-1_4_97302.jpeg;https:\/\/images.novelship.com\/product\/asics_gel-rocket_11__white_classic_red__1073a065-1_5_97302.jpeg;https:\/\/images.novelship.com\/product\/asics_gel-rocket_11__white_classic_red__1073a065-1_6_97303.jpeg\" \/>\n<meta name=\"twitter:label1\" content=\"Gesch\u00e4tzte Lesezeit\" \/>\n\t<meta name=\"twitter:data1\" content=\"1\u00a0Minute\" \/>\n<script type=\"application\/ld+json\" class=\"yoast-schema-graph\">{\"@context\":\"https:\/\/schema.org\",\"@graph\":[{\"@type\":\"WebPage\",\"@id\":\"https:\/\/tourcruiser.com\/de\/products\/asics-gel-rocket-11-white-classic-red\/\",\"url\":\"https:\/\/tourcruiser.com\/de\/products\/asics-gel-rocket-11-white-classic-red\/\",\"name\":\"ASICS Gel-Rocket 11 'White Classic Red' - Tourcruiser PTE. LTD\",\"isPartOf\":{\"@id\":\"https:\/\/tourcruiser.com\/de\/#website\"},\"primaryImageOfPage\":{\"@id\":\"https:\/\/tourcruiser.com\/de\/products\/asics-gel-rocket-11-white-classic-red\/#primaryimage\"},\"image\":{\"@id\":\"https:\/\/tourcruiser.com\/de\/products\/asics-gel-rocket-11-white-classic-red\/#primaryimage\"},\"thumbnailUrl\":\"https:\/\/images.novelship.com\/product\/asics_gel-rocket_11__white_classic_red__1073a065-1_0_97302.jpeg;https:\/\/images.novelship.com\/product\/asics_gel-rocket_11__white_classic_red__1073a065-1_1_97302.jpeg;https:\/\/images.novelship.com\/product\/asics_gel-rocket_11__white_classic_red__1073a065-1_2_97302.jpeg;https:\/\/images.novelship.com\/product\/asics_gel-rocket_11__white_classic_red__1073a065-1_3_97302.jpeg;https:\/\/images.novelship.com\/product\/asics_gel-rocket_11__white_classic_red__1073a065-1_4_97302.jpeg;https:\/\/images.novelship.com\/product\/asics_gel-rocket_11__white_classic_red__1073a065-1_5_97302.jpeg;https:\/\/images.novelship.com\/product\/asics_gel-rocket_11__white_classic_red__1073a065-1_6_97303.jpeg\",\"datePublished\":\"2026-03-02T07:35:23+00:00\",\"dateModified\":\"2026-03-27T17:38:27+00:00\",\"breadcrumb\":{\"@id\":\"https:\/\/tourcruiser.com\/de\/products\/asics-gel-rocket-11-white-classic-red\/#breadcrumb\"},\"inLanguage\":\"de\",\"potentialAction\":[{\"@type\":\"ReadAction\",\"target\":[\"https:\/\/tourcruiser.com\/de\/products\/asics-gel-rocket-11-white-classic-red\/\"]}]},{\"@type\":\"ImageObject\",\"inLanguage\":\"de\",\"@id\":\"https:\/\/tourcruiser.com\/de\/products\/asics-gel-rocket-11-white-classic-red\/#primaryimage\",\"url\":\"https:\/\/images.novelship.com\/product\/asics_gel-rocket_11__white_classic_red__1073a065-1_0_97302.jpeg;https:\/\/images.novelship.com\/product\/asics_gel-rocket_11__white_classic_red__1073a065-1_1_97302.jpeg;https:\/\/images.novelship.com\/product\/asics_gel-rocket_11__white_classic_red__1073a065-1_2_97302.jpeg;https:\/\/images.novelship.com\/product\/asics_gel-rocket_11__white_classic_red__1073a065-1_3_97302.jpeg;https:\/\/images.novelship.com\/product\/asics_gel-rocket_11__white_classic_red__1073a065-1_4_97302.jpeg;https:\/\/images.novelship.com\/product\/asics_gel-rocket_11__white_classic_red__1073a065-1_5_97302.jpeg;https:\/\/images.novelship.com\/product\/asics_gel-rocket_11__white_classic_red__1073a065-1_6_97303.jpeg\",\"contentUrl\":\"https:\/\/images.novelship.com\/product\/asics_gel-rocket_11__white_classic_red__1073a065-1_0_97302.jpeg;https:\/\/images.novelship.com\/product\/asics_gel-rocket_11__white_classic_red__1073a065-1_1_97302.jpeg;https:\/\/images.novelship.com\/product\/asics_gel-rocket_11__white_classic_red__1073a065-1_2_97302.jpeg;https:\/\/images.novelship.com\/product\/asics_gel-rocket_11__white_classic_red__1073a065-1_3_97302.jpeg;https:\/\/images.novelship.com\/product\/asics_gel-rocket_11__white_classic_red__1073a065-1_4_97302.jpeg;https:\/\/images.novelship.com\/product\/asics_gel-rocket_11__white_classic_red__1073a065-1_5_97302.jpeg;https:\/\/images.novelship.com\/product\/asics_gel-rocket_11__white_classic_red__1073a065-1_6_97303.jpeg\"},{\"@type\":\"BreadcrumbList\",\"@id\":\"https:\/\/tourcruiser.com\/de\/products\/asics-gel-rocket-11-white-classic-red\/#breadcrumb\",\"itemListElement\":[{\"@type\":\"ListItem\",\"position\":1,\"name\":\"Home\",\"item\":\"https:\/\/tourcruiser.com\/de\/\"},{\"@type\":\"ListItem\",\"position\":2,\"name\":\"Shop\",\"item\":\"https:\/\/tourcruiser.com\/de\/shop\/\"},{\"@type\":\"ListItem\",\"position\":3,\"name\":\"ASICS Gel-Rocket 11 'White Classic Red'\"}]},{\"@type\":\"WebSite\",\"@id\":\"https:\/\/tourcruiser.com\/de\/#website\",\"url\":\"https:\/\/tourcruiser.com\/de\/\",\"name\":\"Styloral Jewelry Shop\",\"description\":\"Tourcruiser Sneaker Store \u2014 der Ort, an dem das Universum deine Einzigartigkeit trifft.\",\"publisher\":{\"@id\":\"https:\/\/tourcruiser.com\/de\/#organization\"},\"potentialAction\":[{\"@type\":\"SearchAction\",\"target\":{\"@type\":\"EntryPoint\",\"urlTemplate\":\"https:\/\/tourcruiser.com\/de\/?s={search_term_string}\"},\"query-input\":{\"@type\":\"PropertyValueSpecification\",\"valueRequired\":true,\"valueName\":\"search_term_string\"}}],\"inLanguage\":\"de\"},{\"@type\":\"Organization\",\"@id\":\"https:\/\/tourcruiser.com\/de\/#organization\",\"name\":\"STYLORAL PTE. LTD\",\"url\":\"https:\/\/tourcruiser.com\/de\/\",\"logo\":{\"@type\":\"ImageObject\",\"inLanguage\":\"de\",\"@id\":\"https:\/\/tourcruiser.com\/de\/#\/schema\/logo\/image\/\",\"url\":\"https:\/\/www.tourcruiser.com\/wp-content\/uploads\/2025\/12\/logo.png\",\"contentUrl\":\"https:\/\/www.tourcruiser.com\/wp-content\/uploads\/2025\/12\/logo.png\",\"width\":200,\"height\":65,\"caption\":\"STYLORAL PTE. LTD\"},\"image\":{\"@id\":\"https:\/\/tourcruiser.com\/de\/#\/schema\/logo\/image\/\"}}]}<\/script>\n<!-- \/ Yoast SEO plugin. -->","yoast_head_json":{"title":"ASICS Gel-Rocket 11 'White Classic Red'  - Tourcruiser PTE. LTD","robots":{"index":"index","follow":"follow","max-snippet":"max-snippet:-1","max-image-preview":"max-image-preview:large","max-video-preview":"max-video-preview:-1"},"canonical":"https:\/\/tourcruiser.com\/de\/products\/asics-gel-rocket-11-white-classic-red\/","og_locale":"de_DE","og_type":"article","og_title":"ASICS Gel-Rocket 11 'White Classic Red'  - Tourcruiser PTE. LTD","og_description":"ASICS Gel-Rocket 11 \u201d\u201d White\/Classic Red","og_url":"https:\/\/tourcruiser.com\/de\/products\/asics-gel-rocket-11-white-classic-red\/","og_site_name":"Tourcruiser Sneaker Store","article_modified_time":"2026-03-27T17:38:27+00:00","twitter_card":"summary_large_image","twitter_image":"https:\/\/images.novelship.com\/product\/asics_gel-rocket_11__white_classic_red__1073a065-1_0_97302.jpeg;https:\/\/images.novelship.com\/product\/asics_gel-rocket_11__white_classic_red__1073a065-1_1_97302.jpeg;https:\/\/images.novelship.com\/product\/asics_gel-rocket_11__white_classic_red__1073a065-1_2_97302.jpeg;https:\/\/images.novelship.com\/product\/asics_gel-rocket_11__white_classic_red__1073a065-1_3_97302.jpeg;https:\/\/images.novelship.com\/product\/asics_gel-rocket_11__white_classic_red__1073a065-1_4_97302.jpeg;https:\/\/images.novelship.com\/product\/asics_gel-rocket_11__white_classic_red__1073a065-1_5_97302.jpeg;https:\/\/images.novelship.com\/product\/asics_gel-rocket_11__white_classic_red__1073a065-1_6_97303.jpeg","twitter_misc":{"Gesch\u00e4tzte Lesezeit":"1\u00a0Minute"},"schema":{"@context":"https:\/\/schema.org","@graph":[{"@type":"WebPage","@id":"https:\/\/tourcruiser.com\/de\/products\/asics-gel-rocket-11-white-classic-red\/","url":"https:\/\/tourcruiser.com\/de\/products\/asics-gel-rocket-11-white-classic-red\/","name":"ASICS Gel-Rocket 11 'White Classic Red' - Tourcruiser PTE. LTD","isPartOf":{"@id":"https:\/\/tourcruiser.com\/de\/#website"},"primaryImageOfPage":{"@id":"https:\/\/tourcruiser.com\/de\/products\/asics-gel-rocket-11-white-classic-red\/#primaryimage"},"image":{"@id":"https:\/\/tourcruiser.com\/de\/products\/asics-gel-rocket-11-white-classic-red\/#primaryimage"},"thumbnailUrl":"https:\/\/images.novelship.com\/product\/asics_gel-rocket_11__white_classic_red__1073a065-1_0_97302.jpeg;https:\/\/images.novelship.com\/product\/asics_gel-rocket_11__white_classic_red__1073a065-1_1_97302.jpeg;https:\/\/images.novelship.com\/product\/asics_gel-rocket_11__white_classic_red__1073a065-1_2_97302.jpeg;https:\/\/images.novelship.com\/product\/asics_gel-rocket_11__white_classic_red__1073a065-1_3_97302.jpeg;https:\/\/images.novelship.com\/product\/asics_gel-rocket_11__white_classic_red__1073a065-1_4_97302.jpeg;https:\/\/images.novelship.com\/product\/asics_gel-rocket_11__white_classic_red__1073a065-1_5_97302.jpeg;https:\/\/images.novelship.com\/product\/asics_gel-rocket_11__white_classic_red__1073a065-1_6_97303.jpeg","datePublished":"2026-03-02T07:35:23+00:00","dateModified":"2026-03-27T17:38:27+00:00","breadcrumb":{"@id":"https:\/\/tourcruiser.com\/de\/products\/asics-gel-rocket-11-white-classic-red\/#breadcrumb"},"inLanguage":"de","potentialAction":[{"@type":"ReadAction","target":["https:\/\/tourcruiser.com\/de\/products\/asics-gel-rocket-11-white-classic-red\/"]}]},{"@type":"ImageObject","inLanguage":"de","@id":"https:\/\/tourcruiser.com\/de\/products\/asics-gel-rocket-11-white-classic-red\/#primaryimage","url":"https:\/\/images.novelship.com\/product\/asics_gel-rocket_11__white_classic_red__1073a065-1_0_97302.jpeg;https:\/\/images.novelship.com\/product\/asics_gel-rocket_11__white_classic_red__1073a065-1_1_97302.jpeg;https:\/\/images.novelship.com\/product\/asics_gel-rocket_11__white_classic_red__1073a065-1_2_97302.jpeg;https:\/\/images.novelship.com\/product\/asics_gel-rocket_11__white_classic_red__1073a065-1_3_97302.jpeg;https:\/\/images.novelship.com\/product\/asics_gel-rocket_11__white_classic_red__1073a065-1_4_97302.jpeg;https:\/\/images.novelship.com\/product\/asics_gel-rocket_11__white_classic_red__1073a065-1_5_97302.jpeg;https:\/\/images.novelship.com\/product\/asics_gel-rocket_11__white_classic_red__1073a065-1_6_97303.jpeg","contentUrl":"https:\/\/images.novelship.com\/product\/asics_gel-rocket_11__white_classic_red__1073a065-1_0_97302.jpeg;https:\/\/images.novelship.com\/product\/asics_gel-rocket_11__white_classic_red__1073a065-1_1_97302.jpeg;https:\/\/images.novelship.com\/product\/asics_gel-rocket_11__white_classic_red__1073a065-1_2_97302.jpeg;https:\/\/images.novelship.com\/product\/asics_gel-rocket_11__white_classic_red__1073a065-1_3_97302.jpeg;https:\/\/images.novelship.com\/product\/asics_gel-rocket_11__white_classic_red__1073a065-1_4_97302.jpeg;https:\/\/images.novelship.com\/product\/asics_gel-rocket_11__white_classic_red__1073a065-1_5_97302.jpeg;https:\/\/images.novelship.com\/product\/asics_gel-rocket_11__white_classic_red__1073a065-1_6_97303.jpeg"},{"@type":"BreadcrumbList","@id":"https:\/\/tourcruiser.com\/de\/products\/asics-gel-rocket-11-white-classic-red\/#breadcrumb","itemListElement":[{"@type":"ListItem","position":1,"name":"Home","item":"https:\/\/tourcruiser.com\/de\/"},{"@type":"ListItem","position":2,"name":"Shop","item":"https:\/\/tourcruiser.com\/de\/shop\/"},{"@type":"ListItem","position":3,"name":"ASICS Gel-Rocket 11 'White Classic Red'"}]},{"@type":"WebSite","@id":"https:\/\/tourcruiser.com\/de\/#website","url":"https:\/\/tourcruiser.com\/de\/","name":"Styloral Jewelry Shop","description":"Tourcruiser Sneaker Store \u2014 der Ort, an dem das Universum deine Einzigartigkeit trifft.","publisher":{"@id":"https:\/\/tourcruiser.com\/de\/#organization"},"potentialAction":[{"@type":"SearchAction","target":{"@type":"EntryPoint","urlTemplate":"https:\/\/tourcruiser.com\/de\/?s={search_term_string}"},"query-input":{"@type":"PropertyValueSpecification","valueRequired":true,"valueName":"search_term_string"}}],"inLanguage":"de"},{"@type":"Organization","@id":"https:\/\/tourcruiser.com\/de\/#organization","name":"STYLORAL PTE. LTD","url":"https:\/\/tourcruiser.com\/de\/","logo":{"@type":"ImageObject","inLanguage":"de","@id":"https:\/\/tourcruiser.com\/de\/#\/schema\/logo\/image\/","url":"https:\/\/www.tourcruiser.com\/wp-content\/uploads\/2025\/12\/logo.png","contentUrl":"https:\/\/www.tourcruiser.com\/wp-content\/uploads\/2025\/12\/logo.png","width":200,"height":65,"caption":"STYLORAL PTE. LTD"},"image":{"@id":"https:\/\/tourcruiser.com\/de\/#\/schema\/logo\/image\/"}}]}},"_links":{"self":[{"href":"https:\/\/tourcruiser.com\/de\/wp-json\/wp\/v2\/product\/27223","targetHints":{"allow":["GET"]}}],"collection":[{"href":"https:\/\/tourcruiser.com\/de\/wp-json\/wp\/v2\/product"}],"about":[{"href":"https:\/\/tourcruiser.com\/de\/wp-json\/wp\/v2\/types\/product"}],"replies":[{"embeddable":true,"href":"https:\/\/tourcruiser.com\/de\/wp-json\/wp\/v2\/comments?post=27223"}],"wp:featuredmedia":[{"embeddable":true,"href":"https:\/\/tourcruiser.com\/de\/wp-json\/wp\/v2\/media\/27224"}],"wp:attachment":[{"href":"https:\/\/tourcruiser.com\/de\/wp-json\/wp\/v2\/media?parent=27223"}],"wp:term":[{"taxonomy":"product_brand","embeddable":true,"href":"https:\/\/tourcruiser.com\/de\/wp-json\/wp\/v2\/product_brand?post=27223"},{"taxonomy":"product_cat","embeddable":true,"href":"https:\/\/tourcruiser.com\/de\/wp-json\/wp\/v2\/product_cat?post=27223"},{"taxonomy":"product_tag","embeddable":true,"href":"https:\/\/tourcruiser.com\/de\/wp-json\/wp\/v2\/product_tag?post=27223"}],"curies":[{"name":"wp","href":"https:\/\/api.w.org\/{rel}","templated":true}]}}