{"id":27028,"date":"2026-03-02T14:35:05","date_gmt":"2026-03-02T07:35:05","guid":{"rendered":"http:\/\/tourcruiser.com\/product\/clot-x-adidas-qi-flow-edison-chen-black-white"},"modified":"2026-03-28T00:38:19","modified_gmt":"2026-03-27T17:38:19","slug":"clot-x-adidas-qi-flow-edison-chen-black-white","status":"publish","type":"product","link":"https:\/\/tourcruiser.com\/de\/products\/clot-x-adidas-qi-flow-edison-chen-black-white\/","title":{"rendered":"CLOT x adidas Qi Flow Edison Chen &#8218;Black White&#8216;"},"content":{"rendered":"<p>Der CLOT x adidas Qi Flow Edison Chen \u201eBlack White\u201c JQ4053 vereint elegante Modernit\u00e4t mit zeitlosem Design und bietet Sneaker-Fans die perfekte Kombination aus Stil und Komfort. Diese exklusive Kollaboration verbindet die innovative Vision von Edison Chen mit der charakteristischen Handwerkskunst von adidas und resultiert in einem monochromen Schwarz-Wei\u00df-Design, das vielseitig und m\u00fchelos schick ist. Dank hochwertiger Materialien und Fokus auf Funktionalit\u00e4t bieten diese Sneaker ein leichtes Tragegef\u00fchl und makellose Strapazierf\u00e4higkeit \u201d\u201c ideal f\u00fcr den Alltag oder besondere Anl\u00e4sse. Die minimalistische und dennoch markante \u00c4sthetik wird durch raffinierte Details erg\u00e4nzt und sorgt f\u00fcr einen ausdrucksstarken Look, der sowohl modisch als auch performancetauglich ist. Ideal f\u00fcr alle, die Streetwear und High-End-Design lieben: Dieser Schuh besticht durch unvergleichliche Eleganz und urbanen Chic.<\/p>\n<ul>\n<li><strong>Farbgebung:<\/strong> Core Black\/Footwear White\/Core Black<\/li>\n<li><strong>Artikelnummer:<\/strong> JQ4053<\/li>\n<li><strong>Obermaterial:<\/strong> Textil<\/li>\n<li><strong>Farbe:<\/strong> Schwarz<\/li>\n<\/ul>\n","protected":false},"excerpt":{"rendered":"<p>adidas Qi Flow \u201d\u201d Core Black\/Footwear White\/Core Black<\/p>\n","protected":false},"featured_media":27029,"comment_status":"open","ping_status":"closed","template":"","meta":[],"product_brand":[],"product_cat":[10760],"product_tag":[10759,10750,10754,10765,10778,10768,10758],"class_list":{"0":"post-27028","1":"product","2":"type-product","3":"status-publish","4":"has-post-thumbnail","6":"product_cat-adidas","7":"product_tag-adidas","8":"product_tag-athleisure-shoes","9":"product_tag-lifestyle-casual-shoes","10":"product_tag-lifestyle-shoes-running-inspired","11":"product_tag-new-release","12":"product_tag-retro-running-shoes","13":"product_tag-under-retail","14":"wcpa_has_options","16":"first","17":"outofstock","18":"taxable","19":"shipping-taxable","20":"purchasable","21":"product-type-simple"},"wcpa_form_fields":{"rules":{"pric_overide_base_price":false,"pric_overide_base_price_if_gt_zero":false,"pric_overide_base_price_fully":false,"pric_cal_option_once":false,"pric_use_as_fee":false,"bind_quantity":false,"quantity_bind_formula":false},"fields":[{"type":"color-group","required":true,"elementId":"wcpa-color-group-66c4a7f817afe","label":"Gr\u00f6\u00dfe","inline":true,"priceOptions":"different_for_all","pricingType":"fixed","className":"hassizechart product-shoes-size-eu product-shoes-size","name":"color-group-66c4a7f817b18","disp_type":"square","selection_type":"tick-border","disp_size":"50","show_label_inside":true,"adjust_width":true,"cart_display_type":"text","other_text":"Other","cl_rule":"show","col":6,"values":[{"label":"35","value":"EU 35","price":"","pimage":"","pimage_id":"","pthumb":"","color":""},{"label":"35.5","value":"EU 35.5","price":"","pimage":"","pimage_id":"","pthumb":"","color":""},{"label":"36","value":"EU 36","price":"","pimage":"","pimage_id":"","pthumb":"","color":"","selected":true},{"label":"36 2\/3","value":"EU 36 2\/3","price":"","pimage":"","pimage_id":"","pthumb":"","color":""},{"label":"37 1\/3","value":"EU 37 1\/3","price":"","pimage":"","pimage_id":"","pthumb":"","color":""},{"label":"38","value":"EU 38","price":"","pimage":"","pimage_id":"","pthumb":"","color":""},{"label":"38 2\/3","value":"EU 38 2\/3","price":"","pimage":"","pimage_id":"","pthumb":"","color":""},{"label":"39 1\/3","value":"EU 39 1\/3","price":"","pimage":"","pimage_id":"","pthumb":"","color":""},{"label":"40","value":"EU 40","price":"","pimage":"","pimage_id":"","pthumb":"","color":""},{"label":"40 2\/3","value":"EU 40 2\/3","price":"","pimage":"","pimage_id":"","pthumb":"","color":""},{"label":"41 1\/3","value":"EU 41 1\/3","price":"","pimage":"","pimage_id":"","pthumb":"","color":""},{"label":"42","value":"EU 42","price":"","pimage":"","pimage_id":"","pthumb":"","color":""},{"label":"42 2\/3","value":"EU 42 2\/3","price":"","pimage":"","pimage_id":"","pthumb":"","color":""},{"label":"43 1\/3","value":"EU 43 1\/3","price":"","pimage":"","pimage_id":"","pthumb":"","color":""},{"label":"44","value":"EU 44","price":"","pimage":"","pimage_id":"","pthumb":"","color":""},{"label":"44 2\/3","value":"EU 44 2\/3","price":"","pimage":"","pimage_id":"","pthumb":"","color":""},{"label":"45 1\/3","value":"EU 45 1\/3","price":"","pimage":"","pimage_id":"","pthumb":"","color":""},{"label":"46","value":"EU 46","price":"","pimage":"","pimage_id":"","pthumb":"","color":""},{"label":"46 2\/3","value":"EU 46 2\/3","price":"","pimage":"","pimage_id":"","pthumb":"","color":""},{"label":"47 1\/3","value":"EU 47 1\/3","price":"","pimage":"","pimage_id":"","pthumb":"","color":""}],"relations":[{"operator":false,"rules":[]}],"form_id":24802,"form_rules":{"pric_cal_option_once":false,"exclude_from_discount":false,"pric_use_as_fee":false,"fee_label":"Fee","render_after_acb":false,"disp_hide_options_price":false}}]},"yoast_head":"<!-- This site is optimized with the Yoast SEO plugin v26.5 - https:\/\/yoast.com\/wordpress\/plugins\/seo\/ -->\n<title>CLOT x adidas Qi Flow Edison Chen &#039;Black White&#039;  - Tourcruiser PTE. LTD<\/title>\n<meta name=\"robots\" content=\"index, follow, max-snippet:-1, max-image-preview:large, max-video-preview:-1\" \/>\n<link rel=\"canonical\" href=\"https:\/\/tourcruiser.com\/de\/products\/clot-x-adidas-qi-flow-edison-chen-black-white\/\" \/>\n<meta property=\"og:locale\" content=\"de_DE\" \/>\n<meta property=\"og:type\" content=\"article\" \/>\n<meta property=\"og:title\" content=\"CLOT x adidas Qi Flow Edison Chen &#039;Black White&#039;  - Tourcruiser PTE. LTD\" \/>\n<meta property=\"og:description\" content=\"adidas Qi Flow \u201d\u201d Core Black\/Footwear White\/Core Black\" \/>\n<meta property=\"og:url\" content=\"https:\/\/tourcruiser.com\/de\/products\/clot-x-adidas-qi-flow-edison-chen-black-white\/\" \/>\n<meta property=\"og:site_name\" content=\"Tourcruiser Sneaker Store\" \/>\n<meta property=\"article:modified_time\" content=\"2026-03-27T17:38:19+00:00\" \/>\n<meta name=\"twitter:card\" content=\"summary_large_image\" \/>\n<meta name=\"twitter:image\" content=\"https:\/\/images.novelship.com\/product\/clot_x_adidas_qi_flow_edison_chen__black_white__jq_0_86813.png;https:\/\/images.novelship.com\/product\/clot_x_adidas_qi_flow_edison_chen__black_white__jq_1_86813.png;https:\/\/images.novelship.com\/product\/clot_x_adidas_qi_flow_edison_chen__black_white__jq_2_86813.png\" \/>\n<meta name=\"twitter:label1\" content=\"Gesch\u00e4tzte Lesezeit\" \/>\n\t<meta name=\"twitter:data1\" content=\"1\u00a0Minute\" \/>\n<script type=\"application\/ld+json\" class=\"yoast-schema-graph\">{\"@context\":\"https:\/\/schema.org\",\"@graph\":[{\"@type\":\"WebPage\",\"@id\":\"https:\/\/tourcruiser.com\/de\/products\/clot-x-adidas-qi-flow-edison-chen-black-white\/\",\"url\":\"https:\/\/tourcruiser.com\/de\/products\/clot-x-adidas-qi-flow-edison-chen-black-white\/\",\"name\":\"CLOT x adidas Qi Flow Edison Chen 'Black White' - Tourcruiser PTE. LTD\",\"isPartOf\":{\"@id\":\"https:\/\/tourcruiser.com\/de\/#website\"},\"primaryImageOfPage\":{\"@id\":\"https:\/\/tourcruiser.com\/de\/products\/clot-x-adidas-qi-flow-edison-chen-black-white\/#primaryimage\"},\"image\":{\"@id\":\"https:\/\/tourcruiser.com\/de\/products\/clot-x-adidas-qi-flow-edison-chen-black-white\/#primaryimage\"},\"thumbnailUrl\":\"https:\/\/images.novelship.com\/product\/clot_x_adidas_qi_flow_edison_chen__black_white__jq_0_86813.png;https:\/\/images.novelship.com\/product\/clot_x_adidas_qi_flow_edison_chen__black_white__jq_1_86813.png;https:\/\/images.novelship.com\/product\/clot_x_adidas_qi_flow_edison_chen__black_white__jq_2_86813.png\",\"datePublished\":\"2026-03-02T07:35:05+00:00\",\"dateModified\":\"2026-03-27T17:38:19+00:00\",\"breadcrumb\":{\"@id\":\"https:\/\/tourcruiser.com\/de\/products\/clot-x-adidas-qi-flow-edison-chen-black-white\/#breadcrumb\"},\"inLanguage\":\"de\",\"potentialAction\":[{\"@type\":\"ReadAction\",\"target\":[\"https:\/\/tourcruiser.com\/de\/products\/clot-x-adidas-qi-flow-edison-chen-black-white\/\"]}]},{\"@type\":\"ImageObject\",\"inLanguage\":\"de\",\"@id\":\"https:\/\/tourcruiser.com\/de\/products\/clot-x-adidas-qi-flow-edison-chen-black-white\/#primaryimage\",\"url\":\"https:\/\/images.novelship.com\/product\/clot_x_adidas_qi_flow_edison_chen__black_white__jq_0_86813.png;https:\/\/images.novelship.com\/product\/clot_x_adidas_qi_flow_edison_chen__black_white__jq_1_86813.png;https:\/\/images.novelship.com\/product\/clot_x_adidas_qi_flow_edison_chen__black_white__jq_2_86813.png\",\"contentUrl\":\"https:\/\/images.novelship.com\/product\/clot_x_adidas_qi_flow_edison_chen__black_white__jq_0_86813.png;https:\/\/images.novelship.com\/product\/clot_x_adidas_qi_flow_edison_chen__black_white__jq_1_86813.png;https:\/\/images.novelship.com\/product\/clot_x_adidas_qi_flow_edison_chen__black_white__jq_2_86813.png\"},{\"@type\":\"BreadcrumbList\",\"@id\":\"https:\/\/tourcruiser.com\/de\/products\/clot-x-adidas-qi-flow-edison-chen-black-white\/#breadcrumb\",\"itemListElement\":[{\"@type\":\"ListItem\",\"position\":1,\"name\":\"Home\",\"item\":\"https:\/\/tourcruiser.com\/de\/\"},{\"@type\":\"ListItem\",\"position\":2,\"name\":\"Shop\",\"item\":\"https:\/\/tourcruiser.com\/de\/shop\/\"},{\"@type\":\"ListItem\",\"position\":3,\"name\":\"CLOT x adidas Qi Flow Edison Chen 'Black White'\"}]},{\"@type\":\"WebSite\",\"@id\":\"https:\/\/tourcruiser.com\/de\/#website\",\"url\":\"https:\/\/tourcruiser.com\/de\/\",\"name\":\"Styloral Jewelry Shop\",\"description\":\"Tourcruiser Sneaker Store \u2014 der Ort, an dem das Universum deine Einzigartigkeit trifft.\",\"publisher\":{\"@id\":\"https:\/\/tourcruiser.com\/de\/#organization\"},\"potentialAction\":[{\"@type\":\"SearchAction\",\"target\":{\"@type\":\"EntryPoint\",\"urlTemplate\":\"https:\/\/tourcruiser.com\/de\/?s={search_term_string}\"},\"query-input\":{\"@type\":\"PropertyValueSpecification\",\"valueRequired\":true,\"valueName\":\"search_term_string\"}}],\"inLanguage\":\"de\"},{\"@type\":\"Organization\",\"@id\":\"https:\/\/tourcruiser.com\/de\/#organization\",\"name\":\"STYLORAL PTE. LTD\",\"url\":\"https:\/\/tourcruiser.com\/de\/\",\"logo\":{\"@type\":\"ImageObject\",\"inLanguage\":\"de\",\"@id\":\"https:\/\/tourcruiser.com\/de\/#\/schema\/logo\/image\/\",\"url\":\"https:\/\/www.tourcruiser.com\/wp-content\/uploads\/2025\/12\/logo.png\",\"contentUrl\":\"https:\/\/www.tourcruiser.com\/wp-content\/uploads\/2025\/12\/logo.png\",\"width\":200,\"height\":65,\"caption\":\"STYLORAL PTE. LTD\"},\"image\":{\"@id\":\"https:\/\/tourcruiser.com\/de\/#\/schema\/logo\/image\/\"}}]}<\/script>\n<!-- \/ Yoast SEO plugin. -->","yoast_head_json":{"title":"CLOT x adidas Qi Flow Edison Chen 'Black White'  - Tourcruiser PTE. LTD","robots":{"index":"index","follow":"follow","max-snippet":"max-snippet:-1","max-image-preview":"max-image-preview:large","max-video-preview":"max-video-preview:-1"},"canonical":"https:\/\/tourcruiser.com\/de\/products\/clot-x-adidas-qi-flow-edison-chen-black-white\/","og_locale":"de_DE","og_type":"article","og_title":"CLOT x adidas Qi Flow Edison Chen 'Black White'  - Tourcruiser PTE. LTD","og_description":"adidas Qi Flow \u201d\u201d Core Black\/Footwear White\/Core Black","og_url":"https:\/\/tourcruiser.com\/de\/products\/clot-x-adidas-qi-flow-edison-chen-black-white\/","og_site_name":"Tourcruiser Sneaker Store","article_modified_time":"2026-03-27T17:38:19+00:00","twitter_card":"summary_large_image","twitter_image":"https:\/\/images.novelship.com\/product\/clot_x_adidas_qi_flow_edison_chen__black_white__jq_0_86813.png;https:\/\/images.novelship.com\/product\/clot_x_adidas_qi_flow_edison_chen__black_white__jq_1_86813.png;https:\/\/images.novelship.com\/product\/clot_x_adidas_qi_flow_edison_chen__black_white__jq_2_86813.png","twitter_misc":{"Gesch\u00e4tzte Lesezeit":"1\u00a0Minute"},"schema":{"@context":"https:\/\/schema.org","@graph":[{"@type":"WebPage","@id":"https:\/\/tourcruiser.com\/de\/products\/clot-x-adidas-qi-flow-edison-chen-black-white\/","url":"https:\/\/tourcruiser.com\/de\/products\/clot-x-adidas-qi-flow-edison-chen-black-white\/","name":"CLOT x adidas Qi Flow Edison Chen 'Black White' - Tourcruiser PTE. LTD","isPartOf":{"@id":"https:\/\/tourcruiser.com\/de\/#website"},"primaryImageOfPage":{"@id":"https:\/\/tourcruiser.com\/de\/products\/clot-x-adidas-qi-flow-edison-chen-black-white\/#primaryimage"},"image":{"@id":"https:\/\/tourcruiser.com\/de\/products\/clot-x-adidas-qi-flow-edison-chen-black-white\/#primaryimage"},"thumbnailUrl":"https:\/\/images.novelship.com\/product\/clot_x_adidas_qi_flow_edison_chen__black_white__jq_0_86813.png;https:\/\/images.novelship.com\/product\/clot_x_adidas_qi_flow_edison_chen__black_white__jq_1_86813.png;https:\/\/images.novelship.com\/product\/clot_x_adidas_qi_flow_edison_chen__black_white__jq_2_86813.png","datePublished":"2026-03-02T07:35:05+00:00","dateModified":"2026-03-27T17:38:19+00:00","breadcrumb":{"@id":"https:\/\/tourcruiser.com\/de\/products\/clot-x-adidas-qi-flow-edison-chen-black-white\/#breadcrumb"},"inLanguage":"de","potentialAction":[{"@type":"ReadAction","target":["https:\/\/tourcruiser.com\/de\/products\/clot-x-adidas-qi-flow-edison-chen-black-white\/"]}]},{"@type":"ImageObject","inLanguage":"de","@id":"https:\/\/tourcruiser.com\/de\/products\/clot-x-adidas-qi-flow-edison-chen-black-white\/#primaryimage","url":"https:\/\/images.novelship.com\/product\/clot_x_adidas_qi_flow_edison_chen__black_white__jq_0_86813.png;https:\/\/images.novelship.com\/product\/clot_x_adidas_qi_flow_edison_chen__black_white__jq_1_86813.png;https:\/\/images.novelship.com\/product\/clot_x_adidas_qi_flow_edison_chen__black_white__jq_2_86813.png","contentUrl":"https:\/\/images.novelship.com\/product\/clot_x_adidas_qi_flow_edison_chen__black_white__jq_0_86813.png;https:\/\/images.novelship.com\/product\/clot_x_adidas_qi_flow_edison_chen__black_white__jq_1_86813.png;https:\/\/images.novelship.com\/product\/clot_x_adidas_qi_flow_edison_chen__black_white__jq_2_86813.png"},{"@type":"BreadcrumbList","@id":"https:\/\/tourcruiser.com\/de\/products\/clot-x-adidas-qi-flow-edison-chen-black-white\/#breadcrumb","itemListElement":[{"@type":"ListItem","position":1,"name":"Home","item":"https:\/\/tourcruiser.com\/de\/"},{"@type":"ListItem","position":2,"name":"Shop","item":"https:\/\/tourcruiser.com\/de\/shop\/"},{"@type":"ListItem","position":3,"name":"CLOT x adidas Qi Flow Edison Chen 'Black White'"}]},{"@type":"WebSite","@id":"https:\/\/tourcruiser.com\/de\/#website","url":"https:\/\/tourcruiser.com\/de\/","name":"Styloral Jewelry Shop","description":"Tourcruiser Sneaker Store \u2014 der Ort, an dem das Universum deine Einzigartigkeit trifft.","publisher":{"@id":"https:\/\/tourcruiser.com\/de\/#organization"},"potentialAction":[{"@type":"SearchAction","target":{"@type":"EntryPoint","urlTemplate":"https:\/\/tourcruiser.com\/de\/?s={search_term_string}"},"query-input":{"@type":"PropertyValueSpecification","valueRequired":true,"valueName":"search_term_string"}}],"inLanguage":"de"},{"@type":"Organization","@id":"https:\/\/tourcruiser.com\/de\/#organization","name":"STYLORAL PTE. LTD","url":"https:\/\/tourcruiser.com\/de\/","logo":{"@type":"ImageObject","inLanguage":"de","@id":"https:\/\/tourcruiser.com\/de\/#\/schema\/logo\/image\/","url":"https:\/\/www.tourcruiser.com\/wp-content\/uploads\/2025\/12\/logo.png","contentUrl":"https:\/\/www.tourcruiser.com\/wp-content\/uploads\/2025\/12\/logo.png","width":200,"height":65,"caption":"STYLORAL PTE. LTD"},"image":{"@id":"https:\/\/tourcruiser.com\/de\/#\/schema\/logo\/image\/"}}]}},"_links":{"self":[{"href":"https:\/\/tourcruiser.com\/de\/wp-json\/wp\/v2\/product\/27028","targetHints":{"allow":["GET"]}}],"collection":[{"href":"https:\/\/tourcruiser.com\/de\/wp-json\/wp\/v2\/product"}],"about":[{"href":"https:\/\/tourcruiser.com\/de\/wp-json\/wp\/v2\/types\/product"}],"replies":[{"embeddable":true,"href":"https:\/\/tourcruiser.com\/de\/wp-json\/wp\/v2\/comments?post=27028"}],"wp:featuredmedia":[{"embeddable":true,"href":"https:\/\/tourcruiser.com\/de\/wp-json\/wp\/v2\/media\/27029"}],"wp:attachment":[{"href":"https:\/\/tourcruiser.com\/de\/wp-json\/wp\/v2\/media?parent=27028"}],"wp:term":[{"taxonomy":"product_brand","embeddable":true,"href":"https:\/\/tourcruiser.com\/de\/wp-json\/wp\/v2\/product_brand?post=27028"},{"taxonomy":"product_cat","embeddable":true,"href":"https:\/\/tourcruiser.com\/de\/wp-json\/wp\/v2\/product_cat?post=27028"},{"taxonomy":"product_tag","embeddable":true,"href":"https:\/\/tourcruiser.com\/de\/wp-json\/wp\/v2\/product_tag?post=27028"}],"curies":[{"name":"wp","href":"https:\/\/api.w.org\/{rel}","templated":true}]}}