{"id":26591,"date":"2026-03-02T14:34:30","date_gmt":"2026-03-02T07:34:30","guid":{"rendered":"http:\/\/tourcruiser.com\/product\/women-nike-gp-challenge-pro-white-black"},"modified":"2026-03-28T00:38:10","modified_gmt":"2026-03-27T17:38:10","slug":"women-nike-gp-challenge-pro-white-black","status":"publish","type":"product","link":"https:\/\/tourcruiser.com\/de\/products\/women-nike-gp-challenge-pro-white-black\/","title":{"rendered":"(Women) Nike GP Challenge Pro &#8218;White Black&#8216;"},"content":{"rendered":"<p>Steigere deine Leistung auf und neben dem Spielfeld mit dem Nike GP Challenge Pro &#8218;White Black&#8216; FB3146-100 \u201d\u201c einem eleganten und dynamischen Schuh f\u00fcr Frauen, die h\u00f6chsten Komfort und Pr\u00e4zision suchen. Entwickelt f\u00fcr Athletinnen, die Wert auf Stil und Funktionalit\u00e4t legen, bietet dieser Schuh eine leichte und dennoch strapazierf\u00e4hige Konstruktion \u201d\u201c perfekt f\u00fcr intensive Workouts oder den Alltag. Das cleane wei\u00dfe Design bildet einen wundersch\u00f6nen Kontrast zu den markanten schwarzen Akzenten und verleiht dem Schuh eine moderne und zeitlose \u00c4sthetik, die sich m\u00fchelos mit jedem Outfit kombinieren l\u00e4sst. Dank fortschrittlicher D\u00e4mpfungs- und Grip-Technologie bietet er optimale Unterst\u00fctzung und Reaktionsf\u00e4higkeit bei jedem Schritt, Sprint und jeder schnellen Drehung. Das atmungsaktive Obermaterial sorgt f\u00fcr maximale Luftzirkulation und h\u00e4lt deine F\u00fc\u00dfe auch bei intensiven Aktivit\u00e4ten angenehm k\u00fchl. Mit seiner sicheren Passform und der au\u00dfergew\u00f6hnlichen Traktion erm\u00f6glicht dir der Nike GP Challenge Pro, dich voll und ganz auf deine Ziele zu konzentrieren \u201d\u201c egal ob im Fitnessstudio oder im Wettkampf. Erleben Sie Vielseitigkeit und Performance neu \u201d\u201c mit einem Design, das Innovation und klassische Eleganz vereint.<\/p>\n<ul>\n<li><strong>Farbgebung:<\/strong> Wei\u00df\/Wei\u00df\/Schwarz<\/li>\n<li><strong>Artikelnummer:<\/strong> FB3146-100<\/li>\n<li><strong>Obermaterial:<\/strong> Mesh<\/li>\n<li><strong>Zwischensohle:<\/strong> Zoom Air<\/li>\n<li><strong>Farbe:<\/strong> Wei\u00df<\/li>\n<\/ul>\n","protected":false},"excerpt":{"rendered":"<p>Nike GP Challenge Pro \u201d\u201d White\/White\/Black<\/p>\n","protected":false},"featured_media":26592,"comment_status":"open","ping_status":"closed","template":"","meta":[],"product_brand":[],"product_cat":[10809],"product_tag":[10751,11328,10926,10801,10802,11082,10758],"class_list":{"0":"post-26591","1":"product","2":"type-product","3":"status-publish","4":"has-post-thumbnail","6":"product_cat-nike-women","7":"product_tag-best-seller","8":"product_tag-court-classic-tennis-shoes","9":"product_tag-gift-for-her","10":"product_tag-nike","11":"product_tag-performance-sport-shoes","12":"product_tag-tennis-shoes","13":"product_tag-under-retail","14":"wcpa_has_options","16":"first","17":"outofstock","18":"taxable","19":"shipping-taxable","20":"purchasable","21":"product-type-simple"},"wcpa_form_fields":{"rules":{"pric_overide_base_price":false,"pric_overide_base_price_if_gt_zero":false,"pric_overide_base_price_fully":false,"pric_cal_option_once":false,"pric_use_as_fee":false,"bind_quantity":false,"quantity_bind_formula":false},"fields":[{"type":"color-group","required":true,"elementId":"wcpa-color-group-66c4a75505e74","label":"Gr\u00f6\u00dfe - EU Gr\u00f6\u00dfe","inline":true,"priceOptions":"different_for_all","pricingType":"fixed","className":"hassizechart product-shoes-size-eu product-shoes-size","name":"color-group-66c4a75505e89","disp_type":"square","selection_type":"tick-border","disp_size":"44","show_label_inside":true,"adjust_width":true,"cart_display_type":"text","other_text":"Other","cl_rule":"show","col":6,"values":[{"label":"35.5","value":"EU 35.5","price":"","pimage":"","pimage_id":"","pthumb":"","color":""},{"label":"36","value":"EU 36","price":"","pimage":"","pimage_id":"","pthumb":"","color":"","selected":true},{"label":"36.5","value":"EU 36.5","price":"","pimage":"","pimage_id":"","pthumb":"","color":""},{"label":"37.5","value":"EU 37.5","price":"","pimage":"","pimage_id":"","pthumb":"","color":""},{"label":"38","value":"EU 38","price":"","pimage":"","pimage_id":"","pthumb":"","color":""},{"label":"38.5","value":"EU 38.5","price":"","pimage":"","pimage_id":"","pthumb":"","color":""},{"label":"39","value":"EU 39","price":"","pimage":"","pimage_id":"","pthumb":"","color":""},{"label":"40","value":"EU 40","price":"","pimage":"","pimage_id":"","pthumb":"","color":""},{"label":"40.5","value":"EU 40.5","price":"","pimage":"","pimage_id":"","pthumb":"","color":""},{"label":"41","value":"EU 41","price":"","pimage":"","pimage_id":"","pthumb":"","color":""},{"label":"42","value":"EU 42","price":"","pimage":"","pimage_id":"","pthumb":"","color":""},{"label":"42.5","value":"EU 42.5","price":"","pimage":"","pimage_id":"","pthumb":"","color":""},{"label":"43","value":"EU 43","price":"","pimage":"","pimage_id":"","pthumb":"","color":""},{"label":"44","value":"EU 44","price":"","pimage":"","pimage_id":"","pthumb":"","color":""},{"label":"44.5","value":"EU 44.5","price":"","pimage":"","pimage_id":"","pthumb":"","color":""},{"label":"45","value":"EU 45","price":"","pimage":"","pimage_id":"","pthumb":"","color":""},{"label":"45.5","value":"EU 45.5","price":"","pimage":"","pimage_id":"","pthumb":"","color":""},{"label":"46","value":"EU 46","price":"","pimage":"","pimage_id":"","pthumb":"","color":""},{"label":"47","value":"EU 47","price":"","pimage":"","pimage_id":"","pthumb":"","color":""},{"label":"47.5","value":"EU 47.5","price":"","pimage":"","pimage_id":"","pthumb":"","color":""},{"label":"48","value":"EU 48","price":"","pimage":"","pimage_id":"","pthumb":"","color":""}],"relations":[{"operator":false,"rules":[]}],"form_id":18106,"form_rules":{"pric_cal_option_once":false,"exclude_from_discount":false,"pric_use_as_fee":false,"fee_label":"Fee","render_after_acb":false,"disp_hide_options_price":false}}]},"yoast_head":"<!-- This site is optimized with the Yoast SEO plugin v26.5 - https:\/\/yoast.com\/wordpress\/plugins\/seo\/ -->\n<title>(Women) Nike GP Challenge Pro &#039;White Black&#039;  - Tourcruiser PTE. LTD<\/title>\n<meta name=\"robots\" content=\"index, follow, max-snippet:-1, max-image-preview:large, max-video-preview:-1\" \/>\n<link rel=\"canonical\" href=\"https:\/\/tourcruiser.com\/de\/products\/women-nike-gp-challenge-pro-white-black\/\" \/>\n<meta property=\"og:locale\" content=\"de_DE\" \/>\n<meta property=\"og:type\" content=\"article\" \/>\n<meta property=\"og:title\" content=\"(Women) Nike GP Challenge Pro &#039;White Black&#039;  - Tourcruiser PTE. LTD\" \/>\n<meta property=\"og:description\" content=\"Nike GP Challenge Pro \u201d\u201d White\/White\/Black\" \/>\n<meta property=\"og:url\" content=\"https:\/\/tourcruiser.com\/de\/products\/women-nike-gp-challenge-pro-white-black\/\" \/>\n<meta property=\"og:site_name\" content=\"Tourcruiser Sneaker Store\" \/>\n<meta property=\"article:modified_time\" content=\"2026-03-27T17:38:10+00:00\" \/>\n<meta name=\"twitter:card\" content=\"summary_large_image\" \/>\n<meta name=\"twitter:image\" content=\"https:\/\/images.novelship.com\/product\/_women__nike_gp_challenge_pro__white_black__fb3146_0_90963.jpeg;https:\/\/images.novelship.com\/product\/_women__nike_gp_challenge_pro__white_black__fb3146_1_90964.jpeg;https:\/\/images.novelship.com\/product\/_women__nike_gp_challenge_pro__white_black__fb3146_2_90964.jpeg;https:\/\/images.novelship.com\/product\/_women__nike_gp_challenge_pro__white_black__fb3146_3_90964.jpeg;https:\/\/images.novelship.com\/product\/_women__nike_gp_challenge_pro__white_black__fb3146_4_90964.jpeg;https:\/\/images.novelship.com\/product\/_women__nike_gp_challenge_pro__white_black__fb3146_5_90964.jpeg;https:\/\/images.novelship.com\/product\/_women__nike_gp_challenge_pro__white_black__fb3146_6_90964.jpeg;https:\/\/images.novelship.com\/product\/_women__nike_gp_challenge_pro__white_black__fb3146_7_90964.jpeg;https:\/\/images.novelship.com\/product\/_women__nike_gp_challenge_pro__white_black__fb3146_8_90964.jpeg\" \/>\n<meta name=\"twitter:label1\" content=\"Gesch\u00e4tzte Lesezeit\" \/>\n\t<meta name=\"twitter:data1\" content=\"1\u00a0Minute\" \/>\n<script type=\"application\/ld+json\" class=\"yoast-schema-graph\">{\"@context\":\"https:\/\/schema.org\",\"@graph\":[{\"@type\":\"WebPage\",\"@id\":\"https:\/\/tourcruiser.com\/de\/products\/women-nike-gp-challenge-pro-white-black\/\",\"url\":\"https:\/\/tourcruiser.com\/de\/products\/women-nike-gp-challenge-pro-white-black\/\",\"name\":\"(Women) Nike GP Challenge Pro 'White Black' - Tourcruiser PTE. LTD\",\"isPartOf\":{\"@id\":\"https:\/\/tourcruiser.com\/de\/#website\"},\"primaryImageOfPage\":{\"@id\":\"https:\/\/tourcruiser.com\/de\/products\/women-nike-gp-challenge-pro-white-black\/#primaryimage\"},\"image\":{\"@id\":\"https:\/\/tourcruiser.com\/de\/products\/women-nike-gp-challenge-pro-white-black\/#primaryimage\"},\"thumbnailUrl\":\"https:\/\/images.novelship.com\/product\/_women__nike_gp_challenge_pro__white_black__fb3146_0_90963.jpeg;https:\/\/images.novelship.com\/product\/_women__nike_gp_challenge_pro__white_black__fb3146_1_90964.jpeg;https:\/\/images.novelship.com\/product\/_women__nike_gp_challenge_pro__white_black__fb3146_2_90964.jpeg;https:\/\/images.novelship.com\/product\/_women__nike_gp_challenge_pro__white_black__fb3146_3_90964.jpeg;https:\/\/images.novelship.com\/product\/_women__nike_gp_challenge_pro__white_black__fb3146_4_90964.jpeg;https:\/\/images.novelship.com\/product\/_women__nike_gp_challenge_pro__white_black__fb3146_5_90964.jpeg;https:\/\/images.novelship.com\/product\/_women__nike_gp_challenge_pro__white_black__fb3146_6_90964.jpeg;https:\/\/images.novelship.com\/product\/_women__nike_gp_challenge_pro__white_black__fb3146_7_90964.jpeg;https:\/\/images.novelship.com\/product\/_women__nike_gp_challenge_pro__white_black__fb3146_8_90964.jpeg\",\"datePublished\":\"2026-03-02T07:34:30+00:00\",\"dateModified\":\"2026-03-27T17:38:10+00:00\",\"breadcrumb\":{\"@id\":\"https:\/\/tourcruiser.com\/de\/products\/women-nike-gp-challenge-pro-white-black\/#breadcrumb\"},\"inLanguage\":\"de\",\"potentialAction\":[{\"@type\":\"ReadAction\",\"target\":[\"https:\/\/tourcruiser.com\/de\/products\/women-nike-gp-challenge-pro-white-black\/\"]}]},{\"@type\":\"ImageObject\",\"inLanguage\":\"de\",\"@id\":\"https:\/\/tourcruiser.com\/de\/products\/women-nike-gp-challenge-pro-white-black\/#primaryimage\",\"url\":\"https:\/\/images.novelship.com\/product\/_women__nike_gp_challenge_pro__white_black__fb3146_0_90963.jpeg;https:\/\/images.novelship.com\/product\/_women__nike_gp_challenge_pro__white_black__fb3146_1_90964.jpeg;https:\/\/images.novelship.com\/product\/_women__nike_gp_challenge_pro__white_black__fb3146_2_90964.jpeg;https:\/\/images.novelship.com\/product\/_women__nike_gp_challenge_pro__white_black__fb3146_3_90964.jpeg;https:\/\/images.novelship.com\/product\/_women__nike_gp_challenge_pro__white_black__fb3146_4_90964.jpeg;https:\/\/images.novelship.com\/product\/_women__nike_gp_challenge_pro__white_black__fb3146_5_90964.jpeg;https:\/\/images.novelship.com\/product\/_women__nike_gp_challenge_pro__white_black__fb3146_6_90964.jpeg;https:\/\/images.novelship.com\/product\/_women__nike_gp_challenge_pro__white_black__fb3146_7_90964.jpeg;https:\/\/images.novelship.com\/product\/_women__nike_gp_challenge_pro__white_black__fb3146_8_90964.jpeg\",\"contentUrl\":\"https:\/\/images.novelship.com\/product\/_women__nike_gp_challenge_pro__white_black__fb3146_0_90963.jpeg;https:\/\/images.novelship.com\/product\/_women__nike_gp_challenge_pro__white_black__fb3146_1_90964.jpeg;https:\/\/images.novelship.com\/product\/_women__nike_gp_challenge_pro__white_black__fb3146_2_90964.jpeg;https:\/\/images.novelship.com\/product\/_women__nike_gp_challenge_pro__white_black__fb3146_3_90964.jpeg;https:\/\/images.novelship.com\/product\/_women__nike_gp_challenge_pro__white_black__fb3146_4_90964.jpeg;https:\/\/images.novelship.com\/product\/_women__nike_gp_challenge_pro__white_black__fb3146_5_90964.jpeg;https:\/\/images.novelship.com\/product\/_women__nike_gp_challenge_pro__white_black__fb3146_6_90964.jpeg;https:\/\/images.novelship.com\/product\/_women__nike_gp_challenge_pro__white_black__fb3146_7_90964.jpeg;https:\/\/images.novelship.com\/product\/_women__nike_gp_challenge_pro__white_black__fb3146_8_90964.jpeg\"},{\"@type\":\"BreadcrumbList\",\"@id\":\"https:\/\/tourcruiser.com\/de\/products\/women-nike-gp-challenge-pro-white-black\/#breadcrumb\",\"itemListElement\":[{\"@type\":\"ListItem\",\"position\":1,\"name\":\"Home\",\"item\":\"https:\/\/tourcruiser.com\/de\/\"},{\"@type\":\"ListItem\",\"position\":2,\"name\":\"Shop\",\"item\":\"https:\/\/tourcruiser.com\/de\/shop\/\"},{\"@type\":\"ListItem\",\"position\":3,\"name\":\"(Women) Nike GP Challenge Pro 'White Black'\"}]},{\"@type\":\"WebSite\",\"@id\":\"https:\/\/tourcruiser.com\/de\/#website\",\"url\":\"https:\/\/tourcruiser.com\/de\/\",\"name\":\"Styloral Jewelry Shop\",\"description\":\"Tourcruiser Sneaker Store \u2014 der Ort, an dem das Universum deine Einzigartigkeit trifft.\",\"publisher\":{\"@id\":\"https:\/\/tourcruiser.com\/de\/#organization\"},\"potentialAction\":[{\"@type\":\"SearchAction\",\"target\":{\"@type\":\"EntryPoint\",\"urlTemplate\":\"https:\/\/tourcruiser.com\/de\/?s={search_term_string}\"},\"query-input\":{\"@type\":\"PropertyValueSpecification\",\"valueRequired\":true,\"valueName\":\"search_term_string\"}}],\"inLanguage\":\"de\"},{\"@type\":\"Organization\",\"@id\":\"https:\/\/tourcruiser.com\/de\/#organization\",\"name\":\"STYLORAL PTE. LTD\",\"url\":\"https:\/\/tourcruiser.com\/de\/\",\"logo\":{\"@type\":\"ImageObject\",\"inLanguage\":\"de\",\"@id\":\"https:\/\/tourcruiser.com\/de\/#\/schema\/logo\/image\/\",\"url\":\"https:\/\/www.tourcruiser.com\/wp-content\/uploads\/2025\/12\/logo.png\",\"contentUrl\":\"https:\/\/www.tourcruiser.com\/wp-content\/uploads\/2025\/12\/logo.png\",\"width\":200,\"height\":65,\"caption\":\"STYLORAL PTE. LTD\"},\"image\":{\"@id\":\"https:\/\/tourcruiser.com\/de\/#\/schema\/logo\/image\/\"}}]}<\/script>\n<!-- \/ Yoast SEO plugin. -->","yoast_head_json":{"title":"(Women) Nike GP Challenge Pro 'White Black'  - Tourcruiser PTE. LTD","robots":{"index":"index","follow":"follow","max-snippet":"max-snippet:-1","max-image-preview":"max-image-preview:large","max-video-preview":"max-video-preview:-1"},"canonical":"https:\/\/tourcruiser.com\/de\/products\/women-nike-gp-challenge-pro-white-black\/","og_locale":"de_DE","og_type":"article","og_title":"(Women) Nike GP Challenge Pro 'White Black'  - Tourcruiser PTE. LTD","og_description":"Nike GP Challenge Pro \u201d\u201d White\/White\/Black","og_url":"https:\/\/tourcruiser.com\/de\/products\/women-nike-gp-challenge-pro-white-black\/","og_site_name":"Tourcruiser Sneaker Store","article_modified_time":"2026-03-27T17:38:10+00:00","twitter_card":"summary_large_image","twitter_image":"https:\/\/images.novelship.com\/product\/_women__nike_gp_challenge_pro__white_black__fb3146_0_90963.jpeg;https:\/\/images.novelship.com\/product\/_women__nike_gp_challenge_pro__white_black__fb3146_1_90964.jpeg;https:\/\/images.novelship.com\/product\/_women__nike_gp_challenge_pro__white_black__fb3146_2_90964.jpeg;https:\/\/images.novelship.com\/product\/_women__nike_gp_challenge_pro__white_black__fb3146_3_90964.jpeg;https:\/\/images.novelship.com\/product\/_women__nike_gp_challenge_pro__white_black__fb3146_4_90964.jpeg;https:\/\/images.novelship.com\/product\/_women__nike_gp_challenge_pro__white_black__fb3146_5_90964.jpeg;https:\/\/images.novelship.com\/product\/_women__nike_gp_challenge_pro__white_black__fb3146_6_90964.jpeg;https:\/\/images.novelship.com\/product\/_women__nike_gp_challenge_pro__white_black__fb3146_7_90964.jpeg;https:\/\/images.novelship.com\/product\/_women__nike_gp_challenge_pro__white_black__fb3146_8_90964.jpeg","twitter_misc":{"Gesch\u00e4tzte Lesezeit":"1\u00a0Minute"},"schema":{"@context":"https:\/\/schema.org","@graph":[{"@type":"WebPage","@id":"https:\/\/tourcruiser.com\/de\/products\/women-nike-gp-challenge-pro-white-black\/","url":"https:\/\/tourcruiser.com\/de\/products\/women-nike-gp-challenge-pro-white-black\/","name":"(Women) Nike GP Challenge Pro 'White Black' - Tourcruiser PTE. LTD","isPartOf":{"@id":"https:\/\/tourcruiser.com\/de\/#website"},"primaryImageOfPage":{"@id":"https:\/\/tourcruiser.com\/de\/products\/women-nike-gp-challenge-pro-white-black\/#primaryimage"},"image":{"@id":"https:\/\/tourcruiser.com\/de\/products\/women-nike-gp-challenge-pro-white-black\/#primaryimage"},"thumbnailUrl":"https:\/\/images.novelship.com\/product\/_women__nike_gp_challenge_pro__white_black__fb3146_0_90963.jpeg;https:\/\/images.novelship.com\/product\/_women__nike_gp_challenge_pro__white_black__fb3146_1_90964.jpeg;https:\/\/images.novelship.com\/product\/_women__nike_gp_challenge_pro__white_black__fb3146_2_90964.jpeg;https:\/\/images.novelship.com\/product\/_women__nike_gp_challenge_pro__white_black__fb3146_3_90964.jpeg;https:\/\/images.novelship.com\/product\/_women__nike_gp_challenge_pro__white_black__fb3146_4_90964.jpeg;https:\/\/images.novelship.com\/product\/_women__nike_gp_challenge_pro__white_black__fb3146_5_90964.jpeg;https:\/\/images.novelship.com\/product\/_women__nike_gp_challenge_pro__white_black__fb3146_6_90964.jpeg;https:\/\/images.novelship.com\/product\/_women__nike_gp_challenge_pro__white_black__fb3146_7_90964.jpeg;https:\/\/images.novelship.com\/product\/_women__nike_gp_challenge_pro__white_black__fb3146_8_90964.jpeg","datePublished":"2026-03-02T07:34:30+00:00","dateModified":"2026-03-27T17:38:10+00:00","breadcrumb":{"@id":"https:\/\/tourcruiser.com\/de\/products\/women-nike-gp-challenge-pro-white-black\/#breadcrumb"},"inLanguage":"de","potentialAction":[{"@type":"ReadAction","target":["https:\/\/tourcruiser.com\/de\/products\/women-nike-gp-challenge-pro-white-black\/"]}]},{"@type":"ImageObject","inLanguage":"de","@id":"https:\/\/tourcruiser.com\/de\/products\/women-nike-gp-challenge-pro-white-black\/#primaryimage","url":"https:\/\/images.novelship.com\/product\/_women__nike_gp_challenge_pro__white_black__fb3146_0_90963.jpeg;https:\/\/images.novelship.com\/product\/_women__nike_gp_challenge_pro__white_black__fb3146_1_90964.jpeg;https:\/\/images.novelship.com\/product\/_women__nike_gp_challenge_pro__white_black__fb3146_2_90964.jpeg;https:\/\/images.novelship.com\/product\/_women__nike_gp_challenge_pro__white_black__fb3146_3_90964.jpeg;https:\/\/images.novelship.com\/product\/_women__nike_gp_challenge_pro__white_black__fb3146_4_90964.jpeg;https:\/\/images.novelship.com\/product\/_women__nike_gp_challenge_pro__white_black__fb3146_5_90964.jpeg;https:\/\/images.novelship.com\/product\/_women__nike_gp_challenge_pro__white_black__fb3146_6_90964.jpeg;https:\/\/images.novelship.com\/product\/_women__nike_gp_challenge_pro__white_black__fb3146_7_90964.jpeg;https:\/\/images.novelship.com\/product\/_women__nike_gp_challenge_pro__white_black__fb3146_8_90964.jpeg","contentUrl":"https:\/\/images.novelship.com\/product\/_women__nike_gp_challenge_pro__white_black__fb3146_0_90963.jpeg;https:\/\/images.novelship.com\/product\/_women__nike_gp_challenge_pro__white_black__fb3146_1_90964.jpeg;https:\/\/images.novelship.com\/product\/_women__nike_gp_challenge_pro__white_black__fb3146_2_90964.jpeg;https:\/\/images.novelship.com\/product\/_women__nike_gp_challenge_pro__white_black__fb3146_3_90964.jpeg;https:\/\/images.novelship.com\/product\/_women__nike_gp_challenge_pro__white_black__fb3146_4_90964.jpeg;https:\/\/images.novelship.com\/product\/_women__nike_gp_challenge_pro__white_black__fb3146_5_90964.jpeg;https:\/\/images.novelship.com\/product\/_women__nike_gp_challenge_pro__white_black__fb3146_6_90964.jpeg;https:\/\/images.novelship.com\/product\/_women__nike_gp_challenge_pro__white_black__fb3146_7_90964.jpeg;https:\/\/images.novelship.com\/product\/_women__nike_gp_challenge_pro__white_black__fb3146_8_90964.jpeg"},{"@type":"BreadcrumbList","@id":"https:\/\/tourcruiser.com\/de\/products\/women-nike-gp-challenge-pro-white-black\/#breadcrumb","itemListElement":[{"@type":"ListItem","position":1,"name":"Home","item":"https:\/\/tourcruiser.com\/de\/"},{"@type":"ListItem","position":2,"name":"Shop","item":"https:\/\/tourcruiser.com\/de\/shop\/"},{"@type":"ListItem","position":3,"name":"(Women) Nike GP Challenge Pro 'White Black'"}]},{"@type":"WebSite","@id":"https:\/\/tourcruiser.com\/de\/#website","url":"https:\/\/tourcruiser.com\/de\/","name":"Styloral Jewelry Shop","description":"Tourcruiser Sneaker Store \u2014 der Ort, an dem das Universum deine Einzigartigkeit trifft.","publisher":{"@id":"https:\/\/tourcruiser.com\/de\/#organization"},"potentialAction":[{"@type":"SearchAction","target":{"@type":"EntryPoint","urlTemplate":"https:\/\/tourcruiser.com\/de\/?s={search_term_string}"},"query-input":{"@type":"PropertyValueSpecification","valueRequired":true,"valueName":"search_term_string"}}],"inLanguage":"de"},{"@type":"Organization","@id":"https:\/\/tourcruiser.com\/de\/#organization","name":"STYLORAL PTE. LTD","url":"https:\/\/tourcruiser.com\/de\/","logo":{"@type":"ImageObject","inLanguage":"de","@id":"https:\/\/tourcruiser.com\/de\/#\/schema\/logo\/image\/","url":"https:\/\/www.tourcruiser.com\/wp-content\/uploads\/2025\/12\/logo.png","contentUrl":"https:\/\/www.tourcruiser.com\/wp-content\/uploads\/2025\/12\/logo.png","width":200,"height":65,"caption":"STYLORAL PTE. LTD"},"image":{"@id":"https:\/\/tourcruiser.com\/de\/#\/schema\/logo\/image\/"}}]}},"_links":{"self":[{"href":"https:\/\/tourcruiser.com\/de\/wp-json\/wp\/v2\/product\/26591","targetHints":{"allow":["GET"]}}],"collection":[{"href":"https:\/\/tourcruiser.com\/de\/wp-json\/wp\/v2\/product"}],"about":[{"href":"https:\/\/tourcruiser.com\/de\/wp-json\/wp\/v2\/types\/product"}],"replies":[{"embeddable":true,"href":"https:\/\/tourcruiser.com\/de\/wp-json\/wp\/v2\/comments?post=26591"}],"wp:featuredmedia":[{"embeddable":true,"href":"https:\/\/tourcruiser.com\/de\/wp-json\/wp\/v2\/media\/26592"}],"wp:attachment":[{"href":"https:\/\/tourcruiser.com\/de\/wp-json\/wp\/v2\/media?parent=26591"}],"wp:term":[{"taxonomy":"product_brand","embeddable":true,"href":"https:\/\/tourcruiser.com\/de\/wp-json\/wp\/v2\/product_brand?post=26591"},{"taxonomy":"product_cat","embeddable":true,"href":"https:\/\/tourcruiser.com\/de\/wp-json\/wp\/v2\/product_cat?post=26591"},{"taxonomy":"product_tag","embeddable":true,"href":"https:\/\/tourcruiser.com\/de\/wp-json\/wp\/v2\/product_tag?post=26591"}],"curies":[{"name":"wp","href":"https:\/\/api.w.org\/{rel}","templated":true}]}}