{"id":26487,"date":"2026-03-02T14:34:22","date_gmt":"2026-03-02T07:34:22","guid":{"rendered":"http:\/\/tourcruiser.com\/product\/nike-air-max-90-golf-white-hot-lime"},"modified":"2026-03-28T00:38:04","modified_gmt":"2026-03-27T17:38:04","slug":"nike-air-max-90-golf-white-hot-lime","status":"publish","type":"product","link":"https:\/\/tourcruiser.com\/de\/products\/nike-air-max-90-golf-white-hot-lime\/","title":{"rendered":"Nike Air Max 90 Golf &#8218;White Hot Lime&#8216;"},"content":{"rendered":"<p>Verbessere dein Golfspiel mit dem Nike Air Max 90 Golf &#8218;White Hot Lime&#8216; HV9305-103 \u201d\u201c die perfekte Kombination aus sportlichem Style und optimaler Funktionalit\u00e4t auf dem Golfplatz. Diese moderne Interpretation der legend\u00e4ren Air Max 90 Silhouette wurde speziell f\u00fcr den Golfplatz neu interpretiert und verf\u00fcgt \u00fcber ein leichtes, wasserabweisendes Obermaterial, das deine F\u00fc\u00dfe bei unterschiedlichen Bedingungen trocken h\u00e4lt. Die cleane wei\u00dfe Basis wird durch leuchtendes Limettengr\u00fcn und dezente graue Details akzentuiert und sorgt f\u00fcr einen frischen, auff\u00e4lligen Look, der sowohl auf als auch neben dem Golfplatz \u00fcberzeugt.<\/p>\n<p>Das Max Air-Element in der Ferse garantiert reaktionsfreudige D\u00e4mpfung bei jedem Schritt, w\u00e4hrend die integrierte Traktionssohle au\u00dfergew\u00f6hnlichen Grip und Stabilit\u00e4t auf dem Fairway und im Rough bietet. Dieser Schuh wurde f\u00fcr maximalen Komfort entwickelt und ist der ideale Begleiter f\u00fcr 18 L\u00f6cher und den Alltag \u201d\u201c er vereint Eleganz mit sportlicher Performance. Der Nike Air Max 90 Golf &#8218;White Hot Lime&#8216; ist mehr als nur ein Schuh \u201d\u201c er ist ein Statement deiner Leidenschaft f\u00fcr Sport und Style. Egal, ob Sie ein passionierter Golfer oder ein Gelegenheitsspieler sind, dieser Schuh bietet Ihnen den entscheidenden Vorteil f\u00fcr optimale Leistung und einen stilvollen Auftritt. Markantes, funktionales und innovatives Design vereint traditionelles Golf-Design mit modernster Technologie und beeindruckt auf ganzer Linie.<\/p>\n<ul>\n<li><strong>Farbgebung:<\/strong> Wei\u00df\/Limonade<\/li>\n<li><strong>Artikelnummer:<\/strong> HV9305-103<\/li>\n<li><strong>Obermaterial:<\/strong> Mesh<\/li>\n<li><strong>Zwischensohle:<\/strong> Air<\/li>\n<li><strong>Farbe:<\/strong> Wei\u00df<\/li>\n<li><strong>Designer:<\/strong> Tinker Hatfield<\/li>\n<li><strong>Saison:<\/strong> Fr\u00fchling<\/li>\n<li><strong>Erscheinungsjahr:<\/strong> 2025<\/li>\n<\/ul>\n","protected":false},"excerpt":{"rendered":"<p>Nike Air Max 90 Golf \u201d\u201d White\/Hot Lime<\/p>\n","protected":false},"featured_media":26488,"comment_status":"open","ping_status":"closed","template":"","meta":[],"product_brand":[],"product_cat":[10803],"product_tag":[10799,10800,11042,10754,10801,10802,10758],"class_list":{"0":"post-26487","1":"product","2":"type-product","3":"status-publish","4":"has-post-thumbnail","6":"product_cat-nike","7":"product_tag-ankle-support-basketball-shoes","8":"product_tag-basketball-shoes","9":"product_tag-golf-shoes","10":"product_tag-lifestyle-casual-shoes","11":"product_tag-nike","12":"product_tag-performance-sport-shoes","13":"product_tag-under-retail","14":"wcpa_has_options","16":"first","17":"outofstock","18":"taxable","19":"shipping-taxable","20":"purchasable","21":"product-type-simple"},"wcpa_form_fields":{"rules":{"pric_overide_base_price":false,"pric_overide_base_price_if_gt_zero":false,"pric_overide_base_price_fully":false,"pric_cal_option_once":false,"pric_use_as_fee":false,"bind_quantity":false,"quantity_bind_formula":false},"fields":[{"type":"color-group","required":true,"elementId":"wcpa-color-group-66c4a75505e74","label":"Gr\u00f6\u00dfe - EU Gr\u00f6\u00dfe","inline":true,"priceOptions":"different_for_all","pricingType":"fixed","className":"hassizechart product-shoes-size-eu product-shoes-size","name":"color-group-66c4a75505e89","disp_type":"square","selection_type":"tick-border","disp_size":"44","show_label_inside":true,"adjust_width":true,"cart_display_type":"text","other_text":"Other","cl_rule":"show","col":6,"values":[{"label":"35.5","value":"EU 35.5","price":"","pimage":"","pimage_id":"","pthumb":"","color":""},{"label":"36","value":"EU 36","price":"","pimage":"","pimage_id":"","pthumb":"","color":"","selected":true},{"label":"36.5","value":"EU 36.5","price":"","pimage":"","pimage_id":"","pthumb":"","color":""},{"label":"37.5","value":"EU 37.5","price":"","pimage":"","pimage_id":"","pthumb":"","color":""},{"label":"38","value":"EU 38","price":"","pimage":"","pimage_id":"","pthumb":"","color":""},{"label":"38.5","value":"EU 38.5","price":"","pimage":"","pimage_id":"","pthumb":"","color":""},{"label":"39","value":"EU 39","price":"","pimage":"","pimage_id":"","pthumb":"","color":""},{"label":"40","value":"EU 40","price":"","pimage":"","pimage_id":"","pthumb":"","color":""},{"label":"40.5","value":"EU 40.5","price":"","pimage":"","pimage_id":"","pthumb":"","color":""},{"label":"41","value":"EU 41","price":"","pimage":"","pimage_id":"","pthumb":"","color":""},{"label":"42","value":"EU 42","price":"","pimage":"","pimage_id":"","pthumb":"","color":""},{"label":"42.5","value":"EU 42.5","price":"","pimage":"","pimage_id":"","pthumb":"","color":""},{"label":"43","value":"EU 43","price":"","pimage":"","pimage_id":"","pthumb":"","color":""},{"label":"44","value":"EU 44","price":"","pimage":"","pimage_id":"","pthumb":"","color":""},{"label":"44.5","value":"EU 44.5","price":"","pimage":"","pimage_id":"","pthumb":"","color":""},{"label":"45","value":"EU 45","price":"","pimage":"","pimage_id":"","pthumb":"","color":""},{"label":"45.5","value":"EU 45.5","price":"","pimage":"","pimage_id":"","pthumb":"","color":""},{"label":"46","value":"EU 46","price":"","pimage":"","pimage_id":"","pthumb":"","color":""},{"label":"47","value":"EU 47","price":"","pimage":"","pimage_id":"","pthumb":"","color":""},{"label":"47.5","value":"EU 47.5","price":"","pimage":"","pimage_id":"","pthumb":"","color":""},{"label":"48","value":"EU 48","price":"","pimage":"","pimage_id":"","pthumb":"","color":""}],"relations":[{"operator":false,"rules":[]}],"form_id":18106,"form_rules":{"pric_cal_option_once":false,"exclude_from_discount":false,"pric_use_as_fee":false,"fee_label":"Fee","render_after_acb":false,"disp_hide_options_price":false}}]},"yoast_head":"<!-- This site is optimized with the Yoast SEO plugin v26.5 - https:\/\/yoast.com\/wordpress\/plugins\/seo\/ -->\n<title>Nike Air Max 90 Golf &#039;White Hot Lime&#039;  - Tourcruiser PTE. LTD<\/title>\n<meta name=\"robots\" content=\"index, follow, max-snippet:-1, max-image-preview:large, max-video-preview:-1\" \/>\n<link rel=\"canonical\" href=\"https:\/\/tourcruiser.com\/de\/products\/nike-air-max-90-golf-white-hot-lime\/\" \/>\n<meta property=\"og:locale\" content=\"de_DE\" \/>\n<meta property=\"og:type\" content=\"article\" \/>\n<meta property=\"og:title\" content=\"Nike Air Max 90 Golf &#039;White Hot Lime&#039;  - Tourcruiser PTE. LTD\" \/>\n<meta property=\"og:description\" content=\"Nike Air Max 90 Golf \u201d\u201d White\/Hot Lime\" \/>\n<meta property=\"og:url\" content=\"https:\/\/tourcruiser.com\/de\/products\/nike-air-max-90-golf-white-hot-lime\/\" \/>\n<meta property=\"og:site_name\" content=\"Tourcruiser Sneaker Store\" \/>\n<meta property=\"article:modified_time\" content=\"2026-03-27T17:38:04+00:00\" \/>\n<meta name=\"twitter:card\" content=\"summary_large_image\" \/>\n<meta name=\"twitter:image\" content=\"https:\/\/images.novelship.com\/product\/nike_air_max_90_golf__white_hot_lime__hv9305-103_0_40278.jpeg;https:\/\/images.novelship.com\/product\/nike_air_max_90_golf__white_hot_lime__hv9305-103_1_40278.jpeg;https:\/\/images.novelship.com\/product\/nike_air_max_90_golf__white_hot_lime__hv9305-103_2_40278.jpeg;https:\/\/images.novelship.com\/product\/nike_air_max_90_golf__white_hot_lime__hv9305-103_3_40278.jpeg;https:\/\/images.novelship.com\/product\/nike_air_max_90_golf__white_hot_lime__hv9305-103_4_40278.jpeg;https:\/\/images.novelship.com\/product\/nike_air_max_90_golf__white_hot_lime__hv9305-103_5_40278.jpeg\" \/>\n<meta name=\"twitter:label1\" content=\"Gesch\u00e4tzte Lesezeit\" \/>\n\t<meta name=\"twitter:data1\" content=\"1\u00a0Minute\" \/>\n<script type=\"application\/ld+json\" class=\"yoast-schema-graph\">{\"@context\":\"https:\/\/schema.org\",\"@graph\":[{\"@type\":\"WebPage\",\"@id\":\"https:\/\/tourcruiser.com\/de\/products\/nike-air-max-90-golf-white-hot-lime\/\",\"url\":\"https:\/\/tourcruiser.com\/de\/products\/nike-air-max-90-golf-white-hot-lime\/\",\"name\":\"Nike Air Max 90 Golf 'White Hot Lime' - Tourcruiser PTE. LTD\",\"isPartOf\":{\"@id\":\"https:\/\/tourcruiser.com\/de\/#website\"},\"primaryImageOfPage\":{\"@id\":\"https:\/\/tourcruiser.com\/de\/products\/nike-air-max-90-golf-white-hot-lime\/#primaryimage\"},\"image\":{\"@id\":\"https:\/\/tourcruiser.com\/de\/products\/nike-air-max-90-golf-white-hot-lime\/#primaryimage\"},\"thumbnailUrl\":\"https:\/\/images.novelship.com\/product\/nike_air_max_90_golf__white_hot_lime__hv9305-103_0_40278.jpeg;https:\/\/images.novelship.com\/product\/nike_air_max_90_golf__white_hot_lime__hv9305-103_1_40278.jpeg;https:\/\/images.novelship.com\/product\/nike_air_max_90_golf__white_hot_lime__hv9305-103_2_40278.jpeg;https:\/\/images.novelship.com\/product\/nike_air_max_90_golf__white_hot_lime__hv9305-103_3_40278.jpeg;https:\/\/images.novelship.com\/product\/nike_air_max_90_golf__white_hot_lime__hv9305-103_4_40278.jpeg;https:\/\/images.novelship.com\/product\/nike_air_max_90_golf__white_hot_lime__hv9305-103_5_40278.jpeg\",\"datePublished\":\"2026-03-02T07:34:22+00:00\",\"dateModified\":\"2026-03-27T17:38:04+00:00\",\"breadcrumb\":{\"@id\":\"https:\/\/tourcruiser.com\/de\/products\/nike-air-max-90-golf-white-hot-lime\/#breadcrumb\"},\"inLanguage\":\"de\",\"potentialAction\":[{\"@type\":\"ReadAction\",\"target\":[\"https:\/\/tourcruiser.com\/de\/products\/nike-air-max-90-golf-white-hot-lime\/\"]}]},{\"@type\":\"ImageObject\",\"inLanguage\":\"de\",\"@id\":\"https:\/\/tourcruiser.com\/de\/products\/nike-air-max-90-golf-white-hot-lime\/#primaryimage\",\"url\":\"https:\/\/images.novelship.com\/product\/nike_air_max_90_golf__white_hot_lime__hv9305-103_0_40278.jpeg;https:\/\/images.novelship.com\/product\/nike_air_max_90_golf__white_hot_lime__hv9305-103_1_40278.jpeg;https:\/\/images.novelship.com\/product\/nike_air_max_90_golf__white_hot_lime__hv9305-103_2_40278.jpeg;https:\/\/images.novelship.com\/product\/nike_air_max_90_golf__white_hot_lime__hv9305-103_3_40278.jpeg;https:\/\/images.novelship.com\/product\/nike_air_max_90_golf__white_hot_lime__hv9305-103_4_40278.jpeg;https:\/\/images.novelship.com\/product\/nike_air_max_90_golf__white_hot_lime__hv9305-103_5_40278.jpeg\",\"contentUrl\":\"https:\/\/images.novelship.com\/product\/nike_air_max_90_golf__white_hot_lime__hv9305-103_0_40278.jpeg;https:\/\/images.novelship.com\/product\/nike_air_max_90_golf__white_hot_lime__hv9305-103_1_40278.jpeg;https:\/\/images.novelship.com\/product\/nike_air_max_90_golf__white_hot_lime__hv9305-103_2_40278.jpeg;https:\/\/images.novelship.com\/product\/nike_air_max_90_golf__white_hot_lime__hv9305-103_3_40278.jpeg;https:\/\/images.novelship.com\/product\/nike_air_max_90_golf__white_hot_lime__hv9305-103_4_40278.jpeg;https:\/\/images.novelship.com\/product\/nike_air_max_90_golf__white_hot_lime__hv9305-103_5_40278.jpeg\"},{\"@type\":\"BreadcrumbList\",\"@id\":\"https:\/\/tourcruiser.com\/de\/products\/nike-air-max-90-golf-white-hot-lime\/#breadcrumb\",\"itemListElement\":[{\"@type\":\"ListItem\",\"position\":1,\"name\":\"Home\",\"item\":\"https:\/\/tourcruiser.com\/de\/\"},{\"@type\":\"ListItem\",\"position\":2,\"name\":\"Shop\",\"item\":\"https:\/\/tourcruiser.com\/de\/shop\/\"},{\"@type\":\"ListItem\",\"position\":3,\"name\":\"Nike Air Max 90 Golf 'White Hot Lime'\"}]},{\"@type\":\"WebSite\",\"@id\":\"https:\/\/tourcruiser.com\/de\/#website\",\"url\":\"https:\/\/tourcruiser.com\/de\/\",\"name\":\"Styloral Jewelry Shop\",\"description\":\"Tourcruiser Sneaker Store \u2014 der Ort, an dem das Universum deine Einzigartigkeit trifft.\",\"publisher\":{\"@id\":\"https:\/\/tourcruiser.com\/de\/#organization\"},\"potentialAction\":[{\"@type\":\"SearchAction\",\"target\":{\"@type\":\"EntryPoint\",\"urlTemplate\":\"https:\/\/tourcruiser.com\/de\/?s={search_term_string}\"},\"query-input\":{\"@type\":\"PropertyValueSpecification\",\"valueRequired\":true,\"valueName\":\"search_term_string\"}}],\"inLanguage\":\"de\"},{\"@type\":\"Organization\",\"@id\":\"https:\/\/tourcruiser.com\/de\/#organization\",\"name\":\"STYLORAL PTE. LTD\",\"url\":\"https:\/\/tourcruiser.com\/de\/\",\"logo\":{\"@type\":\"ImageObject\",\"inLanguage\":\"de\",\"@id\":\"https:\/\/tourcruiser.com\/de\/#\/schema\/logo\/image\/\",\"url\":\"https:\/\/www.tourcruiser.com\/wp-content\/uploads\/2025\/12\/logo.png\",\"contentUrl\":\"https:\/\/www.tourcruiser.com\/wp-content\/uploads\/2025\/12\/logo.png\",\"width\":200,\"height\":65,\"caption\":\"STYLORAL PTE. LTD\"},\"image\":{\"@id\":\"https:\/\/tourcruiser.com\/de\/#\/schema\/logo\/image\/\"}}]}<\/script>\n<!-- \/ Yoast SEO plugin. -->","yoast_head_json":{"title":"Nike Air Max 90 Golf 'White Hot Lime'  - Tourcruiser PTE. LTD","robots":{"index":"index","follow":"follow","max-snippet":"max-snippet:-1","max-image-preview":"max-image-preview:large","max-video-preview":"max-video-preview:-1"},"canonical":"https:\/\/tourcruiser.com\/de\/products\/nike-air-max-90-golf-white-hot-lime\/","og_locale":"de_DE","og_type":"article","og_title":"Nike Air Max 90 Golf 'White Hot Lime'  - Tourcruiser PTE. LTD","og_description":"Nike Air Max 90 Golf \u201d\u201d White\/Hot Lime","og_url":"https:\/\/tourcruiser.com\/de\/products\/nike-air-max-90-golf-white-hot-lime\/","og_site_name":"Tourcruiser Sneaker Store","article_modified_time":"2026-03-27T17:38:04+00:00","twitter_card":"summary_large_image","twitter_image":"https:\/\/images.novelship.com\/product\/nike_air_max_90_golf__white_hot_lime__hv9305-103_0_40278.jpeg;https:\/\/images.novelship.com\/product\/nike_air_max_90_golf__white_hot_lime__hv9305-103_1_40278.jpeg;https:\/\/images.novelship.com\/product\/nike_air_max_90_golf__white_hot_lime__hv9305-103_2_40278.jpeg;https:\/\/images.novelship.com\/product\/nike_air_max_90_golf__white_hot_lime__hv9305-103_3_40278.jpeg;https:\/\/images.novelship.com\/product\/nike_air_max_90_golf__white_hot_lime__hv9305-103_4_40278.jpeg;https:\/\/images.novelship.com\/product\/nike_air_max_90_golf__white_hot_lime__hv9305-103_5_40278.jpeg","twitter_misc":{"Gesch\u00e4tzte Lesezeit":"1\u00a0Minute"},"schema":{"@context":"https:\/\/schema.org","@graph":[{"@type":"WebPage","@id":"https:\/\/tourcruiser.com\/de\/products\/nike-air-max-90-golf-white-hot-lime\/","url":"https:\/\/tourcruiser.com\/de\/products\/nike-air-max-90-golf-white-hot-lime\/","name":"Nike Air Max 90 Golf 'White Hot Lime' - Tourcruiser PTE. LTD","isPartOf":{"@id":"https:\/\/tourcruiser.com\/de\/#website"},"primaryImageOfPage":{"@id":"https:\/\/tourcruiser.com\/de\/products\/nike-air-max-90-golf-white-hot-lime\/#primaryimage"},"image":{"@id":"https:\/\/tourcruiser.com\/de\/products\/nike-air-max-90-golf-white-hot-lime\/#primaryimage"},"thumbnailUrl":"https:\/\/images.novelship.com\/product\/nike_air_max_90_golf__white_hot_lime__hv9305-103_0_40278.jpeg;https:\/\/images.novelship.com\/product\/nike_air_max_90_golf__white_hot_lime__hv9305-103_1_40278.jpeg;https:\/\/images.novelship.com\/product\/nike_air_max_90_golf__white_hot_lime__hv9305-103_2_40278.jpeg;https:\/\/images.novelship.com\/product\/nike_air_max_90_golf__white_hot_lime__hv9305-103_3_40278.jpeg;https:\/\/images.novelship.com\/product\/nike_air_max_90_golf__white_hot_lime__hv9305-103_4_40278.jpeg;https:\/\/images.novelship.com\/product\/nike_air_max_90_golf__white_hot_lime__hv9305-103_5_40278.jpeg","datePublished":"2026-03-02T07:34:22+00:00","dateModified":"2026-03-27T17:38:04+00:00","breadcrumb":{"@id":"https:\/\/tourcruiser.com\/de\/products\/nike-air-max-90-golf-white-hot-lime\/#breadcrumb"},"inLanguage":"de","potentialAction":[{"@type":"ReadAction","target":["https:\/\/tourcruiser.com\/de\/products\/nike-air-max-90-golf-white-hot-lime\/"]}]},{"@type":"ImageObject","inLanguage":"de","@id":"https:\/\/tourcruiser.com\/de\/products\/nike-air-max-90-golf-white-hot-lime\/#primaryimage","url":"https:\/\/images.novelship.com\/product\/nike_air_max_90_golf__white_hot_lime__hv9305-103_0_40278.jpeg;https:\/\/images.novelship.com\/product\/nike_air_max_90_golf__white_hot_lime__hv9305-103_1_40278.jpeg;https:\/\/images.novelship.com\/product\/nike_air_max_90_golf__white_hot_lime__hv9305-103_2_40278.jpeg;https:\/\/images.novelship.com\/product\/nike_air_max_90_golf__white_hot_lime__hv9305-103_3_40278.jpeg;https:\/\/images.novelship.com\/product\/nike_air_max_90_golf__white_hot_lime__hv9305-103_4_40278.jpeg;https:\/\/images.novelship.com\/product\/nike_air_max_90_golf__white_hot_lime__hv9305-103_5_40278.jpeg","contentUrl":"https:\/\/images.novelship.com\/product\/nike_air_max_90_golf__white_hot_lime__hv9305-103_0_40278.jpeg;https:\/\/images.novelship.com\/product\/nike_air_max_90_golf__white_hot_lime__hv9305-103_1_40278.jpeg;https:\/\/images.novelship.com\/product\/nike_air_max_90_golf__white_hot_lime__hv9305-103_2_40278.jpeg;https:\/\/images.novelship.com\/product\/nike_air_max_90_golf__white_hot_lime__hv9305-103_3_40278.jpeg;https:\/\/images.novelship.com\/product\/nike_air_max_90_golf__white_hot_lime__hv9305-103_4_40278.jpeg;https:\/\/images.novelship.com\/product\/nike_air_max_90_golf__white_hot_lime__hv9305-103_5_40278.jpeg"},{"@type":"BreadcrumbList","@id":"https:\/\/tourcruiser.com\/de\/products\/nike-air-max-90-golf-white-hot-lime\/#breadcrumb","itemListElement":[{"@type":"ListItem","position":1,"name":"Home","item":"https:\/\/tourcruiser.com\/de\/"},{"@type":"ListItem","position":2,"name":"Shop","item":"https:\/\/tourcruiser.com\/de\/shop\/"},{"@type":"ListItem","position":3,"name":"Nike Air Max 90 Golf 'White Hot Lime'"}]},{"@type":"WebSite","@id":"https:\/\/tourcruiser.com\/de\/#website","url":"https:\/\/tourcruiser.com\/de\/","name":"Styloral Jewelry Shop","description":"Tourcruiser Sneaker Store \u2014 der Ort, an dem das Universum deine Einzigartigkeit trifft.","publisher":{"@id":"https:\/\/tourcruiser.com\/de\/#organization"},"potentialAction":[{"@type":"SearchAction","target":{"@type":"EntryPoint","urlTemplate":"https:\/\/tourcruiser.com\/de\/?s={search_term_string}"},"query-input":{"@type":"PropertyValueSpecification","valueRequired":true,"valueName":"search_term_string"}}],"inLanguage":"de"},{"@type":"Organization","@id":"https:\/\/tourcruiser.com\/de\/#organization","name":"STYLORAL PTE. LTD","url":"https:\/\/tourcruiser.com\/de\/","logo":{"@type":"ImageObject","inLanguage":"de","@id":"https:\/\/tourcruiser.com\/de\/#\/schema\/logo\/image\/","url":"https:\/\/www.tourcruiser.com\/wp-content\/uploads\/2025\/12\/logo.png","contentUrl":"https:\/\/www.tourcruiser.com\/wp-content\/uploads\/2025\/12\/logo.png","width":200,"height":65,"caption":"STYLORAL PTE. LTD"},"image":{"@id":"https:\/\/tourcruiser.com\/de\/#\/schema\/logo\/image\/"}}]}},"_links":{"self":[{"href":"https:\/\/tourcruiser.com\/de\/wp-json\/wp\/v2\/product\/26487","targetHints":{"allow":["GET"]}}],"collection":[{"href":"https:\/\/tourcruiser.com\/de\/wp-json\/wp\/v2\/product"}],"about":[{"href":"https:\/\/tourcruiser.com\/de\/wp-json\/wp\/v2\/types\/product"}],"replies":[{"embeddable":true,"href":"https:\/\/tourcruiser.com\/de\/wp-json\/wp\/v2\/comments?post=26487"}],"wp:featuredmedia":[{"embeddable":true,"href":"https:\/\/tourcruiser.com\/de\/wp-json\/wp\/v2\/media\/26488"}],"wp:attachment":[{"href":"https:\/\/tourcruiser.com\/de\/wp-json\/wp\/v2\/media?parent=26487"}],"wp:term":[{"taxonomy":"product_brand","embeddable":true,"href":"https:\/\/tourcruiser.com\/de\/wp-json\/wp\/v2\/product_brand?post=26487"},{"taxonomy":"product_cat","embeddable":true,"href":"https:\/\/tourcruiser.com\/de\/wp-json\/wp\/v2\/product_cat?post=26487"},{"taxonomy":"product_tag","embeddable":true,"href":"https:\/\/tourcruiser.com\/de\/wp-json\/wp\/v2\/product_tag?post=26487"}],"curies":[{"name":"wp","href":"https:\/\/api.w.org\/{rel}","templated":true}]}}