{"id":26362,"date":"2026-03-02T14:34:12","date_gmt":"2026-03-02T07:34:12","guid":{"rendered":"http:\/\/tourcruiser.com\/product\/nike-p-6000-suede-anthracite-metallic-silver"},"modified":"2026-03-28T00:38:01","modified_gmt":"2026-03-27T17:38:01","slug":"nike-p-6000-suede-anthracite-metallic-silver","status":"publish","type":"product","link":"https:\/\/tourcruiser.com\/de\/products\/nike-p-6000-suede-anthracite-metallic-silver\/","title":{"rendered":"Nike P-6000 Suede Anthracite Metallic Silver"},"content":{"rendered":"<p>Der Nike P-6000 Suede Anthracite Metallic Silver HF0015-002 vereint Retro-\u00c4sthetik und modernen Komfort und ist damit die ideale Kombination aus Style und Performance. Dieser Sneaker besticht durch sein elegantes Anthrazit-Metallic-Silber-Farbschema und die hochwertigen Wildleder-Overlays, die ihm einen erstklassigen Look verleihen. Er ist f\u00fcr den ganzen Tag geeignet und verf\u00fcgt \u00fcber ein atmungsaktives Mesh-Obermaterial f\u00fcr optimale Bel\u00fcftung sowie eine gepolsterte Zwischensohle f\u00fcr hervorragenden Komfort und Halt. Das zeitlose Design ist von Laufschuhen der fr\u00fchen 2000er-Jahre inspiriert und bildet die perfekte Grundlage f\u00fcr deine Casual- oder Sportoutfits. Die strapazierf\u00e4hige Gummisohle bietet exzellente Traktion und macht den Schuh f\u00fcr verschiedene Untergr\u00fcnde und Aktivit\u00e4ten geeignet. Egal ob du in der Stadt unterwegs bist oder mit Freunden entspannst, der Nike P-6000 Suede Anthracite Metallic Silver verleiht deiner Schuhsammlung einen Hauch von Eleganz und Vielseitigkeit. Dieses Modell ist perfekt f\u00fcr Sneaker-Fans und Trendsetter gleicherma\u00dfen und garantiert einen markanten, komfortablen und dynamischen Look, wo immer du auch bist. Ein Must-have f\u00fcr alle, die ikonischen Stil und ganzt\u00e4gigen Tragekomfort suchen.<\/p>\n<ul>\n<li><strong>Farbgebung:<\/strong> Anthrazit\/Chrom\/Metallic-Silber\/Schwarz<\/li>\n<li><strong>Artikelnummer:<\/strong> HF0015-002<\/li>\n<li><strong>Obermaterial:<\/strong> Textil<\/li>\n<li><strong>Farbe:<\/strong> Schwarz<\/li>\n<li><strong>Erscheinungsjahr:<\/strong> 2026<\/li>\n<\/ul>\n","protected":false},"excerpt":{"rendered":"<p>Nike P-6000 Suede \u201d\u201d Anthracite\/Chrome\/Metallic Silver\/Black<\/p>\n","protected":false},"featured_media":26363,"comment_status":"open","ping_status":"closed","template":"","meta":[],"product_brand":[],"product_cat":[10803],"product_tag":[10750,10754,10765,10801,10768,10758],"class_list":{"0":"post-26362","1":"product","2":"type-product","3":"status-publish","4":"has-post-thumbnail","6":"product_cat-nike","7":"product_tag-athleisure-shoes","8":"product_tag-lifestyle-casual-shoes","9":"product_tag-lifestyle-shoes-running-inspired","10":"product_tag-nike","11":"product_tag-retro-running-shoes","12":"product_tag-under-retail","13":"wcpa_has_options","15":"first","16":"outofstock","17":"taxable","18":"shipping-taxable","19":"purchasable","20":"product-type-simple"},"wcpa_form_fields":{"rules":{"pric_overide_base_price":false,"pric_overide_base_price_if_gt_zero":false,"pric_overide_base_price_fully":false,"pric_cal_option_once":false,"pric_use_as_fee":false,"bind_quantity":false,"quantity_bind_formula":false},"fields":[{"type":"color-group","required":true,"elementId":"wcpa-color-group-66c4a75505e74","label":"Gr\u00f6\u00dfe - EU Gr\u00f6\u00dfe","inline":true,"priceOptions":"different_for_all","pricingType":"fixed","className":"hassizechart product-shoes-size-eu product-shoes-size","name":"color-group-66c4a75505e89","disp_type":"square","selection_type":"tick-border","disp_size":"44","show_label_inside":true,"adjust_width":true,"cart_display_type":"text","other_text":"Other","cl_rule":"show","col":6,"values":[{"label":"35.5","value":"EU 35.5","price":"","pimage":"","pimage_id":"","pthumb":"","color":""},{"label":"36","value":"EU 36","price":"","pimage":"","pimage_id":"","pthumb":"","color":"","selected":true},{"label":"36.5","value":"EU 36.5","price":"","pimage":"","pimage_id":"","pthumb":"","color":""},{"label":"37.5","value":"EU 37.5","price":"","pimage":"","pimage_id":"","pthumb":"","color":""},{"label":"38","value":"EU 38","price":"","pimage":"","pimage_id":"","pthumb":"","color":""},{"label":"38.5","value":"EU 38.5","price":"","pimage":"","pimage_id":"","pthumb":"","color":""},{"label":"39","value":"EU 39","price":"","pimage":"","pimage_id":"","pthumb":"","color":""},{"label":"40","value":"EU 40","price":"","pimage":"","pimage_id":"","pthumb":"","color":""},{"label":"40.5","value":"EU 40.5","price":"","pimage":"","pimage_id":"","pthumb":"","color":""},{"label":"41","value":"EU 41","price":"","pimage":"","pimage_id":"","pthumb":"","color":""},{"label":"42","value":"EU 42","price":"","pimage":"","pimage_id":"","pthumb":"","color":""},{"label":"42.5","value":"EU 42.5","price":"","pimage":"","pimage_id":"","pthumb":"","color":""},{"label":"43","value":"EU 43","price":"","pimage":"","pimage_id":"","pthumb":"","color":""},{"label":"44","value":"EU 44","price":"","pimage":"","pimage_id":"","pthumb":"","color":""},{"label":"44.5","value":"EU 44.5","price":"","pimage":"","pimage_id":"","pthumb":"","color":""},{"label":"45","value":"EU 45","price":"","pimage":"","pimage_id":"","pthumb":"","color":""},{"label":"45.5","value":"EU 45.5","price":"","pimage":"","pimage_id":"","pthumb":"","color":""},{"label":"46","value":"EU 46","price":"","pimage":"","pimage_id":"","pthumb":"","color":""},{"label":"47","value":"EU 47","price":"","pimage":"","pimage_id":"","pthumb":"","color":""},{"label":"47.5","value":"EU 47.5","price":"","pimage":"","pimage_id":"","pthumb":"","color":""},{"label":"48","value":"EU 48","price":"","pimage":"","pimage_id":"","pthumb":"","color":""}],"relations":[{"operator":false,"rules":[]}],"form_id":18106,"form_rules":{"pric_cal_option_once":false,"exclude_from_discount":false,"pric_use_as_fee":false,"fee_label":"Fee","render_after_acb":false,"disp_hide_options_price":false}}]},"yoast_head":"<!-- This site is optimized with the Yoast SEO plugin v26.5 - https:\/\/yoast.com\/wordpress\/plugins\/seo\/ -->\n<title>Nike P-6000 Suede Anthracite Metallic Silver  - Tourcruiser PTE. LTD<\/title>\n<meta name=\"robots\" content=\"index, follow, max-snippet:-1, max-image-preview:large, max-video-preview:-1\" \/>\n<link rel=\"canonical\" href=\"https:\/\/tourcruiser.com\/de\/products\/nike-p-6000-suede-anthracite-metallic-silver\/\" \/>\n<meta property=\"og:locale\" content=\"de_DE\" \/>\n<meta property=\"og:type\" content=\"article\" \/>\n<meta property=\"og:title\" content=\"Nike P-6000 Suede Anthracite Metallic Silver  - Tourcruiser PTE. LTD\" \/>\n<meta property=\"og:description\" content=\"Nike P-6000 Suede \u201d\u201d Anthracite\/Chrome\/Metallic Silver\/Black\" \/>\n<meta property=\"og:url\" content=\"https:\/\/tourcruiser.com\/de\/products\/nike-p-6000-suede-anthracite-metallic-silver\/\" \/>\n<meta property=\"og:site_name\" content=\"Tourcruiser Sneaker Store\" \/>\n<meta property=\"article:modified_time\" content=\"2026-03-27T17:38:01+00:00\" \/>\n<meta name=\"twitter:card\" content=\"summary_large_image\" \/>\n<meta name=\"twitter:image\" content=\"https:\/\/images.novelship.com\/product\/nike_p-6000_suede_anthracite_metallic_silver_hf001_0_94905.png;https:\/\/images.novelship.com\/product\/nike_p-6000_suede_anthracite_metallic_silver_hf001_1_94906.png;https:\/\/images.novelship.com\/product\/nike_p-6000_suede_anthracite_metallic_silver_hf001_2_94906.png\" \/>\n<meta name=\"twitter:label1\" content=\"Gesch\u00e4tzte Lesezeit\" \/>\n\t<meta name=\"twitter:data1\" content=\"1\u00a0Minute\" \/>\n<script type=\"application\/ld+json\" class=\"yoast-schema-graph\">{\"@context\":\"https:\/\/schema.org\",\"@graph\":[{\"@type\":\"WebPage\",\"@id\":\"https:\/\/tourcruiser.com\/de\/products\/nike-p-6000-suede-anthracite-metallic-silver\/\",\"url\":\"https:\/\/tourcruiser.com\/de\/products\/nike-p-6000-suede-anthracite-metallic-silver\/\",\"name\":\"Nike P-6000 Suede Anthracite Metallic Silver - Tourcruiser PTE. LTD\",\"isPartOf\":{\"@id\":\"https:\/\/tourcruiser.com\/de\/#website\"},\"primaryImageOfPage\":{\"@id\":\"https:\/\/tourcruiser.com\/de\/products\/nike-p-6000-suede-anthracite-metallic-silver\/#primaryimage\"},\"image\":{\"@id\":\"https:\/\/tourcruiser.com\/de\/products\/nike-p-6000-suede-anthracite-metallic-silver\/#primaryimage\"},\"thumbnailUrl\":\"https:\/\/images.novelship.com\/product\/nike_p-6000_suede_anthracite_metallic_silver_hf001_0_94905.png;https:\/\/images.novelship.com\/product\/nike_p-6000_suede_anthracite_metallic_silver_hf001_1_94906.png;https:\/\/images.novelship.com\/product\/nike_p-6000_suede_anthracite_metallic_silver_hf001_2_94906.png\",\"datePublished\":\"2026-03-02T07:34:12+00:00\",\"dateModified\":\"2026-03-27T17:38:01+00:00\",\"breadcrumb\":{\"@id\":\"https:\/\/tourcruiser.com\/de\/products\/nike-p-6000-suede-anthracite-metallic-silver\/#breadcrumb\"},\"inLanguage\":\"de\",\"potentialAction\":[{\"@type\":\"ReadAction\",\"target\":[\"https:\/\/tourcruiser.com\/de\/products\/nike-p-6000-suede-anthracite-metallic-silver\/\"]}]},{\"@type\":\"ImageObject\",\"inLanguage\":\"de\",\"@id\":\"https:\/\/tourcruiser.com\/de\/products\/nike-p-6000-suede-anthracite-metallic-silver\/#primaryimage\",\"url\":\"https:\/\/images.novelship.com\/product\/nike_p-6000_suede_anthracite_metallic_silver_hf001_0_94905.png;https:\/\/images.novelship.com\/product\/nike_p-6000_suede_anthracite_metallic_silver_hf001_1_94906.png;https:\/\/images.novelship.com\/product\/nike_p-6000_suede_anthracite_metallic_silver_hf001_2_94906.png\",\"contentUrl\":\"https:\/\/images.novelship.com\/product\/nike_p-6000_suede_anthracite_metallic_silver_hf001_0_94905.png;https:\/\/images.novelship.com\/product\/nike_p-6000_suede_anthracite_metallic_silver_hf001_1_94906.png;https:\/\/images.novelship.com\/product\/nike_p-6000_suede_anthracite_metallic_silver_hf001_2_94906.png\"},{\"@type\":\"BreadcrumbList\",\"@id\":\"https:\/\/tourcruiser.com\/de\/products\/nike-p-6000-suede-anthracite-metallic-silver\/#breadcrumb\",\"itemListElement\":[{\"@type\":\"ListItem\",\"position\":1,\"name\":\"Home\",\"item\":\"https:\/\/tourcruiser.com\/de\/\"},{\"@type\":\"ListItem\",\"position\":2,\"name\":\"Shop\",\"item\":\"https:\/\/tourcruiser.com\/de\/shop\/\"},{\"@type\":\"ListItem\",\"position\":3,\"name\":\"Nike P-6000 Suede Anthracite Metallic Silver\"}]},{\"@type\":\"WebSite\",\"@id\":\"https:\/\/tourcruiser.com\/de\/#website\",\"url\":\"https:\/\/tourcruiser.com\/de\/\",\"name\":\"Styloral Jewelry Shop\",\"description\":\"Tourcruiser Sneaker Store \u2014 der Ort, an dem das Universum deine Einzigartigkeit trifft.\",\"publisher\":{\"@id\":\"https:\/\/tourcruiser.com\/de\/#organization\"},\"potentialAction\":[{\"@type\":\"SearchAction\",\"target\":{\"@type\":\"EntryPoint\",\"urlTemplate\":\"https:\/\/tourcruiser.com\/de\/?s={search_term_string}\"},\"query-input\":{\"@type\":\"PropertyValueSpecification\",\"valueRequired\":true,\"valueName\":\"search_term_string\"}}],\"inLanguage\":\"de\"},{\"@type\":\"Organization\",\"@id\":\"https:\/\/tourcruiser.com\/de\/#organization\",\"name\":\"STYLORAL PTE. LTD\",\"url\":\"https:\/\/tourcruiser.com\/de\/\",\"logo\":{\"@type\":\"ImageObject\",\"inLanguage\":\"de\",\"@id\":\"https:\/\/tourcruiser.com\/de\/#\/schema\/logo\/image\/\",\"url\":\"https:\/\/www.tourcruiser.com\/wp-content\/uploads\/2025\/12\/logo.png\",\"contentUrl\":\"https:\/\/www.tourcruiser.com\/wp-content\/uploads\/2025\/12\/logo.png\",\"width\":200,\"height\":65,\"caption\":\"STYLORAL PTE. LTD\"},\"image\":{\"@id\":\"https:\/\/tourcruiser.com\/de\/#\/schema\/logo\/image\/\"}}]}<\/script>\n<!-- \/ Yoast SEO plugin. -->","yoast_head_json":{"title":"Nike P-6000 Suede Anthracite Metallic Silver  - Tourcruiser PTE. LTD","robots":{"index":"index","follow":"follow","max-snippet":"max-snippet:-1","max-image-preview":"max-image-preview:large","max-video-preview":"max-video-preview:-1"},"canonical":"https:\/\/tourcruiser.com\/de\/products\/nike-p-6000-suede-anthracite-metallic-silver\/","og_locale":"de_DE","og_type":"article","og_title":"Nike P-6000 Suede Anthracite Metallic Silver  - Tourcruiser PTE. LTD","og_description":"Nike P-6000 Suede \u201d\u201d Anthracite\/Chrome\/Metallic Silver\/Black","og_url":"https:\/\/tourcruiser.com\/de\/products\/nike-p-6000-suede-anthracite-metallic-silver\/","og_site_name":"Tourcruiser Sneaker Store","article_modified_time":"2026-03-27T17:38:01+00:00","twitter_card":"summary_large_image","twitter_image":"https:\/\/images.novelship.com\/product\/nike_p-6000_suede_anthracite_metallic_silver_hf001_0_94905.png;https:\/\/images.novelship.com\/product\/nike_p-6000_suede_anthracite_metallic_silver_hf001_1_94906.png;https:\/\/images.novelship.com\/product\/nike_p-6000_suede_anthracite_metallic_silver_hf001_2_94906.png","twitter_misc":{"Gesch\u00e4tzte Lesezeit":"1\u00a0Minute"},"schema":{"@context":"https:\/\/schema.org","@graph":[{"@type":"WebPage","@id":"https:\/\/tourcruiser.com\/de\/products\/nike-p-6000-suede-anthracite-metallic-silver\/","url":"https:\/\/tourcruiser.com\/de\/products\/nike-p-6000-suede-anthracite-metallic-silver\/","name":"Nike P-6000 Suede Anthracite Metallic Silver - Tourcruiser PTE. LTD","isPartOf":{"@id":"https:\/\/tourcruiser.com\/de\/#website"},"primaryImageOfPage":{"@id":"https:\/\/tourcruiser.com\/de\/products\/nike-p-6000-suede-anthracite-metallic-silver\/#primaryimage"},"image":{"@id":"https:\/\/tourcruiser.com\/de\/products\/nike-p-6000-suede-anthracite-metallic-silver\/#primaryimage"},"thumbnailUrl":"https:\/\/images.novelship.com\/product\/nike_p-6000_suede_anthracite_metallic_silver_hf001_0_94905.png;https:\/\/images.novelship.com\/product\/nike_p-6000_suede_anthracite_metallic_silver_hf001_1_94906.png;https:\/\/images.novelship.com\/product\/nike_p-6000_suede_anthracite_metallic_silver_hf001_2_94906.png","datePublished":"2026-03-02T07:34:12+00:00","dateModified":"2026-03-27T17:38:01+00:00","breadcrumb":{"@id":"https:\/\/tourcruiser.com\/de\/products\/nike-p-6000-suede-anthracite-metallic-silver\/#breadcrumb"},"inLanguage":"de","potentialAction":[{"@type":"ReadAction","target":["https:\/\/tourcruiser.com\/de\/products\/nike-p-6000-suede-anthracite-metallic-silver\/"]}]},{"@type":"ImageObject","inLanguage":"de","@id":"https:\/\/tourcruiser.com\/de\/products\/nike-p-6000-suede-anthracite-metallic-silver\/#primaryimage","url":"https:\/\/images.novelship.com\/product\/nike_p-6000_suede_anthracite_metallic_silver_hf001_0_94905.png;https:\/\/images.novelship.com\/product\/nike_p-6000_suede_anthracite_metallic_silver_hf001_1_94906.png;https:\/\/images.novelship.com\/product\/nike_p-6000_suede_anthracite_metallic_silver_hf001_2_94906.png","contentUrl":"https:\/\/images.novelship.com\/product\/nike_p-6000_suede_anthracite_metallic_silver_hf001_0_94905.png;https:\/\/images.novelship.com\/product\/nike_p-6000_suede_anthracite_metallic_silver_hf001_1_94906.png;https:\/\/images.novelship.com\/product\/nike_p-6000_suede_anthracite_metallic_silver_hf001_2_94906.png"},{"@type":"BreadcrumbList","@id":"https:\/\/tourcruiser.com\/de\/products\/nike-p-6000-suede-anthracite-metallic-silver\/#breadcrumb","itemListElement":[{"@type":"ListItem","position":1,"name":"Home","item":"https:\/\/tourcruiser.com\/de\/"},{"@type":"ListItem","position":2,"name":"Shop","item":"https:\/\/tourcruiser.com\/de\/shop\/"},{"@type":"ListItem","position":3,"name":"Nike P-6000 Suede Anthracite Metallic Silver"}]},{"@type":"WebSite","@id":"https:\/\/tourcruiser.com\/de\/#website","url":"https:\/\/tourcruiser.com\/de\/","name":"Styloral Jewelry Shop","description":"Tourcruiser Sneaker Store \u2014 der Ort, an dem das Universum deine Einzigartigkeit trifft.","publisher":{"@id":"https:\/\/tourcruiser.com\/de\/#organization"},"potentialAction":[{"@type":"SearchAction","target":{"@type":"EntryPoint","urlTemplate":"https:\/\/tourcruiser.com\/de\/?s={search_term_string}"},"query-input":{"@type":"PropertyValueSpecification","valueRequired":true,"valueName":"search_term_string"}}],"inLanguage":"de"},{"@type":"Organization","@id":"https:\/\/tourcruiser.com\/de\/#organization","name":"STYLORAL PTE. LTD","url":"https:\/\/tourcruiser.com\/de\/","logo":{"@type":"ImageObject","inLanguage":"de","@id":"https:\/\/tourcruiser.com\/de\/#\/schema\/logo\/image\/","url":"https:\/\/www.tourcruiser.com\/wp-content\/uploads\/2025\/12\/logo.png","contentUrl":"https:\/\/www.tourcruiser.com\/wp-content\/uploads\/2025\/12\/logo.png","width":200,"height":65,"caption":"STYLORAL PTE. LTD"},"image":{"@id":"https:\/\/tourcruiser.com\/de\/#\/schema\/logo\/image\/"}}]}},"_links":{"self":[{"href":"https:\/\/tourcruiser.com\/de\/wp-json\/wp\/v2\/product\/26362","targetHints":{"allow":["GET"]}}],"collection":[{"href":"https:\/\/tourcruiser.com\/de\/wp-json\/wp\/v2\/product"}],"about":[{"href":"https:\/\/tourcruiser.com\/de\/wp-json\/wp\/v2\/types\/product"}],"replies":[{"embeddable":true,"href":"https:\/\/tourcruiser.com\/de\/wp-json\/wp\/v2\/comments?post=26362"}],"wp:featuredmedia":[{"embeddable":true,"href":"https:\/\/tourcruiser.com\/de\/wp-json\/wp\/v2\/media\/26363"}],"wp:attachment":[{"href":"https:\/\/tourcruiser.com\/de\/wp-json\/wp\/v2\/media?parent=26362"}],"wp:term":[{"taxonomy":"product_brand","embeddable":true,"href":"https:\/\/tourcruiser.com\/de\/wp-json\/wp\/v2\/product_brand?post=26362"},{"taxonomy":"product_cat","embeddable":true,"href":"https:\/\/tourcruiser.com\/de\/wp-json\/wp\/v2\/product_cat?post=26362"},{"taxonomy":"product_tag","embeddable":true,"href":"https:\/\/tourcruiser.com\/de\/wp-json\/wp\/v2\/product_tag?post=26362"}],"curies":[{"name":"wp","href":"https:\/\/api.w.org\/{rel}","templated":true}]}}