{"id":26128,"date":"2026-03-02T14:33:53","date_gmt":"2026-03-02T07:33:53","guid":{"rendered":"http:\/\/tourcruiser.com\/product\/women-adidas-handball-spezial-collegiate-green-pink-velvet"},"modified":"2026-03-28T00:37:54","modified_gmt":"2026-03-27T17:37:54","slug":"women-adidas-handball-spezial-collegiate-green-pink-velvet","status":"publish","type":"product","link":"https:\/\/tourcruiser.com\/de\/products\/women-adidas-handball-spezial-collegiate-green-pink-velvet\/","title":{"rendered":"(Women) adidas Handball Spezial &#8218;Collegiate Green Pink Velvet&#8216;"},"content":{"rendered":"<p>Erleben Sie unvergleichliche Performance und Style mit den Handball Spezial Sneakers JI2648 \u201d\u201c designt f\u00fcr moderne Athleten und Trendsetter. Urspr\u00fcnglich f\u00fcr Handball-Profis entwickelt, vereinen diese Sneakers nahtlos Retro-Flair mit fortschrittlicher Funktionalit\u00e4t und erf\u00fcllen so die Anforderungen von Sport und Lifestyle.<\/p>\n<p>Das hochwertige Obermaterial aus Wildleder bietet Strapazierf\u00e4higkeit und eine klassische Optik, w\u00e4hrend das leichte Design ganzt\u00e4gigen Tragekomfort garantiert \u201d\u201c egal ob auf dem Court oder in der Freizeit. Die Gummisohle sorgt f\u00fcr hervorragenden Grip und Traktion und bietet Stabilit\u00e4t bei intensivem Spiel oder im Alltag. Eine gepolsterte Zwischensohle verbessert die Unterst\u00fctzung und gibt Ihnen das n\u00f6tige Selbstvertrauen, um Ihr Spiel zu optimieren oder Ihren Look aufzuwerten.<\/p>\n<p>Die Handball Spezial Sneakers JI2648 vereinen zeitloses Design und optimale Performance und sind ideal f\u00fcr Sportler, Sammler und Sneaker-Fans, die bei jedem Schritt Wert auf Qualit\u00e4t und Stil legen.<\/p>\n<ul>\n<li><strong>Farbgebung:<\/strong> Collegiate Green\/Clear Pink\/Cream White<\/li>\n<li><strong>Artikelnummer:<\/strong> JI2648<\/li>\n<li><strong>Obermaterial:<\/strong> Samt<\/li>\n<li><strong>Farbe:<\/strong> Gr\u00fcn<\/li>\n<\/ul>\n","protected":false},"excerpt":{"rendered":"<p>adidas Handball Spezial \u201d\u201d Collegiate Green\/Clear Pink\/Cream White<\/p>\n","protected":false},"featured_media":26129,"comment_status":"open","ping_status":"closed","template":"","meta":[],"product_brand":[],"product_cat":[10941],"product_tag":[11169],"class_list":{"0":"post-26128","1":"product","2":"type-product","3":"status-publish","4":"has-post-thumbnail","6":"product_cat-adidas-women","7":"product_tag-small-special-price","8":"wcpa_has_options","10":"first","11":"outofstock","12":"taxable","13":"shipping-taxable","14":"purchasable","15":"product-type-simple"},"wcpa_form_fields":{"rules":{"pric_overide_base_price":false,"pric_overide_base_price_if_gt_zero":false,"pric_overide_base_price_fully":false,"pric_cal_option_once":false,"pric_use_as_fee":false,"bind_quantity":false,"quantity_bind_formula":false},"fields":[{"type":"color-group","required":true,"elementId":"wcpa-color-group-66c4a7f817afe","label":"Gr\u00f6\u00dfe","inline":true,"priceOptions":"different_for_all","pricingType":"fixed","className":"hassizechart product-shoes-size-eu product-shoes-size","name":"color-group-66c4a7f817b18","disp_type":"square","selection_type":"tick-border","disp_size":"50","show_label_inside":true,"adjust_width":true,"cart_display_type":"text","other_text":"Other","cl_rule":"show","col":6,"values":[{"label":"35","value":"EU 35","price":"","pimage":"","pimage_id":"","pthumb":"","color":""},{"label":"35.5","value":"EU 35.5","price":"","pimage":"","pimage_id":"","pthumb":"","color":""},{"label":"36","value":"EU 36","price":"","pimage":"","pimage_id":"","pthumb":"","color":"","selected":true},{"label":"36 2\/3","value":"EU 36 2\/3","price":"","pimage":"","pimage_id":"","pthumb":"","color":""},{"label":"37 1\/3","value":"EU 37 1\/3","price":"","pimage":"","pimage_id":"","pthumb":"","color":""},{"label":"38","value":"EU 38","price":"","pimage":"","pimage_id":"","pthumb":"","color":""},{"label":"38 2\/3","value":"EU 38 2\/3","price":"","pimage":"","pimage_id":"","pthumb":"","color":""},{"label":"39 1\/3","value":"EU 39 1\/3","price":"","pimage":"","pimage_id":"","pthumb":"","color":""},{"label":"40","value":"EU 40","price":"","pimage":"","pimage_id":"","pthumb":"","color":""},{"label":"40 2\/3","value":"EU 40 2\/3","price":"","pimage":"","pimage_id":"","pthumb":"","color":""},{"label":"41 1\/3","value":"EU 41 1\/3","price":"","pimage":"","pimage_id":"","pthumb":"","color":""},{"label":"42","value":"EU 42","price":"","pimage":"","pimage_id":"","pthumb":"","color":""},{"label":"42 2\/3","value":"EU 42 2\/3","price":"","pimage":"","pimage_id":"","pthumb":"","color":""},{"label":"43 1\/3","value":"EU 43 1\/3","price":"","pimage":"","pimage_id":"","pthumb":"","color":""},{"label":"44","value":"EU 44","price":"","pimage":"","pimage_id":"","pthumb":"","color":""},{"label":"44 2\/3","value":"EU 44 2\/3","price":"","pimage":"","pimage_id":"","pthumb":"","color":""},{"label":"45 1\/3","value":"EU 45 1\/3","price":"","pimage":"","pimage_id":"","pthumb":"","color":""},{"label":"46","value":"EU 46","price":"","pimage":"","pimage_id":"","pthumb":"","color":""},{"label":"46 2\/3","value":"EU 46 2\/3","price":"","pimage":"","pimage_id":"","pthumb":"","color":""},{"label":"47 1\/3","value":"EU 47 1\/3","price":"","pimage":"","pimage_id":"","pthumb":"","color":""}],"relations":[{"operator":false,"rules":[]}],"form_id":24802,"form_rules":{"pric_cal_option_once":false,"exclude_from_discount":false,"pric_use_as_fee":false,"fee_label":"Fee","render_after_acb":false,"disp_hide_options_price":false}}]},"yoast_head":"<!-- This site is optimized with the Yoast SEO plugin v26.5 - https:\/\/yoast.com\/wordpress\/plugins\/seo\/ -->\n<title>(Women) adidas Handball Spezial &#039;Collegiate Green Pink Velvet&#039;  - Tourcruiser PTE. LTD<\/title>\n<meta name=\"robots\" content=\"index, follow, max-snippet:-1, max-image-preview:large, max-video-preview:-1\" \/>\n<link rel=\"canonical\" href=\"https:\/\/tourcruiser.com\/de\/products\/women-adidas-handball-spezial-collegiate-green-pink-velvet\/\" \/>\n<meta property=\"og:locale\" content=\"de_DE\" \/>\n<meta property=\"og:type\" content=\"article\" \/>\n<meta property=\"og:title\" content=\"(Women) adidas Handball Spezial &#039;Collegiate Green Pink Velvet&#039;  - Tourcruiser PTE. LTD\" \/>\n<meta property=\"og:description\" content=\"adidas Handball Spezial \u201d\u201d Collegiate Green\/Clear Pink\/Cream White\" \/>\n<meta property=\"og:url\" content=\"https:\/\/tourcruiser.com\/de\/products\/women-adidas-handball-spezial-collegiate-green-pink-velvet\/\" \/>\n<meta property=\"og:site_name\" content=\"Tourcruiser Sneaker Store\" \/>\n<meta property=\"article:modified_time\" content=\"2026-03-27T17:37:54+00:00\" \/>\n<meta name=\"twitter:card\" content=\"summary_large_image\" \/>\n<meta name=\"twitter:image\" content=\"https:\/\/images.novelship.com\/product\/_women__adidas_handball_spezial__collegiate_green__0_8628.jpeg;https:\/\/images.novelship.com\/product\/_women__adidas_handball_spezial__collegiate_green__1_8628.jpeg;https:\/\/images.novelship.com\/product\/_women__adidas_handball_spezial__collegiate_green__2_8628.jpeg;https:\/\/images.novelship.com\/product\/_women__adidas_handball_spezial__collegiate_green__3_8628.jpeg;https:\/\/images.novelship.com\/product\/_women__adidas_handball_spezial__collegiate_green__4_8628.jpeg;https:\/\/images.novelship.com\/product\/_women__adidas_handball_spezial__collegiate_green__5_8628.jpeg;https:\/\/images.novelship.com\/product\/_women__adidas_handball_spezial__collegiate_green__6_8628.jpeg;https:\/\/images.novelship.com\/product\/_women__adidas_handball_spezial__collegiate_green__7_8628.jpeg;https:\/\/images.novelship.com\/product\/_women__adidas_handball_spezial__collegiate_green__8_8628.jpeg\" \/>\n<meta name=\"twitter:label1\" content=\"Gesch\u00e4tzte Lesezeit\" \/>\n\t<meta name=\"twitter:data1\" content=\"1\u00a0Minute\" \/>\n<script type=\"application\/ld+json\" class=\"yoast-schema-graph\">{\"@context\":\"https:\/\/schema.org\",\"@graph\":[{\"@type\":\"WebPage\",\"@id\":\"https:\/\/tourcruiser.com\/de\/products\/women-adidas-handball-spezial-collegiate-green-pink-velvet\/\",\"url\":\"https:\/\/tourcruiser.com\/de\/products\/women-adidas-handball-spezial-collegiate-green-pink-velvet\/\",\"name\":\"(Women) adidas Handball Spezial 'Collegiate Green Pink Velvet' - Tourcruiser PTE. LTD\",\"isPartOf\":{\"@id\":\"https:\/\/tourcruiser.com\/de\/#website\"},\"primaryImageOfPage\":{\"@id\":\"https:\/\/tourcruiser.com\/de\/products\/women-adidas-handball-spezial-collegiate-green-pink-velvet\/#primaryimage\"},\"image\":{\"@id\":\"https:\/\/tourcruiser.com\/de\/products\/women-adidas-handball-spezial-collegiate-green-pink-velvet\/#primaryimage\"},\"thumbnailUrl\":\"https:\/\/images.novelship.com\/product\/_women__adidas_handball_spezial__collegiate_green__0_8628.jpeg;https:\/\/images.novelship.com\/product\/_women__adidas_handball_spezial__collegiate_green__1_8628.jpeg;https:\/\/images.novelship.com\/product\/_women__adidas_handball_spezial__collegiate_green__2_8628.jpeg;https:\/\/images.novelship.com\/product\/_women__adidas_handball_spezial__collegiate_green__3_8628.jpeg;https:\/\/images.novelship.com\/product\/_women__adidas_handball_spezial__collegiate_green__4_8628.jpeg;https:\/\/images.novelship.com\/product\/_women__adidas_handball_spezial__collegiate_green__5_8628.jpeg;https:\/\/images.novelship.com\/product\/_women__adidas_handball_spezial__collegiate_green__6_8628.jpeg;https:\/\/images.novelship.com\/product\/_women__adidas_handball_spezial__collegiate_green__7_8628.jpeg;https:\/\/images.novelship.com\/product\/_women__adidas_handball_spezial__collegiate_green__8_8628.jpeg\",\"datePublished\":\"2026-03-02T07:33:53+00:00\",\"dateModified\":\"2026-03-27T17:37:54+00:00\",\"breadcrumb\":{\"@id\":\"https:\/\/tourcruiser.com\/de\/products\/women-adidas-handball-spezial-collegiate-green-pink-velvet\/#breadcrumb\"},\"inLanguage\":\"de\",\"potentialAction\":[{\"@type\":\"ReadAction\",\"target\":[\"https:\/\/tourcruiser.com\/de\/products\/women-adidas-handball-spezial-collegiate-green-pink-velvet\/\"]}]},{\"@type\":\"ImageObject\",\"inLanguage\":\"de\",\"@id\":\"https:\/\/tourcruiser.com\/de\/products\/women-adidas-handball-spezial-collegiate-green-pink-velvet\/#primaryimage\",\"url\":\"https:\/\/images.novelship.com\/product\/_women__adidas_handball_spezial__collegiate_green__0_8628.jpeg;https:\/\/images.novelship.com\/product\/_women__adidas_handball_spezial__collegiate_green__1_8628.jpeg;https:\/\/images.novelship.com\/product\/_women__adidas_handball_spezial__collegiate_green__2_8628.jpeg;https:\/\/images.novelship.com\/product\/_women__adidas_handball_spezial__collegiate_green__3_8628.jpeg;https:\/\/images.novelship.com\/product\/_women__adidas_handball_spezial__collegiate_green__4_8628.jpeg;https:\/\/images.novelship.com\/product\/_women__adidas_handball_spezial__collegiate_green__5_8628.jpeg;https:\/\/images.novelship.com\/product\/_women__adidas_handball_spezial__collegiate_green__6_8628.jpeg;https:\/\/images.novelship.com\/product\/_women__adidas_handball_spezial__collegiate_green__7_8628.jpeg;https:\/\/images.novelship.com\/product\/_women__adidas_handball_spezial__collegiate_green__8_8628.jpeg\",\"contentUrl\":\"https:\/\/images.novelship.com\/product\/_women__adidas_handball_spezial__collegiate_green__0_8628.jpeg;https:\/\/images.novelship.com\/product\/_women__adidas_handball_spezial__collegiate_green__1_8628.jpeg;https:\/\/images.novelship.com\/product\/_women__adidas_handball_spezial__collegiate_green__2_8628.jpeg;https:\/\/images.novelship.com\/product\/_women__adidas_handball_spezial__collegiate_green__3_8628.jpeg;https:\/\/images.novelship.com\/product\/_women__adidas_handball_spezial__collegiate_green__4_8628.jpeg;https:\/\/images.novelship.com\/product\/_women__adidas_handball_spezial__collegiate_green__5_8628.jpeg;https:\/\/images.novelship.com\/product\/_women__adidas_handball_spezial__collegiate_green__6_8628.jpeg;https:\/\/images.novelship.com\/product\/_women__adidas_handball_spezial__collegiate_green__7_8628.jpeg;https:\/\/images.novelship.com\/product\/_women__adidas_handball_spezial__collegiate_green__8_8628.jpeg\"},{\"@type\":\"BreadcrumbList\",\"@id\":\"https:\/\/tourcruiser.com\/de\/products\/women-adidas-handball-spezial-collegiate-green-pink-velvet\/#breadcrumb\",\"itemListElement\":[{\"@type\":\"ListItem\",\"position\":1,\"name\":\"Home\",\"item\":\"https:\/\/tourcruiser.com\/de\/\"},{\"@type\":\"ListItem\",\"position\":2,\"name\":\"Shop\",\"item\":\"https:\/\/tourcruiser.com\/de\/shop\/\"},{\"@type\":\"ListItem\",\"position\":3,\"name\":\"(Women) adidas Handball Spezial 'Collegiate Green Pink Velvet'\"}]},{\"@type\":\"WebSite\",\"@id\":\"https:\/\/tourcruiser.com\/de\/#website\",\"url\":\"https:\/\/tourcruiser.com\/de\/\",\"name\":\"Styloral Jewelry Shop\",\"description\":\"Tourcruiser Sneaker Store \u2014 der Ort, an dem das Universum deine Einzigartigkeit trifft.\",\"publisher\":{\"@id\":\"https:\/\/tourcruiser.com\/de\/#organization\"},\"potentialAction\":[{\"@type\":\"SearchAction\",\"target\":{\"@type\":\"EntryPoint\",\"urlTemplate\":\"https:\/\/tourcruiser.com\/de\/?s={search_term_string}\"},\"query-input\":{\"@type\":\"PropertyValueSpecification\",\"valueRequired\":true,\"valueName\":\"search_term_string\"}}],\"inLanguage\":\"de\"},{\"@type\":\"Organization\",\"@id\":\"https:\/\/tourcruiser.com\/de\/#organization\",\"name\":\"STYLORAL PTE. LTD\",\"url\":\"https:\/\/tourcruiser.com\/de\/\",\"logo\":{\"@type\":\"ImageObject\",\"inLanguage\":\"de\",\"@id\":\"https:\/\/tourcruiser.com\/de\/#\/schema\/logo\/image\/\",\"url\":\"https:\/\/www.tourcruiser.com\/wp-content\/uploads\/2025\/12\/logo.png\",\"contentUrl\":\"https:\/\/www.tourcruiser.com\/wp-content\/uploads\/2025\/12\/logo.png\",\"width\":200,\"height\":65,\"caption\":\"STYLORAL PTE. LTD\"},\"image\":{\"@id\":\"https:\/\/tourcruiser.com\/de\/#\/schema\/logo\/image\/\"}}]}<\/script>\n<!-- \/ Yoast SEO plugin. -->","yoast_head_json":{"title":"(Women) adidas Handball Spezial 'Collegiate Green Pink Velvet'  - Tourcruiser PTE. LTD","robots":{"index":"index","follow":"follow","max-snippet":"max-snippet:-1","max-image-preview":"max-image-preview:large","max-video-preview":"max-video-preview:-1"},"canonical":"https:\/\/tourcruiser.com\/de\/products\/women-adidas-handball-spezial-collegiate-green-pink-velvet\/","og_locale":"de_DE","og_type":"article","og_title":"(Women) adidas Handball Spezial 'Collegiate Green Pink Velvet'  - Tourcruiser PTE. LTD","og_description":"adidas Handball Spezial \u201d\u201d Collegiate Green\/Clear Pink\/Cream White","og_url":"https:\/\/tourcruiser.com\/de\/products\/women-adidas-handball-spezial-collegiate-green-pink-velvet\/","og_site_name":"Tourcruiser Sneaker Store","article_modified_time":"2026-03-27T17:37:54+00:00","twitter_card":"summary_large_image","twitter_image":"https:\/\/images.novelship.com\/product\/_women__adidas_handball_spezial__collegiate_green__0_8628.jpeg;https:\/\/images.novelship.com\/product\/_women__adidas_handball_spezial__collegiate_green__1_8628.jpeg;https:\/\/images.novelship.com\/product\/_women__adidas_handball_spezial__collegiate_green__2_8628.jpeg;https:\/\/images.novelship.com\/product\/_women__adidas_handball_spezial__collegiate_green__3_8628.jpeg;https:\/\/images.novelship.com\/product\/_women__adidas_handball_spezial__collegiate_green__4_8628.jpeg;https:\/\/images.novelship.com\/product\/_women__adidas_handball_spezial__collegiate_green__5_8628.jpeg;https:\/\/images.novelship.com\/product\/_women__adidas_handball_spezial__collegiate_green__6_8628.jpeg;https:\/\/images.novelship.com\/product\/_women__adidas_handball_spezial__collegiate_green__7_8628.jpeg;https:\/\/images.novelship.com\/product\/_women__adidas_handball_spezial__collegiate_green__8_8628.jpeg","twitter_misc":{"Gesch\u00e4tzte Lesezeit":"1\u00a0Minute"},"schema":{"@context":"https:\/\/schema.org","@graph":[{"@type":"WebPage","@id":"https:\/\/tourcruiser.com\/de\/products\/women-adidas-handball-spezial-collegiate-green-pink-velvet\/","url":"https:\/\/tourcruiser.com\/de\/products\/women-adidas-handball-spezial-collegiate-green-pink-velvet\/","name":"(Women) adidas Handball Spezial 'Collegiate Green Pink Velvet' - Tourcruiser PTE. LTD","isPartOf":{"@id":"https:\/\/tourcruiser.com\/de\/#website"},"primaryImageOfPage":{"@id":"https:\/\/tourcruiser.com\/de\/products\/women-adidas-handball-spezial-collegiate-green-pink-velvet\/#primaryimage"},"image":{"@id":"https:\/\/tourcruiser.com\/de\/products\/women-adidas-handball-spezial-collegiate-green-pink-velvet\/#primaryimage"},"thumbnailUrl":"https:\/\/images.novelship.com\/product\/_women__adidas_handball_spezial__collegiate_green__0_8628.jpeg;https:\/\/images.novelship.com\/product\/_women__adidas_handball_spezial__collegiate_green__1_8628.jpeg;https:\/\/images.novelship.com\/product\/_women__adidas_handball_spezial__collegiate_green__2_8628.jpeg;https:\/\/images.novelship.com\/product\/_women__adidas_handball_spezial__collegiate_green__3_8628.jpeg;https:\/\/images.novelship.com\/product\/_women__adidas_handball_spezial__collegiate_green__4_8628.jpeg;https:\/\/images.novelship.com\/product\/_women__adidas_handball_spezial__collegiate_green__5_8628.jpeg;https:\/\/images.novelship.com\/product\/_women__adidas_handball_spezial__collegiate_green__6_8628.jpeg;https:\/\/images.novelship.com\/product\/_women__adidas_handball_spezial__collegiate_green__7_8628.jpeg;https:\/\/images.novelship.com\/product\/_women__adidas_handball_spezial__collegiate_green__8_8628.jpeg","datePublished":"2026-03-02T07:33:53+00:00","dateModified":"2026-03-27T17:37:54+00:00","breadcrumb":{"@id":"https:\/\/tourcruiser.com\/de\/products\/women-adidas-handball-spezial-collegiate-green-pink-velvet\/#breadcrumb"},"inLanguage":"de","potentialAction":[{"@type":"ReadAction","target":["https:\/\/tourcruiser.com\/de\/products\/women-adidas-handball-spezial-collegiate-green-pink-velvet\/"]}]},{"@type":"ImageObject","inLanguage":"de","@id":"https:\/\/tourcruiser.com\/de\/products\/women-adidas-handball-spezial-collegiate-green-pink-velvet\/#primaryimage","url":"https:\/\/images.novelship.com\/product\/_women__adidas_handball_spezial__collegiate_green__0_8628.jpeg;https:\/\/images.novelship.com\/product\/_women__adidas_handball_spezial__collegiate_green__1_8628.jpeg;https:\/\/images.novelship.com\/product\/_women__adidas_handball_spezial__collegiate_green__2_8628.jpeg;https:\/\/images.novelship.com\/product\/_women__adidas_handball_spezial__collegiate_green__3_8628.jpeg;https:\/\/images.novelship.com\/product\/_women__adidas_handball_spezial__collegiate_green__4_8628.jpeg;https:\/\/images.novelship.com\/product\/_women__adidas_handball_spezial__collegiate_green__5_8628.jpeg;https:\/\/images.novelship.com\/product\/_women__adidas_handball_spezial__collegiate_green__6_8628.jpeg;https:\/\/images.novelship.com\/product\/_women__adidas_handball_spezial__collegiate_green__7_8628.jpeg;https:\/\/images.novelship.com\/product\/_women__adidas_handball_spezial__collegiate_green__8_8628.jpeg","contentUrl":"https:\/\/images.novelship.com\/product\/_women__adidas_handball_spezial__collegiate_green__0_8628.jpeg;https:\/\/images.novelship.com\/product\/_women__adidas_handball_spezial__collegiate_green__1_8628.jpeg;https:\/\/images.novelship.com\/product\/_women__adidas_handball_spezial__collegiate_green__2_8628.jpeg;https:\/\/images.novelship.com\/product\/_women__adidas_handball_spezial__collegiate_green__3_8628.jpeg;https:\/\/images.novelship.com\/product\/_women__adidas_handball_spezial__collegiate_green__4_8628.jpeg;https:\/\/images.novelship.com\/product\/_women__adidas_handball_spezial__collegiate_green__5_8628.jpeg;https:\/\/images.novelship.com\/product\/_women__adidas_handball_spezial__collegiate_green__6_8628.jpeg;https:\/\/images.novelship.com\/product\/_women__adidas_handball_spezial__collegiate_green__7_8628.jpeg;https:\/\/images.novelship.com\/product\/_women__adidas_handball_spezial__collegiate_green__8_8628.jpeg"},{"@type":"BreadcrumbList","@id":"https:\/\/tourcruiser.com\/de\/products\/women-adidas-handball-spezial-collegiate-green-pink-velvet\/#breadcrumb","itemListElement":[{"@type":"ListItem","position":1,"name":"Home","item":"https:\/\/tourcruiser.com\/de\/"},{"@type":"ListItem","position":2,"name":"Shop","item":"https:\/\/tourcruiser.com\/de\/shop\/"},{"@type":"ListItem","position":3,"name":"(Women) adidas Handball Spezial 'Collegiate Green Pink Velvet'"}]},{"@type":"WebSite","@id":"https:\/\/tourcruiser.com\/de\/#website","url":"https:\/\/tourcruiser.com\/de\/","name":"Styloral Jewelry Shop","description":"Tourcruiser Sneaker Store \u2014 der Ort, an dem das Universum deine Einzigartigkeit trifft.","publisher":{"@id":"https:\/\/tourcruiser.com\/de\/#organization"},"potentialAction":[{"@type":"SearchAction","target":{"@type":"EntryPoint","urlTemplate":"https:\/\/tourcruiser.com\/de\/?s={search_term_string}"},"query-input":{"@type":"PropertyValueSpecification","valueRequired":true,"valueName":"search_term_string"}}],"inLanguage":"de"},{"@type":"Organization","@id":"https:\/\/tourcruiser.com\/de\/#organization","name":"STYLORAL PTE. LTD","url":"https:\/\/tourcruiser.com\/de\/","logo":{"@type":"ImageObject","inLanguage":"de","@id":"https:\/\/tourcruiser.com\/de\/#\/schema\/logo\/image\/","url":"https:\/\/www.tourcruiser.com\/wp-content\/uploads\/2025\/12\/logo.png","contentUrl":"https:\/\/www.tourcruiser.com\/wp-content\/uploads\/2025\/12\/logo.png","width":200,"height":65,"caption":"STYLORAL PTE. LTD"},"image":{"@id":"https:\/\/tourcruiser.com\/de\/#\/schema\/logo\/image\/"}}]}},"_links":{"self":[{"href":"https:\/\/tourcruiser.com\/de\/wp-json\/wp\/v2\/product\/26128","targetHints":{"allow":["GET"]}}],"collection":[{"href":"https:\/\/tourcruiser.com\/de\/wp-json\/wp\/v2\/product"}],"about":[{"href":"https:\/\/tourcruiser.com\/de\/wp-json\/wp\/v2\/types\/product"}],"replies":[{"embeddable":true,"href":"https:\/\/tourcruiser.com\/de\/wp-json\/wp\/v2\/comments?post=26128"}],"wp:featuredmedia":[{"embeddable":true,"href":"https:\/\/tourcruiser.com\/de\/wp-json\/wp\/v2\/media\/26129"}],"wp:attachment":[{"href":"https:\/\/tourcruiser.com\/de\/wp-json\/wp\/v2\/media?parent=26128"}],"wp:term":[{"taxonomy":"product_brand","embeddable":true,"href":"https:\/\/tourcruiser.com\/de\/wp-json\/wp\/v2\/product_brand?post=26128"},{"taxonomy":"product_cat","embeddable":true,"href":"https:\/\/tourcruiser.com\/de\/wp-json\/wp\/v2\/product_cat?post=26128"},{"taxonomy":"product_tag","embeddable":true,"href":"https:\/\/tourcruiser.com\/de\/wp-json\/wp\/v2\/product_tag?post=26128"}],"curies":[{"name":"wp","href":"https:\/\/api.w.org\/{rel}","templated":true}]}}