{"id":25911,"date":"2026-03-02T14:33:38","date_gmt":"2026-03-02T07:33:38","guid":{"rendered":"http:\/\/tourcruiser.com\/product\/f50-elite-laceless-fg-soccer-cleats"},"modified":"2026-03-28T00:37:49","modified_gmt":"2026-03-27T17:37:49","slug":"f50-elite-laceless-fg-soccer-cleats","status":"publish","type":"product","link":"https:\/\/tourcruiser.com\/de\/products\/f50-elite-laceless-fg-soccer-cleats\/","title":{"rendered":"F50 Elite Laceless FG Soccer Cleats"},"content":{"rendered":"<p>Verbessere dein Spiel mit den F50 Elite Laceless FG Fu\u00dfballschuhen IE1214 \u201d\u201c entwickelt f\u00fcr Spieler, die auf festen B\u00f6den Geschwindigkeit, Pr\u00e4zision und Ballkontrolle fordern. Diese Schuhe verf\u00fcgen \u00fcber ein innovatives, schn\u00fcrsenkelloses Obermaterial f\u00fcr eine nahtlose Passform und ein Tragegef\u00fchl wie eine zweite Haut, was Ballgef\u00fchl und Reaktionsf\u00e4higkeit verbessert. Dank der leichten und strapazierf\u00e4higen Materialien erm\u00f6glichen die Schuhe explosive Beschleunigung ohne Komforteinbu\u00dfen und geben dir so die Nase vorn. Die Stollenkonfiguration ist f\u00fcr optimale Traktion und Agilit\u00e4t optimiert und erm\u00f6glicht schnelle Richtungswechsel und stabile Bewegungen in intensiven Spielen. Das schlanke, ergonomische Design bietet einen modernen Look und vereint Leistung mit Stil \u201d\u201c f\u00fcr einen starken Auftritt auf dem Spielfeld. Egal ob aufstrebendes Talent oder erfahrener Profi \u201d\u201c der F50 Elite garantiert unvergleichlichen Komfort und optimale Performance f\u00fcr jedes Spiel.<\/p>\n<ul>\n<li><strong>Farbgebung:<\/strong> Cloud White\/Core Black\/Solar Yellow<\/li>\n<li><strong>Artikelnummer:<\/strong> IE1214<\/li>\n<li><strong>Obermaterial:<\/strong> Fibertouch<\/li>\n<li><strong>Farbe:<\/strong> Wei\u00df<\/li>\n<\/ul>\n","protected":false},"excerpt":{"rendered":"<p>adidas F50 Elite Laceless FG \u201d\u201d Cloud White\/Core Black\/Solar Yellow<\/p>\n","protected":false},"featured_media":25912,"comment_status":"open","ping_status":"closed","template":"","meta":[],"product_brand":[],"product_cat":[10760],"product_tag":[10759,11087,10802,10986,10987,10758],"class_list":{"0":"post-25911","1":"product","2":"type-product","3":"status-publish","4":"has-post-thumbnail","6":"product_cat-adidas","7":"product_tag-adidas","8":"product_tag-firm-ground-fg-football-boots","9":"product_tag-performance-sport-shoes","10":"product_tag-soccer-shoes","11":"product_tag-soccer-shoes-football-cleats","12":"product_tag-under-retail","13":"wcpa_has_options","15":"first","16":"outofstock","17":"sale","18":"taxable","19":"shipping-taxable","20":"purchasable","21":"product-type-simple"},"wcpa_form_fields":{"rules":{"pric_overide_base_price":false,"pric_overide_base_price_if_gt_zero":false,"pric_overide_base_price_fully":false,"pric_cal_option_once":false,"pric_use_as_fee":false,"bind_quantity":false,"quantity_bind_formula":false},"fields":[{"type":"color-group","required":true,"elementId":"wcpa-color-group-66c4a7f817afe","label":"Gr\u00f6\u00dfe","inline":true,"priceOptions":"different_for_all","pricingType":"fixed","className":"hassizechart product-shoes-size-eu product-shoes-size","name":"color-group-66c4a7f817b18","disp_type":"square","selection_type":"tick-border","disp_size":"50","show_label_inside":true,"adjust_width":true,"cart_display_type":"text","other_text":"Other","cl_rule":"show","col":6,"values":[{"label":"35","value":"EU 35","price":"","pimage":"","pimage_id":"","pthumb":"","color":""},{"label":"35.5","value":"EU 35.5","price":"","pimage":"","pimage_id":"","pthumb":"","color":""},{"label":"36","value":"EU 36","price":"","pimage":"","pimage_id":"","pthumb":"","color":"","selected":true},{"label":"36 2\/3","value":"EU 36 2\/3","price":"","pimage":"","pimage_id":"","pthumb":"","color":""},{"label":"37 1\/3","value":"EU 37 1\/3","price":"","pimage":"","pimage_id":"","pthumb":"","color":""},{"label":"38","value":"EU 38","price":"","pimage":"","pimage_id":"","pthumb":"","color":""},{"label":"38 2\/3","value":"EU 38 2\/3","price":"","pimage":"","pimage_id":"","pthumb":"","color":""},{"label":"39 1\/3","value":"EU 39 1\/3","price":"","pimage":"","pimage_id":"","pthumb":"","color":""},{"label":"40","value":"EU 40","price":"","pimage":"","pimage_id":"","pthumb":"","color":""},{"label":"40 2\/3","value":"EU 40 2\/3","price":"","pimage":"","pimage_id":"","pthumb":"","color":""},{"label":"41 1\/3","value":"EU 41 1\/3","price":"","pimage":"","pimage_id":"","pthumb":"","color":""},{"label":"42","value":"EU 42","price":"","pimage":"","pimage_id":"","pthumb":"","color":""},{"label":"42 2\/3","value":"EU 42 2\/3","price":"","pimage":"","pimage_id":"","pthumb":"","color":""},{"label":"43 1\/3","value":"EU 43 1\/3","price":"","pimage":"","pimage_id":"","pthumb":"","color":""},{"label":"44","value":"EU 44","price":"","pimage":"","pimage_id":"","pthumb":"","color":""},{"label":"44 2\/3","value":"EU 44 2\/3","price":"","pimage":"","pimage_id":"","pthumb":"","color":""},{"label":"45 1\/3","value":"EU 45 1\/3","price":"","pimage":"","pimage_id":"","pthumb":"","color":""},{"label":"46","value":"EU 46","price":"","pimage":"","pimage_id":"","pthumb":"","color":""},{"label":"46 2\/3","value":"EU 46 2\/3","price":"","pimage":"","pimage_id":"","pthumb":"","color":""},{"label":"47 1\/3","value":"EU 47 1\/3","price":"","pimage":"","pimage_id":"","pthumb":"","color":""}],"relations":[{"operator":false,"rules":[]}],"form_id":24802,"form_rules":{"pric_cal_option_once":false,"exclude_from_discount":false,"pric_use_as_fee":false,"fee_label":"Fee","render_after_acb":false,"disp_hide_options_price":false}}]},"yoast_head":"<!-- This site is optimized with the Yoast SEO plugin v26.5 - https:\/\/yoast.com\/wordpress\/plugins\/seo\/ -->\n<title>F50 Elite Laceless FG Soccer Cleats  - Tourcruiser PTE. LTD<\/title>\n<meta name=\"robots\" content=\"index, follow, max-snippet:-1, max-image-preview:large, max-video-preview:-1\" \/>\n<link rel=\"canonical\" href=\"https:\/\/tourcruiser.com\/de\/products\/f50-elite-laceless-fg-soccer-cleats\/\" \/>\n<meta property=\"og:locale\" content=\"de_DE\" \/>\n<meta property=\"og:type\" content=\"article\" \/>\n<meta property=\"og:title\" content=\"F50 Elite Laceless FG Soccer Cleats  - Tourcruiser PTE. LTD\" \/>\n<meta property=\"og:description\" content=\"adidas F50 Elite Laceless FG \u201d\u201d Cloud White\/Core Black\/Solar Yellow\" \/>\n<meta property=\"og:url\" content=\"https:\/\/tourcruiser.com\/de\/products\/f50-elite-laceless-fg-soccer-cleats\/\" \/>\n<meta property=\"og:site_name\" content=\"Tourcruiser Sneaker Store\" \/>\n<meta property=\"article:modified_time\" content=\"2026-03-27T17:37:49+00:00\" \/>\n<meta name=\"twitter:card\" content=\"summary_large_image\" \/>\n<meta name=\"twitter:image\" content=\"https:\/\/images.novelship.com\/product\/f50_elite_laceless_fg_soccer_cleats_ie1214_0_16256.jpeg;https:\/\/images.novelship.com\/product\/f50_elite_laceless_fg_soccer_cleats_ie1214_1_16257.jpeg;https:\/\/images.novelship.com\/product\/f50_elite_laceless_fg_soccer_cleats_ie1214_2_16257.jpeg;https:\/\/images.novelship.com\/product\/f50_elite_laceless_fg_soccer_cleats_ie1214_3_16257.jpeg;https:\/\/images.novelship.com\/product\/f50_elite_laceless_fg_soccer_cleats_ie1214_4_16258.jpeg;https:\/\/images.novelship.com\/product\/f50_elite_laceless_fg_soccer_cleats_ie1214_5_16258.jpeg;https:\/\/images.novelship.com\/product\/f50_elite_laceless_fg_soccer_cleats_ie1214_6_16258.jpeg;https:\/\/images.novelship.com\/product\/f50_elite_laceless_fg_soccer_cleats_ie1214_7_16258.jpeg\" \/>\n<meta name=\"twitter:label1\" content=\"Gesch\u00e4tzte Lesezeit\" \/>\n\t<meta name=\"twitter:data1\" content=\"1\u00a0Minute\" \/>\n<script type=\"application\/ld+json\" class=\"yoast-schema-graph\">{\"@context\":\"https:\/\/schema.org\",\"@graph\":[{\"@type\":\"WebPage\",\"@id\":\"https:\/\/tourcruiser.com\/de\/products\/f50-elite-laceless-fg-soccer-cleats\/\",\"url\":\"https:\/\/tourcruiser.com\/de\/products\/f50-elite-laceless-fg-soccer-cleats\/\",\"name\":\"F50 Elite Laceless FG Soccer Cleats - Tourcruiser PTE. LTD\",\"isPartOf\":{\"@id\":\"https:\/\/tourcruiser.com\/de\/#website\"},\"primaryImageOfPage\":{\"@id\":\"https:\/\/tourcruiser.com\/de\/products\/f50-elite-laceless-fg-soccer-cleats\/#primaryimage\"},\"image\":{\"@id\":\"https:\/\/tourcruiser.com\/de\/products\/f50-elite-laceless-fg-soccer-cleats\/#primaryimage\"},\"thumbnailUrl\":\"https:\/\/images.novelship.com\/product\/f50_elite_laceless_fg_soccer_cleats_ie1214_0_16256.jpeg;https:\/\/images.novelship.com\/product\/f50_elite_laceless_fg_soccer_cleats_ie1214_1_16257.jpeg;https:\/\/images.novelship.com\/product\/f50_elite_laceless_fg_soccer_cleats_ie1214_2_16257.jpeg;https:\/\/images.novelship.com\/product\/f50_elite_laceless_fg_soccer_cleats_ie1214_3_16257.jpeg;https:\/\/images.novelship.com\/product\/f50_elite_laceless_fg_soccer_cleats_ie1214_4_16258.jpeg;https:\/\/images.novelship.com\/product\/f50_elite_laceless_fg_soccer_cleats_ie1214_5_16258.jpeg;https:\/\/images.novelship.com\/product\/f50_elite_laceless_fg_soccer_cleats_ie1214_6_16258.jpeg;https:\/\/images.novelship.com\/product\/f50_elite_laceless_fg_soccer_cleats_ie1214_7_16258.jpeg\",\"datePublished\":\"2026-03-02T07:33:38+00:00\",\"dateModified\":\"2026-03-27T17:37:49+00:00\",\"breadcrumb\":{\"@id\":\"https:\/\/tourcruiser.com\/de\/products\/f50-elite-laceless-fg-soccer-cleats\/#breadcrumb\"},\"inLanguage\":\"de\",\"potentialAction\":[{\"@type\":\"ReadAction\",\"target\":[\"https:\/\/tourcruiser.com\/de\/products\/f50-elite-laceless-fg-soccer-cleats\/\"]}]},{\"@type\":\"ImageObject\",\"inLanguage\":\"de\",\"@id\":\"https:\/\/tourcruiser.com\/de\/products\/f50-elite-laceless-fg-soccer-cleats\/#primaryimage\",\"url\":\"https:\/\/images.novelship.com\/product\/f50_elite_laceless_fg_soccer_cleats_ie1214_0_16256.jpeg;https:\/\/images.novelship.com\/product\/f50_elite_laceless_fg_soccer_cleats_ie1214_1_16257.jpeg;https:\/\/images.novelship.com\/product\/f50_elite_laceless_fg_soccer_cleats_ie1214_2_16257.jpeg;https:\/\/images.novelship.com\/product\/f50_elite_laceless_fg_soccer_cleats_ie1214_3_16257.jpeg;https:\/\/images.novelship.com\/product\/f50_elite_laceless_fg_soccer_cleats_ie1214_4_16258.jpeg;https:\/\/images.novelship.com\/product\/f50_elite_laceless_fg_soccer_cleats_ie1214_5_16258.jpeg;https:\/\/images.novelship.com\/product\/f50_elite_laceless_fg_soccer_cleats_ie1214_6_16258.jpeg;https:\/\/images.novelship.com\/product\/f50_elite_laceless_fg_soccer_cleats_ie1214_7_16258.jpeg\",\"contentUrl\":\"https:\/\/images.novelship.com\/product\/f50_elite_laceless_fg_soccer_cleats_ie1214_0_16256.jpeg;https:\/\/images.novelship.com\/product\/f50_elite_laceless_fg_soccer_cleats_ie1214_1_16257.jpeg;https:\/\/images.novelship.com\/product\/f50_elite_laceless_fg_soccer_cleats_ie1214_2_16257.jpeg;https:\/\/images.novelship.com\/product\/f50_elite_laceless_fg_soccer_cleats_ie1214_3_16257.jpeg;https:\/\/images.novelship.com\/product\/f50_elite_laceless_fg_soccer_cleats_ie1214_4_16258.jpeg;https:\/\/images.novelship.com\/product\/f50_elite_laceless_fg_soccer_cleats_ie1214_5_16258.jpeg;https:\/\/images.novelship.com\/product\/f50_elite_laceless_fg_soccer_cleats_ie1214_6_16258.jpeg;https:\/\/images.novelship.com\/product\/f50_elite_laceless_fg_soccer_cleats_ie1214_7_16258.jpeg\"},{\"@type\":\"BreadcrumbList\",\"@id\":\"https:\/\/tourcruiser.com\/de\/products\/f50-elite-laceless-fg-soccer-cleats\/#breadcrumb\",\"itemListElement\":[{\"@type\":\"ListItem\",\"position\":1,\"name\":\"Home\",\"item\":\"https:\/\/tourcruiser.com\/de\/\"},{\"@type\":\"ListItem\",\"position\":2,\"name\":\"Shop\",\"item\":\"https:\/\/tourcruiser.com\/de\/shop\/\"},{\"@type\":\"ListItem\",\"position\":3,\"name\":\"F50 Elite Laceless FG Soccer Cleats\"}]},{\"@type\":\"WebSite\",\"@id\":\"https:\/\/tourcruiser.com\/de\/#website\",\"url\":\"https:\/\/tourcruiser.com\/de\/\",\"name\":\"Styloral Jewelry Shop\",\"description\":\"Tourcruiser Sneaker Store \u2014 der Ort, an dem das Universum deine Einzigartigkeit trifft.\",\"publisher\":{\"@id\":\"https:\/\/tourcruiser.com\/de\/#organization\"},\"potentialAction\":[{\"@type\":\"SearchAction\",\"target\":{\"@type\":\"EntryPoint\",\"urlTemplate\":\"https:\/\/tourcruiser.com\/de\/?s={search_term_string}\"},\"query-input\":{\"@type\":\"PropertyValueSpecification\",\"valueRequired\":true,\"valueName\":\"search_term_string\"}}],\"inLanguage\":\"de\"},{\"@type\":\"Organization\",\"@id\":\"https:\/\/tourcruiser.com\/de\/#organization\",\"name\":\"STYLORAL PTE. LTD\",\"url\":\"https:\/\/tourcruiser.com\/de\/\",\"logo\":{\"@type\":\"ImageObject\",\"inLanguage\":\"de\",\"@id\":\"https:\/\/tourcruiser.com\/de\/#\/schema\/logo\/image\/\",\"url\":\"https:\/\/www.tourcruiser.com\/wp-content\/uploads\/2025\/12\/logo.png\",\"contentUrl\":\"https:\/\/www.tourcruiser.com\/wp-content\/uploads\/2025\/12\/logo.png\",\"width\":200,\"height\":65,\"caption\":\"STYLORAL PTE. LTD\"},\"image\":{\"@id\":\"https:\/\/tourcruiser.com\/de\/#\/schema\/logo\/image\/\"}}]}<\/script>\n<!-- \/ Yoast SEO plugin. -->","yoast_head_json":{"title":"F50 Elite Laceless FG Soccer Cleats  - Tourcruiser PTE. LTD","robots":{"index":"index","follow":"follow","max-snippet":"max-snippet:-1","max-image-preview":"max-image-preview:large","max-video-preview":"max-video-preview:-1"},"canonical":"https:\/\/tourcruiser.com\/de\/products\/f50-elite-laceless-fg-soccer-cleats\/","og_locale":"de_DE","og_type":"article","og_title":"F50 Elite Laceless FG Soccer Cleats  - Tourcruiser PTE. LTD","og_description":"adidas F50 Elite Laceless FG \u201d\u201d Cloud White\/Core Black\/Solar Yellow","og_url":"https:\/\/tourcruiser.com\/de\/products\/f50-elite-laceless-fg-soccer-cleats\/","og_site_name":"Tourcruiser Sneaker Store","article_modified_time":"2026-03-27T17:37:49+00:00","twitter_card":"summary_large_image","twitter_image":"https:\/\/images.novelship.com\/product\/f50_elite_laceless_fg_soccer_cleats_ie1214_0_16256.jpeg;https:\/\/images.novelship.com\/product\/f50_elite_laceless_fg_soccer_cleats_ie1214_1_16257.jpeg;https:\/\/images.novelship.com\/product\/f50_elite_laceless_fg_soccer_cleats_ie1214_2_16257.jpeg;https:\/\/images.novelship.com\/product\/f50_elite_laceless_fg_soccer_cleats_ie1214_3_16257.jpeg;https:\/\/images.novelship.com\/product\/f50_elite_laceless_fg_soccer_cleats_ie1214_4_16258.jpeg;https:\/\/images.novelship.com\/product\/f50_elite_laceless_fg_soccer_cleats_ie1214_5_16258.jpeg;https:\/\/images.novelship.com\/product\/f50_elite_laceless_fg_soccer_cleats_ie1214_6_16258.jpeg;https:\/\/images.novelship.com\/product\/f50_elite_laceless_fg_soccer_cleats_ie1214_7_16258.jpeg","twitter_misc":{"Gesch\u00e4tzte Lesezeit":"1\u00a0Minute"},"schema":{"@context":"https:\/\/schema.org","@graph":[{"@type":"WebPage","@id":"https:\/\/tourcruiser.com\/de\/products\/f50-elite-laceless-fg-soccer-cleats\/","url":"https:\/\/tourcruiser.com\/de\/products\/f50-elite-laceless-fg-soccer-cleats\/","name":"F50 Elite Laceless FG Soccer Cleats - Tourcruiser PTE. LTD","isPartOf":{"@id":"https:\/\/tourcruiser.com\/de\/#website"},"primaryImageOfPage":{"@id":"https:\/\/tourcruiser.com\/de\/products\/f50-elite-laceless-fg-soccer-cleats\/#primaryimage"},"image":{"@id":"https:\/\/tourcruiser.com\/de\/products\/f50-elite-laceless-fg-soccer-cleats\/#primaryimage"},"thumbnailUrl":"https:\/\/images.novelship.com\/product\/f50_elite_laceless_fg_soccer_cleats_ie1214_0_16256.jpeg;https:\/\/images.novelship.com\/product\/f50_elite_laceless_fg_soccer_cleats_ie1214_1_16257.jpeg;https:\/\/images.novelship.com\/product\/f50_elite_laceless_fg_soccer_cleats_ie1214_2_16257.jpeg;https:\/\/images.novelship.com\/product\/f50_elite_laceless_fg_soccer_cleats_ie1214_3_16257.jpeg;https:\/\/images.novelship.com\/product\/f50_elite_laceless_fg_soccer_cleats_ie1214_4_16258.jpeg;https:\/\/images.novelship.com\/product\/f50_elite_laceless_fg_soccer_cleats_ie1214_5_16258.jpeg;https:\/\/images.novelship.com\/product\/f50_elite_laceless_fg_soccer_cleats_ie1214_6_16258.jpeg;https:\/\/images.novelship.com\/product\/f50_elite_laceless_fg_soccer_cleats_ie1214_7_16258.jpeg","datePublished":"2026-03-02T07:33:38+00:00","dateModified":"2026-03-27T17:37:49+00:00","breadcrumb":{"@id":"https:\/\/tourcruiser.com\/de\/products\/f50-elite-laceless-fg-soccer-cleats\/#breadcrumb"},"inLanguage":"de","potentialAction":[{"@type":"ReadAction","target":["https:\/\/tourcruiser.com\/de\/products\/f50-elite-laceless-fg-soccer-cleats\/"]}]},{"@type":"ImageObject","inLanguage":"de","@id":"https:\/\/tourcruiser.com\/de\/products\/f50-elite-laceless-fg-soccer-cleats\/#primaryimage","url":"https:\/\/images.novelship.com\/product\/f50_elite_laceless_fg_soccer_cleats_ie1214_0_16256.jpeg;https:\/\/images.novelship.com\/product\/f50_elite_laceless_fg_soccer_cleats_ie1214_1_16257.jpeg;https:\/\/images.novelship.com\/product\/f50_elite_laceless_fg_soccer_cleats_ie1214_2_16257.jpeg;https:\/\/images.novelship.com\/product\/f50_elite_laceless_fg_soccer_cleats_ie1214_3_16257.jpeg;https:\/\/images.novelship.com\/product\/f50_elite_laceless_fg_soccer_cleats_ie1214_4_16258.jpeg;https:\/\/images.novelship.com\/product\/f50_elite_laceless_fg_soccer_cleats_ie1214_5_16258.jpeg;https:\/\/images.novelship.com\/product\/f50_elite_laceless_fg_soccer_cleats_ie1214_6_16258.jpeg;https:\/\/images.novelship.com\/product\/f50_elite_laceless_fg_soccer_cleats_ie1214_7_16258.jpeg","contentUrl":"https:\/\/images.novelship.com\/product\/f50_elite_laceless_fg_soccer_cleats_ie1214_0_16256.jpeg;https:\/\/images.novelship.com\/product\/f50_elite_laceless_fg_soccer_cleats_ie1214_1_16257.jpeg;https:\/\/images.novelship.com\/product\/f50_elite_laceless_fg_soccer_cleats_ie1214_2_16257.jpeg;https:\/\/images.novelship.com\/product\/f50_elite_laceless_fg_soccer_cleats_ie1214_3_16257.jpeg;https:\/\/images.novelship.com\/product\/f50_elite_laceless_fg_soccer_cleats_ie1214_4_16258.jpeg;https:\/\/images.novelship.com\/product\/f50_elite_laceless_fg_soccer_cleats_ie1214_5_16258.jpeg;https:\/\/images.novelship.com\/product\/f50_elite_laceless_fg_soccer_cleats_ie1214_6_16258.jpeg;https:\/\/images.novelship.com\/product\/f50_elite_laceless_fg_soccer_cleats_ie1214_7_16258.jpeg"},{"@type":"BreadcrumbList","@id":"https:\/\/tourcruiser.com\/de\/products\/f50-elite-laceless-fg-soccer-cleats\/#breadcrumb","itemListElement":[{"@type":"ListItem","position":1,"name":"Home","item":"https:\/\/tourcruiser.com\/de\/"},{"@type":"ListItem","position":2,"name":"Shop","item":"https:\/\/tourcruiser.com\/de\/shop\/"},{"@type":"ListItem","position":3,"name":"F50 Elite Laceless FG Soccer Cleats"}]},{"@type":"WebSite","@id":"https:\/\/tourcruiser.com\/de\/#website","url":"https:\/\/tourcruiser.com\/de\/","name":"Styloral Jewelry Shop","description":"Tourcruiser Sneaker Store \u2014 der Ort, an dem das Universum deine Einzigartigkeit trifft.","publisher":{"@id":"https:\/\/tourcruiser.com\/de\/#organization"},"potentialAction":[{"@type":"SearchAction","target":{"@type":"EntryPoint","urlTemplate":"https:\/\/tourcruiser.com\/de\/?s={search_term_string}"},"query-input":{"@type":"PropertyValueSpecification","valueRequired":true,"valueName":"search_term_string"}}],"inLanguage":"de"},{"@type":"Organization","@id":"https:\/\/tourcruiser.com\/de\/#organization","name":"STYLORAL PTE. LTD","url":"https:\/\/tourcruiser.com\/de\/","logo":{"@type":"ImageObject","inLanguage":"de","@id":"https:\/\/tourcruiser.com\/de\/#\/schema\/logo\/image\/","url":"https:\/\/www.tourcruiser.com\/wp-content\/uploads\/2025\/12\/logo.png","contentUrl":"https:\/\/www.tourcruiser.com\/wp-content\/uploads\/2025\/12\/logo.png","width":200,"height":65,"caption":"STYLORAL PTE. LTD"},"image":{"@id":"https:\/\/tourcruiser.com\/de\/#\/schema\/logo\/image\/"}}]}},"_links":{"self":[{"href":"https:\/\/tourcruiser.com\/de\/wp-json\/wp\/v2\/product\/25911","targetHints":{"allow":["GET"]}}],"collection":[{"href":"https:\/\/tourcruiser.com\/de\/wp-json\/wp\/v2\/product"}],"about":[{"href":"https:\/\/tourcruiser.com\/de\/wp-json\/wp\/v2\/types\/product"}],"replies":[{"embeddable":true,"href":"https:\/\/tourcruiser.com\/de\/wp-json\/wp\/v2\/comments?post=25911"}],"wp:featuredmedia":[{"embeddable":true,"href":"https:\/\/tourcruiser.com\/de\/wp-json\/wp\/v2\/media\/25912"}],"wp:attachment":[{"href":"https:\/\/tourcruiser.com\/de\/wp-json\/wp\/v2\/media?parent=25911"}],"wp:term":[{"taxonomy":"product_brand","embeddable":true,"href":"https:\/\/tourcruiser.com\/de\/wp-json\/wp\/v2\/product_brand?post=25911"},{"taxonomy":"product_cat","embeddable":true,"href":"https:\/\/tourcruiser.com\/de\/wp-json\/wp\/v2\/product_cat?post=25911"},{"taxonomy":"product_tag","embeddable":true,"href":"https:\/\/tourcruiser.com\/de\/wp-json\/wp\/v2\/product_tag?post=25911"}],"curies":[{"name":"wp","href":"https:\/\/api.w.org\/{rel}","templated":true}]}}