{"id":24016,"date":"2026-02-25T19:22:52","date_gmt":"2026-02-25T12:22:52","guid":{"rendered":"http:\/\/tourcruiser.com\/product\/new-balance-infinion-1080v15-sea-salt-alkaline-green"},"modified":"2026-03-28T00:35:23","modified_gmt":"2026-03-27T17:35:23","slug":"new-balance-infinion-1080v15-sea-salt-alkaline-green","status":"publish","type":"product","link":"https:\/\/tourcruiser.com\/de\/products\/new-balance-infinion-1080v15-sea-salt-alkaline-green\/","title":{"rendered":"New Balance Infinion 1080v15 &#8218;Sea Salt Alkaline Green&#8216;"},"content":{"rendered":"<p>Erleben Sie unvergleichlichen Komfort und optimale Performance mit dem New Balance Infinion 1080v15 Sea Salt Alkaline Green M10806NR \u2013 entwickelt f\u00fcr L\u00e4ufer, die maximale D\u00e4mpfung und Vielseitigkeit suchen. Dieser Premium-Laufschuh besticht durch sein schlankes, modernes Design und ist mit der Fresh Foam X-Technologie ausgestattet, die f\u00fcr ein weiches, leichtes Laufgef\u00fchl und verbesserte Reaktionsf\u00e4higkeit bei jedem Schritt sorgt. Das atmungsaktive, speziell entwickelte Strickobermaterial garantiert eine bequeme Passform und bietet gleichzeitig Flexibilit\u00e4t und Halt \u2013 ideal f\u00fcr Langstreckenl\u00e4ufe oder den Alltag. Die strapazierf\u00e4hige Gummisohle bietet hervorragenden Grip auf verschiedenen Untergr\u00fcnden und sorgt so f\u00fcr Stabilit\u00e4t und Sicherheit in jedem Gel\u00e4nde. Die Farbkombination aus Sea Salt und Alkaline Green verleiht dem Schuh eine frische, moderne Optik, die ihn perfekt f\u00fcr Workouts und Freizeitaktivit\u00e4ten geeignet macht. Sorgf\u00e4ltig und pr\u00e4zise gefertigt, vereint dieser Schuh leistungsstarke Funktionalit\u00e4t mit zeitlosem Stil und ist damit ein Must-have f\u00fcr Sportler und Laufbegeisterte. Erleben Sie Innovation und Komfort mit dem New Balance Infinion 1080v15 \u2013 die perfekte Kombination aus Stil, Strapazierf\u00e4higkeit und fortschrittlicher Sporttechnologie f\u00fcr ein unvergleichliches Laufgef\u00fchl.<\/p>\n<ul>\n<li><strong>Farbgebung:<\/strong> Meersalz\/Silbermetallic\/Alkalinegr\u00fcn<\/li>\n<li><strong>Artikelnummer:<\/strong> M10806NR<\/li>\n<li><strong>Obermaterial:<\/strong> Mesh<\/li>\n<li><strong>Farbe:<\/strong> Lila<\/li>\n<li><strong>Erscheinungsjahr:<\/strong> 2026<\/li>\n<\/ul>\n","protected":false},"excerpt":{"rendered":"<p>New Balance 1080v15 \u2014 Sea Salt\/Silver Metallic\/Alkaline Green<\/p>\n","protected":false},"featured_media":24017,"comment_status":"open","ping_status":"closed","template":"","meta":[],"product_brand":[],"product_cat":[9213],"product_tag":[],"class_list":{"0":"post-24016","1":"product","2":"type-product","3":"status-publish","4":"has-post-thumbnail","6":"product_cat-new-balance-2026","7":"wcpa_has_options","9":"first","10":"outofstock","11":"taxable","12":"shipping-taxable","13":"purchasable","14":"product-type-simple"},"wcpa_form_fields":{"rules":{"pric_overide_base_price":false,"pric_overide_base_price_if_gt_zero":false,"pric_overide_base_price_fully":false,"pric_cal_option_once":false,"pric_use_as_fee":false,"bind_quantity":false,"quantity_bind_formula":false},"fields":[{"type":"color-group","required":true,"elementId":"wcpa-color-group-66c4a928225d2","label":"Gr\u00f6\u00dfe","inline":true,"priceOptions":"different_for_all","pricingType":"fixed","className":"hassizechart product-shoes-size-eu product-shoes-size","name":"color-group-66c4a928225e2","disp_type":"square","selection_type":"tick-border","disp_size":"50","show_label_inside":true,"adjust_width":true,"cart_display_type":"text","other_text":"Other","cl_rule":"show","col":6,"values":[{"label":"35","value":"EU 35","price":"","pimage":"","pimage_id":"","pthumb":"","color":""},{"label":"36","value":"EU 36","price":"","pimage":"","pimage_id":"","pthumb":"","color":"","selected":true},{"label":"37","value":"EU 37","price":"","pimage":"","pimage_id":"","pthumb":"","color":""},{"label":"37.5","value":"EU 37.5","price":"","pimage":"","pimage_id":"","pthumb":"","color":""},{"label":"38","value":"EU 38","price":"","pimage":"","pimage_id":"","pthumb":"","color":""},{"label":"38.5","value":"EU 38.5","price":"","pimage":"","pimage_id":"","pthumb":"","color":""},{"label":"39","value":"EU 39","price":"","pimage":"","pimage_id":"","pthumb":"","color":""},{"label":"39.5","value":"EU 39.5","price":"","pimage":"","pimage_id":"","pthumb":"","color":""},{"label":"40","value":"EU 40","price":"","pimage":"","pimage_id":"","pthumb":"","color":""},{"label":"40.5","value":"EU 40.5","price":"","pimage":"","pimage_id":"","pthumb":"","color":""},{"label":" 41.5","value":"EU 41.5","price":"","pimage":"","pimage_id":"","pthumb":"","color":""},{"label":"42","value":"EU 42","price":"","pimage":"","pimage_id":"","pthumb":"","color":""},{"label":"42.5","value":"EU 42.5","price":"","pimage":"","pimage_id":"","pthumb":"","color":""},{"label":"43","value":"EU 43","price":"","pimage":"","pimage_id":"","pthumb":"","color":""},{"label":"44","value":"EU 44","price":"","pimage":"","pimage_id":"","pthumb":"","color":""},{"label":"44.5","value":"EU 44.5","price":"","pimage":"","pimage_id":"","pthumb":"","color":""},{"label":"45","value":"EU 45","price":"","pimage":"","pimage_id":"","pthumb":"","color":""},{"label":"45.5","value":"EU 45.5","price":"","pimage":"","pimage_id":"","pthumb":"","color":""},{"label":"46","value":"EU 46","price":"","pimage":"","pimage_id":"","pthumb":"","color":""}],"relations":[{"operator":false,"rules":[]}],"form_id":24803,"form_rules":{"pric_cal_option_once":false,"exclude_from_discount":false,"pric_use_as_fee":false,"fee_label":"Fee","render_after_acb":false,"disp_hide_options_price":false}}]},"yoast_head":"<!-- This site is optimized with the Yoast SEO plugin v26.5 - https:\/\/yoast.com\/wordpress\/plugins\/seo\/ -->\n<title>New Balance Infinion 1080v15 &#039;Sea Salt Alkaline Green&#039; - Tourcruiser PTE. LTD<\/title>\n<meta name=\"robots\" content=\"index, follow, max-snippet:-1, max-image-preview:large, max-video-preview:-1\" \/>\n<link rel=\"canonical\" href=\"https:\/\/tourcruiser.com\/de\/products\/new-balance-infinion-1080v15-sea-salt-alkaline-green\/\" \/>\n<meta property=\"og:locale\" content=\"de_DE\" \/>\n<meta property=\"og:type\" content=\"article\" \/>\n<meta property=\"og:title\" content=\"New Balance Infinion 1080v15 &#039;Sea Salt Alkaline Green&#039; - Tourcruiser PTE. LTD\" \/>\n<meta property=\"og:description\" content=\"New Balance 1080v15 \u2014 Sea Salt\/Silver Metallic\/Alkaline Green\" \/>\n<meta property=\"og:url\" content=\"https:\/\/tourcruiser.com\/de\/products\/new-balance-infinion-1080v15-sea-salt-alkaline-green\/\" \/>\n<meta property=\"og:site_name\" content=\"Tourcruiser Sneaker Store\" \/>\n<meta property=\"article:modified_time\" content=\"2026-03-27T17:35:23+00:00\" \/>\n<meta name=\"twitter:card\" content=\"summary_large_image\" \/>\n<meta name=\"twitter:image\" content=\"https:\/\/images.novelship.com\/product\/new_balance_infinion_1080v15_sea_salt_alkaline_gre_0_42425.jpeg\" \/>\n<meta name=\"twitter:label1\" content=\"Gesch\u00e4tzte Lesezeit\" \/>\n\t<meta name=\"twitter:data1\" content=\"1\u00a0Minute\" \/>\n<script type=\"application\/ld+json\" class=\"yoast-schema-graph\">{\"@context\":\"https:\/\/schema.org\",\"@graph\":[{\"@type\":\"WebPage\",\"@id\":\"https:\/\/tourcruiser.com\/de\/products\/new-balance-infinion-1080v15-sea-salt-alkaline-green\/\",\"url\":\"https:\/\/tourcruiser.com\/de\/products\/new-balance-infinion-1080v15-sea-salt-alkaline-green\/\",\"name\":\"New Balance Infinion 1080v15 'Sea Salt Alkaline Green' - Tourcruiser PTE. LTD\",\"isPartOf\":{\"@id\":\"https:\/\/tourcruiser.com\/de\/#website\"},\"primaryImageOfPage\":{\"@id\":\"https:\/\/tourcruiser.com\/de\/products\/new-balance-infinion-1080v15-sea-salt-alkaline-green\/#primaryimage\"},\"image\":{\"@id\":\"https:\/\/tourcruiser.com\/de\/products\/new-balance-infinion-1080v15-sea-salt-alkaline-green\/#primaryimage\"},\"thumbnailUrl\":\"https:\/\/images.novelship.com\/product\/new_balance_infinion_1080v15_sea_salt_alkaline_gre_0_42425.jpeg\",\"datePublished\":\"2026-02-25T12:22:52+00:00\",\"dateModified\":\"2026-03-27T17:35:23+00:00\",\"breadcrumb\":{\"@id\":\"https:\/\/tourcruiser.com\/de\/products\/new-balance-infinion-1080v15-sea-salt-alkaline-green\/#breadcrumb\"},\"inLanguage\":\"de\",\"potentialAction\":[{\"@type\":\"ReadAction\",\"target\":[\"https:\/\/tourcruiser.com\/de\/products\/new-balance-infinion-1080v15-sea-salt-alkaline-green\/\"]}]},{\"@type\":\"ImageObject\",\"inLanguage\":\"de\",\"@id\":\"https:\/\/tourcruiser.com\/de\/products\/new-balance-infinion-1080v15-sea-salt-alkaline-green\/#primaryimage\",\"url\":\"https:\/\/images.novelship.com\/product\/new_balance_infinion_1080v15_sea_salt_alkaline_gre_0_42425.jpeg\",\"contentUrl\":\"https:\/\/images.novelship.com\/product\/new_balance_infinion_1080v15_sea_salt_alkaline_gre_0_42425.jpeg\"},{\"@type\":\"BreadcrumbList\",\"@id\":\"https:\/\/tourcruiser.com\/de\/products\/new-balance-infinion-1080v15-sea-salt-alkaline-green\/#breadcrumb\",\"itemListElement\":[{\"@type\":\"ListItem\",\"position\":1,\"name\":\"Home\",\"item\":\"https:\/\/tourcruiser.com\/de\/\"},{\"@type\":\"ListItem\",\"position\":2,\"name\":\"Shop\",\"item\":\"https:\/\/tourcruiser.com\/de\/shop\/\"},{\"@type\":\"ListItem\",\"position\":3,\"name\":\"New Balance Infinion 1080v15 'Sea Salt Alkaline Green'\"}]},{\"@type\":\"WebSite\",\"@id\":\"https:\/\/tourcruiser.com\/de\/#website\",\"url\":\"https:\/\/tourcruiser.com\/de\/\",\"name\":\"Styloral Jewelry Shop\",\"description\":\"Tourcruiser Sneaker Store \u2014 der Ort, an dem das Universum deine Einzigartigkeit trifft.\",\"publisher\":{\"@id\":\"https:\/\/tourcruiser.com\/de\/#organization\"},\"potentialAction\":[{\"@type\":\"SearchAction\",\"target\":{\"@type\":\"EntryPoint\",\"urlTemplate\":\"https:\/\/tourcruiser.com\/de\/?s={search_term_string}\"},\"query-input\":{\"@type\":\"PropertyValueSpecification\",\"valueRequired\":true,\"valueName\":\"search_term_string\"}}],\"inLanguage\":\"de\"},{\"@type\":\"Organization\",\"@id\":\"https:\/\/tourcruiser.com\/de\/#organization\",\"name\":\"STYLORAL PTE. LTD\",\"url\":\"https:\/\/tourcruiser.com\/de\/\",\"logo\":{\"@type\":\"ImageObject\",\"inLanguage\":\"de\",\"@id\":\"https:\/\/tourcruiser.com\/de\/#\/schema\/logo\/image\/\",\"url\":\"https:\/\/www.tourcruiser.com\/wp-content\/uploads\/2025\/12\/logo.png\",\"contentUrl\":\"https:\/\/www.tourcruiser.com\/wp-content\/uploads\/2025\/12\/logo.png\",\"width\":200,\"height\":65,\"caption\":\"STYLORAL PTE. LTD\"},\"image\":{\"@id\":\"https:\/\/tourcruiser.com\/de\/#\/schema\/logo\/image\/\"}}]}<\/script>\n<!-- \/ Yoast SEO plugin. -->","yoast_head_json":{"title":"New Balance Infinion 1080v15 'Sea Salt Alkaline Green' - Tourcruiser PTE. LTD","robots":{"index":"index","follow":"follow","max-snippet":"max-snippet:-1","max-image-preview":"max-image-preview:large","max-video-preview":"max-video-preview:-1"},"canonical":"https:\/\/tourcruiser.com\/de\/products\/new-balance-infinion-1080v15-sea-salt-alkaline-green\/","og_locale":"de_DE","og_type":"article","og_title":"New Balance Infinion 1080v15 'Sea Salt Alkaline Green' - Tourcruiser PTE. LTD","og_description":"New Balance 1080v15 \u2014 Sea Salt\/Silver Metallic\/Alkaline Green","og_url":"https:\/\/tourcruiser.com\/de\/products\/new-balance-infinion-1080v15-sea-salt-alkaline-green\/","og_site_name":"Tourcruiser Sneaker Store","article_modified_time":"2026-03-27T17:35:23+00:00","twitter_card":"summary_large_image","twitter_image":"https:\/\/images.novelship.com\/product\/new_balance_infinion_1080v15_sea_salt_alkaline_gre_0_42425.jpeg","twitter_misc":{"Gesch\u00e4tzte Lesezeit":"1\u00a0Minute"},"schema":{"@context":"https:\/\/schema.org","@graph":[{"@type":"WebPage","@id":"https:\/\/tourcruiser.com\/de\/products\/new-balance-infinion-1080v15-sea-salt-alkaline-green\/","url":"https:\/\/tourcruiser.com\/de\/products\/new-balance-infinion-1080v15-sea-salt-alkaline-green\/","name":"New Balance Infinion 1080v15 'Sea Salt Alkaline Green' - Tourcruiser PTE. LTD","isPartOf":{"@id":"https:\/\/tourcruiser.com\/de\/#website"},"primaryImageOfPage":{"@id":"https:\/\/tourcruiser.com\/de\/products\/new-balance-infinion-1080v15-sea-salt-alkaline-green\/#primaryimage"},"image":{"@id":"https:\/\/tourcruiser.com\/de\/products\/new-balance-infinion-1080v15-sea-salt-alkaline-green\/#primaryimage"},"thumbnailUrl":"https:\/\/images.novelship.com\/product\/new_balance_infinion_1080v15_sea_salt_alkaline_gre_0_42425.jpeg","datePublished":"2026-02-25T12:22:52+00:00","dateModified":"2026-03-27T17:35:23+00:00","breadcrumb":{"@id":"https:\/\/tourcruiser.com\/de\/products\/new-balance-infinion-1080v15-sea-salt-alkaline-green\/#breadcrumb"},"inLanguage":"de","potentialAction":[{"@type":"ReadAction","target":["https:\/\/tourcruiser.com\/de\/products\/new-balance-infinion-1080v15-sea-salt-alkaline-green\/"]}]},{"@type":"ImageObject","inLanguage":"de","@id":"https:\/\/tourcruiser.com\/de\/products\/new-balance-infinion-1080v15-sea-salt-alkaline-green\/#primaryimage","url":"https:\/\/images.novelship.com\/product\/new_balance_infinion_1080v15_sea_salt_alkaline_gre_0_42425.jpeg","contentUrl":"https:\/\/images.novelship.com\/product\/new_balance_infinion_1080v15_sea_salt_alkaline_gre_0_42425.jpeg"},{"@type":"BreadcrumbList","@id":"https:\/\/tourcruiser.com\/de\/products\/new-balance-infinion-1080v15-sea-salt-alkaline-green\/#breadcrumb","itemListElement":[{"@type":"ListItem","position":1,"name":"Home","item":"https:\/\/tourcruiser.com\/de\/"},{"@type":"ListItem","position":2,"name":"Shop","item":"https:\/\/tourcruiser.com\/de\/shop\/"},{"@type":"ListItem","position":3,"name":"New Balance Infinion 1080v15 'Sea Salt Alkaline Green'"}]},{"@type":"WebSite","@id":"https:\/\/tourcruiser.com\/de\/#website","url":"https:\/\/tourcruiser.com\/de\/","name":"Styloral Jewelry Shop","description":"Tourcruiser Sneaker Store \u2014 der Ort, an dem das Universum deine Einzigartigkeit trifft.","publisher":{"@id":"https:\/\/tourcruiser.com\/de\/#organization"},"potentialAction":[{"@type":"SearchAction","target":{"@type":"EntryPoint","urlTemplate":"https:\/\/tourcruiser.com\/de\/?s={search_term_string}"},"query-input":{"@type":"PropertyValueSpecification","valueRequired":true,"valueName":"search_term_string"}}],"inLanguage":"de"},{"@type":"Organization","@id":"https:\/\/tourcruiser.com\/de\/#organization","name":"STYLORAL PTE. LTD","url":"https:\/\/tourcruiser.com\/de\/","logo":{"@type":"ImageObject","inLanguage":"de","@id":"https:\/\/tourcruiser.com\/de\/#\/schema\/logo\/image\/","url":"https:\/\/www.tourcruiser.com\/wp-content\/uploads\/2025\/12\/logo.png","contentUrl":"https:\/\/www.tourcruiser.com\/wp-content\/uploads\/2025\/12\/logo.png","width":200,"height":65,"caption":"STYLORAL PTE. LTD"},"image":{"@id":"https:\/\/tourcruiser.com\/de\/#\/schema\/logo\/image\/"}}]}},"_links":{"self":[{"href":"https:\/\/tourcruiser.com\/de\/wp-json\/wp\/v2\/product\/24016","targetHints":{"allow":["GET"]}}],"collection":[{"href":"https:\/\/tourcruiser.com\/de\/wp-json\/wp\/v2\/product"}],"about":[{"href":"https:\/\/tourcruiser.com\/de\/wp-json\/wp\/v2\/types\/product"}],"replies":[{"embeddable":true,"href":"https:\/\/tourcruiser.com\/de\/wp-json\/wp\/v2\/comments?post=24016"}],"wp:featuredmedia":[{"embeddable":true,"href":"https:\/\/tourcruiser.com\/de\/wp-json\/wp\/v2\/media\/24017"}],"wp:attachment":[{"href":"https:\/\/tourcruiser.com\/de\/wp-json\/wp\/v2\/media?parent=24016"}],"wp:term":[{"taxonomy":"product_brand","embeddable":true,"href":"https:\/\/tourcruiser.com\/de\/wp-json\/wp\/v2\/product_brand?post=24016"},{"taxonomy":"product_cat","embeddable":true,"href":"https:\/\/tourcruiser.com\/de\/wp-json\/wp\/v2\/product_cat?post=24016"},{"taxonomy":"product_tag","embeddable":true,"href":"https:\/\/tourcruiser.com\/de\/wp-json\/wp\/v2\/product_tag?post=24016"}],"curies":[{"name":"wp","href":"https:\/\/api.w.org\/{rel}","templated":true}]}}