{"id":23899,"date":"2026-02-25T12:17:59","date_gmt":"2026-02-25T12:17:59","guid":{"rendered":"http:\/\/tourcruiser.com\/product\/new-balance-stone-island-x-998-made-in-usa-raso-gommato"},"modified":"2026-03-28T00:36:55","modified_gmt":"2026-03-27T17:36:55","slug":"new-balance-stone-island-x-998-made-in-usa-raso-gommato","status":"publish","type":"product","link":"https:\/\/tourcruiser.com\/de\/products\/new-balance-stone-island-x-998-made-in-usa-raso-gommato\/","title":{"rendered":"New Balance Stone Island x 998 Made in USA &#8218;Raso Gommato&#8216;"},"content":{"rendered":"<p>Der Stone Island x New Balance 998 Made in USA \u201eRaso Gommato\u201c verf\u00fcgt \u00fcber eine vorvergilbte ABZORB-Mittelsohle f\u00fcr optimale D\u00e4mpfung. Der Name des Schuhs stammt von einem klassischen italienischen Stoff. Erdige Braunt\u00f6ne pr\u00e4gen das Obermaterial, das schaumbeschichtetes Canvas mit weichem Nubukleder kombiniert. Graue, reflektierende Details am \u201eN\u201c-Logo und an der Ferse fangen das Licht ein. Als besonderes Detail ziert das Kompass-Logo von Stone Island das Zungenetikett.<\/p>\n<p>Artikelnummer: U998PR<br \/>\nFarbkombination: Mauve\/Deep Plum\/Copper Maroon<br \/>\nVer\u00f6ffentlichungsdatum: 27.03.2025<\/p>\n","protected":false},"excerpt":{"rendered":"<p>Der Stone Island x New Balance 998 Made in USA \u201eRaso Gommato\u201c verf\u00fcgt \u00fcber eine vorvergilbte ABZORB-Mittelsohle f\u00fcr optimale D\u00e4mpfung. Der Name des Schuhs stammt von einem klassischen italienischen Stoff. Erdige Braunt\u00f6ne pr\u00e4gen das Obermaterial, das schaumbeschichtetes Canvas mit weichem Nubukleder kombiniert. Graue, reflektierende Details am \u201eN\u201c-Logo und an der Ferse fangen das Licht ein. [&hellip;]<\/p>\n","protected":false},"featured_media":23900,"comment_status":"open","ping_status":"closed","template":"","meta":[],"product_brand":[],"product_cat":[9213],"product_tag":[],"class_list":{"0":"post-23899","1":"product","2":"type-product","3":"status-publish","4":"has-post-thumbnail","6":"product_cat-new-balance-2026","7":"wcpa_has_options","9":"first","10":"outofstock","11":"taxable","12":"shipping-taxable","13":"purchasable","14":"product-type-simple"},"wcpa_form_fields":{"rules":{"pric_overide_base_price":false,"pric_overide_base_price_if_gt_zero":false,"pric_overide_base_price_fully":false,"pric_cal_option_once":false,"pric_use_as_fee":false,"bind_quantity":false,"quantity_bind_formula":false},"fields":[{"type":"color-group","required":true,"elementId":"wcpa-color-group-66c4a928225d2","label":"Gr\u00f6\u00dfe","inline":true,"priceOptions":"different_for_all","pricingType":"fixed","className":"hassizechart product-shoes-size-eu product-shoes-size","name":"color-group-66c4a928225e2","disp_type":"square","selection_type":"tick-border","disp_size":"50","show_label_inside":true,"adjust_width":true,"cart_display_type":"text","other_text":"Other","cl_rule":"show","col":6,"values":[{"label":"35","value":"EU 35","price":"","pimage":"","pimage_id":"","pthumb":"","color":""},{"label":"36","value":"EU 36","price":"","pimage":"","pimage_id":"","pthumb":"","color":"","selected":true},{"label":"37","value":"EU 37","price":"","pimage":"","pimage_id":"","pthumb":"","color":""},{"label":"37.5","value":"EU 37.5","price":"","pimage":"","pimage_id":"","pthumb":"","color":""},{"label":"38","value":"EU 38","price":"","pimage":"","pimage_id":"","pthumb":"","color":""},{"label":"38.5","value":"EU 38.5","price":"","pimage":"","pimage_id":"","pthumb":"","color":""},{"label":"39","value":"EU 39","price":"","pimage":"","pimage_id":"","pthumb":"","color":""},{"label":"39.5","value":"EU 39.5","price":"","pimage":"","pimage_id":"","pthumb":"","color":""},{"label":"40","value":"EU 40","price":"","pimage":"","pimage_id":"","pthumb":"","color":""},{"label":"40.5","value":"EU 40.5","price":"","pimage":"","pimage_id":"","pthumb":"","color":""},{"label":" 41.5","value":"EU 41.5","price":"","pimage":"","pimage_id":"","pthumb":"","color":""},{"label":"42","value":"EU 42","price":"","pimage":"","pimage_id":"","pthumb":"","color":""},{"label":"42.5","value":"EU 42.5","price":"","pimage":"","pimage_id":"","pthumb":"","color":""},{"label":"43","value":"EU 43","price":"","pimage":"","pimage_id":"","pthumb":"","color":""},{"label":"44","value":"EU 44","price":"","pimage":"","pimage_id":"","pthumb":"","color":""},{"label":"44.5","value":"EU 44.5","price":"","pimage":"","pimage_id":"","pthumb":"","color":""},{"label":"45","value":"EU 45","price":"","pimage":"","pimage_id":"","pthumb":"","color":""},{"label":"45.5","value":"EU 45.5","price":"","pimage":"","pimage_id":"","pthumb":"","color":""},{"label":"46","value":"EU 46","price":"","pimage":"","pimage_id":"","pthumb":"","color":""}],"relations":[{"operator":false,"rules":[]}],"form_id":24803,"form_rules":{"pric_cal_option_once":false,"exclude_from_discount":false,"pric_use_as_fee":false,"fee_label":"Fee","render_after_acb":false,"disp_hide_options_price":false}}]},"yoast_head":"<!-- This site is optimized with the Yoast SEO plugin v26.5 - https:\/\/yoast.com\/wordpress\/plugins\/seo\/ -->\n<title>New Balance Stone Island x 998 Made in USA &#039;Raso Gommato&#039; - Tourcruiser PTE. LTD<\/title>\n<meta name=\"robots\" content=\"index, follow, max-snippet:-1, max-image-preview:large, max-video-preview:-1\" \/>\n<link rel=\"canonical\" href=\"https:\/\/tourcruiser.com\/de\/products\/new-balance-stone-island-x-998-made-in-usa-raso-gommato\/\" \/>\n<meta property=\"og:locale\" content=\"de_DE\" \/>\n<meta property=\"og:type\" content=\"article\" \/>\n<meta property=\"og:title\" content=\"New Balance Stone Island x 998 Made in USA &#039;Raso Gommato&#039; - Tourcruiser PTE. LTD\" \/>\n<meta property=\"og:description\" content=\"Der Stone Island x New Balance 998 Made in USA \u201eRaso Gommato\u201c verf\u00fcgt \u00fcber eine vorvergilbte ABZORB-Mittelsohle f\u00fcr optimale D\u00e4mpfung. Der Name des Schuhs stammt von einem klassischen italienischen Stoff. Erdige Braunt\u00f6ne pr\u00e4gen das Obermaterial, das schaumbeschichtetes Canvas mit weichem Nubukleder kombiniert. Graue, reflektierende Details am \u201eN\u201c-Logo und an der Ferse fangen das Licht ein. [&hellip;]\" \/>\n<meta property=\"og:url\" content=\"https:\/\/tourcruiser.com\/de\/products\/new-balance-stone-island-x-998-made-in-usa-raso-gommato\/\" \/>\n<meta property=\"og:site_name\" content=\"Tourcruiser Sneaker Store\" \/>\n<meta property=\"article:modified_time\" content=\"2026-03-27T17:36:55+00:00\" \/>\n<meta name=\"twitter:card\" content=\"summary_large_image\" \/>\n<meta name=\"twitter:image\" content=\"https:\/\/cdn.flightclub.com\/TEMPLATE\/483766\/1.jpg?w=1600;https:\/\/cdn.flightclub.com\/TEMPLATE\/483766\/2.jpg?w=1600;https:\/\/cdn.flightclub.com\/TEMPLATE\/483766\/3.jpg?w=1600;https:\/\/cdn.flightclub.com\/TEMPLATE\/483766\/4.jpg?w=1600\" \/>\n<script type=\"application\/ld+json\" class=\"yoast-schema-graph\">{\"@context\":\"https:\/\/schema.org\",\"@graph\":[{\"@type\":\"WebPage\",\"@id\":\"https:\/\/tourcruiser.com\/de\/products\/new-balance-stone-island-x-998-made-in-usa-raso-gommato\/\",\"url\":\"https:\/\/tourcruiser.com\/de\/products\/new-balance-stone-island-x-998-made-in-usa-raso-gommato\/\",\"name\":\"New Balance Stone Island x 998 Made in USA 'Raso Gommato' - Tourcruiser PTE. LTD\",\"isPartOf\":{\"@id\":\"https:\/\/tourcruiser.com\/de\/#website\"},\"primaryImageOfPage\":{\"@id\":\"https:\/\/tourcruiser.com\/de\/products\/new-balance-stone-island-x-998-made-in-usa-raso-gommato\/#primaryimage\"},\"image\":{\"@id\":\"https:\/\/tourcruiser.com\/de\/products\/new-balance-stone-island-x-998-made-in-usa-raso-gommato\/#primaryimage\"},\"thumbnailUrl\":\"https:\/\/cdn.flightclub.com\/TEMPLATE\/483766\/1.jpg?w=1600;https:\/\/cdn.flightclub.com\/TEMPLATE\/483766\/2.jpg?w=1600;https:\/\/cdn.flightclub.com\/TEMPLATE\/483766\/3.jpg?w=1600;https:\/\/cdn.flightclub.com\/TEMPLATE\/483766\/4.jpg?w=1600\",\"datePublished\":\"2026-02-25T12:17:59+00:00\",\"dateModified\":\"2026-03-27T17:36:55+00:00\",\"breadcrumb\":{\"@id\":\"https:\/\/tourcruiser.com\/de\/products\/new-balance-stone-island-x-998-made-in-usa-raso-gommato\/#breadcrumb\"},\"inLanguage\":\"de\",\"potentialAction\":[{\"@type\":\"ReadAction\",\"target\":[\"https:\/\/tourcruiser.com\/de\/products\/new-balance-stone-island-x-998-made-in-usa-raso-gommato\/\"]}]},{\"@type\":\"ImageObject\",\"inLanguage\":\"de\",\"@id\":\"https:\/\/tourcruiser.com\/de\/products\/new-balance-stone-island-x-998-made-in-usa-raso-gommato\/#primaryimage\",\"url\":\"https:\/\/cdn.flightclub.com\/TEMPLATE\/483766\/1.jpg?w=1600;https:\/\/cdn.flightclub.com\/TEMPLATE\/483766\/2.jpg?w=1600;https:\/\/cdn.flightclub.com\/TEMPLATE\/483766\/3.jpg?w=1600;https:\/\/cdn.flightclub.com\/TEMPLATE\/483766\/4.jpg?w=1600\",\"contentUrl\":\"https:\/\/cdn.flightclub.com\/TEMPLATE\/483766\/1.jpg?w=1600;https:\/\/cdn.flightclub.com\/TEMPLATE\/483766\/2.jpg?w=1600;https:\/\/cdn.flightclub.com\/TEMPLATE\/483766\/3.jpg?w=1600;https:\/\/cdn.flightclub.com\/TEMPLATE\/483766\/4.jpg?w=1600\"},{\"@type\":\"BreadcrumbList\",\"@id\":\"https:\/\/tourcruiser.com\/de\/products\/new-balance-stone-island-x-998-made-in-usa-raso-gommato\/#breadcrumb\",\"itemListElement\":[{\"@type\":\"ListItem\",\"position\":1,\"name\":\"Home\",\"item\":\"https:\/\/tourcruiser.com\/de\/\"},{\"@type\":\"ListItem\",\"position\":2,\"name\":\"Shop\",\"item\":\"https:\/\/tourcruiser.com\/de\/shop\/\"},{\"@type\":\"ListItem\",\"position\":3,\"name\":\"New Balance Stone Island x 998 Made in USA 'Raso Gommato'\"}]},{\"@type\":\"WebSite\",\"@id\":\"https:\/\/tourcruiser.com\/de\/#website\",\"url\":\"https:\/\/tourcruiser.com\/de\/\",\"name\":\"Styloral Jewelry Shop\",\"description\":\"Tourcruiser Sneaker Store \u2014 der Ort, an dem das Universum deine Einzigartigkeit trifft.\",\"publisher\":{\"@id\":\"https:\/\/tourcruiser.com\/de\/#organization\"},\"potentialAction\":[{\"@type\":\"SearchAction\",\"target\":{\"@type\":\"EntryPoint\",\"urlTemplate\":\"https:\/\/tourcruiser.com\/de\/?s={search_term_string}\"},\"query-input\":{\"@type\":\"PropertyValueSpecification\",\"valueRequired\":true,\"valueName\":\"search_term_string\"}}],\"inLanguage\":\"de\"},{\"@type\":\"Organization\",\"@id\":\"https:\/\/tourcruiser.com\/de\/#organization\",\"name\":\"STYLORAL PTE. LTD\",\"url\":\"https:\/\/tourcruiser.com\/de\/\",\"logo\":{\"@type\":\"ImageObject\",\"inLanguage\":\"de\",\"@id\":\"https:\/\/tourcruiser.com\/de\/#\/schema\/logo\/image\/\",\"url\":\"https:\/\/www.tourcruiser.com\/wp-content\/uploads\/2025\/12\/logo.png\",\"contentUrl\":\"https:\/\/www.tourcruiser.com\/wp-content\/uploads\/2025\/12\/logo.png\",\"width\":200,\"height\":65,\"caption\":\"STYLORAL PTE. LTD\"},\"image\":{\"@id\":\"https:\/\/tourcruiser.com\/de\/#\/schema\/logo\/image\/\"}}]}<\/script>\n<!-- \/ Yoast SEO plugin. -->","yoast_head_json":{"title":"New Balance Stone Island x 998 Made in USA 'Raso Gommato' - Tourcruiser PTE. LTD","robots":{"index":"index","follow":"follow","max-snippet":"max-snippet:-1","max-image-preview":"max-image-preview:large","max-video-preview":"max-video-preview:-1"},"canonical":"https:\/\/tourcruiser.com\/de\/products\/new-balance-stone-island-x-998-made-in-usa-raso-gommato\/","og_locale":"de_DE","og_type":"article","og_title":"New Balance Stone Island x 998 Made in USA 'Raso Gommato' - Tourcruiser PTE. LTD","og_description":"Der Stone Island x New Balance 998 Made in USA \u201eRaso Gommato\u201c verf\u00fcgt \u00fcber eine vorvergilbte ABZORB-Mittelsohle f\u00fcr optimale D\u00e4mpfung. Der Name des Schuhs stammt von einem klassischen italienischen Stoff. Erdige Braunt\u00f6ne pr\u00e4gen das Obermaterial, das schaumbeschichtetes Canvas mit weichem Nubukleder kombiniert. Graue, reflektierende Details am \u201eN\u201c-Logo und an der Ferse fangen das Licht ein. [&hellip;]","og_url":"https:\/\/tourcruiser.com\/de\/products\/new-balance-stone-island-x-998-made-in-usa-raso-gommato\/","og_site_name":"Tourcruiser Sneaker Store","article_modified_time":"2026-03-27T17:36:55+00:00","twitter_card":"summary_large_image","twitter_image":"https:\/\/cdn.flightclub.com\/TEMPLATE\/483766\/1.jpg?w=1600;https:\/\/cdn.flightclub.com\/TEMPLATE\/483766\/2.jpg?w=1600;https:\/\/cdn.flightclub.com\/TEMPLATE\/483766\/3.jpg?w=1600;https:\/\/cdn.flightclub.com\/TEMPLATE\/483766\/4.jpg?w=1600","schema":{"@context":"https:\/\/schema.org","@graph":[{"@type":"WebPage","@id":"https:\/\/tourcruiser.com\/de\/products\/new-balance-stone-island-x-998-made-in-usa-raso-gommato\/","url":"https:\/\/tourcruiser.com\/de\/products\/new-balance-stone-island-x-998-made-in-usa-raso-gommato\/","name":"New Balance Stone Island x 998 Made in USA 'Raso Gommato' - Tourcruiser PTE. LTD","isPartOf":{"@id":"https:\/\/tourcruiser.com\/de\/#website"},"primaryImageOfPage":{"@id":"https:\/\/tourcruiser.com\/de\/products\/new-balance-stone-island-x-998-made-in-usa-raso-gommato\/#primaryimage"},"image":{"@id":"https:\/\/tourcruiser.com\/de\/products\/new-balance-stone-island-x-998-made-in-usa-raso-gommato\/#primaryimage"},"thumbnailUrl":"https:\/\/cdn.flightclub.com\/TEMPLATE\/483766\/1.jpg?w=1600;https:\/\/cdn.flightclub.com\/TEMPLATE\/483766\/2.jpg?w=1600;https:\/\/cdn.flightclub.com\/TEMPLATE\/483766\/3.jpg?w=1600;https:\/\/cdn.flightclub.com\/TEMPLATE\/483766\/4.jpg?w=1600","datePublished":"2026-02-25T12:17:59+00:00","dateModified":"2026-03-27T17:36:55+00:00","breadcrumb":{"@id":"https:\/\/tourcruiser.com\/de\/products\/new-balance-stone-island-x-998-made-in-usa-raso-gommato\/#breadcrumb"},"inLanguage":"de","potentialAction":[{"@type":"ReadAction","target":["https:\/\/tourcruiser.com\/de\/products\/new-balance-stone-island-x-998-made-in-usa-raso-gommato\/"]}]},{"@type":"ImageObject","inLanguage":"de","@id":"https:\/\/tourcruiser.com\/de\/products\/new-balance-stone-island-x-998-made-in-usa-raso-gommato\/#primaryimage","url":"https:\/\/cdn.flightclub.com\/TEMPLATE\/483766\/1.jpg?w=1600;https:\/\/cdn.flightclub.com\/TEMPLATE\/483766\/2.jpg?w=1600;https:\/\/cdn.flightclub.com\/TEMPLATE\/483766\/3.jpg?w=1600;https:\/\/cdn.flightclub.com\/TEMPLATE\/483766\/4.jpg?w=1600","contentUrl":"https:\/\/cdn.flightclub.com\/TEMPLATE\/483766\/1.jpg?w=1600;https:\/\/cdn.flightclub.com\/TEMPLATE\/483766\/2.jpg?w=1600;https:\/\/cdn.flightclub.com\/TEMPLATE\/483766\/3.jpg?w=1600;https:\/\/cdn.flightclub.com\/TEMPLATE\/483766\/4.jpg?w=1600"},{"@type":"BreadcrumbList","@id":"https:\/\/tourcruiser.com\/de\/products\/new-balance-stone-island-x-998-made-in-usa-raso-gommato\/#breadcrumb","itemListElement":[{"@type":"ListItem","position":1,"name":"Home","item":"https:\/\/tourcruiser.com\/de\/"},{"@type":"ListItem","position":2,"name":"Shop","item":"https:\/\/tourcruiser.com\/de\/shop\/"},{"@type":"ListItem","position":3,"name":"New Balance Stone Island x 998 Made in USA 'Raso Gommato'"}]},{"@type":"WebSite","@id":"https:\/\/tourcruiser.com\/de\/#website","url":"https:\/\/tourcruiser.com\/de\/","name":"Styloral Jewelry Shop","description":"Tourcruiser Sneaker Store \u2014 der Ort, an dem das Universum deine Einzigartigkeit trifft.","publisher":{"@id":"https:\/\/tourcruiser.com\/de\/#organization"},"potentialAction":[{"@type":"SearchAction","target":{"@type":"EntryPoint","urlTemplate":"https:\/\/tourcruiser.com\/de\/?s={search_term_string}"},"query-input":{"@type":"PropertyValueSpecification","valueRequired":true,"valueName":"search_term_string"}}],"inLanguage":"de"},{"@type":"Organization","@id":"https:\/\/tourcruiser.com\/de\/#organization","name":"STYLORAL PTE. LTD","url":"https:\/\/tourcruiser.com\/de\/","logo":{"@type":"ImageObject","inLanguage":"de","@id":"https:\/\/tourcruiser.com\/de\/#\/schema\/logo\/image\/","url":"https:\/\/www.tourcruiser.com\/wp-content\/uploads\/2025\/12\/logo.png","contentUrl":"https:\/\/www.tourcruiser.com\/wp-content\/uploads\/2025\/12\/logo.png","width":200,"height":65,"caption":"STYLORAL PTE. LTD"},"image":{"@id":"https:\/\/tourcruiser.com\/de\/#\/schema\/logo\/image\/"}}]}},"_links":{"self":[{"href":"https:\/\/tourcruiser.com\/de\/wp-json\/wp\/v2\/product\/23899","targetHints":{"allow":["GET"]}}],"collection":[{"href":"https:\/\/tourcruiser.com\/de\/wp-json\/wp\/v2\/product"}],"about":[{"href":"https:\/\/tourcruiser.com\/de\/wp-json\/wp\/v2\/types\/product"}],"replies":[{"embeddable":true,"href":"https:\/\/tourcruiser.com\/de\/wp-json\/wp\/v2\/comments?post=23899"}],"wp:featuredmedia":[{"embeddable":true,"href":"https:\/\/tourcruiser.com\/de\/wp-json\/wp\/v2\/media\/23900"}],"wp:attachment":[{"href":"https:\/\/tourcruiser.com\/de\/wp-json\/wp\/v2\/media?parent=23899"}],"wp:term":[{"taxonomy":"product_brand","embeddable":true,"href":"https:\/\/tourcruiser.com\/de\/wp-json\/wp\/v2\/product_brand?post=23899"},{"taxonomy":"product_cat","embeddable":true,"href":"https:\/\/tourcruiser.com\/de\/wp-json\/wp\/v2\/product_cat?post=23899"},{"taxonomy":"product_tag","embeddable":true,"href":"https:\/\/tourcruiser.com\/de\/wp-json\/wp\/v2\/product_tag?post=23899"}],"curies":[{"name":"wp","href":"https:\/\/api.w.org\/{rel}","templated":true}]}}