{"id":23845,"date":"2026-02-25T19:15:14","date_gmt":"2026-02-25T12:15:14","guid":{"rendered":"http:\/\/tourcruiser.com\/product\/new-balance-allerdale-made-in-england-roasted-cashew"},"modified":"2026-03-28T00:36:57","modified_gmt":"2026-03-27T17:36:57","slug":"new-balance-allerdale-made-in-england-roasted-cashew","status":"publish","type":"product","link":"https:\/\/tourcruiser.com\/de\/products\/new-balance-allerdale-made-in-england-roasted-cashew\/","title":{"rendered":"New Balance Allerdale Made in England &#8218;Roasted Cashew&#8216;"},"content":{"rendered":"<p>Erleben Sie erstklassige Handwerkskunst mit den New Balance Allerdale Made in England \u201eRoasted Cashew\u201c-Sneakers \u2013 eine harmonische Verbindung von Stil, Komfort und Tradition. Sorgf\u00e4ltig in der New Balance-Manufaktur in Flimby gefertigt, verk\u00f6rpert dieser Schuh Liebe zum Detail und besticht durch hochwertige Materialien und eine unvergleichliche Verarbeitung. Die satte Farbe \u201eRoasted Cashew\u201c verleiht ihm einen warmen, erdigen Ton, der sowohl l\u00e4ssige als auch elegante Looks perfekt erg\u00e4nzt.<\/p>\n<p>Die Allerdale-Silhouette vereint Retro-\u00c4sthetik mit moderner Funktionalit\u00e4t und ist somit ein zeitloser Begleiter f\u00fcr jeden Anlass. Das Obermaterial aus geschmeidigem Wildleder und hochwertigen Textilien garantiert Langlebigkeit und ein luxuri\u00f6ses Tragegef\u00fchl. Eine robuste und dennoch leichte Zwischensohle bietet hervorragende D\u00e4mpfung und Unterst\u00fctzung \u2013 perfekt f\u00fcr den ganzen Tag. Die Au\u00dfensohle aus griffigem Gummi sorgt f\u00fcr Stabilit\u00e4t und sicheren Halt auf verschiedenen Untergr\u00fcnden.<\/p>\n<p>Ob Sie die Stra\u00dfen der Stadt erkunden oder Ihre Freizeit genie\u00dfen \u2013 diese Sneaker versprechen Ihnen einen stylischen Auftritt und h\u00f6chsten Tragekomfort. Das Label \u201eMade in England\u201c garantiert au\u00dfergew\u00f6hnliche Qualit\u00e4t, Nachhaltigkeit und ist eine Hommage an New Balances traditionsreiche Geschichte in der Schuhherstellung. Verleihen Sie Ihrer Schuhsammlung mit dem New Balance Allerdale \u201eRoasted Cashew\u201c einen Hauch von Eleganz \u2013 die perfekte Verbindung von Tradition und Innovation.<\/p>\n<ul>\n<li><strong>Farbgebung:<\/strong> Roasted Cashew\/Castle Wall<\/li>\n<li><strong>Artikelnummer:<\/strong> UADWWGS<\/li>\n<li><strong>Obermaterial:<\/strong> Leder<\/li>\n<li><strong>Zwischensohle:<\/strong> FuelCell<\/li>\n<li><strong>Farbe:<\/strong> Grau<\/li>\n<li><strong>Saison:<\/strong> Sommer<\/li>\n<li><strong>Erscheinungsjahr:<\/strong> 2025<\/li>\n<\/ul>\n","protected":false},"excerpt":{"rendered":"<p>New Balance Allerdale \u2014 Roasted Cashew\/Castle Wall<\/p>\n","protected":false},"featured_media":23846,"comment_status":"open","ping_status":"closed","template":"","meta":[],"product_brand":[],"product_cat":[9213],"product_tag":[],"class_list":{"0":"post-23845","1":"product","2":"type-product","3":"status-publish","4":"has-post-thumbnail","6":"product_cat-new-balance-2026","7":"wcpa_has_options","9":"first","10":"outofstock","11":"taxable","12":"shipping-taxable","13":"purchasable","14":"product-type-simple"},"wcpa_form_fields":{"rules":{"pric_overide_base_price":false,"pric_overide_base_price_if_gt_zero":false,"pric_overide_base_price_fully":false,"pric_cal_option_once":false,"pric_use_as_fee":false,"bind_quantity":false,"quantity_bind_formula":false},"fields":[{"type":"color-group","required":true,"elementId":"wcpa-color-group-66c4a928225d2","label":"Gr\u00f6\u00dfe","inline":true,"priceOptions":"different_for_all","pricingType":"fixed","className":"hassizechart product-shoes-size-eu product-shoes-size","name":"color-group-66c4a928225e2","disp_type":"square","selection_type":"tick-border","disp_size":"50","show_label_inside":true,"adjust_width":true,"cart_display_type":"text","other_text":"Other","cl_rule":"show","col":6,"values":[{"label":"35","value":"EU 35","price":"","pimage":"","pimage_id":"","pthumb":"","color":""},{"label":"36","value":"EU 36","price":"","pimage":"","pimage_id":"","pthumb":"","color":"","selected":true},{"label":"37","value":"EU 37","price":"","pimage":"","pimage_id":"","pthumb":"","color":""},{"label":"37.5","value":"EU 37.5","price":"","pimage":"","pimage_id":"","pthumb":"","color":""},{"label":"38","value":"EU 38","price":"","pimage":"","pimage_id":"","pthumb":"","color":""},{"label":"38.5","value":"EU 38.5","price":"","pimage":"","pimage_id":"","pthumb":"","color":""},{"label":"39","value":"EU 39","price":"","pimage":"","pimage_id":"","pthumb":"","color":""},{"label":"39.5","value":"EU 39.5","price":"","pimage":"","pimage_id":"","pthumb":"","color":""},{"label":"40","value":"EU 40","price":"","pimage":"","pimage_id":"","pthumb":"","color":""},{"label":"40.5","value":"EU 40.5","price":"","pimage":"","pimage_id":"","pthumb":"","color":""},{"label":" 41.5","value":"EU 41.5","price":"","pimage":"","pimage_id":"","pthumb":"","color":""},{"label":"42","value":"EU 42","price":"","pimage":"","pimage_id":"","pthumb":"","color":""},{"label":"42.5","value":"EU 42.5","price":"","pimage":"","pimage_id":"","pthumb":"","color":""},{"label":"43","value":"EU 43","price":"","pimage":"","pimage_id":"","pthumb":"","color":""},{"label":"44","value":"EU 44","price":"","pimage":"","pimage_id":"","pthumb":"","color":""},{"label":"44.5","value":"EU 44.5","price":"","pimage":"","pimage_id":"","pthumb":"","color":""},{"label":"45","value":"EU 45","price":"","pimage":"","pimage_id":"","pthumb":"","color":""},{"label":"45.5","value":"EU 45.5","price":"","pimage":"","pimage_id":"","pthumb":"","color":""},{"label":"46","value":"EU 46","price":"","pimage":"","pimage_id":"","pthumb":"","color":""}],"relations":[{"operator":false,"rules":[]}],"form_id":24803,"form_rules":{"pric_cal_option_once":false,"exclude_from_discount":false,"pric_use_as_fee":false,"fee_label":"Fee","render_after_acb":false,"disp_hide_options_price":false}}]},"yoast_head":"<!-- This site is optimized with the Yoast SEO plugin v26.5 - https:\/\/yoast.com\/wordpress\/plugins\/seo\/ -->\n<title>New Balance Allerdale Made in England &#039;Roasted Cashew&#039; - Tourcruiser PTE. LTD<\/title>\n<meta name=\"robots\" content=\"index, follow, max-snippet:-1, max-image-preview:large, max-video-preview:-1\" \/>\n<link rel=\"canonical\" href=\"https:\/\/tourcruiser.com\/de\/products\/new-balance-allerdale-made-in-england-roasted-cashew\/\" \/>\n<meta property=\"og:locale\" content=\"de_DE\" \/>\n<meta property=\"og:type\" content=\"article\" \/>\n<meta property=\"og:title\" content=\"New Balance Allerdale Made in England &#039;Roasted Cashew&#039; - Tourcruiser PTE. LTD\" \/>\n<meta property=\"og:description\" content=\"New Balance Allerdale \u2014 Roasted Cashew\/Castle Wall\" \/>\n<meta property=\"og:url\" content=\"https:\/\/tourcruiser.com\/de\/products\/new-balance-allerdale-made-in-england-roasted-cashew\/\" \/>\n<meta property=\"og:site_name\" content=\"Tourcruiser Sneaker Store\" \/>\n<meta property=\"article:modified_time\" content=\"2026-03-27T17:36:57+00:00\" \/>\n<meta name=\"twitter:card\" content=\"summary_large_image\" \/>\n<meta name=\"twitter:image\" content=\"https:\/\/images.novelship.com\/product\/new_balance_allerdale_made_in_england__roasted_cas_0_7426.jpeg\" \/>\n<meta name=\"twitter:label1\" content=\"Gesch\u00e4tzte Lesezeit\" \/>\n\t<meta name=\"twitter:data1\" content=\"1\u00a0Minute\" \/>\n<script type=\"application\/ld+json\" class=\"yoast-schema-graph\">{\"@context\":\"https:\/\/schema.org\",\"@graph\":[{\"@type\":\"WebPage\",\"@id\":\"https:\/\/tourcruiser.com\/de\/products\/new-balance-allerdale-made-in-england-roasted-cashew\/\",\"url\":\"https:\/\/tourcruiser.com\/de\/products\/new-balance-allerdale-made-in-england-roasted-cashew\/\",\"name\":\"New Balance Allerdale Made in England 'Roasted Cashew' - Tourcruiser PTE. LTD\",\"isPartOf\":{\"@id\":\"https:\/\/tourcruiser.com\/de\/#website\"},\"primaryImageOfPage\":{\"@id\":\"https:\/\/tourcruiser.com\/de\/products\/new-balance-allerdale-made-in-england-roasted-cashew\/#primaryimage\"},\"image\":{\"@id\":\"https:\/\/tourcruiser.com\/de\/products\/new-balance-allerdale-made-in-england-roasted-cashew\/#primaryimage\"},\"thumbnailUrl\":\"https:\/\/images.novelship.com\/product\/new_balance_allerdale_made_in_england__roasted_cas_0_7426.jpeg\",\"datePublished\":\"2026-02-25T12:15:14+00:00\",\"dateModified\":\"2026-03-27T17:36:57+00:00\",\"breadcrumb\":{\"@id\":\"https:\/\/tourcruiser.com\/de\/products\/new-balance-allerdale-made-in-england-roasted-cashew\/#breadcrumb\"},\"inLanguage\":\"de\",\"potentialAction\":[{\"@type\":\"ReadAction\",\"target\":[\"https:\/\/tourcruiser.com\/de\/products\/new-balance-allerdale-made-in-england-roasted-cashew\/\"]}]},{\"@type\":\"ImageObject\",\"inLanguage\":\"de\",\"@id\":\"https:\/\/tourcruiser.com\/de\/products\/new-balance-allerdale-made-in-england-roasted-cashew\/#primaryimage\",\"url\":\"https:\/\/images.novelship.com\/product\/new_balance_allerdale_made_in_england__roasted_cas_0_7426.jpeg\",\"contentUrl\":\"https:\/\/images.novelship.com\/product\/new_balance_allerdale_made_in_england__roasted_cas_0_7426.jpeg\"},{\"@type\":\"BreadcrumbList\",\"@id\":\"https:\/\/tourcruiser.com\/de\/products\/new-balance-allerdale-made-in-england-roasted-cashew\/#breadcrumb\",\"itemListElement\":[{\"@type\":\"ListItem\",\"position\":1,\"name\":\"Home\",\"item\":\"https:\/\/tourcruiser.com\/de\/\"},{\"@type\":\"ListItem\",\"position\":2,\"name\":\"Shop\",\"item\":\"https:\/\/tourcruiser.com\/de\/shop\/\"},{\"@type\":\"ListItem\",\"position\":3,\"name\":\"New Balance Allerdale Made in England 'Roasted Cashew'\"}]},{\"@type\":\"WebSite\",\"@id\":\"https:\/\/tourcruiser.com\/de\/#website\",\"url\":\"https:\/\/tourcruiser.com\/de\/\",\"name\":\"Styloral Jewelry Shop\",\"description\":\"Tourcruiser Sneaker Store \u2014 der Ort, an dem das Universum deine Einzigartigkeit trifft.\",\"publisher\":{\"@id\":\"https:\/\/tourcruiser.com\/de\/#organization\"},\"potentialAction\":[{\"@type\":\"SearchAction\",\"target\":{\"@type\":\"EntryPoint\",\"urlTemplate\":\"https:\/\/tourcruiser.com\/de\/?s={search_term_string}\"},\"query-input\":{\"@type\":\"PropertyValueSpecification\",\"valueRequired\":true,\"valueName\":\"search_term_string\"}}],\"inLanguage\":\"de\"},{\"@type\":\"Organization\",\"@id\":\"https:\/\/tourcruiser.com\/de\/#organization\",\"name\":\"STYLORAL PTE. LTD\",\"url\":\"https:\/\/tourcruiser.com\/de\/\",\"logo\":{\"@type\":\"ImageObject\",\"inLanguage\":\"de\",\"@id\":\"https:\/\/tourcruiser.com\/de\/#\/schema\/logo\/image\/\",\"url\":\"https:\/\/www.tourcruiser.com\/wp-content\/uploads\/2025\/12\/logo.png\",\"contentUrl\":\"https:\/\/www.tourcruiser.com\/wp-content\/uploads\/2025\/12\/logo.png\",\"width\":200,\"height\":65,\"caption\":\"STYLORAL PTE. LTD\"},\"image\":{\"@id\":\"https:\/\/tourcruiser.com\/de\/#\/schema\/logo\/image\/\"}}]}<\/script>\n<!-- \/ Yoast SEO plugin. -->","yoast_head_json":{"title":"New Balance Allerdale Made in England 'Roasted Cashew' - Tourcruiser PTE. LTD","robots":{"index":"index","follow":"follow","max-snippet":"max-snippet:-1","max-image-preview":"max-image-preview:large","max-video-preview":"max-video-preview:-1"},"canonical":"https:\/\/tourcruiser.com\/de\/products\/new-balance-allerdale-made-in-england-roasted-cashew\/","og_locale":"de_DE","og_type":"article","og_title":"New Balance Allerdale Made in England 'Roasted Cashew' - Tourcruiser PTE. LTD","og_description":"New Balance Allerdale \u2014 Roasted Cashew\/Castle Wall","og_url":"https:\/\/tourcruiser.com\/de\/products\/new-balance-allerdale-made-in-england-roasted-cashew\/","og_site_name":"Tourcruiser Sneaker Store","article_modified_time":"2026-03-27T17:36:57+00:00","twitter_card":"summary_large_image","twitter_image":"https:\/\/images.novelship.com\/product\/new_balance_allerdale_made_in_england__roasted_cas_0_7426.jpeg","twitter_misc":{"Gesch\u00e4tzte Lesezeit":"1\u00a0Minute"},"schema":{"@context":"https:\/\/schema.org","@graph":[{"@type":"WebPage","@id":"https:\/\/tourcruiser.com\/de\/products\/new-balance-allerdale-made-in-england-roasted-cashew\/","url":"https:\/\/tourcruiser.com\/de\/products\/new-balance-allerdale-made-in-england-roasted-cashew\/","name":"New Balance Allerdale Made in England 'Roasted Cashew' - Tourcruiser PTE. LTD","isPartOf":{"@id":"https:\/\/tourcruiser.com\/de\/#website"},"primaryImageOfPage":{"@id":"https:\/\/tourcruiser.com\/de\/products\/new-balance-allerdale-made-in-england-roasted-cashew\/#primaryimage"},"image":{"@id":"https:\/\/tourcruiser.com\/de\/products\/new-balance-allerdale-made-in-england-roasted-cashew\/#primaryimage"},"thumbnailUrl":"https:\/\/images.novelship.com\/product\/new_balance_allerdale_made_in_england__roasted_cas_0_7426.jpeg","datePublished":"2026-02-25T12:15:14+00:00","dateModified":"2026-03-27T17:36:57+00:00","breadcrumb":{"@id":"https:\/\/tourcruiser.com\/de\/products\/new-balance-allerdale-made-in-england-roasted-cashew\/#breadcrumb"},"inLanguage":"de","potentialAction":[{"@type":"ReadAction","target":["https:\/\/tourcruiser.com\/de\/products\/new-balance-allerdale-made-in-england-roasted-cashew\/"]}]},{"@type":"ImageObject","inLanguage":"de","@id":"https:\/\/tourcruiser.com\/de\/products\/new-balance-allerdale-made-in-england-roasted-cashew\/#primaryimage","url":"https:\/\/images.novelship.com\/product\/new_balance_allerdale_made_in_england__roasted_cas_0_7426.jpeg","contentUrl":"https:\/\/images.novelship.com\/product\/new_balance_allerdale_made_in_england__roasted_cas_0_7426.jpeg"},{"@type":"BreadcrumbList","@id":"https:\/\/tourcruiser.com\/de\/products\/new-balance-allerdale-made-in-england-roasted-cashew\/#breadcrumb","itemListElement":[{"@type":"ListItem","position":1,"name":"Home","item":"https:\/\/tourcruiser.com\/de\/"},{"@type":"ListItem","position":2,"name":"Shop","item":"https:\/\/tourcruiser.com\/de\/shop\/"},{"@type":"ListItem","position":3,"name":"New Balance Allerdale Made in England 'Roasted Cashew'"}]},{"@type":"WebSite","@id":"https:\/\/tourcruiser.com\/de\/#website","url":"https:\/\/tourcruiser.com\/de\/","name":"Styloral Jewelry Shop","description":"Tourcruiser Sneaker Store \u2014 der Ort, an dem das Universum deine Einzigartigkeit trifft.","publisher":{"@id":"https:\/\/tourcruiser.com\/de\/#organization"},"potentialAction":[{"@type":"SearchAction","target":{"@type":"EntryPoint","urlTemplate":"https:\/\/tourcruiser.com\/de\/?s={search_term_string}"},"query-input":{"@type":"PropertyValueSpecification","valueRequired":true,"valueName":"search_term_string"}}],"inLanguage":"de"},{"@type":"Organization","@id":"https:\/\/tourcruiser.com\/de\/#organization","name":"STYLORAL PTE. LTD","url":"https:\/\/tourcruiser.com\/de\/","logo":{"@type":"ImageObject","inLanguage":"de","@id":"https:\/\/tourcruiser.com\/de\/#\/schema\/logo\/image\/","url":"https:\/\/www.tourcruiser.com\/wp-content\/uploads\/2025\/12\/logo.png","contentUrl":"https:\/\/www.tourcruiser.com\/wp-content\/uploads\/2025\/12\/logo.png","width":200,"height":65,"caption":"STYLORAL PTE. LTD"},"image":{"@id":"https:\/\/tourcruiser.com\/de\/#\/schema\/logo\/image\/"}}]}},"_links":{"self":[{"href":"https:\/\/tourcruiser.com\/de\/wp-json\/wp\/v2\/product\/23845","targetHints":{"allow":["GET"]}}],"collection":[{"href":"https:\/\/tourcruiser.com\/de\/wp-json\/wp\/v2\/product"}],"about":[{"href":"https:\/\/tourcruiser.com\/de\/wp-json\/wp\/v2\/types\/product"}],"replies":[{"embeddable":true,"href":"https:\/\/tourcruiser.com\/de\/wp-json\/wp\/v2\/comments?post=23845"}],"wp:featuredmedia":[{"embeddable":true,"href":"https:\/\/tourcruiser.com\/de\/wp-json\/wp\/v2\/media\/23846"}],"wp:attachment":[{"href":"https:\/\/tourcruiser.com\/de\/wp-json\/wp\/v2\/media?parent=23845"}],"wp:term":[{"taxonomy":"product_brand","embeddable":true,"href":"https:\/\/tourcruiser.com\/de\/wp-json\/wp\/v2\/product_brand?post=23845"},{"taxonomy":"product_cat","embeddable":true,"href":"https:\/\/tourcruiser.com\/de\/wp-json\/wp\/v2\/product_cat?post=23845"},{"taxonomy":"product_tag","embeddable":true,"href":"https:\/\/tourcruiser.com\/de\/wp-json\/wp\/v2\/product_tag?post=23845"}],"curies":[{"name":"wp","href":"https:\/\/api.w.org\/{rel}","templated":true}]}}