{"id":23731,"date":"2026-02-25T19:12:48","date_gmt":"2026-02-25T12:12:48","guid":{"rendered":"http:\/\/tourcruiser.com\/product\/adidas-wales-bonner-x-samba-og-croccollegiate-navy"},"modified":"2026-03-02T15:35:36","modified_gmt":"2026-03-02T08:35:36","slug":"adidas-wales-bonner-x-samba-og-croccollegiate-navy","status":"publish","type":"product","link":"https:\/\/tourcruiser.com\/de\/products\/adidas-wales-bonner-x-samba-og-croccollegiate-navy\/","title":{"rendered":"Adidas Wales Bonner x Samba OG &#8218;Croc &#8211; Collegiate Navy&#8216;"},"content":{"rendered":"<p>Der Wales Bonner x adidas Samba OG \u201eCroc \u2013 Collegiate Navy\u201c JH9825 ist eine beeindruckende Neuinterpretation der klassischen Samba-Silhouette, die zeitloses Design mit modernem Flair vereint. Diese Kollaboration verbindet die elegante \u00c4sthetik von Grace Wales Bonner mit der Sportswear-Tradition von adidas und kreiert so einen Sneaker, der gleicherma\u00dfen stilvoll und vielseitig ist.<\/p>\n<p>Das Obermaterial besticht durch eine hochwertige Kombination aus edlem, dunkelblauem Leder und Krokodilpr\u00e4gung und verleiht der ikonischen Silhouette einen luxuri\u00f6sen Touch. Die kontrastierenden cremefarbenen N\u00e4hte und das dezente Wales-Bonner-Branding unterstreichen die raffinierte Verarbeitung. Eine charakteristische Gummisohle rundet den Look ab und sorgt f\u00fcr Strapazierf\u00e4higkeit und einen Hauch von Retro-Charme.<\/p>\n<p>Der Wales Bonner x adidas Samba OG ist perfekt f\u00fcr alle, die die Verschmelzung von High Fashion und Casual-Wear sch\u00e4tzen und l\u00e4sst sich m\u00fchelos vom Streetwear-Look bis hin zu eleganteren Anl\u00e4ssen tragen. Diese Kollaboration wurde f\u00fcr globale Trendsetter entworfen, die einen markanten und zugleich eleganten Sneaker suchen. Sie zelebriert die Schnittstellen von Kultur und Design und ist damit ein Must-have f\u00fcr jede Schuhsammlung.<\/p>\n<ul>\n<li><strong>Farbgebung:<\/strong> Collegiate Navy\/Wonder White\/Night Red<\/li>\n<li><strong>Style-Code:<\/strong> JH9825<\/li>\n<li><strong>Obermaterial:<\/strong> Leder<\/li>\n<li><strong>Farbe:<\/strong> Navy<\/li>\n<li><strong>Saison:<\/strong> Herbst<\/li>\n<li><strong>Erscheinungsjahr:<\/strong> 2024<\/li>\n<\/ul>\n","protected":false},"excerpt":{"rendered":"<p>adidas Samba OG \u2014 Collegiate Navy\/Wonder White\/Night Red<\/p>\n","protected":false},"featured_media":23732,"comment_status":"open","ping_status":"closed","template":"","meta":[],"product_brand":[],"product_cat":[9215],"product_tag":[10632],"class_list":{"0":"post-23731","1":"product","2":"type-product","3":"status-publish","4":"has-post-thumbnail","6":"product_cat-adidas-2026","7":"product_tag-10632","8":"wcpa_has_options","10":"first","11":"instock","12":"taxable","13":"shipping-taxable","14":"purchasable","15":"product-type-simple"},"wcpa_form_fields":{"rules":{"pric_overide_base_price":false,"pric_overide_base_price_if_gt_zero":false,"pric_overide_base_price_fully":false,"pric_cal_option_once":false,"pric_use_as_fee":false,"bind_quantity":false,"quantity_bind_formula":false},"fields":[{"type":"color-group","required":true,"elementId":"wcpa-color-group-66c4a7f817afe","label":"Gr\u00f6\u00dfe","inline":true,"priceOptions":"different_for_all","pricingType":"fixed","className":"hassizechart product-shoes-size-eu product-shoes-size","name":"color-group-66c4a7f817b18","disp_type":"square","selection_type":"tick-border","disp_size":"50","show_label_inside":true,"adjust_width":true,"cart_display_type":"text","other_text":"Other","cl_rule":"show","col":6,"values":[{"label":"35","value":"EU 35","price":"","pimage":"","pimage_id":"","pthumb":"","color":""},{"label":"35.5","value":"EU 35.5","price":"","pimage":"","pimage_id":"","pthumb":"","color":""},{"label":"36","value":"EU 36","price":"","pimage":"","pimage_id":"","pthumb":"","color":"","selected":true},{"label":"36 2\/3","value":"EU 36 2\/3","price":"","pimage":"","pimage_id":"","pthumb":"","color":""},{"label":"37 1\/3","value":"EU 37 1\/3","price":"","pimage":"","pimage_id":"","pthumb":"","color":""},{"label":"38","value":"EU 38","price":"","pimage":"","pimage_id":"","pthumb":"","color":""},{"label":"38 2\/3","value":"EU 38 2\/3","price":"","pimage":"","pimage_id":"","pthumb":"","color":""},{"label":"39 1\/3","value":"EU 39 1\/3","price":"","pimage":"","pimage_id":"","pthumb":"","color":""},{"label":"40","value":"EU 40","price":"","pimage":"","pimage_id":"","pthumb":"","color":""},{"label":"40 2\/3","value":"EU 40 2\/3","price":"","pimage":"","pimage_id":"","pthumb":"","color":""},{"label":"41 1\/3","value":"EU 41 1\/3","price":"","pimage":"","pimage_id":"","pthumb":"","color":""},{"label":"42","value":"EU 42","price":"","pimage":"","pimage_id":"","pthumb":"","color":""},{"label":"42 2\/3","value":"EU 42 2\/3","price":"","pimage":"","pimage_id":"","pthumb":"","color":""},{"label":"43 1\/3","value":"EU 43 1\/3","price":"","pimage":"","pimage_id":"","pthumb":"","color":""},{"label":"44","value":"EU 44","price":"","pimage":"","pimage_id":"","pthumb":"","color":""},{"label":"44 2\/3","value":"EU 44 2\/3","price":"","pimage":"","pimage_id":"","pthumb":"","color":""},{"label":"45 1\/3","value":"EU 45 1\/3","price":"","pimage":"","pimage_id":"","pthumb":"","color":""},{"label":"46","value":"EU 46","price":"","pimage":"","pimage_id":"","pthumb":"","color":""},{"label":"46 2\/3","value":"EU 46 2\/3","price":"","pimage":"","pimage_id":"","pthumb":"","color":""},{"label":"47 1\/3","value":"EU 47 1\/3","price":"","pimage":"","pimage_id":"","pthumb":"","color":""}],"relations":[{"operator":false,"rules":[]}],"form_id":24802,"form_rules":{"pric_cal_option_once":false,"exclude_from_discount":false,"pric_use_as_fee":false,"fee_label":"Fee","render_after_acb":false,"disp_hide_options_price":false}}]},"yoast_head":"<!-- This site is optimized with the Yoast SEO plugin v26.5 - https:\/\/yoast.com\/wordpress\/plugins\/seo\/ -->\n<title>Adidas Wales Bonner x Samba OG &#039;Croc - Collegiate Navy&#039; - Tourcruiser PTE. LTD<\/title>\n<meta name=\"robots\" content=\"index, follow, max-snippet:-1, max-image-preview:large, max-video-preview:-1\" \/>\n<link rel=\"canonical\" href=\"https:\/\/tourcruiser.com\/de\/products\/adidas-wales-bonner-x-samba-og-croccollegiate-navy\/\" \/>\n<meta property=\"og:locale\" content=\"de_DE\" \/>\n<meta property=\"og:type\" content=\"article\" \/>\n<meta property=\"og:title\" content=\"Adidas Wales Bonner x Samba OG &#039;Croc - Collegiate Navy&#039; - Tourcruiser PTE. LTD\" \/>\n<meta property=\"og:description\" content=\"adidas Samba OG \u2014 Collegiate Navy\/Wonder White\/Night Red\" \/>\n<meta property=\"og:url\" content=\"https:\/\/tourcruiser.com\/de\/products\/adidas-wales-bonner-x-samba-og-croccollegiate-navy\/\" \/>\n<meta property=\"og:site_name\" content=\"Tourcruiser Sneaker Store\" \/>\n<meta property=\"article:modified_time\" content=\"2026-03-02T08:35:36+00:00\" \/>\n<meta name=\"twitter:card\" content=\"summary_large_image\" \/>\n<meta name=\"twitter:image\" content=\"https:\/\/images.novelship.com\/product\/wales_bonner_x_adidas_samba_og__croc_-_collegiate__0_38525.jpeg\" \/>\n<meta name=\"twitter:label1\" content=\"Gesch\u00e4tzte Lesezeit\" \/>\n\t<meta name=\"twitter:data1\" content=\"1\u00a0Minute\" \/>\n<script type=\"application\/ld+json\" class=\"yoast-schema-graph\">{\"@context\":\"https:\/\/schema.org\",\"@graph\":[{\"@type\":\"WebPage\",\"@id\":\"https:\/\/tourcruiser.com\/de\/products\/adidas-wales-bonner-x-samba-og-croccollegiate-navy\/\",\"url\":\"https:\/\/tourcruiser.com\/de\/products\/adidas-wales-bonner-x-samba-og-croccollegiate-navy\/\",\"name\":\"Adidas Wales Bonner x Samba OG 'Croc - Collegiate Navy' - Tourcruiser PTE. LTD\",\"isPartOf\":{\"@id\":\"https:\/\/tourcruiser.com\/de\/#website\"},\"primaryImageOfPage\":{\"@id\":\"https:\/\/tourcruiser.com\/de\/products\/adidas-wales-bonner-x-samba-og-croccollegiate-navy\/#primaryimage\"},\"image\":{\"@id\":\"https:\/\/tourcruiser.com\/de\/products\/adidas-wales-bonner-x-samba-og-croccollegiate-navy\/#primaryimage\"},\"thumbnailUrl\":\"https:\/\/images.novelship.com\/product\/wales_bonner_x_adidas_samba_og__croc_-_collegiate__0_38525.jpeg\",\"datePublished\":\"2026-02-25T12:12:48+00:00\",\"dateModified\":\"2026-03-02T08:35:36+00:00\",\"breadcrumb\":{\"@id\":\"https:\/\/tourcruiser.com\/de\/products\/adidas-wales-bonner-x-samba-og-croccollegiate-navy\/#breadcrumb\"},\"inLanguage\":\"de\",\"potentialAction\":[{\"@type\":\"ReadAction\",\"target\":[\"https:\/\/tourcruiser.com\/de\/products\/adidas-wales-bonner-x-samba-og-croccollegiate-navy\/\"]}]},{\"@type\":\"ImageObject\",\"inLanguage\":\"de\",\"@id\":\"https:\/\/tourcruiser.com\/de\/products\/adidas-wales-bonner-x-samba-og-croccollegiate-navy\/#primaryimage\",\"url\":\"https:\/\/images.novelship.com\/product\/wales_bonner_x_adidas_samba_og__croc_-_collegiate__0_38525.jpeg\",\"contentUrl\":\"https:\/\/images.novelship.com\/product\/wales_bonner_x_adidas_samba_og__croc_-_collegiate__0_38525.jpeg\"},{\"@type\":\"BreadcrumbList\",\"@id\":\"https:\/\/tourcruiser.com\/de\/products\/adidas-wales-bonner-x-samba-og-croccollegiate-navy\/#breadcrumb\",\"itemListElement\":[{\"@type\":\"ListItem\",\"position\":1,\"name\":\"Home\",\"item\":\"https:\/\/tourcruiser.com\/de\/\"},{\"@type\":\"ListItem\",\"position\":2,\"name\":\"Shop\",\"item\":\"https:\/\/tourcruiser.com\/de\/shop\/\"},{\"@type\":\"ListItem\",\"position\":3,\"name\":\"Adidas Wales Bonner x Samba OG 'Croc - Collegiate Navy'\"}]},{\"@type\":\"WebSite\",\"@id\":\"https:\/\/tourcruiser.com\/de\/#website\",\"url\":\"https:\/\/tourcruiser.com\/de\/\",\"name\":\"Styloral Jewelry Shop\",\"description\":\"Tourcruiser Sneaker Store \u2014 der Ort, an dem das Universum deine Einzigartigkeit trifft.\",\"publisher\":{\"@id\":\"https:\/\/tourcruiser.com\/de\/#organization\"},\"potentialAction\":[{\"@type\":\"SearchAction\",\"target\":{\"@type\":\"EntryPoint\",\"urlTemplate\":\"https:\/\/tourcruiser.com\/de\/?s={search_term_string}\"},\"query-input\":{\"@type\":\"PropertyValueSpecification\",\"valueRequired\":true,\"valueName\":\"search_term_string\"}}],\"inLanguage\":\"de\"},{\"@type\":\"Organization\",\"@id\":\"https:\/\/tourcruiser.com\/de\/#organization\",\"name\":\"STYLORAL PTE. LTD\",\"url\":\"https:\/\/tourcruiser.com\/de\/\",\"logo\":{\"@type\":\"ImageObject\",\"inLanguage\":\"de\",\"@id\":\"https:\/\/tourcruiser.com\/de\/#\/schema\/logo\/image\/\",\"url\":\"https:\/\/www.tourcruiser.com\/wp-content\/uploads\/2025\/12\/logo.png\",\"contentUrl\":\"https:\/\/www.tourcruiser.com\/wp-content\/uploads\/2025\/12\/logo.png\",\"width\":200,\"height\":65,\"caption\":\"STYLORAL PTE. LTD\"},\"image\":{\"@id\":\"https:\/\/tourcruiser.com\/de\/#\/schema\/logo\/image\/\"}}]}<\/script>\n<!-- \/ Yoast SEO plugin. -->","yoast_head_json":{"title":"Adidas Wales Bonner x Samba OG 'Croc - Collegiate Navy' - Tourcruiser PTE. LTD","robots":{"index":"index","follow":"follow","max-snippet":"max-snippet:-1","max-image-preview":"max-image-preview:large","max-video-preview":"max-video-preview:-1"},"canonical":"https:\/\/tourcruiser.com\/de\/products\/adidas-wales-bonner-x-samba-og-croccollegiate-navy\/","og_locale":"de_DE","og_type":"article","og_title":"Adidas Wales Bonner x Samba OG 'Croc - Collegiate Navy' - Tourcruiser PTE. LTD","og_description":"adidas Samba OG \u2014 Collegiate Navy\/Wonder White\/Night Red","og_url":"https:\/\/tourcruiser.com\/de\/products\/adidas-wales-bonner-x-samba-og-croccollegiate-navy\/","og_site_name":"Tourcruiser Sneaker Store","article_modified_time":"2026-03-02T08:35:36+00:00","twitter_card":"summary_large_image","twitter_image":"https:\/\/images.novelship.com\/product\/wales_bonner_x_adidas_samba_og__croc_-_collegiate__0_38525.jpeg","twitter_misc":{"Gesch\u00e4tzte Lesezeit":"1\u00a0Minute"},"schema":{"@context":"https:\/\/schema.org","@graph":[{"@type":"WebPage","@id":"https:\/\/tourcruiser.com\/de\/products\/adidas-wales-bonner-x-samba-og-croccollegiate-navy\/","url":"https:\/\/tourcruiser.com\/de\/products\/adidas-wales-bonner-x-samba-og-croccollegiate-navy\/","name":"Adidas Wales Bonner x Samba OG 'Croc - Collegiate Navy' - Tourcruiser PTE. LTD","isPartOf":{"@id":"https:\/\/tourcruiser.com\/de\/#website"},"primaryImageOfPage":{"@id":"https:\/\/tourcruiser.com\/de\/products\/adidas-wales-bonner-x-samba-og-croccollegiate-navy\/#primaryimage"},"image":{"@id":"https:\/\/tourcruiser.com\/de\/products\/adidas-wales-bonner-x-samba-og-croccollegiate-navy\/#primaryimage"},"thumbnailUrl":"https:\/\/images.novelship.com\/product\/wales_bonner_x_adidas_samba_og__croc_-_collegiate__0_38525.jpeg","datePublished":"2026-02-25T12:12:48+00:00","dateModified":"2026-03-02T08:35:36+00:00","breadcrumb":{"@id":"https:\/\/tourcruiser.com\/de\/products\/adidas-wales-bonner-x-samba-og-croccollegiate-navy\/#breadcrumb"},"inLanguage":"de","potentialAction":[{"@type":"ReadAction","target":["https:\/\/tourcruiser.com\/de\/products\/adidas-wales-bonner-x-samba-og-croccollegiate-navy\/"]}]},{"@type":"ImageObject","inLanguage":"de","@id":"https:\/\/tourcruiser.com\/de\/products\/adidas-wales-bonner-x-samba-og-croccollegiate-navy\/#primaryimage","url":"https:\/\/images.novelship.com\/product\/wales_bonner_x_adidas_samba_og__croc_-_collegiate__0_38525.jpeg","contentUrl":"https:\/\/images.novelship.com\/product\/wales_bonner_x_adidas_samba_og__croc_-_collegiate__0_38525.jpeg"},{"@type":"BreadcrumbList","@id":"https:\/\/tourcruiser.com\/de\/products\/adidas-wales-bonner-x-samba-og-croccollegiate-navy\/#breadcrumb","itemListElement":[{"@type":"ListItem","position":1,"name":"Home","item":"https:\/\/tourcruiser.com\/de\/"},{"@type":"ListItem","position":2,"name":"Shop","item":"https:\/\/tourcruiser.com\/de\/shop\/"},{"@type":"ListItem","position":3,"name":"Adidas Wales Bonner x Samba OG 'Croc - Collegiate Navy'"}]},{"@type":"WebSite","@id":"https:\/\/tourcruiser.com\/de\/#website","url":"https:\/\/tourcruiser.com\/de\/","name":"Styloral Jewelry Shop","description":"Tourcruiser Sneaker Store \u2014 der Ort, an dem das Universum deine Einzigartigkeit trifft.","publisher":{"@id":"https:\/\/tourcruiser.com\/de\/#organization"},"potentialAction":[{"@type":"SearchAction","target":{"@type":"EntryPoint","urlTemplate":"https:\/\/tourcruiser.com\/de\/?s={search_term_string}"},"query-input":{"@type":"PropertyValueSpecification","valueRequired":true,"valueName":"search_term_string"}}],"inLanguage":"de"},{"@type":"Organization","@id":"https:\/\/tourcruiser.com\/de\/#organization","name":"STYLORAL PTE. LTD","url":"https:\/\/tourcruiser.com\/de\/","logo":{"@type":"ImageObject","inLanguage":"de","@id":"https:\/\/tourcruiser.com\/de\/#\/schema\/logo\/image\/","url":"https:\/\/www.tourcruiser.com\/wp-content\/uploads\/2025\/12\/logo.png","contentUrl":"https:\/\/www.tourcruiser.com\/wp-content\/uploads\/2025\/12\/logo.png","width":200,"height":65,"caption":"STYLORAL PTE. LTD"},"image":{"@id":"https:\/\/tourcruiser.com\/de\/#\/schema\/logo\/image\/"}}]}},"_links":{"self":[{"href":"https:\/\/tourcruiser.com\/de\/wp-json\/wp\/v2\/product\/23731","targetHints":{"allow":["GET"]}}],"collection":[{"href":"https:\/\/tourcruiser.com\/de\/wp-json\/wp\/v2\/product"}],"about":[{"href":"https:\/\/tourcruiser.com\/de\/wp-json\/wp\/v2\/types\/product"}],"replies":[{"embeddable":true,"href":"https:\/\/tourcruiser.com\/de\/wp-json\/wp\/v2\/comments?post=23731"}],"wp:featuredmedia":[{"embeddable":true,"href":"https:\/\/tourcruiser.com\/de\/wp-json\/wp\/v2\/media\/23732"}],"wp:attachment":[{"href":"https:\/\/tourcruiser.com\/de\/wp-json\/wp\/v2\/media?parent=23731"}],"wp:term":[{"taxonomy":"product_brand","embeddable":true,"href":"https:\/\/tourcruiser.com\/de\/wp-json\/wp\/v2\/product_brand?post=23731"},{"taxonomy":"product_cat","embeddable":true,"href":"https:\/\/tourcruiser.com\/de\/wp-json\/wp\/v2\/product_cat?post=23731"},{"taxonomy":"product_tag","embeddable":true,"href":"https:\/\/tourcruiser.com\/de\/wp-json\/wp\/v2\/product_tag?post=23731"}],"curies":[{"name":"wp","href":"https:\/\/api.w.org\/{rel}","templated":true}]}}