{"id":23642,"date":"2026-02-25T19:09:24","date_gmt":"2026-02-25T12:09:24","guid":{"rendered":"http:\/\/tourcruiser.com\/product\/adidas-adipower-weightlifting-3-2024-athlete-pack"},"modified":"2026-03-28T00:30:12","modified_gmt":"2026-03-27T17:30:12","slug":"adidas-adipower-weightlifting-3-2024-athlete-pack","status":"publish","type":"product","link":"https:\/\/tourcruiser.com\/de\/products\/adidas-adipower-weightlifting-3-2024-athlete-pack\/","title":{"rendered":"Adidas Adipower Weightlifting 3 &#8218;2024 Athlete Pack&#8216;"},"content":{"rendered":"<p>Verbessere dein Krafttraining mit dem adidas Adipower Weightlifting 3 &#8218;2024 Athlete Pack&#8216; IG1773 \u2013 entwickelt f\u00fcr un\u00fcbertroffene Stabilit\u00e4t, Langlebigkeit und Leistung. Dieser Premium-Gewichtheberschuh wurde speziell f\u00fcr ambitionierte Gewichtheber entwickelt und verf\u00fcgt \u00fcber eine innovative Dual-Density-Mittelsohle sowie eine verst\u00e4rkte TPU-Mittelfu\u00dfst\u00fctze. So bietet er au\u00dfergew\u00f6hnliche Unterst\u00fctzung und optimale Kraft\u00fcbertragung bei schweren Gewichten.<\/p>\n<p>Das Ein-Klett-System sorgt f\u00fcr sicheren Halt, w\u00e4hrend das atmungsaktive Obermaterial f\u00fcr mehr Komfort und Luftzirkulation sorgt und deine F\u00fc\u00dfe auch bei intensiven Trainingseinheiten k\u00fchl h\u00e4lt. Die erh\u00f6hte Ferse, optimiert f\u00fcr eine korrekte Hebehaltung, f\u00f6rdert eine bessere Ausrichtung und Beweglichkeit bei Kniebeugen, Rei\u00dfen und Sto\u00dfen.<\/p>\n<p>Das Design des 2024 Athlete Packs wurde mit h\u00f6chster Pr\u00e4zision f\u00fcr die weltbesten Athleten entwickelt und besticht durch eine elegante und moderne \u00c4sthetik f\u00fcr alle, die Wert auf Funktionalit\u00e4t und Stil legen. Die rutschfeste Gummisohle garantiert hervorragende Traktion und Griffigkeit auf verschiedenen Hallenb\u00f6den und erm\u00f6glicht dir so ein sicheres und kontrolliertes Heben.<\/p>\n<p>Egal ob Wettkampfathlet oder ambitionierter Kraftsportler \u2013 der adidas Adipower Weightlifting 3 definiert Performance-Schuhe neu und hilft dir, deine Ziele zu \u00fcbertreffen. Bring dein Training mit diesem innovativen, von Athleten getesteten Kraftpaket auf das n\u00e4chste Level.<\/p>\n<ul>\n<li><strong>Farbgebung:<\/strong> Aurora Black\/Zero Metallic\/Spark<\/li>\n<li><strong>Style-Code:<\/strong> IG1773<\/li>\n<li><strong>Obermaterial:<\/strong> Canvas<\/li>\n<li><strong>Farbe:<\/strong> Schwarz<\/li>\n<li><strong>Saison:<\/strong> Fr\u00fchling<\/li>\n<li><strong>Erscheinungsjahr:<\/strong> 2025<\/li>\n<\/ul>\n","protected":false},"excerpt":{"rendered":"<p>adidas Adipower Weightlifting 3 \u2014 Aurora Black\/Zero Metallic\/Spark<\/p>\n","protected":false},"featured_media":23643,"comment_status":"open","ping_status":"closed","template":"","meta":[],"product_brand":[],"product_cat":[9215],"product_tag":[10609],"class_list":{"0":"post-23642","1":"product","2":"type-product","3":"status-publish","4":"has-post-thumbnail","6":"product_cat-adidas-2026","7":"product_tag-ig17737-5","8":"wcpa_has_options","10":"first","11":"outofstock","12":"taxable","13":"shipping-taxable","14":"purchasable","15":"product-type-simple"},"wcpa_form_fields":{"rules":{"pric_overide_base_price":false,"pric_overide_base_price_if_gt_zero":false,"pric_overide_base_price_fully":false,"pric_cal_option_once":false,"pric_use_as_fee":false,"bind_quantity":false,"quantity_bind_formula":false},"fields":[{"type":"color-group","required":true,"elementId":"wcpa-color-group-66c4a7f817afe","label":"Gr\u00f6\u00dfe","inline":true,"priceOptions":"different_for_all","pricingType":"fixed","className":"hassizechart product-shoes-size-eu product-shoes-size","name":"color-group-66c4a7f817b18","disp_type":"square","selection_type":"tick-border","disp_size":"50","show_label_inside":true,"adjust_width":true,"cart_display_type":"text","other_text":"Other","cl_rule":"show","col":6,"values":[{"label":"35","value":"EU 35","price":"","pimage":"","pimage_id":"","pthumb":"","color":""},{"label":"35.5","value":"EU 35.5","price":"","pimage":"","pimage_id":"","pthumb":"","color":""},{"label":"36","value":"EU 36","price":"","pimage":"","pimage_id":"","pthumb":"","color":"","selected":true},{"label":"36 2\/3","value":"EU 36 2\/3","price":"","pimage":"","pimage_id":"","pthumb":"","color":""},{"label":"37 1\/3","value":"EU 37 1\/3","price":"","pimage":"","pimage_id":"","pthumb":"","color":""},{"label":"38","value":"EU 38","price":"","pimage":"","pimage_id":"","pthumb":"","color":""},{"label":"38 2\/3","value":"EU 38 2\/3","price":"","pimage":"","pimage_id":"","pthumb":"","color":""},{"label":"39 1\/3","value":"EU 39 1\/3","price":"","pimage":"","pimage_id":"","pthumb":"","color":""},{"label":"40","value":"EU 40","price":"","pimage":"","pimage_id":"","pthumb":"","color":""},{"label":"40 2\/3","value":"EU 40 2\/3","price":"","pimage":"","pimage_id":"","pthumb":"","color":""},{"label":"41 1\/3","value":"EU 41 1\/3","price":"","pimage":"","pimage_id":"","pthumb":"","color":""},{"label":"42","value":"EU 42","price":"","pimage":"","pimage_id":"","pthumb":"","color":""},{"label":"42 2\/3","value":"EU 42 2\/3","price":"","pimage":"","pimage_id":"","pthumb":"","color":""},{"label":"43 1\/3","value":"EU 43 1\/3","price":"","pimage":"","pimage_id":"","pthumb":"","color":""},{"label":"44","value":"EU 44","price":"","pimage":"","pimage_id":"","pthumb":"","color":""},{"label":"44 2\/3","value":"EU 44 2\/3","price":"","pimage":"","pimage_id":"","pthumb":"","color":""},{"label":"45 1\/3","value":"EU 45 1\/3","price":"","pimage":"","pimage_id":"","pthumb":"","color":""},{"label":"46","value":"EU 46","price":"","pimage":"","pimage_id":"","pthumb":"","color":""},{"label":"46 2\/3","value":"EU 46 2\/3","price":"","pimage":"","pimage_id":"","pthumb":"","color":""},{"label":"47 1\/3","value":"EU 47 1\/3","price":"","pimage":"","pimage_id":"","pthumb":"","color":""}],"relations":[{"operator":false,"rules":[]}],"form_id":24802,"form_rules":{"pric_cal_option_once":false,"exclude_from_discount":false,"pric_use_as_fee":false,"fee_label":"Fee","render_after_acb":false,"disp_hide_options_price":false}}]},"yoast_head":"<!-- This site is optimized with the Yoast SEO plugin v26.5 - https:\/\/yoast.com\/wordpress\/plugins\/seo\/ -->\n<title>Adidas Adipower Weightlifting 3 &#039;2024 Athlete Pack&#039; - Tourcruiser PTE. LTD<\/title>\n<meta name=\"robots\" content=\"index, follow, max-snippet:-1, max-image-preview:large, max-video-preview:-1\" \/>\n<link rel=\"canonical\" href=\"https:\/\/tourcruiser.com\/de\/products\/adidas-adipower-weightlifting-3-2024-athlete-pack\/\" \/>\n<meta property=\"og:locale\" content=\"de_DE\" \/>\n<meta property=\"og:type\" content=\"article\" \/>\n<meta property=\"og:title\" content=\"Adidas Adipower Weightlifting 3 &#039;2024 Athlete Pack&#039; - Tourcruiser PTE. LTD\" \/>\n<meta property=\"og:description\" content=\"adidas Adipower Weightlifting 3 \u2014 Aurora Black\/Zero Metallic\/Spark\" \/>\n<meta property=\"og:url\" content=\"https:\/\/tourcruiser.com\/de\/products\/adidas-adipower-weightlifting-3-2024-athlete-pack\/\" \/>\n<meta property=\"og:site_name\" content=\"Tourcruiser Sneaker Store\" \/>\n<meta property=\"article:modified_time\" content=\"2026-03-27T17:30:12+00:00\" \/>\n<meta name=\"twitter:card\" content=\"summary_large_image\" \/>\n<meta name=\"twitter:image\" content=\"https:\/\/images.novelship.com\/product\/adidas_adipower_weightlifting_3__2024_athlete_pack_0_62074.png\" \/>\n<meta name=\"twitter:label1\" content=\"Gesch\u00e4tzte Lesezeit\" \/>\n\t<meta name=\"twitter:data1\" content=\"1\u00a0Minute\" \/>\n<script type=\"application\/ld+json\" class=\"yoast-schema-graph\">{\"@context\":\"https:\/\/schema.org\",\"@graph\":[{\"@type\":\"WebPage\",\"@id\":\"https:\/\/tourcruiser.com\/de\/products\/adidas-adipower-weightlifting-3-2024-athlete-pack\/\",\"url\":\"https:\/\/tourcruiser.com\/de\/products\/adidas-adipower-weightlifting-3-2024-athlete-pack\/\",\"name\":\"Adidas Adipower Weightlifting 3 '2024 Athlete Pack' - Tourcruiser PTE. LTD\",\"isPartOf\":{\"@id\":\"https:\/\/tourcruiser.com\/de\/#website\"},\"primaryImageOfPage\":{\"@id\":\"https:\/\/tourcruiser.com\/de\/products\/adidas-adipower-weightlifting-3-2024-athlete-pack\/#primaryimage\"},\"image\":{\"@id\":\"https:\/\/tourcruiser.com\/de\/products\/adidas-adipower-weightlifting-3-2024-athlete-pack\/#primaryimage\"},\"thumbnailUrl\":\"https:\/\/images.novelship.com\/product\/adidas_adipower_weightlifting_3__2024_athlete_pack_0_62074.png\",\"datePublished\":\"2026-02-25T12:09:24+00:00\",\"dateModified\":\"2026-03-27T17:30:12+00:00\",\"breadcrumb\":{\"@id\":\"https:\/\/tourcruiser.com\/de\/products\/adidas-adipower-weightlifting-3-2024-athlete-pack\/#breadcrumb\"},\"inLanguage\":\"de\",\"potentialAction\":[{\"@type\":\"ReadAction\",\"target\":[\"https:\/\/tourcruiser.com\/de\/products\/adidas-adipower-weightlifting-3-2024-athlete-pack\/\"]}]},{\"@type\":\"ImageObject\",\"inLanguage\":\"de\",\"@id\":\"https:\/\/tourcruiser.com\/de\/products\/adidas-adipower-weightlifting-3-2024-athlete-pack\/#primaryimage\",\"url\":\"https:\/\/images.novelship.com\/product\/adidas_adipower_weightlifting_3__2024_athlete_pack_0_62074.png\",\"contentUrl\":\"https:\/\/images.novelship.com\/product\/adidas_adipower_weightlifting_3__2024_athlete_pack_0_62074.png\"},{\"@type\":\"BreadcrumbList\",\"@id\":\"https:\/\/tourcruiser.com\/de\/products\/adidas-adipower-weightlifting-3-2024-athlete-pack\/#breadcrumb\",\"itemListElement\":[{\"@type\":\"ListItem\",\"position\":1,\"name\":\"Home\",\"item\":\"https:\/\/tourcruiser.com\/de\/\"},{\"@type\":\"ListItem\",\"position\":2,\"name\":\"Shop\",\"item\":\"https:\/\/tourcruiser.com\/de\/shop\/\"},{\"@type\":\"ListItem\",\"position\":3,\"name\":\"Adidas Adipower Weightlifting 3 '2024 Athlete Pack'\"}]},{\"@type\":\"WebSite\",\"@id\":\"https:\/\/tourcruiser.com\/de\/#website\",\"url\":\"https:\/\/tourcruiser.com\/de\/\",\"name\":\"Styloral Jewelry Shop\",\"description\":\"Tourcruiser Sneaker Store \u2014 der Ort, an dem das Universum deine Einzigartigkeit trifft.\",\"publisher\":{\"@id\":\"https:\/\/tourcruiser.com\/de\/#organization\"},\"potentialAction\":[{\"@type\":\"SearchAction\",\"target\":{\"@type\":\"EntryPoint\",\"urlTemplate\":\"https:\/\/tourcruiser.com\/de\/?s={search_term_string}\"},\"query-input\":{\"@type\":\"PropertyValueSpecification\",\"valueRequired\":true,\"valueName\":\"search_term_string\"}}],\"inLanguage\":\"de\"},{\"@type\":\"Organization\",\"@id\":\"https:\/\/tourcruiser.com\/de\/#organization\",\"name\":\"STYLORAL PTE. LTD\",\"url\":\"https:\/\/tourcruiser.com\/de\/\",\"logo\":{\"@type\":\"ImageObject\",\"inLanguage\":\"de\",\"@id\":\"https:\/\/tourcruiser.com\/de\/#\/schema\/logo\/image\/\",\"url\":\"https:\/\/www.tourcruiser.com\/wp-content\/uploads\/2025\/12\/logo.png\",\"contentUrl\":\"https:\/\/www.tourcruiser.com\/wp-content\/uploads\/2025\/12\/logo.png\",\"width\":200,\"height\":65,\"caption\":\"STYLORAL PTE. LTD\"},\"image\":{\"@id\":\"https:\/\/tourcruiser.com\/de\/#\/schema\/logo\/image\/\"}}]}<\/script>\n<!-- \/ Yoast SEO plugin. -->","yoast_head_json":{"title":"Adidas Adipower Weightlifting 3 '2024 Athlete Pack' - Tourcruiser PTE. LTD","robots":{"index":"index","follow":"follow","max-snippet":"max-snippet:-1","max-image-preview":"max-image-preview:large","max-video-preview":"max-video-preview:-1"},"canonical":"https:\/\/tourcruiser.com\/de\/products\/adidas-adipower-weightlifting-3-2024-athlete-pack\/","og_locale":"de_DE","og_type":"article","og_title":"Adidas Adipower Weightlifting 3 '2024 Athlete Pack' - Tourcruiser PTE. LTD","og_description":"adidas Adipower Weightlifting 3 \u2014 Aurora Black\/Zero Metallic\/Spark","og_url":"https:\/\/tourcruiser.com\/de\/products\/adidas-adipower-weightlifting-3-2024-athlete-pack\/","og_site_name":"Tourcruiser Sneaker Store","article_modified_time":"2026-03-27T17:30:12+00:00","twitter_card":"summary_large_image","twitter_image":"https:\/\/images.novelship.com\/product\/adidas_adipower_weightlifting_3__2024_athlete_pack_0_62074.png","twitter_misc":{"Gesch\u00e4tzte Lesezeit":"1\u00a0Minute"},"schema":{"@context":"https:\/\/schema.org","@graph":[{"@type":"WebPage","@id":"https:\/\/tourcruiser.com\/de\/products\/adidas-adipower-weightlifting-3-2024-athlete-pack\/","url":"https:\/\/tourcruiser.com\/de\/products\/adidas-adipower-weightlifting-3-2024-athlete-pack\/","name":"Adidas Adipower Weightlifting 3 '2024 Athlete Pack' - Tourcruiser PTE. LTD","isPartOf":{"@id":"https:\/\/tourcruiser.com\/de\/#website"},"primaryImageOfPage":{"@id":"https:\/\/tourcruiser.com\/de\/products\/adidas-adipower-weightlifting-3-2024-athlete-pack\/#primaryimage"},"image":{"@id":"https:\/\/tourcruiser.com\/de\/products\/adidas-adipower-weightlifting-3-2024-athlete-pack\/#primaryimage"},"thumbnailUrl":"https:\/\/images.novelship.com\/product\/adidas_adipower_weightlifting_3__2024_athlete_pack_0_62074.png","datePublished":"2026-02-25T12:09:24+00:00","dateModified":"2026-03-27T17:30:12+00:00","breadcrumb":{"@id":"https:\/\/tourcruiser.com\/de\/products\/adidas-adipower-weightlifting-3-2024-athlete-pack\/#breadcrumb"},"inLanguage":"de","potentialAction":[{"@type":"ReadAction","target":["https:\/\/tourcruiser.com\/de\/products\/adidas-adipower-weightlifting-3-2024-athlete-pack\/"]}]},{"@type":"ImageObject","inLanguage":"de","@id":"https:\/\/tourcruiser.com\/de\/products\/adidas-adipower-weightlifting-3-2024-athlete-pack\/#primaryimage","url":"https:\/\/images.novelship.com\/product\/adidas_adipower_weightlifting_3__2024_athlete_pack_0_62074.png","contentUrl":"https:\/\/images.novelship.com\/product\/adidas_adipower_weightlifting_3__2024_athlete_pack_0_62074.png"},{"@type":"BreadcrumbList","@id":"https:\/\/tourcruiser.com\/de\/products\/adidas-adipower-weightlifting-3-2024-athlete-pack\/#breadcrumb","itemListElement":[{"@type":"ListItem","position":1,"name":"Home","item":"https:\/\/tourcruiser.com\/de\/"},{"@type":"ListItem","position":2,"name":"Shop","item":"https:\/\/tourcruiser.com\/de\/shop\/"},{"@type":"ListItem","position":3,"name":"Adidas Adipower Weightlifting 3 '2024 Athlete Pack'"}]},{"@type":"WebSite","@id":"https:\/\/tourcruiser.com\/de\/#website","url":"https:\/\/tourcruiser.com\/de\/","name":"Styloral Jewelry Shop","description":"Tourcruiser Sneaker Store \u2014 der Ort, an dem das Universum deine Einzigartigkeit trifft.","publisher":{"@id":"https:\/\/tourcruiser.com\/de\/#organization"},"potentialAction":[{"@type":"SearchAction","target":{"@type":"EntryPoint","urlTemplate":"https:\/\/tourcruiser.com\/de\/?s={search_term_string}"},"query-input":{"@type":"PropertyValueSpecification","valueRequired":true,"valueName":"search_term_string"}}],"inLanguage":"de"},{"@type":"Organization","@id":"https:\/\/tourcruiser.com\/de\/#organization","name":"STYLORAL PTE. LTD","url":"https:\/\/tourcruiser.com\/de\/","logo":{"@type":"ImageObject","inLanguage":"de","@id":"https:\/\/tourcruiser.com\/de\/#\/schema\/logo\/image\/","url":"https:\/\/www.tourcruiser.com\/wp-content\/uploads\/2025\/12\/logo.png","contentUrl":"https:\/\/www.tourcruiser.com\/wp-content\/uploads\/2025\/12\/logo.png","width":200,"height":65,"caption":"STYLORAL PTE. LTD"},"image":{"@id":"https:\/\/tourcruiser.com\/de\/#\/schema\/logo\/image\/"}}]}},"_links":{"self":[{"href":"https:\/\/tourcruiser.com\/de\/wp-json\/wp\/v2\/product\/23642","targetHints":{"allow":["GET"]}}],"collection":[{"href":"https:\/\/tourcruiser.com\/de\/wp-json\/wp\/v2\/product"}],"about":[{"href":"https:\/\/tourcruiser.com\/de\/wp-json\/wp\/v2\/types\/product"}],"replies":[{"embeddable":true,"href":"https:\/\/tourcruiser.com\/de\/wp-json\/wp\/v2\/comments?post=23642"}],"wp:featuredmedia":[{"embeddable":true,"href":"https:\/\/tourcruiser.com\/de\/wp-json\/wp\/v2\/media\/23643"}],"wp:attachment":[{"href":"https:\/\/tourcruiser.com\/de\/wp-json\/wp\/v2\/media?parent=23642"}],"wp:term":[{"taxonomy":"product_brand","embeddable":true,"href":"https:\/\/tourcruiser.com\/de\/wp-json\/wp\/v2\/product_brand?post=23642"},{"taxonomy":"product_cat","embeddable":true,"href":"https:\/\/tourcruiser.com\/de\/wp-json\/wp\/v2\/product_cat?post=23642"},{"taxonomy":"product_tag","embeddable":true,"href":"https:\/\/tourcruiser.com\/de\/wp-json\/wp\/v2\/product_tag?post=23642"}],"curies":[{"name":"wp","href":"https:\/\/api.w.org\/{rel}","templated":true}]}}