{"id":23279,"date":"2026-02-25T18:56:37","date_gmt":"2026-02-25T11:56:37","guid":{"rendered":"http:\/\/tourcruiser.com\/product\/adidas-originals-celtic-spzl-fc-off-whitecloud-whitecloud-white"},"modified":"2026-03-28T00:33:48","modified_gmt":"2026-03-27T17:33:48","slug":"adidas-originals-celtic-spzl-fc-off-whitecloud-whitecloud-white","status":"publish","type":"product","link":"https:\/\/tourcruiser.com\/de\/products\/adidas-originals-celtic-spzl-fc-off-whitecloud-whitecloud-white\/","title":{"rendered":"adidas Originals Celtic Spzl F.C. &#8218;Off White\/Cloud White\/Cloud White&#8216;"},"content":{"rendered":"<p>Der Celtic x adidas Originals Roelee Spezial &#8218;Green White&#8216; (JQ9131) ist ein eleganter und stylischer Sneaker, der Retro-Design mit modernem Komfort vereint \u2013 perfekt f\u00fcr Fans von Celtic FC und der klassischen adidas-Qualit\u00e4t. Der Schuh besticht durch seine lebendige gr\u00fcn-wei\u00dfe Farbgebung und hochwertige Materialien, darunter ein geschmeidiges Wildleder-Obermaterial und die markanten Drei Streifen, die zeitlose Eleganz ausstrahlen. Die Spezial-Silhouette wird durch dezente Celtic-Logos veredelt, die die traditionsreiche Geschichte des legend\u00e4ren Fu\u00dfballclubs w\u00fcrdigen und dem Schuh gleichzeitig eine einzigartige Note verleihen. Die Gummisohle bietet hervorragenden Grip und Langlebigkeit und macht den Schuh so zu einem vielseitigen Begleiter f\u00fcr Freizeit und Sport. Die gepolsterte Innensohle sorgt f\u00fcr optimalen Tragekomfort den ganzen Tag \u00fcber, w\u00e4hrend die hochwertige Verarbeitung f\u00fcr lange Haltbarkeit garantiert. Ob Vintage-Fans oder Fans ihres Lieblingsteams \u2013 der Celtic x adidas Originals Roelee Spezial &#8218;Green White&#8216; ist ein Must-have f\u00fcr jeden Sneaker-Sammler. Ideal f\u00fcr alle, die sportliche Eleganz und hochwertiges Design sch\u00e4tzen: Diese Kollaboration vereint Tradition und Innovation in perfekter Harmonie. Sichern Sie sich jetzt ein Premium-St\u00fcck Fu\u00dfball- und Modegeschichte.<\/p>\n<ul>\n<li><strong>Farbgebung:<\/strong> Gr\u00fcn\/Creme\/Gummi<\/li>\n<li><strong>Artikelnummer:<\/strong> JQ9131<\/li>\n<li><strong>Obermaterial:<\/strong> Wildleder<\/li>\n<li><strong>Farbe:<\/strong> Gr\u00fcn<\/li>\n<li><strong>Erscheinungsjahr:<\/strong> 2025<\/li>\n<\/ul>\n","protected":false},"excerpt":{"rendered":"<p>adidas None \u2014 Green\/Cream\/Gum<\/p>\n","protected":false},"featured_media":190338,"comment_status":"open","ping_status":"closed","template":"","meta":[],"product_brand":[],"product_cat":[9215],"product_tag":[10490],"class_list":{"0":"post-23279","1":"product","2":"type-product","3":"status-publish","4":"has-post-thumbnail","6":"product_cat-adidas-2026","7":"product_tag-jq91319","8":"wcpa_has_options","10":"first","11":"outofstock","12":"taxable","13":"shipping-taxable","14":"purchasable","15":"product-type-simple"},"wcpa_form_fields":{"rules":{"pric_overide_base_price":false,"pric_overide_base_price_if_gt_zero":false,"pric_overide_base_price_fully":false,"pric_cal_option_once":false,"pric_use_as_fee":false,"bind_quantity":false,"quantity_bind_formula":false},"fields":[{"type":"color-group","required":true,"elementId":"wcpa-color-group-66c4a7f817afe","label":"Gr\u00f6\u00dfe","inline":true,"priceOptions":"different_for_all","pricingType":"fixed","className":"hassizechart product-shoes-size-eu product-shoes-size","name":"color-group-66c4a7f817b18","disp_type":"square","selection_type":"tick-border","disp_size":"50","show_label_inside":true,"adjust_width":true,"cart_display_type":"text","other_text":"Other","cl_rule":"show","col":6,"values":[{"label":"35","value":"EU 35","price":"","pimage":"","pimage_id":"","pthumb":"","color":""},{"label":"35.5","value":"EU 35.5","price":"","pimage":"","pimage_id":"","pthumb":"","color":""},{"label":"36","value":"EU 36","price":"","pimage":"","pimage_id":"","pthumb":"","color":"","selected":true},{"label":"36 2\/3","value":"EU 36 2\/3","price":"","pimage":"","pimage_id":"","pthumb":"","color":""},{"label":"37 1\/3","value":"EU 37 1\/3","price":"","pimage":"","pimage_id":"","pthumb":"","color":""},{"label":"38","value":"EU 38","price":"","pimage":"","pimage_id":"","pthumb":"","color":""},{"label":"38 2\/3","value":"EU 38 2\/3","price":"","pimage":"","pimage_id":"","pthumb":"","color":""},{"label":"39 1\/3","value":"EU 39 1\/3","price":"","pimage":"","pimage_id":"","pthumb":"","color":""},{"label":"40","value":"EU 40","price":"","pimage":"","pimage_id":"","pthumb":"","color":""},{"label":"40 2\/3","value":"EU 40 2\/3","price":"","pimage":"","pimage_id":"","pthumb":"","color":""},{"label":"41 1\/3","value":"EU 41 1\/3","price":"","pimage":"","pimage_id":"","pthumb":"","color":""},{"label":"42","value":"EU 42","price":"","pimage":"","pimage_id":"","pthumb":"","color":""},{"label":"42 2\/3","value":"EU 42 2\/3","price":"","pimage":"","pimage_id":"","pthumb":"","color":""},{"label":"43 1\/3","value":"EU 43 1\/3","price":"","pimage":"","pimage_id":"","pthumb":"","color":""},{"label":"44","value":"EU 44","price":"","pimage":"","pimage_id":"","pthumb":"","color":""},{"label":"44 2\/3","value":"EU 44 2\/3","price":"","pimage":"","pimage_id":"","pthumb":"","color":""},{"label":"45 1\/3","value":"EU 45 1\/3","price":"","pimage":"","pimage_id":"","pthumb":"","color":""},{"label":"46","value":"EU 46","price":"","pimage":"","pimage_id":"","pthumb":"","color":""},{"label":"46 2\/3","value":"EU 46 2\/3","price":"","pimage":"","pimage_id":"","pthumb":"","color":""},{"label":"47 1\/3","value":"EU 47 1\/3","price":"","pimage":"","pimage_id":"","pthumb":"","color":""}],"relations":[{"operator":false,"rules":[]}],"form_id":24802,"form_rules":{"pric_cal_option_once":false,"exclude_from_discount":false,"pric_use_as_fee":false,"fee_label":"Fee","render_after_acb":false,"disp_hide_options_price":false}}]},"yoast_head":"<!-- This site is optimized with the Yoast SEO plugin v26.5 - https:\/\/yoast.com\/wordpress\/plugins\/seo\/ -->\n<title>adidas Originals Celtic Spzl F.C. &#039;Off White\/Cloud White\/Cloud White&#039; - Tourcruiser PTE. LTD<\/title>\n<meta name=\"robots\" content=\"index, follow, max-snippet:-1, max-image-preview:large, max-video-preview:-1\" \/>\n<link rel=\"canonical\" href=\"https:\/\/tourcruiser.com\/de\/products\/adidas-originals-celtic-spzl-fc-off-whitecloud-whitecloud-white\/\" \/>\n<meta property=\"og:locale\" content=\"de_DE\" \/>\n<meta property=\"og:type\" content=\"article\" \/>\n<meta property=\"og:title\" content=\"adidas Originals Celtic Spzl F.C. &#039;Off White\/Cloud White\/Cloud White&#039; - Tourcruiser PTE. LTD\" \/>\n<meta property=\"og:description\" content=\"adidas None \u2014 Green\/Cream\/Gum\" \/>\n<meta property=\"og:url\" content=\"https:\/\/tourcruiser.com\/de\/products\/adidas-originals-celtic-spzl-fc-off-whitecloud-whitecloud-white\/\" \/>\n<meta property=\"og:site_name\" content=\"Tourcruiser Sneaker Store\" \/>\n<meta property=\"article:modified_time\" content=\"2026-03-27T17:33:48+00:00\" \/>\n<meta name=\"twitter:card\" content=\"summary_large_image\" \/>\n<meta name=\"twitter:image\" content=\"https:\/\/images.novelship.com\/product\/celtic_x_adidas_originals_roelee_spezial__green_wh_0_23881.jpeg\" \/>\n<meta name=\"twitter:label1\" content=\"Gesch\u00e4tzte Lesezeit\" \/>\n\t<meta name=\"twitter:data1\" content=\"1\u00a0Minute\" \/>\n<script type=\"application\/ld+json\" class=\"yoast-schema-graph\">{\"@context\":\"https:\/\/schema.org\",\"@graph\":[{\"@type\":\"WebPage\",\"@id\":\"https:\/\/tourcruiser.com\/de\/products\/adidas-originals-celtic-spzl-fc-off-whitecloud-whitecloud-white\/\",\"url\":\"https:\/\/tourcruiser.com\/de\/products\/adidas-originals-celtic-spzl-fc-off-whitecloud-whitecloud-white\/\",\"name\":\"adidas Originals Celtic Spzl F.C. 'Off White\/Cloud White\/Cloud White' - Tourcruiser PTE. LTD\",\"isPartOf\":{\"@id\":\"https:\/\/tourcruiser.com\/de\/#website\"},\"primaryImageOfPage\":{\"@id\":\"https:\/\/tourcruiser.com\/de\/products\/adidas-originals-celtic-spzl-fc-off-whitecloud-whitecloud-white\/#primaryimage\"},\"image\":{\"@id\":\"https:\/\/tourcruiser.com\/de\/products\/adidas-originals-celtic-spzl-fc-off-whitecloud-whitecloud-white\/#primaryimage\"},\"thumbnailUrl\":\"https:\/\/images.novelship.com\/product\/celtic_x_adidas_originals_roelee_spezial__green_wh_0_23881.jpeg\",\"datePublished\":\"2026-02-25T11:56:37+00:00\",\"dateModified\":\"2026-03-27T17:33:48+00:00\",\"breadcrumb\":{\"@id\":\"https:\/\/tourcruiser.com\/de\/products\/adidas-originals-celtic-spzl-fc-off-whitecloud-whitecloud-white\/#breadcrumb\"},\"inLanguage\":\"de\",\"potentialAction\":[{\"@type\":\"ReadAction\",\"target\":[\"https:\/\/tourcruiser.com\/de\/products\/adidas-originals-celtic-spzl-fc-off-whitecloud-whitecloud-white\/\"]}]},{\"@type\":\"ImageObject\",\"inLanguage\":\"de\",\"@id\":\"https:\/\/tourcruiser.com\/de\/products\/adidas-originals-celtic-spzl-fc-off-whitecloud-whitecloud-white\/#primaryimage\",\"url\":\"https:\/\/images.novelship.com\/product\/celtic_x_adidas_originals_roelee_spezial__green_wh_0_23881.jpeg\",\"contentUrl\":\"https:\/\/images.novelship.com\/product\/celtic_x_adidas_originals_roelee_spezial__green_wh_0_23881.jpeg\"},{\"@type\":\"BreadcrumbList\",\"@id\":\"https:\/\/tourcruiser.com\/de\/products\/adidas-originals-celtic-spzl-fc-off-whitecloud-whitecloud-white\/#breadcrumb\",\"itemListElement\":[{\"@type\":\"ListItem\",\"position\":1,\"name\":\"Home\",\"item\":\"https:\/\/tourcruiser.com\/de\/\"},{\"@type\":\"ListItem\",\"position\":2,\"name\":\"Shop\",\"item\":\"https:\/\/tourcruiser.com\/de\/shop\/\"},{\"@type\":\"ListItem\",\"position\":3,\"name\":\"adidas Originals Celtic Spzl F.C. 'Off White\/Cloud White\/Cloud White'\"}]},{\"@type\":\"WebSite\",\"@id\":\"https:\/\/tourcruiser.com\/de\/#website\",\"url\":\"https:\/\/tourcruiser.com\/de\/\",\"name\":\"Styloral Jewelry Shop\",\"description\":\"Tourcruiser Sneaker Store \u2014 der Ort, an dem das Universum deine Einzigartigkeit trifft.\",\"publisher\":{\"@id\":\"https:\/\/tourcruiser.com\/de\/#organization\"},\"potentialAction\":[{\"@type\":\"SearchAction\",\"target\":{\"@type\":\"EntryPoint\",\"urlTemplate\":\"https:\/\/tourcruiser.com\/de\/?s={search_term_string}\"},\"query-input\":{\"@type\":\"PropertyValueSpecification\",\"valueRequired\":true,\"valueName\":\"search_term_string\"}}],\"inLanguage\":\"de\"},{\"@type\":\"Organization\",\"@id\":\"https:\/\/tourcruiser.com\/de\/#organization\",\"name\":\"STYLORAL PTE. LTD\",\"url\":\"https:\/\/tourcruiser.com\/de\/\",\"logo\":{\"@type\":\"ImageObject\",\"inLanguage\":\"de\",\"@id\":\"https:\/\/tourcruiser.com\/de\/#\/schema\/logo\/image\/\",\"url\":\"https:\/\/www.tourcruiser.com\/wp-content\/uploads\/2025\/12\/logo.png\",\"contentUrl\":\"https:\/\/www.tourcruiser.com\/wp-content\/uploads\/2025\/12\/logo.png\",\"width\":200,\"height\":65,\"caption\":\"STYLORAL PTE. LTD\"},\"image\":{\"@id\":\"https:\/\/tourcruiser.com\/de\/#\/schema\/logo\/image\/\"}}]}<\/script>\n<!-- \/ Yoast SEO plugin. -->","yoast_head_json":{"title":"adidas Originals Celtic Spzl F.C. 'Off White\/Cloud White\/Cloud White' - Tourcruiser PTE. LTD","robots":{"index":"index","follow":"follow","max-snippet":"max-snippet:-1","max-image-preview":"max-image-preview:large","max-video-preview":"max-video-preview:-1"},"canonical":"https:\/\/tourcruiser.com\/de\/products\/adidas-originals-celtic-spzl-fc-off-whitecloud-whitecloud-white\/","og_locale":"de_DE","og_type":"article","og_title":"adidas Originals Celtic Spzl F.C. 'Off White\/Cloud White\/Cloud White' - Tourcruiser PTE. LTD","og_description":"adidas None \u2014 Green\/Cream\/Gum","og_url":"https:\/\/tourcruiser.com\/de\/products\/adidas-originals-celtic-spzl-fc-off-whitecloud-whitecloud-white\/","og_site_name":"Tourcruiser Sneaker Store","article_modified_time":"2026-03-27T17:33:48+00:00","twitter_card":"summary_large_image","twitter_image":"https:\/\/images.novelship.com\/product\/celtic_x_adidas_originals_roelee_spezial__green_wh_0_23881.jpeg","twitter_misc":{"Gesch\u00e4tzte Lesezeit":"1\u00a0Minute"},"schema":{"@context":"https:\/\/schema.org","@graph":[{"@type":"WebPage","@id":"https:\/\/tourcruiser.com\/de\/products\/adidas-originals-celtic-spzl-fc-off-whitecloud-whitecloud-white\/","url":"https:\/\/tourcruiser.com\/de\/products\/adidas-originals-celtic-spzl-fc-off-whitecloud-whitecloud-white\/","name":"adidas Originals Celtic Spzl F.C. 'Off White\/Cloud White\/Cloud White' - Tourcruiser PTE. LTD","isPartOf":{"@id":"https:\/\/tourcruiser.com\/de\/#website"},"primaryImageOfPage":{"@id":"https:\/\/tourcruiser.com\/de\/products\/adidas-originals-celtic-spzl-fc-off-whitecloud-whitecloud-white\/#primaryimage"},"image":{"@id":"https:\/\/tourcruiser.com\/de\/products\/adidas-originals-celtic-spzl-fc-off-whitecloud-whitecloud-white\/#primaryimage"},"thumbnailUrl":"https:\/\/images.novelship.com\/product\/celtic_x_adidas_originals_roelee_spezial__green_wh_0_23881.jpeg","datePublished":"2026-02-25T11:56:37+00:00","dateModified":"2026-03-27T17:33:48+00:00","breadcrumb":{"@id":"https:\/\/tourcruiser.com\/de\/products\/adidas-originals-celtic-spzl-fc-off-whitecloud-whitecloud-white\/#breadcrumb"},"inLanguage":"de","potentialAction":[{"@type":"ReadAction","target":["https:\/\/tourcruiser.com\/de\/products\/adidas-originals-celtic-spzl-fc-off-whitecloud-whitecloud-white\/"]}]},{"@type":"ImageObject","inLanguage":"de","@id":"https:\/\/tourcruiser.com\/de\/products\/adidas-originals-celtic-spzl-fc-off-whitecloud-whitecloud-white\/#primaryimage","url":"https:\/\/images.novelship.com\/product\/celtic_x_adidas_originals_roelee_spezial__green_wh_0_23881.jpeg","contentUrl":"https:\/\/images.novelship.com\/product\/celtic_x_adidas_originals_roelee_spezial__green_wh_0_23881.jpeg"},{"@type":"BreadcrumbList","@id":"https:\/\/tourcruiser.com\/de\/products\/adidas-originals-celtic-spzl-fc-off-whitecloud-whitecloud-white\/#breadcrumb","itemListElement":[{"@type":"ListItem","position":1,"name":"Home","item":"https:\/\/tourcruiser.com\/de\/"},{"@type":"ListItem","position":2,"name":"Shop","item":"https:\/\/tourcruiser.com\/de\/shop\/"},{"@type":"ListItem","position":3,"name":"adidas Originals Celtic Spzl F.C. 'Off White\/Cloud White\/Cloud White'"}]},{"@type":"WebSite","@id":"https:\/\/tourcruiser.com\/de\/#website","url":"https:\/\/tourcruiser.com\/de\/","name":"Styloral Jewelry Shop","description":"Tourcruiser Sneaker Store \u2014 der Ort, an dem das Universum deine Einzigartigkeit trifft.","publisher":{"@id":"https:\/\/tourcruiser.com\/de\/#organization"},"potentialAction":[{"@type":"SearchAction","target":{"@type":"EntryPoint","urlTemplate":"https:\/\/tourcruiser.com\/de\/?s={search_term_string}"},"query-input":{"@type":"PropertyValueSpecification","valueRequired":true,"valueName":"search_term_string"}}],"inLanguage":"de"},{"@type":"Organization","@id":"https:\/\/tourcruiser.com\/de\/#organization","name":"STYLORAL PTE. LTD","url":"https:\/\/tourcruiser.com\/de\/","logo":{"@type":"ImageObject","inLanguage":"de","@id":"https:\/\/tourcruiser.com\/de\/#\/schema\/logo\/image\/","url":"https:\/\/www.tourcruiser.com\/wp-content\/uploads\/2025\/12\/logo.png","contentUrl":"https:\/\/www.tourcruiser.com\/wp-content\/uploads\/2025\/12\/logo.png","width":200,"height":65,"caption":"STYLORAL PTE. LTD"},"image":{"@id":"https:\/\/tourcruiser.com\/de\/#\/schema\/logo\/image\/"}}]}},"_links":{"self":[{"href":"https:\/\/tourcruiser.com\/de\/wp-json\/wp\/v2\/product\/23279","targetHints":{"allow":["GET"]}}],"collection":[{"href":"https:\/\/tourcruiser.com\/de\/wp-json\/wp\/v2\/product"}],"about":[{"href":"https:\/\/tourcruiser.com\/de\/wp-json\/wp\/v2\/types\/product"}],"replies":[{"embeddable":true,"href":"https:\/\/tourcruiser.com\/de\/wp-json\/wp\/v2\/comments?post=23279"}],"wp:featuredmedia":[{"embeddable":true,"href":"https:\/\/tourcruiser.com\/de\/wp-json\/wp\/v2\/media\/190338"}],"wp:attachment":[{"href":"https:\/\/tourcruiser.com\/de\/wp-json\/wp\/v2\/media?parent=23279"}],"wp:term":[{"taxonomy":"product_brand","embeddable":true,"href":"https:\/\/tourcruiser.com\/de\/wp-json\/wp\/v2\/product_brand?post=23279"},{"taxonomy":"product_cat","embeddable":true,"href":"https:\/\/tourcruiser.com\/de\/wp-json\/wp\/v2\/product_cat?post=23279"},{"taxonomy":"product_tag","embeddable":true,"href":"https:\/\/tourcruiser.com\/de\/wp-json\/wp\/v2\/product_tag?post=23279"}],"curies":[{"name":"wp","href":"https:\/\/api.w.org\/{rel}","templated":true}]}}