{"id":22373,"date":"2026-02-25T18:32:21","date_gmt":"2026-02-25T11:32:21","guid":{"rendered":"http:\/\/tourcruiser.com\/product\/adidas-bad-bunny-x-lionel-messi-x-gazelle-indoor-la-voz-de-los-fans"},"modified":"2026-03-28T00:33:56","modified_gmt":"2026-03-27T17:33:56","slug":"adidas-bad-bunny-x-lionel-messi-x-gazelle-indoor-la-voz-de-los-fans","status":"publish","type":"product","link":"https:\/\/tourcruiser.com\/de\/products\/adidas-bad-bunny-x-lionel-messi-x-gazelle-indoor-la-voz-de-los-fans\/","title":{"rendered":"Adidas Bad Bunny x Lionel Messi x Gazelle Indoor &#8218;La Voz De Los Fans&#8216;"},"content":{"rendered":"<p>Wir pr\u00e4sentieren den Bad Bunny x Lionel Messi x adidas Gazelle Indoor &#8218;La Voz De Los Fans&#8216; JR0182 \u2013 ein Schuh, der ikonischen Style mit sportlicher Gr\u00f6\u00dfe vereint. Diese exklusive Kollaboration verbindet Bad Bunnys markanten Stil mit Messis unvergleichlichem Verm\u00e4chtnis. Das elegante Design besticht durch hochwertige Materialien und leuchtende Farben und spricht Fu\u00dfball- und Musikfans gleicherma\u00dfen an. Dank \u00fcberragendem Tragekomfort und einzigartigen Details sind diese Sneaker ein Must-have f\u00fcr Trendsetter und Sammler. Tauche ein in eine Welt, in der Leidenschaft und Style perfekt harmonieren.<\/p>\n<p>Farbgebung: Cardboard\/Cream White\/Wild Brown<\/p>\n<p>Style-Code: JR0182<\/p>\n<p>Obermaterial: Leder<\/p>\n<p>Farbe: Beige<\/p>\n<p>Erscheinungsjahr: 2024<\/p>\n","protected":false},"excerpt":{"rendered":"<p>adidas Gazelle \u2014 Cardboard\/Cream White\/Wild Brown<\/p>\n","protected":false},"featured_media":22374,"comment_status":"open","ping_status":"closed","template":"","meta":[],"product_brand":[],"product_cat":[9215],"product_tag":[10268],"class_list":{"0":"post-22373","1":"product","2":"type-product","3":"status-publish","4":"has-post-thumbnail","6":"product_cat-adidas-2026","7":"product_tag-10268","8":"wcpa_has_options","10":"first","11":"outofstock","12":"taxable","13":"shipping-taxable","14":"purchasable","15":"product-type-simple"},"wcpa_form_fields":{"rules":{"pric_overide_base_price":false,"pric_overide_base_price_if_gt_zero":false,"pric_overide_base_price_fully":false,"pric_cal_option_once":false,"pric_use_as_fee":false,"bind_quantity":false,"quantity_bind_formula":false},"fields":[{"type":"color-group","required":true,"elementId":"wcpa-color-group-66c4a7f817afe","label":"Gr\u00f6\u00dfe","inline":true,"priceOptions":"different_for_all","pricingType":"fixed","className":"hassizechart product-shoes-size-eu product-shoes-size","name":"color-group-66c4a7f817b18","disp_type":"square","selection_type":"tick-border","disp_size":"50","show_label_inside":true,"adjust_width":true,"cart_display_type":"text","other_text":"Other","cl_rule":"show","col":6,"values":[{"label":"35","value":"EU 35","price":"","pimage":"","pimage_id":"","pthumb":"","color":""},{"label":"35.5","value":"EU 35.5","price":"","pimage":"","pimage_id":"","pthumb":"","color":""},{"label":"36","value":"EU 36","price":"","pimage":"","pimage_id":"","pthumb":"","color":"","selected":true},{"label":"36 2\/3","value":"EU 36 2\/3","price":"","pimage":"","pimage_id":"","pthumb":"","color":""},{"label":"37 1\/3","value":"EU 37 1\/3","price":"","pimage":"","pimage_id":"","pthumb":"","color":""},{"label":"38","value":"EU 38","price":"","pimage":"","pimage_id":"","pthumb":"","color":""},{"label":"38 2\/3","value":"EU 38 2\/3","price":"","pimage":"","pimage_id":"","pthumb":"","color":""},{"label":"39 1\/3","value":"EU 39 1\/3","price":"","pimage":"","pimage_id":"","pthumb":"","color":""},{"label":"40","value":"EU 40","price":"","pimage":"","pimage_id":"","pthumb":"","color":""},{"label":"40 2\/3","value":"EU 40 2\/3","price":"","pimage":"","pimage_id":"","pthumb":"","color":""},{"label":"41 1\/3","value":"EU 41 1\/3","price":"","pimage":"","pimage_id":"","pthumb":"","color":""},{"label":"42","value":"EU 42","price":"","pimage":"","pimage_id":"","pthumb":"","color":""},{"label":"42 2\/3","value":"EU 42 2\/3","price":"","pimage":"","pimage_id":"","pthumb":"","color":""},{"label":"43 1\/3","value":"EU 43 1\/3","price":"","pimage":"","pimage_id":"","pthumb":"","color":""},{"label":"44","value":"EU 44","price":"","pimage":"","pimage_id":"","pthumb":"","color":""},{"label":"44 2\/3","value":"EU 44 2\/3","price":"","pimage":"","pimage_id":"","pthumb":"","color":""},{"label":"45 1\/3","value":"EU 45 1\/3","price":"","pimage":"","pimage_id":"","pthumb":"","color":""},{"label":"46","value":"EU 46","price":"","pimage":"","pimage_id":"","pthumb":"","color":""},{"label":"46 2\/3","value":"EU 46 2\/3","price":"","pimage":"","pimage_id":"","pthumb":"","color":""},{"label":"47 1\/3","value":"EU 47 1\/3","price":"","pimage":"","pimage_id":"","pthumb":"","color":""}],"relations":[{"operator":false,"rules":[]}],"form_id":24802,"form_rules":{"pric_cal_option_once":false,"exclude_from_discount":false,"pric_use_as_fee":false,"fee_label":"Fee","render_after_acb":false,"disp_hide_options_price":false}}]},"yoast_head":"<!-- This site is optimized with the Yoast SEO plugin v26.5 - https:\/\/yoast.com\/wordpress\/plugins\/seo\/ -->\n<title>Adidas Bad Bunny x Lionel Messi x Gazelle Indoor &#039;La Voz De Los Fans&#039; - Tourcruiser PTE. LTD<\/title>\n<meta name=\"robots\" content=\"index, follow, max-snippet:-1, max-image-preview:large, max-video-preview:-1\" \/>\n<link rel=\"canonical\" href=\"https:\/\/tourcruiser.com\/de\/products\/adidas-bad-bunny-x-lionel-messi-x-gazelle-indoor-la-voz-de-los-fans\/\" \/>\n<meta property=\"og:locale\" content=\"de_DE\" \/>\n<meta property=\"og:type\" content=\"article\" \/>\n<meta property=\"og:title\" content=\"Adidas Bad Bunny x Lionel Messi x Gazelle Indoor &#039;La Voz De Los Fans&#039; - Tourcruiser PTE. LTD\" \/>\n<meta property=\"og:description\" content=\"adidas Gazelle \u2014 Cardboard\/Cream White\/Wild Brown\" \/>\n<meta property=\"og:url\" content=\"https:\/\/tourcruiser.com\/de\/products\/adidas-bad-bunny-x-lionel-messi-x-gazelle-indoor-la-voz-de-los-fans\/\" \/>\n<meta property=\"og:site_name\" content=\"Tourcruiser Sneaker Store\" \/>\n<meta property=\"article:modified_time\" content=\"2026-03-27T17:33:56+00:00\" \/>\n<meta name=\"twitter:card\" content=\"summary_large_image\" \/>\n<meta name=\"twitter:image\" content=\"https:\/\/images.novelship.com\/product\/bad_bunny_x_lionel_messi_x_adidas_gazelle_indoor___0_38420.jpeg\" \/>\n<meta name=\"twitter:label1\" content=\"Gesch\u00e4tzte Lesezeit\" \/>\n\t<meta name=\"twitter:data1\" content=\"1\u00a0Minute\" \/>\n<script type=\"application\/ld+json\" class=\"yoast-schema-graph\">{\"@context\":\"https:\/\/schema.org\",\"@graph\":[{\"@type\":\"WebPage\",\"@id\":\"https:\/\/tourcruiser.com\/de\/products\/adidas-bad-bunny-x-lionel-messi-x-gazelle-indoor-la-voz-de-los-fans\/\",\"url\":\"https:\/\/tourcruiser.com\/de\/products\/adidas-bad-bunny-x-lionel-messi-x-gazelle-indoor-la-voz-de-los-fans\/\",\"name\":\"Adidas Bad Bunny x Lionel Messi x Gazelle Indoor 'La Voz De Los Fans' - Tourcruiser PTE. LTD\",\"isPartOf\":{\"@id\":\"https:\/\/tourcruiser.com\/de\/#website\"},\"primaryImageOfPage\":{\"@id\":\"https:\/\/tourcruiser.com\/de\/products\/adidas-bad-bunny-x-lionel-messi-x-gazelle-indoor-la-voz-de-los-fans\/#primaryimage\"},\"image\":{\"@id\":\"https:\/\/tourcruiser.com\/de\/products\/adidas-bad-bunny-x-lionel-messi-x-gazelle-indoor-la-voz-de-los-fans\/#primaryimage\"},\"thumbnailUrl\":\"https:\/\/images.novelship.com\/product\/bad_bunny_x_lionel_messi_x_adidas_gazelle_indoor___0_38420.jpeg\",\"datePublished\":\"2026-02-25T11:32:21+00:00\",\"dateModified\":\"2026-03-27T17:33:56+00:00\",\"breadcrumb\":{\"@id\":\"https:\/\/tourcruiser.com\/de\/products\/adidas-bad-bunny-x-lionel-messi-x-gazelle-indoor-la-voz-de-los-fans\/#breadcrumb\"},\"inLanguage\":\"de\",\"potentialAction\":[{\"@type\":\"ReadAction\",\"target\":[\"https:\/\/tourcruiser.com\/de\/products\/adidas-bad-bunny-x-lionel-messi-x-gazelle-indoor-la-voz-de-los-fans\/\"]}]},{\"@type\":\"ImageObject\",\"inLanguage\":\"de\",\"@id\":\"https:\/\/tourcruiser.com\/de\/products\/adidas-bad-bunny-x-lionel-messi-x-gazelle-indoor-la-voz-de-los-fans\/#primaryimage\",\"url\":\"https:\/\/images.novelship.com\/product\/bad_bunny_x_lionel_messi_x_adidas_gazelle_indoor___0_38420.jpeg\",\"contentUrl\":\"https:\/\/images.novelship.com\/product\/bad_bunny_x_lionel_messi_x_adidas_gazelle_indoor___0_38420.jpeg\"},{\"@type\":\"BreadcrumbList\",\"@id\":\"https:\/\/tourcruiser.com\/de\/products\/adidas-bad-bunny-x-lionel-messi-x-gazelle-indoor-la-voz-de-los-fans\/#breadcrumb\",\"itemListElement\":[{\"@type\":\"ListItem\",\"position\":1,\"name\":\"Home\",\"item\":\"https:\/\/tourcruiser.com\/de\/\"},{\"@type\":\"ListItem\",\"position\":2,\"name\":\"Shop\",\"item\":\"https:\/\/tourcruiser.com\/de\/shop\/\"},{\"@type\":\"ListItem\",\"position\":3,\"name\":\"Adidas Bad Bunny x Lionel Messi x Gazelle Indoor 'La Voz De Los Fans'\"}]},{\"@type\":\"WebSite\",\"@id\":\"https:\/\/tourcruiser.com\/de\/#website\",\"url\":\"https:\/\/tourcruiser.com\/de\/\",\"name\":\"Styloral Jewelry Shop\",\"description\":\"Tourcruiser Sneaker Store \u2014 der Ort, an dem das Universum deine Einzigartigkeit trifft.\",\"publisher\":{\"@id\":\"https:\/\/tourcruiser.com\/de\/#organization\"},\"potentialAction\":[{\"@type\":\"SearchAction\",\"target\":{\"@type\":\"EntryPoint\",\"urlTemplate\":\"https:\/\/tourcruiser.com\/de\/?s={search_term_string}\"},\"query-input\":{\"@type\":\"PropertyValueSpecification\",\"valueRequired\":true,\"valueName\":\"search_term_string\"}}],\"inLanguage\":\"de\"},{\"@type\":\"Organization\",\"@id\":\"https:\/\/tourcruiser.com\/de\/#organization\",\"name\":\"STYLORAL PTE. LTD\",\"url\":\"https:\/\/tourcruiser.com\/de\/\",\"logo\":{\"@type\":\"ImageObject\",\"inLanguage\":\"de\",\"@id\":\"https:\/\/tourcruiser.com\/de\/#\/schema\/logo\/image\/\",\"url\":\"https:\/\/www.tourcruiser.com\/wp-content\/uploads\/2025\/12\/logo.png\",\"contentUrl\":\"https:\/\/www.tourcruiser.com\/wp-content\/uploads\/2025\/12\/logo.png\",\"width\":200,\"height\":65,\"caption\":\"STYLORAL PTE. LTD\"},\"image\":{\"@id\":\"https:\/\/tourcruiser.com\/de\/#\/schema\/logo\/image\/\"}}]}<\/script>\n<!-- \/ Yoast SEO plugin. -->","yoast_head_json":{"title":"Adidas Bad Bunny x Lionel Messi x Gazelle Indoor 'La Voz De Los Fans' - Tourcruiser PTE. LTD","robots":{"index":"index","follow":"follow","max-snippet":"max-snippet:-1","max-image-preview":"max-image-preview:large","max-video-preview":"max-video-preview:-1"},"canonical":"https:\/\/tourcruiser.com\/de\/products\/adidas-bad-bunny-x-lionel-messi-x-gazelle-indoor-la-voz-de-los-fans\/","og_locale":"de_DE","og_type":"article","og_title":"Adidas Bad Bunny x Lionel Messi x Gazelle Indoor 'La Voz De Los Fans' - Tourcruiser PTE. LTD","og_description":"adidas Gazelle \u2014 Cardboard\/Cream White\/Wild Brown","og_url":"https:\/\/tourcruiser.com\/de\/products\/adidas-bad-bunny-x-lionel-messi-x-gazelle-indoor-la-voz-de-los-fans\/","og_site_name":"Tourcruiser Sneaker Store","article_modified_time":"2026-03-27T17:33:56+00:00","twitter_card":"summary_large_image","twitter_image":"https:\/\/images.novelship.com\/product\/bad_bunny_x_lionel_messi_x_adidas_gazelle_indoor___0_38420.jpeg","twitter_misc":{"Gesch\u00e4tzte Lesezeit":"1\u00a0Minute"},"schema":{"@context":"https:\/\/schema.org","@graph":[{"@type":"WebPage","@id":"https:\/\/tourcruiser.com\/de\/products\/adidas-bad-bunny-x-lionel-messi-x-gazelle-indoor-la-voz-de-los-fans\/","url":"https:\/\/tourcruiser.com\/de\/products\/adidas-bad-bunny-x-lionel-messi-x-gazelle-indoor-la-voz-de-los-fans\/","name":"Adidas Bad Bunny x Lionel Messi x Gazelle Indoor 'La Voz De Los Fans' - Tourcruiser PTE. LTD","isPartOf":{"@id":"https:\/\/tourcruiser.com\/de\/#website"},"primaryImageOfPage":{"@id":"https:\/\/tourcruiser.com\/de\/products\/adidas-bad-bunny-x-lionel-messi-x-gazelle-indoor-la-voz-de-los-fans\/#primaryimage"},"image":{"@id":"https:\/\/tourcruiser.com\/de\/products\/adidas-bad-bunny-x-lionel-messi-x-gazelle-indoor-la-voz-de-los-fans\/#primaryimage"},"thumbnailUrl":"https:\/\/images.novelship.com\/product\/bad_bunny_x_lionel_messi_x_adidas_gazelle_indoor___0_38420.jpeg","datePublished":"2026-02-25T11:32:21+00:00","dateModified":"2026-03-27T17:33:56+00:00","breadcrumb":{"@id":"https:\/\/tourcruiser.com\/de\/products\/adidas-bad-bunny-x-lionel-messi-x-gazelle-indoor-la-voz-de-los-fans\/#breadcrumb"},"inLanguage":"de","potentialAction":[{"@type":"ReadAction","target":["https:\/\/tourcruiser.com\/de\/products\/adidas-bad-bunny-x-lionel-messi-x-gazelle-indoor-la-voz-de-los-fans\/"]}]},{"@type":"ImageObject","inLanguage":"de","@id":"https:\/\/tourcruiser.com\/de\/products\/adidas-bad-bunny-x-lionel-messi-x-gazelle-indoor-la-voz-de-los-fans\/#primaryimage","url":"https:\/\/images.novelship.com\/product\/bad_bunny_x_lionel_messi_x_adidas_gazelle_indoor___0_38420.jpeg","contentUrl":"https:\/\/images.novelship.com\/product\/bad_bunny_x_lionel_messi_x_adidas_gazelle_indoor___0_38420.jpeg"},{"@type":"BreadcrumbList","@id":"https:\/\/tourcruiser.com\/de\/products\/adidas-bad-bunny-x-lionel-messi-x-gazelle-indoor-la-voz-de-los-fans\/#breadcrumb","itemListElement":[{"@type":"ListItem","position":1,"name":"Home","item":"https:\/\/tourcruiser.com\/de\/"},{"@type":"ListItem","position":2,"name":"Shop","item":"https:\/\/tourcruiser.com\/de\/shop\/"},{"@type":"ListItem","position":3,"name":"Adidas Bad Bunny x Lionel Messi x Gazelle Indoor 'La Voz De Los Fans'"}]},{"@type":"WebSite","@id":"https:\/\/tourcruiser.com\/de\/#website","url":"https:\/\/tourcruiser.com\/de\/","name":"Styloral Jewelry Shop","description":"Tourcruiser Sneaker Store \u2014 der Ort, an dem das Universum deine Einzigartigkeit trifft.","publisher":{"@id":"https:\/\/tourcruiser.com\/de\/#organization"},"potentialAction":[{"@type":"SearchAction","target":{"@type":"EntryPoint","urlTemplate":"https:\/\/tourcruiser.com\/de\/?s={search_term_string}"},"query-input":{"@type":"PropertyValueSpecification","valueRequired":true,"valueName":"search_term_string"}}],"inLanguage":"de"},{"@type":"Organization","@id":"https:\/\/tourcruiser.com\/de\/#organization","name":"STYLORAL PTE. LTD","url":"https:\/\/tourcruiser.com\/de\/","logo":{"@type":"ImageObject","inLanguage":"de","@id":"https:\/\/tourcruiser.com\/de\/#\/schema\/logo\/image\/","url":"https:\/\/www.tourcruiser.com\/wp-content\/uploads\/2025\/12\/logo.png","contentUrl":"https:\/\/www.tourcruiser.com\/wp-content\/uploads\/2025\/12\/logo.png","width":200,"height":65,"caption":"STYLORAL PTE. LTD"},"image":{"@id":"https:\/\/tourcruiser.com\/de\/#\/schema\/logo\/image\/"}}]}},"_links":{"self":[{"href":"https:\/\/tourcruiser.com\/de\/wp-json\/wp\/v2\/product\/22373","targetHints":{"allow":["GET"]}}],"collection":[{"href":"https:\/\/tourcruiser.com\/de\/wp-json\/wp\/v2\/product"}],"about":[{"href":"https:\/\/tourcruiser.com\/de\/wp-json\/wp\/v2\/types\/product"}],"replies":[{"embeddable":true,"href":"https:\/\/tourcruiser.com\/de\/wp-json\/wp\/v2\/comments?post=22373"}],"wp:featuredmedia":[{"embeddable":true,"href":"https:\/\/tourcruiser.com\/de\/wp-json\/wp\/v2\/media\/22374"}],"wp:attachment":[{"href":"https:\/\/tourcruiser.com\/de\/wp-json\/wp\/v2\/media?parent=22373"}],"wp:term":[{"taxonomy":"product_brand","embeddable":true,"href":"https:\/\/tourcruiser.com\/de\/wp-json\/wp\/v2\/product_brand?post=22373"},{"taxonomy":"product_cat","embeddable":true,"href":"https:\/\/tourcruiser.com\/de\/wp-json\/wp\/v2\/product_cat?post=22373"},{"taxonomy":"product_tag","embeddable":true,"href":"https:\/\/tourcruiser.com\/de\/wp-json\/wp\/v2\/product_tag?post=22373"}],"curies":[{"name":"wp","href":"https:\/\/api.w.org\/{rel}","templated":true}]}}