{"id":21329,"date":"2026-02-25T18:05:53","date_gmt":"2026-02-25T11:05:53","guid":{"rendered":"http:\/\/tourcruiser.com\/product\/adidas-wmns-terrex-skychaser-gore-tex-earth-strata"},"modified":"2026-03-28T00:33:52","modified_gmt":"2026-03-27T17:33:52","slug":"adidas-wmns-terrex-skychaser-gore-tex-earth-strata","status":"publish","type":"product","link":"https:\/\/tourcruiser.com\/de\/products\/adidas-wmns-terrex-skychaser-gore-tex-earth-strata\/","title":{"rendered":"Adidas Wmns Terrex Skychaser GORE-TEX &#8218;Earth Strata&#8216;"},"content":{"rendered":"<p>Mit den Adidas TERREX Skychaser GORE-TEX Damen-Wanderschuhen meistern Sie jedes Terrain. Die Schuhe in den Farben Earth Strata, Grey One und Semi Flash Aqua vereinen Stil und Abenteuer. Die GORE-TEX-Membran garantiert wasserdichten Schutz und h\u00e4lt Ihre F\u00fc\u00dfe auch bei nassen Wanderungen trocken. Die Continental\u2122-Gummisohle sorgt f\u00fcr optimalen Grip und hervorragende Traktion auf unwegsamem Gel\u00e4nde. Der leichte und robuste Skychaser garantiert ganzt\u00e4gigen Komfort und Ausdauer. Perfekt f\u00fcr Abenteurerinnen, die auf ihrer n\u00e4chsten Expedition Wert auf Stil, Leistung und Zuverl\u00e4ssigkeit legen.<\/p>\n<p>Farbkombination: Earth Strata\/Grey One\/Semi Flash Aqua<\/p>\n<p>Artikelnummer: JQ9935<\/p>\n<p>Obermaterial: Textil<\/p>\n<p>Zwischensohle: Lightstrike<\/p>\n<p>Farbe: Braun<\/p>\n<p>Farbe:<\/p>\n","protected":false},"excerpt":{"rendered":"<p>adidas =MID(B156,FIND(CHAR(160),SUBSTITUTE(B156,&#8220; &#8222;,CHAR(160),2)) + 1,FIND(CHAR(160),SUBSTITUTE(B156,&#8220; &#8222;,CHAR(160),4)) &#8211; 1 &#8211; (FIND(CHAR(160),SUBSTITUTE(B156,&#8220; &#8222;,CHAR(160),2)))) \u2014 Earth Strata\/Grey One\/Semi Flash Aqua<\/p>\n","protected":false},"featured_media":21330,"comment_status":"open","ping_status":"closed","template":"","meta":[],"product_brand":[],"product_cat":[9215],"product_tag":[9983],"class_list":{"0":"post-21329","1":"product","2":"type-product","3":"status-publish","4":"has-post-thumbnail","6":"product_cat-adidas-2026","7":"product_tag-jq99355-5","8":"wcpa_has_options","10":"first","11":"outofstock","12":"taxable","13":"shipping-taxable","14":"purchasable","15":"product-type-simple"},"wcpa_form_fields":{"rules":{"pric_overide_base_price":false,"pric_overide_base_price_if_gt_zero":false,"pric_overide_base_price_fully":false,"pric_cal_option_once":false,"pric_use_as_fee":false,"bind_quantity":false,"quantity_bind_formula":false},"fields":[{"type":"color-group","required":true,"elementId":"wcpa-color-group-66c4a7f817afe","label":"Gr\u00f6\u00dfe","inline":true,"priceOptions":"different_for_all","pricingType":"fixed","className":"hassizechart product-shoes-size-eu product-shoes-size","name":"color-group-66c4a7f817b18","disp_type":"square","selection_type":"tick-border","disp_size":"50","show_label_inside":true,"adjust_width":true,"cart_display_type":"text","other_text":"Other","cl_rule":"show","col":6,"values":[{"label":"35","value":"EU 35","price":"","pimage":"","pimage_id":"","pthumb":"","color":""},{"label":"35.5","value":"EU 35.5","price":"","pimage":"","pimage_id":"","pthumb":"","color":""},{"label":"36","value":"EU 36","price":"","pimage":"","pimage_id":"","pthumb":"","color":"","selected":true},{"label":"36 2\/3","value":"EU 36 2\/3","price":"","pimage":"","pimage_id":"","pthumb":"","color":""},{"label":"37 1\/3","value":"EU 37 1\/3","price":"","pimage":"","pimage_id":"","pthumb":"","color":""},{"label":"38","value":"EU 38","price":"","pimage":"","pimage_id":"","pthumb":"","color":""},{"label":"38 2\/3","value":"EU 38 2\/3","price":"","pimage":"","pimage_id":"","pthumb":"","color":""},{"label":"39 1\/3","value":"EU 39 1\/3","price":"","pimage":"","pimage_id":"","pthumb":"","color":""},{"label":"40","value":"EU 40","price":"","pimage":"","pimage_id":"","pthumb":"","color":""},{"label":"40 2\/3","value":"EU 40 2\/3","price":"","pimage":"","pimage_id":"","pthumb":"","color":""},{"label":"41 1\/3","value":"EU 41 1\/3","price":"","pimage":"","pimage_id":"","pthumb":"","color":""},{"label":"42","value":"EU 42","price":"","pimage":"","pimage_id":"","pthumb":"","color":""},{"label":"42 2\/3","value":"EU 42 2\/3","price":"","pimage":"","pimage_id":"","pthumb":"","color":""},{"label":"43 1\/3","value":"EU 43 1\/3","price":"","pimage":"","pimage_id":"","pthumb":"","color":""},{"label":"44","value":"EU 44","price":"","pimage":"","pimage_id":"","pthumb":"","color":""},{"label":"44 2\/3","value":"EU 44 2\/3","price":"","pimage":"","pimage_id":"","pthumb":"","color":""},{"label":"45 1\/3","value":"EU 45 1\/3","price":"","pimage":"","pimage_id":"","pthumb":"","color":""},{"label":"46","value":"EU 46","price":"","pimage":"","pimage_id":"","pthumb":"","color":""},{"label":"46 2\/3","value":"EU 46 2\/3","price":"","pimage":"","pimage_id":"","pthumb":"","color":""},{"label":"47 1\/3","value":"EU 47 1\/3","price":"","pimage":"","pimage_id":"","pthumb":"","color":""}],"relations":[{"operator":false,"rules":[]}],"form_id":24802,"form_rules":{"pric_cal_option_once":false,"exclude_from_discount":false,"pric_use_as_fee":false,"fee_label":"Fee","render_after_acb":false,"disp_hide_options_price":false}}]},"yoast_head":"<!-- This site is optimized with the Yoast SEO plugin v26.5 - https:\/\/yoast.com\/wordpress\/plugins\/seo\/ -->\n<title>Adidas Wmns Terrex Skychaser GORE-TEX &#039;Earth Strata&#039; - Tourcruiser PTE. LTD<\/title>\n<meta name=\"robots\" content=\"index, follow, max-snippet:-1, max-image-preview:large, max-video-preview:-1\" \/>\n<link rel=\"canonical\" href=\"https:\/\/tourcruiser.com\/de\/products\/adidas-wmns-terrex-skychaser-gore-tex-earth-strata\/\" \/>\n<meta property=\"og:locale\" content=\"de_DE\" \/>\n<meta property=\"og:type\" content=\"article\" \/>\n<meta property=\"og:title\" content=\"Adidas Wmns Terrex Skychaser GORE-TEX &#039;Earth Strata&#039; - Tourcruiser PTE. LTD\" \/>\n<meta property=\"og:description\" content=\"adidas =MID(B156,FIND(CHAR(160),SUBSTITUTE(B156,&quot; &quot;,CHAR(160),2)) + 1,FIND(CHAR(160),SUBSTITUTE(B156,&quot; &quot;,CHAR(160),4)) - 1 - (FIND(CHAR(160),SUBSTITUTE(B156,&quot; &quot;,CHAR(160),2)))) \u2014 Earth Strata\/Grey One\/Semi Flash Aqua\" \/>\n<meta property=\"og:url\" content=\"https:\/\/tourcruiser.com\/de\/products\/adidas-wmns-terrex-skychaser-gore-tex-earth-strata\/\" \/>\n<meta property=\"og:site_name\" content=\"Tourcruiser Sneaker Store\" \/>\n<meta property=\"article:modified_time\" content=\"2026-03-27T17:33:52+00:00\" \/>\n<meta name=\"twitter:card\" content=\"summary_large_image\" \/>\n<meta name=\"twitter:image\" content=\"https:\/\/images.novelship.com\/product\/_women__adidas_terrex_skychaser_gore-tex_hiking_sh_0_53793.jpeg\" \/>\n<meta name=\"twitter:label1\" content=\"Gesch\u00e4tzte Lesezeit\" \/>\n\t<meta name=\"twitter:data1\" content=\"1\u00a0Minute\" \/>\n<script type=\"application\/ld+json\" class=\"yoast-schema-graph\">{\"@context\":\"https:\/\/schema.org\",\"@graph\":[{\"@type\":\"WebPage\",\"@id\":\"https:\/\/tourcruiser.com\/de\/products\/adidas-wmns-terrex-skychaser-gore-tex-earth-strata\/\",\"url\":\"https:\/\/tourcruiser.com\/de\/products\/adidas-wmns-terrex-skychaser-gore-tex-earth-strata\/\",\"name\":\"Adidas Wmns Terrex Skychaser GORE-TEX 'Earth Strata' - Tourcruiser PTE. LTD\",\"isPartOf\":{\"@id\":\"https:\/\/tourcruiser.com\/de\/#website\"},\"primaryImageOfPage\":{\"@id\":\"https:\/\/tourcruiser.com\/de\/products\/adidas-wmns-terrex-skychaser-gore-tex-earth-strata\/#primaryimage\"},\"image\":{\"@id\":\"https:\/\/tourcruiser.com\/de\/products\/adidas-wmns-terrex-skychaser-gore-tex-earth-strata\/#primaryimage\"},\"thumbnailUrl\":\"https:\/\/images.novelship.com\/product\/_women__adidas_terrex_skychaser_gore-tex_hiking_sh_0_53793.jpeg\",\"datePublished\":\"2026-02-25T11:05:53+00:00\",\"dateModified\":\"2026-03-27T17:33:52+00:00\",\"breadcrumb\":{\"@id\":\"https:\/\/tourcruiser.com\/de\/products\/adidas-wmns-terrex-skychaser-gore-tex-earth-strata\/#breadcrumb\"},\"inLanguage\":\"de\",\"potentialAction\":[{\"@type\":\"ReadAction\",\"target\":[\"https:\/\/tourcruiser.com\/de\/products\/adidas-wmns-terrex-skychaser-gore-tex-earth-strata\/\"]}]},{\"@type\":\"ImageObject\",\"inLanguage\":\"de\",\"@id\":\"https:\/\/tourcruiser.com\/de\/products\/adidas-wmns-terrex-skychaser-gore-tex-earth-strata\/#primaryimage\",\"url\":\"https:\/\/images.novelship.com\/product\/_women__adidas_terrex_skychaser_gore-tex_hiking_sh_0_53793.jpeg\",\"contentUrl\":\"https:\/\/images.novelship.com\/product\/_women__adidas_terrex_skychaser_gore-tex_hiking_sh_0_53793.jpeg\"},{\"@type\":\"BreadcrumbList\",\"@id\":\"https:\/\/tourcruiser.com\/de\/products\/adidas-wmns-terrex-skychaser-gore-tex-earth-strata\/#breadcrumb\",\"itemListElement\":[{\"@type\":\"ListItem\",\"position\":1,\"name\":\"Home\",\"item\":\"https:\/\/tourcruiser.com\/de\/\"},{\"@type\":\"ListItem\",\"position\":2,\"name\":\"Shop\",\"item\":\"https:\/\/tourcruiser.com\/de\/shop\/\"},{\"@type\":\"ListItem\",\"position\":3,\"name\":\"Adidas Wmns Terrex Skychaser GORE-TEX 'Earth Strata'\"}]},{\"@type\":\"WebSite\",\"@id\":\"https:\/\/tourcruiser.com\/de\/#website\",\"url\":\"https:\/\/tourcruiser.com\/de\/\",\"name\":\"Styloral Jewelry Shop\",\"description\":\"Tourcruiser Sneaker Store \u2014 der Ort, an dem das Universum deine Einzigartigkeit trifft.\",\"publisher\":{\"@id\":\"https:\/\/tourcruiser.com\/de\/#organization\"},\"potentialAction\":[{\"@type\":\"SearchAction\",\"target\":{\"@type\":\"EntryPoint\",\"urlTemplate\":\"https:\/\/tourcruiser.com\/de\/?s={search_term_string}\"},\"query-input\":{\"@type\":\"PropertyValueSpecification\",\"valueRequired\":true,\"valueName\":\"search_term_string\"}}],\"inLanguage\":\"de\"},{\"@type\":\"Organization\",\"@id\":\"https:\/\/tourcruiser.com\/de\/#organization\",\"name\":\"STYLORAL PTE. LTD\",\"url\":\"https:\/\/tourcruiser.com\/de\/\",\"logo\":{\"@type\":\"ImageObject\",\"inLanguage\":\"de\",\"@id\":\"https:\/\/tourcruiser.com\/de\/#\/schema\/logo\/image\/\",\"url\":\"https:\/\/www.tourcruiser.com\/wp-content\/uploads\/2025\/12\/logo.png\",\"contentUrl\":\"https:\/\/www.tourcruiser.com\/wp-content\/uploads\/2025\/12\/logo.png\",\"width\":200,\"height\":65,\"caption\":\"STYLORAL PTE. LTD\"},\"image\":{\"@id\":\"https:\/\/tourcruiser.com\/de\/#\/schema\/logo\/image\/\"}}]}<\/script>\n<!-- \/ Yoast SEO plugin. -->","yoast_head_json":{"title":"Adidas Wmns Terrex Skychaser GORE-TEX 'Earth Strata' - Tourcruiser PTE. LTD","robots":{"index":"index","follow":"follow","max-snippet":"max-snippet:-1","max-image-preview":"max-image-preview:large","max-video-preview":"max-video-preview:-1"},"canonical":"https:\/\/tourcruiser.com\/de\/products\/adidas-wmns-terrex-skychaser-gore-tex-earth-strata\/","og_locale":"de_DE","og_type":"article","og_title":"Adidas Wmns Terrex Skychaser GORE-TEX 'Earth Strata' - Tourcruiser PTE. LTD","og_description":"adidas =MID(B156,FIND(CHAR(160),SUBSTITUTE(B156,\" \",CHAR(160),2)) + 1,FIND(CHAR(160),SUBSTITUTE(B156,\" \",CHAR(160),4)) - 1 - (FIND(CHAR(160),SUBSTITUTE(B156,\" \",CHAR(160),2)))) \u2014 Earth Strata\/Grey One\/Semi Flash Aqua","og_url":"https:\/\/tourcruiser.com\/de\/products\/adidas-wmns-terrex-skychaser-gore-tex-earth-strata\/","og_site_name":"Tourcruiser Sneaker Store","article_modified_time":"2026-03-27T17:33:52+00:00","twitter_card":"summary_large_image","twitter_image":"https:\/\/images.novelship.com\/product\/_women__adidas_terrex_skychaser_gore-tex_hiking_sh_0_53793.jpeg","twitter_misc":{"Gesch\u00e4tzte Lesezeit":"1\u00a0Minute"},"schema":{"@context":"https:\/\/schema.org","@graph":[{"@type":"WebPage","@id":"https:\/\/tourcruiser.com\/de\/products\/adidas-wmns-terrex-skychaser-gore-tex-earth-strata\/","url":"https:\/\/tourcruiser.com\/de\/products\/adidas-wmns-terrex-skychaser-gore-tex-earth-strata\/","name":"Adidas Wmns Terrex Skychaser GORE-TEX 'Earth Strata' - Tourcruiser PTE. LTD","isPartOf":{"@id":"https:\/\/tourcruiser.com\/de\/#website"},"primaryImageOfPage":{"@id":"https:\/\/tourcruiser.com\/de\/products\/adidas-wmns-terrex-skychaser-gore-tex-earth-strata\/#primaryimage"},"image":{"@id":"https:\/\/tourcruiser.com\/de\/products\/adidas-wmns-terrex-skychaser-gore-tex-earth-strata\/#primaryimage"},"thumbnailUrl":"https:\/\/images.novelship.com\/product\/_women__adidas_terrex_skychaser_gore-tex_hiking_sh_0_53793.jpeg","datePublished":"2026-02-25T11:05:53+00:00","dateModified":"2026-03-27T17:33:52+00:00","breadcrumb":{"@id":"https:\/\/tourcruiser.com\/de\/products\/adidas-wmns-terrex-skychaser-gore-tex-earth-strata\/#breadcrumb"},"inLanguage":"de","potentialAction":[{"@type":"ReadAction","target":["https:\/\/tourcruiser.com\/de\/products\/adidas-wmns-terrex-skychaser-gore-tex-earth-strata\/"]}]},{"@type":"ImageObject","inLanguage":"de","@id":"https:\/\/tourcruiser.com\/de\/products\/adidas-wmns-terrex-skychaser-gore-tex-earth-strata\/#primaryimage","url":"https:\/\/images.novelship.com\/product\/_women__adidas_terrex_skychaser_gore-tex_hiking_sh_0_53793.jpeg","contentUrl":"https:\/\/images.novelship.com\/product\/_women__adidas_terrex_skychaser_gore-tex_hiking_sh_0_53793.jpeg"},{"@type":"BreadcrumbList","@id":"https:\/\/tourcruiser.com\/de\/products\/adidas-wmns-terrex-skychaser-gore-tex-earth-strata\/#breadcrumb","itemListElement":[{"@type":"ListItem","position":1,"name":"Home","item":"https:\/\/tourcruiser.com\/de\/"},{"@type":"ListItem","position":2,"name":"Shop","item":"https:\/\/tourcruiser.com\/de\/shop\/"},{"@type":"ListItem","position":3,"name":"Adidas Wmns Terrex Skychaser GORE-TEX 'Earth Strata'"}]},{"@type":"WebSite","@id":"https:\/\/tourcruiser.com\/de\/#website","url":"https:\/\/tourcruiser.com\/de\/","name":"Styloral Jewelry Shop","description":"Tourcruiser Sneaker Store \u2014 der Ort, an dem das Universum deine Einzigartigkeit trifft.","publisher":{"@id":"https:\/\/tourcruiser.com\/de\/#organization"},"potentialAction":[{"@type":"SearchAction","target":{"@type":"EntryPoint","urlTemplate":"https:\/\/tourcruiser.com\/de\/?s={search_term_string}"},"query-input":{"@type":"PropertyValueSpecification","valueRequired":true,"valueName":"search_term_string"}}],"inLanguage":"de"},{"@type":"Organization","@id":"https:\/\/tourcruiser.com\/de\/#organization","name":"STYLORAL PTE. LTD","url":"https:\/\/tourcruiser.com\/de\/","logo":{"@type":"ImageObject","inLanguage":"de","@id":"https:\/\/tourcruiser.com\/de\/#\/schema\/logo\/image\/","url":"https:\/\/www.tourcruiser.com\/wp-content\/uploads\/2025\/12\/logo.png","contentUrl":"https:\/\/www.tourcruiser.com\/wp-content\/uploads\/2025\/12\/logo.png","width":200,"height":65,"caption":"STYLORAL PTE. LTD"},"image":{"@id":"https:\/\/tourcruiser.com\/de\/#\/schema\/logo\/image\/"}}]}},"_links":{"self":[{"href":"https:\/\/tourcruiser.com\/de\/wp-json\/wp\/v2\/product\/21329","targetHints":{"allow":["GET"]}}],"collection":[{"href":"https:\/\/tourcruiser.com\/de\/wp-json\/wp\/v2\/product"}],"about":[{"href":"https:\/\/tourcruiser.com\/de\/wp-json\/wp\/v2\/types\/product"}],"replies":[{"embeddable":true,"href":"https:\/\/tourcruiser.com\/de\/wp-json\/wp\/v2\/comments?post=21329"}],"wp:featuredmedia":[{"embeddable":true,"href":"https:\/\/tourcruiser.com\/de\/wp-json\/wp\/v2\/media\/21330"}],"wp:attachment":[{"href":"https:\/\/tourcruiser.com\/de\/wp-json\/wp\/v2\/media?parent=21329"}],"wp:term":[{"taxonomy":"product_brand","embeddable":true,"href":"https:\/\/tourcruiser.com\/de\/wp-json\/wp\/v2\/product_brand?post=21329"},{"taxonomy":"product_cat","embeddable":true,"href":"https:\/\/tourcruiser.com\/de\/wp-json\/wp\/v2\/product_cat?post=21329"},{"taxonomy":"product_tag","embeddable":true,"href":"https:\/\/tourcruiser.com\/de\/wp-json\/wp\/v2\/product_tag?post=21329"}],"curies":[{"name":"wp","href":"https:\/\/api.w.org\/{rel}","templated":true}]}}