{"id":20903,"date":"2026-02-25T10:58:18","date_gmt":"2026-02-25T10:58:18","guid":{"rendered":"http:\/\/tourcruiser.com\/product\/adidas-kith-x-sl72-classics-program"},"modified":"2026-03-28T00:33:04","modified_gmt":"2026-03-27T17:33:04","slug":"adidas-kith-x-sl72-classics-program","status":"publish","type":"product","link":"https:\/\/tourcruiser.com\/de\/products\/adidas-kith-x-sl72-classics-program\/","title":{"rendered":"Adidas Kith x SL72 &#8218;Classics Program&#8216;"},"content":{"rendered":"<p>Der Kith x adidas SL72 \u201eClassics Program\u201c pr\u00e4sentiert sich mit einem wei\u00dfen Leder-Obermaterial und grauen Wildleder-Akzenten an den drei Streifen und dem Vorderfu\u00df-Overlay. Unterschiedliche Kith- und adidas-Embleme zieren die gr\u00fcne Lederlasche an der Ferse, w\u00e4hrend beide Logos auf den Einlegesohlen und der strukturierten Zunge zu finden sind. Der Schriftzug \u201eKith Classics\u201c ist in Goldfolie eingraviert und sorgt f\u00fcr einen auff\u00e4lligen Look. Eine robuste Gummisohle rundet das Design ab.<\/p>\n<p>Artikelnummer: JP8435<br \/>\nFarbkombination: Wei\u00df\/Gr\u00fcn<br \/>\nVer\u00f6ffentlichungsdatum: 07.02.2025<\/p>\n","protected":false},"excerpt":{"rendered":"<p>Der Kith x adidas SL72 \u201eClassics Program\u201c pr\u00e4sentiert sich mit einem wei\u00dfen Leder-Obermaterial und grauen Wildleder-Akzenten an den drei Streifen und dem Vorderfu\u00df-Overlay. Unterschiedliche Kith- und adidas-Embleme zieren die gr\u00fcne Lederlasche an der Ferse, w\u00e4hrend beide Logos auf den Einlegesohlen und der strukturierten Zunge zu finden sind. Der Schriftzug \u201eKith Classics\u201c ist in Goldfolie eingraviert [&hellip;]<\/p>\n","protected":false},"featured_media":20904,"comment_status":"open","ping_status":"closed","template":"","meta":[],"product_brand":[],"product_cat":[9215],"product_tag":[9878],"class_list":{"0":"post-20903","1":"product","2":"type-product","3":"status-publish","4":"has-post-thumbnail","6":"product_cat-adidas-2026","7":"product_tag-jp84357","8":"wcpa_has_options","10":"first","11":"outofstock","12":"taxable","13":"shipping-taxable","14":"purchasable","15":"product-type-simple"},"wcpa_form_fields":{"rules":{"pric_overide_base_price":false,"pric_overide_base_price_if_gt_zero":false,"pric_overide_base_price_fully":false,"pric_cal_option_once":false,"pric_use_as_fee":false,"bind_quantity":false,"quantity_bind_formula":false},"fields":[{"type":"color-group","required":true,"elementId":"wcpa-color-group-66c4a7f817afe","label":"Gr\u00f6\u00dfe","inline":true,"priceOptions":"different_for_all","pricingType":"fixed","className":"hassizechart product-shoes-size-eu product-shoes-size","name":"color-group-66c4a7f817b18","disp_type":"square","selection_type":"tick-border","disp_size":"50","show_label_inside":true,"adjust_width":true,"cart_display_type":"text","other_text":"Other","cl_rule":"show","col":6,"values":[{"label":"35","value":"EU 35","price":"","pimage":"","pimage_id":"","pthumb":"","color":""},{"label":"35.5","value":"EU 35.5","price":"","pimage":"","pimage_id":"","pthumb":"","color":""},{"label":"36","value":"EU 36","price":"","pimage":"","pimage_id":"","pthumb":"","color":"","selected":true},{"label":"36 2\/3","value":"EU 36 2\/3","price":"","pimage":"","pimage_id":"","pthumb":"","color":""},{"label":"37 1\/3","value":"EU 37 1\/3","price":"","pimage":"","pimage_id":"","pthumb":"","color":""},{"label":"38","value":"EU 38","price":"","pimage":"","pimage_id":"","pthumb":"","color":""},{"label":"38 2\/3","value":"EU 38 2\/3","price":"","pimage":"","pimage_id":"","pthumb":"","color":""},{"label":"39 1\/3","value":"EU 39 1\/3","price":"","pimage":"","pimage_id":"","pthumb":"","color":""},{"label":"40","value":"EU 40","price":"","pimage":"","pimage_id":"","pthumb":"","color":""},{"label":"40 2\/3","value":"EU 40 2\/3","price":"","pimage":"","pimage_id":"","pthumb":"","color":""},{"label":"41 1\/3","value":"EU 41 1\/3","price":"","pimage":"","pimage_id":"","pthumb":"","color":""},{"label":"42","value":"EU 42","price":"","pimage":"","pimage_id":"","pthumb":"","color":""},{"label":"42 2\/3","value":"EU 42 2\/3","price":"","pimage":"","pimage_id":"","pthumb":"","color":""},{"label":"43 1\/3","value":"EU 43 1\/3","price":"","pimage":"","pimage_id":"","pthumb":"","color":""},{"label":"44","value":"EU 44","price":"","pimage":"","pimage_id":"","pthumb":"","color":""},{"label":"44 2\/3","value":"EU 44 2\/3","price":"","pimage":"","pimage_id":"","pthumb":"","color":""},{"label":"45 1\/3","value":"EU 45 1\/3","price":"","pimage":"","pimage_id":"","pthumb":"","color":""},{"label":"46","value":"EU 46","price":"","pimage":"","pimage_id":"","pthumb":"","color":""},{"label":"46 2\/3","value":"EU 46 2\/3","price":"","pimage":"","pimage_id":"","pthumb":"","color":""},{"label":"47 1\/3","value":"EU 47 1\/3","price":"","pimage":"","pimage_id":"","pthumb":"","color":""}],"relations":[{"operator":false,"rules":[]}],"form_id":24802,"form_rules":{"pric_cal_option_once":false,"exclude_from_discount":false,"pric_use_as_fee":false,"fee_label":"Fee","render_after_acb":false,"disp_hide_options_price":false}}]},"yoast_head":"<!-- This site is optimized with the Yoast SEO plugin v26.5 - https:\/\/yoast.com\/wordpress\/plugins\/seo\/ -->\n<title>Adidas Kith x SL72 &#039;Classics Program&#039; - Tourcruiser PTE. LTD<\/title>\n<meta name=\"robots\" content=\"index, follow, max-snippet:-1, max-image-preview:large, max-video-preview:-1\" \/>\n<link rel=\"canonical\" href=\"https:\/\/tourcruiser.com\/\" \/>\n<meta property=\"og:locale\" content=\"de_DE\" \/>\n<meta property=\"og:type\" content=\"article\" \/>\n<meta property=\"og:title\" content=\"Adidas Kith x SL72 &#039;Classics Program&#039; - Tourcruiser PTE. LTD\" \/>\n<meta property=\"og:description\" content=\"Der Kith x adidas SL72 \u201eClassics Program\u201c pr\u00e4sentiert sich mit einem wei\u00dfen Leder-Obermaterial und grauen Wildleder-Akzenten an den drei Streifen und dem Vorderfu\u00df-Overlay. Unterschiedliche Kith- und adidas-Embleme zieren die gr\u00fcne Lederlasche an der Ferse, w\u00e4hrend beide Logos auf den Einlegesohlen und der strukturierten Zunge zu finden sind. Der Schriftzug \u201eKith Classics\u201c ist in Goldfolie eingraviert [&hellip;]\" \/>\n<meta property=\"og:url\" content=\"\/\" \/>\n<meta property=\"og:site_name\" content=\"Tourcruiser Sneaker Store\" \/>\n<meta property=\"article:modified_time\" content=\"2026-03-27T17:33:04+00:00\" \/>\n<meta name=\"twitter:card\" content=\"summary_large_image\" \/>\n<meta name=\"twitter:image\" content=\"https:\/\/cdn.flightclub.com\/TEMPLATE\/479099\/1.jpg?w=1600;https:\/\/cdn.flightclub.com\/TEMPLATE\/479099\/2.jpg?w=1600;https:\/\/cdn.flightclub.com\/TEMPLATE\/479099\/3.jpg?w=1600;https:\/\/cdn.flightclub.com\/TEMPLATE\/479099\/4.jpg?w=1600\" \/>\n<script type=\"application\/ld+json\" class=\"yoast-schema-graph\">{\"@context\":\"https:\/\/schema.org\",\"@graph\":[{\"@type\":\"WebPage\",\"@id\":\"\/\",\"url\":\"https:\/\/tourcruiser.com\/\",\"name\":\"Adidas Kith x SL72 'Classics Program' - Tourcruiser PTE. LTD\",\"isPartOf\":{\"@id\":\"https:\/\/tourcruiser.com\/de\/#website\"},\"primaryImageOfPage\":{\"@id\":\"https:\/\/tourcruiser.com\/#primaryimage\"},\"image\":{\"@id\":\"https:\/\/tourcruiser.com\/#primaryimage\"},\"thumbnailUrl\":\"https:\/\/cdn.flightclub.com\/TEMPLATE\/479099\/1.jpg?w=1600;https:\/\/cdn.flightclub.com\/TEMPLATE\/479099\/2.jpg?w=1600;https:\/\/cdn.flightclub.com\/TEMPLATE\/479099\/3.jpg?w=1600;https:\/\/cdn.flightclub.com\/TEMPLATE\/479099\/4.jpg?w=1600\",\"datePublished\":\"2026-02-25T10:58:18+00:00\",\"dateModified\":\"2026-03-27T17:33:04+00:00\",\"breadcrumb\":{\"@id\":\"https:\/\/tourcruiser.com\/#breadcrumb\"},\"inLanguage\":\"de\",\"potentialAction\":[{\"@type\":\"ReadAction\",\"target\":[\"https:\/\/tourcruiser.com\/\"]}]},{\"@type\":\"ImageObject\",\"inLanguage\":\"de\",\"@id\":\"https:\/\/tourcruiser.com\/#primaryimage\",\"url\":\"https:\/\/cdn.flightclub.com\/TEMPLATE\/479099\/1.jpg?w=1600;https:\/\/cdn.flightclub.com\/TEMPLATE\/479099\/2.jpg?w=1600;https:\/\/cdn.flightclub.com\/TEMPLATE\/479099\/3.jpg?w=1600;https:\/\/cdn.flightclub.com\/TEMPLATE\/479099\/4.jpg?w=1600\",\"contentUrl\":\"https:\/\/cdn.flightclub.com\/TEMPLATE\/479099\/1.jpg?w=1600;https:\/\/cdn.flightclub.com\/TEMPLATE\/479099\/2.jpg?w=1600;https:\/\/cdn.flightclub.com\/TEMPLATE\/479099\/3.jpg?w=1600;https:\/\/cdn.flightclub.com\/TEMPLATE\/479099\/4.jpg?w=1600\"},{\"@type\":\"BreadcrumbList\",\"@id\":\"https:\/\/tourcruiser.com\/#breadcrumb\",\"itemListElement\":[{\"@type\":\"ListItem\",\"position\":1,\"name\":\"Home\",\"item\":\"https:\/\/tourcruiser.com\/de\/\"},{\"@type\":\"ListItem\",\"position\":2,\"name\":\"Shop\",\"item\":\"https:\/\/tourcruiser.com\/de\/shop\/\"},{\"@type\":\"ListItem\",\"position\":3,\"name\":\"Adidas Kith x SL72 &#8218;Classics Program&#8216;\"}]},{\"@type\":\"WebSite\",\"@id\":\"https:\/\/tourcruiser.com\/de\/#website\",\"url\":\"https:\/\/tourcruiser.com\/de\/\",\"name\":\"Styloral Jewelry Shop\",\"description\":\"Tourcruiser Sneaker Store \u2014 der Ort, an dem das Universum deine Einzigartigkeit trifft.\",\"publisher\":{\"@id\":\"https:\/\/tourcruiser.com\/de\/#organization\"},\"potentialAction\":[{\"@type\":\"SearchAction\",\"target\":{\"@type\":\"EntryPoint\",\"urlTemplate\":\"https:\/\/tourcruiser.com\/de\/?s={search_term_string}\"},\"query-input\":{\"@type\":\"PropertyValueSpecification\",\"valueRequired\":true,\"valueName\":\"search_term_string\"}}],\"inLanguage\":\"de\"},{\"@type\":\"Organization\",\"@id\":\"https:\/\/tourcruiser.com\/de\/#organization\",\"name\":\"STYLORAL PTE. LTD\",\"url\":\"https:\/\/tourcruiser.com\/de\/\",\"logo\":{\"@type\":\"ImageObject\",\"inLanguage\":\"de\",\"@id\":\"https:\/\/tourcruiser.com\/de\/#\/schema\/logo\/image\/\",\"url\":\"https:\/\/www.tourcruiser.com\/wp-content\/uploads\/2025\/12\/logo.png\",\"contentUrl\":\"https:\/\/www.tourcruiser.com\/wp-content\/uploads\/2025\/12\/logo.png\",\"width\":200,\"height\":65,\"caption\":\"STYLORAL PTE. LTD\"},\"image\":{\"@id\":\"https:\/\/tourcruiser.com\/de\/#\/schema\/logo\/image\/\"}}]}<\/script>\n<!-- \/ Yoast SEO plugin. -->","yoast_head_json":{"title":"Adidas Kith x SL72 'Classics Program' - Tourcruiser PTE. LTD","robots":{"index":"index","follow":"follow","max-snippet":"max-snippet:-1","max-image-preview":"max-image-preview:large","max-video-preview":"max-video-preview:-1"},"canonical":"https:\/\/tourcruiser.com\/","og_locale":"de_DE","og_type":"article","og_title":"Adidas Kith x SL72 'Classics Program' - Tourcruiser PTE. LTD","og_description":"Der Kith x adidas SL72 \u201eClassics Program\u201c pr\u00e4sentiert sich mit einem wei\u00dfen Leder-Obermaterial und grauen Wildleder-Akzenten an den drei Streifen und dem Vorderfu\u00df-Overlay. Unterschiedliche Kith- und adidas-Embleme zieren die gr\u00fcne Lederlasche an der Ferse, w\u00e4hrend beide Logos auf den Einlegesohlen und der strukturierten Zunge zu finden sind. Der Schriftzug \u201eKith Classics\u201c ist in Goldfolie eingraviert [&hellip;]","og_url":"\/","og_site_name":"Tourcruiser Sneaker Store","article_modified_time":"2026-03-27T17:33:04+00:00","twitter_card":"summary_large_image","twitter_image":"https:\/\/cdn.flightclub.com\/TEMPLATE\/479099\/1.jpg?w=1600;https:\/\/cdn.flightclub.com\/TEMPLATE\/479099\/2.jpg?w=1600;https:\/\/cdn.flightclub.com\/TEMPLATE\/479099\/3.jpg?w=1600;https:\/\/cdn.flightclub.com\/TEMPLATE\/479099\/4.jpg?w=1600","schema":{"@context":"https:\/\/schema.org","@graph":[{"@type":"WebPage","@id":"\/","url":"https:\/\/tourcruiser.com\/","name":"Adidas Kith x SL72 'Classics Program' - Tourcruiser PTE. LTD","isPartOf":{"@id":"https:\/\/tourcruiser.com\/de\/#website"},"primaryImageOfPage":{"@id":"https:\/\/tourcruiser.com\/#primaryimage"},"image":{"@id":"https:\/\/tourcruiser.com\/#primaryimage"},"thumbnailUrl":"https:\/\/cdn.flightclub.com\/TEMPLATE\/479099\/1.jpg?w=1600;https:\/\/cdn.flightclub.com\/TEMPLATE\/479099\/2.jpg?w=1600;https:\/\/cdn.flightclub.com\/TEMPLATE\/479099\/3.jpg?w=1600;https:\/\/cdn.flightclub.com\/TEMPLATE\/479099\/4.jpg?w=1600","datePublished":"2026-02-25T10:58:18+00:00","dateModified":"2026-03-27T17:33:04+00:00","breadcrumb":{"@id":"https:\/\/tourcruiser.com\/#breadcrumb"},"inLanguage":"de","potentialAction":[{"@type":"ReadAction","target":["https:\/\/tourcruiser.com\/"]}]},{"@type":"ImageObject","inLanguage":"de","@id":"https:\/\/tourcruiser.com\/#primaryimage","url":"https:\/\/cdn.flightclub.com\/TEMPLATE\/479099\/1.jpg?w=1600;https:\/\/cdn.flightclub.com\/TEMPLATE\/479099\/2.jpg?w=1600;https:\/\/cdn.flightclub.com\/TEMPLATE\/479099\/3.jpg?w=1600;https:\/\/cdn.flightclub.com\/TEMPLATE\/479099\/4.jpg?w=1600","contentUrl":"https:\/\/cdn.flightclub.com\/TEMPLATE\/479099\/1.jpg?w=1600;https:\/\/cdn.flightclub.com\/TEMPLATE\/479099\/2.jpg?w=1600;https:\/\/cdn.flightclub.com\/TEMPLATE\/479099\/3.jpg?w=1600;https:\/\/cdn.flightclub.com\/TEMPLATE\/479099\/4.jpg?w=1600"},{"@type":"BreadcrumbList","@id":"https:\/\/tourcruiser.com\/#breadcrumb","itemListElement":[{"@type":"ListItem","position":1,"name":"Home","item":"https:\/\/tourcruiser.com\/de\/"},{"@type":"ListItem","position":2,"name":"Shop","item":"https:\/\/tourcruiser.com\/de\/shop\/"},{"@type":"ListItem","position":3,"name":"Adidas Kith x SL72 &#8218;Classics Program&#8216;"}]},{"@type":"WebSite","@id":"https:\/\/tourcruiser.com\/de\/#website","url":"https:\/\/tourcruiser.com\/de\/","name":"Styloral Jewelry Shop","description":"Tourcruiser Sneaker Store \u2014 der Ort, an dem das Universum deine Einzigartigkeit trifft.","publisher":{"@id":"https:\/\/tourcruiser.com\/de\/#organization"},"potentialAction":[{"@type":"SearchAction","target":{"@type":"EntryPoint","urlTemplate":"https:\/\/tourcruiser.com\/de\/?s={search_term_string}"},"query-input":{"@type":"PropertyValueSpecification","valueRequired":true,"valueName":"search_term_string"}}],"inLanguage":"de"},{"@type":"Organization","@id":"https:\/\/tourcruiser.com\/de\/#organization","name":"STYLORAL PTE. LTD","url":"https:\/\/tourcruiser.com\/de\/","logo":{"@type":"ImageObject","inLanguage":"de","@id":"https:\/\/tourcruiser.com\/de\/#\/schema\/logo\/image\/","url":"https:\/\/www.tourcruiser.com\/wp-content\/uploads\/2025\/12\/logo.png","contentUrl":"https:\/\/www.tourcruiser.com\/wp-content\/uploads\/2025\/12\/logo.png","width":200,"height":65,"caption":"STYLORAL PTE. LTD"},"image":{"@id":"https:\/\/tourcruiser.com\/de\/#\/schema\/logo\/image\/"}}]}},"_links":{"self":[{"href":"https:\/\/tourcruiser.com\/de\/wp-json\/wp\/v2\/product\/20903","targetHints":{"allow":["GET"]}}],"collection":[{"href":"https:\/\/tourcruiser.com\/de\/wp-json\/wp\/v2\/product"}],"about":[{"href":"https:\/\/tourcruiser.com\/de\/wp-json\/wp\/v2\/types\/product"}],"replies":[{"embeddable":true,"href":"https:\/\/tourcruiser.com\/de\/wp-json\/wp\/v2\/comments?post=20903"}],"wp:featuredmedia":[{"embeddable":true,"href":"https:\/\/tourcruiser.com\/de\/wp-json\/wp\/v2\/media\/20904"}],"wp:attachment":[{"href":"https:\/\/tourcruiser.com\/de\/wp-json\/wp\/v2\/media?parent=20903"}],"wp:term":[{"taxonomy":"product_brand","embeddable":true,"href":"https:\/\/tourcruiser.com\/de\/wp-json\/wp\/v2\/product_brand?post=20903"},{"taxonomy":"product_cat","embeddable":true,"href":"https:\/\/tourcruiser.com\/de\/wp-json\/wp\/v2\/product_cat?post=20903"},{"taxonomy":"product_tag","embeddable":true,"href":"https:\/\/tourcruiser.com\/de\/wp-json\/wp\/v2\/product_tag?post=20903"}],"curies":[{"name":"wp","href":"https:\/\/api.w.org\/{rel}","templated":true}]}}