{"id":19914,"date":"2026-02-25T17:34:35","date_gmt":"2026-02-25T10:34:35","guid":{"rendered":"http:\/\/tourcruiser.com\/product\/adidas-wmns-gazelle-indoor-black-carbon-velvet"},"modified":"2026-03-28T00:32:26","modified_gmt":"2026-03-27T17:32:26","slug":"adidas-wmns-gazelle-indoor-black-carbon-velvet","status":"publish","type":"product","link":"https:\/\/tourcruiser.com\/de\/products\/adidas-wmns-gazelle-indoor-black-carbon-velvet\/","title":{"rendered":"Adidas Wmns Gazelle Indoor &#8218;Black Carbon Velvet&#8216;"},"content":{"rendered":"<p>Mit den Gazelle Indoor Sneakers JI2712 werten Sie Ihren Alltagslook auf \u2013 die perfekte Kombination aus Retro-Charme und modernem Komfort. Diese vielseitigen Sneaker bestechen durch ein geschmeidiges Wildleder-Obermaterial in zeitlosen Farben, erg\u00e4nzt durch die ikonischen 3-Streifen. Die leichte Gummisohle sorgt f\u00fcr hervorragende Traktion und ein angenehmes Laufgef\u00fchl und macht sie ideal f\u00fcr Freizeitaktivit\u00e4ten und Indoor-Sportarten. Eine gepolsterte Innensohle bietet ganzt\u00e4gigen Tragekomfort, w\u00e4hrend das atmungsaktive Material f\u00fcr ein frisches und belebendes Fu\u00dfklima sorgt. Die mit Pr\u00e4zision und Liebe zum Detail gefertigten Gazelle Indoor Sneakers JI2712 bieten eine bequeme und dennoch flexible Passform und garantieren so unvergleichlichen Komfort und Langlebigkeit. Diese Sneaker sind ein Must-have f\u00fcr alle Stilbewussten, die die Verbindung von klassischem Design und moderner Funktionalit\u00e4t sch\u00e4tzen. Ob zu Jeans, Jogginghosen oder Shorts \u2013 sie verleihen jedem Outfit m\u00fchelose Eleganz. Die modischen und gleichzeitig praktischen Gazelle Indoor Sneakers JI2712 sind die perfekte Wahl f\u00fcr alle, die einen schicken, zuverl\u00e4ssigen und ikonischen Schuh suchen. Genie\u00dfe Komfort und Stil ohne Kompromisse und mach diese zeitlosen Sneaker zu einem unverzichtbaren Bestandteil deiner Sammlung. Ob im Fitnessstudio oder auf der Stra\u00dfe \u2013 erlebe mit jedem Schritt erstklassige Performance und anhaltenden Charme. F\u00fchl dich selbstbewusst, sieh gut aus und sei immer einen Schritt voraus.<\/p>\n<ul>\n<li><strong>Farbgebung:<\/strong> Core Black\/Carbon\/Grey Five<\/li>\n<li><strong>Artikelnummer:<\/strong> JI2712<\/li>\n<li><strong>Obermaterial:<\/strong> Samt<\/li>\n<li><strong>Farbe:<\/strong> Schwarz<\/li>\n<\/ul>\n","protected":false},"excerpt":{"rendered":"<p>adidas Gazelle Indoor \u2014 Core Black\/Carbon\/Grey Five<\/p>\n","protected":false},"featured_media":19915,"comment_status":"open","ping_status":"closed","template":"","meta":[],"product_brand":[],"product_cat":[9215],"product_tag":[9582],"class_list":{"0":"post-19914","1":"product","2":"type-product","3":"status-publish","4":"has-post-thumbnail","6":"product_cat-adidas-2026","7":"product_tag-9582","8":"wcpa_has_options","10":"first","11":"outofstock","12":"taxable","13":"shipping-taxable","14":"purchasable","15":"product-type-simple"},"wcpa_form_fields":{"rules":{"pric_overide_base_price":false,"pric_overide_base_price_if_gt_zero":false,"pric_overide_base_price_fully":false,"pric_cal_option_once":false,"pric_use_as_fee":false,"bind_quantity":false,"quantity_bind_formula":false},"fields":[{"type":"color-group","required":true,"elementId":"wcpa-color-group-66c4a7f817afe","label":"Gr\u00f6\u00dfe","inline":true,"priceOptions":"different_for_all","pricingType":"fixed","className":"hassizechart product-shoes-size-eu product-shoes-size","name":"color-group-66c4a7f817b18","disp_type":"square","selection_type":"tick-border","disp_size":"50","show_label_inside":true,"adjust_width":true,"cart_display_type":"text","other_text":"Other","cl_rule":"show","col":6,"values":[{"label":"35","value":"EU 35","price":"","pimage":"","pimage_id":"","pthumb":"","color":""},{"label":"35.5","value":"EU 35.5","price":"","pimage":"","pimage_id":"","pthumb":"","color":""},{"label":"36","value":"EU 36","price":"","pimage":"","pimage_id":"","pthumb":"","color":"","selected":true},{"label":"36 2\/3","value":"EU 36 2\/3","price":"","pimage":"","pimage_id":"","pthumb":"","color":""},{"label":"37 1\/3","value":"EU 37 1\/3","price":"","pimage":"","pimage_id":"","pthumb":"","color":""},{"label":"38","value":"EU 38","price":"","pimage":"","pimage_id":"","pthumb":"","color":""},{"label":"38 2\/3","value":"EU 38 2\/3","price":"","pimage":"","pimage_id":"","pthumb":"","color":""},{"label":"39 1\/3","value":"EU 39 1\/3","price":"","pimage":"","pimage_id":"","pthumb":"","color":""},{"label":"40","value":"EU 40","price":"","pimage":"","pimage_id":"","pthumb":"","color":""},{"label":"40 2\/3","value":"EU 40 2\/3","price":"","pimage":"","pimage_id":"","pthumb":"","color":""},{"label":"41 1\/3","value":"EU 41 1\/3","price":"","pimage":"","pimage_id":"","pthumb":"","color":""},{"label":"42","value":"EU 42","price":"","pimage":"","pimage_id":"","pthumb":"","color":""},{"label":"42 2\/3","value":"EU 42 2\/3","price":"","pimage":"","pimage_id":"","pthumb":"","color":""},{"label":"43 1\/3","value":"EU 43 1\/3","price":"","pimage":"","pimage_id":"","pthumb":"","color":""},{"label":"44","value":"EU 44","price":"","pimage":"","pimage_id":"","pthumb":"","color":""},{"label":"44 2\/3","value":"EU 44 2\/3","price":"","pimage":"","pimage_id":"","pthumb":"","color":""},{"label":"45 1\/3","value":"EU 45 1\/3","price":"","pimage":"","pimage_id":"","pthumb":"","color":""},{"label":"46","value":"EU 46","price":"","pimage":"","pimage_id":"","pthumb":"","color":""},{"label":"46 2\/3","value":"EU 46 2\/3","price":"","pimage":"","pimage_id":"","pthumb":"","color":""},{"label":"47 1\/3","value":"EU 47 1\/3","price":"","pimage":"","pimage_id":"","pthumb":"","color":""}],"relations":[{"operator":false,"rules":[]}],"form_id":24802,"form_rules":{"pric_cal_option_once":false,"exclude_from_discount":false,"pric_use_as_fee":false,"fee_label":"Fee","render_after_acb":false,"disp_hide_options_price":false}}]},"yoast_head":"<!-- This site is optimized with the Yoast SEO plugin v26.5 - https:\/\/yoast.com\/wordpress\/plugins\/seo\/ -->\n<title>Adidas Wmns Gazelle Indoor &#039;Black Carbon Velvet&#039; - Tourcruiser PTE. LTD<\/title>\n<meta name=\"robots\" content=\"index, follow, max-snippet:-1, max-image-preview:large, max-video-preview:-1\" \/>\n<link rel=\"canonical\" href=\"https:\/\/tourcruiser.com\/de\/products\/adidas-wmns-gazelle-indoor-black-carbon-velvet\/\" \/>\n<meta property=\"og:locale\" content=\"de_DE\" \/>\n<meta property=\"og:type\" content=\"article\" \/>\n<meta property=\"og:title\" content=\"Adidas Wmns Gazelle Indoor &#039;Black Carbon Velvet&#039; - Tourcruiser PTE. LTD\" \/>\n<meta property=\"og:description\" content=\"adidas Gazelle Indoor \u2014 Core Black\/Carbon\/Grey Five\" \/>\n<meta property=\"og:url\" content=\"https:\/\/tourcruiser.com\/de\/products\/adidas-wmns-gazelle-indoor-black-carbon-velvet\/\" \/>\n<meta property=\"og:site_name\" content=\"Tourcruiser Sneaker Store\" \/>\n<meta property=\"article:modified_time\" content=\"2026-03-27T17:32:26+00:00\" \/>\n<meta name=\"twitter:card\" content=\"summary_large_image\" \/>\n<meta name=\"twitter:image\" content=\"https:\/\/images.novelship.com\/product\/_w__gazelle_indoor_sneakers_ji2712_0_15030.jpeg\" \/>\n<meta name=\"twitter:label1\" content=\"Gesch\u00e4tzte Lesezeit\" \/>\n\t<meta name=\"twitter:data1\" content=\"1\u00a0Minute\" \/>\n<script type=\"application\/ld+json\" class=\"yoast-schema-graph\">{\"@context\":\"https:\/\/schema.org\",\"@graph\":[{\"@type\":\"WebPage\",\"@id\":\"https:\/\/tourcruiser.com\/de\/products\/adidas-wmns-gazelle-indoor-black-carbon-velvet\/\",\"url\":\"https:\/\/tourcruiser.com\/de\/products\/adidas-wmns-gazelle-indoor-black-carbon-velvet\/\",\"name\":\"Adidas Wmns Gazelle Indoor 'Black Carbon Velvet' - Tourcruiser PTE. LTD\",\"isPartOf\":{\"@id\":\"https:\/\/tourcruiser.com\/de\/#website\"},\"primaryImageOfPage\":{\"@id\":\"https:\/\/tourcruiser.com\/de\/products\/adidas-wmns-gazelle-indoor-black-carbon-velvet\/#primaryimage\"},\"image\":{\"@id\":\"https:\/\/tourcruiser.com\/de\/products\/adidas-wmns-gazelle-indoor-black-carbon-velvet\/#primaryimage\"},\"thumbnailUrl\":\"https:\/\/images.novelship.com\/product\/_w__gazelle_indoor_sneakers_ji2712_0_15030.jpeg\",\"datePublished\":\"2026-02-25T10:34:35+00:00\",\"dateModified\":\"2026-03-27T17:32:26+00:00\",\"breadcrumb\":{\"@id\":\"https:\/\/tourcruiser.com\/de\/products\/adidas-wmns-gazelle-indoor-black-carbon-velvet\/#breadcrumb\"},\"inLanguage\":\"de\",\"potentialAction\":[{\"@type\":\"ReadAction\",\"target\":[\"https:\/\/tourcruiser.com\/de\/products\/adidas-wmns-gazelle-indoor-black-carbon-velvet\/\"]}]},{\"@type\":\"ImageObject\",\"inLanguage\":\"de\",\"@id\":\"https:\/\/tourcruiser.com\/de\/products\/adidas-wmns-gazelle-indoor-black-carbon-velvet\/#primaryimage\",\"url\":\"https:\/\/images.novelship.com\/product\/_w__gazelle_indoor_sneakers_ji2712_0_15030.jpeg\",\"contentUrl\":\"https:\/\/images.novelship.com\/product\/_w__gazelle_indoor_sneakers_ji2712_0_15030.jpeg\"},{\"@type\":\"BreadcrumbList\",\"@id\":\"https:\/\/tourcruiser.com\/de\/products\/adidas-wmns-gazelle-indoor-black-carbon-velvet\/#breadcrumb\",\"itemListElement\":[{\"@type\":\"ListItem\",\"position\":1,\"name\":\"Home\",\"item\":\"https:\/\/tourcruiser.com\/de\/\"},{\"@type\":\"ListItem\",\"position\":2,\"name\":\"Shop\",\"item\":\"https:\/\/tourcruiser.com\/de\/shop\/\"},{\"@type\":\"ListItem\",\"position\":3,\"name\":\"Adidas Wmns Gazelle Indoor 'Black Carbon Velvet'\"}]},{\"@type\":\"WebSite\",\"@id\":\"https:\/\/tourcruiser.com\/de\/#website\",\"url\":\"https:\/\/tourcruiser.com\/de\/\",\"name\":\"Styloral Jewelry Shop\",\"description\":\"Tourcruiser Sneaker Store \u2014 der Ort, an dem das Universum deine Einzigartigkeit trifft.\",\"publisher\":{\"@id\":\"https:\/\/tourcruiser.com\/de\/#organization\"},\"potentialAction\":[{\"@type\":\"SearchAction\",\"target\":{\"@type\":\"EntryPoint\",\"urlTemplate\":\"https:\/\/tourcruiser.com\/de\/?s={search_term_string}\"},\"query-input\":{\"@type\":\"PropertyValueSpecification\",\"valueRequired\":true,\"valueName\":\"search_term_string\"}}],\"inLanguage\":\"de\"},{\"@type\":\"Organization\",\"@id\":\"https:\/\/tourcruiser.com\/de\/#organization\",\"name\":\"STYLORAL PTE. LTD\",\"url\":\"https:\/\/tourcruiser.com\/de\/\",\"logo\":{\"@type\":\"ImageObject\",\"inLanguage\":\"de\",\"@id\":\"https:\/\/tourcruiser.com\/de\/#\/schema\/logo\/image\/\",\"url\":\"https:\/\/www.tourcruiser.com\/wp-content\/uploads\/2025\/12\/logo.png\",\"contentUrl\":\"https:\/\/www.tourcruiser.com\/wp-content\/uploads\/2025\/12\/logo.png\",\"width\":200,\"height\":65,\"caption\":\"STYLORAL PTE. LTD\"},\"image\":{\"@id\":\"https:\/\/tourcruiser.com\/de\/#\/schema\/logo\/image\/\"}}]}<\/script>\n<!-- \/ Yoast SEO plugin. -->","yoast_head_json":{"title":"Adidas Wmns Gazelle Indoor 'Black Carbon Velvet' - Tourcruiser PTE. LTD","robots":{"index":"index","follow":"follow","max-snippet":"max-snippet:-1","max-image-preview":"max-image-preview:large","max-video-preview":"max-video-preview:-1"},"canonical":"https:\/\/tourcruiser.com\/de\/products\/adidas-wmns-gazelle-indoor-black-carbon-velvet\/","og_locale":"de_DE","og_type":"article","og_title":"Adidas Wmns Gazelle Indoor 'Black Carbon Velvet' - Tourcruiser PTE. LTD","og_description":"adidas Gazelle Indoor \u2014 Core Black\/Carbon\/Grey Five","og_url":"https:\/\/tourcruiser.com\/de\/products\/adidas-wmns-gazelle-indoor-black-carbon-velvet\/","og_site_name":"Tourcruiser Sneaker Store","article_modified_time":"2026-03-27T17:32:26+00:00","twitter_card":"summary_large_image","twitter_image":"https:\/\/images.novelship.com\/product\/_w__gazelle_indoor_sneakers_ji2712_0_15030.jpeg","twitter_misc":{"Gesch\u00e4tzte Lesezeit":"1\u00a0Minute"},"schema":{"@context":"https:\/\/schema.org","@graph":[{"@type":"WebPage","@id":"https:\/\/tourcruiser.com\/de\/products\/adidas-wmns-gazelle-indoor-black-carbon-velvet\/","url":"https:\/\/tourcruiser.com\/de\/products\/adidas-wmns-gazelle-indoor-black-carbon-velvet\/","name":"Adidas Wmns Gazelle Indoor 'Black Carbon Velvet' - Tourcruiser PTE. LTD","isPartOf":{"@id":"https:\/\/tourcruiser.com\/de\/#website"},"primaryImageOfPage":{"@id":"https:\/\/tourcruiser.com\/de\/products\/adidas-wmns-gazelle-indoor-black-carbon-velvet\/#primaryimage"},"image":{"@id":"https:\/\/tourcruiser.com\/de\/products\/adidas-wmns-gazelle-indoor-black-carbon-velvet\/#primaryimage"},"thumbnailUrl":"https:\/\/images.novelship.com\/product\/_w__gazelle_indoor_sneakers_ji2712_0_15030.jpeg","datePublished":"2026-02-25T10:34:35+00:00","dateModified":"2026-03-27T17:32:26+00:00","breadcrumb":{"@id":"https:\/\/tourcruiser.com\/de\/products\/adidas-wmns-gazelle-indoor-black-carbon-velvet\/#breadcrumb"},"inLanguage":"de","potentialAction":[{"@type":"ReadAction","target":["https:\/\/tourcruiser.com\/de\/products\/adidas-wmns-gazelle-indoor-black-carbon-velvet\/"]}]},{"@type":"ImageObject","inLanguage":"de","@id":"https:\/\/tourcruiser.com\/de\/products\/adidas-wmns-gazelle-indoor-black-carbon-velvet\/#primaryimage","url":"https:\/\/images.novelship.com\/product\/_w__gazelle_indoor_sneakers_ji2712_0_15030.jpeg","contentUrl":"https:\/\/images.novelship.com\/product\/_w__gazelle_indoor_sneakers_ji2712_0_15030.jpeg"},{"@type":"BreadcrumbList","@id":"https:\/\/tourcruiser.com\/de\/products\/adidas-wmns-gazelle-indoor-black-carbon-velvet\/#breadcrumb","itemListElement":[{"@type":"ListItem","position":1,"name":"Home","item":"https:\/\/tourcruiser.com\/de\/"},{"@type":"ListItem","position":2,"name":"Shop","item":"https:\/\/tourcruiser.com\/de\/shop\/"},{"@type":"ListItem","position":3,"name":"Adidas Wmns Gazelle Indoor 'Black Carbon Velvet'"}]},{"@type":"WebSite","@id":"https:\/\/tourcruiser.com\/de\/#website","url":"https:\/\/tourcruiser.com\/de\/","name":"Styloral Jewelry Shop","description":"Tourcruiser Sneaker Store \u2014 der Ort, an dem das Universum deine Einzigartigkeit trifft.","publisher":{"@id":"https:\/\/tourcruiser.com\/de\/#organization"},"potentialAction":[{"@type":"SearchAction","target":{"@type":"EntryPoint","urlTemplate":"https:\/\/tourcruiser.com\/de\/?s={search_term_string}"},"query-input":{"@type":"PropertyValueSpecification","valueRequired":true,"valueName":"search_term_string"}}],"inLanguage":"de"},{"@type":"Organization","@id":"https:\/\/tourcruiser.com\/de\/#organization","name":"STYLORAL PTE. LTD","url":"https:\/\/tourcruiser.com\/de\/","logo":{"@type":"ImageObject","inLanguage":"de","@id":"https:\/\/tourcruiser.com\/de\/#\/schema\/logo\/image\/","url":"https:\/\/www.tourcruiser.com\/wp-content\/uploads\/2025\/12\/logo.png","contentUrl":"https:\/\/www.tourcruiser.com\/wp-content\/uploads\/2025\/12\/logo.png","width":200,"height":65,"caption":"STYLORAL PTE. LTD"},"image":{"@id":"https:\/\/tourcruiser.com\/de\/#\/schema\/logo\/image\/"}}]}},"_links":{"self":[{"href":"https:\/\/tourcruiser.com\/de\/wp-json\/wp\/v2\/product\/19914","targetHints":{"allow":["GET"]}}],"collection":[{"href":"https:\/\/tourcruiser.com\/de\/wp-json\/wp\/v2\/product"}],"about":[{"href":"https:\/\/tourcruiser.com\/de\/wp-json\/wp\/v2\/types\/product"}],"replies":[{"embeddable":true,"href":"https:\/\/tourcruiser.com\/de\/wp-json\/wp\/v2\/comments?post=19914"}],"wp:featuredmedia":[{"embeddable":true,"href":"https:\/\/tourcruiser.com\/de\/wp-json\/wp\/v2\/media\/19915"}],"wp:attachment":[{"href":"https:\/\/tourcruiser.com\/de\/wp-json\/wp\/v2\/media?parent=19914"}],"wp:term":[{"taxonomy":"product_brand","embeddable":true,"href":"https:\/\/tourcruiser.com\/de\/wp-json\/wp\/v2\/product_brand?post=19914"},{"taxonomy":"product_cat","embeddable":true,"href":"https:\/\/tourcruiser.com\/de\/wp-json\/wp\/v2\/product_cat?post=19914"},{"taxonomy":"product_tag","embeddable":true,"href":"https:\/\/tourcruiser.com\/de\/wp-json\/wp\/v2\/product_tag?post=19914"}],"curies":[{"name":"wp","href":"https:\/\/api.w.org\/{rel}","templated":true}]}}