{"id":19465,"date":"2026-02-25T10:25:30","date_gmt":"2026-02-25T10:25:30","guid":{"rendered":"http:\/\/tourcruiser.com\/product\/adidas-zootopia-x-gazelle-cf-el-i-judy-hopps"},"modified":"2026-03-28T00:33:14","modified_gmt":"2026-03-27T17:33:14","slug":"adidas-zootopia-x-gazelle-cf-el-i-judy-hopps","status":"publish","type":"product","link":"https:\/\/tourcruiser.com\/de\/products\/adidas-zootopia-x-gazelle-cf-el-i-judy-hopps\/","title":{"rendered":"Adidas Zootopia x Gazelle CF EL I &#8218;Judy Hopps&#8216;"},"content":{"rendered":"<p>Der Zootopia x adidas Gazelle CF EL I \u201eJudy Hopps\u201c ist eine Hommage an die erste Hasenpolizistin des Zootopia Police Departments. Der Schuh hat ein graues Wildleder-Obermaterial mit elastischen Schn\u00fcrsenkeln f\u00fcr schnelles An- und Ausziehen. Wei\u00dfe Felldetails verleihen den drei Streifen und dem Kragenfutter eine interessante Textur. Eine Karottengrafik ziert die Ferse, w\u00e4hrend Judys Gesicht und ihre abstehenden Hasenohren auf der Fersenlasche zu sehen sind. Eine Gummisohle rundet den Look ab.<\/p>\n<p>Artikelnummer: JQ1344<br \/>\nFarbkombination: Lieferantenfarbe\/Schuhe Wei\u00df\/Gummi<br \/>\nVer\u00f6ffentlichungsdatum: 01.08.2025<\/p>\n","protected":false},"excerpt":{"rendered":"<p>Der Zootopia x adidas Gazelle CF EL I \u201eJudy Hopps\u201c ist eine Hommage an die erste Hasenpolizistin des Zootopia Police Departments. Der Schuh hat ein graues Wildleder-Obermaterial mit elastischen Schn\u00fcrsenkeln f\u00fcr schnelles An- und Ausziehen. Wei\u00dfe Felldetails verleihen den drei Streifen und dem Kragenfutter eine interessante Textur. Eine Karottengrafik ziert die Ferse, w\u00e4hrend Judys Gesicht [&hellip;]<\/p>\n","protected":false},"featured_media":19466,"comment_status":"open","ping_status":"closed","template":"","meta":[],"product_brand":[],"product_cat":[9215],"product_tag":[9461],"class_list":{"0":"post-19465","1":"product","2":"type-product","3":"status-publish","4":"has-post-thumbnail","6":"product_cat-adidas-2026","7":"product_tag-9461","8":"wcpa_has_options","10":"first","11":"outofstock","12":"taxable","13":"shipping-taxable","14":"purchasable","15":"product-type-simple"},"wcpa_form_fields":{"rules":{"pric_overide_base_price":false,"pric_overide_base_price_if_gt_zero":false,"pric_overide_base_price_fully":false,"pric_cal_option_once":false,"pric_use_as_fee":false,"bind_quantity":false,"quantity_bind_formula":false},"fields":[{"type":"color-group","required":true,"elementId":"wcpa-color-group-66c4a7f817afe","label":"Gr\u00f6\u00dfe","inline":true,"priceOptions":"different_for_all","pricingType":"fixed","className":"hassizechart product-shoes-size-eu product-shoes-size","name":"color-group-66c4a7f817b18","disp_type":"square","selection_type":"tick-border","disp_size":"50","show_label_inside":true,"adjust_width":true,"cart_display_type":"text","other_text":"Other","cl_rule":"show","col":6,"values":[{"label":"35","value":"EU 35","price":"","pimage":"","pimage_id":"","pthumb":"","color":""},{"label":"35.5","value":"EU 35.5","price":"","pimage":"","pimage_id":"","pthumb":"","color":""},{"label":"36","value":"EU 36","price":"","pimage":"","pimage_id":"","pthumb":"","color":"","selected":true},{"label":"36 2\/3","value":"EU 36 2\/3","price":"","pimage":"","pimage_id":"","pthumb":"","color":""},{"label":"37 1\/3","value":"EU 37 1\/3","price":"","pimage":"","pimage_id":"","pthumb":"","color":""},{"label":"38","value":"EU 38","price":"","pimage":"","pimage_id":"","pthumb":"","color":""},{"label":"38 2\/3","value":"EU 38 2\/3","price":"","pimage":"","pimage_id":"","pthumb":"","color":""},{"label":"39 1\/3","value":"EU 39 1\/3","price":"","pimage":"","pimage_id":"","pthumb":"","color":""},{"label":"40","value":"EU 40","price":"","pimage":"","pimage_id":"","pthumb":"","color":""},{"label":"40 2\/3","value":"EU 40 2\/3","price":"","pimage":"","pimage_id":"","pthumb":"","color":""},{"label":"41 1\/3","value":"EU 41 1\/3","price":"","pimage":"","pimage_id":"","pthumb":"","color":""},{"label":"42","value":"EU 42","price":"","pimage":"","pimage_id":"","pthumb":"","color":""},{"label":"42 2\/3","value":"EU 42 2\/3","price":"","pimage":"","pimage_id":"","pthumb":"","color":""},{"label":"43 1\/3","value":"EU 43 1\/3","price":"","pimage":"","pimage_id":"","pthumb":"","color":""},{"label":"44","value":"EU 44","price":"","pimage":"","pimage_id":"","pthumb":"","color":""},{"label":"44 2\/3","value":"EU 44 2\/3","price":"","pimage":"","pimage_id":"","pthumb":"","color":""},{"label":"45 1\/3","value":"EU 45 1\/3","price":"","pimage":"","pimage_id":"","pthumb":"","color":""},{"label":"46","value":"EU 46","price":"","pimage":"","pimage_id":"","pthumb":"","color":""},{"label":"46 2\/3","value":"EU 46 2\/3","price":"","pimage":"","pimage_id":"","pthumb":"","color":""},{"label":"47 1\/3","value":"EU 47 1\/3","price":"","pimage":"","pimage_id":"","pthumb":"","color":""}],"relations":[{"operator":false,"rules":[]}],"form_id":24802,"form_rules":{"pric_cal_option_once":false,"exclude_from_discount":false,"pric_use_as_fee":false,"fee_label":"Fee","render_after_acb":false,"disp_hide_options_price":false}}]},"yoast_head":"<!-- This site is optimized with the Yoast SEO plugin v26.5 - https:\/\/yoast.com\/wordpress\/plugins\/seo\/ -->\n<title>Adidas Zootopia x Gazelle CF EL I &#039;Judy Hopps&#039; - Tourcruiser PTE. LTD<\/title>\n<meta name=\"robots\" content=\"index, follow, max-snippet:-1, max-image-preview:large, max-video-preview:-1\" \/>\n<link rel=\"canonical\" href=\"https:\/\/tourcruiser.com\/de\/products\/adidas-zootopia-x-gazelle-cf-el-i-judy-hopps\/\" \/>\n<meta property=\"og:locale\" content=\"de_DE\" \/>\n<meta property=\"og:type\" content=\"article\" \/>\n<meta property=\"og:title\" content=\"Adidas Zootopia x Gazelle CF EL I &#039;Judy Hopps&#039; - Tourcruiser PTE. LTD\" \/>\n<meta property=\"og:description\" content=\"Der Zootopia x adidas Gazelle CF EL I \u201eJudy Hopps\u201c ist eine Hommage an die erste Hasenpolizistin des Zootopia Police Departments. Der Schuh hat ein graues Wildleder-Obermaterial mit elastischen Schn\u00fcrsenkeln f\u00fcr schnelles An- und Ausziehen. Wei\u00dfe Felldetails verleihen den drei Streifen und dem Kragenfutter eine interessante Textur. Eine Karottengrafik ziert die Ferse, w\u00e4hrend Judys Gesicht [&hellip;]\" \/>\n<meta property=\"og:url\" content=\"https:\/\/tourcruiser.com\/de\/products\/adidas-zootopia-x-gazelle-cf-el-i-judy-hopps\/\" \/>\n<meta property=\"og:site_name\" content=\"Tourcruiser Sneaker Store\" \/>\n<meta property=\"article:modified_time\" content=\"2026-03-27T17:33:14+00:00\" \/>\n<meta name=\"twitter:card\" content=\"summary_large_image\" \/>\n<meta name=\"twitter:image\" content=\"https:\/\/cdn.flightclub.com\/TEMPLATE\/490992\/1.jpg?w=1600\" \/>\n<script type=\"application\/ld+json\" class=\"yoast-schema-graph\">{\"@context\":\"https:\/\/schema.org\",\"@graph\":[{\"@type\":\"WebPage\",\"@id\":\"https:\/\/tourcruiser.com\/de\/products\/adidas-zootopia-x-gazelle-cf-el-i-judy-hopps\/\",\"url\":\"https:\/\/tourcruiser.com\/de\/products\/adidas-zootopia-x-gazelle-cf-el-i-judy-hopps\/\",\"name\":\"Adidas Zootopia x Gazelle CF EL I 'Judy Hopps' - Tourcruiser PTE. LTD\",\"isPartOf\":{\"@id\":\"https:\/\/tourcruiser.com\/de\/#website\"},\"primaryImageOfPage\":{\"@id\":\"https:\/\/tourcruiser.com\/de\/products\/adidas-zootopia-x-gazelle-cf-el-i-judy-hopps\/#primaryimage\"},\"image\":{\"@id\":\"https:\/\/tourcruiser.com\/de\/products\/adidas-zootopia-x-gazelle-cf-el-i-judy-hopps\/#primaryimage\"},\"thumbnailUrl\":\"https:\/\/cdn.flightclub.com\/TEMPLATE\/490992\/1.jpg?w=1600\",\"datePublished\":\"2026-02-25T10:25:30+00:00\",\"dateModified\":\"2026-03-27T17:33:14+00:00\",\"breadcrumb\":{\"@id\":\"https:\/\/tourcruiser.com\/de\/products\/adidas-zootopia-x-gazelle-cf-el-i-judy-hopps\/#breadcrumb\"},\"inLanguage\":\"de\",\"potentialAction\":[{\"@type\":\"ReadAction\",\"target\":[\"https:\/\/tourcruiser.com\/de\/products\/adidas-zootopia-x-gazelle-cf-el-i-judy-hopps\/\"]}]},{\"@type\":\"ImageObject\",\"inLanguage\":\"de\",\"@id\":\"https:\/\/tourcruiser.com\/de\/products\/adidas-zootopia-x-gazelle-cf-el-i-judy-hopps\/#primaryimage\",\"url\":\"https:\/\/cdn.flightclub.com\/TEMPLATE\/490992\/1.jpg?w=1600\",\"contentUrl\":\"https:\/\/cdn.flightclub.com\/TEMPLATE\/490992\/1.jpg?w=1600\"},{\"@type\":\"BreadcrumbList\",\"@id\":\"https:\/\/tourcruiser.com\/de\/products\/adidas-zootopia-x-gazelle-cf-el-i-judy-hopps\/#breadcrumb\",\"itemListElement\":[{\"@type\":\"ListItem\",\"position\":1,\"name\":\"Home\",\"item\":\"https:\/\/tourcruiser.com\/de\/\"},{\"@type\":\"ListItem\",\"position\":2,\"name\":\"Shop\",\"item\":\"https:\/\/tourcruiser.com\/de\/shop\/\"},{\"@type\":\"ListItem\",\"position\":3,\"name\":\"Adidas Zootopia x Gazelle CF EL I 'Judy Hopps'\"}]},{\"@type\":\"WebSite\",\"@id\":\"https:\/\/tourcruiser.com\/de\/#website\",\"url\":\"https:\/\/tourcruiser.com\/de\/\",\"name\":\"Styloral Jewelry Shop\",\"description\":\"Tourcruiser Sneaker Store \u2014 der Ort, an dem das Universum deine Einzigartigkeit trifft.\",\"publisher\":{\"@id\":\"https:\/\/tourcruiser.com\/de\/#organization\"},\"potentialAction\":[{\"@type\":\"SearchAction\",\"target\":{\"@type\":\"EntryPoint\",\"urlTemplate\":\"https:\/\/tourcruiser.com\/de\/?s={search_term_string}\"},\"query-input\":{\"@type\":\"PropertyValueSpecification\",\"valueRequired\":true,\"valueName\":\"search_term_string\"}}],\"inLanguage\":\"de\"},{\"@type\":\"Organization\",\"@id\":\"https:\/\/tourcruiser.com\/de\/#organization\",\"name\":\"STYLORAL PTE. LTD\",\"url\":\"https:\/\/tourcruiser.com\/de\/\",\"logo\":{\"@type\":\"ImageObject\",\"inLanguage\":\"de\",\"@id\":\"https:\/\/tourcruiser.com\/de\/#\/schema\/logo\/image\/\",\"url\":\"https:\/\/www.tourcruiser.com\/wp-content\/uploads\/2025\/12\/logo.png\",\"contentUrl\":\"https:\/\/www.tourcruiser.com\/wp-content\/uploads\/2025\/12\/logo.png\",\"width\":200,\"height\":65,\"caption\":\"STYLORAL PTE. LTD\"},\"image\":{\"@id\":\"https:\/\/tourcruiser.com\/de\/#\/schema\/logo\/image\/\"}}]}<\/script>\n<!-- \/ Yoast SEO plugin. -->","yoast_head_json":{"title":"Adidas Zootopia x Gazelle CF EL I 'Judy Hopps' - Tourcruiser PTE. LTD","robots":{"index":"index","follow":"follow","max-snippet":"max-snippet:-1","max-image-preview":"max-image-preview:large","max-video-preview":"max-video-preview:-1"},"canonical":"https:\/\/tourcruiser.com\/de\/products\/adidas-zootopia-x-gazelle-cf-el-i-judy-hopps\/","og_locale":"de_DE","og_type":"article","og_title":"Adidas Zootopia x Gazelle CF EL I 'Judy Hopps' - Tourcruiser PTE. LTD","og_description":"Der Zootopia x adidas Gazelle CF EL I \u201eJudy Hopps\u201c ist eine Hommage an die erste Hasenpolizistin des Zootopia Police Departments. Der Schuh hat ein graues Wildleder-Obermaterial mit elastischen Schn\u00fcrsenkeln f\u00fcr schnelles An- und Ausziehen. Wei\u00dfe Felldetails verleihen den drei Streifen und dem Kragenfutter eine interessante Textur. Eine Karottengrafik ziert die Ferse, w\u00e4hrend Judys Gesicht [&hellip;]","og_url":"https:\/\/tourcruiser.com\/de\/products\/adidas-zootopia-x-gazelle-cf-el-i-judy-hopps\/","og_site_name":"Tourcruiser Sneaker Store","article_modified_time":"2026-03-27T17:33:14+00:00","twitter_card":"summary_large_image","twitter_image":"https:\/\/cdn.flightclub.com\/TEMPLATE\/490992\/1.jpg?w=1600","schema":{"@context":"https:\/\/schema.org","@graph":[{"@type":"WebPage","@id":"https:\/\/tourcruiser.com\/de\/products\/adidas-zootopia-x-gazelle-cf-el-i-judy-hopps\/","url":"https:\/\/tourcruiser.com\/de\/products\/adidas-zootopia-x-gazelle-cf-el-i-judy-hopps\/","name":"Adidas Zootopia x Gazelle CF EL I 'Judy Hopps' - Tourcruiser PTE. LTD","isPartOf":{"@id":"https:\/\/tourcruiser.com\/de\/#website"},"primaryImageOfPage":{"@id":"https:\/\/tourcruiser.com\/de\/products\/adidas-zootopia-x-gazelle-cf-el-i-judy-hopps\/#primaryimage"},"image":{"@id":"https:\/\/tourcruiser.com\/de\/products\/adidas-zootopia-x-gazelle-cf-el-i-judy-hopps\/#primaryimage"},"thumbnailUrl":"https:\/\/cdn.flightclub.com\/TEMPLATE\/490992\/1.jpg?w=1600","datePublished":"2026-02-25T10:25:30+00:00","dateModified":"2026-03-27T17:33:14+00:00","breadcrumb":{"@id":"https:\/\/tourcruiser.com\/de\/products\/adidas-zootopia-x-gazelle-cf-el-i-judy-hopps\/#breadcrumb"},"inLanguage":"de","potentialAction":[{"@type":"ReadAction","target":["https:\/\/tourcruiser.com\/de\/products\/adidas-zootopia-x-gazelle-cf-el-i-judy-hopps\/"]}]},{"@type":"ImageObject","inLanguage":"de","@id":"https:\/\/tourcruiser.com\/de\/products\/adidas-zootopia-x-gazelle-cf-el-i-judy-hopps\/#primaryimage","url":"https:\/\/cdn.flightclub.com\/TEMPLATE\/490992\/1.jpg?w=1600","contentUrl":"https:\/\/cdn.flightclub.com\/TEMPLATE\/490992\/1.jpg?w=1600"},{"@type":"BreadcrumbList","@id":"https:\/\/tourcruiser.com\/de\/products\/adidas-zootopia-x-gazelle-cf-el-i-judy-hopps\/#breadcrumb","itemListElement":[{"@type":"ListItem","position":1,"name":"Home","item":"https:\/\/tourcruiser.com\/de\/"},{"@type":"ListItem","position":2,"name":"Shop","item":"https:\/\/tourcruiser.com\/de\/shop\/"},{"@type":"ListItem","position":3,"name":"Adidas Zootopia x Gazelle CF EL I 'Judy Hopps'"}]},{"@type":"WebSite","@id":"https:\/\/tourcruiser.com\/de\/#website","url":"https:\/\/tourcruiser.com\/de\/","name":"Styloral Jewelry Shop","description":"Tourcruiser Sneaker Store \u2014 der Ort, an dem das Universum deine Einzigartigkeit trifft.","publisher":{"@id":"https:\/\/tourcruiser.com\/de\/#organization"},"potentialAction":[{"@type":"SearchAction","target":{"@type":"EntryPoint","urlTemplate":"https:\/\/tourcruiser.com\/de\/?s={search_term_string}"},"query-input":{"@type":"PropertyValueSpecification","valueRequired":true,"valueName":"search_term_string"}}],"inLanguage":"de"},{"@type":"Organization","@id":"https:\/\/tourcruiser.com\/de\/#organization","name":"STYLORAL PTE. LTD","url":"https:\/\/tourcruiser.com\/de\/","logo":{"@type":"ImageObject","inLanguage":"de","@id":"https:\/\/tourcruiser.com\/de\/#\/schema\/logo\/image\/","url":"https:\/\/www.tourcruiser.com\/wp-content\/uploads\/2025\/12\/logo.png","contentUrl":"https:\/\/www.tourcruiser.com\/wp-content\/uploads\/2025\/12\/logo.png","width":200,"height":65,"caption":"STYLORAL PTE. LTD"},"image":{"@id":"https:\/\/tourcruiser.com\/de\/#\/schema\/logo\/image\/"}}]}},"_links":{"self":[{"href":"https:\/\/tourcruiser.com\/de\/wp-json\/wp\/v2\/product\/19465","targetHints":{"allow":["GET"]}}],"collection":[{"href":"https:\/\/tourcruiser.com\/de\/wp-json\/wp\/v2\/product"}],"about":[{"href":"https:\/\/tourcruiser.com\/de\/wp-json\/wp\/v2\/types\/product"}],"replies":[{"embeddable":true,"href":"https:\/\/tourcruiser.com\/de\/wp-json\/wp\/v2\/comments?post=19465"}],"wp:featuredmedia":[{"embeddable":true,"href":"https:\/\/tourcruiser.com\/de\/wp-json\/wp\/v2\/media\/19466"}],"wp:attachment":[{"href":"https:\/\/tourcruiser.com\/de\/wp-json\/wp\/v2\/media?parent=19465"}],"wp:term":[{"taxonomy":"product_brand","embeddable":true,"href":"https:\/\/tourcruiser.com\/de\/wp-json\/wp\/v2\/product_brand?post=19465"},{"taxonomy":"product_cat","embeddable":true,"href":"https:\/\/tourcruiser.com\/de\/wp-json\/wp\/v2\/product_cat?post=19465"},{"taxonomy":"product_tag","embeddable":true,"href":"https:\/\/tourcruiser.com\/de\/wp-json\/wp\/v2\/product_tag?post=19465"}],"curies":[{"name":"wp","href":"https:\/\/api.w.org\/{rel}","templated":true}]}}