{"id":18628,"date":"2026-02-25T17:00:28","date_gmt":"2026-02-25T10:00:28","guid":{"rendered":"http:\/\/tourcruiser.com\/product\/adidas-fear-of-god-athletics-x-ii-basketball-low-wonder-oxide"},"modified":"2026-03-28T00:32:50","modified_gmt":"2026-03-27T17:32:50","slug":"adidas-fear-of-god-athletics-x-ii-basketball-low-wonder-oxide","status":"publish","type":"product","link":"https:\/\/tourcruiser.com\/de\/products\/adidas-fear-of-god-athletics-x-ii-basketball-low-wonder-oxide\/","title":{"rendered":"Adidas Fear of God Athletics x II BASKETBALL Low &#8218;Wonder Oxide&#8216;"},"content":{"rendered":"<p>Erlebe unvergleichliche Performance und Style mit dem adidas Fear of God Athletics II Basketball Low Wonder Oxide JP6004 \u2013 einem sorgf\u00e4ltig gefertigten Basketballschuh, der innovatives Design mit hochwertigen Materialien vereint. In Zusammenarbeit mit Fear of God entworfen, besticht diese Low-Top-Silhouette durch eine elegante, minimalistische \u00c4sthetik, die sich nahtlos vom Court auf die Stra\u00dfe \u00fcbertragen l\u00e4sst. Die Wonder Oxide-Farbgebung ist modern und vielseitig, w\u00e4hrend das Premium-Obermaterial f\u00fcr Strapazierf\u00e4higkeit und Komfort bei intensivem Spiel sorgt. Ausgestattet mit reaktionsfreudiger D\u00e4mpfung und au\u00dfergew\u00f6hnlichem Grip unterst\u00fctzt er explosive Bewegungen, schnelle Richtungswechsel und explosive \u00dcberg\u00e4nge und hebt deine Performance auf ein neues Level. Dieser Sneaker ist nicht nur ein funktionales Kraftpaket, sondern auch eine modische Ikone \u2013 perfekt f\u00fcr Athleten und Trendsetter, die Wert auf Qualit\u00e4t und einzigartiges Design legen. Verbessere dein Spiel und deinen Style m\u00fchelos.<\/p>\n<ul>\n<li><strong>Farbgebung:<\/strong> Wonder Oxide\/Wonder Oxide\/Wonder Oxide<\/li>\n<li><strong>Style-Code:<\/strong> JP6004<\/li>\n<li><strong>Obermaterial:<\/strong> Wildleder<\/li>\n<li><strong>Farbe:<\/strong> Pink<\/li>\n<li><strong>Erscheinungsjahr:<\/strong> 2025<\/li>\n<\/ul>\n","protected":false},"excerpt":{"rendered":"<p>adidas Fear of God Athletics II Basketball Low \u2014 Wonder Oxide\/Wonder Oxide\/Wonder Oxide<\/p>\n","protected":false},"featured_media":18629,"comment_status":"open","ping_status":"closed","template":"","meta":[],"product_brand":[],"product_cat":[9215],"product_tag":[9257],"class_list":{"0":"post-18628","1":"product","2":"type-product","3":"status-publish","4":"has-post-thumbnail","6":"product_cat-adidas-2026","7":"product_tag-9257","8":"wcpa_has_options","10":"first","11":"outofstock","12":"taxable","13":"shipping-taxable","14":"purchasable","15":"product-type-simple"},"wcpa_form_fields":{"rules":{"pric_overide_base_price":false,"pric_overide_base_price_if_gt_zero":false,"pric_overide_base_price_fully":false,"pric_cal_option_once":false,"pric_use_as_fee":false,"bind_quantity":false,"quantity_bind_formula":false},"fields":[{"type":"color-group","required":true,"elementId":"wcpa-color-group-66c4a7f817afe","label":"Gr\u00f6\u00dfe","inline":true,"priceOptions":"different_for_all","pricingType":"fixed","className":"hassizechart product-shoes-size-eu product-shoes-size","name":"color-group-66c4a7f817b18","disp_type":"square","selection_type":"tick-border","disp_size":"50","show_label_inside":true,"adjust_width":true,"cart_display_type":"text","other_text":"Other","cl_rule":"show","col":6,"values":[{"label":"35","value":"EU 35","price":"","pimage":"","pimage_id":"","pthumb":"","color":""},{"label":"35.5","value":"EU 35.5","price":"","pimage":"","pimage_id":"","pthumb":"","color":""},{"label":"36","value":"EU 36","price":"","pimage":"","pimage_id":"","pthumb":"","color":"","selected":true},{"label":"36 2\/3","value":"EU 36 2\/3","price":"","pimage":"","pimage_id":"","pthumb":"","color":""},{"label":"37 1\/3","value":"EU 37 1\/3","price":"","pimage":"","pimage_id":"","pthumb":"","color":""},{"label":"38","value":"EU 38","price":"","pimage":"","pimage_id":"","pthumb":"","color":""},{"label":"38 2\/3","value":"EU 38 2\/3","price":"","pimage":"","pimage_id":"","pthumb":"","color":""},{"label":"39 1\/3","value":"EU 39 1\/3","price":"","pimage":"","pimage_id":"","pthumb":"","color":""},{"label":"40","value":"EU 40","price":"","pimage":"","pimage_id":"","pthumb":"","color":""},{"label":"40 2\/3","value":"EU 40 2\/3","price":"","pimage":"","pimage_id":"","pthumb":"","color":""},{"label":"41 1\/3","value":"EU 41 1\/3","price":"","pimage":"","pimage_id":"","pthumb":"","color":""},{"label":"42","value":"EU 42","price":"","pimage":"","pimage_id":"","pthumb":"","color":""},{"label":"42 2\/3","value":"EU 42 2\/3","price":"","pimage":"","pimage_id":"","pthumb":"","color":""},{"label":"43 1\/3","value":"EU 43 1\/3","price":"","pimage":"","pimage_id":"","pthumb":"","color":""},{"label":"44","value":"EU 44","price":"","pimage":"","pimage_id":"","pthumb":"","color":""},{"label":"44 2\/3","value":"EU 44 2\/3","price":"","pimage":"","pimage_id":"","pthumb":"","color":""},{"label":"45 1\/3","value":"EU 45 1\/3","price":"","pimage":"","pimage_id":"","pthumb":"","color":""},{"label":"46","value":"EU 46","price":"","pimage":"","pimage_id":"","pthumb":"","color":""},{"label":"46 2\/3","value":"EU 46 2\/3","price":"","pimage":"","pimage_id":"","pthumb":"","color":""},{"label":"47 1\/3","value":"EU 47 1\/3","price":"","pimage":"","pimage_id":"","pthumb":"","color":""}],"relations":[{"operator":false,"rules":[]}],"form_id":24802,"form_rules":{"pric_cal_option_once":false,"exclude_from_discount":false,"pric_use_as_fee":false,"fee_label":"Fee","render_after_acb":false,"disp_hide_options_price":false}}]},"yoast_head":"<!-- This site is optimized with the Yoast SEO plugin v26.5 - https:\/\/yoast.com\/wordpress\/plugins\/seo\/ -->\n<title>Adidas Fear of God Athletics x II BASKETBALL Low &#039;Wonder Oxide&#039; - Tourcruiser PTE. LTD<\/title>\n<meta name=\"robots\" content=\"index, follow, max-snippet:-1, max-image-preview:large, max-video-preview:-1\" \/>\n<link rel=\"canonical\" href=\"https:\/\/tourcruiser.com\/de\/products\/adidas-fear-of-god-athletics-x-ii-basketball-low-wonder-oxide\/\" \/>\n<meta property=\"og:locale\" content=\"de_DE\" \/>\n<meta property=\"og:type\" content=\"article\" \/>\n<meta property=\"og:title\" content=\"Adidas Fear of God Athletics x II BASKETBALL Low &#039;Wonder Oxide&#039; - Tourcruiser PTE. LTD\" \/>\n<meta property=\"og:description\" content=\"adidas Fear of God Athletics II Basketball Low \u2014 Wonder Oxide\/Wonder Oxide\/Wonder Oxide\" \/>\n<meta property=\"og:url\" content=\"https:\/\/tourcruiser.com\/de\/products\/adidas-fear-of-god-athletics-x-ii-basketball-low-wonder-oxide\/\" \/>\n<meta property=\"og:site_name\" content=\"Tourcruiser Sneaker Store\" \/>\n<meta property=\"article:modified_time\" content=\"2026-03-27T17:32:50+00:00\" \/>\n<meta name=\"twitter:card\" content=\"summary_large_image\" \/>\n<meta name=\"twitter:image\" content=\"https:\/\/images.novelship.com\/product\/adidas_fear_of_god_athletics_ii_basketball_low_won_0_1645.jpeg\" \/>\n<meta name=\"twitter:label1\" content=\"Gesch\u00e4tzte Lesezeit\" \/>\n\t<meta name=\"twitter:data1\" content=\"1\u00a0Minute\" \/>\n<script type=\"application\/ld+json\" class=\"yoast-schema-graph\">{\"@context\":\"https:\/\/schema.org\",\"@graph\":[{\"@type\":\"WebPage\",\"@id\":\"https:\/\/tourcruiser.com\/de\/products\/adidas-fear-of-god-athletics-x-ii-basketball-low-wonder-oxide\/\",\"url\":\"https:\/\/tourcruiser.com\/de\/products\/adidas-fear-of-god-athletics-x-ii-basketball-low-wonder-oxide\/\",\"name\":\"Adidas Fear of God Athletics x II BASKETBALL Low 'Wonder Oxide' - Tourcruiser PTE. LTD\",\"isPartOf\":{\"@id\":\"https:\/\/tourcruiser.com\/de\/#website\"},\"primaryImageOfPage\":{\"@id\":\"https:\/\/tourcruiser.com\/de\/products\/adidas-fear-of-god-athletics-x-ii-basketball-low-wonder-oxide\/#primaryimage\"},\"image\":{\"@id\":\"https:\/\/tourcruiser.com\/de\/products\/adidas-fear-of-god-athletics-x-ii-basketball-low-wonder-oxide\/#primaryimage\"},\"thumbnailUrl\":\"https:\/\/images.novelship.com\/product\/adidas_fear_of_god_athletics_ii_basketball_low_won_0_1645.jpeg\",\"datePublished\":\"2026-02-25T10:00:28+00:00\",\"dateModified\":\"2026-03-27T17:32:50+00:00\",\"breadcrumb\":{\"@id\":\"https:\/\/tourcruiser.com\/de\/products\/adidas-fear-of-god-athletics-x-ii-basketball-low-wonder-oxide\/#breadcrumb\"},\"inLanguage\":\"de\",\"potentialAction\":[{\"@type\":\"ReadAction\",\"target\":[\"https:\/\/tourcruiser.com\/de\/products\/adidas-fear-of-god-athletics-x-ii-basketball-low-wonder-oxide\/\"]}]},{\"@type\":\"ImageObject\",\"inLanguage\":\"de\",\"@id\":\"https:\/\/tourcruiser.com\/de\/products\/adidas-fear-of-god-athletics-x-ii-basketball-low-wonder-oxide\/#primaryimage\",\"url\":\"https:\/\/images.novelship.com\/product\/adidas_fear_of_god_athletics_ii_basketball_low_won_0_1645.jpeg\",\"contentUrl\":\"https:\/\/images.novelship.com\/product\/adidas_fear_of_god_athletics_ii_basketball_low_won_0_1645.jpeg\"},{\"@type\":\"BreadcrumbList\",\"@id\":\"https:\/\/tourcruiser.com\/de\/products\/adidas-fear-of-god-athletics-x-ii-basketball-low-wonder-oxide\/#breadcrumb\",\"itemListElement\":[{\"@type\":\"ListItem\",\"position\":1,\"name\":\"Home\",\"item\":\"https:\/\/tourcruiser.com\/de\/\"},{\"@type\":\"ListItem\",\"position\":2,\"name\":\"Shop\",\"item\":\"https:\/\/tourcruiser.com\/de\/shop\/\"},{\"@type\":\"ListItem\",\"position\":3,\"name\":\"Adidas Fear of God Athletics x II BASKETBALL Low 'Wonder Oxide'\"}]},{\"@type\":\"WebSite\",\"@id\":\"https:\/\/tourcruiser.com\/de\/#website\",\"url\":\"https:\/\/tourcruiser.com\/de\/\",\"name\":\"Styloral Jewelry Shop\",\"description\":\"Tourcruiser Sneaker Store \u2014 der Ort, an dem das Universum deine Einzigartigkeit trifft.\",\"publisher\":{\"@id\":\"https:\/\/tourcruiser.com\/de\/#organization\"},\"potentialAction\":[{\"@type\":\"SearchAction\",\"target\":{\"@type\":\"EntryPoint\",\"urlTemplate\":\"https:\/\/tourcruiser.com\/de\/?s={search_term_string}\"},\"query-input\":{\"@type\":\"PropertyValueSpecification\",\"valueRequired\":true,\"valueName\":\"search_term_string\"}}],\"inLanguage\":\"de\"},{\"@type\":\"Organization\",\"@id\":\"https:\/\/tourcruiser.com\/de\/#organization\",\"name\":\"STYLORAL PTE. LTD\",\"url\":\"https:\/\/tourcruiser.com\/de\/\",\"logo\":{\"@type\":\"ImageObject\",\"inLanguage\":\"de\",\"@id\":\"https:\/\/tourcruiser.com\/de\/#\/schema\/logo\/image\/\",\"url\":\"https:\/\/www.tourcruiser.com\/wp-content\/uploads\/2025\/12\/logo.png\",\"contentUrl\":\"https:\/\/www.tourcruiser.com\/wp-content\/uploads\/2025\/12\/logo.png\",\"width\":200,\"height\":65,\"caption\":\"STYLORAL PTE. LTD\"},\"image\":{\"@id\":\"https:\/\/tourcruiser.com\/de\/#\/schema\/logo\/image\/\"}}]}<\/script>\n<!-- \/ Yoast SEO plugin. -->","yoast_head_json":{"title":"Adidas Fear of God Athletics x II BASKETBALL Low 'Wonder Oxide' - Tourcruiser PTE. LTD","robots":{"index":"index","follow":"follow","max-snippet":"max-snippet:-1","max-image-preview":"max-image-preview:large","max-video-preview":"max-video-preview:-1"},"canonical":"https:\/\/tourcruiser.com\/de\/products\/adidas-fear-of-god-athletics-x-ii-basketball-low-wonder-oxide\/","og_locale":"de_DE","og_type":"article","og_title":"Adidas Fear of God Athletics x II BASKETBALL Low 'Wonder Oxide' - Tourcruiser PTE. LTD","og_description":"adidas Fear of God Athletics II Basketball Low \u2014 Wonder Oxide\/Wonder Oxide\/Wonder Oxide","og_url":"https:\/\/tourcruiser.com\/de\/products\/adidas-fear-of-god-athletics-x-ii-basketball-low-wonder-oxide\/","og_site_name":"Tourcruiser Sneaker Store","article_modified_time":"2026-03-27T17:32:50+00:00","twitter_card":"summary_large_image","twitter_image":"https:\/\/images.novelship.com\/product\/adidas_fear_of_god_athletics_ii_basketball_low_won_0_1645.jpeg","twitter_misc":{"Gesch\u00e4tzte Lesezeit":"1\u00a0Minute"},"schema":{"@context":"https:\/\/schema.org","@graph":[{"@type":"WebPage","@id":"https:\/\/tourcruiser.com\/de\/products\/adidas-fear-of-god-athletics-x-ii-basketball-low-wonder-oxide\/","url":"https:\/\/tourcruiser.com\/de\/products\/adidas-fear-of-god-athletics-x-ii-basketball-low-wonder-oxide\/","name":"Adidas Fear of God Athletics x II BASKETBALL Low 'Wonder Oxide' - Tourcruiser PTE. LTD","isPartOf":{"@id":"https:\/\/tourcruiser.com\/de\/#website"},"primaryImageOfPage":{"@id":"https:\/\/tourcruiser.com\/de\/products\/adidas-fear-of-god-athletics-x-ii-basketball-low-wonder-oxide\/#primaryimage"},"image":{"@id":"https:\/\/tourcruiser.com\/de\/products\/adidas-fear-of-god-athletics-x-ii-basketball-low-wonder-oxide\/#primaryimage"},"thumbnailUrl":"https:\/\/images.novelship.com\/product\/adidas_fear_of_god_athletics_ii_basketball_low_won_0_1645.jpeg","datePublished":"2026-02-25T10:00:28+00:00","dateModified":"2026-03-27T17:32:50+00:00","breadcrumb":{"@id":"https:\/\/tourcruiser.com\/de\/products\/adidas-fear-of-god-athletics-x-ii-basketball-low-wonder-oxide\/#breadcrumb"},"inLanguage":"de","potentialAction":[{"@type":"ReadAction","target":["https:\/\/tourcruiser.com\/de\/products\/adidas-fear-of-god-athletics-x-ii-basketball-low-wonder-oxide\/"]}]},{"@type":"ImageObject","inLanguage":"de","@id":"https:\/\/tourcruiser.com\/de\/products\/adidas-fear-of-god-athletics-x-ii-basketball-low-wonder-oxide\/#primaryimage","url":"https:\/\/images.novelship.com\/product\/adidas_fear_of_god_athletics_ii_basketball_low_won_0_1645.jpeg","contentUrl":"https:\/\/images.novelship.com\/product\/adidas_fear_of_god_athletics_ii_basketball_low_won_0_1645.jpeg"},{"@type":"BreadcrumbList","@id":"https:\/\/tourcruiser.com\/de\/products\/adidas-fear-of-god-athletics-x-ii-basketball-low-wonder-oxide\/#breadcrumb","itemListElement":[{"@type":"ListItem","position":1,"name":"Home","item":"https:\/\/tourcruiser.com\/de\/"},{"@type":"ListItem","position":2,"name":"Shop","item":"https:\/\/tourcruiser.com\/de\/shop\/"},{"@type":"ListItem","position":3,"name":"Adidas Fear of God Athletics x II BASKETBALL Low 'Wonder Oxide'"}]},{"@type":"WebSite","@id":"https:\/\/tourcruiser.com\/de\/#website","url":"https:\/\/tourcruiser.com\/de\/","name":"Styloral Jewelry Shop","description":"Tourcruiser Sneaker Store \u2014 der Ort, an dem das Universum deine Einzigartigkeit trifft.","publisher":{"@id":"https:\/\/tourcruiser.com\/de\/#organization"},"potentialAction":[{"@type":"SearchAction","target":{"@type":"EntryPoint","urlTemplate":"https:\/\/tourcruiser.com\/de\/?s={search_term_string}"},"query-input":{"@type":"PropertyValueSpecification","valueRequired":true,"valueName":"search_term_string"}}],"inLanguage":"de"},{"@type":"Organization","@id":"https:\/\/tourcruiser.com\/de\/#organization","name":"STYLORAL PTE. LTD","url":"https:\/\/tourcruiser.com\/de\/","logo":{"@type":"ImageObject","inLanguage":"de","@id":"https:\/\/tourcruiser.com\/de\/#\/schema\/logo\/image\/","url":"https:\/\/www.tourcruiser.com\/wp-content\/uploads\/2025\/12\/logo.png","contentUrl":"https:\/\/www.tourcruiser.com\/wp-content\/uploads\/2025\/12\/logo.png","width":200,"height":65,"caption":"STYLORAL PTE. LTD"},"image":{"@id":"https:\/\/tourcruiser.com\/de\/#\/schema\/logo\/image\/"}}]}},"_links":{"self":[{"href":"https:\/\/tourcruiser.com\/de\/wp-json\/wp\/v2\/product\/18628","targetHints":{"allow":["GET"]}}],"collection":[{"href":"https:\/\/tourcruiser.com\/de\/wp-json\/wp\/v2\/product"}],"about":[{"href":"https:\/\/tourcruiser.com\/de\/wp-json\/wp\/v2\/types\/product"}],"replies":[{"embeddable":true,"href":"https:\/\/tourcruiser.com\/de\/wp-json\/wp\/v2\/comments?post=18628"}],"wp:featuredmedia":[{"embeddable":true,"href":"https:\/\/tourcruiser.com\/de\/wp-json\/wp\/v2\/media\/18629"}],"wp:attachment":[{"href":"https:\/\/tourcruiser.com\/de\/wp-json\/wp\/v2\/media?parent=18628"}],"wp:term":[{"taxonomy":"product_brand","embeddable":true,"href":"https:\/\/tourcruiser.com\/de\/wp-json\/wp\/v2\/product_brand?post=18628"},{"taxonomy":"product_cat","embeddable":true,"href":"https:\/\/tourcruiser.com\/de\/wp-json\/wp\/v2\/product_cat?post=18628"},{"taxonomy":"product_tag","embeddable":true,"href":"https:\/\/tourcruiser.com\/de\/wp-json\/wp\/v2\/product_tag?post=18628"}],"curies":[{"name":"wp","href":"https:\/\/api.w.org\/{rel}","templated":true}]}}