{"id":18501,"date":"2026-02-25T16:58:06","date_gmt":"2026-02-25T09:58:06","guid":{"rendered":"http:\/\/tourcruiser.com\/product\/adidas-dingyun-zhang-x-kouza-black-box"},"modified":"2026-03-28T00:30:08","modified_gmt":"2026-03-27T17:30:08","slug":"adidas-dingyun-zhang-x-kouza-black-box","status":"publish","type":"product","link":"https:\/\/tourcruiser.com\/de\/products\/adidas-dingyun-zhang-x-kouza-black-box\/","title":{"rendered":"Adidas Dingyun Zhang x Kouza &#8218;Black Box&#8216;"},"content":{"rendered":"<p>Der Dingyun Zhang x adidas Kouza &#8218;Black Box&#8216; IF9705 ist eine innovative Fusion aus avantgardistischer Mode und High-Performance-Schuhwerk \u2013 designt f\u00fcr Trendsetter mit einem Faible f\u00fcr innovativen Style. Diese exklusive Kollaboration zwischen dem vision\u00e4ren Designer Dingyun Zhang und adidas definiert moderne Streetwear mit ihrer markanten, skulpturalen Silhouette und futuristischen \u00c4sthetik neu. Die elegante schwarze Farbgebung wird durch raffinierte Details und hochwertige Materialien akzentuiert und sorgt f\u00fcr ein vielseitiges und zugleich ausdrucksstarkes Design.<\/p>\n<p>Dank der adidas Innovationskraft bietet der Kouza &#8218;Black Box&#8216; \u00fcberragende D\u00e4mpfung und Unterst\u00fctzung f\u00fcr unvergleichlichen Tragekomfort im Alltag und bei spontanen Abenteuern. Seine robuste Konstruktion garantiert Langlebigkeit, w\u00e4hrend ausdrucksstarke Konturen und Texturen f\u00fcr einen markanten Look sorgen. Perfekt f\u00fcr die Stadt oder alle, die aus der Masse herausstechen wollen: Dieser Sneaker vereint Funktionalit\u00e4t und zukunftsweisendes Design auf perfekte Weise.<\/p>\n<p>Jedes Paar steht f\u00fcr sorgf\u00e4ltige Handwerkskunst und innovative Modeprinzipien und ist somit ein Must-have f\u00fcr Sammler und Style-Enthusiasten. Ob zu l\u00e4ssigen Outfits oder als Blickfang in eleganten High-Fashion-Kreationen \u2013 der Dingyun Zhang x adidas Kouza \u201eBlack Box\u201c IF9705 zieht garantiert alle Blicke auf sich und erf\u00fcllt gleichzeitig die funktionalen Anforderungen des modernen, aktiven Lebensstils.<\/p>\n<p>Erleben Sie eine vision\u00e4re Verbindung von Kunst und Innovation mit diesem limitierten Statement-Piece, entwickelt f\u00fcr alle, die in Form und Funktion neue Wege gehen wollen.<\/p>\n<ul>\n<li><strong>Farbgebung:<\/strong> Schwarz-Black Box\/Schwarz-Black Box\/Schwarz-Black Box<\/li>\n<li><strong>Style-Code:<\/strong> IF9705<\/li>\n<li><strong>Obermaterial:<\/strong> Mesh<\/li>\n<li><strong>Zwischensohle:<\/strong> Lightstrike<\/li>\n<li><strong>Farbe:<\/strong> Schwarz<\/li>\n<li><strong>Erscheinungsjahr:<\/strong> 2024<\/li>\n<\/ul>\n","protected":false},"excerpt":{"rendered":"<p>adidas Dingyun Zhang Kouza \u2014 Black-Black Box\/Black-Black Box\/Black-Black Box<\/p>\n","protected":false},"featured_media":18502,"comment_status":"open","ping_status":"closed","template":"","meta":[],"product_brand":[],"product_cat":[9215],"product_tag":[9230],"class_list":{"0":"post-18501","1":"product","2":"type-product","3":"status-publish","4":"has-post-thumbnail","6":"product_cat-adidas-2026","7":"product_tag-9230","8":"wcpa_has_options","10":"first","11":"outofstock","12":"taxable","13":"shipping-taxable","14":"purchasable","15":"product-type-simple"},"wcpa_form_fields":{"rules":{"pric_overide_base_price":false,"pric_overide_base_price_if_gt_zero":false,"pric_overide_base_price_fully":false,"pric_cal_option_once":false,"pric_use_as_fee":false,"bind_quantity":false,"quantity_bind_formula":false},"fields":[{"type":"color-group","required":true,"elementId":"wcpa-color-group-66c4a7f817afe","label":"Gr\u00f6\u00dfe","inline":true,"priceOptions":"different_for_all","pricingType":"fixed","className":"hassizechart product-shoes-size-eu product-shoes-size","name":"color-group-66c4a7f817b18","disp_type":"square","selection_type":"tick-border","disp_size":"50","show_label_inside":true,"adjust_width":true,"cart_display_type":"text","other_text":"Other","cl_rule":"show","col":6,"values":[{"label":"35","value":"EU 35","price":"","pimage":"","pimage_id":"","pthumb":"","color":""},{"label":"35.5","value":"EU 35.5","price":"","pimage":"","pimage_id":"","pthumb":"","color":""},{"label":"36","value":"EU 36","price":"","pimage":"","pimage_id":"","pthumb":"","color":"","selected":true},{"label":"36 2\/3","value":"EU 36 2\/3","price":"","pimage":"","pimage_id":"","pthumb":"","color":""},{"label":"37 1\/3","value":"EU 37 1\/3","price":"","pimage":"","pimage_id":"","pthumb":"","color":""},{"label":"38","value":"EU 38","price":"","pimage":"","pimage_id":"","pthumb":"","color":""},{"label":"38 2\/3","value":"EU 38 2\/3","price":"","pimage":"","pimage_id":"","pthumb":"","color":""},{"label":"39 1\/3","value":"EU 39 1\/3","price":"","pimage":"","pimage_id":"","pthumb":"","color":""},{"label":"40","value":"EU 40","price":"","pimage":"","pimage_id":"","pthumb":"","color":""},{"label":"40 2\/3","value":"EU 40 2\/3","price":"","pimage":"","pimage_id":"","pthumb":"","color":""},{"label":"41 1\/3","value":"EU 41 1\/3","price":"","pimage":"","pimage_id":"","pthumb":"","color":""},{"label":"42","value":"EU 42","price":"","pimage":"","pimage_id":"","pthumb":"","color":""},{"label":"42 2\/3","value":"EU 42 2\/3","price":"","pimage":"","pimage_id":"","pthumb":"","color":""},{"label":"43 1\/3","value":"EU 43 1\/3","price":"","pimage":"","pimage_id":"","pthumb":"","color":""},{"label":"44","value":"EU 44","price":"","pimage":"","pimage_id":"","pthumb":"","color":""},{"label":"44 2\/3","value":"EU 44 2\/3","price":"","pimage":"","pimage_id":"","pthumb":"","color":""},{"label":"45 1\/3","value":"EU 45 1\/3","price":"","pimage":"","pimage_id":"","pthumb":"","color":""},{"label":"46","value":"EU 46","price":"","pimage":"","pimage_id":"","pthumb":"","color":""},{"label":"46 2\/3","value":"EU 46 2\/3","price":"","pimage":"","pimage_id":"","pthumb":"","color":""},{"label":"47 1\/3","value":"EU 47 1\/3","price":"","pimage":"","pimage_id":"","pthumb":"","color":""}],"relations":[{"operator":false,"rules":[]}],"form_id":24802,"form_rules":{"pric_cal_option_once":false,"exclude_from_discount":false,"pric_use_as_fee":false,"fee_label":"Fee","render_after_acb":false,"disp_hide_options_price":false}}]},"yoast_head":"<!-- This site is optimized with the Yoast SEO plugin v26.5 - https:\/\/yoast.com\/wordpress\/plugins\/seo\/ -->\n<title>Adidas Dingyun Zhang x Kouza &#039;Black Box&#039; - Tourcruiser PTE. LTD<\/title>\n<meta name=\"robots\" content=\"index, follow, max-snippet:-1, max-image-preview:large, max-video-preview:-1\" \/>\n<link rel=\"canonical\" href=\"https:\/\/tourcruiser.com\/de\/products\/adidas-dingyun-zhang-x-kouza-black-box\/\" \/>\n<meta property=\"og:locale\" content=\"de_DE\" \/>\n<meta property=\"og:type\" content=\"article\" \/>\n<meta property=\"og:title\" content=\"Adidas Dingyun Zhang x Kouza &#039;Black Box&#039; - Tourcruiser PTE. LTD\" \/>\n<meta property=\"og:description\" content=\"adidas Dingyun Zhang Kouza \u2014 Black-Black Box\/Black-Black Box\/Black-Black Box\" \/>\n<meta property=\"og:url\" content=\"https:\/\/tourcruiser.com\/de\/products\/adidas-dingyun-zhang-x-kouza-black-box\/\" \/>\n<meta property=\"og:site_name\" content=\"Tourcruiser Sneaker Store\" \/>\n<meta property=\"article:modified_time\" content=\"2026-03-27T17:30:08+00:00\" \/>\n<meta name=\"twitter:card\" content=\"summary_large_image\" \/>\n<meta name=\"twitter:image\" content=\"https:\/\/images.novelship.com\/product\/dingyun_zhang_x_adidas_kouza__black_box__if9705_0_62122.png\" \/>\n<meta name=\"twitter:label1\" content=\"Gesch\u00e4tzte Lesezeit\" \/>\n\t<meta name=\"twitter:data1\" content=\"1\u00a0Minute\" \/>\n<script type=\"application\/ld+json\" class=\"yoast-schema-graph\">{\"@context\":\"https:\/\/schema.org\",\"@graph\":[{\"@type\":\"WebPage\",\"@id\":\"https:\/\/tourcruiser.com\/de\/products\/adidas-dingyun-zhang-x-kouza-black-box\/\",\"url\":\"https:\/\/tourcruiser.com\/de\/products\/adidas-dingyun-zhang-x-kouza-black-box\/\",\"name\":\"Adidas Dingyun Zhang x Kouza 'Black Box' - Tourcruiser PTE. LTD\",\"isPartOf\":{\"@id\":\"https:\/\/tourcruiser.com\/de\/#website\"},\"primaryImageOfPage\":{\"@id\":\"https:\/\/tourcruiser.com\/de\/products\/adidas-dingyun-zhang-x-kouza-black-box\/#primaryimage\"},\"image\":{\"@id\":\"https:\/\/tourcruiser.com\/de\/products\/adidas-dingyun-zhang-x-kouza-black-box\/#primaryimage\"},\"thumbnailUrl\":\"https:\/\/images.novelship.com\/product\/dingyun_zhang_x_adidas_kouza__black_box__if9705_0_62122.png\",\"datePublished\":\"2026-02-25T09:58:06+00:00\",\"dateModified\":\"2026-03-27T17:30:08+00:00\",\"breadcrumb\":{\"@id\":\"https:\/\/tourcruiser.com\/de\/products\/adidas-dingyun-zhang-x-kouza-black-box\/#breadcrumb\"},\"inLanguage\":\"de\",\"potentialAction\":[{\"@type\":\"ReadAction\",\"target\":[\"https:\/\/tourcruiser.com\/de\/products\/adidas-dingyun-zhang-x-kouza-black-box\/\"]}]},{\"@type\":\"ImageObject\",\"inLanguage\":\"de\",\"@id\":\"https:\/\/tourcruiser.com\/de\/products\/adidas-dingyun-zhang-x-kouza-black-box\/#primaryimage\",\"url\":\"https:\/\/images.novelship.com\/product\/dingyun_zhang_x_adidas_kouza__black_box__if9705_0_62122.png\",\"contentUrl\":\"https:\/\/images.novelship.com\/product\/dingyun_zhang_x_adidas_kouza__black_box__if9705_0_62122.png\"},{\"@type\":\"BreadcrumbList\",\"@id\":\"https:\/\/tourcruiser.com\/de\/products\/adidas-dingyun-zhang-x-kouza-black-box\/#breadcrumb\",\"itemListElement\":[{\"@type\":\"ListItem\",\"position\":1,\"name\":\"Home\",\"item\":\"https:\/\/tourcruiser.com\/de\/\"},{\"@type\":\"ListItem\",\"position\":2,\"name\":\"Shop\",\"item\":\"https:\/\/tourcruiser.com\/de\/shop\/\"},{\"@type\":\"ListItem\",\"position\":3,\"name\":\"Adidas Dingyun Zhang x Kouza 'Black Box'\"}]},{\"@type\":\"WebSite\",\"@id\":\"https:\/\/tourcruiser.com\/de\/#website\",\"url\":\"https:\/\/tourcruiser.com\/de\/\",\"name\":\"Styloral Jewelry Shop\",\"description\":\"Tourcruiser Sneaker Store \u2014 der Ort, an dem das Universum deine Einzigartigkeit trifft.\",\"publisher\":{\"@id\":\"https:\/\/tourcruiser.com\/de\/#organization\"},\"potentialAction\":[{\"@type\":\"SearchAction\",\"target\":{\"@type\":\"EntryPoint\",\"urlTemplate\":\"https:\/\/tourcruiser.com\/de\/?s={search_term_string}\"},\"query-input\":{\"@type\":\"PropertyValueSpecification\",\"valueRequired\":true,\"valueName\":\"search_term_string\"}}],\"inLanguage\":\"de\"},{\"@type\":\"Organization\",\"@id\":\"https:\/\/tourcruiser.com\/de\/#organization\",\"name\":\"STYLORAL PTE. LTD\",\"url\":\"https:\/\/tourcruiser.com\/de\/\",\"logo\":{\"@type\":\"ImageObject\",\"inLanguage\":\"de\",\"@id\":\"https:\/\/tourcruiser.com\/de\/#\/schema\/logo\/image\/\",\"url\":\"https:\/\/www.tourcruiser.com\/wp-content\/uploads\/2025\/12\/logo.png\",\"contentUrl\":\"https:\/\/www.tourcruiser.com\/wp-content\/uploads\/2025\/12\/logo.png\",\"width\":200,\"height\":65,\"caption\":\"STYLORAL PTE. LTD\"},\"image\":{\"@id\":\"https:\/\/tourcruiser.com\/de\/#\/schema\/logo\/image\/\"}}]}<\/script>\n<!-- \/ Yoast SEO plugin. -->","yoast_head_json":{"title":"Adidas Dingyun Zhang x Kouza 'Black Box' - Tourcruiser PTE. LTD","robots":{"index":"index","follow":"follow","max-snippet":"max-snippet:-1","max-image-preview":"max-image-preview:large","max-video-preview":"max-video-preview:-1"},"canonical":"https:\/\/tourcruiser.com\/de\/products\/adidas-dingyun-zhang-x-kouza-black-box\/","og_locale":"de_DE","og_type":"article","og_title":"Adidas Dingyun Zhang x Kouza 'Black Box' - Tourcruiser PTE. LTD","og_description":"adidas Dingyun Zhang Kouza \u2014 Black-Black Box\/Black-Black Box\/Black-Black Box","og_url":"https:\/\/tourcruiser.com\/de\/products\/adidas-dingyun-zhang-x-kouza-black-box\/","og_site_name":"Tourcruiser Sneaker Store","article_modified_time":"2026-03-27T17:30:08+00:00","twitter_card":"summary_large_image","twitter_image":"https:\/\/images.novelship.com\/product\/dingyun_zhang_x_adidas_kouza__black_box__if9705_0_62122.png","twitter_misc":{"Gesch\u00e4tzte Lesezeit":"1\u00a0Minute"},"schema":{"@context":"https:\/\/schema.org","@graph":[{"@type":"WebPage","@id":"https:\/\/tourcruiser.com\/de\/products\/adidas-dingyun-zhang-x-kouza-black-box\/","url":"https:\/\/tourcruiser.com\/de\/products\/adidas-dingyun-zhang-x-kouza-black-box\/","name":"Adidas Dingyun Zhang x Kouza 'Black Box' - Tourcruiser PTE. LTD","isPartOf":{"@id":"https:\/\/tourcruiser.com\/de\/#website"},"primaryImageOfPage":{"@id":"https:\/\/tourcruiser.com\/de\/products\/adidas-dingyun-zhang-x-kouza-black-box\/#primaryimage"},"image":{"@id":"https:\/\/tourcruiser.com\/de\/products\/adidas-dingyun-zhang-x-kouza-black-box\/#primaryimage"},"thumbnailUrl":"https:\/\/images.novelship.com\/product\/dingyun_zhang_x_adidas_kouza__black_box__if9705_0_62122.png","datePublished":"2026-02-25T09:58:06+00:00","dateModified":"2026-03-27T17:30:08+00:00","breadcrumb":{"@id":"https:\/\/tourcruiser.com\/de\/products\/adidas-dingyun-zhang-x-kouza-black-box\/#breadcrumb"},"inLanguage":"de","potentialAction":[{"@type":"ReadAction","target":["https:\/\/tourcruiser.com\/de\/products\/adidas-dingyun-zhang-x-kouza-black-box\/"]}]},{"@type":"ImageObject","inLanguage":"de","@id":"https:\/\/tourcruiser.com\/de\/products\/adidas-dingyun-zhang-x-kouza-black-box\/#primaryimage","url":"https:\/\/images.novelship.com\/product\/dingyun_zhang_x_adidas_kouza__black_box__if9705_0_62122.png","contentUrl":"https:\/\/images.novelship.com\/product\/dingyun_zhang_x_adidas_kouza__black_box__if9705_0_62122.png"},{"@type":"BreadcrumbList","@id":"https:\/\/tourcruiser.com\/de\/products\/adidas-dingyun-zhang-x-kouza-black-box\/#breadcrumb","itemListElement":[{"@type":"ListItem","position":1,"name":"Home","item":"https:\/\/tourcruiser.com\/de\/"},{"@type":"ListItem","position":2,"name":"Shop","item":"https:\/\/tourcruiser.com\/de\/shop\/"},{"@type":"ListItem","position":3,"name":"Adidas Dingyun Zhang x Kouza 'Black Box'"}]},{"@type":"WebSite","@id":"https:\/\/tourcruiser.com\/de\/#website","url":"https:\/\/tourcruiser.com\/de\/","name":"Styloral Jewelry Shop","description":"Tourcruiser Sneaker Store \u2014 der Ort, an dem das Universum deine Einzigartigkeit trifft.","publisher":{"@id":"https:\/\/tourcruiser.com\/de\/#organization"},"potentialAction":[{"@type":"SearchAction","target":{"@type":"EntryPoint","urlTemplate":"https:\/\/tourcruiser.com\/de\/?s={search_term_string}"},"query-input":{"@type":"PropertyValueSpecification","valueRequired":true,"valueName":"search_term_string"}}],"inLanguage":"de"},{"@type":"Organization","@id":"https:\/\/tourcruiser.com\/de\/#organization","name":"STYLORAL PTE. LTD","url":"https:\/\/tourcruiser.com\/de\/","logo":{"@type":"ImageObject","inLanguage":"de","@id":"https:\/\/tourcruiser.com\/de\/#\/schema\/logo\/image\/","url":"https:\/\/www.tourcruiser.com\/wp-content\/uploads\/2025\/12\/logo.png","contentUrl":"https:\/\/www.tourcruiser.com\/wp-content\/uploads\/2025\/12\/logo.png","width":200,"height":65,"caption":"STYLORAL PTE. LTD"},"image":{"@id":"https:\/\/tourcruiser.com\/de\/#\/schema\/logo\/image\/"}}]}},"_links":{"self":[{"href":"https:\/\/tourcruiser.com\/de\/wp-json\/wp\/v2\/product\/18501","targetHints":{"allow":["GET"]}}],"collection":[{"href":"https:\/\/tourcruiser.com\/de\/wp-json\/wp\/v2\/product"}],"about":[{"href":"https:\/\/tourcruiser.com\/de\/wp-json\/wp\/v2\/types\/product"}],"replies":[{"embeddable":true,"href":"https:\/\/tourcruiser.com\/de\/wp-json\/wp\/v2\/comments?post=18501"}],"wp:featuredmedia":[{"embeddable":true,"href":"https:\/\/tourcruiser.com\/de\/wp-json\/wp\/v2\/media\/18502"}],"wp:attachment":[{"href":"https:\/\/tourcruiser.com\/de\/wp-json\/wp\/v2\/media?parent=18501"}],"wp:term":[{"taxonomy":"product_brand","embeddable":true,"href":"https:\/\/tourcruiser.com\/de\/wp-json\/wp\/v2\/product_brand?post=18501"},{"taxonomy":"product_cat","embeddable":true,"href":"https:\/\/tourcruiser.com\/de\/wp-json\/wp\/v2\/product_cat?post=18501"},{"taxonomy":"product_tag","embeddable":true,"href":"https:\/\/tourcruiser.com\/de\/wp-json\/wp\/v2\/product_tag?post=18501"}],"curies":[{"name":"wp","href":"https:\/\/api.w.org\/{rel}","templated":true}]}}