{"id":184187,"date":"2026-03-02T16:41:47","date_gmt":"2026-03-02T09:41:47","guid":{"rendered":"http:\/\/tourcruiser.com\/product\/women-nike-react-pegasus-trail-4-pearl-pink-wolf-grey"},"modified":"2026-03-28T01:51:13","modified_gmt":"2026-03-27T18:51:13","slug":"women-nike-react-pegasus-trail-4-pearl-pink-wolf-grey","status":"publish","type":"product","link":"https:\/\/tourcruiser.com\/de\/products\/women-nike-react-pegasus-trail-4-pearl-pink-wolf-grey\/","title":{"rendered":"(Women) Nike React Pegasus Trail 4 &#8218;Pearl Pink Wolf Grey&#8216;"},"content":{"rendered":"<p>Der Nike React Pegasus Trail 4 Pearl Pink Wolf Grey (WMNS) ist ein stylischer und vielseitiger Trailrunningschuh speziell f\u00fcr Damen. Mit seiner wundersch\u00f6nen Farbkombination aus Perlmuttrosa und Wolfsgrau ist er perfekt f\u00fcr jedes Outdoor-Abenteuer. Die Nike React-Technologie bietet reaktionsfreudige und ged\u00e4mpfte Unterst\u00fctzung, w\u00e4hrend die strapazierf\u00e4hige Gummiau\u00dfensohle f\u00fcr optimale Traktion auf unterschiedlichem Terrain sorgt. Egal ob auf anspruchsvollen Trails oder beim lockeren Joggen \u201d\u201c mit diesem Schuh bist du immer komfortabel und siehst dabei auch noch gut aus.<\/p>\n<p>Farbkombination: Perlmuttrosa\/Football Grey\/Baltic Blue\/Wolf Grey<\/p>\n<p>Artikelnummer: DJ6159-600<\/p>\n<p>Obermaterial: Mesh<\/p>\n<p>Zwischensohle: React<\/p>\n<p>Farbe: Wei\u00df<\/p>\n<p>Saison: Ganzj\u00e4hrig<\/p>\n<p>Saison: Ganzj\u00e4hrig<\/p>\n","protected":false},"excerpt":{"rendered":"<p>Nike React Pegasus Trail 4 \u201d\u201d Pearl Pink\/Football Grey\/Baltic Blue\/Wolf Grey<\/p>\n","protected":false},"featured_media":184188,"comment_status":"open","ping_status":"closed","template":"","meta":[],"product_brand":[],"product_cat":[10809],"product_tag":[10926,10801,10882,11230,11231,10839,10802,11006,10758,11116],"class_list":{"0":"post-184187","1":"product","2":"type-product","3":"status-publish","4":"has-post-thumbnail","6":"product_cat-nike-women","7":"product_tag-gift-for-her","8":"product_tag-nike","9":"product_tag-nike-running-shoes","10":"product_tag-nike-trail-running-shoes","11":"product_tag-oxstreet-shoes","12":"product_tag-performance-running-shoes","13":"product_tag-performance-sport-shoes","14":"product_tag-trail-running-shoes","15":"product_tag-under-retail","16":"product_tag-waterproof-hiking-shoes","17":"wcpa_has_options","19":"first","20":"outofstock","21":"taxable","22":"shipping-taxable","23":"purchasable","24":"product-type-simple"},"wcpa_form_fields":{"rules":{"pric_overide_base_price":false,"pric_overide_base_price_if_gt_zero":false,"pric_overide_base_price_fully":false,"pric_cal_option_once":false,"pric_use_as_fee":false,"bind_quantity":false,"quantity_bind_formula":false},"fields":[{"type":"color-group","required":true,"elementId":"wcpa-color-group-66c4a75505e74","label":"Gr\u00f6\u00dfe - EU Gr\u00f6\u00dfe","inline":true,"priceOptions":"different_for_all","pricingType":"fixed","className":"hassizechart product-shoes-size-eu product-shoes-size","name":"color-group-66c4a75505e89","disp_type":"square","selection_type":"tick-border","disp_size":"44","show_label_inside":true,"adjust_width":true,"cart_display_type":"text","other_text":"Other","cl_rule":"show","col":6,"values":[{"label":"35.5","value":"EU 35.5","price":"","pimage":"","pimage_id":"","pthumb":"","color":""},{"label":"36","value":"EU 36","price":"","pimage":"","pimage_id":"","pthumb":"","color":"","selected":true},{"label":"36.5","value":"EU 36.5","price":"","pimage":"","pimage_id":"","pthumb":"","color":""},{"label":"37.5","value":"EU 37.5","price":"","pimage":"","pimage_id":"","pthumb":"","color":""},{"label":"38","value":"EU 38","price":"","pimage":"","pimage_id":"","pthumb":"","color":""},{"label":"38.5","value":"EU 38.5","price":"","pimage":"","pimage_id":"","pthumb":"","color":""},{"label":"39","value":"EU 39","price":"","pimage":"","pimage_id":"","pthumb":"","color":""},{"label":"40","value":"EU 40","price":"","pimage":"","pimage_id":"","pthumb":"","color":""},{"label":"40.5","value":"EU 40.5","price":"","pimage":"","pimage_id":"","pthumb":"","color":""},{"label":"41","value":"EU 41","price":"","pimage":"","pimage_id":"","pthumb":"","color":""},{"label":"42","value":"EU 42","price":"","pimage":"","pimage_id":"","pthumb":"","color":""},{"label":"42.5","value":"EU 42.5","price":"","pimage":"","pimage_id":"","pthumb":"","color":""},{"label":"43","value":"EU 43","price":"","pimage":"","pimage_id":"","pthumb":"","color":""},{"label":"44","value":"EU 44","price":"","pimage":"","pimage_id":"","pthumb":"","color":""},{"label":"44.5","value":"EU 44.5","price":"","pimage":"","pimage_id":"","pthumb":"","color":""},{"label":"45","value":"EU 45","price":"","pimage":"","pimage_id":"","pthumb":"","color":""},{"label":"45.5","value":"EU 45.5","price":"","pimage":"","pimage_id":"","pthumb":"","color":""},{"label":"46","value":"EU 46","price":"","pimage":"","pimage_id":"","pthumb":"","color":""},{"label":"47","value":"EU 47","price":"","pimage":"","pimage_id":"","pthumb":"","color":""},{"label":"47.5","value":"EU 47.5","price":"","pimage":"","pimage_id":"","pthumb":"","color":""},{"label":"48","value":"EU 48","price":"","pimage":"","pimage_id":"","pthumb":"","color":""}],"relations":[{"operator":false,"rules":[]}],"form_id":18106,"form_rules":{"pric_cal_option_once":false,"exclude_from_discount":false,"pric_use_as_fee":false,"fee_label":"Fee","render_after_acb":false,"disp_hide_options_price":false}}]},"yoast_head":"<!-- This site is optimized with the Yoast SEO plugin v26.5 - https:\/\/yoast.com\/wordpress\/plugins\/seo\/ -->\n<title>(Women) Nike React Pegasus Trail 4 &#039;Pearl Pink Wolf Grey&#039;  - Tourcruiser PTE. LTD<\/title>\n<meta name=\"robots\" content=\"index, follow, max-snippet:-1, max-image-preview:large, max-video-preview:-1\" \/>\n<link rel=\"canonical\" href=\"https:\/\/tourcruiser.com\/de\/products\/women-nike-react-pegasus-trail-4-pearl-pink-wolf-grey\/\" \/>\n<meta property=\"og:locale\" content=\"de_DE\" \/>\n<meta property=\"og:type\" content=\"article\" \/>\n<meta property=\"og:title\" content=\"(Women) Nike React Pegasus Trail 4 &#039;Pearl Pink Wolf Grey&#039;  - Tourcruiser PTE. LTD\" \/>\n<meta property=\"og:description\" content=\"Nike React Pegasus Trail 4 \u201d\u201d Pearl Pink\/Football Grey\/Baltic Blue\/Wolf Grey\" \/>\n<meta property=\"og:url\" content=\"https:\/\/tourcruiser.com\/de\/products\/women-nike-react-pegasus-trail-4-pearl-pink-wolf-grey\/\" \/>\n<meta property=\"og:site_name\" content=\"Tourcruiser Sneaker Store\" \/>\n<meta property=\"article:modified_time\" content=\"2026-03-27T18:51:13+00:00\" \/>\n<meta name=\"twitter:card\" content=\"summary_large_image\" \/>\n<meta name=\"twitter:image\" content=\"https:\/\/images.novelship.com\/product\/_women__nike_react_pegasus_trail_4__pearl_pink_wol_0_49673.jpeg;https:\/\/images.novelship.com\/product\/_women__nike_react_pegasus_trail_4__pearl_pink_wol_1_49673.jpeg;https:\/\/images.novelship.com\/product\/_women__nike_react_pegasus_trail_4__pearl_pink_wol_2_49673.jpeg;https:\/\/images.novelship.com\/product\/_women__nike_react_pegasus_trail_4__pearl_pink_wol_3_49673.jpeg;https:\/\/images.novelship.com\/product\/_women__nike_react_pegasus_trail_4__pearl_pink_wol_4_49673.jpeg;https:\/\/images.novelship.com\/product\/_women__nike_react_pegasus_trail_4__pearl_pink_wol_5_49673.jpeg\" \/>\n<meta name=\"twitter:label1\" content=\"Gesch\u00e4tzte Lesezeit\" \/>\n\t<meta name=\"twitter:data1\" content=\"1\u00a0Minute\" \/>\n<script type=\"application\/ld+json\" class=\"yoast-schema-graph\">{\"@context\":\"https:\/\/schema.org\",\"@graph\":[{\"@type\":\"WebPage\",\"@id\":\"https:\/\/tourcruiser.com\/de\/products\/women-nike-react-pegasus-trail-4-pearl-pink-wolf-grey\/\",\"url\":\"https:\/\/tourcruiser.com\/de\/products\/women-nike-react-pegasus-trail-4-pearl-pink-wolf-grey\/\",\"name\":\"(Women) Nike React Pegasus Trail 4 'Pearl Pink Wolf Grey' - Tourcruiser PTE. LTD\",\"isPartOf\":{\"@id\":\"\/#website\"},\"primaryImageOfPage\":{\"@id\":\"https:\/\/tourcruiser.com\/de\/products\/women-nike-react-pegasus-trail-4-pearl-pink-wolf-grey\/#primaryimage\"},\"image\":{\"@id\":\"https:\/\/tourcruiser.com\/de\/products\/women-nike-react-pegasus-trail-4-pearl-pink-wolf-grey\/#primaryimage\"},\"thumbnailUrl\":\"https:\/\/images.novelship.com\/product\/_women__nike_react_pegasus_trail_4__pearl_pink_wol_0_49673.jpeg;https:\/\/images.novelship.com\/product\/_women__nike_react_pegasus_trail_4__pearl_pink_wol_1_49673.jpeg;https:\/\/images.novelship.com\/product\/_women__nike_react_pegasus_trail_4__pearl_pink_wol_2_49673.jpeg;https:\/\/images.novelship.com\/product\/_women__nike_react_pegasus_trail_4__pearl_pink_wol_3_49673.jpeg;https:\/\/images.novelship.com\/product\/_women__nike_react_pegasus_trail_4__pearl_pink_wol_4_49673.jpeg;https:\/\/images.novelship.com\/product\/_women__nike_react_pegasus_trail_4__pearl_pink_wol_5_49673.jpeg\",\"datePublished\":\"2026-03-02T09:41:47+00:00\",\"dateModified\":\"2026-03-27T18:51:13+00:00\",\"breadcrumb\":{\"@id\":\"https:\/\/tourcruiser.com\/de\/products\/women-nike-react-pegasus-trail-4-pearl-pink-wolf-grey\/#breadcrumb\"},\"inLanguage\":\"de\",\"potentialAction\":[{\"@type\":\"ReadAction\",\"target\":[\"https:\/\/tourcruiser.com\/de\/products\/women-nike-react-pegasus-trail-4-pearl-pink-wolf-grey\/\"]}]},{\"@type\":\"ImageObject\",\"inLanguage\":\"de\",\"@id\":\"https:\/\/tourcruiser.com\/de\/products\/women-nike-react-pegasus-trail-4-pearl-pink-wolf-grey\/#primaryimage\",\"url\":\"https:\/\/images.novelship.com\/product\/_women__nike_react_pegasus_trail_4__pearl_pink_wol_0_49673.jpeg;https:\/\/images.novelship.com\/product\/_women__nike_react_pegasus_trail_4__pearl_pink_wol_1_49673.jpeg;https:\/\/images.novelship.com\/product\/_women__nike_react_pegasus_trail_4__pearl_pink_wol_2_49673.jpeg;https:\/\/images.novelship.com\/product\/_women__nike_react_pegasus_trail_4__pearl_pink_wol_3_49673.jpeg;https:\/\/images.novelship.com\/product\/_women__nike_react_pegasus_trail_4__pearl_pink_wol_4_49673.jpeg;https:\/\/images.novelship.com\/product\/_women__nike_react_pegasus_trail_4__pearl_pink_wol_5_49673.jpeg\",\"contentUrl\":\"https:\/\/images.novelship.com\/product\/_women__nike_react_pegasus_trail_4__pearl_pink_wol_0_49673.jpeg;https:\/\/images.novelship.com\/product\/_women__nike_react_pegasus_trail_4__pearl_pink_wol_1_49673.jpeg;https:\/\/images.novelship.com\/product\/_women__nike_react_pegasus_trail_4__pearl_pink_wol_2_49673.jpeg;https:\/\/images.novelship.com\/product\/_women__nike_react_pegasus_trail_4__pearl_pink_wol_3_49673.jpeg;https:\/\/images.novelship.com\/product\/_women__nike_react_pegasus_trail_4__pearl_pink_wol_4_49673.jpeg;https:\/\/images.novelship.com\/product\/_women__nike_react_pegasus_trail_4__pearl_pink_wol_5_49673.jpeg\"},{\"@type\":\"BreadcrumbList\",\"@id\":\"https:\/\/tourcruiser.com\/de\/products\/women-nike-react-pegasus-trail-4-pearl-pink-wolf-grey\/#breadcrumb\",\"itemListElement\":[{\"@type\":\"ListItem\",\"position\":1,\"name\":\"Home\",\"item\":\"https:\/\/tourcruiser.com\/de\/\"},{\"@type\":\"ListItem\",\"position\":2,\"name\":\"Shop\",\"item\":\"https:\/\/tourcruiser.com\/de\/shop\/\"},{\"@type\":\"ListItem\",\"position\":3,\"name\":\"(Women) Nike React Pegasus Trail 4 &#8216;Pearl Pink Wolf Grey&#8217;\"}]},{\"@type\":\"WebSite\",\"@id\":\"\/#website\",\"url\":\"\/\",\"name\":\"Styloral Jewelry Shop\",\"description\":\"Tourcruiser Sneaker Store \u2014 der Ort, an dem das Universum deine Einzigartigkeit trifft.\",\"publisher\":{\"@id\":\"\/#organization\"},\"potentialAction\":[{\"@type\":\"SearchAction\",\"target\":{\"@type\":\"EntryPoint\",\"urlTemplate\":\"\/?s={search_term_string}\"},\"query-input\":{\"@type\":\"PropertyValueSpecification\",\"valueRequired\":true,\"valueName\":\"search_term_string\"}}],\"inLanguage\":\"de\"},{\"@type\":\"Organization\",\"@id\":\"\/#organization\",\"name\":\"STYLORAL PTE. LTD\",\"url\":\"\/\",\"logo\":{\"@type\":\"ImageObject\",\"inLanguage\":\"de\",\"@id\":\"\/#\/schema\/logo\/image\/\",\"url\":\"https:\/\/www.tourcruiser.com\/wp-content\/uploads\/2025\/12\/logo.png\",\"contentUrl\":\"https:\/\/www.tourcruiser.com\/wp-content\/uploads\/2025\/12\/logo.png\",\"width\":200,\"height\":65,\"caption\":\"STYLORAL PTE. LTD\"},\"image\":{\"@id\":\"\/#\/schema\/logo\/image\/\"}}]}<\/script>\n<!-- \/ Yoast SEO plugin. -->","yoast_head_json":{"title":"(Women) Nike React Pegasus Trail 4 'Pearl Pink Wolf Grey'  - Tourcruiser PTE. LTD","robots":{"index":"index","follow":"follow","max-snippet":"max-snippet:-1","max-image-preview":"max-image-preview:large","max-video-preview":"max-video-preview:-1"},"canonical":"https:\/\/tourcruiser.com\/de\/products\/women-nike-react-pegasus-trail-4-pearl-pink-wolf-grey\/","og_locale":"de_DE","og_type":"article","og_title":"(Women) Nike React Pegasus Trail 4 'Pearl Pink Wolf Grey'  - Tourcruiser PTE. LTD","og_description":"Nike React Pegasus Trail 4 \u201d\u201d Pearl Pink\/Football Grey\/Baltic Blue\/Wolf Grey","og_url":"https:\/\/tourcruiser.com\/de\/products\/women-nike-react-pegasus-trail-4-pearl-pink-wolf-grey\/","og_site_name":"Tourcruiser Sneaker Store","article_modified_time":"2026-03-27T18:51:13+00:00","twitter_card":"summary_large_image","twitter_image":"https:\/\/images.novelship.com\/product\/_women__nike_react_pegasus_trail_4__pearl_pink_wol_0_49673.jpeg;https:\/\/images.novelship.com\/product\/_women__nike_react_pegasus_trail_4__pearl_pink_wol_1_49673.jpeg;https:\/\/images.novelship.com\/product\/_women__nike_react_pegasus_trail_4__pearl_pink_wol_2_49673.jpeg;https:\/\/images.novelship.com\/product\/_women__nike_react_pegasus_trail_4__pearl_pink_wol_3_49673.jpeg;https:\/\/images.novelship.com\/product\/_women__nike_react_pegasus_trail_4__pearl_pink_wol_4_49673.jpeg;https:\/\/images.novelship.com\/product\/_women__nike_react_pegasus_trail_4__pearl_pink_wol_5_49673.jpeg","twitter_misc":{"Gesch\u00e4tzte Lesezeit":"1\u00a0Minute"},"schema":{"@context":"https:\/\/schema.org","@graph":[{"@type":"WebPage","@id":"https:\/\/tourcruiser.com\/de\/products\/women-nike-react-pegasus-trail-4-pearl-pink-wolf-grey\/","url":"https:\/\/tourcruiser.com\/de\/products\/women-nike-react-pegasus-trail-4-pearl-pink-wolf-grey\/","name":"(Women) Nike React Pegasus Trail 4 'Pearl Pink Wolf Grey' - Tourcruiser PTE. LTD","isPartOf":{"@id":"\/#website"},"primaryImageOfPage":{"@id":"https:\/\/tourcruiser.com\/de\/products\/women-nike-react-pegasus-trail-4-pearl-pink-wolf-grey\/#primaryimage"},"image":{"@id":"https:\/\/tourcruiser.com\/de\/products\/women-nike-react-pegasus-trail-4-pearl-pink-wolf-grey\/#primaryimage"},"thumbnailUrl":"https:\/\/images.novelship.com\/product\/_women__nike_react_pegasus_trail_4__pearl_pink_wol_0_49673.jpeg;https:\/\/images.novelship.com\/product\/_women__nike_react_pegasus_trail_4__pearl_pink_wol_1_49673.jpeg;https:\/\/images.novelship.com\/product\/_women__nike_react_pegasus_trail_4__pearl_pink_wol_2_49673.jpeg;https:\/\/images.novelship.com\/product\/_women__nike_react_pegasus_trail_4__pearl_pink_wol_3_49673.jpeg;https:\/\/images.novelship.com\/product\/_women__nike_react_pegasus_trail_4__pearl_pink_wol_4_49673.jpeg;https:\/\/images.novelship.com\/product\/_women__nike_react_pegasus_trail_4__pearl_pink_wol_5_49673.jpeg","datePublished":"2026-03-02T09:41:47+00:00","dateModified":"2026-03-27T18:51:13+00:00","breadcrumb":{"@id":"https:\/\/tourcruiser.com\/de\/products\/women-nike-react-pegasus-trail-4-pearl-pink-wolf-grey\/#breadcrumb"},"inLanguage":"de","potentialAction":[{"@type":"ReadAction","target":["https:\/\/tourcruiser.com\/de\/products\/women-nike-react-pegasus-trail-4-pearl-pink-wolf-grey\/"]}]},{"@type":"ImageObject","inLanguage":"de","@id":"https:\/\/tourcruiser.com\/de\/products\/women-nike-react-pegasus-trail-4-pearl-pink-wolf-grey\/#primaryimage","url":"https:\/\/images.novelship.com\/product\/_women__nike_react_pegasus_trail_4__pearl_pink_wol_0_49673.jpeg;https:\/\/images.novelship.com\/product\/_women__nike_react_pegasus_trail_4__pearl_pink_wol_1_49673.jpeg;https:\/\/images.novelship.com\/product\/_women__nike_react_pegasus_trail_4__pearl_pink_wol_2_49673.jpeg;https:\/\/images.novelship.com\/product\/_women__nike_react_pegasus_trail_4__pearl_pink_wol_3_49673.jpeg;https:\/\/images.novelship.com\/product\/_women__nike_react_pegasus_trail_4__pearl_pink_wol_4_49673.jpeg;https:\/\/images.novelship.com\/product\/_women__nike_react_pegasus_trail_4__pearl_pink_wol_5_49673.jpeg","contentUrl":"https:\/\/images.novelship.com\/product\/_women__nike_react_pegasus_trail_4__pearl_pink_wol_0_49673.jpeg;https:\/\/images.novelship.com\/product\/_women__nike_react_pegasus_trail_4__pearl_pink_wol_1_49673.jpeg;https:\/\/images.novelship.com\/product\/_women__nike_react_pegasus_trail_4__pearl_pink_wol_2_49673.jpeg;https:\/\/images.novelship.com\/product\/_women__nike_react_pegasus_trail_4__pearl_pink_wol_3_49673.jpeg;https:\/\/images.novelship.com\/product\/_women__nike_react_pegasus_trail_4__pearl_pink_wol_4_49673.jpeg;https:\/\/images.novelship.com\/product\/_women__nike_react_pegasus_trail_4__pearl_pink_wol_5_49673.jpeg"},{"@type":"BreadcrumbList","@id":"https:\/\/tourcruiser.com\/de\/products\/women-nike-react-pegasus-trail-4-pearl-pink-wolf-grey\/#breadcrumb","itemListElement":[{"@type":"ListItem","position":1,"name":"Home","item":"https:\/\/tourcruiser.com\/de\/"},{"@type":"ListItem","position":2,"name":"Shop","item":"https:\/\/tourcruiser.com\/de\/shop\/"},{"@type":"ListItem","position":3,"name":"(Women) Nike React Pegasus Trail 4 &#8216;Pearl Pink Wolf Grey&#8217;"}]},{"@type":"WebSite","@id":"\/#website","url":"\/","name":"Styloral Jewelry Shop","description":"Tourcruiser Sneaker Store \u2014 der Ort, an dem das Universum deine Einzigartigkeit trifft.","publisher":{"@id":"\/#organization"},"potentialAction":[{"@type":"SearchAction","target":{"@type":"EntryPoint","urlTemplate":"\/?s={search_term_string}"},"query-input":{"@type":"PropertyValueSpecification","valueRequired":true,"valueName":"search_term_string"}}],"inLanguage":"de"},{"@type":"Organization","@id":"\/#organization","name":"STYLORAL PTE. LTD","url":"\/","logo":{"@type":"ImageObject","inLanguage":"de","@id":"\/#\/schema\/logo\/image\/","url":"https:\/\/www.tourcruiser.com\/wp-content\/uploads\/2025\/12\/logo.png","contentUrl":"https:\/\/www.tourcruiser.com\/wp-content\/uploads\/2025\/12\/logo.png","width":200,"height":65,"caption":"STYLORAL PTE. LTD"},"image":{"@id":"\/#\/schema\/logo\/image\/"}}]}},"_links":{"self":[{"href":"https:\/\/tourcruiser.com\/de\/wp-json\/wp\/v2\/product\/184187","targetHints":{"allow":["GET"]}}],"collection":[{"href":"https:\/\/tourcruiser.com\/de\/wp-json\/wp\/v2\/product"}],"about":[{"href":"https:\/\/tourcruiser.com\/de\/wp-json\/wp\/v2\/types\/product"}],"replies":[{"embeddable":true,"href":"https:\/\/tourcruiser.com\/de\/wp-json\/wp\/v2\/comments?post=184187"}],"wp:featuredmedia":[{"embeddable":true,"href":"https:\/\/tourcruiser.com\/de\/wp-json\/wp\/v2\/media\/184188"}],"wp:attachment":[{"href":"https:\/\/tourcruiser.com\/de\/wp-json\/wp\/v2\/media?parent=184187"}],"wp:term":[{"taxonomy":"product_brand","embeddable":true,"href":"https:\/\/tourcruiser.com\/de\/wp-json\/wp\/v2\/product_brand?post=184187"},{"taxonomy":"product_cat","embeddable":true,"href":"https:\/\/tourcruiser.com\/de\/wp-json\/wp\/v2\/product_cat?post=184187"},{"taxonomy":"product_tag","embeddable":true,"href":"https:\/\/tourcruiser.com\/de\/wp-json\/wp\/v2\/product_tag?post=184187"}],"curies":[{"name":"wp","href":"https:\/\/api.w.org\/{rel}","templated":true}]}}