{"id":183862,"date":"2026-03-02T16:41:11","date_gmt":"2026-03-02T09:41:11","guid":{"rendered":"http:\/\/tourcruiser.com\/product\/new-balance-1500-made-in-england-navy-grey"},"modified":"2026-03-28T01:54:10","modified_gmt":"2026-03-27T18:54:10","slug":"new-balance-1500-made-in-england-navy-grey","status":"publish","type":"product","link":"https:\/\/tourcruiser.com\/de\/products\/new-balance-1500-made-in-england-navy-grey\/","title":{"rendered":"New Balance 1500 Made In England &#8218;Navy Grey&#8216;"},"content":{"rendered":"<p>Wir pr\u00e4sentieren den New Balance 1500 Made in England \u201eNavy Grey\u201c U1500PNV, einen klassischen Sneaker aus hochwertigen Materialien und mit exzellenter Verarbeitung. Die ikonische Silhouette besticht durch ein geschmeidiges Obermaterial aus Schweinslederveloursleder und Nylon-Mesh in edlen Marine- und Graut\u00f6nen. Die ENCAP-D\u00e4mpfungstechnologie sorgt f\u00fcr au\u00dfergew\u00f6hnlichen Komfort und Halt, w\u00e4hrend das klassische \u201eN\u201c-Logo zeitlosen Stil verleiht. Der in England nach h\u00f6chsten Qualit\u00e4tsstandards gefertigte 1500 U1500PNV ist ein absolutes Muss f\u00fcr Sneaker-Fans und Sammler.<\/p>\n<ul>\n<li><strong>Farbgebung:<\/strong> Marineblau\/Grau<\/li>\n<li><strong>Style-Code:<\/strong> U1500PNV<\/li>\n<li><strong>Obermaterial:<\/strong> Wildleder<\/li>\n<li><strong>Zwischensohle:<\/strong> ENCAP<\/li>\n<li><strong>Farbe:<\/strong> Schwarz<\/li>\n<li><strong>Erscheinungsjahr:<\/strong> 2024<\/li>\n<\/ul>\n","protected":false},"excerpt":{"rendered":"<p>New Balance 1500 \u201d\u201d Navy\/Grey<\/p>\n","protected":false},"featured_media":183863,"comment_status":"open","ping_status":"closed","template":"","meta":[],"product_brand":[],"product_cat":[10771],"product_tag":[10750,10753,10754,10765,10766,10768,10758],"class_list":{"0":"post-183862","1":"product","2":"type-product","3":"status-publish","4":"has-post-thumbnail","6":"product_cat-new-balance","7":"product_tag-athleisure-shoes","8":"product_tag-gift-for-him","9":"product_tag-lifestyle-casual-shoes","10":"product_tag-lifestyle-shoes-running-inspired","11":"product_tag-new-balance","12":"product_tag-retro-running-shoes","13":"product_tag-under-retail","14":"wcpa_has_options","16":"first","17":"outofstock","18":"sale","19":"taxable","20":"shipping-taxable","21":"purchasable","22":"product-type-simple"},"wcpa_form_fields":{"rules":{"pric_overide_base_price":false,"pric_overide_base_price_if_gt_zero":false,"pric_overide_base_price_fully":false,"pric_cal_option_once":false,"pric_use_as_fee":false,"bind_quantity":false,"quantity_bind_formula":false},"fields":[{"type":"color-group","required":true,"elementId":"wcpa-color-group-66c4a928225d2","label":"Gr\u00f6\u00dfe","inline":true,"priceOptions":"different_for_all","pricingType":"fixed","className":"hassizechart product-shoes-size-eu product-shoes-size","name":"color-group-66c4a928225e2","disp_type":"square","selection_type":"tick-border","disp_size":"50","show_label_inside":true,"adjust_width":true,"cart_display_type":"text","other_text":"Other","cl_rule":"show","col":6,"values":[{"label":"35","value":"EU 35","price":"","pimage":"","pimage_id":"","pthumb":"","color":""},{"label":"36","value":"EU 36","price":"","pimage":"","pimage_id":"","pthumb":"","color":"","selected":true},{"label":"37","value":"EU 37","price":"","pimage":"","pimage_id":"","pthumb":"","color":""},{"label":"37.5","value":"EU 37.5","price":"","pimage":"","pimage_id":"","pthumb":"","color":""},{"label":"38","value":"EU 38","price":"","pimage":"","pimage_id":"","pthumb":"","color":""},{"label":"38.5","value":"EU 38.5","price":"","pimage":"","pimage_id":"","pthumb":"","color":""},{"label":"39","value":"EU 39","price":"","pimage":"","pimage_id":"","pthumb":"","color":""},{"label":"39.5","value":"EU 39.5","price":"","pimage":"","pimage_id":"","pthumb":"","color":""},{"label":"40","value":"EU 40","price":"","pimage":"","pimage_id":"","pthumb":"","color":""},{"label":"40.5","value":"EU 40.5","price":"","pimage":"","pimage_id":"","pthumb":"","color":""},{"label":" 41.5","value":"EU 41.5","price":"","pimage":"","pimage_id":"","pthumb":"","color":""},{"label":"42","value":"EU 42","price":"","pimage":"","pimage_id":"","pthumb":"","color":""},{"label":"42.5","value":"EU 42.5","price":"","pimage":"","pimage_id":"","pthumb":"","color":""},{"label":"43","value":"EU 43","price":"","pimage":"","pimage_id":"","pthumb":"","color":""},{"label":"44","value":"EU 44","price":"","pimage":"","pimage_id":"","pthumb":"","color":""},{"label":"44.5","value":"EU 44.5","price":"","pimage":"","pimage_id":"","pthumb":"","color":""},{"label":"45","value":"EU 45","price":"","pimage":"","pimage_id":"","pthumb":"","color":""},{"label":"45.5","value":"EU 45.5","price":"","pimage":"","pimage_id":"","pthumb":"","color":""},{"label":"46","value":"EU 46","price":"","pimage":"","pimage_id":"","pthumb":"","color":""}],"relations":[{"operator":false,"rules":[]}],"form_id":24803,"form_rules":{"pric_cal_option_once":false,"exclude_from_discount":false,"pric_use_as_fee":false,"fee_label":"Fee","render_after_acb":false,"disp_hide_options_price":false}}]},"yoast_head":"<!-- This site is optimized with the Yoast SEO plugin v26.5 - https:\/\/yoast.com\/wordpress\/plugins\/seo\/ -->\n<title>New Balance 1500 Made In England &#039;Navy Grey&#039;  - Tourcruiser PTE. LTD<\/title>\n<meta name=\"robots\" content=\"index, follow, max-snippet:-1, max-image-preview:large, max-video-preview:-1\" \/>\n<link rel=\"canonical\" href=\"https:\/\/tourcruiser.com\/de\/products\/new-balance-1500-made-in-england-navy-grey\/\" \/>\n<meta property=\"og:locale\" content=\"de_DE\" \/>\n<meta property=\"og:type\" content=\"article\" \/>\n<meta property=\"og:title\" content=\"New Balance 1500 Made In England &#039;Navy Grey&#039;  - Tourcruiser PTE. LTD\" \/>\n<meta property=\"og:description\" content=\"New Balance 1500 \u201d\u201d Navy\/Grey\" \/>\n<meta property=\"og:url\" content=\"https:\/\/tourcruiser.com\/de\/products\/new-balance-1500-made-in-england-navy-grey\/\" \/>\n<meta property=\"og:site_name\" content=\"Tourcruiser Sneaker Store\" \/>\n<meta property=\"article:modified_time\" content=\"2026-03-27T18:54:10+00:00\" \/>\n<meta name=\"twitter:card\" content=\"summary_large_image\" \/>\n<meta name=\"twitter:image\" content=\"https:\/\/images.novelship.com\/product\/new_balance_1500_made_in_england__navy_grey__u1500_0_4102.jpeg;https:\/\/images.novelship.com\/product\/new_balance_1500_made_in_england__navy_grey__u1500_1_4102.jpeg;https:\/\/images.novelship.com\/product\/new_balance_1500_made_in_england__navy_grey__u1500_2_4102.jpeg;https:\/\/images.novelship.com\/product\/new_balance_1500_made_in_england__navy_grey__u1500_3_4102.jpeg\" \/>\n<script type=\"application\/ld+json\" class=\"yoast-schema-graph\">{\"@context\":\"https:\/\/schema.org\",\"@graph\":[{\"@type\":\"WebPage\",\"@id\":\"https:\/\/tourcruiser.com\/de\/products\/new-balance-1500-made-in-england-navy-grey\/\",\"url\":\"https:\/\/tourcruiser.com\/de\/products\/new-balance-1500-made-in-england-navy-grey\/\",\"name\":\"New Balance 1500 Made In England 'Navy Grey' - Tourcruiser PTE. LTD\",\"isPartOf\":{\"@id\":\"\/#website\"},\"primaryImageOfPage\":{\"@id\":\"https:\/\/tourcruiser.com\/de\/products\/new-balance-1500-made-in-england-navy-grey\/#primaryimage\"},\"image\":{\"@id\":\"https:\/\/tourcruiser.com\/de\/products\/new-balance-1500-made-in-england-navy-grey\/#primaryimage\"},\"thumbnailUrl\":\"https:\/\/images.novelship.com\/product\/new_balance_1500_made_in_england__navy_grey__u1500_0_4102.jpeg;https:\/\/images.novelship.com\/product\/new_balance_1500_made_in_england__navy_grey__u1500_1_4102.jpeg;https:\/\/images.novelship.com\/product\/new_balance_1500_made_in_england__navy_grey__u1500_2_4102.jpeg;https:\/\/images.novelship.com\/product\/new_balance_1500_made_in_england__navy_grey__u1500_3_4102.jpeg\",\"datePublished\":\"2026-03-02T09:41:11+00:00\",\"dateModified\":\"2026-03-27T18:54:10+00:00\",\"breadcrumb\":{\"@id\":\"https:\/\/tourcruiser.com\/de\/products\/new-balance-1500-made-in-england-navy-grey\/#breadcrumb\"},\"inLanguage\":\"de\",\"potentialAction\":[{\"@type\":\"ReadAction\",\"target\":[\"https:\/\/tourcruiser.com\/de\/products\/new-balance-1500-made-in-england-navy-grey\/\"]}]},{\"@type\":\"ImageObject\",\"inLanguage\":\"de\",\"@id\":\"https:\/\/tourcruiser.com\/de\/products\/new-balance-1500-made-in-england-navy-grey\/#primaryimage\",\"url\":\"https:\/\/images.novelship.com\/product\/new_balance_1500_made_in_england__navy_grey__u1500_0_4102.jpeg;https:\/\/images.novelship.com\/product\/new_balance_1500_made_in_england__navy_grey__u1500_1_4102.jpeg;https:\/\/images.novelship.com\/product\/new_balance_1500_made_in_england__navy_grey__u1500_2_4102.jpeg;https:\/\/images.novelship.com\/product\/new_balance_1500_made_in_england__navy_grey__u1500_3_4102.jpeg\",\"contentUrl\":\"https:\/\/images.novelship.com\/product\/new_balance_1500_made_in_england__navy_grey__u1500_0_4102.jpeg;https:\/\/images.novelship.com\/product\/new_balance_1500_made_in_england__navy_grey__u1500_1_4102.jpeg;https:\/\/images.novelship.com\/product\/new_balance_1500_made_in_england__navy_grey__u1500_2_4102.jpeg;https:\/\/images.novelship.com\/product\/new_balance_1500_made_in_england__navy_grey__u1500_3_4102.jpeg\"},{\"@type\":\"BreadcrumbList\",\"@id\":\"https:\/\/tourcruiser.com\/de\/products\/new-balance-1500-made-in-england-navy-grey\/#breadcrumb\",\"itemListElement\":[{\"@type\":\"ListItem\",\"position\":1,\"name\":\"Home\",\"item\":\"https:\/\/tourcruiser.com\/de\/\"},{\"@type\":\"ListItem\",\"position\":2,\"name\":\"Shop\",\"item\":\"https:\/\/tourcruiser.com\/de\/shop\/\"},{\"@type\":\"ListItem\",\"position\":3,\"name\":\"New Balance 1500 Made In England 'Navy Grey'\"}]},{\"@type\":\"WebSite\",\"@id\":\"\/#website\",\"url\":\"\/\",\"name\":\"Styloral Jewelry Shop\",\"description\":\"Tourcruiser Sneaker Store \u2014 der Ort, an dem das Universum deine Einzigartigkeit trifft.\",\"publisher\":{\"@id\":\"\/#organization\"},\"potentialAction\":[{\"@type\":\"SearchAction\",\"target\":{\"@type\":\"EntryPoint\",\"urlTemplate\":\"\/?s={search_term_string}\"},\"query-input\":{\"@type\":\"PropertyValueSpecification\",\"valueRequired\":true,\"valueName\":\"search_term_string\"}}],\"inLanguage\":\"de\"},{\"@type\":\"Organization\",\"@id\":\"\/#organization\",\"name\":\"STYLORAL PTE. LTD\",\"url\":\"\/\",\"logo\":{\"@type\":\"ImageObject\",\"inLanguage\":\"de\",\"@id\":\"\/#\/schema\/logo\/image\/\",\"url\":\"https:\/\/www.tourcruiser.com\/wp-content\/uploads\/2025\/12\/logo.png\",\"contentUrl\":\"https:\/\/www.tourcruiser.com\/wp-content\/uploads\/2025\/12\/logo.png\",\"width\":200,\"height\":65,\"caption\":\"STYLORAL PTE. LTD\"},\"image\":{\"@id\":\"\/#\/schema\/logo\/image\/\"}}]}<\/script>\n<!-- \/ Yoast SEO plugin. -->","yoast_head_json":{"title":"New Balance 1500 Made In England 'Navy Grey'  - Tourcruiser PTE. LTD","robots":{"index":"index","follow":"follow","max-snippet":"max-snippet:-1","max-image-preview":"max-image-preview:large","max-video-preview":"max-video-preview:-1"},"canonical":"https:\/\/tourcruiser.com\/de\/products\/new-balance-1500-made-in-england-navy-grey\/","og_locale":"de_DE","og_type":"article","og_title":"New Balance 1500 Made In England 'Navy Grey'  - Tourcruiser PTE. LTD","og_description":"New Balance 1500 \u201d\u201d Navy\/Grey","og_url":"https:\/\/tourcruiser.com\/de\/products\/new-balance-1500-made-in-england-navy-grey\/","og_site_name":"Tourcruiser Sneaker Store","article_modified_time":"2026-03-27T18:54:10+00:00","twitter_card":"summary_large_image","twitter_image":"https:\/\/images.novelship.com\/product\/new_balance_1500_made_in_england__navy_grey__u1500_0_4102.jpeg;https:\/\/images.novelship.com\/product\/new_balance_1500_made_in_england__navy_grey__u1500_1_4102.jpeg;https:\/\/images.novelship.com\/product\/new_balance_1500_made_in_england__navy_grey__u1500_2_4102.jpeg;https:\/\/images.novelship.com\/product\/new_balance_1500_made_in_england__navy_grey__u1500_3_4102.jpeg","schema":{"@context":"https:\/\/schema.org","@graph":[{"@type":"WebPage","@id":"https:\/\/tourcruiser.com\/de\/products\/new-balance-1500-made-in-england-navy-grey\/","url":"https:\/\/tourcruiser.com\/de\/products\/new-balance-1500-made-in-england-navy-grey\/","name":"New Balance 1500 Made In England 'Navy Grey' - Tourcruiser PTE. LTD","isPartOf":{"@id":"\/#website"},"primaryImageOfPage":{"@id":"https:\/\/tourcruiser.com\/de\/products\/new-balance-1500-made-in-england-navy-grey\/#primaryimage"},"image":{"@id":"https:\/\/tourcruiser.com\/de\/products\/new-balance-1500-made-in-england-navy-grey\/#primaryimage"},"thumbnailUrl":"https:\/\/images.novelship.com\/product\/new_balance_1500_made_in_england__navy_grey__u1500_0_4102.jpeg;https:\/\/images.novelship.com\/product\/new_balance_1500_made_in_england__navy_grey__u1500_1_4102.jpeg;https:\/\/images.novelship.com\/product\/new_balance_1500_made_in_england__navy_grey__u1500_2_4102.jpeg;https:\/\/images.novelship.com\/product\/new_balance_1500_made_in_england__navy_grey__u1500_3_4102.jpeg","datePublished":"2026-03-02T09:41:11+00:00","dateModified":"2026-03-27T18:54:10+00:00","breadcrumb":{"@id":"https:\/\/tourcruiser.com\/de\/products\/new-balance-1500-made-in-england-navy-grey\/#breadcrumb"},"inLanguage":"de","potentialAction":[{"@type":"ReadAction","target":["https:\/\/tourcruiser.com\/de\/products\/new-balance-1500-made-in-england-navy-grey\/"]}]},{"@type":"ImageObject","inLanguage":"de","@id":"https:\/\/tourcruiser.com\/de\/products\/new-balance-1500-made-in-england-navy-grey\/#primaryimage","url":"https:\/\/images.novelship.com\/product\/new_balance_1500_made_in_england__navy_grey__u1500_0_4102.jpeg;https:\/\/images.novelship.com\/product\/new_balance_1500_made_in_england__navy_grey__u1500_1_4102.jpeg;https:\/\/images.novelship.com\/product\/new_balance_1500_made_in_england__navy_grey__u1500_2_4102.jpeg;https:\/\/images.novelship.com\/product\/new_balance_1500_made_in_england__navy_grey__u1500_3_4102.jpeg","contentUrl":"https:\/\/images.novelship.com\/product\/new_balance_1500_made_in_england__navy_grey__u1500_0_4102.jpeg;https:\/\/images.novelship.com\/product\/new_balance_1500_made_in_england__navy_grey__u1500_1_4102.jpeg;https:\/\/images.novelship.com\/product\/new_balance_1500_made_in_england__navy_grey__u1500_2_4102.jpeg;https:\/\/images.novelship.com\/product\/new_balance_1500_made_in_england__navy_grey__u1500_3_4102.jpeg"},{"@type":"BreadcrumbList","@id":"https:\/\/tourcruiser.com\/de\/products\/new-balance-1500-made-in-england-navy-grey\/#breadcrumb","itemListElement":[{"@type":"ListItem","position":1,"name":"Home","item":"https:\/\/tourcruiser.com\/de\/"},{"@type":"ListItem","position":2,"name":"Shop","item":"https:\/\/tourcruiser.com\/de\/shop\/"},{"@type":"ListItem","position":3,"name":"New Balance 1500 Made In England 'Navy Grey'"}]},{"@type":"WebSite","@id":"\/#website","url":"\/","name":"Styloral Jewelry Shop","description":"Tourcruiser Sneaker Store \u2014 der Ort, an dem das Universum deine Einzigartigkeit trifft.","publisher":{"@id":"\/#organization"},"potentialAction":[{"@type":"SearchAction","target":{"@type":"EntryPoint","urlTemplate":"\/?s={search_term_string}"},"query-input":{"@type":"PropertyValueSpecification","valueRequired":true,"valueName":"search_term_string"}}],"inLanguage":"de"},{"@type":"Organization","@id":"\/#organization","name":"STYLORAL PTE. LTD","url":"\/","logo":{"@type":"ImageObject","inLanguage":"de","@id":"\/#\/schema\/logo\/image\/","url":"https:\/\/www.tourcruiser.com\/wp-content\/uploads\/2025\/12\/logo.png","contentUrl":"https:\/\/www.tourcruiser.com\/wp-content\/uploads\/2025\/12\/logo.png","width":200,"height":65,"caption":"STYLORAL PTE. LTD"},"image":{"@id":"\/#\/schema\/logo\/image\/"}}]}},"_links":{"self":[{"href":"https:\/\/tourcruiser.com\/de\/wp-json\/wp\/v2\/product\/183862","targetHints":{"allow":["GET"]}}],"collection":[{"href":"https:\/\/tourcruiser.com\/de\/wp-json\/wp\/v2\/product"}],"about":[{"href":"https:\/\/tourcruiser.com\/de\/wp-json\/wp\/v2\/types\/product"}],"replies":[{"embeddable":true,"href":"https:\/\/tourcruiser.com\/de\/wp-json\/wp\/v2\/comments?post=183862"}],"wp:featuredmedia":[{"embeddable":true,"href":"https:\/\/tourcruiser.com\/de\/wp-json\/wp\/v2\/media\/183863"}],"wp:attachment":[{"href":"https:\/\/tourcruiser.com\/de\/wp-json\/wp\/v2\/media?parent=183862"}],"wp:term":[{"taxonomy":"product_brand","embeddable":true,"href":"https:\/\/tourcruiser.com\/de\/wp-json\/wp\/v2\/product_brand?post=183862"},{"taxonomy":"product_cat","embeddable":true,"href":"https:\/\/tourcruiser.com\/de\/wp-json\/wp\/v2\/product_cat?post=183862"},{"taxonomy":"product_tag","embeddable":true,"href":"https:\/\/tourcruiser.com\/de\/wp-json\/wp\/v2\/product_tag?post=183862"}],"curies":[{"name":"wp","href":"https:\/\/api.w.org\/{rel}","templated":true}]}}