{"id":183850,"date":"2026-03-02T16:41:10","date_gmt":"2026-03-02T09:41:10","guid":{"rendered":"http:\/\/tourcruiser.com\/product\/women-adidas-gazelle-bold-warm-clay"},"modified":"2026-03-28T01:50:50","modified_gmt":"2026-03-27T18:50:50","slug":"women-adidas-gazelle-bold-warm-clay","status":"publish","type":"product","link":"https:\/\/tourcruiser.com\/de\/products\/women-adidas-gazelle-bold-warm-clay\/","title":{"rendered":"(Women) adidas Gazelle Bold &#8218;Warm Clay&#8216;"},"content":{"rendered":"<p>Verleihe deinem Streetstyle mit dem adidas Gazelle Bold &#8218;Warm Clay&#8216; JH9666 f\u00fcr Damen einen neuen Look \u201d\u201c ein Klassiker, der Retro-Charme mit moderner Eleganz vereint. Das Obermaterial aus weichem Wildleder in einem warmen Tonton sorgt f\u00fcr Komfort und zeitlose Sch\u00f6nheit. Die markante, gestapelte Zwischensohle verleiht dem Schuh einen modernen Touch und garantiert, dass du in jedem Umfeld auff\u00e4llst, ohne dabei die f\u00fcr die Gazelle-Serie typische Leichtigkeit und Flexibilit\u00e4t zu verlieren. Die Ton-in-Ton-3-Streifen und das goldene Gazelle-Logo an der Seite unterstreichen die dezente und dennoch raffinierte \u00c4sthetik. Die gepolsterte Innensohle bietet ganzt\u00e4gigen Tragekomfort und unterst\u00fctzt deine F\u00fc\u00dfe \u201d\u201c perfekt f\u00fcr Freizeit und einen aktiven Lebensstil. Ob zu deiner Lieblingsjeans oder einem schicken Rock, der adidas Gazelle Bold &#8218;Warm Clay&#8216; ist vielseitig kombinierbar und passt zu jedem Outfit. Dieser Schuh ist ideal f\u00fcr Frauen, die Wert auf Stil und Funktionalit\u00e4t legen und vereint traditionelles Design mit einem modernen, markanten Look. Ob in der Stadt oder bei entspannten Treffen \u201d\u201c mit diesem Paar Schuhen, das den Alltag neu definiert, setzen Sie ein stilvolles Statement.<\/p>\n<ul>\n<li><strong>Farbgebung:<\/strong> Warm Clay\/Clear Orange\/Preloved Ruby<\/li>\n<li><strong>Artikelnummer:<\/strong> JH9666<\/li>\n<li><strong>Obermaterial:<\/strong> Wildleder<\/li>\n<li><strong>Farbe:<\/strong> Pink<\/li>\n<\/ul>\n","protected":false},"excerpt":{"rendered":"<p>adidas Gazelle Bold \u201d\u201d Warm Clay\/Clear Orange\/Preloved Ruby<\/p>\n","protected":false},"featured_media":183851,"comment_status":"open","ping_status":"closed","template":"","meta":[],"product_brand":[],"product_cat":[10941],"product_tag":[10759,10750,10754,11460,10756,10758],"class_list":{"0":"post-183850","1":"product","2":"type-product","3":"status-publish","4":"has-post-thumbnail","6":"product_cat-adidas-women","7":"product_tag-adidas","8":"product_tag-athleisure-shoes","9":"product_tag-lifestyle-casual-shoes","10":"product_tag-lifestyle-shoes-casual","11":"product_tag-retro-casual-shoes","12":"product_tag-under-retail","13":"wcpa_has_options","15":"first","16":"outofstock","17":"taxable","18":"shipping-taxable","19":"purchasable","20":"product-type-simple"},"wcpa_form_fields":{"rules":{"pric_overide_base_price":false,"pric_overide_base_price_if_gt_zero":false,"pric_overide_base_price_fully":false,"pric_cal_option_once":false,"pric_use_as_fee":false,"bind_quantity":false,"quantity_bind_formula":false},"fields":[{"type":"color-group","required":true,"elementId":"wcpa-color-group-66c4a7f817afe","label":"Gr\u00f6\u00dfe","inline":true,"priceOptions":"different_for_all","pricingType":"fixed","className":"hassizechart product-shoes-size-eu product-shoes-size","name":"color-group-66c4a7f817b18","disp_type":"square","selection_type":"tick-border","disp_size":"50","show_label_inside":true,"adjust_width":true,"cart_display_type":"text","other_text":"Other","cl_rule":"show","col":6,"values":[{"label":"35","value":"EU 35","price":"","pimage":"","pimage_id":"","pthumb":"","color":""},{"label":"35.5","value":"EU 35.5","price":"","pimage":"","pimage_id":"","pthumb":"","color":""},{"label":"36","value":"EU 36","price":"","pimage":"","pimage_id":"","pthumb":"","color":"","selected":true},{"label":"36 2\/3","value":"EU 36 2\/3","price":"","pimage":"","pimage_id":"","pthumb":"","color":""},{"label":"37 1\/3","value":"EU 37 1\/3","price":"","pimage":"","pimage_id":"","pthumb":"","color":""},{"label":"38","value":"EU 38","price":"","pimage":"","pimage_id":"","pthumb":"","color":""},{"label":"38 2\/3","value":"EU 38 2\/3","price":"","pimage":"","pimage_id":"","pthumb":"","color":""},{"label":"39 1\/3","value":"EU 39 1\/3","price":"","pimage":"","pimage_id":"","pthumb":"","color":""},{"label":"40","value":"EU 40","price":"","pimage":"","pimage_id":"","pthumb":"","color":""},{"label":"40 2\/3","value":"EU 40 2\/3","price":"","pimage":"","pimage_id":"","pthumb":"","color":""},{"label":"41 1\/3","value":"EU 41 1\/3","price":"","pimage":"","pimage_id":"","pthumb":"","color":""},{"label":"42","value":"EU 42","price":"","pimage":"","pimage_id":"","pthumb":"","color":""},{"label":"42 2\/3","value":"EU 42 2\/3","price":"","pimage":"","pimage_id":"","pthumb":"","color":""},{"label":"43 1\/3","value":"EU 43 1\/3","price":"","pimage":"","pimage_id":"","pthumb":"","color":""},{"label":"44","value":"EU 44","price":"","pimage":"","pimage_id":"","pthumb":"","color":""},{"label":"44 2\/3","value":"EU 44 2\/3","price":"","pimage":"","pimage_id":"","pthumb":"","color":""},{"label":"45 1\/3","value":"EU 45 1\/3","price":"","pimage":"","pimage_id":"","pthumb":"","color":""},{"label":"46","value":"EU 46","price":"","pimage":"","pimage_id":"","pthumb":"","color":""},{"label":"46 2\/3","value":"EU 46 2\/3","price":"","pimage":"","pimage_id":"","pthumb":"","color":""},{"label":"47 1\/3","value":"EU 47 1\/3","price":"","pimage":"","pimage_id":"","pthumb":"","color":""}],"relations":[{"operator":false,"rules":[]}],"form_id":24802,"form_rules":{"pric_cal_option_once":false,"exclude_from_discount":false,"pric_use_as_fee":false,"fee_label":"Fee","render_after_acb":false,"disp_hide_options_price":false}}]},"yoast_head":"<!-- This site is optimized with the Yoast SEO plugin v26.5 - https:\/\/yoast.com\/wordpress\/plugins\/seo\/ -->\n<title>(Women) adidas Gazelle Bold &#039;Warm Clay&#039;  - Tourcruiser PTE. LTD<\/title>\n<meta name=\"robots\" content=\"index, follow, max-snippet:-1, max-image-preview:large, max-video-preview:-1\" \/>\n<link rel=\"canonical\" href=\"https:\/\/tourcruiser.com\/de\/products\/women-adidas-gazelle-bold-warm-clay\/\" \/>\n<meta property=\"og:locale\" content=\"de_DE\" \/>\n<meta property=\"og:type\" content=\"article\" \/>\n<meta property=\"og:title\" content=\"(Women) adidas Gazelle Bold &#039;Warm Clay&#039;  - Tourcruiser PTE. LTD\" \/>\n<meta property=\"og:description\" content=\"adidas Gazelle Bold \u201d\u201d Warm Clay\/Clear Orange\/Preloved Ruby\" \/>\n<meta property=\"og:url\" content=\"https:\/\/tourcruiser.com\/de\/products\/women-adidas-gazelle-bold-warm-clay\/\" \/>\n<meta property=\"og:site_name\" content=\"Tourcruiser Sneaker Store\" \/>\n<meta property=\"article:modified_time\" content=\"2026-03-27T18:50:50+00:00\" \/>\n<meta name=\"twitter:card\" content=\"summary_large_image\" \/>\n<meta name=\"twitter:image\" content=\"https:\/\/images.novelship.com\/product\/_women__adidas_gazelle_bold__warm_clay__jh9666_0_89587.jpeg;https:\/\/images.novelship.com\/product\/_women__adidas_gazelle_bold__warm_clay__jh9666_1_89588.jpeg;https:\/\/images.novelship.com\/product\/_women__adidas_gazelle_bold__warm_clay__jh9666_2_89588.jpeg;https:\/\/images.novelship.com\/product\/_women__adidas_gazelle_bold__warm_clay__jh9666_3_89588.jpeg;https:\/\/images.novelship.com\/product\/_women__adidas_gazelle_bold__warm_clay__jh9666_4_89588.jpeg\" \/>\n<meta name=\"twitter:label1\" content=\"Gesch\u00e4tzte Lesezeit\" \/>\n\t<meta name=\"twitter:data1\" content=\"1\u00a0Minute\" \/>\n<script type=\"application\/ld+json\" class=\"yoast-schema-graph\">{\"@context\":\"https:\/\/schema.org\",\"@graph\":[{\"@type\":\"WebPage\",\"@id\":\"https:\/\/tourcruiser.com\/de\/products\/women-adidas-gazelle-bold-warm-clay\/\",\"url\":\"https:\/\/tourcruiser.com\/de\/products\/women-adidas-gazelle-bold-warm-clay\/\",\"name\":\"(Women) adidas Gazelle Bold 'Warm Clay' - Tourcruiser PTE. LTD\",\"isPartOf\":{\"@id\":\"https:\/\/tourcruiser.com\/de\/#website\"},\"primaryImageOfPage\":{\"@id\":\"https:\/\/tourcruiser.com\/de\/products\/women-adidas-gazelle-bold-warm-clay\/#primaryimage\"},\"image\":{\"@id\":\"https:\/\/tourcruiser.com\/de\/products\/women-adidas-gazelle-bold-warm-clay\/#primaryimage\"},\"thumbnailUrl\":\"https:\/\/images.novelship.com\/product\/_women__adidas_gazelle_bold__warm_clay__jh9666_0_89587.jpeg;https:\/\/images.novelship.com\/product\/_women__adidas_gazelle_bold__warm_clay__jh9666_1_89588.jpeg;https:\/\/images.novelship.com\/product\/_women__adidas_gazelle_bold__warm_clay__jh9666_2_89588.jpeg;https:\/\/images.novelship.com\/product\/_women__adidas_gazelle_bold__warm_clay__jh9666_3_89588.jpeg;https:\/\/images.novelship.com\/product\/_women__adidas_gazelle_bold__warm_clay__jh9666_4_89588.jpeg\",\"datePublished\":\"2026-03-02T09:41:10+00:00\",\"dateModified\":\"2026-03-27T18:50:50+00:00\",\"breadcrumb\":{\"@id\":\"https:\/\/tourcruiser.com\/de\/products\/women-adidas-gazelle-bold-warm-clay\/#breadcrumb\"},\"inLanguage\":\"de\",\"potentialAction\":[{\"@type\":\"ReadAction\",\"target\":[\"https:\/\/tourcruiser.com\/de\/products\/women-adidas-gazelle-bold-warm-clay\/\"]}]},{\"@type\":\"ImageObject\",\"inLanguage\":\"de\",\"@id\":\"https:\/\/tourcruiser.com\/de\/products\/women-adidas-gazelle-bold-warm-clay\/#primaryimage\",\"url\":\"https:\/\/images.novelship.com\/product\/_women__adidas_gazelle_bold__warm_clay__jh9666_0_89587.jpeg;https:\/\/images.novelship.com\/product\/_women__adidas_gazelle_bold__warm_clay__jh9666_1_89588.jpeg;https:\/\/images.novelship.com\/product\/_women__adidas_gazelle_bold__warm_clay__jh9666_2_89588.jpeg;https:\/\/images.novelship.com\/product\/_women__adidas_gazelle_bold__warm_clay__jh9666_3_89588.jpeg;https:\/\/images.novelship.com\/product\/_women__adidas_gazelle_bold__warm_clay__jh9666_4_89588.jpeg\",\"contentUrl\":\"https:\/\/images.novelship.com\/product\/_women__adidas_gazelle_bold__warm_clay__jh9666_0_89587.jpeg;https:\/\/images.novelship.com\/product\/_women__adidas_gazelle_bold__warm_clay__jh9666_1_89588.jpeg;https:\/\/images.novelship.com\/product\/_women__adidas_gazelle_bold__warm_clay__jh9666_2_89588.jpeg;https:\/\/images.novelship.com\/product\/_women__adidas_gazelle_bold__warm_clay__jh9666_3_89588.jpeg;https:\/\/images.novelship.com\/product\/_women__adidas_gazelle_bold__warm_clay__jh9666_4_89588.jpeg\"},{\"@type\":\"BreadcrumbList\",\"@id\":\"https:\/\/tourcruiser.com\/de\/products\/women-adidas-gazelle-bold-warm-clay\/#breadcrumb\",\"itemListElement\":[{\"@type\":\"ListItem\",\"position\":1,\"name\":\"Home\",\"item\":\"https:\/\/tourcruiser.com\/de\/\"},{\"@type\":\"ListItem\",\"position\":2,\"name\":\"Shop\",\"item\":\"https:\/\/tourcruiser.com\/de\/shop\/\"},{\"@type\":\"ListItem\",\"position\":3,\"name\":\"(Women) adidas Gazelle Bold 'Warm Clay'\"}]},{\"@type\":\"WebSite\",\"@id\":\"https:\/\/tourcruiser.com\/de\/#website\",\"url\":\"https:\/\/tourcruiser.com\/de\/\",\"name\":\"Styloral Jewelry Shop\",\"description\":\"Tourcruiser Sneaker Store \u2014 der Ort, an dem das Universum deine Einzigartigkeit trifft.\",\"publisher\":{\"@id\":\"https:\/\/tourcruiser.com\/de\/#organization\"},\"potentialAction\":[{\"@type\":\"SearchAction\",\"target\":{\"@type\":\"EntryPoint\",\"urlTemplate\":\"https:\/\/tourcruiser.com\/de\/?s={search_term_string}\"},\"query-input\":{\"@type\":\"PropertyValueSpecification\",\"valueRequired\":true,\"valueName\":\"search_term_string\"}}],\"inLanguage\":\"de\"},{\"@type\":\"Organization\",\"@id\":\"https:\/\/tourcruiser.com\/de\/#organization\",\"name\":\"STYLORAL PTE. LTD\",\"url\":\"https:\/\/tourcruiser.com\/de\/\",\"logo\":{\"@type\":\"ImageObject\",\"inLanguage\":\"de\",\"@id\":\"https:\/\/tourcruiser.com\/de\/#\/schema\/logo\/image\/\",\"url\":\"https:\/\/www.tourcruiser.com\/wp-content\/uploads\/2025\/12\/logo.png\",\"contentUrl\":\"https:\/\/www.tourcruiser.com\/wp-content\/uploads\/2025\/12\/logo.png\",\"width\":200,\"height\":65,\"caption\":\"STYLORAL PTE. LTD\"},\"image\":{\"@id\":\"https:\/\/tourcruiser.com\/de\/#\/schema\/logo\/image\/\"}}]}<\/script>\n<!-- \/ Yoast SEO plugin. -->","yoast_head_json":{"title":"(Women) adidas Gazelle Bold 'Warm Clay'  - Tourcruiser PTE. LTD","robots":{"index":"index","follow":"follow","max-snippet":"max-snippet:-1","max-image-preview":"max-image-preview:large","max-video-preview":"max-video-preview:-1"},"canonical":"https:\/\/tourcruiser.com\/de\/products\/women-adidas-gazelle-bold-warm-clay\/","og_locale":"de_DE","og_type":"article","og_title":"(Women) adidas Gazelle Bold 'Warm Clay'  - Tourcruiser PTE. LTD","og_description":"adidas Gazelle Bold \u201d\u201d Warm Clay\/Clear Orange\/Preloved Ruby","og_url":"https:\/\/tourcruiser.com\/de\/products\/women-adidas-gazelle-bold-warm-clay\/","og_site_name":"Tourcruiser Sneaker Store","article_modified_time":"2026-03-27T18:50:50+00:00","twitter_card":"summary_large_image","twitter_image":"https:\/\/images.novelship.com\/product\/_women__adidas_gazelle_bold__warm_clay__jh9666_0_89587.jpeg;https:\/\/images.novelship.com\/product\/_women__adidas_gazelle_bold__warm_clay__jh9666_1_89588.jpeg;https:\/\/images.novelship.com\/product\/_women__adidas_gazelle_bold__warm_clay__jh9666_2_89588.jpeg;https:\/\/images.novelship.com\/product\/_women__adidas_gazelle_bold__warm_clay__jh9666_3_89588.jpeg;https:\/\/images.novelship.com\/product\/_women__adidas_gazelle_bold__warm_clay__jh9666_4_89588.jpeg","twitter_misc":{"Gesch\u00e4tzte Lesezeit":"1\u00a0Minute"},"schema":{"@context":"https:\/\/schema.org","@graph":[{"@type":"WebPage","@id":"https:\/\/tourcruiser.com\/de\/products\/women-adidas-gazelle-bold-warm-clay\/","url":"https:\/\/tourcruiser.com\/de\/products\/women-adidas-gazelle-bold-warm-clay\/","name":"(Women) adidas Gazelle Bold 'Warm Clay' - Tourcruiser PTE. LTD","isPartOf":{"@id":"https:\/\/tourcruiser.com\/de\/#website"},"primaryImageOfPage":{"@id":"https:\/\/tourcruiser.com\/de\/products\/women-adidas-gazelle-bold-warm-clay\/#primaryimage"},"image":{"@id":"https:\/\/tourcruiser.com\/de\/products\/women-adidas-gazelle-bold-warm-clay\/#primaryimage"},"thumbnailUrl":"https:\/\/images.novelship.com\/product\/_women__adidas_gazelle_bold__warm_clay__jh9666_0_89587.jpeg;https:\/\/images.novelship.com\/product\/_women__adidas_gazelle_bold__warm_clay__jh9666_1_89588.jpeg;https:\/\/images.novelship.com\/product\/_women__adidas_gazelle_bold__warm_clay__jh9666_2_89588.jpeg;https:\/\/images.novelship.com\/product\/_women__adidas_gazelle_bold__warm_clay__jh9666_3_89588.jpeg;https:\/\/images.novelship.com\/product\/_women__adidas_gazelle_bold__warm_clay__jh9666_4_89588.jpeg","datePublished":"2026-03-02T09:41:10+00:00","dateModified":"2026-03-27T18:50:50+00:00","breadcrumb":{"@id":"https:\/\/tourcruiser.com\/de\/products\/women-adidas-gazelle-bold-warm-clay\/#breadcrumb"},"inLanguage":"de","potentialAction":[{"@type":"ReadAction","target":["https:\/\/tourcruiser.com\/de\/products\/women-adidas-gazelle-bold-warm-clay\/"]}]},{"@type":"ImageObject","inLanguage":"de","@id":"https:\/\/tourcruiser.com\/de\/products\/women-adidas-gazelle-bold-warm-clay\/#primaryimage","url":"https:\/\/images.novelship.com\/product\/_women__adidas_gazelle_bold__warm_clay__jh9666_0_89587.jpeg;https:\/\/images.novelship.com\/product\/_women__adidas_gazelle_bold__warm_clay__jh9666_1_89588.jpeg;https:\/\/images.novelship.com\/product\/_women__adidas_gazelle_bold__warm_clay__jh9666_2_89588.jpeg;https:\/\/images.novelship.com\/product\/_women__adidas_gazelle_bold__warm_clay__jh9666_3_89588.jpeg;https:\/\/images.novelship.com\/product\/_women__adidas_gazelle_bold__warm_clay__jh9666_4_89588.jpeg","contentUrl":"https:\/\/images.novelship.com\/product\/_women__adidas_gazelle_bold__warm_clay__jh9666_0_89587.jpeg;https:\/\/images.novelship.com\/product\/_women__adidas_gazelle_bold__warm_clay__jh9666_1_89588.jpeg;https:\/\/images.novelship.com\/product\/_women__adidas_gazelle_bold__warm_clay__jh9666_2_89588.jpeg;https:\/\/images.novelship.com\/product\/_women__adidas_gazelle_bold__warm_clay__jh9666_3_89588.jpeg;https:\/\/images.novelship.com\/product\/_women__adidas_gazelle_bold__warm_clay__jh9666_4_89588.jpeg"},{"@type":"BreadcrumbList","@id":"https:\/\/tourcruiser.com\/de\/products\/women-adidas-gazelle-bold-warm-clay\/#breadcrumb","itemListElement":[{"@type":"ListItem","position":1,"name":"Home","item":"https:\/\/tourcruiser.com\/de\/"},{"@type":"ListItem","position":2,"name":"Shop","item":"https:\/\/tourcruiser.com\/de\/shop\/"},{"@type":"ListItem","position":3,"name":"(Women) adidas Gazelle Bold 'Warm Clay'"}]},{"@type":"WebSite","@id":"https:\/\/tourcruiser.com\/de\/#website","url":"https:\/\/tourcruiser.com\/de\/","name":"Styloral Jewelry Shop","description":"Tourcruiser Sneaker Store \u2014 der Ort, an dem das Universum deine Einzigartigkeit trifft.","publisher":{"@id":"https:\/\/tourcruiser.com\/de\/#organization"},"potentialAction":[{"@type":"SearchAction","target":{"@type":"EntryPoint","urlTemplate":"https:\/\/tourcruiser.com\/de\/?s={search_term_string}"},"query-input":{"@type":"PropertyValueSpecification","valueRequired":true,"valueName":"search_term_string"}}],"inLanguage":"de"},{"@type":"Organization","@id":"https:\/\/tourcruiser.com\/de\/#organization","name":"STYLORAL PTE. LTD","url":"https:\/\/tourcruiser.com\/de\/","logo":{"@type":"ImageObject","inLanguage":"de","@id":"https:\/\/tourcruiser.com\/de\/#\/schema\/logo\/image\/","url":"https:\/\/www.tourcruiser.com\/wp-content\/uploads\/2025\/12\/logo.png","contentUrl":"https:\/\/www.tourcruiser.com\/wp-content\/uploads\/2025\/12\/logo.png","width":200,"height":65,"caption":"STYLORAL PTE. LTD"},"image":{"@id":"https:\/\/tourcruiser.com\/de\/#\/schema\/logo\/image\/"}}]}},"_links":{"self":[{"href":"https:\/\/tourcruiser.com\/de\/wp-json\/wp\/v2\/product\/183850","targetHints":{"allow":["GET"]}}],"collection":[{"href":"https:\/\/tourcruiser.com\/de\/wp-json\/wp\/v2\/product"}],"about":[{"href":"https:\/\/tourcruiser.com\/de\/wp-json\/wp\/v2\/types\/product"}],"replies":[{"embeddable":true,"href":"https:\/\/tourcruiser.com\/de\/wp-json\/wp\/v2\/comments?post=183850"}],"wp:featuredmedia":[{"embeddable":true,"href":"https:\/\/tourcruiser.com\/de\/wp-json\/wp\/v2\/media\/183851"}],"wp:attachment":[{"href":"https:\/\/tourcruiser.com\/de\/wp-json\/wp\/v2\/media?parent=183850"}],"wp:term":[{"taxonomy":"product_brand","embeddable":true,"href":"https:\/\/tourcruiser.com\/de\/wp-json\/wp\/v2\/product_brand?post=183850"},{"taxonomy":"product_cat","embeddable":true,"href":"https:\/\/tourcruiser.com\/de\/wp-json\/wp\/v2\/product_cat?post=183850"},{"taxonomy":"product_tag","embeddable":true,"href":"https:\/\/tourcruiser.com\/de\/wp-json\/wp\/v2\/product_tag?post=183850"}],"curies":[{"name":"wp","href":"https:\/\/api.w.org\/{rel}","templated":true}]}}