{"id":183582,"date":"2026-03-02T16:40:47","date_gmt":"2026-03-02T09:40:47","guid":{"rendered":"http:\/\/tourcruiser.com\/product\/new-balance-860v2-sea-salt-harbor-grey"},"modified":"2026-03-28T01:54:09","modified_gmt":"2026-03-27T18:54:09","slug":"new-balance-860v2-sea-salt-harbor-grey","status":"publish","type":"product","link":"https:\/\/tourcruiser.com\/de\/products\/new-balance-860v2-sea-salt-harbor-grey\/","title":{"rendered":"New Balance 860v2 &#8218;Sea Salt Harbor Grey&#8216;"},"content":{"rendered":"<p>Der New Balance 860v2 \u201eSea Salt Harbor Grey\u201c ML860GO2 vereint Retro-Stil und moderne Performance und ist sowohl f\u00fcr Freizeit als auch f\u00fcr sportliche Aktivit\u00e4ten geeignet. Dieser aktualisierte Klassiker ist aus hochwertigen Materialien gefertigt und verf\u00fcgt \u00fcber ein atmungsaktives Mesh-Obermaterial in einem vielseitigen Farbmix aus Meersalz und Hafengrau. So bietet er ganzt\u00e4gigen Tragekomfort und einen eleganten, dezenten Look. Die leichte ABZORB-Mittelsohle sorgt f\u00fcr hervorragende D\u00e4mpfung und Sto\u00dfabsorption und bietet optimale Unterst\u00fctzung bei langen L\u00e4ufen oder anstrengenden Tagen. Die strapazierf\u00e4hige Gummiau\u00dfensohle bietet exzellente Traktion und Stabilit\u00e4t auf verschiedenen Untergr\u00fcnden und macht den Schuh ebenso funktional wie stylisch. Ob auf der Laufbahn, beim Stadtbummel oder im Fitnessstudio \u201d\u201c der New Balance 860v2 vereint zeitloses Design mit modernster Funktionalit\u00e4t f\u00fcr optimalen Tragekomfort und einen stylischen Look.<\/p>\n<ul>\n<li><strong>Farbgebung:<\/strong> Sea Salt\/Harbor Grey\/Raincloud\/Silver Metallic<\/li>\n<li><strong>Style-Code:<\/strong> ML860GO2<\/li>\n<li><strong>Obermaterial:<\/strong> Mesh<\/li>\n<li><strong>Zwischensohle:<\/strong> NERGY<\/li>\n<li><strong>Farbe:<\/strong> Blau<\/li>\n<li><strong>Saison:<\/strong> Sommer<\/li>\n<li><strong>Erscheinungsjahr:<\/strong> 2024<\/li>\n<\/ul>\n","protected":false},"excerpt":{"rendered":"<p>New Balance 860v2 \u201d\u201d Sea Salt\/Harbor Grey\/Raincloud\/Silver Metallic<\/p>\n","protected":false},"featured_media":183583,"comment_status":"open","ping_status":"closed","template":"","meta":[],"product_brand":[],"product_cat":[10771],"product_tag":[10750,10847,10754,10765,10766,10768,10785,10786,10758],"class_list":{"0":"post-183582","1":"product","2":"type-product","3":"status-publish","4":"has-post-thumbnail","6":"product_cat-new-balance","7":"product_tag-athleisure-shoes","8":"product_tag-best-finds-under-100","9":"product_tag-lifestyle-casual-shoes","10":"product_tag-lifestyle-shoes-running-inspired","11":"product_tag-new-balance","12":"product_tag-retro-running-shoes","13":"product_tag-trending-deals","14":"product_tag-trending-deals-under-150","15":"product_tag-under-retail","16":"wcpa_has_options","18":"first","19":"outofstock","20":"taxable","21":"shipping-taxable","22":"purchasable","23":"product-type-simple"},"wcpa_form_fields":{"rules":{"pric_overide_base_price":false,"pric_overide_base_price_if_gt_zero":false,"pric_overide_base_price_fully":false,"pric_cal_option_once":false,"pric_use_as_fee":false,"bind_quantity":false,"quantity_bind_formula":false},"fields":[{"type":"color-group","required":true,"elementId":"wcpa-color-group-66c4a928225d2","label":"Gr\u00f6\u00dfe","inline":true,"priceOptions":"different_for_all","pricingType":"fixed","className":"hassizechart product-shoes-size-eu product-shoes-size","name":"color-group-66c4a928225e2","disp_type":"square","selection_type":"tick-border","disp_size":"50","show_label_inside":true,"adjust_width":true,"cart_display_type":"text","other_text":"Other","cl_rule":"show","col":6,"values":[{"label":"35","value":"EU 35","price":"","pimage":"","pimage_id":"","pthumb":"","color":""},{"label":"36","value":"EU 36","price":"","pimage":"","pimage_id":"","pthumb":"","color":"","selected":true},{"label":"37","value":"EU 37","price":"","pimage":"","pimage_id":"","pthumb":"","color":""},{"label":"37.5","value":"EU 37.5","price":"","pimage":"","pimage_id":"","pthumb":"","color":""},{"label":"38","value":"EU 38","price":"","pimage":"","pimage_id":"","pthumb":"","color":""},{"label":"38.5","value":"EU 38.5","price":"","pimage":"","pimage_id":"","pthumb":"","color":""},{"label":"39","value":"EU 39","price":"","pimage":"","pimage_id":"","pthumb":"","color":""},{"label":"39.5","value":"EU 39.5","price":"","pimage":"","pimage_id":"","pthumb":"","color":""},{"label":"40","value":"EU 40","price":"","pimage":"","pimage_id":"","pthumb":"","color":""},{"label":"40.5","value":"EU 40.5","price":"","pimage":"","pimage_id":"","pthumb":"","color":""},{"label":" 41.5","value":"EU 41.5","price":"","pimage":"","pimage_id":"","pthumb":"","color":""},{"label":"42","value":"EU 42","price":"","pimage":"","pimage_id":"","pthumb":"","color":""},{"label":"42.5","value":"EU 42.5","price":"","pimage":"","pimage_id":"","pthumb":"","color":""},{"label":"43","value":"EU 43","price":"","pimage":"","pimage_id":"","pthumb":"","color":""},{"label":"44","value":"EU 44","price":"","pimage":"","pimage_id":"","pthumb":"","color":""},{"label":"44.5","value":"EU 44.5","price":"","pimage":"","pimage_id":"","pthumb":"","color":""},{"label":"45","value":"EU 45","price":"","pimage":"","pimage_id":"","pthumb":"","color":""},{"label":"45.5","value":"EU 45.5","price":"","pimage":"","pimage_id":"","pthumb":"","color":""},{"label":"46","value":"EU 46","price":"","pimage":"","pimage_id":"","pthumb":"","color":""}],"relations":[{"operator":false,"rules":[]}],"form_id":24803,"form_rules":{"pric_cal_option_once":false,"exclude_from_discount":false,"pric_use_as_fee":false,"fee_label":"Fee","render_after_acb":false,"disp_hide_options_price":false}}]},"yoast_head":"<!-- This site is optimized with the Yoast SEO plugin v26.5 - https:\/\/yoast.com\/wordpress\/plugins\/seo\/ -->\n<title>New Balance 860v2 &#039;Sea Salt Harbor Grey&#039;  - Tourcruiser PTE. LTD<\/title>\n<meta name=\"robots\" content=\"index, follow, max-snippet:-1, max-image-preview:large, max-video-preview:-1\" \/>\n<link rel=\"canonical\" href=\"https:\/\/tourcruiser.com\/\" \/>\n<meta property=\"og:locale\" content=\"de_DE\" \/>\n<meta property=\"og:type\" content=\"article\" \/>\n<meta property=\"og:title\" content=\"New Balance 860v2 &#039;Sea Salt Harbor Grey&#039;  - Tourcruiser PTE. LTD\" \/>\n<meta property=\"og:description\" content=\"New Balance 860v2 \u201d\u201d Sea Salt\/Harbor Grey\/Raincloud\/Silver Metallic\" \/>\n<meta property=\"og:url\" content=\"\/\" \/>\n<meta property=\"og:site_name\" content=\"Tourcruiser Sneaker Store\" \/>\n<meta property=\"article:modified_time\" content=\"2026-03-27T18:54:09+00:00\" \/>\n<meta name=\"twitter:card\" content=\"summary_large_image\" \/>\n<meta name=\"twitter:image\" content=\"https:\/\/images.novelship.com\/product\/new_balance_860v2__sea_salt_harbor_grey__ml860go2_0_26242.jpeg;https:\/\/images.novelship.com\/product\/new_balance_860v2__sea_salt_harbor_grey__ml860go2_1_26242.jpeg;https:\/\/images.novelship.com\/product\/new_balance_860v2__sea_salt_harbor_grey__ml860go2_2_26242.jpeg;https:\/\/images.novelship.com\/product\/new_balance_860v2__sea_salt_harbor_grey__ml860go2_3_26242.jpeg;https:\/\/images.novelship.com\/product\/new_balance_860v2__sea_salt_harbor_grey__ml860go2_4_26242.jpeg;https:\/\/images.novelship.com\/product\/new_balance_860v2__sea_salt_harbor_grey__ml860go2_5_26242.jpeg;https:\/\/images.novelship.com\/product\/new_balance_860v2__sea_salt_harbor_grey__ml860go2_6_26242.jpeg;https:\/\/images.novelship.com\/product\/new_balance_860v2__sea_salt_harbor_grey__ml860go2_7_26242.jpeg\" \/>\n<meta name=\"twitter:label1\" content=\"Gesch\u00e4tzte Lesezeit\" \/>\n\t<meta name=\"twitter:data1\" content=\"1\u00a0Minute\" \/>\n<script type=\"application\/ld+json\" class=\"yoast-schema-graph\">{\"@context\":\"https:\/\/schema.org\",\"@graph\":[{\"@type\":\"WebPage\",\"@id\":\"\/\",\"url\":\"https:\/\/tourcruiser.com\/\",\"name\":\"New Balance 860v2 'Sea Salt Harbor Grey' - Tourcruiser PTE. LTD\",\"isPartOf\":{\"@id\":\"https:\/\/tourcruiser.com\/de\/#website\"},\"primaryImageOfPage\":{\"@id\":\"https:\/\/tourcruiser.com\/#primaryimage\"},\"image\":{\"@id\":\"https:\/\/tourcruiser.com\/#primaryimage\"},\"thumbnailUrl\":\"https:\/\/images.novelship.com\/product\/new_balance_860v2__sea_salt_harbor_grey__ml860go2_0_26242.jpeg;https:\/\/images.novelship.com\/product\/new_balance_860v2__sea_salt_harbor_grey__ml860go2_1_26242.jpeg;https:\/\/images.novelship.com\/product\/new_balance_860v2__sea_salt_harbor_grey__ml860go2_2_26242.jpeg;https:\/\/images.novelship.com\/product\/new_balance_860v2__sea_salt_harbor_grey__ml860go2_3_26242.jpeg;https:\/\/images.novelship.com\/product\/new_balance_860v2__sea_salt_harbor_grey__ml860go2_4_26242.jpeg;https:\/\/images.novelship.com\/product\/new_balance_860v2__sea_salt_harbor_grey__ml860go2_5_26242.jpeg;https:\/\/images.novelship.com\/product\/new_balance_860v2__sea_salt_harbor_grey__ml860go2_6_26242.jpeg;https:\/\/images.novelship.com\/product\/new_balance_860v2__sea_salt_harbor_grey__ml860go2_7_26242.jpeg\",\"datePublished\":\"2026-03-02T09:40:47+00:00\",\"dateModified\":\"2026-03-27T18:54:09+00:00\",\"breadcrumb\":{\"@id\":\"https:\/\/tourcruiser.com\/#breadcrumb\"},\"inLanguage\":\"de\",\"potentialAction\":[{\"@type\":\"ReadAction\",\"target\":[\"https:\/\/tourcruiser.com\/\"]}]},{\"@type\":\"ImageObject\",\"inLanguage\":\"de\",\"@id\":\"https:\/\/tourcruiser.com\/#primaryimage\",\"url\":\"https:\/\/images.novelship.com\/product\/new_balance_860v2__sea_salt_harbor_grey__ml860go2_0_26242.jpeg;https:\/\/images.novelship.com\/product\/new_balance_860v2__sea_salt_harbor_grey__ml860go2_1_26242.jpeg;https:\/\/images.novelship.com\/product\/new_balance_860v2__sea_salt_harbor_grey__ml860go2_2_26242.jpeg;https:\/\/images.novelship.com\/product\/new_balance_860v2__sea_salt_harbor_grey__ml860go2_3_26242.jpeg;https:\/\/images.novelship.com\/product\/new_balance_860v2__sea_salt_harbor_grey__ml860go2_4_26242.jpeg;https:\/\/images.novelship.com\/product\/new_balance_860v2__sea_salt_harbor_grey__ml860go2_5_26242.jpeg;https:\/\/images.novelship.com\/product\/new_balance_860v2__sea_salt_harbor_grey__ml860go2_6_26242.jpeg;https:\/\/images.novelship.com\/product\/new_balance_860v2__sea_salt_harbor_grey__ml860go2_7_26242.jpeg\",\"contentUrl\":\"https:\/\/images.novelship.com\/product\/new_balance_860v2__sea_salt_harbor_grey__ml860go2_0_26242.jpeg;https:\/\/images.novelship.com\/product\/new_balance_860v2__sea_salt_harbor_grey__ml860go2_1_26242.jpeg;https:\/\/images.novelship.com\/product\/new_balance_860v2__sea_salt_harbor_grey__ml860go2_2_26242.jpeg;https:\/\/images.novelship.com\/product\/new_balance_860v2__sea_salt_harbor_grey__ml860go2_3_26242.jpeg;https:\/\/images.novelship.com\/product\/new_balance_860v2__sea_salt_harbor_grey__ml860go2_4_26242.jpeg;https:\/\/images.novelship.com\/product\/new_balance_860v2__sea_salt_harbor_grey__ml860go2_5_26242.jpeg;https:\/\/images.novelship.com\/product\/new_balance_860v2__sea_salt_harbor_grey__ml860go2_6_26242.jpeg;https:\/\/images.novelship.com\/product\/new_balance_860v2__sea_salt_harbor_grey__ml860go2_7_26242.jpeg\"},{\"@type\":\"BreadcrumbList\",\"@id\":\"https:\/\/tourcruiser.com\/#breadcrumb\",\"itemListElement\":[{\"@type\":\"ListItem\",\"position\":1,\"name\":\"Home\",\"item\":\"https:\/\/tourcruiser.com\/de\/\"},{\"@type\":\"ListItem\",\"position\":2,\"name\":\"Shop\",\"item\":\"https:\/\/tourcruiser.com\/de\/shop\/\"},{\"@type\":\"ListItem\",\"position\":3,\"name\":\"New Balance 860v2 &#8218;Sea Salt Harbor Grey&#8216;\"}]},{\"@type\":\"WebSite\",\"@id\":\"https:\/\/tourcruiser.com\/de\/#website\",\"url\":\"https:\/\/tourcruiser.com\/de\/\",\"name\":\"Styloral Jewelry Shop\",\"description\":\"Tourcruiser Sneaker Store \u2014 der Ort, an dem das Universum deine Einzigartigkeit trifft.\",\"publisher\":{\"@id\":\"https:\/\/tourcruiser.com\/de\/#organization\"},\"potentialAction\":[{\"@type\":\"SearchAction\",\"target\":{\"@type\":\"EntryPoint\",\"urlTemplate\":\"https:\/\/tourcruiser.com\/de\/?s={search_term_string}\"},\"query-input\":{\"@type\":\"PropertyValueSpecification\",\"valueRequired\":true,\"valueName\":\"search_term_string\"}}],\"inLanguage\":\"de\"},{\"@type\":\"Organization\",\"@id\":\"https:\/\/tourcruiser.com\/de\/#organization\",\"name\":\"STYLORAL PTE. LTD\",\"url\":\"https:\/\/tourcruiser.com\/de\/\",\"logo\":{\"@type\":\"ImageObject\",\"inLanguage\":\"de\",\"@id\":\"https:\/\/tourcruiser.com\/de\/#\/schema\/logo\/image\/\",\"url\":\"https:\/\/www.tourcruiser.com\/wp-content\/uploads\/2025\/12\/logo.png\",\"contentUrl\":\"https:\/\/www.tourcruiser.com\/wp-content\/uploads\/2025\/12\/logo.png\",\"width\":200,\"height\":65,\"caption\":\"STYLORAL PTE. LTD\"},\"image\":{\"@id\":\"https:\/\/tourcruiser.com\/de\/#\/schema\/logo\/image\/\"}}]}<\/script>\n<!-- \/ Yoast SEO plugin. -->","yoast_head_json":{"title":"New Balance 860v2 'Sea Salt Harbor Grey'  - Tourcruiser PTE. LTD","robots":{"index":"index","follow":"follow","max-snippet":"max-snippet:-1","max-image-preview":"max-image-preview:large","max-video-preview":"max-video-preview:-1"},"canonical":"https:\/\/tourcruiser.com\/","og_locale":"de_DE","og_type":"article","og_title":"New Balance 860v2 'Sea Salt Harbor Grey'  - Tourcruiser PTE. LTD","og_description":"New Balance 860v2 \u201d\u201d Sea Salt\/Harbor Grey\/Raincloud\/Silver Metallic","og_url":"\/","og_site_name":"Tourcruiser Sneaker Store","article_modified_time":"2026-03-27T18:54:09+00:00","twitter_card":"summary_large_image","twitter_image":"https:\/\/images.novelship.com\/product\/new_balance_860v2__sea_salt_harbor_grey__ml860go2_0_26242.jpeg;https:\/\/images.novelship.com\/product\/new_balance_860v2__sea_salt_harbor_grey__ml860go2_1_26242.jpeg;https:\/\/images.novelship.com\/product\/new_balance_860v2__sea_salt_harbor_grey__ml860go2_2_26242.jpeg;https:\/\/images.novelship.com\/product\/new_balance_860v2__sea_salt_harbor_grey__ml860go2_3_26242.jpeg;https:\/\/images.novelship.com\/product\/new_balance_860v2__sea_salt_harbor_grey__ml860go2_4_26242.jpeg;https:\/\/images.novelship.com\/product\/new_balance_860v2__sea_salt_harbor_grey__ml860go2_5_26242.jpeg;https:\/\/images.novelship.com\/product\/new_balance_860v2__sea_salt_harbor_grey__ml860go2_6_26242.jpeg;https:\/\/images.novelship.com\/product\/new_balance_860v2__sea_salt_harbor_grey__ml860go2_7_26242.jpeg","twitter_misc":{"Gesch\u00e4tzte Lesezeit":"1\u00a0Minute"},"schema":{"@context":"https:\/\/schema.org","@graph":[{"@type":"WebPage","@id":"\/","url":"https:\/\/tourcruiser.com\/","name":"New Balance 860v2 'Sea Salt Harbor Grey' - Tourcruiser PTE. LTD","isPartOf":{"@id":"https:\/\/tourcruiser.com\/de\/#website"},"primaryImageOfPage":{"@id":"https:\/\/tourcruiser.com\/#primaryimage"},"image":{"@id":"https:\/\/tourcruiser.com\/#primaryimage"},"thumbnailUrl":"https:\/\/images.novelship.com\/product\/new_balance_860v2__sea_salt_harbor_grey__ml860go2_0_26242.jpeg;https:\/\/images.novelship.com\/product\/new_balance_860v2__sea_salt_harbor_grey__ml860go2_1_26242.jpeg;https:\/\/images.novelship.com\/product\/new_balance_860v2__sea_salt_harbor_grey__ml860go2_2_26242.jpeg;https:\/\/images.novelship.com\/product\/new_balance_860v2__sea_salt_harbor_grey__ml860go2_3_26242.jpeg;https:\/\/images.novelship.com\/product\/new_balance_860v2__sea_salt_harbor_grey__ml860go2_4_26242.jpeg;https:\/\/images.novelship.com\/product\/new_balance_860v2__sea_salt_harbor_grey__ml860go2_5_26242.jpeg;https:\/\/images.novelship.com\/product\/new_balance_860v2__sea_salt_harbor_grey__ml860go2_6_26242.jpeg;https:\/\/images.novelship.com\/product\/new_balance_860v2__sea_salt_harbor_grey__ml860go2_7_26242.jpeg","datePublished":"2026-03-02T09:40:47+00:00","dateModified":"2026-03-27T18:54:09+00:00","breadcrumb":{"@id":"https:\/\/tourcruiser.com\/#breadcrumb"},"inLanguage":"de","potentialAction":[{"@type":"ReadAction","target":["https:\/\/tourcruiser.com\/"]}]},{"@type":"ImageObject","inLanguage":"de","@id":"https:\/\/tourcruiser.com\/#primaryimage","url":"https:\/\/images.novelship.com\/product\/new_balance_860v2__sea_salt_harbor_grey__ml860go2_0_26242.jpeg;https:\/\/images.novelship.com\/product\/new_balance_860v2__sea_salt_harbor_grey__ml860go2_1_26242.jpeg;https:\/\/images.novelship.com\/product\/new_balance_860v2__sea_salt_harbor_grey__ml860go2_2_26242.jpeg;https:\/\/images.novelship.com\/product\/new_balance_860v2__sea_salt_harbor_grey__ml860go2_3_26242.jpeg;https:\/\/images.novelship.com\/product\/new_balance_860v2__sea_salt_harbor_grey__ml860go2_4_26242.jpeg;https:\/\/images.novelship.com\/product\/new_balance_860v2__sea_salt_harbor_grey__ml860go2_5_26242.jpeg;https:\/\/images.novelship.com\/product\/new_balance_860v2__sea_salt_harbor_grey__ml860go2_6_26242.jpeg;https:\/\/images.novelship.com\/product\/new_balance_860v2__sea_salt_harbor_grey__ml860go2_7_26242.jpeg","contentUrl":"https:\/\/images.novelship.com\/product\/new_balance_860v2__sea_salt_harbor_grey__ml860go2_0_26242.jpeg;https:\/\/images.novelship.com\/product\/new_balance_860v2__sea_salt_harbor_grey__ml860go2_1_26242.jpeg;https:\/\/images.novelship.com\/product\/new_balance_860v2__sea_salt_harbor_grey__ml860go2_2_26242.jpeg;https:\/\/images.novelship.com\/product\/new_balance_860v2__sea_salt_harbor_grey__ml860go2_3_26242.jpeg;https:\/\/images.novelship.com\/product\/new_balance_860v2__sea_salt_harbor_grey__ml860go2_4_26242.jpeg;https:\/\/images.novelship.com\/product\/new_balance_860v2__sea_salt_harbor_grey__ml860go2_5_26242.jpeg;https:\/\/images.novelship.com\/product\/new_balance_860v2__sea_salt_harbor_grey__ml860go2_6_26242.jpeg;https:\/\/images.novelship.com\/product\/new_balance_860v2__sea_salt_harbor_grey__ml860go2_7_26242.jpeg"},{"@type":"BreadcrumbList","@id":"https:\/\/tourcruiser.com\/#breadcrumb","itemListElement":[{"@type":"ListItem","position":1,"name":"Home","item":"https:\/\/tourcruiser.com\/de\/"},{"@type":"ListItem","position":2,"name":"Shop","item":"https:\/\/tourcruiser.com\/de\/shop\/"},{"@type":"ListItem","position":3,"name":"New Balance 860v2 &#8218;Sea Salt Harbor Grey&#8216;"}]},{"@type":"WebSite","@id":"https:\/\/tourcruiser.com\/de\/#website","url":"https:\/\/tourcruiser.com\/de\/","name":"Styloral Jewelry Shop","description":"Tourcruiser Sneaker Store \u2014 der Ort, an dem das Universum deine Einzigartigkeit trifft.","publisher":{"@id":"https:\/\/tourcruiser.com\/de\/#organization"},"potentialAction":[{"@type":"SearchAction","target":{"@type":"EntryPoint","urlTemplate":"https:\/\/tourcruiser.com\/de\/?s={search_term_string}"},"query-input":{"@type":"PropertyValueSpecification","valueRequired":true,"valueName":"search_term_string"}}],"inLanguage":"de"},{"@type":"Organization","@id":"https:\/\/tourcruiser.com\/de\/#organization","name":"STYLORAL PTE. LTD","url":"https:\/\/tourcruiser.com\/de\/","logo":{"@type":"ImageObject","inLanguage":"de","@id":"https:\/\/tourcruiser.com\/de\/#\/schema\/logo\/image\/","url":"https:\/\/www.tourcruiser.com\/wp-content\/uploads\/2025\/12\/logo.png","contentUrl":"https:\/\/www.tourcruiser.com\/wp-content\/uploads\/2025\/12\/logo.png","width":200,"height":65,"caption":"STYLORAL PTE. LTD"},"image":{"@id":"https:\/\/tourcruiser.com\/de\/#\/schema\/logo\/image\/"}}]}},"_links":{"self":[{"href":"https:\/\/tourcruiser.com\/de\/wp-json\/wp\/v2\/product\/183582","targetHints":{"allow":["GET"]}}],"collection":[{"href":"https:\/\/tourcruiser.com\/de\/wp-json\/wp\/v2\/product"}],"about":[{"href":"https:\/\/tourcruiser.com\/de\/wp-json\/wp\/v2\/types\/product"}],"replies":[{"embeddable":true,"href":"https:\/\/tourcruiser.com\/de\/wp-json\/wp\/v2\/comments?post=183582"}],"wp:featuredmedia":[{"embeddable":true,"href":"https:\/\/tourcruiser.com\/de\/wp-json\/wp\/v2\/media\/183583"}],"wp:attachment":[{"href":"https:\/\/tourcruiser.com\/de\/wp-json\/wp\/v2\/media?parent=183582"}],"wp:term":[{"taxonomy":"product_brand","embeddable":true,"href":"https:\/\/tourcruiser.com\/de\/wp-json\/wp\/v2\/product_brand?post=183582"},{"taxonomy":"product_cat","embeddable":true,"href":"https:\/\/tourcruiser.com\/de\/wp-json\/wp\/v2\/product_cat?post=183582"},{"taxonomy":"product_tag","embeddable":true,"href":"https:\/\/tourcruiser.com\/de\/wp-json\/wp\/v2\/product_tag?post=183582"}],"curies":[{"name":"wp","href":"https:\/\/api.w.org\/{rel}","templated":true}]}}