{"id":183054,"date":"2026-03-02T16:39:59","date_gmt":"2026-03-02T09:39:59","guid":{"rendered":"http:\/\/tourcruiser.com\/product\/women-adidas-gazelle-indoor-pink-satin-suede"},"modified":"2026-03-28T01:50:09","modified_gmt":"2026-03-27T18:50:09","slug":"women-adidas-gazelle-indoor-pink-satin-suede","status":"publish","type":"product","link":"https:\/\/tourcruiser.com\/de\/products\/women-adidas-gazelle-indoor-pink-satin-suede\/","title":{"rendered":"(Women) adidas Gazelle Indoor &#8218;Pink Satin Suede&#8216;"},"content":{"rendered":"<p>Der Gazelle Indoor JI2709 ist ein leistungsstarker Fitnessbegleiter f\u00fcr drinnen, der mit seiner nahtlosen Funktionalit\u00e4t und dem kompakten Design Ihr Trainingserlebnis optimiert. Dank seines robusten und leichten Rahmens bietet er optimale Stabilit\u00e4t und Mobilit\u00e4t und eignet sich daher ideal f\u00fcr Zuhause, Fitnessstudios oder Studios. Die intuitive Bedienung und der reibungslose Betrieb erm\u00f6glichen ein komfortables und effektives Training f\u00fcr jedes Fitnesslevel. Mit seinem innovativen Design vereint der Gazelle Indoor JI2709 stilvolle \u00c4sthetik mit praktischer Leistung und f\u00fcgt sich perfekt in jede Indoor-Umgebung ein. Dank der Verwendung fortschrittlicher Materialien und modernster Technik ist dieses Produkt besonders langlebig und zuverl\u00e4ssig f\u00fcr den t\u00e4glichen Gebrauch. Erreichen Sie neue Fitnessziele mit dem Gazelle Indoor JI2709 \u201d\u201c hier trifft Effizienz auf Komfort.<\/p>\n<p>Farbvariante: Wonder Quartz\/Wonder Mauve\/Gold Metallic<\/p>\n<p>Artikelnummer: JI2709<\/p>\n<p>Farbe: Pink<\/p>\n<p>Farbe: Pink<\/p>\n","protected":false},"excerpt":{"rendered":"<p>adidas Gazelle Indoor \u201d\u201d Wonder Quartz\/Wonder Mauve\/Gold Metallic<\/p>\n","protected":false},"featured_media":183055,"comment_status":"open","ping_status":"closed","template":"","meta":[],"product_brand":[],"product_cat":[10941],"product_tag":[10759,10750,11460,10802,10756,10758],"class_list":{"0":"post-183054","1":"product","2":"type-product","3":"status-publish","4":"has-post-thumbnail","6":"product_cat-adidas-women","7":"product_tag-adidas","8":"product_tag-athleisure-shoes","9":"product_tag-lifestyle-shoes-casual","10":"product_tag-performance-sport-shoes","11":"product_tag-retro-casual-shoes","12":"product_tag-under-retail","13":"wcpa_has_options","15":"first","16":"outofstock","17":"sale","18":"taxable","19":"shipping-taxable","20":"purchasable","21":"product-type-simple"},"wcpa_form_fields":{"rules":{"pric_overide_base_price":false,"pric_overide_base_price_if_gt_zero":false,"pric_overide_base_price_fully":false,"pric_cal_option_once":false,"pric_use_as_fee":false,"bind_quantity":false,"quantity_bind_formula":false},"fields":[{"type":"color-group","required":true,"elementId":"wcpa-color-group-66c4a7f817afe","label":"Gr\u00f6\u00dfe","inline":true,"priceOptions":"different_for_all","pricingType":"fixed","className":"hassizechart product-shoes-size-eu product-shoes-size","name":"color-group-66c4a7f817b18","disp_type":"square","selection_type":"tick-border","disp_size":"50","show_label_inside":true,"adjust_width":true,"cart_display_type":"text","other_text":"Other","cl_rule":"show","col":6,"values":[{"label":"35","value":"EU 35","price":"","pimage":"","pimage_id":"","pthumb":"","color":""},{"label":"35.5","value":"EU 35.5","price":"","pimage":"","pimage_id":"","pthumb":"","color":""},{"label":"36","value":"EU 36","price":"","pimage":"","pimage_id":"","pthumb":"","color":"","selected":true},{"label":"36 2\/3","value":"EU 36 2\/3","price":"","pimage":"","pimage_id":"","pthumb":"","color":""},{"label":"37 1\/3","value":"EU 37 1\/3","price":"","pimage":"","pimage_id":"","pthumb":"","color":""},{"label":"38","value":"EU 38","price":"","pimage":"","pimage_id":"","pthumb":"","color":""},{"label":"38 2\/3","value":"EU 38 2\/3","price":"","pimage":"","pimage_id":"","pthumb":"","color":""},{"label":"39 1\/3","value":"EU 39 1\/3","price":"","pimage":"","pimage_id":"","pthumb":"","color":""},{"label":"40","value":"EU 40","price":"","pimage":"","pimage_id":"","pthumb":"","color":""},{"label":"40 2\/3","value":"EU 40 2\/3","price":"","pimage":"","pimage_id":"","pthumb":"","color":""},{"label":"41 1\/3","value":"EU 41 1\/3","price":"","pimage":"","pimage_id":"","pthumb":"","color":""},{"label":"42","value":"EU 42","price":"","pimage":"","pimage_id":"","pthumb":"","color":""},{"label":"42 2\/3","value":"EU 42 2\/3","price":"","pimage":"","pimage_id":"","pthumb":"","color":""},{"label":"43 1\/3","value":"EU 43 1\/3","price":"","pimage":"","pimage_id":"","pthumb":"","color":""},{"label":"44","value":"EU 44","price":"","pimage":"","pimage_id":"","pthumb":"","color":""},{"label":"44 2\/3","value":"EU 44 2\/3","price":"","pimage":"","pimage_id":"","pthumb":"","color":""},{"label":"45 1\/3","value":"EU 45 1\/3","price":"","pimage":"","pimage_id":"","pthumb":"","color":""},{"label":"46","value":"EU 46","price":"","pimage":"","pimage_id":"","pthumb":"","color":""},{"label":"46 2\/3","value":"EU 46 2\/3","price":"","pimage":"","pimage_id":"","pthumb":"","color":""},{"label":"47 1\/3","value":"EU 47 1\/3","price":"","pimage":"","pimage_id":"","pthumb":"","color":""}],"relations":[{"operator":false,"rules":[]}],"form_id":24802,"form_rules":{"pric_cal_option_once":false,"exclude_from_discount":false,"pric_use_as_fee":false,"fee_label":"Fee","render_after_acb":false,"disp_hide_options_price":false}}]},"yoast_head":"<!-- This site is optimized with the Yoast SEO plugin v26.5 - https:\/\/yoast.com\/wordpress\/plugins\/seo\/ -->\n<title>(Women) adidas Gazelle Indoor &#039;Pink Satin Suede&#039;  - Tourcruiser PTE. LTD<\/title>\n<meta name=\"robots\" content=\"index, follow, max-snippet:-1, max-image-preview:large, max-video-preview:-1\" \/>\n<link rel=\"canonical\" href=\"https:\/\/tourcruiser.com\/de\/products\/women-adidas-gazelle-indoor-pink-satin-suede\/\" \/>\n<meta property=\"og:locale\" content=\"de_DE\" \/>\n<meta property=\"og:type\" content=\"article\" \/>\n<meta property=\"og:title\" content=\"(Women) adidas Gazelle Indoor &#039;Pink Satin Suede&#039;  - Tourcruiser PTE. LTD\" \/>\n<meta property=\"og:description\" content=\"adidas Gazelle Indoor \u201d\u201d Wonder Quartz\/Wonder Mauve\/Gold Metallic\" \/>\n<meta property=\"og:url\" content=\"https:\/\/tourcruiser.com\/de\/products\/women-adidas-gazelle-indoor-pink-satin-suede\/\" \/>\n<meta property=\"og:site_name\" content=\"Tourcruiser Sneaker Store\" \/>\n<meta property=\"article:modified_time\" content=\"2026-03-27T18:50:09+00:00\" \/>\n<meta name=\"twitter:card\" content=\"summary_large_image\" \/>\n<meta name=\"twitter:image\" content=\"https:\/\/images.novelship.com\/product\/_w__gazelle_indoor_ji2709_0_97728.jpeg;https:\/\/images.novelship.com\/product\/_w__gazelle_indoor_ji2709_1_97729.jpeg;https:\/\/images.novelship.com\/product\/_w__gazelle_indoor_ji2709_2_97729.jpeg;https:\/\/images.novelship.com\/product\/_w__gazelle_indoor_ji2709_3_97729.jpeg;https:\/\/images.novelship.com\/product\/_w__gazelle_indoor_ji2709_4_97729.jpeg;https:\/\/images.novelship.com\/product\/_w__gazelle_indoor_ji2709_5_97729.jpeg;https:\/\/images.novelship.com\/product\/_w__gazelle_indoor_ji2709_6_97729.jpeg;https:\/\/images.novelship.com\/product\/_w__gazelle_indoor_ji2709_7_97729.jpeg;https:\/\/images.novelship.com\/product\/_w__gazelle_indoor_ji2709_8_97729.jpeg\" \/>\n<meta name=\"twitter:label1\" content=\"Gesch\u00e4tzte Lesezeit\" \/>\n\t<meta name=\"twitter:data1\" content=\"1\u00a0Minute\" \/>\n<script type=\"application\/ld+json\" class=\"yoast-schema-graph\">{\"@context\":\"https:\/\/schema.org\",\"@graph\":[{\"@type\":\"WebPage\",\"@id\":\"https:\/\/tourcruiser.com\/de\/products\/women-adidas-gazelle-indoor-pink-satin-suede\/\",\"url\":\"https:\/\/tourcruiser.com\/de\/products\/women-adidas-gazelle-indoor-pink-satin-suede\/\",\"name\":\"(Women) adidas Gazelle Indoor 'Pink Satin Suede' - Tourcruiser PTE. LTD\",\"isPartOf\":{\"@id\":\"https:\/\/tourcruiser.com\/de\/#website\"},\"primaryImageOfPage\":{\"@id\":\"https:\/\/tourcruiser.com\/de\/products\/women-adidas-gazelle-indoor-pink-satin-suede\/#primaryimage\"},\"image\":{\"@id\":\"https:\/\/tourcruiser.com\/de\/products\/women-adidas-gazelle-indoor-pink-satin-suede\/#primaryimage\"},\"thumbnailUrl\":\"https:\/\/images.novelship.com\/product\/_w__gazelle_indoor_ji2709_0_97728.jpeg;https:\/\/images.novelship.com\/product\/_w__gazelle_indoor_ji2709_1_97729.jpeg;https:\/\/images.novelship.com\/product\/_w__gazelle_indoor_ji2709_2_97729.jpeg;https:\/\/images.novelship.com\/product\/_w__gazelle_indoor_ji2709_3_97729.jpeg;https:\/\/images.novelship.com\/product\/_w__gazelle_indoor_ji2709_4_97729.jpeg;https:\/\/images.novelship.com\/product\/_w__gazelle_indoor_ji2709_5_97729.jpeg;https:\/\/images.novelship.com\/product\/_w__gazelle_indoor_ji2709_6_97729.jpeg;https:\/\/images.novelship.com\/product\/_w__gazelle_indoor_ji2709_7_97729.jpeg;https:\/\/images.novelship.com\/product\/_w__gazelle_indoor_ji2709_8_97729.jpeg\",\"datePublished\":\"2026-03-02T09:39:59+00:00\",\"dateModified\":\"2026-03-27T18:50:09+00:00\",\"breadcrumb\":{\"@id\":\"https:\/\/tourcruiser.com\/de\/products\/women-adidas-gazelle-indoor-pink-satin-suede\/#breadcrumb\"},\"inLanguage\":\"de\",\"potentialAction\":[{\"@type\":\"ReadAction\",\"target\":[\"https:\/\/tourcruiser.com\/de\/products\/women-adidas-gazelle-indoor-pink-satin-suede\/\"]}]},{\"@type\":\"ImageObject\",\"inLanguage\":\"de\",\"@id\":\"https:\/\/tourcruiser.com\/de\/products\/women-adidas-gazelle-indoor-pink-satin-suede\/#primaryimage\",\"url\":\"https:\/\/images.novelship.com\/product\/_w__gazelle_indoor_ji2709_0_97728.jpeg;https:\/\/images.novelship.com\/product\/_w__gazelle_indoor_ji2709_1_97729.jpeg;https:\/\/images.novelship.com\/product\/_w__gazelle_indoor_ji2709_2_97729.jpeg;https:\/\/images.novelship.com\/product\/_w__gazelle_indoor_ji2709_3_97729.jpeg;https:\/\/images.novelship.com\/product\/_w__gazelle_indoor_ji2709_4_97729.jpeg;https:\/\/images.novelship.com\/product\/_w__gazelle_indoor_ji2709_5_97729.jpeg;https:\/\/images.novelship.com\/product\/_w__gazelle_indoor_ji2709_6_97729.jpeg;https:\/\/images.novelship.com\/product\/_w__gazelle_indoor_ji2709_7_97729.jpeg;https:\/\/images.novelship.com\/product\/_w__gazelle_indoor_ji2709_8_97729.jpeg\",\"contentUrl\":\"https:\/\/images.novelship.com\/product\/_w__gazelle_indoor_ji2709_0_97728.jpeg;https:\/\/images.novelship.com\/product\/_w__gazelle_indoor_ji2709_1_97729.jpeg;https:\/\/images.novelship.com\/product\/_w__gazelle_indoor_ji2709_2_97729.jpeg;https:\/\/images.novelship.com\/product\/_w__gazelle_indoor_ji2709_3_97729.jpeg;https:\/\/images.novelship.com\/product\/_w__gazelle_indoor_ji2709_4_97729.jpeg;https:\/\/images.novelship.com\/product\/_w__gazelle_indoor_ji2709_5_97729.jpeg;https:\/\/images.novelship.com\/product\/_w__gazelle_indoor_ji2709_6_97729.jpeg;https:\/\/images.novelship.com\/product\/_w__gazelle_indoor_ji2709_7_97729.jpeg;https:\/\/images.novelship.com\/product\/_w__gazelle_indoor_ji2709_8_97729.jpeg\"},{\"@type\":\"BreadcrumbList\",\"@id\":\"https:\/\/tourcruiser.com\/de\/products\/women-adidas-gazelle-indoor-pink-satin-suede\/#breadcrumb\",\"itemListElement\":[{\"@type\":\"ListItem\",\"position\":1,\"name\":\"Home\",\"item\":\"https:\/\/tourcruiser.com\/de\/\"},{\"@type\":\"ListItem\",\"position\":2,\"name\":\"Shop\",\"item\":\"https:\/\/tourcruiser.com\/de\/shop\/\"},{\"@type\":\"ListItem\",\"position\":3,\"name\":\"(Women) adidas Gazelle Indoor 'Pink Satin Suede'\"}]},{\"@type\":\"WebSite\",\"@id\":\"https:\/\/tourcruiser.com\/de\/#website\",\"url\":\"https:\/\/tourcruiser.com\/de\/\",\"name\":\"Styloral Jewelry Shop\",\"description\":\"Tourcruiser Sneaker Store \u2014 der Ort, an dem das Universum deine Einzigartigkeit trifft.\",\"publisher\":{\"@id\":\"https:\/\/tourcruiser.com\/de\/#organization\"},\"potentialAction\":[{\"@type\":\"SearchAction\",\"target\":{\"@type\":\"EntryPoint\",\"urlTemplate\":\"https:\/\/tourcruiser.com\/de\/?s={search_term_string}\"},\"query-input\":{\"@type\":\"PropertyValueSpecification\",\"valueRequired\":true,\"valueName\":\"search_term_string\"}}],\"inLanguage\":\"de\"},{\"@type\":\"Organization\",\"@id\":\"https:\/\/tourcruiser.com\/de\/#organization\",\"name\":\"STYLORAL PTE. LTD\",\"url\":\"https:\/\/tourcruiser.com\/de\/\",\"logo\":{\"@type\":\"ImageObject\",\"inLanguage\":\"de\",\"@id\":\"https:\/\/tourcruiser.com\/de\/#\/schema\/logo\/image\/\",\"url\":\"https:\/\/www.tourcruiser.com\/wp-content\/uploads\/2025\/12\/logo.png\",\"contentUrl\":\"https:\/\/www.tourcruiser.com\/wp-content\/uploads\/2025\/12\/logo.png\",\"width\":200,\"height\":65,\"caption\":\"STYLORAL PTE. LTD\"},\"image\":{\"@id\":\"https:\/\/tourcruiser.com\/de\/#\/schema\/logo\/image\/\"}}]}<\/script>\n<!-- \/ Yoast SEO plugin. -->","yoast_head_json":{"title":"(Women) adidas Gazelle Indoor 'Pink Satin Suede'  - Tourcruiser PTE. LTD","robots":{"index":"index","follow":"follow","max-snippet":"max-snippet:-1","max-image-preview":"max-image-preview:large","max-video-preview":"max-video-preview:-1"},"canonical":"https:\/\/tourcruiser.com\/de\/products\/women-adidas-gazelle-indoor-pink-satin-suede\/","og_locale":"de_DE","og_type":"article","og_title":"(Women) adidas Gazelle Indoor 'Pink Satin Suede'  - Tourcruiser PTE. LTD","og_description":"adidas Gazelle Indoor \u201d\u201d Wonder Quartz\/Wonder Mauve\/Gold Metallic","og_url":"https:\/\/tourcruiser.com\/de\/products\/women-adidas-gazelle-indoor-pink-satin-suede\/","og_site_name":"Tourcruiser Sneaker Store","article_modified_time":"2026-03-27T18:50:09+00:00","twitter_card":"summary_large_image","twitter_image":"https:\/\/images.novelship.com\/product\/_w__gazelle_indoor_ji2709_0_97728.jpeg;https:\/\/images.novelship.com\/product\/_w__gazelle_indoor_ji2709_1_97729.jpeg;https:\/\/images.novelship.com\/product\/_w__gazelle_indoor_ji2709_2_97729.jpeg;https:\/\/images.novelship.com\/product\/_w__gazelle_indoor_ji2709_3_97729.jpeg;https:\/\/images.novelship.com\/product\/_w__gazelle_indoor_ji2709_4_97729.jpeg;https:\/\/images.novelship.com\/product\/_w__gazelle_indoor_ji2709_5_97729.jpeg;https:\/\/images.novelship.com\/product\/_w__gazelle_indoor_ji2709_6_97729.jpeg;https:\/\/images.novelship.com\/product\/_w__gazelle_indoor_ji2709_7_97729.jpeg;https:\/\/images.novelship.com\/product\/_w__gazelle_indoor_ji2709_8_97729.jpeg","twitter_misc":{"Gesch\u00e4tzte Lesezeit":"1\u00a0Minute"},"schema":{"@context":"https:\/\/schema.org","@graph":[{"@type":"WebPage","@id":"https:\/\/tourcruiser.com\/de\/products\/women-adidas-gazelle-indoor-pink-satin-suede\/","url":"https:\/\/tourcruiser.com\/de\/products\/women-adidas-gazelle-indoor-pink-satin-suede\/","name":"(Women) adidas Gazelle Indoor 'Pink Satin Suede' - Tourcruiser PTE. LTD","isPartOf":{"@id":"https:\/\/tourcruiser.com\/de\/#website"},"primaryImageOfPage":{"@id":"https:\/\/tourcruiser.com\/de\/products\/women-adidas-gazelle-indoor-pink-satin-suede\/#primaryimage"},"image":{"@id":"https:\/\/tourcruiser.com\/de\/products\/women-adidas-gazelle-indoor-pink-satin-suede\/#primaryimage"},"thumbnailUrl":"https:\/\/images.novelship.com\/product\/_w__gazelle_indoor_ji2709_0_97728.jpeg;https:\/\/images.novelship.com\/product\/_w__gazelle_indoor_ji2709_1_97729.jpeg;https:\/\/images.novelship.com\/product\/_w__gazelle_indoor_ji2709_2_97729.jpeg;https:\/\/images.novelship.com\/product\/_w__gazelle_indoor_ji2709_3_97729.jpeg;https:\/\/images.novelship.com\/product\/_w__gazelle_indoor_ji2709_4_97729.jpeg;https:\/\/images.novelship.com\/product\/_w__gazelle_indoor_ji2709_5_97729.jpeg;https:\/\/images.novelship.com\/product\/_w__gazelle_indoor_ji2709_6_97729.jpeg;https:\/\/images.novelship.com\/product\/_w__gazelle_indoor_ji2709_7_97729.jpeg;https:\/\/images.novelship.com\/product\/_w__gazelle_indoor_ji2709_8_97729.jpeg","datePublished":"2026-03-02T09:39:59+00:00","dateModified":"2026-03-27T18:50:09+00:00","breadcrumb":{"@id":"https:\/\/tourcruiser.com\/de\/products\/women-adidas-gazelle-indoor-pink-satin-suede\/#breadcrumb"},"inLanguage":"de","potentialAction":[{"@type":"ReadAction","target":["https:\/\/tourcruiser.com\/de\/products\/women-adidas-gazelle-indoor-pink-satin-suede\/"]}]},{"@type":"ImageObject","inLanguage":"de","@id":"https:\/\/tourcruiser.com\/de\/products\/women-adidas-gazelle-indoor-pink-satin-suede\/#primaryimage","url":"https:\/\/images.novelship.com\/product\/_w__gazelle_indoor_ji2709_0_97728.jpeg;https:\/\/images.novelship.com\/product\/_w__gazelle_indoor_ji2709_1_97729.jpeg;https:\/\/images.novelship.com\/product\/_w__gazelle_indoor_ji2709_2_97729.jpeg;https:\/\/images.novelship.com\/product\/_w__gazelle_indoor_ji2709_3_97729.jpeg;https:\/\/images.novelship.com\/product\/_w__gazelle_indoor_ji2709_4_97729.jpeg;https:\/\/images.novelship.com\/product\/_w__gazelle_indoor_ji2709_5_97729.jpeg;https:\/\/images.novelship.com\/product\/_w__gazelle_indoor_ji2709_6_97729.jpeg;https:\/\/images.novelship.com\/product\/_w__gazelle_indoor_ji2709_7_97729.jpeg;https:\/\/images.novelship.com\/product\/_w__gazelle_indoor_ji2709_8_97729.jpeg","contentUrl":"https:\/\/images.novelship.com\/product\/_w__gazelle_indoor_ji2709_0_97728.jpeg;https:\/\/images.novelship.com\/product\/_w__gazelle_indoor_ji2709_1_97729.jpeg;https:\/\/images.novelship.com\/product\/_w__gazelle_indoor_ji2709_2_97729.jpeg;https:\/\/images.novelship.com\/product\/_w__gazelle_indoor_ji2709_3_97729.jpeg;https:\/\/images.novelship.com\/product\/_w__gazelle_indoor_ji2709_4_97729.jpeg;https:\/\/images.novelship.com\/product\/_w__gazelle_indoor_ji2709_5_97729.jpeg;https:\/\/images.novelship.com\/product\/_w__gazelle_indoor_ji2709_6_97729.jpeg;https:\/\/images.novelship.com\/product\/_w__gazelle_indoor_ji2709_7_97729.jpeg;https:\/\/images.novelship.com\/product\/_w__gazelle_indoor_ji2709_8_97729.jpeg"},{"@type":"BreadcrumbList","@id":"https:\/\/tourcruiser.com\/de\/products\/women-adidas-gazelle-indoor-pink-satin-suede\/#breadcrumb","itemListElement":[{"@type":"ListItem","position":1,"name":"Home","item":"https:\/\/tourcruiser.com\/de\/"},{"@type":"ListItem","position":2,"name":"Shop","item":"https:\/\/tourcruiser.com\/de\/shop\/"},{"@type":"ListItem","position":3,"name":"(Women) adidas Gazelle Indoor 'Pink Satin Suede'"}]},{"@type":"WebSite","@id":"https:\/\/tourcruiser.com\/de\/#website","url":"https:\/\/tourcruiser.com\/de\/","name":"Styloral Jewelry Shop","description":"Tourcruiser Sneaker Store \u2014 der Ort, an dem das Universum deine Einzigartigkeit trifft.","publisher":{"@id":"https:\/\/tourcruiser.com\/de\/#organization"},"potentialAction":[{"@type":"SearchAction","target":{"@type":"EntryPoint","urlTemplate":"https:\/\/tourcruiser.com\/de\/?s={search_term_string}"},"query-input":{"@type":"PropertyValueSpecification","valueRequired":true,"valueName":"search_term_string"}}],"inLanguage":"de"},{"@type":"Organization","@id":"https:\/\/tourcruiser.com\/de\/#organization","name":"STYLORAL PTE. LTD","url":"https:\/\/tourcruiser.com\/de\/","logo":{"@type":"ImageObject","inLanguage":"de","@id":"https:\/\/tourcruiser.com\/de\/#\/schema\/logo\/image\/","url":"https:\/\/www.tourcruiser.com\/wp-content\/uploads\/2025\/12\/logo.png","contentUrl":"https:\/\/www.tourcruiser.com\/wp-content\/uploads\/2025\/12\/logo.png","width":200,"height":65,"caption":"STYLORAL PTE. LTD"},"image":{"@id":"https:\/\/tourcruiser.com\/de\/#\/schema\/logo\/image\/"}}]}},"_links":{"self":[{"href":"https:\/\/tourcruiser.com\/de\/wp-json\/wp\/v2\/product\/183054","targetHints":{"allow":["GET"]}}],"collection":[{"href":"https:\/\/tourcruiser.com\/de\/wp-json\/wp\/v2\/product"}],"about":[{"href":"https:\/\/tourcruiser.com\/de\/wp-json\/wp\/v2\/types\/product"}],"replies":[{"embeddable":true,"href":"https:\/\/tourcruiser.com\/de\/wp-json\/wp\/v2\/comments?post=183054"}],"wp:featuredmedia":[{"embeddable":true,"href":"https:\/\/tourcruiser.com\/de\/wp-json\/wp\/v2\/media\/183055"}],"wp:attachment":[{"href":"https:\/\/tourcruiser.com\/de\/wp-json\/wp\/v2\/media?parent=183054"}],"wp:term":[{"taxonomy":"product_brand","embeddable":true,"href":"https:\/\/tourcruiser.com\/de\/wp-json\/wp\/v2\/product_brand?post=183054"},{"taxonomy":"product_cat","embeddable":true,"href":"https:\/\/tourcruiser.com\/de\/wp-json\/wp\/v2\/product_cat?post=183054"},{"taxonomy":"product_tag","embeddable":true,"href":"https:\/\/tourcruiser.com\/de\/wp-json\/wp\/v2\/product_tag?post=183054"}],"curies":[{"name":"wp","href":"https:\/\/api.w.org\/{rel}","templated":true}]}}