{"id":182944,"date":"2026-03-02T16:39:50","date_gmt":"2026-03-02T09:39:50","guid":{"rendered":"http:\/\/tourcruiser.com\/product\/women-nike-metcon-9-amp-burgundy-crush-dark"},"modified":"2026-03-28T01:50:02","modified_gmt":"2026-03-27T18:50:02","slug":"women-nike-metcon-9-amp-burgundy-crush-dark","status":"publish","type":"product","link":"https:\/\/tourcruiser.com\/de\/products\/women-nike-metcon-9-amp-burgundy-crush-dark\/","title":{"rendered":"(Women) Nike Metcon 9 AMP &#8218;Burgundy Crush Dark&#8216;"},"content":{"rendered":"<p>Steigere dein Training mit dem Nike Metcon 9 AMP f\u00fcr Damen in \u201eBurgundy Crush Dark\u201c \u201d\u201c die ultimative Kombination aus Strapazierf\u00e4higkeit, Stabilit\u00e4t und Style f\u00fcr intensive Workouts.<\/p>\n<p>Dieser vielseitige Schuh ist f\u00fcr alles geeignet, vom Gewichtheben bis zum hochintensiven Intervalltraining. Er verf\u00fcgt \u00fcber eine flache, breite Ferse f\u00fcr optimale Stabilit\u00e4t und ein leichtes, aber abriebfestes Obermaterial, das Atmungsaktivit\u00e4t und Halt bietet. Die auff\u00e4llige Farbgebung in \u201eBurgundy Crush Dark\u201c verleiht deinem Sportoutfit einen modernen, schicken Look und unterstreicht gleichzeitig den Performance-Ansatz, f\u00fcr den Metcon bekannt ist.<\/p>\n<p>Die innovative React-Schaum-Mittelsohle bietet reaktionsfreudige D\u00e4mpfung f\u00fcr zus\u00e4tzlichen Komfort beim Cardiotraining, w\u00e4hrend die griffige Au\u00dfensohle die Traktion auf verschiedenen Untergr\u00fcnden verbessert. Eine \u00fcberarbeitete Gummierung an wichtigen Stellen f\u00fcr Seilklettern und andere funktionelle Fitness\u00fcbungen sorgt f\u00fcr Langlebigkeit genau dort, wo sie am meisten z\u00e4hlt.<\/p>\n<p>Der Nike Metcon 9 AMP f\u00fcr Damen wurde f\u00fcr Athletinnen entwickelt, die in jeder Trainingseinheit H\u00f6chstleistungen erbringen wollen, ohne dabei auf Style zu verzichten. Egal ob beim Gewichtheben oder beim intensiven Zirkeltraining \u201d\u201c dieser Schuh gibt dir Selbstvertrauen, Komfort und macht dich f\u00fcr alles bereit.<\/p>\n<p>Erlebe unvergleichlichen Halt und optimale Funktionalit\u00e4t mit dem Metcon 9 AMP. Er wurde entwickelt, um dich dabei zu unterst\u00fctzen, deine Grenzen zu erweitern und deine Fitnessziele dynamisch zu erreichen.<\/p>\n<p>Farbgebung: Burgundy Crush\/Dark Beetroot\/Rush Pink\/Schwarz<\/p>\n<p>Artikelnummer: DZ2539-600<\/p>\n<p>Obermaterial: Mesh<\/p>\n<p>Zwischensohle: Hyperlift<\/p>\n<p>Farbe: Rot<\/p>\n<p>Farbe: Rot<\/p>\n","protected":false},"excerpt":{"rendered":"<p>Nike Metcon 9 \u201d\u201d Burgundy Crush\/Dark Beetroot\/Rush Pink\/Black<\/p>\n","protected":false},"featured_media":182945,"comment_status":"open","ping_status":"closed","template":"","meta":[],"product_brand":[],"product_cat":[10809],"product_tag":[10847,10926,10801,10802,10873,10785,10786,10758],"class_list":{"0":"post-182944","1":"product","2":"type-product","3":"status-publish","4":"has-post-thumbnail","6":"product_cat-nike-women","7":"product_tag-best-finds-under-100","8":"product_tag-gift-for-her","9":"product_tag-nike","10":"product_tag-performance-sport-shoes","11":"product_tag-training-shoes","12":"product_tag-trending-deals","13":"product_tag-trending-deals-under-150","14":"product_tag-under-retail","15":"wcpa_has_options","17":"first","18":"outofstock","19":"taxable","20":"shipping-taxable","21":"purchasable","22":"product-type-simple"},"wcpa_form_fields":{"rules":{"pric_overide_base_price":false,"pric_overide_base_price_if_gt_zero":false,"pric_overide_base_price_fully":false,"pric_cal_option_once":false,"pric_use_as_fee":false,"bind_quantity":false,"quantity_bind_formula":false},"fields":[{"type":"color-group","required":true,"elementId":"wcpa-color-group-66c4a75505e74","label":"Gr\u00f6\u00dfe - EU Gr\u00f6\u00dfe","inline":true,"priceOptions":"different_for_all","pricingType":"fixed","className":"hassizechart product-shoes-size-eu product-shoes-size","name":"color-group-66c4a75505e89","disp_type":"square","selection_type":"tick-border","disp_size":"44","show_label_inside":true,"adjust_width":true,"cart_display_type":"text","other_text":"Other","cl_rule":"show","col":6,"values":[{"label":"35.5","value":"EU 35.5","price":"","pimage":"","pimage_id":"","pthumb":"","color":""},{"label":"36","value":"EU 36","price":"","pimage":"","pimage_id":"","pthumb":"","color":"","selected":true},{"label":"36.5","value":"EU 36.5","price":"","pimage":"","pimage_id":"","pthumb":"","color":""},{"label":"37.5","value":"EU 37.5","price":"","pimage":"","pimage_id":"","pthumb":"","color":""},{"label":"38","value":"EU 38","price":"","pimage":"","pimage_id":"","pthumb":"","color":""},{"label":"38.5","value":"EU 38.5","price":"","pimage":"","pimage_id":"","pthumb":"","color":""},{"label":"39","value":"EU 39","price":"","pimage":"","pimage_id":"","pthumb":"","color":""},{"label":"40","value":"EU 40","price":"","pimage":"","pimage_id":"","pthumb":"","color":""},{"label":"40.5","value":"EU 40.5","price":"","pimage":"","pimage_id":"","pthumb":"","color":""},{"label":"41","value":"EU 41","price":"","pimage":"","pimage_id":"","pthumb":"","color":""},{"label":"42","value":"EU 42","price":"","pimage":"","pimage_id":"","pthumb":"","color":""},{"label":"42.5","value":"EU 42.5","price":"","pimage":"","pimage_id":"","pthumb":"","color":""},{"label":"43","value":"EU 43","price":"","pimage":"","pimage_id":"","pthumb":"","color":""},{"label":"44","value":"EU 44","price":"","pimage":"","pimage_id":"","pthumb":"","color":""},{"label":"44.5","value":"EU 44.5","price":"","pimage":"","pimage_id":"","pthumb":"","color":""},{"label":"45","value":"EU 45","price":"","pimage":"","pimage_id":"","pthumb":"","color":""},{"label":"45.5","value":"EU 45.5","price":"","pimage":"","pimage_id":"","pthumb":"","color":""},{"label":"46","value":"EU 46","price":"","pimage":"","pimage_id":"","pthumb":"","color":""},{"label":"47","value":"EU 47","price":"","pimage":"","pimage_id":"","pthumb":"","color":""},{"label":"47.5","value":"EU 47.5","price":"","pimage":"","pimage_id":"","pthumb":"","color":""},{"label":"48","value":"EU 48","price":"","pimage":"","pimage_id":"","pthumb":"","color":""}],"relations":[{"operator":false,"rules":[]}],"form_id":18106,"form_rules":{"pric_cal_option_once":false,"exclude_from_discount":false,"pric_use_as_fee":false,"fee_label":"Fee","render_after_acb":false,"disp_hide_options_price":false}}]},"yoast_head":"<!-- This site is optimized with the Yoast SEO plugin v26.5 - https:\/\/yoast.com\/wordpress\/plugins\/seo\/ -->\n<title>(Women) Nike Metcon 9 AMP &#039;Burgundy Crush Dark&#039;  - Tourcruiser PTE. LTD<\/title>\n<meta name=\"robots\" content=\"index, follow, max-snippet:-1, max-image-preview:large, max-video-preview:-1\" \/>\n<link rel=\"canonical\" href=\"https:\/\/tourcruiser.com\/de\/products\/women-nike-metcon-9-amp-burgundy-crush-dark\/\" \/>\n<meta property=\"og:locale\" content=\"de_DE\" \/>\n<meta property=\"og:type\" content=\"article\" \/>\n<meta property=\"og:title\" content=\"(Women) Nike Metcon 9 AMP &#039;Burgundy Crush Dark&#039;  - Tourcruiser PTE. LTD\" \/>\n<meta property=\"og:description\" content=\"Nike Metcon 9 \u201d\u201d Burgundy Crush\/Dark Beetroot\/Rush Pink\/Black\" \/>\n<meta property=\"og:url\" content=\"https:\/\/tourcruiser.com\/de\/products\/women-nike-metcon-9-amp-burgundy-crush-dark\/\" \/>\n<meta property=\"og:site_name\" content=\"Tourcruiser Sneaker Store\" \/>\n<meta property=\"article:modified_time\" content=\"2026-03-27T18:50:02+00:00\" \/>\n<meta name=\"twitter:card\" content=\"summary_large_image\" \/>\n<meta name=\"twitter:image\" content=\"https:\/\/images.novelship.com\/product\/_women__nike_metcon_9_amp__burgundy_crush_dark__dz_0_98510.jpeg;https:\/\/images.novelship.com\/product\/_women__nike_metcon_9_amp__burgundy_crush_dark__dz_1_98510.jpeg;https:\/\/images.novelship.com\/product\/_women__nike_metcon_9_amp__burgundy_crush_dark__dz_2_98510.jpeg;https:\/\/images.novelship.com\/product\/_women__nike_metcon_9_amp__burgundy_crush_dark__dz_3_98510.jpeg;https:\/\/images.novelship.com\/product\/_women__nike_metcon_9_amp__burgundy_crush_dark__dz_4_98510.jpeg;https:\/\/images.novelship.com\/product\/_women__nike_metcon_9_amp__burgundy_crush_dark__dz_5_98510.jpeg;https:\/\/images.novelship.com\/product\/_women__nike_metcon_9_amp__burgundy_crush_dark__dz_6_98510.jpeg;https:\/\/images.novelship.com\/product\/_women__nike_metcon_9_amp__burgundy_crush_dark__dz_7_98510.jpeg\" \/>\n<meta name=\"twitter:label1\" content=\"Gesch\u00e4tzte Lesezeit\" \/>\n\t<meta name=\"twitter:data1\" content=\"1\u00a0Minute\" \/>\n<script type=\"application\/ld+json\" class=\"yoast-schema-graph\">{\"@context\":\"https:\/\/schema.org\",\"@graph\":[{\"@type\":\"WebPage\",\"@id\":\"https:\/\/tourcruiser.com\/de\/products\/women-nike-metcon-9-amp-burgundy-crush-dark\/\",\"url\":\"https:\/\/tourcruiser.com\/de\/products\/women-nike-metcon-9-amp-burgundy-crush-dark\/\",\"name\":\"(Women) Nike Metcon 9 AMP 'Burgundy Crush Dark' - Tourcruiser PTE. LTD\",\"isPartOf\":{\"@id\":\"https:\/\/tourcruiser.com\/de\/#website\"},\"primaryImageOfPage\":{\"@id\":\"https:\/\/tourcruiser.com\/de\/products\/women-nike-metcon-9-amp-burgundy-crush-dark\/#primaryimage\"},\"image\":{\"@id\":\"https:\/\/tourcruiser.com\/de\/products\/women-nike-metcon-9-amp-burgundy-crush-dark\/#primaryimage\"},\"thumbnailUrl\":\"https:\/\/images.novelship.com\/product\/_women__nike_metcon_9_amp__burgundy_crush_dark__dz_0_98510.jpeg;https:\/\/images.novelship.com\/product\/_women__nike_metcon_9_amp__burgundy_crush_dark__dz_1_98510.jpeg;https:\/\/images.novelship.com\/product\/_women__nike_metcon_9_amp__burgundy_crush_dark__dz_2_98510.jpeg;https:\/\/images.novelship.com\/product\/_women__nike_metcon_9_amp__burgundy_crush_dark__dz_3_98510.jpeg;https:\/\/images.novelship.com\/product\/_women__nike_metcon_9_amp__burgundy_crush_dark__dz_4_98510.jpeg;https:\/\/images.novelship.com\/product\/_women__nike_metcon_9_amp__burgundy_crush_dark__dz_5_98510.jpeg;https:\/\/images.novelship.com\/product\/_women__nike_metcon_9_amp__burgundy_crush_dark__dz_6_98510.jpeg;https:\/\/images.novelship.com\/product\/_women__nike_metcon_9_amp__burgundy_crush_dark__dz_7_98510.jpeg\",\"datePublished\":\"2026-03-02T09:39:50+00:00\",\"dateModified\":\"2026-03-27T18:50:02+00:00\",\"breadcrumb\":{\"@id\":\"https:\/\/tourcruiser.com\/de\/products\/women-nike-metcon-9-amp-burgundy-crush-dark\/#breadcrumb\"},\"inLanguage\":\"de\",\"potentialAction\":[{\"@type\":\"ReadAction\",\"target\":[\"https:\/\/tourcruiser.com\/de\/products\/women-nike-metcon-9-amp-burgundy-crush-dark\/\"]}]},{\"@type\":\"ImageObject\",\"inLanguage\":\"de\",\"@id\":\"https:\/\/tourcruiser.com\/de\/products\/women-nike-metcon-9-amp-burgundy-crush-dark\/#primaryimage\",\"url\":\"https:\/\/images.novelship.com\/product\/_women__nike_metcon_9_amp__burgundy_crush_dark__dz_0_98510.jpeg;https:\/\/images.novelship.com\/product\/_women__nike_metcon_9_amp__burgundy_crush_dark__dz_1_98510.jpeg;https:\/\/images.novelship.com\/product\/_women__nike_metcon_9_amp__burgundy_crush_dark__dz_2_98510.jpeg;https:\/\/images.novelship.com\/product\/_women__nike_metcon_9_amp__burgundy_crush_dark__dz_3_98510.jpeg;https:\/\/images.novelship.com\/product\/_women__nike_metcon_9_amp__burgundy_crush_dark__dz_4_98510.jpeg;https:\/\/images.novelship.com\/product\/_women__nike_metcon_9_amp__burgundy_crush_dark__dz_5_98510.jpeg;https:\/\/images.novelship.com\/product\/_women__nike_metcon_9_amp__burgundy_crush_dark__dz_6_98510.jpeg;https:\/\/images.novelship.com\/product\/_women__nike_metcon_9_amp__burgundy_crush_dark__dz_7_98510.jpeg\",\"contentUrl\":\"https:\/\/images.novelship.com\/product\/_women__nike_metcon_9_amp__burgundy_crush_dark__dz_0_98510.jpeg;https:\/\/images.novelship.com\/product\/_women__nike_metcon_9_amp__burgundy_crush_dark__dz_1_98510.jpeg;https:\/\/images.novelship.com\/product\/_women__nike_metcon_9_amp__burgundy_crush_dark__dz_2_98510.jpeg;https:\/\/images.novelship.com\/product\/_women__nike_metcon_9_amp__burgundy_crush_dark__dz_3_98510.jpeg;https:\/\/images.novelship.com\/product\/_women__nike_metcon_9_amp__burgundy_crush_dark__dz_4_98510.jpeg;https:\/\/images.novelship.com\/product\/_women__nike_metcon_9_amp__burgundy_crush_dark__dz_5_98510.jpeg;https:\/\/images.novelship.com\/product\/_women__nike_metcon_9_amp__burgundy_crush_dark__dz_6_98510.jpeg;https:\/\/images.novelship.com\/product\/_women__nike_metcon_9_amp__burgundy_crush_dark__dz_7_98510.jpeg\"},{\"@type\":\"BreadcrumbList\",\"@id\":\"https:\/\/tourcruiser.com\/de\/products\/women-nike-metcon-9-amp-burgundy-crush-dark\/#breadcrumb\",\"itemListElement\":[{\"@type\":\"ListItem\",\"position\":1,\"name\":\"Home\",\"item\":\"https:\/\/tourcruiser.com\/de\/\"},{\"@type\":\"ListItem\",\"position\":2,\"name\":\"Shop\",\"item\":\"https:\/\/tourcruiser.com\/de\/shop\/\"},{\"@type\":\"ListItem\",\"position\":3,\"name\":\"(Women) Nike Metcon 9 AMP 'Burgundy Crush Dark'\"}]},{\"@type\":\"WebSite\",\"@id\":\"https:\/\/tourcruiser.com\/de\/#website\",\"url\":\"https:\/\/tourcruiser.com\/de\/\",\"name\":\"Styloral Jewelry Shop\",\"description\":\"Tourcruiser Sneaker Store \u2014 der Ort, an dem das Universum deine Einzigartigkeit trifft.\",\"publisher\":{\"@id\":\"https:\/\/tourcruiser.com\/de\/#organization\"},\"potentialAction\":[{\"@type\":\"SearchAction\",\"target\":{\"@type\":\"EntryPoint\",\"urlTemplate\":\"https:\/\/tourcruiser.com\/de\/?s={search_term_string}\"},\"query-input\":{\"@type\":\"PropertyValueSpecification\",\"valueRequired\":true,\"valueName\":\"search_term_string\"}}],\"inLanguage\":\"de\"},{\"@type\":\"Organization\",\"@id\":\"https:\/\/tourcruiser.com\/de\/#organization\",\"name\":\"STYLORAL PTE. LTD\",\"url\":\"https:\/\/tourcruiser.com\/de\/\",\"logo\":{\"@type\":\"ImageObject\",\"inLanguage\":\"de\",\"@id\":\"https:\/\/tourcruiser.com\/de\/#\/schema\/logo\/image\/\",\"url\":\"https:\/\/www.tourcruiser.com\/wp-content\/uploads\/2025\/12\/logo.png\",\"contentUrl\":\"https:\/\/www.tourcruiser.com\/wp-content\/uploads\/2025\/12\/logo.png\",\"width\":200,\"height\":65,\"caption\":\"STYLORAL PTE. LTD\"},\"image\":{\"@id\":\"https:\/\/tourcruiser.com\/de\/#\/schema\/logo\/image\/\"}}]}<\/script>\n<!-- \/ Yoast SEO plugin. -->","yoast_head_json":{"title":"(Women) Nike Metcon 9 AMP 'Burgundy Crush Dark'  - Tourcruiser PTE. LTD","robots":{"index":"index","follow":"follow","max-snippet":"max-snippet:-1","max-image-preview":"max-image-preview:large","max-video-preview":"max-video-preview:-1"},"canonical":"https:\/\/tourcruiser.com\/de\/products\/women-nike-metcon-9-amp-burgundy-crush-dark\/","og_locale":"de_DE","og_type":"article","og_title":"(Women) Nike Metcon 9 AMP 'Burgundy Crush Dark'  - Tourcruiser PTE. LTD","og_description":"Nike Metcon 9 \u201d\u201d Burgundy Crush\/Dark Beetroot\/Rush Pink\/Black","og_url":"https:\/\/tourcruiser.com\/de\/products\/women-nike-metcon-9-amp-burgundy-crush-dark\/","og_site_name":"Tourcruiser Sneaker Store","article_modified_time":"2026-03-27T18:50:02+00:00","twitter_card":"summary_large_image","twitter_image":"https:\/\/images.novelship.com\/product\/_women__nike_metcon_9_amp__burgundy_crush_dark__dz_0_98510.jpeg;https:\/\/images.novelship.com\/product\/_women__nike_metcon_9_amp__burgundy_crush_dark__dz_1_98510.jpeg;https:\/\/images.novelship.com\/product\/_women__nike_metcon_9_amp__burgundy_crush_dark__dz_2_98510.jpeg;https:\/\/images.novelship.com\/product\/_women__nike_metcon_9_amp__burgundy_crush_dark__dz_3_98510.jpeg;https:\/\/images.novelship.com\/product\/_women__nike_metcon_9_amp__burgundy_crush_dark__dz_4_98510.jpeg;https:\/\/images.novelship.com\/product\/_women__nike_metcon_9_amp__burgundy_crush_dark__dz_5_98510.jpeg;https:\/\/images.novelship.com\/product\/_women__nike_metcon_9_amp__burgundy_crush_dark__dz_6_98510.jpeg;https:\/\/images.novelship.com\/product\/_women__nike_metcon_9_amp__burgundy_crush_dark__dz_7_98510.jpeg","twitter_misc":{"Gesch\u00e4tzte Lesezeit":"1\u00a0Minute"},"schema":{"@context":"https:\/\/schema.org","@graph":[{"@type":"WebPage","@id":"https:\/\/tourcruiser.com\/de\/products\/women-nike-metcon-9-amp-burgundy-crush-dark\/","url":"https:\/\/tourcruiser.com\/de\/products\/women-nike-metcon-9-amp-burgundy-crush-dark\/","name":"(Women) Nike Metcon 9 AMP 'Burgundy Crush Dark' - Tourcruiser PTE. LTD","isPartOf":{"@id":"https:\/\/tourcruiser.com\/de\/#website"},"primaryImageOfPage":{"@id":"https:\/\/tourcruiser.com\/de\/products\/women-nike-metcon-9-amp-burgundy-crush-dark\/#primaryimage"},"image":{"@id":"https:\/\/tourcruiser.com\/de\/products\/women-nike-metcon-9-amp-burgundy-crush-dark\/#primaryimage"},"thumbnailUrl":"https:\/\/images.novelship.com\/product\/_women__nike_metcon_9_amp__burgundy_crush_dark__dz_0_98510.jpeg;https:\/\/images.novelship.com\/product\/_women__nike_metcon_9_amp__burgundy_crush_dark__dz_1_98510.jpeg;https:\/\/images.novelship.com\/product\/_women__nike_metcon_9_amp__burgundy_crush_dark__dz_2_98510.jpeg;https:\/\/images.novelship.com\/product\/_women__nike_metcon_9_amp__burgundy_crush_dark__dz_3_98510.jpeg;https:\/\/images.novelship.com\/product\/_women__nike_metcon_9_amp__burgundy_crush_dark__dz_4_98510.jpeg;https:\/\/images.novelship.com\/product\/_women__nike_metcon_9_amp__burgundy_crush_dark__dz_5_98510.jpeg;https:\/\/images.novelship.com\/product\/_women__nike_metcon_9_amp__burgundy_crush_dark__dz_6_98510.jpeg;https:\/\/images.novelship.com\/product\/_women__nike_metcon_9_amp__burgundy_crush_dark__dz_7_98510.jpeg","datePublished":"2026-03-02T09:39:50+00:00","dateModified":"2026-03-27T18:50:02+00:00","breadcrumb":{"@id":"https:\/\/tourcruiser.com\/de\/products\/women-nike-metcon-9-amp-burgundy-crush-dark\/#breadcrumb"},"inLanguage":"de","potentialAction":[{"@type":"ReadAction","target":["https:\/\/tourcruiser.com\/de\/products\/women-nike-metcon-9-amp-burgundy-crush-dark\/"]}]},{"@type":"ImageObject","inLanguage":"de","@id":"https:\/\/tourcruiser.com\/de\/products\/women-nike-metcon-9-amp-burgundy-crush-dark\/#primaryimage","url":"https:\/\/images.novelship.com\/product\/_women__nike_metcon_9_amp__burgundy_crush_dark__dz_0_98510.jpeg;https:\/\/images.novelship.com\/product\/_women__nike_metcon_9_amp__burgundy_crush_dark__dz_1_98510.jpeg;https:\/\/images.novelship.com\/product\/_women__nike_metcon_9_amp__burgundy_crush_dark__dz_2_98510.jpeg;https:\/\/images.novelship.com\/product\/_women__nike_metcon_9_amp__burgundy_crush_dark__dz_3_98510.jpeg;https:\/\/images.novelship.com\/product\/_women__nike_metcon_9_amp__burgundy_crush_dark__dz_4_98510.jpeg;https:\/\/images.novelship.com\/product\/_women__nike_metcon_9_amp__burgundy_crush_dark__dz_5_98510.jpeg;https:\/\/images.novelship.com\/product\/_women__nike_metcon_9_amp__burgundy_crush_dark__dz_6_98510.jpeg;https:\/\/images.novelship.com\/product\/_women__nike_metcon_9_amp__burgundy_crush_dark__dz_7_98510.jpeg","contentUrl":"https:\/\/images.novelship.com\/product\/_women__nike_metcon_9_amp__burgundy_crush_dark__dz_0_98510.jpeg;https:\/\/images.novelship.com\/product\/_women__nike_metcon_9_amp__burgundy_crush_dark__dz_1_98510.jpeg;https:\/\/images.novelship.com\/product\/_women__nike_metcon_9_amp__burgundy_crush_dark__dz_2_98510.jpeg;https:\/\/images.novelship.com\/product\/_women__nike_metcon_9_amp__burgundy_crush_dark__dz_3_98510.jpeg;https:\/\/images.novelship.com\/product\/_women__nike_metcon_9_amp__burgundy_crush_dark__dz_4_98510.jpeg;https:\/\/images.novelship.com\/product\/_women__nike_metcon_9_amp__burgundy_crush_dark__dz_5_98510.jpeg;https:\/\/images.novelship.com\/product\/_women__nike_metcon_9_amp__burgundy_crush_dark__dz_6_98510.jpeg;https:\/\/images.novelship.com\/product\/_women__nike_metcon_9_amp__burgundy_crush_dark__dz_7_98510.jpeg"},{"@type":"BreadcrumbList","@id":"https:\/\/tourcruiser.com\/de\/products\/women-nike-metcon-9-amp-burgundy-crush-dark\/#breadcrumb","itemListElement":[{"@type":"ListItem","position":1,"name":"Home","item":"https:\/\/tourcruiser.com\/de\/"},{"@type":"ListItem","position":2,"name":"Shop","item":"https:\/\/tourcruiser.com\/de\/shop\/"},{"@type":"ListItem","position":3,"name":"(Women) Nike Metcon 9 AMP 'Burgundy Crush Dark'"}]},{"@type":"WebSite","@id":"https:\/\/tourcruiser.com\/de\/#website","url":"https:\/\/tourcruiser.com\/de\/","name":"Styloral Jewelry Shop","description":"Tourcruiser Sneaker Store \u2014 der Ort, an dem das Universum deine Einzigartigkeit trifft.","publisher":{"@id":"https:\/\/tourcruiser.com\/de\/#organization"},"potentialAction":[{"@type":"SearchAction","target":{"@type":"EntryPoint","urlTemplate":"https:\/\/tourcruiser.com\/de\/?s={search_term_string}"},"query-input":{"@type":"PropertyValueSpecification","valueRequired":true,"valueName":"search_term_string"}}],"inLanguage":"de"},{"@type":"Organization","@id":"https:\/\/tourcruiser.com\/de\/#organization","name":"STYLORAL PTE. LTD","url":"https:\/\/tourcruiser.com\/de\/","logo":{"@type":"ImageObject","inLanguage":"de","@id":"https:\/\/tourcruiser.com\/de\/#\/schema\/logo\/image\/","url":"https:\/\/www.tourcruiser.com\/wp-content\/uploads\/2025\/12\/logo.png","contentUrl":"https:\/\/www.tourcruiser.com\/wp-content\/uploads\/2025\/12\/logo.png","width":200,"height":65,"caption":"STYLORAL PTE. LTD"},"image":{"@id":"https:\/\/tourcruiser.com\/de\/#\/schema\/logo\/image\/"}}]}},"_links":{"self":[{"href":"https:\/\/tourcruiser.com\/de\/wp-json\/wp\/v2\/product\/182944","targetHints":{"allow":["GET"]}}],"collection":[{"href":"https:\/\/tourcruiser.com\/de\/wp-json\/wp\/v2\/product"}],"about":[{"href":"https:\/\/tourcruiser.com\/de\/wp-json\/wp\/v2\/types\/product"}],"replies":[{"embeddable":true,"href":"https:\/\/tourcruiser.com\/de\/wp-json\/wp\/v2\/comments?post=182944"}],"wp:featuredmedia":[{"embeddable":true,"href":"https:\/\/tourcruiser.com\/de\/wp-json\/wp\/v2\/media\/182945"}],"wp:attachment":[{"href":"https:\/\/tourcruiser.com\/de\/wp-json\/wp\/v2\/media?parent=182944"}],"wp:term":[{"taxonomy":"product_brand","embeddable":true,"href":"https:\/\/tourcruiser.com\/de\/wp-json\/wp\/v2\/product_brand?post=182944"},{"taxonomy":"product_cat","embeddable":true,"href":"https:\/\/tourcruiser.com\/de\/wp-json\/wp\/v2\/product_cat?post=182944"},{"taxonomy":"product_tag","embeddable":true,"href":"https:\/\/tourcruiser.com\/de\/wp-json\/wp\/v2\/product_tag?post=182944"}],"curies":[{"name":"wp","href":"https:\/\/api.w.org\/{rel}","templated":true}]}}