{"id":182520,"date":"2026-03-02T16:39:13","date_gmt":"2026-03-02T09:39:13","guid":{"rendered":"http:\/\/tourcruiser.com\/product\/a-ma-manire-x-adidas-jabbar-low-off-white"},"modified":"2026-03-28T01:49:39","modified_gmt":"2026-03-27T18:49:39","slug":"a-ma-manire-x-adidas-jabbar-low-off-white","status":"publish","type":"product","link":"https:\/\/tourcruiser.com\/de\/products\/a-ma-manire-x-adidas-jabbar-low-off-white\/","title":{"rendered":"A Ma Mani\u00c3\u00a9re x adidas Jabbar Low &#8218;Off White&#8216;"},"content":{"rendered":"<p>Erleben Sie zeitlose Eleganz und erstklassige Verarbeitung mit dem A Ma Mani\u00c3\u00a9re x adidas Jabbar Low \u201eOff White\u201c KI6976 \u201d\u201c einer luxuri\u00f6sen Neuinterpretation eines Klassikers. Diese ikonische Kollaboration vereint moderne Streetwear-\u00c4sthetik mit Retro-Basketball-Tradition. Das cremefarbene Leder-Obermaterial wird durch dezente Golddetails und ein gepr\u00e4gtes Branding akzentuiert und strahlt so unaufdringliche Eleganz aus. Das flache Design macht den Schuh vielseitig kombinierbar \u201d\u201c ob l\u00e4ssig oder elegant \u201d\u201c und bietet dank gepolstertem Schaftrand, atmungsaktiven Materialien und der d\u00e4mpfenden EVA-Zwischensohle h\u00f6chsten Tragekomfort. Die Gummiau\u00dfensohle sorgt f\u00fcr Strapazierf\u00e4higkeit und Grip und macht diesen Sneaker nicht nur stylisch, sondern auch alltagstauglich. Ob Sneaker-Fan oder Liebhaber minimalistischen Designs \u201d\u201c diese exklusive Edition ist die perfekte Erg\u00e4nzung f\u00fcr Ihre Sammlung und vereint Innovation und Tradition.<\/p>\n<ul>\n<li><strong>Farbgebung:<\/strong> Off-White\/Hazy Beige\/Gr\u00fcn<\/li>\n<li><strong>Style-Code:<\/strong> KI6976<\/li>\n<li><strong>Farbe:<\/strong> Wei\u00df<\/li>\n<li><strong>Saison:<\/strong> Winter<\/li>\n<li><strong>Erscheinungsjahr:<\/strong> 2026<\/li>\n<\/ul>\n","protected":false},"excerpt":{"rendered":"<p>adidas Jabbar Low \u201d\u201d Off White\/Hazy Beige\/Green<\/p>\n","protected":false},"featured_media":182521,"comment_status":"open","ping_status":"closed","template":"","meta":[],"product_brand":[],"product_cat":[10760],"product_tag":[10759,10750,10754,10777,10778,10756],"class_list":{"0":"post-182520","1":"product","2":"type-product","3":"status-publish","4":"has-post-thumbnail","6":"product_cat-adidas","7":"product_tag-adidas","8":"product_tag-athleisure-shoes","9":"product_tag-lifestyle-casual-shoes","10":"product_tag-lifestyle-shoes-basketball-inspired","11":"product_tag-new-release","12":"product_tag-retro-casual-shoes","13":"wcpa_has_options","15":"first","16":"outofstock","17":"taxable","18":"shipping-taxable","19":"purchasable","20":"product-type-simple"},"wcpa_form_fields":{"rules":{"pric_overide_base_price":false,"pric_overide_base_price_if_gt_zero":false,"pric_overide_base_price_fully":false,"pric_cal_option_once":false,"pric_use_as_fee":false,"bind_quantity":false,"quantity_bind_formula":false},"fields":[{"type":"color-group","required":true,"elementId":"wcpa-color-group-66c4a7f817afe","label":"Gr\u00f6\u00dfe","inline":true,"priceOptions":"different_for_all","pricingType":"fixed","className":"hassizechart product-shoes-size-eu product-shoes-size","name":"color-group-66c4a7f817b18","disp_type":"square","selection_type":"tick-border","disp_size":"50","show_label_inside":true,"adjust_width":true,"cart_display_type":"text","other_text":"Other","cl_rule":"show","col":6,"values":[{"label":"35","value":"EU 35","price":"","pimage":"","pimage_id":"","pthumb":"","color":""},{"label":"35.5","value":"EU 35.5","price":"","pimage":"","pimage_id":"","pthumb":"","color":""},{"label":"36","value":"EU 36","price":"","pimage":"","pimage_id":"","pthumb":"","color":"","selected":true},{"label":"36 2\/3","value":"EU 36 2\/3","price":"","pimage":"","pimage_id":"","pthumb":"","color":""},{"label":"37 1\/3","value":"EU 37 1\/3","price":"","pimage":"","pimage_id":"","pthumb":"","color":""},{"label":"38","value":"EU 38","price":"","pimage":"","pimage_id":"","pthumb":"","color":""},{"label":"38 2\/3","value":"EU 38 2\/3","price":"","pimage":"","pimage_id":"","pthumb":"","color":""},{"label":"39 1\/3","value":"EU 39 1\/3","price":"","pimage":"","pimage_id":"","pthumb":"","color":""},{"label":"40","value":"EU 40","price":"","pimage":"","pimage_id":"","pthumb":"","color":""},{"label":"40 2\/3","value":"EU 40 2\/3","price":"","pimage":"","pimage_id":"","pthumb":"","color":""},{"label":"41 1\/3","value":"EU 41 1\/3","price":"","pimage":"","pimage_id":"","pthumb":"","color":""},{"label":"42","value":"EU 42","price":"","pimage":"","pimage_id":"","pthumb":"","color":""},{"label":"42 2\/3","value":"EU 42 2\/3","price":"","pimage":"","pimage_id":"","pthumb":"","color":""},{"label":"43 1\/3","value":"EU 43 1\/3","price":"","pimage":"","pimage_id":"","pthumb":"","color":""},{"label":"44","value":"EU 44","price":"","pimage":"","pimage_id":"","pthumb":"","color":""},{"label":"44 2\/3","value":"EU 44 2\/3","price":"","pimage":"","pimage_id":"","pthumb":"","color":""},{"label":"45 1\/3","value":"EU 45 1\/3","price":"","pimage":"","pimage_id":"","pthumb":"","color":""},{"label":"46","value":"EU 46","price":"","pimage":"","pimage_id":"","pthumb":"","color":""},{"label":"46 2\/3","value":"EU 46 2\/3","price":"","pimage":"","pimage_id":"","pthumb":"","color":""},{"label":"47 1\/3","value":"EU 47 1\/3","price":"","pimage":"","pimage_id":"","pthumb":"","color":""}],"relations":[{"operator":false,"rules":[]}],"form_id":24802,"form_rules":{"pric_cal_option_once":false,"exclude_from_discount":false,"pric_use_as_fee":false,"fee_label":"Fee","render_after_acb":false,"disp_hide_options_price":false}}]},"yoast_head":"<!-- This site is optimized with the Yoast SEO plugin v26.5 - https:\/\/yoast.com\/wordpress\/plugins\/seo\/ -->\n<title>A Ma Mani\u00c3\u00a9re x adidas Jabbar Low &#039;Off White&#039;  - Tourcruiser PTE. LTD<\/title>\n<meta name=\"robots\" content=\"index, follow, max-snippet:-1, max-image-preview:large, max-video-preview:-1\" \/>\n<link rel=\"canonical\" href=\"https:\/\/tourcruiser.com\/de\/products\/a-ma-manire-x-adidas-jabbar-low-off-white\/\" \/>\n<meta property=\"og:locale\" content=\"de_DE\" \/>\n<meta property=\"og:type\" content=\"article\" \/>\n<meta property=\"og:title\" content=\"A Ma Mani\u00c3\u00a9re x adidas Jabbar Low &#039;Off White&#039;  - Tourcruiser PTE. LTD\" \/>\n<meta property=\"og:description\" content=\"adidas Jabbar Low \u201d\u201d Off White\/Hazy Beige\/Green\" \/>\n<meta property=\"og:url\" content=\"https:\/\/tourcruiser.com\/de\/products\/a-ma-manire-x-adidas-jabbar-low-off-white\/\" \/>\n<meta property=\"og:site_name\" content=\"Tourcruiser Sneaker Store\" \/>\n<meta property=\"article:modified_time\" content=\"2026-03-27T18:49:39+00:00\" \/>\n<meta name=\"twitter:card\" content=\"summary_large_image\" \/>\n<meta name=\"twitter:image\" content=\"https:\/\/images.novelship.com\/product\/a_ma_mani_re_x_adidas_jabbar_lo_smokey_mauve_ki697_0_87762.jpeg\" \/>\n<meta name=\"twitter:label1\" content=\"Gesch\u00e4tzte Lesezeit\" \/>\n\t<meta name=\"twitter:data1\" content=\"1\u00a0Minute\" \/>\n<script type=\"application\/ld+json\" class=\"yoast-schema-graph\">{\"@context\":\"https:\/\/schema.org\",\"@graph\":[{\"@type\":\"WebPage\",\"@id\":\"https:\/\/tourcruiser.com\/de\/products\/a-ma-manire-x-adidas-jabbar-low-off-white\/\",\"url\":\"https:\/\/tourcruiser.com\/de\/products\/a-ma-manire-x-adidas-jabbar-low-off-white\/\",\"name\":\"A Ma Mani\u00c3\u00a9re x adidas Jabbar Low 'Off White' - Tourcruiser PTE. LTD\",\"isPartOf\":{\"@id\":\"https:\/\/tourcruiser.com\/de\/#website\"},\"primaryImageOfPage\":{\"@id\":\"https:\/\/tourcruiser.com\/de\/products\/a-ma-manire-x-adidas-jabbar-low-off-white\/#primaryimage\"},\"image\":{\"@id\":\"https:\/\/tourcruiser.com\/de\/products\/a-ma-manire-x-adidas-jabbar-low-off-white\/#primaryimage\"},\"thumbnailUrl\":\"https:\/\/images.novelship.com\/product\/a_ma_mani_re_x_adidas_jabbar_lo_smokey_mauve_ki697_0_87762.jpeg\",\"datePublished\":\"2026-03-02T09:39:13+00:00\",\"dateModified\":\"2026-03-27T18:49:39+00:00\",\"breadcrumb\":{\"@id\":\"https:\/\/tourcruiser.com\/de\/products\/a-ma-manire-x-adidas-jabbar-low-off-white\/#breadcrumb\"},\"inLanguage\":\"de\",\"potentialAction\":[{\"@type\":\"ReadAction\",\"target\":[\"https:\/\/tourcruiser.com\/de\/products\/a-ma-manire-x-adidas-jabbar-low-off-white\/\"]}]},{\"@type\":\"ImageObject\",\"inLanguage\":\"de\",\"@id\":\"https:\/\/tourcruiser.com\/de\/products\/a-ma-manire-x-adidas-jabbar-low-off-white\/#primaryimage\",\"url\":\"https:\/\/images.novelship.com\/product\/a_ma_mani_re_x_adidas_jabbar_lo_smokey_mauve_ki697_0_87762.jpeg\",\"contentUrl\":\"https:\/\/images.novelship.com\/product\/a_ma_mani_re_x_adidas_jabbar_lo_smokey_mauve_ki697_0_87762.jpeg\"},{\"@type\":\"BreadcrumbList\",\"@id\":\"https:\/\/tourcruiser.com\/de\/products\/a-ma-manire-x-adidas-jabbar-low-off-white\/#breadcrumb\",\"itemListElement\":[{\"@type\":\"ListItem\",\"position\":1,\"name\":\"Home\",\"item\":\"https:\/\/tourcruiser.com\/de\/\"},{\"@type\":\"ListItem\",\"position\":2,\"name\":\"Shop\",\"item\":\"https:\/\/tourcruiser.com\/de\/shop\/\"},{\"@type\":\"ListItem\",\"position\":3,\"name\":\"A Ma Mani\u00c3\u00a9re x adidas Jabbar Low &#8218;Off White&#8216;\"}]},{\"@type\":\"WebSite\",\"@id\":\"https:\/\/tourcruiser.com\/de\/#website\",\"url\":\"https:\/\/tourcruiser.com\/de\/\",\"name\":\"Styloral Jewelry Shop\",\"description\":\"Tourcruiser Sneaker Store \u2014 der Ort, an dem das Universum deine Einzigartigkeit trifft.\",\"publisher\":{\"@id\":\"https:\/\/tourcruiser.com\/de\/#organization\"},\"potentialAction\":[{\"@type\":\"SearchAction\",\"target\":{\"@type\":\"EntryPoint\",\"urlTemplate\":\"https:\/\/tourcruiser.com\/de\/?s={search_term_string}\"},\"query-input\":{\"@type\":\"PropertyValueSpecification\",\"valueRequired\":true,\"valueName\":\"search_term_string\"}}],\"inLanguage\":\"de\"},{\"@type\":\"Organization\",\"@id\":\"https:\/\/tourcruiser.com\/de\/#organization\",\"name\":\"STYLORAL PTE. LTD\",\"url\":\"https:\/\/tourcruiser.com\/de\/\",\"logo\":{\"@type\":\"ImageObject\",\"inLanguage\":\"de\",\"@id\":\"https:\/\/tourcruiser.com\/de\/#\/schema\/logo\/image\/\",\"url\":\"https:\/\/www.tourcruiser.com\/wp-content\/uploads\/2025\/12\/logo.png\",\"contentUrl\":\"https:\/\/www.tourcruiser.com\/wp-content\/uploads\/2025\/12\/logo.png\",\"width\":200,\"height\":65,\"caption\":\"STYLORAL PTE. LTD\"},\"image\":{\"@id\":\"https:\/\/tourcruiser.com\/de\/#\/schema\/logo\/image\/\"}}]}<\/script>\n<!-- \/ Yoast SEO plugin. -->","yoast_head_json":{"title":"A Ma Mani\u00c3\u00a9re x adidas Jabbar Low 'Off White'  - Tourcruiser PTE. LTD","robots":{"index":"index","follow":"follow","max-snippet":"max-snippet:-1","max-image-preview":"max-image-preview:large","max-video-preview":"max-video-preview:-1"},"canonical":"https:\/\/tourcruiser.com\/de\/products\/a-ma-manire-x-adidas-jabbar-low-off-white\/","og_locale":"de_DE","og_type":"article","og_title":"A Ma Mani\u00c3\u00a9re x adidas Jabbar Low 'Off White'  - Tourcruiser PTE. LTD","og_description":"adidas Jabbar Low \u201d\u201d Off White\/Hazy Beige\/Green","og_url":"https:\/\/tourcruiser.com\/de\/products\/a-ma-manire-x-adidas-jabbar-low-off-white\/","og_site_name":"Tourcruiser Sneaker Store","article_modified_time":"2026-03-27T18:49:39+00:00","twitter_card":"summary_large_image","twitter_image":"https:\/\/images.novelship.com\/product\/a_ma_mani_re_x_adidas_jabbar_lo_smokey_mauve_ki697_0_87762.jpeg","twitter_misc":{"Gesch\u00e4tzte Lesezeit":"1\u00a0Minute"},"schema":{"@context":"https:\/\/schema.org","@graph":[{"@type":"WebPage","@id":"https:\/\/tourcruiser.com\/de\/products\/a-ma-manire-x-adidas-jabbar-low-off-white\/","url":"https:\/\/tourcruiser.com\/de\/products\/a-ma-manire-x-adidas-jabbar-low-off-white\/","name":"A Ma Mani\u00c3\u00a9re x adidas Jabbar Low 'Off White' - Tourcruiser PTE. LTD","isPartOf":{"@id":"https:\/\/tourcruiser.com\/de\/#website"},"primaryImageOfPage":{"@id":"https:\/\/tourcruiser.com\/de\/products\/a-ma-manire-x-adidas-jabbar-low-off-white\/#primaryimage"},"image":{"@id":"https:\/\/tourcruiser.com\/de\/products\/a-ma-manire-x-adidas-jabbar-low-off-white\/#primaryimage"},"thumbnailUrl":"https:\/\/images.novelship.com\/product\/a_ma_mani_re_x_adidas_jabbar_lo_smokey_mauve_ki697_0_87762.jpeg","datePublished":"2026-03-02T09:39:13+00:00","dateModified":"2026-03-27T18:49:39+00:00","breadcrumb":{"@id":"https:\/\/tourcruiser.com\/de\/products\/a-ma-manire-x-adidas-jabbar-low-off-white\/#breadcrumb"},"inLanguage":"de","potentialAction":[{"@type":"ReadAction","target":["https:\/\/tourcruiser.com\/de\/products\/a-ma-manire-x-adidas-jabbar-low-off-white\/"]}]},{"@type":"ImageObject","inLanguage":"de","@id":"https:\/\/tourcruiser.com\/de\/products\/a-ma-manire-x-adidas-jabbar-low-off-white\/#primaryimage","url":"https:\/\/images.novelship.com\/product\/a_ma_mani_re_x_adidas_jabbar_lo_smokey_mauve_ki697_0_87762.jpeg","contentUrl":"https:\/\/images.novelship.com\/product\/a_ma_mani_re_x_adidas_jabbar_lo_smokey_mauve_ki697_0_87762.jpeg"},{"@type":"BreadcrumbList","@id":"https:\/\/tourcruiser.com\/de\/products\/a-ma-manire-x-adidas-jabbar-low-off-white\/#breadcrumb","itemListElement":[{"@type":"ListItem","position":1,"name":"Home","item":"https:\/\/tourcruiser.com\/de\/"},{"@type":"ListItem","position":2,"name":"Shop","item":"https:\/\/tourcruiser.com\/de\/shop\/"},{"@type":"ListItem","position":3,"name":"A Ma Mani\u00c3\u00a9re x adidas Jabbar Low &#8218;Off White&#8216;"}]},{"@type":"WebSite","@id":"https:\/\/tourcruiser.com\/de\/#website","url":"https:\/\/tourcruiser.com\/de\/","name":"Styloral Jewelry Shop","description":"Tourcruiser Sneaker Store \u2014 der Ort, an dem das Universum deine Einzigartigkeit trifft.","publisher":{"@id":"https:\/\/tourcruiser.com\/de\/#organization"},"potentialAction":[{"@type":"SearchAction","target":{"@type":"EntryPoint","urlTemplate":"https:\/\/tourcruiser.com\/de\/?s={search_term_string}"},"query-input":{"@type":"PropertyValueSpecification","valueRequired":true,"valueName":"search_term_string"}}],"inLanguage":"de"},{"@type":"Organization","@id":"https:\/\/tourcruiser.com\/de\/#organization","name":"STYLORAL PTE. LTD","url":"https:\/\/tourcruiser.com\/de\/","logo":{"@type":"ImageObject","inLanguage":"de","@id":"https:\/\/tourcruiser.com\/de\/#\/schema\/logo\/image\/","url":"https:\/\/www.tourcruiser.com\/wp-content\/uploads\/2025\/12\/logo.png","contentUrl":"https:\/\/www.tourcruiser.com\/wp-content\/uploads\/2025\/12\/logo.png","width":200,"height":65,"caption":"STYLORAL PTE. LTD"},"image":{"@id":"https:\/\/tourcruiser.com\/de\/#\/schema\/logo\/image\/"}}]}},"_links":{"self":[{"href":"https:\/\/tourcruiser.com\/de\/wp-json\/wp\/v2\/product\/182520","targetHints":{"allow":["GET"]}}],"collection":[{"href":"https:\/\/tourcruiser.com\/de\/wp-json\/wp\/v2\/product"}],"about":[{"href":"https:\/\/tourcruiser.com\/de\/wp-json\/wp\/v2\/types\/product"}],"replies":[{"embeddable":true,"href":"https:\/\/tourcruiser.com\/de\/wp-json\/wp\/v2\/comments?post=182520"}],"wp:featuredmedia":[{"embeddable":true,"href":"https:\/\/tourcruiser.com\/de\/wp-json\/wp\/v2\/media\/182521"}],"wp:attachment":[{"href":"https:\/\/tourcruiser.com\/de\/wp-json\/wp\/v2\/media?parent=182520"}],"wp:term":[{"taxonomy":"product_brand","embeddable":true,"href":"https:\/\/tourcruiser.com\/de\/wp-json\/wp\/v2\/product_brand?post=182520"},{"taxonomy":"product_cat","embeddable":true,"href":"https:\/\/tourcruiser.com\/de\/wp-json\/wp\/v2\/product_cat?post=182520"},{"taxonomy":"product_tag","embeddable":true,"href":"https:\/\/tourcruiser.com\/de\/wp-json\/wp\/v2\/product_tag?post=182520"}],"curies":[{"name":"wp","href":"https:\/\/api.w.org\/{rel}","templated":true}]}}