{"id":182171,"date":"2026-03-02T16:38:40","date_gmt":"2026-03-02T09:38:40","guid":{"rendered":"http:\/\/tourcruiser.com\/product\/women-asics-gel-kayano-31-platinum-blue-expanse-rose-gold"},"modified":"2026-03-28T01:49:20","modified_gmt":"2026-03-27T18:49:20","slug":"women-asics-gel-kayano-31-platinum-blue-expanse-rose-gold","status":"publish","type":"product","link":"https:\/\/tourcruiser.com\/de\/products\/women-asics-gel-kayano-31-platinum-blue-expanse-rose-gold\/","title":{"rendered":"(Women) ASICS Gel-Kayano 31 Platinum &#8218;Blue Expanse Rose Gold&#8216;"},"content":{"rendered":"<p>Erleben Sie erstklassigen Halt und Komfort mit dem ASICS Gel-Kayano 31 Platinum \u201eBlue Expanse Rose Gold\u201c, der Ihre Laufleistung optimiert. Dank fortschrittlicher GEL-Technologie und elegantem, modernem Design bietet dieser legend\u00e4re Laufschuh au\u00dfergew\u00f6hnliche Stabilit\u00e4t und Sto\u00dfd\u00e4mpfung f\u00fcr langanhaltenden Komfort. Das dynamische DUOMAX-System verbessert die Unterst\u00fctzung und reduziert gleichzeitig die \u00dcberpronation \u201d\u201c ideal f\u00fcr L\u00e4ufer mit unterschiedlichem Laufstil. Das atmungsaktive Obermaterial aus Engineered Mesh sorgt f\u00fcr optimale Luftzirkulation und h\u00e4lt Ihre F\u00fc\u00dfe auch bei intensiven Trainingseinheiten k\u00fchl und trocken. Der leuchtende Farbton \u201eBlue Expanse\u201c harmoniert perfekt mit den edlen ros\u00c3\u00a9goldenen Akzenten und verleiht dem Schuh einen stilvollen Look, der sich m\u00fchelos vom Training bis zur Freizeit tragen l\u00e4sst. Die leichte FLYTEFOAM-Mittelsohle sorgt f\u00fcr reaktionsschnelle Energier\u00fcckgabe und h\u00e4lt Sie energiegeladen und fokussiert auf Ihre Ziele. Der ASICS Gel-Kayano 31 Platinum ist perfekt f\u00fcr t\u00e4gliche L\u00e4ufer und Fitnessbegeisterte. Er vereint modernste Technologie mit zeitlosem Stil und sorgt daf\u00fcr, dass sich jeder Schritt so gut anf\u00fchlt, wie er aussieht. Erleben Sie \u00fcberragende Performance und unvergleichliche Eleganz mit diesem weltweit gesch\u00e4tzten Schuh.<\/p>\n<ul>\n<li><strong>Farbgebung:<\/strong> Blue Expanse\/Ros\u00c3\u00a9gold<\/li>\n<li><strong>Artikelnummer:<\/strong> 1012B746-400<\/li>\n<li><strong>Obermaterial:<\/strong> Mesh<\/li>\n<li><strong>Zwischensohle:<\/strong> PureGEL<\/li>\n<li><strong>Farbe:<\/strong> Blau<\/li>\n<\/ul>\n","protected":false},"excerpt":{"rendered":"<p>ASICS Gel-Kayano 31 Platinum \u201d\u201d Blue Expanse\/Rose Gold<\/p>\n","protected":false},"featured_media":182172,"comment_status":"open","ping_status":"closed","template":"","meta":[],"product_brand":[],"product_cat":[11020],"product_tag":[10791,10926,10839,10802,10840,12149,10758],"class_list":{"0":"post-182171","1":"product","2":"type-product","3":"status-publish","4":"has-post-thumbnail","6":"product_cat-asics-women","7":"product_tag-asics","8":"product_tag-gift-for-her","9":"product_tag-performance-running-shoes","10":"product_tag-performance-sport-shoes","11":"product_tag-running-shoes","12":"product_tag-stability-overpronation-running-shoes","13":"product_tag-under-retail","14":"wcpa_has_options","16":"first","17":"outofstock","18":"sale","19":"taxable","20":"shipping-taxable","21":"purchasable","22":"product-type-simple"},"wcpa_form_fields":{"rules":{"pric_overide_base_price":false,"pric_overide_base_price_if_gt_zero":false,"pric_overide_base_price_fully":false,"pric_cal_option_once":false,"pric_use_as_fee":false,"bind_quantity":false,"quantity_bind_formula":false},"fields":[{"type":"color-group","required":true,"elementId":"wcpa-color-group-69a5ac3f3e644","label":"Gr\u00f6\u00dfe","inline":true,"priceOptions":"different_for_all","pricingType":"fixed","className":"hassizechart product-shoes-size-eu product-shoes-size","name":"color-group-69a5ac3f3e64e","disp_type":"square","selection_type":"tick-border","disp_size":"50","show_label_inside":true,"adjust_width":true,"cart_display_type":"text","other_text":"Other","cl_rule":"show","col":6,"values":[{"label":"34.5","value":"EU 34.5","price":"","pimage":"","pimage_id":"","pthumb":"","color":""},{"label":"35","value":"EU 35","price":"","pimage":"","pimage_id":"","pthumb":"","color":""},{"label":"35.5","value":"EU 35.5","price":"","pimage":"","pimage_id":"","pthumb":"","color":""},{"label":"36","value":"EU 36","price":"","pimage":"","pimage_id":"","pthumb":"","color":"","selected":true},{"label":"37","value":"EU 37","price":"","pimage":"","pimage_id":"","pthumb":"","color":""},{"label":"37.5","value":"EU 37.5","price":"","pimage":"","pimage_id":"","pthumb":"","color":""},{"label":"38","value":"EU 38","price":"","pimage":"","pimage_id":"","pthumb":"","color":""},{"label":"38.5","value":"EU 38.5","price":"","pimage":"","pimage_id":"","pthumb":"","color":""},{"label":"39","value":"EU 39","price":"","pimage":"","pimage_id":"","pthumb":"","color":""},{"label":"39.5","value":"EU 39.5","price":"","pimage":"","pimage_id":"","pthumb":"","color":""},{"label":"40","value":"EU 40","price":"","pimage":"","pimage_id":"","pthumb":"","color":""},{"label":"40.5","value":"EU 40.5","price":"","pimage":"","pimage_id":"","pthumb":"","color":""},{"label":" 41.5","value":"EU 41.5","price":"","pimage":"","pimage_id":"","pthumb":"","color":""},{"label":"42","value":"EU 42","price":"","pimage":"","pimage_id":"","pthumb":"","color":""},{"label":"42.5","value":"EU 42.5","price":"","pimage":"","pimage_id":"","pthumb":"","color":""},{"label":"43.5","value":"EU 43.5","price":"","pimage":"","pimage_id":"","pthumb":"","color":""},{"label":"44","value":"EU 44","price":"","pimage":"","pimage_id":"","pthumb":"","color":""},{"label":"44.5","value":"EU 44.5","price":"","pimage":"","pimage_id":"","pthumb":"","color":""},{"label":"45","value":"EU 45","price":"","pimage":"","pimage_id":"","pthumb":"","color":""}],"relations":[{"operator":false,"rules":[]}],"form_id":184312,"form_rules":{"pric_cal_option_once":false,"exclude_from_discount":false,"pric_use_as_fee":false,"fee_label":"Fee","render_after_acb":false,"disp_hide_options_price":false}}]},"yoast_head":"<!-- This site is optimized with the Yoast SEO plugin v26.5 - https:\/\/yoast.com\/wordpress\/plugins\/seo\/ -->\n<title>(Women) ASICS Gel-Kayano 31 Platinum &#039;Blue Expanse Rose Gold&#039;  - Tourcruiser PTE. LTD<\/title>\n<meta name=\"robots\" content=\"index, follow, max-snippet:-1, max-image-preview:large, max-video-preview:-1\" \/>\n<link rel=\"canonical\" href=\"https:\/\/tourcruiser.com\/de\/products\/women-asics-gel-kayano-31-platinum-blue-expanse-rose-gold\/\" \/>\n<meta property=\"og:locale\" content=\"de_DE\" \/>\n<meta property=\"og:type\" content=\"article\" \/>\n<meta property=\"og:title\" content=\"(Women) ASICS Gel-Kayano 31 Platinum &#039;Blue Expanse Rose Gold&#039;  - Tourcruiser PTE. LTD\" \/>\n<meta property=\"og:description\" content=\"ASICS Gel-Kayano 31 Platinum \u201d\u201d Blue Expanse\/Rose Gold\" \/>\n<meta property=\"og:url\" content=\"https:\/\/tourcruiser.com\/de\/products\/women-asics-gel-kayano-31-platinum-blue-expanse-rose-gold\/\" \/>\n<meta property=\"og:site_name\" content=\"Tourcruiser Sneaker Store\" \/>\n<meta property=\"article:modified_time\" content=\"2026-03-27T18:49:20+00:00\" \/>\n<meta name=\"twitter:card\" content=\"summary_large_image\" \/>\n<meta name=\"twitter:image\" content=\"https:\/\/images.novelship.com\/product\/_women__asics_gel-kayano_31_platinum__blue_expanse_0_39278.jpeg;https:\/\/images.novelship.com\/product\/_women__asics_gel-kayano_31_platinum__blue_expanse_1_39278.jpeg;https:\/\/images.novelship.com\/product\/_women__asics_gel-kayano_31_platinum__blue_expanse_2_39278.jpeg;https:\/\/images.novelship.com\/product\/_women__asics_gel-kayano_31_platinum__blue_expanse_3_39279.jpeg;https:\/\/images.novelship.com\/product\/_women__asics_gel-kayano_31_platinum__blue_expanse_4_39279.jpeg;https:\/\/images.novelship.com\/product\/_women__asics_gel-kayano_31_platinum__blue_expanse_5_39279.jpeg;https:\/\/images.novelship.com\/product\/_women__asics_gel-kayano_31_platinum__blue_expanse_6_39279.jpeg;https:\/\/images.novelship.com\/product\/_women__asics_gel-kayano_31_platinum__blue_expanse_7_39279.jpeg\" \/>\n<meta name=\"twitter:label1\" content=\"Gesch\u00e4tzte Lesezeit\" \/>\n\t<meta name=\"twitter:data1\" content=\"1\u00a0Minute\" \/>\n<script type=\"application\/ld+json\" class=\"yoast-schema-graph\">{\"@context\":\"https:\/\/schema.org\",\"@graph\":[{\"@type\":\"WebPage\",\"@id\":\"https:\/\/tourcruiser.com\/de\/products\/women-asics-gel-kayano-31-platinum-blue-expanse-rose-gold\/\",\"url\":\"https:\/\/tourcruiser.com\/de\/products\/women-asics-gel-kayano-31-platinum-blue-expanse-rose-gold\/\",\"name\":\"(Women) ASICS Gel-Kayano 31 Platinum 'Blue Expanse Rose Gold' - Tourcruiser PTE. LTD\",\"isPartOf\":{\"@id\":\"https:\/\/tourcruiser.com\/de\/#website\"},\"primaryImageOfPage\":{\"@id\":\"https:\/\/tourcruiser.com\/de\/products\/women-asics-gel-kayano-31-platinum-blue-expanse-rose-gold\/#primaryimage\"},\"image\":{\"@id\":\"https:\/\/tourcruiser.com\/de\/products\/women-asics-gel-kayano-31-platinum-blue-expanse-rose-gold\/#primaryimage\"},\"thumbnailUrl\":\"https:\/\/images.novelship.com\/product\/_women__asics_gel-kayano_31_platinum__blue_expanse_0_39278.jpeg;https:\/\/images.novelship.com\/product\/_women__asics_gel-kayano_31_platinum__blue_expanse_1_39278.jpeg;https:\/\/images.novelship.com\/product\/_women__asics_gel-kayano_31_platinum__blue_expanse_2_39278.jpeg;https:\/\/images.novelship.com\/product\/_women__asics_gel-kayano_31_platinum__blue_expanse_3_39279.jpeg;https:\/\/images.novelship.com\/product\/_women__asics_gel-kayano_31_platinum__blue_expanse_4_39279.jpeg;https:\/\/images.novelship.com\/product\/_women__asics_gel-kayano_31_platinum__blue_expanse_5_39279.jpeg;https:\/\/images.novelship.com\/product\/_women__asics_gel-kayano_31_platinum__blue_expanse_6_39279.jpeg;https:\/\/images.novelship.com\/product\/_women__asics_gel-kayano_31_platinum__blue_expanse_7_39279.jpeg\",\"datePublished\":\"2026-03-02T09:38:40+00:00\",\"dateModified\":\"2026-03-27T18:49:20+00:00\",\"breadcrumb\":{\"@id\":\"https:\/\/tourcruiser.com\/de\/products\/women-asics-gel-kayano-31-platinum-blue-expanse-rose-gold\/#breadcrumb\"},\"inLanguage\":\"de\",\"potentialAction\":[{\"@type\":\"ReadAction\",\"target\":[\"https:\/\/tourcruiser.com\/de\/products\/women-asics-gel-kayano-31-platinum-blue-expanse-rose-gold\/\"]}]},{\"@type\":\"ImageObject\",\"inLanguage\":\"de\",\"@id\":\"https:\/\/tourcruiser.com\/de\/products\/women-asics-gel-kayano-31-platinum-blue-expanse-rose-gold\/#primaryimage\",\"url\":\"https:\/\/images.novelship.com\/product\/_women__asics_gel-kayano_31_platinum__blue_expanse_0_39278.jpeg;https:\/\/images.novelship.com\/product\/_women__asics_gel-kayano_31_platinum__blue_expanse_1_39278.jpeg;https:\/\/images.novelship.com\/product\/_women__asics_gel-kayano_31_platinum__blue_expanse_2_39278.jpeg;https:\/\/images.novelship.com\/product\/_women__asics_gel-kayano_31_platinum__blue_expanse_3_39279.jpeg;https:\/\/images.novelship.com\/product\/_women__asics_gel-kayano_31_platinum__blue_expanse_4_39279.jpeg;https:\/\/images.novelship.com\/product\/_women__asics_gel-kayano_31_platinum__blue_expanse_5_39279.jpeg;https:\/\/images.novelship.com\/product\/_women__asics_gel-kayano_31_platinum__blue_expanse_6_39279.jpeg;https:\/\/images.novelship.com\/product\/_women__asics_gel-kayano_31_platinum__blue_expanse_7_39279.jpeg\",\"contentUrl\":\"https:\/\/images.novelship.com\/product\/_women__asics_gel-kayano_31_platinum__blue_expanse_0_39278.jpeg;https:\/\/images.novelship.com\/product\/_women__asics_gel-kayano_31_platinum__blue_expanse_1_39278.jpeg;https:\/\/images.novelship.com\/product\/_women__asics_gel-kayano_31_platinum__blue_expanse_2_39278.jpeg;https:\/\/images.novelship.com\/product\/_women__asics_gel-kayano_31_platinum__blue_expanse_3_39279.jpeg;https:\/\/images.novelship.com\/product\/_women__asics_gel-kayano_31_platinum__blue_expanse_4_39279.jpeg;https:\/\/images.novelship.com\/product\/_women__asics_gel-kayano_31_platinum__blue_expanse_5_39279.jpeg;https:\/\/images.novelship.com\/product\/_women__asics_gel-kayano_31_platinum__blue_expanse_6_39279.jpeg;https:\/\/images.novelship.com\/product\/_women__asics_gel-kayano_31_platinum__blue_expanse_7_39279.jpeg\"},{\"@type\":\"BreadcrumbList\",\"@id\":\"https:\/\/tourcruiser.com\/de\/products\/women-asics-gel-kayano-31-platinum-blue-expanse-rose-gold\/#breadcrumb\",\"itemListElement\":[{\"@type\":\"ListItem\",\"position\":1,\"name\":\"Home\",\"item\":\"https:\/\/tourcruiser.com\/de\/\"},{\"@type\":\"ListItem\",\"position\":2,\"name\":\"Shop\",\"item\":\"https:\/\/tourcruiser.com\/de\/shop\/\"},{\"@type\":\"ListItem\",\"position\":3,\"name\":\"(Women) ASICS Gel-Kayano 31 Platinum 'Blue Expanse Rose Gold'\"}]},{\"@type\":\"WebSite\",\"@id\":\"https:\/\/tourcruiser.com\/de\/#website\",\"url\":\"https:\/\/tourcruiser.com\/de\/\",\"name\":\"Styloral Jewelry Shop\",\"description\":\"Tourcruiser Sneaker Store \u2014 der Ort, an dem das Universum deine Einzigartigkeit trifft.\",\"publisher\":{\"@id\":\"https:\/\/tourcruiser.com\/de\/#organization\"},\"potentialAction\":[{\"@type\":\"SearchAction\",\"target\":{\"@type\":\"EntryPoint\",\"urlTemplate\":\"https:\/\/tourcruiser.com\/de\/?s={search_term_string}\"},\"query-input\":{\"@type\":\"PropertyValueSpecification\",\"valueRequired\":true,\"valueName\":\"search_term_string\"}}],\"inLanguage\":\"de\"},{\"@type\":\"Organization\",\"@id\":\"https:\/\/tourcruiser.com\/de\/#organization\",\"name\":\"STYLORAL PTE. LTD\",\"url\":\"https:\/\/tourcruiser.com\/de\/\",\"logo\":{\"@type\":\"ImageObject\",\"inLanguage\":\"de\",\"@id\":\"https:\/\/tourcruiser.com\/de\/#\/schema\/logo\/image\/\",\"url\":\"https:\/\/www.tourcruiser.com\/wp-content\/uploads\/2025\/12\/logo.png\",\"contentUrl\":\"https:\/\/www.tourcruiser.com\/wp-content\/uploads\/2025\/12\/logo.png\",\"width\":200,\"height\":65,\"caption\":\"STYLORAL PTE. LTD\"},\"image\":{\"@id\":\"https:\/\/tourcruiser.com\/de\/#\/schema\/logo\/image\/\"}}]}<\/script>\n<!-- \/ Yoast SEO plugin. -->","yoast_head_json":{"title":"(Women) ASICS Gel-Kayano 31 Platinum 'Blue Expanse Rose Gold'  - Tourcruiser PTE. LTD","robots":{"index":"index","follow":"follow","max-snippet":"max-snippet:-1","max-image-preview":"max-image-preview:large","max-video-preview":"max-video-preview:-1"},"canonical":"https:\/\/tourcruiser.com\/de\/products\/women-asics-gel-kayano-31-platinum-blue-expanse-rose-gold\/","og_locale":"de_DE","og_type":"article","og_title":"(Women) ASICS Gel-Kayano 31 Platinum 'Blue Expanse Rose Gold'  - Tourcruiser PTE. LTD","og_description":"ASICS Gel-Kayano 31 Platinum \u201d\u201d Blue Expanse\/Rose Gold","og_url":"https:\/\/tourcruiser.com\/de\/products\/women-asics-gel-kayano-31-platinum-blue-expanse-rose-gold\/","og_site_name":"Tourcruiser Sneaker Store","article_modified_time":"2026-03-27T18:49:20+00:00","twitter_card":"summary_large_image","twitter_image":"https:\/\/images.novelship.com\/product\/_women__asics_gel-kayano_31_platinum__blue_expanse_0_39278.jpeg;https:\/\/images.novelship.com\/product\/_women__asics_gel-kayano_31_platinum__blue_expanse_1_39278.jpeg;https:\/\/images.novelship.com\/product\/_women__asics_gel-kayano_31_platinum__blue_expanse_2_39278.jpeg;https:\/\/images.novelship.com\/product\/_women__asics_gel-kayano_31_platinum__blue_expanse_3_39279.jpeg;https:\/\/images.novelship.com\/product\/_women__asics_gel-kayano_31_platinum__blue_expanse_4_39279.jpeg;https:\/\/images.novelship.com\/product\/_women__asics_gel-kayano_31_platinum__blue_expanse_5_39279.jpeg;https:\/\/images.novelship.com\/product\/_women__asics_gel-kayano_31_platinum__blue_expanse_6_39279.jpeg;https:\/\/images.novelship.com\/product\/_women__asics_gel-kayano_31_platinum__blue_expanse_7_39279.jpeg","twitter_misc":{"Gesch\u00e4tzte Lesezeit":"1\u00a0Minute"},"schema":{"@context":"https:\/\/schema.org","@graph":[{"@type":"WebPage","@id":"https:\/\/tourcruiser.com\/de\/products\/women-asics-gel-kayano-31-platinum-blue-expanse-rose-gold\/","url":"https:\/\/tourcruiser.com\/de\/products\/women-asics-gel-kayano-31-platinum-blue-expanse-rose-gold\/","name":"(Women) ASICS Gel-Kayano 31 Platinum 'Blue Expanse Rose Gold' - Tourcruiser PTE. LTD","isPartOf":{"@id":"https:\/\/tourcruiser.com\/de\/#website"},"primaryImageOfPage":{"@id":"https:\/\/tourcruiser.com\/de\/products\/women-asics-gel-kayano-31-platinum-blue-expanse-rose-gold\/#primaryimage"},"image":{"@id":"https:\/\/tourcruiser.com\/de\/products\/women-asics-gel-kayano-31-platinum-blue-expanse-rose-gold\/#primaryimage"},"thumbnailUrl":"https:\/\/images.novelship.com\/product\/_women__asics_gel-kayano_31_platinum__blue_expanse_0_39278.jpeg;https:\/\/images.novelship.com\/product\/_women__asics_gel-kayano_31_platinum__blue_expanse_1_39278.jpeg;https:\/\/images.novelship.com\/product\/_women__asics_gel-kayano_31_platinum__blue_expanse_2_39278.jpeg;https:\/\/images.novelship.com\/product\/_women__asics_gel-kayano_31_platinum__blue_expanse_3_39279.jpeg;https:\/\/images.novelship.com\/product\/_women__asics_gel-kayano_31_platinum__blue_expanse_4_39279.jpeg;https:\/\/images.novelship.com\/product\/_women__asics_gel-kayano_31_platinum__blue_expanse_5_39279.jpeg;https:\/\/images.novelship.com\/product\/_women__asics_gel-kayano_31_platinum__blue_expanse_6_39279.jpeg;https:\/\/images.novelship.com\/product\/_women__asics_gel-kayano_31_platinum__blue_expanse_7_39279.jpeg","datePublished":"2026-03-02T09:38:40+00:00","dateModified":"2026-03-27T18:49:20+00:00","breadcrumb":{"@id":"https:\/\/tourcruiser.com\/de\/products\/women-asics-gel-kayano-31-platinum-blue-expanse-rose-gold\/#breadcrumb"},"inLanguage":"de","potentialAction":[{"@type":"ReadAction","target":["https:\/\/tourcruiser.com\/de\/products\/women-asics-gel-kayano-31-platinum-blue-expanse-rose-gold\/"]}]},{"@type":"ImageObject","inLanguage":"de","@id":"https:\/\/tourcruiser.com\/de\/products\/women-asics-gel-kayano-31-platinum-blue-expanse-rose-gold\/#primaryimage","url":"https:\/\/images.novelship.com\/product\/_women__asics_gel-kayano_31_platinum__blue_expanse_0_39278.jpeg;https:\/\/images.novelship.com\/product\/_women__asics_gel-kayano_31_platinum__blue_expanse_1_39278.jpeg;https:\/\/images.novelship.com\/product\/_women__asics_gel-kayano_31_platinum__blue_expanse_2_39278.jpeg;https:\/\/images.novelship.com\/product\/_women__asics_gel-kayano_31_platinum__blue_expanse_3_39279.jpeg;https:\/\/images.novelship.com\/product\/_women__asics_gel-kayano_31_platinum__blue_expanse_4_39279.jpeg;https:\/\/images.novelship.com\/product\/_women__asics_gel-kayano_31_platinum__blue_expanse_5_39279.jpeg;https:\/\/images.novelship.com\/product\/_women__asics_gel-kayano_31_platinum__blue_expanse_6_39279.jpeg;https:\/\/images.novelship.com\/product\/_women__asics_gel-kayano_31_platinum__blue_expanse_7_39279.jpeg","contentUrl":"https:\/\/images.novelship.com\/product\/_women__asics_gel-kayano_31_platinum__blue_expanse_0_39278.jpeg;https:\/\/images.novelship.com\/product\/_women__asics_gel-kayano_31_platinum__blue_expanse_1_39278.jpeg;https:\/\/images.novelship.com\/product\/_women__asics_gel-kayano_31_platinum__blue_expanse_2_39278.jpeg;https:\/\/images.novelship.com\/product\/_women__asics_gel-kayano_31_platinum__blue_expanse_3_39279.jpeg;https:\/\/images.novelship.com\/product\/_women__asics_gel-kayano_31_platinum__blue_expanse_4_39279.jpeg;https:\/\/images.novelship.com\/product\/_women__asics_gel-kayano_31_platinum__blue_expanse_5_39279.jpeg;https:\/\/images.novelship.com\/product\/_women__asics_gel-kayano_31_platinum__blue_expanse_6_39279.jpeg;https:\/\/images.novelship.com\/product\/_women__asics_gel-kayano_31_platinum__blue_expanse_7_39279.jpeg"},{"@type":"BreadcrumbList","@id":"https:\/\/tourcruiser.com\/de\/products\/women-asics-gel-kayano-31-platinum-blue-expanse-rose-gold\/#breadcrumb","itemListElement":[{"@type":"ListItem","position":1,"name":"Home","item":"https:\/\/tourcruiser.com\/de\/"},{"@type":"ListItem","position":2,"name":"Shop","item":"https:\/\/tourcruiser.com\/de\/shop\/"},{"@type":"ListItem","position":3,"name":"(Women) ASICS Gel-Kayano 31 Platinum 'Blue Expanse Rose Gold'"}]},{"@type":"WebSite","@id":"https:\/\/tourcruiser.com\/de\/#website","url":"https:\/\/tourcruiser.com\/de\/","name":"Styloral Jewelry Shop","description":"Tourcruiser Sneaker Store \u2014 der Ort, an dem das Universum deine Einzigartigkeit trifft.","publisher":{"@id":"https:\/\/tourcruiser.com\/de\/#organization"},"potentialAction":[{"@type":"SearchAction","target":{"@type":"EntryPoint","urlTemplate":"https:\/\/tourcruiser.com\/de\/?s={search_term_string}"},"query-input":{"@type":"PropertyValueSpecification","valueRequired":true,"valueName":"search_term_string"}}],"inLanguage":"de"},{"@type":"Organization","@id":"https:\/\/tourcruiser.com\/de\/#organization","name":"STYLORAL PTE. LTD","url":"https:\/\/tourcruiser.com\/de\/","logo":{"@type":"ImageObject","inLanguage":"de","@id":"https:\/\/tourcruiser.com\/de\/#\/schema\/logo\/image\/","url":"https:\/\/www.tourcruiser.com\/wp-content\/uploads\/2025\/12\/logo.png","contentUrl":"https:\/\/www.tourcruiser.com\/wp-content\/uploads\/2025\/12\/logo.png","width":200,"height":65,"caption":"STYLORAL PTE. LTD"},"image":{"@id":"https:\/\/tourcruiser.com\/de\/#\/schema\/logo\/image\/"}}]}},"_links":{"self":[{"href":"https:\/\/tourcruiser.com\/de\/wp-json\/wp\/v2\/product\/182171","targetHints":{"allow":["GET"]}}],"collection":[{"href":"https:\/\/tourcruiser.com\/de\/wp-json\/wp\/v2\/product"}],"about":[{"href":"https:\/\/tourcruiser.com\/de\/wp-json\/wp\/v2\/types\/product"}],"replies":[{"embeddable":true,"href":"https:\/\/tourcruiser.com\/de\/wp-json\/wp\/v2\/comments?post=182171"}],"wp:featuredmedia":[{"embeddable":true,"href":"https:\/\/tourcruiser.com\/de\/wp-json\/wp\/v2\/media\/182172"}],"wp:attachment":[{"href":"https:\/\/tourcruiser.com\/de\/wp-json\/wp\/v2\/media?parent=182171"}],"wp:term":[{"taxonomy":"product_brand","embeddable":true,"href":"https:\/\/tourcruiser.com\/de\/wp-json\/wp\/v2\/product_brand?post=182171"},{"taxonomy":"product_cat","embeddable":true,"href":"https:\/\/tourcruiser.com\/de\/wp-json\/wp\/v2\/product_cat?post=182171"},{"taxonomy":"product_tag","embeddable":true,"href":"https:\/\/tourcruiser.com\/de\/wp-json\/wp\/v2\/product_tag?post=182171"}],"curies":[{"name":"wp","href":"https:\/\/api.w.org\/{rel}","templated":true}]}}