{"id":182083,"date":"2026-03-02T16:38:32","date_gmt":"2026-03-02T09:38:32","guid":{"rendered":"http:\/\/tourcruiser.com\/product\/women-adidas-tokyo-black-white-gum"},"modified":"2026-03-28T01:49:15","modified_gmt":"2026-03-27T18:49:15","slug":"women-adidas-tokyo-black-white-gum","status":"publish","type":"product","link":"https:\/\/tourcruiser.com\/de\/products\/women-adidas-tokyo-black-white-gum\/","title":{"rendered":"(Women) adidas Tokyo &#8218;Black White Gum&#8216;"},"content":{"rendered":"<p>Die Tokyo JI0183 ist eine elegante, moderne Armbanduhr, die zeitgem\u00e4\u00dfes Design mit pr\u00e4ziser Funktionalit\u00e4t vereint und sie damit zum idealen Accessoire f\u00fcr alle macht, die Wert auf Stil und Leistung legen. Ihr sorgf\u00e4ltig gefertigtes Edelstahlgeh\u00e4use beherbergt ein hochpr\u00e4zises Quarzwerk, das sowohl im Beruf als auch in der Freizeit f\u00fcr genaue Zeitmessung sorgt. Das minimalistische Zifferblatt mit dezenten Indizes und innovativen Details bietet eine klare und zeitlose \u00c4sthetik.<\/p>\n<p>Dank kratzfestem Glas und Wasserdichtigkeit bis 50 Meter ist die Tokyo JI0183 f\u00fcr den t\u00e4glichen Gebrauch bestens geeignet und beh\u00e4lt dabei stets ihr elegantes Aussehen. Das verstellbare, komfortable Armband garantiert einen sicheren Sitz und passt sich verschiedenen Handgelenkgr\u00f6\u00dfen an.<\/p>\n<p>Ob im stressigen Arbeitsalltag oder beim Ausgehen \u201d\u201c die Tokyo JI0183 passt sich m\u00fchelos jedem Anlass an und vereint m\u00fchelos Stil und Funktionalit\u00e4t. Diese Uhr wurde f\u00fcr den modernen Weltb\u00fcrger entworfen und ist ein Ausdruck von Handwerkskunst und zeitgen\u00f6ssischer Eleganz. Sie ist die perfekte Wahl f\u00fcr alle, die h\u00f6chste Qualit\u00e4t und raffiniertes Design sch\u00e4tzen.<\/p>\n<ul>\n<li><strong>Farbgebung:<\/strong> Core Black\/Cloud White\/Gum<\/li>\n<li><strong>Artikelnummer:<\/strong> JI0183<\/li>\n<li><strong>Obermaterial:<\/strong> Wildleder<\/li>\n<li><strong>Farbe:<\/strong> Schwarz<\/li>\n<\/ul>\n","protected":false},"excerpt":{"rendered":"<p>adidas Tokyo \u201d\u201d Core Black\/Cloud White\/Gum<\/p>\n","protected":false},"featured_media":182084,"comment_status":"open","ping_status":"closed","template":"","meta":[],"product_brand":[],"product_cat":[10941],"product_tag":[10917],"class_list":{"0":"post-182083","1":"product","2":"type-product","3":"status-publish","4":"has-post-thumbnail","6":"product_cat-adidas-women","7":"product_tag-small-130-usd","8":"wcpa_has_options","10":"first","11":"outofstock","12":"taxable","13":"shipping-taxable","14":"purchasable","15":"product-type-simple"},"wcpa_form_fields":{"rules":{"pric_overide_base_price":false,"pric_overide_base_price_if_gt_zero":false,"pric_overide_base_price_fully":false,"pric_cal_option_once":false,"pric_use_as_fee":false,"bind_quantity":false,"quantity_bind_formula":false},"fields":[{"type":"color-group","required":true,"elementId":"wcpa-color-group-66c4a7f817afe","label":"Gr\u00f6\u00dfe","inline":true,"priceOptions":"different_for_all","pricingType":"fixed","className":"hassizechart product-shoes-size-eu product-shoes-size","name":"color-group-66c4a7f817b18","disp_type":"square","selection_type":"tick-border","disp_size":"50","show_label_inside":true,"adjust_width":true,"cart_display_type":"text","other_text":"Other","cl_rule":"show","col":6,"values":[{"label":"35","value":"EU 35","price":"","pimage":"","pimage_id":"","pthumb":"","color":""},{"label":"35.5","value":"EU 35.5","price":"","pimage":"","pimage_id":"","pthumb":"","color":""},{"label":"36","value":"EU 36","price":"","pimage":"","pimage_id":"","pthumb":"","color":"","selected":true},{"label":"36 2\/3","value":"EU 36 2\/3","price":"","pimage":"","pimage_id":"","pthumb":"","color":""},{"label":"37 1\/3","value":"EU 37 1\/3","price":"","pimage":"","pimage_id":"","pthumb":"","color":""},{"label":"38","value":"EU 38","price":"","pimage":"","pimage_id":"","pthumb":"","color":""},{"label":"38 2\/3","value":"EU 38 2\/3","price":"","pimage":"","pimage_id":"","pthumb":"","color":""},{"label":"39 1\/3","value":"EU 39 1\/3","price":"","pimage":"","pimage_id":"","pthumb":"","color":""},{"label":"40","value":"EU 40","price":"","pimage":"","pimage_id":"","pthumb":"","color":""},{"label":"40 2\/3","value":"EU 40 2\/3","price":"","pimage":"","pimage_id":"","pthumb":"","color":""},{"label":"41 1\/3","value":"EU 41 1\/3","price":"","pimage":"","pimage_id":"","pthumb":"","color":""},{"label":"42","value":"EU 42","price":"","pimage":"","pimage_id":"","pthumb":"","color":""},{"label":"42 2\/3","value":"EU 42 2\/3","price":"","pimage":"","pimage_id":"","pthumb":"","color":""},{"label":"43 1\/3","value":"EU 43 1\/3","price":"","pimage":"","pimage_id":"","pthumb":"","color":""},{"label":"44","value":"EU 44","price":"","pimage":"","pimage_id":"","pthumb":"","color":""},{"label":"44 2\/3","value":"EU 44 2\/3","price":"","pimage":"","pimage_id":"","pthumb":"","color":""},{"label":"45 1\/3","value":"EU 45 1\/3","price":"","pimage":"","pimage_id":"","pthumb":"","color":""},{"label":"46","value":"EU 46","price":"","pimage":"","pimage_id":"","pthumb":"","color":""},{"label":"46 2\/3","value":"EU 46 2\/3","price":"","pimage":"","pimage_id":"","pthumb":"","color":""},{"label":"47 1\/3","value":"EU 47 1\/3","price":"","pimage":"","pimage_id":"","pthumb":"","color":""}],"relations":[{"operator":false,"rules":[]}],"form_id":24802,"form_rules":{"pric_cal_option_once":false,"exclude_from_discount":false,"pric_use_as_fee":false,"fee_label":"Fee","render_after_acb":false,"disp_hide_options_price":false}}]},"yoast_head":"<!-- This site is optimized with the Yoast SEO plugin v26.5 - https:\/\/yoast.com\/wordpress\/plugins\/seo\/ -->\n<title>(Women) adidas Tokyo &#039;Black White Gum&#039;  - Tourcruiser PTE. LTD<\/title>\n<meta name=\"robots\" content=\"index, follow, max-snippet:-1, max-image-preview:large, max-video-preview:-1\" \/>\n<link rel=\"canonical\" href=\"https:\/\/tourcruiser.com\/\" \/>\n<meta property=\"og:locale\" content=\"de_DE\" \/>\n<meta property=\"og:type\" content=\"article\" \/>\n<meta property=\"og:title\" content=\"(Women) adidas Tokyo &#039;Black White Gum&#039;  - Tourcruiser PTE. LTD\" \/>\n<meta property=\"og:description\" content=\"adidas Tokyo \u201d\u201d Core Black\/Cloud White\/Gum\" \/>\n<meta property=\"og:url\" content=\"\/\" \/>\n<meta property=\"og:site_name\" content=\"Tourcruiser Sneaker Store\" \/>\n<meta property=\"article:modified_time\" content=\"2026-03-27T18:49:15+00:00\" \/>\n<meta name=\"twitter:card\" content=\"summary_large_image\" \/>\n<meta name=\"twitter:image\" content=\"https:\/\/images.novelship.com\/product\/_w__tokyo_ji0183_0_45743.jpeg;https:\/\/images.novelship.com\/product\/_w__tokyo_ji0183_1_45743.jpeg;https:\/\/images.novelship.com\/product\/_w__tokyo_ji0183_2_45743.jpeg;https:\/\/images.novelship.com\/product\/_w__tokyo_ji0183_3_45743.jpeg;https:\/\/images.novelship.com\/product\/_w__tokyo_ji0183_4_45743.jpeg;https:\/\/images.novelship.com\/product\/_w__tokyo_ji0183_5_45743.jpeg;https:\/\/images.novelship.com\/product\/_w__tokyo_ji0183_6_45743.jpeg;https:\/\/images.novelship.com\/product\/_w__tokyo_ji0183_7_45743.jpeg;https:\/\/images.novelship.com\/product\/_w__tokyo_ji0183_8_45743.jpeg;https:\/\/images.novelship.com\/product\/_w__tokyo_ji0183_9_45744.jpeg\" \/>\n<meta name=\"twitter:label1\" content=\"Gesch\u00e4tzte Lesezeit\" \/>\n\t<meta name=\"twitter:data1\" content=\"1\u00a0Minute\" \/>\n<script type=\"application\/ld+json\" class=\"yoast-schema-graph\">{\"@context\":\"https:\/\/schema.org\",\"@graph\":[{\"@type\":\"WebPage\",\"@id\":\"\/\",\"url\":\"https:\/\/tourcruiser.com\/\",\"name\":\"(Women) adidas Tokyo 'Black White Gum' - Tourcruiser PTE. LTD\",\"isPartOf\":{\"@id\":\"https:\/\/tourcruiser.com\/de\/#website\"},\"primaryImageOfPage\":{\"@id\":\"https:\/\/tourcruiser.com\/#primaryimage\"},\"image\":{\"@id\":\"https:\/\/tourcruiser.com\/#primaryimage\"},\"thumbnailUrl\":\"https:\/\/images.novelship.com\/product\/_w__tokyo_ji0183_0_45743.jpeg;https:\/\/images.novelship.com\/product\/_w__tokyo_ji0183_1_45743.jpeg;https:\/\/images.novelship.com\/product\/_w__tokyo_ji0183_2_45743.jpeg;https:\/\/images.novelship.com\/product\/_w__tokyo_ji0183_3_45743.jpeg;https:\/\/images.novelship.com\/product\/_w__tokyo_ji0183_4_45743.jpeg;https:\/\/images.novelship.com\/product\/_w__tokyo_ji0183_5_45743.jpeg;https:\/\/images.novelship.com\/product\/_w__tokyo_ji0183_6_45743.jpeg;https:\/\/images.novelship.com\/product\/_w__tokyo_ji0183_7_45743.jpeg;https:\/\/images.novelship.com\/product\/_w__tokyo_ji0183_8_45743.jpeg;https:\/\/images.novelship.com\/product\/_w__tokyo_ji0183_9_45744.jpeg\",\"datePublished\":\"2026-03-02T09:38:32+00:00\",\"dateModified\":\"2026-03-27T18:49:15+00:00\",\"breadcrumb\":{\"@id\":\"https:\/\/tourcruiser.com\/#breadcrumb\"},\"inLanguage\":\"de\",\"potentialAction\":[{\"@type\":\"ReadAction\",\"target\":[\"https:\/\/tourcruiser.com\/\"]}]},{\"@type\":\"ImageObject\",\"inLanguage\":\"de\",\"@id\":\"https:\/\/tourcruiser.com\/#primaryimage\",\"url\":\"https:\/\/images.novelship.com\/product\/_w__tokyo_ji0183_0_45743.jpeg;https:\/\/images.novelship.com\/product\/_w__tokyo_ji0183_1_45743.jpeg;https:\/\/images.novelship.com\/product\/_w__tokyo_ji0183_2_45743.jpeg;https:\/\/images.novelship.com\/product\/_w__tokyo_ji0183_3_45743.jpeg;https:\/\/images.novelship.com\/product\/_w__tokyo_ji0183_4_45743.jpeg;https:\/\/images.novelship.com\/product\/_w__tokyo_ji0183_5_45743.jpeg;https:\/\/images.novelship.com\/product\/_w__tokyo_ji0183_6_45743.jpeg;https:\/\/images.novelship.com\/product\/_w__tokyo_ji0183_7_45743.jpeg;https:\/\/images.novelship.com\/product\/_w__tokyo_ji0183_8_45743.jpeg;https:\/\/images.novelship.com\/product\/_w__tokyo_ji0183_9_45744.jpeg\",\"contentUrl\":\"https:\/\/images.novelship.com\/product\/_w__tokyo_ji0183_0_45743.jpeg;https:\/\/images.novelship.com\/product\/_w__tokyo_ji0183_1_45743.jpeg;https:\/\/images.novelship.com\/product\/_w__tokyo_ji0183_2_45743.jpeg;https:\/\/images.novelship.com\/product\/_w__tokyo_ji0183_3_45743.jpeg;https:\/\/images.novelship.com\/product\/_w__tokyo_ji0183_4_45743.jpeg;https:\/\/images.novelship.com\/product\/_w__tokyo_ji0183_5_45743.jpeg;https:\/\/images.novelship.com\/product\/_w__tokyo_ji0183_6_45743.jpeg;https:\/\/images.novelship.com\/product\/_w__tokyo_ji0183_7_45743.jpeg;https:\/\/images.novelship.com\/product\/_w__tokyo_ji0183_8_45743.jpeg;https:\/\/images.novelship.com\/product\/_w__tokyo_ji0183_9_45744.jpeg\"},{\"@type\":\"BreadcrumbList\",\"@id\":\"https:\/\/tourcruiser.com\/#breadcrumb\",\"itemListElement\":[{\"@type\":\"ListItem\",\"position\":1,\"name\":\"Home\",\"item\":\"https:\/\/tourcruiser.com\/de\/\"},{\"@type\":\"ListItem\",\"position\":2,\"name\":\"Shop\",\"item\":\"https:\/\/tourcruiser.com\/de\/shop\/\"},{\"@type\":\"ListItem\",\"position\":3,\"name\":\"(Women) adidas Tokyo &#8218;Black White Gum&#8216;\"}]},{\"@type\":\"WebSite\",\"@id\":\"https:\/\/tourcruiser.com\/de\/#website\",\"url\":\"https:\/\/tourcruiser.com\/de\/\",\"name\":\"Styloral Jewelry Shop\",\"description\":\"Tourcruiser Sneaker Store \u2014 der Ort, an dem das Universum deine Einzigartigkeit trifft.\",\"publisher\":{\"@id\":\"https:\/\/tourcruiser.com\/de\/#organization\"},\"potentialAction\":[{\"@type\":\"SearchAction\",\"target\":{\"@type\":\"EntryPoint\",\"urlTemplate\":\"https:\/\/tourcruiser.com\/de\/?s={search_term_string}\"},\"query-input\":{\"@type\":\"PropertyValueSpecification\",\"valueRequired\":true,\"valueName\":\"search_term_string\"}}],\"inLanguage\":\"de\"},{\"@type\":\"Organization\",\"@id\":\"https:\/\/tourcruiser.com\/de\/#organization\",\"name\":\"STYLORAL PTE. LTD\",\"url\":\"https:\/\/tourcruiser.com\/de\/\",\"logo\":{\"@type\":\"ImageObject\",\"inLanguage\":\"de\",\"@id\":\"https:\/\/tourcruiser.com\/de\/#\/schema\/logo\/image\/\",\"url\":\"https:\/\/www.tourcruiser.com\/wp-content\/uploads\/2025\/12\/logo.png\",\"contentUrl\":\"https:\/\/www.tourcruiser.com\/wp-content\/uploads\/2025\/12\/logo.png\",\"width\":200,\"height\":65,\"caption\":\"STYLORAL PTE. LTD\"},\"image\":{\"@id\":\"https:\/\/tourcruiser.com\/de\/#\/schema\/logo\/image\/\"}}]}<\/script>\n<!-- \/ Yoast SEO plugin. -->","yoast_head_json":{"title":"(Women) adidas Tokyo 'Black White Gum'  - Tourcruiser PTE. LTD","robots":{"index":"index","follow":"follow","max-snippet":"max-snippet:-1","max-image-preview":"max-image-preview:large","max-video-preview":"max-video-preview:-1"},"canonical":"https:\/\/tourcruiser.com\/","og_locale":"de_DE","og_type":"article","og_title":"(Women) adidas Tokyo 'Black White Gum'  - Tourcruiser PTE. LTD","og_description":"adidas Tokyo \u201d\u201d Core Black\/Cloud White\/Gum","og_url":"\/","og_site_name":"Tourcruiser Sneaker Store","article_modified_time":"2026-03-27T18:49:15+00:00","twitter_card":"summary_large_image","twitter_image":"https:\/\/images.novelship.com\/product\/_w__tokyo_ji0183_0_45743.jpeg;https:\/\/images.novelship.com\/product\/_w__tokyo_ji0183_1_45743.jpeg;https:\/\/images.novelship.com\/product\/_w__tokyo_ji0183_2_45743.jpeg;https:\/\/images.novelship.com\/product\/_w__tokyo_ji0183_3_45743.jpeg;https:\/\/images.novelship.com\/product\/_w__tokyo_ji0183_4_45743.jpeg;https:\/\/images.novelship.com\/product\/_w__tokyo_ji0183_5_45743.jpeg;https:\/\/images.novelship.com\/product\/_w__tokyo_ji0183_6_45743.jpeg;https:\/\/images.novelship.com\/product\/_w__tokyo_ji0183_7_45743.jpeg;https:\/\/images.novelship.com\/product\/_w__tokyo_ji0183_8_45743.jpeg;https:\/\/images.novelship.com\/product\/_w__tokyo_ji0183_9_45744.jpeg","twitter_misc":{"Gesch\u00e4tzte Lesezeit":"1\u00a0Minute"},"schema":{"@context":"https:\/\/schema.org","@graph":[{"@type":"WebPage","@id":"\/","url":"https:\/\/tourcruiser.com\/","name":"(Women) adidas Tokyo 'Black White Gum' - Tourcruiser PTE. LTD","isPartOf":{"@id":"https:\/\/tourcruiser.com\/de\/#website"},"primaryImageOfPage":{"@id":"https:\/\/tourcruiser.com\/#primaryimage"},"image":{"@id":"https:\/\/tourcruiser.com\/#primaryimage"},"thumbnailUrl":"https:\/\/images.novelship.com\/product\/_w__tokyo_ji0183_0_45743.jpeg;https:\/\/images.novelship.com\/product\/_w__tokyo_ji0183_1_45743.jpeg;https:\/\/images.novelship.com\/product\/_w__tokyo_ji0183_2_45743.jpeg;https:\/\/images.novelship.com\/product\/_w__tokyo_ji0183_3_45743.jpeg;https:\/\/images.novelship.com\/product\/_w__tokyo_ji0183_4_45743.jpeg;https:\/\/images.novelship.com\/product\/_w__tokyo_ji0183_5_45743.jpeg;https:\/\/images.novelship.com\/product\/_w__tokyo_ji0183_6_45743.jpeg;https:\/\/images.novelship.com\/product\/_w__tokyo_ji0183_7_45743.jpeg;https:\/\/images.novelship.com\/product\/_w__tokyo_ji0183_8_45743.jpeg;https:\/\/images.novelship.com\/product\/_w__tokyo_ji0183_9_45744.jpeg","datePublished":"2026-03-02T09:38:32+00:00","dateModified":"2026-03-27T18:49:15+00:00","breadcrumb":{"@id":"https:\/\/tourcruiser.com\/#breadcrumb"},"inLanguage":"de","potentialAction":[{"@type":"ReadAction","target":["https:\/\/tourcruiser.com\/"]}]},{"@type":"ImageObject","inLanguage":"de","@id":"https:\/\/tourcruiser.com\/#primaryimage","url":"https:\/\/images.novelship.com\/product\/_w__tokyo_ji0183_0_45743.jpeg;https:\/\/images.novelship.com\/product\/_w__tokyo_ji0183_1_45743.jpeg;https:\/\/images.novelship.com\/product\/_w__tokyo_ji0183_2_45743.jpeg;https:\/\/images.novelship.com\/product\/_w__tokyo_ji0183_3_45743.jpeg;https:\/\/images.novelship.com\/product\/_w__tokyo_ji0183_4_45743.jpeg;https:\/\/images.novelship.com\/product\/_w__tokyo_ji0183_5_45743.jpeg;https:\/\/images.novelship.com\/product\/_w__tokyo_ji0183_6_45743.jpeg;https:\/\/images.novelship.com\/product\/_w__tokyo_ji0183_7_45743.jpeg;https:\/\/images.novelship.com\/product\/_w__tokyo_ji0183_8_45743.jpeg;https:\/\/images.novelship.com\/product\/_w__tokyo_ji0183_9_45744.jpeg","contentUrl":"https:\/\/images.novelship.com\/product\/_w__tokyo_ji0183_0_45743.jpeg;https:\/\/images.novelship.com\/product\/_w__tokyo_ji0183_1_45743.jpeg;https:\/\/images.novelship.com\/product\/_w__tokyo_ji0183_2_45743.jpeg;https:\/\/images.novelship.com\/product\/_w__tokyo_ji0183_3_45743.jpeg;https:\/\/images.novelship.com\/product\/_w__tokyo_ji0183_4_45743.jpeg;https:\/\/images.novelship.com\/product\/_w__tokyo_ji0183_5_45743.jpeg;https:\/\/images.novelship.com\/product\/_w__tokyo_ji0183_6_45743.jpeg;https:\/\/images.novelship.com\/product\/_w__tokyo_ji0183_7_45743.jpeg;https:\/\/images.novelship.com\/product\/_w__tokyo_ji0183_8_45743.jpeg;https:\/\/images.novelship.com\/product\/_w__tokyo_ji0183_9_45744.jpeg"},{"@type":"BreadcrumbList","@id":"https:\/\/tourcruiser.com\/#breadcrumb","itemListElement":[{"@type":"ListItem","position":1,"name":"Home","item":"https:\/\/tourcruiser.com\/de\/"},{"@type":"ListItem","position":2,"name":"Shop","item":"https:\/\/tourcruiser.com\/de\/shop\/"},{"@type":"ListItem","position":3,"name":"(Women) adidas Tokyo &#8218;Black White Gum&#8216;"}]},{"@type":"WebSite","@id":"https:\/\/tourcruiser.com\/de\/#website","url":"https:\/\/tourcruiser.com\/de\/","name":"Styloral Jewelry Shop","description":"Tourcruiser Sneaker Store \u2014 der Ort, an dem das Universum deine Einzigartigkeit trifft.","publisher":{"@id":"https:\/\/tourcruiser.com\/de\/#organization"},"potentialAction":[{"@type":"SearchAction","target":{"@type":"EntryPoint","urlTemplate":"https:\/\/tourcruiser.com\/de\/?s={search_term_string}"},"query-input":{"@type":"PropertyValueSpecification","valueRequired":true,"valueName":"search_term_string"}}],"inLanguage":"de"},{"@type":"Organization","@id":"https:\/\/tourcruiser.com\/de\/#organization","name":"STYLORAL PTE. LTD","url":"https:\/\/tourcruiser.com\/de\/","logo":{"@type":"ImageObject","inLanguage":"de","@id":"https:\/\/tourcruiser.com\/de\/#\/schema\/logo\/image\/","url":"https:\/\/www.tourcruiser.com\/wp-content\/uploads\/2025\/12\/logo.png","contentUrl":"https:\/\/www.tourcruiser.com\/wp-content\/uploads\/2025\/12\/logo.png","width":200,"height":65,"caption":"STYLORAL PTE. LTD"},"image":{"@id":"https:\/\/tourcruiser.com\/de\/#\/schema\/logo\/image\/"}}]}},"_links":{"self":[{"href":"https:\/\/tourcruiser.com\/de\/wp-json\/wp\/v2\/product\/182083","targetHints":{"allow":["GET"]}}],"collection":[{"href":"https:\/\/tourcruiser.com\/de\/wp-json\/wp\/v2\/product"}],"about":[{"href":"https:\/\/tourcruiser.com\/de\/wp-json\/wp\/v2\/types\/product"}],"replies":[{"embeddable":true,"href":"https:\/\/tourcruiser.com\/de\/wp-json\/wp\/v2\/comments?post=182083"}],"wp:featuredmedia":[{"embeddable":true,"href":"https:\/\/tourcruiser.com\/de\/wp-json\/wp\/v2\/media\/182084"}],"wp:attachment":[{"href":"https:\/\/tourcruiser.com\/de\/wp-json\/wp\/v2\/media?parent=182083"}],"wp:term":[{"taxonomy":"product_brand","embeddable":true,"href":"https:\/\/tourcruiser.com\/de\/wp-json\/wp\/v2\/product_brand?post=182083"},{"taxonomy":"product_cat","embeddable":true,"href":"https:\/\/tourcruiser.com\/de\/wp-json\/wp\/v2\/product_cat?post=182083"},{"taxonomy":"product_tag","embeddable":true,"href":"https:\/\/tourcruiser.com\/de\/wp-json\/wp\/v2\/product_tag?post=182083"}],"curies":[{"name":"wp","href":"https:\/\/api.w.org\/{rel}","templated":true}]}}