{"id":182012,"date":"2026-03-02T16:38:26","date_gmt":"2026-03-02T09:38:26","guid":{"rendered":"http:\/\/tourcruiser.com\/product\/nike-book-1-ep-all-star-black-label"},"modified":"2026-03-28T01:49:12","modified_gmt":"2026-03-27T18:49:12","slug":"nike-book-1-ep-all-star-black-label","status":"publish","type":"product","link":"https:\/\/tourcruiser.com\/de\/products\/nike-book-1-ep-all-star-black-label\/","title":{"rendered":"Nike Book 1 EP &#8218;All-Star Black Label&#8216;"},"content":{"rendered":"<p>Das Book 1 Black Label EP IB3861-001 ist ein Premium-Notebook, das Spitzenleistung, elegantes Design und un\u00fcbertroffene Vielseitigkeit vereint und damit die Anforderungen moderner Profis weltweit erf\u00fcllt. Dank seines leichten und dennoch robusten Aluminiumgeh\u00e4uses bietet es die perfekte Balance zwischen Mobilit\u00e4t und Zuverl\u00e4ssigkeit f\u00fcr unterwegs. Ausgestattet mit Prozessoren der n\u00e4chsten Generation, gro\u00dfz\u00fcgigem Speicherplatz und verbesserter Grafik bew\u00e4ltigt dieses Ger\u00e4t Multitasking, anspruchsvolle Workflows und kreative Anwendungen m\u00fchelos.<\/p>\n<p>Sein hochaufl\u00f6sendes Display liefert brillante Bilder mit lebendiger Farbgenauigkeit und eignet sich ideal f\u00fcr Pr\u00e4sentationen, Bildbearbeitung und Entertainment. Die ergonomische Tastatur mit Hintergrundbeleuchtung und das intuitive Trackpad garantieren Komfort und Effizienz auch bei l\u00e4ngerer Nutzung. Das Notebook bietet hervorragende Anschlussm\u00f6glichkeiten mit zahlreichen Anschl\u00fcssen und nahtloser drahtloser Integration nach internationalen Standards.<\/p>\n<p>Der ausdauernde Akku des Book 1 Black Label EP IB3861-001 sorgt f\u00fcr unterbrechungsfreies Arbeiten den ganzen Tag. Modernste Sicherheitsfunktionen, darunter fortschrittliche Verschl\u00fcsselung und biometrische Authentifizierung, sch\u00fctzen sensible Daten und machen dieses Notebook ideal f\u00fcr Arbeitsumgebungen. Ob vielbesch\u00e4ftigter Berufst\u00e4tiger, digitaler Nomade oder kreativer Designer \u201d\u201c dieses Notebook \u00fcbertrifft mit seiner Raffinesse und herausragenden Leistung alle Erwartungen. Sorgf\u00e4ltig verarbeitet, verk\u00f6rpert es den Gipfel an Innovation und Eleganz in der pers\u00f6nlichen Technologie.<\/p>\n<ul>\n<li><strong>Farbgebung:<\/strong> Schwarz\/Kokosmilch\/Tonorange\/Schwarz<\/li>\n<li><strong>Artikelnummer:<\/strong> IB3861-001<\/li>\n<li><strong>Obermaterial:<\/strong> Denim<\/li>\n<li><strong>Zwischensohle:<\/strong> Zoom Air<\/li>\n<li><strong>Farbe:<\/strong> Schwarz<\/li>\n<li><strong>Designer:<\/strong> Benjamin Nethongkome<\/li>\n<\/ul>\n","protected":false},"excerpt":{"rendered":"<p>Nike Black Label EP \u201d\u201d Black\/Coconut Milk\/Clay Orange\/Black<\/p>\n","protected":false},"featured_media":182013,"comment_status":"open","ping_status":"closed","template":"","meta":[],"product_brand":[],"product_cat":[10803],"product_tag":[10754,10765,10801,10768],"class_list":{"0":"post-182012","1":"product","2":"type-product","3":"status-publish","4":"has-post-thumbnail","6":"product_cat-nike","7":"product_tag-lifestyle-casual-shoes","8":"product_tag-lifestyle-shoes-running-inspired","9":"product_tag-nike","10":"product_tag-retro-running-shoes","11":"wcpa_has_options","13":"first","14":"outofstock","15":"taxable","16":"shipping-taxable","17":"purchasable","18":"product-type-simple"},"wcpa_form_fields":{"rules":{"pric_overide_base_price":false,"pric_overide_base_price_if_gt_zero":false,"pric_overide_base_price_fully":false,"pric_cal_option_once":false,"pric_use_as_fee":false,"bind_quantity":false,"quantity_bind_formula":false},"fields":[{"type":"color-group","required":true,"elementId":"wcpa-color-group-66c4a75505e74","label":"Gr\u00f6\u00dfe - EU Gr\u00f6\u00dfe","inline":true,"priceOptions":"different_for_all","pricingType":"fixed","className":"hassizechart product-shoes-size-eu product-shoes-size","name":"color-group-66c4a75505e89","disp_type":"square","selection_type":"tick-border","disp_size":"44","show_label_inside":true,"adjust_width":true,"cart_display_type":"text","other_text":"Other","cl_rule":"show","col":6,"values":[{"label":"35.5","value":"EU 35.5","price":"","pimage":"","pimage_id":"","pthumb":"","color":""},{"label":"36","value":"EU 36","price":"","pimage":"","pimage_id":"","pthumb":"","color":"","selected":true},{"label":"36.5","value":"EU 36.5","price":"","pimage":"","pimage_id":"","pthumb":"","color":""},{"label":"37.5","value":"EU 37.5","price":"","pimage":"","pimage_id":"","pthumb":"","color":""},{"label":"38","value":"EU 38","price":"","pimage":"","pimage_id":"","pthumb":"","color":""},{"label":"38.5","value":"EU 38.5","price":"","pimage":"","pimage_id":"","pthumb":"","color":""},{"label":"39","value":"EU 39","price":"","pimage":"","pimage_id":"","pthumb":"","color":""},{"label":"40","value":"EU 40","price":"","pimage":"","pimage_id":"","pthumb":"","color":""},{"label":"40.5","value":"EU 40.5","price":"","pimage":"","pimage_id":"","pthumb":"","color":""},{"label":"41","value":"EU 41","price":"","pimage":"","pimage_id":"","pthumb":"","color":""},{"label":"42","value":"EU 42","price":"","pimage":"","pimage_id":"","pthumb":"","color":""},{"label":"42.5","value":"EU 42.5","price":"","pimage":"","pimage_id":"","pthumb":"","color":""},{"label":"43","value":"EU 43","price":"","pimage":"","pimage_id":"","pthumb":"","color":""},{"label":"44","value":"EU 44","price":"","pimage":"","pimage_id":"","pthumb":"","color":""},{"label":"44.5","value":"EU 44.5","price":"","pimage":"","pimage_id":"","pthumb":"","color":""},{"label":"45","value":"EU 45","price":"","pimage":"","pimage_id":"","pthumb":"","color":""},{"label":"45.5","value":"EU 45.5","price":"","pimage":"","pimage_id":"","pthumb":"","color":""},{"label":"46","value":"EU 46","price":"","pimage":"","pimage_id":"","pthumb":"","color":""},{"label":"47","value":"EU 47","price":"","pimage":"","pimage_id":"","pthumb":"","color":""},{"label":"47.5","value":"EU 47.5","price":"","pimage":"","pimage_id":"","pthumb":"","color":""},{"label":"48","value":"EU 48","price":"","pimage":"","pimage_id":"","pthumb":"","color":""}],"relations":[{"operator":false,"rules":[]}],"form_id":18106,"form_rules":{"pric_cal_option_once":false,"exclude_from_discount":false,"pric_use_as_fee":false,"fee_label":"Fee","render_after_acb":false,"disp_hide_options_price":false}}]},"yoast_head":"<!-- This site is optimized with the Yoast SEO plugin v26.5 - https:\/\/yoast.com\/wordpress\/plugins\/seo\/ -->\n<title>Nike Book 1 EP &#039;All-Star Black Label&#039;  - Tourcruiser PTE. LTD<\/title>\n<meta name=\"robots\" content=\"index, follow, max-snippet:-1, max-image-preview:large, max-video-preview:-1\" \/>\n<link rel=\"canonical\" href=\"https:\/\/tourcruiser.com\/\" \/>\n<meta property=\"og:locale\" content=\"de_DE\" \/>\n<meta property=\"og:type\" content=\"article\" \/>\n<meta property=\"og:title\" content=\"Nike Book 1 EP &#039;All-Star Black Label&#039;  - Tourcruiser PTE. LTD\" \/>\n<meta property=\"og:description\" content=\"Nike Black Label EP \u201d\u201d Black\/Coconut Milk\/Clay Orange\/Black\" \/>\n<meta property=\"og:url\" content=\"\/\" \/>\n<meta property=\"og:site_name\" content=\"Tourcruiser Sneaker Store\" \/>\n<meta property=\"article:modified_time\" content=\"2026-03-27T18:49:12+00:00\" \/>\n<meta name=\"twitter:card\" content=\"summary_large_image\" \/>\n<meta name=\"twitter:image\" content=\"https:\/\/images.novelship.com\/product\/book_1_black_label_ep_ib3861-001_0_98359.png;https:\/\/images.novelship.com\/product\/book_1_black_label_ep_ib3861-001_1_98359.png;https:\/\/images.novelship.com\/product\/book_1_black_label_ep_ib3861-001_2_98359.png;https:\/\/images.novelship.com\/product\/book_1_black_label_ep_ib3861-001_3_98359.png;https:\/\/images.novelship.com\/product\/book_1_black_label_ep_ib3861-001_4_98359.png;https:\/\/images.novelship.com\/product\/book_1_black_label_ep_ib3861-001_5_98359.png;https:\/\/images.novelship.com\/product\/book_1_black_label_ep_ib3861-001_6_98359.png;https:\/\/images.novelship.com\/product\/book_1_black_label_ep_ib3861-001_7_98359.png;https:\/\/images.novelship.com\/product\/book_1_black_label_ep_ib3861-001_8_98359.png;https:\/\/images.novelship.com\/product\/book_1_black_label_ep_ib3861-001_9_98359.png;https:\/\/images.novelship.com\/product\/book_1_black_label_ep_ib3861-001_10_98359.png;https:\/\/images.novelship.com\/product\/book_1_black_label_ep_ib3861-001_11_98359.png;https:\/\/images.novelship.com\/product\/book_1_black_label_ep_ib3861-001_12_98359.png\" \/>\n<meta name=\"twitter:label1\" content=\"Gesch\u00e4tzte Lesezeit\" \/>\n\t<meta name=\"twitter:data1\" content=\"1\u00a0Minute\" \/>\n<script type=\"application\/ld+json\" class=\"yoast-schema-graph\">{\"@context\":\"https:\/\/schema.org\",\"@graph\":[{\"@type\":\"WebPage\",\"@id\":\"\/\",\"url\":\"https:\/\/tourcruiser.com\/\",\"name\":\"Nike Book 1 EP 'All-Star Black Label' - Tourcruiser PTE. LTD\",\"isPartOf\":{\"@id\":\"https:\/\/tourcruiser.com\/de\/#website\"},\"primaryImageOfPage\":{\"@id\":\"https:\/\/tourcruiser.com\/#primaryimage\"},\"image\":{\"@id\":\"https:\/\/tourcruiser.com\/#primaryimage\"},\"thumbnailUrl\":\"https:\/\/images.novelship.com\/product\/book_1_black_label_ep_ib3861-001_0_98359.png;https:\/\/images.novelship.com\/product\/book_1_black_label_ep_ib3861-001_1_98359.png;https:\/\/images.novelship.com\/product\/book_1_black_label_ep_ib3861-001_2_98359.png;https:\/\/images.novelship.com\/product\/book_1_black_label_ep_ib3861-001_3_98359.png;https:\/\/images.novelship.com\/product\/book_1_black_label_ep_ib3861-001_4_98359.png;https:\/\/images.novelship.com\/product\/book_1_black_label_ep_ib3861-001_5_98359.png;https:\/\/images.novelship.com\/product\/book_1_black_label_ep_ib3861-001_6_98359.png;https:\/\/images.novelship.com\/product\/book_1_black_label_ep_ib3861-001_7_98359.png;https:\/\/images.novelship.com\/product\/book_1_black_label_ep_ib3861-001_8_98359.png;https:\/\/images.novelship.com\/product\/book_1_black_label_ep_ib3861-001_9_98359.png;https:\/\/images.novelship.com\/product\/book_1_black_label_ep_ib3861-001_10_98359.png;https:\/\/images.novelship.com\/product\/book_1_black_label_ep_ib3861-001_11_98359.png;https:\/\/images.novelship.com\/product\/book_1_black_label_ep_ib3861-001_12_98359.png\",\"datePublished\":\"2026-03-02T09:38:26+00:00\",\"dateModified\":\"2026-03-27T18:49:12+00:00\",\"breadcrumb\":{\"@id\":\"https:\/\/tourcruiser.com\/#breadcrumb\"},\"inLanguage\":\"de\",\"potentialAction\":[{\"@type\":\"ReadAction\",\"target\":[\"https:\/\/tourcruiser.com\/\"]}]},{\"@type\":\"ImageObject\",\"inLanguage\":\"de\",\"@id\":\"https:\/\/tourcruiser.com\/#primaryimage\",\"url\":\"https:\/\/images.novelship.com\/product\/book_1_black_label_ep_ib3861-001_0_98359.png;https:\/\/images.novelship.com\/product\/book_1_black_label_ep_ib3861-001_1_98359.png;https:\/\/images.novelship.com\/product\/book_1_black_label_ep_ib3861-001_2_98359.png;https:\/\/images.novelship.com\/product\/book_1_black_label_ep_ib3861-001_3_98359.png;https:\/\/images.novelship.com\/product\/book_1_black_label_ep_ib3861-001_4_98359.png;https:\/\/images.novelship.com\/product\/book_1_black_label_ep_ib3861-001_5_98359.png;https:\/\/images.novelship.com\/product\/book_1_black_label_ep_ib3861-001_6_98359.png;https:\/\/images.novelship.com\/product\/book_1_black_label_ep_ib3861-001_7_98359.png;https:\/\/images.novelship.com\/product\/book_1_black_label_ep_ib3861-001_8_98359.png;https:\/\/images.novelship.com\/product\/book_1_black_label_ep_ib3861-001_9_98359.png;https:\/\/images.novelship.com\/product\/book_1_black_label_ep_ib3861-001_10_98359.png;https:\/\/images.novelship.com\/product\/book_1_black_label_ep_ib3861-001_11_98359.png;https:\/\/images.novelship.com\/product\/book_1_black_label_ep_ib3861-001_12_98359.png\",\"contentUrl\":\"https:\/\/images.novelship.com\/product\/book_1_black_label_ep_ib3861-001_0_98359.png;https:\/\/images.novelship.com\/product\/book_1_black_label_ep_ib3861-001_1_98359.png;https:\/\/images.novelship.com\/product\/book_1_black_label_ep_ib3861-001_2_98359.png;https:\/\/images.novelship.com\/product\/book_1_black_label_ep_ib3861-001_3_98359.png;https:\/\/images.novelship.com\/product\/book_1_black_label_ep_ib3861-001_4_98359.png;https:\/\/images.novelship.com\/product\/book_1_black_label_ep_ib3861-001_5_98359.png;https:\/\/images.novelship.com\/product\/book_1_black_label_ep_ib3861-001_6_98359.png;https:\/\/images.novelship.com\/product\/book_1_black_label_ep_ib3861-001_7_98359.png;https:\/\/images.novelship.com\/product\/book_1_black_label_ep_ib3861-001_8_98359.png;https:\/\/images.novelship.com\/product\/book_1_black_label_ep_ib3861-001_9_98359.png;https:\/\/images.novelship.com\/product\/book_1_black_label_ep_ib3861-001_10_98359.png;https:\/\/images.novelship.com\/product\/book_1_black_label_ep_ib3861-001_11_98359.png;https:\/\/images.novelship.com\/product\/book_1_black_label_ep_ib3861-001_12_98359.png\"},{\"@type\":\"BreadcrumbList\",\"@id\":\"https:\/\/tourcruiser.com\/#breadcrumb\",\"itemListElement\":[{\"@type\":\"ListItem\",\"position\":1,\"name\":\"Home\",\"item\":\"https:\/\/tourcruiser.com\/de\/\"},{\"@type\":\"ListItem\",\"position\":2,\"name\":\"Shop\",\"item\":\"https:\/\/tourcruiser.com\/de\/shop\/\"},{\"@type\":\"ListItem\",\"position\":3,\"name\":\"Nike Book 1 EP &#8218;All-Star Black Label&#8216;\"}]},{\"@type\":\"WebSite\",\"@id\":\"https:\/\/tourcruiser.com\/de\/#website\",\"url\":\"https:\/\/tourcruiser.com\/de\/\",\"name\":\"Styloral Jewelry Shop\",\"description\":\"Tourcruiser Sneaker Store \u2014 der Ort, an dem das Universum deine Einzigartigkeit trifft.\",\"publisher\":{\"@id\":\"https:\/\/tourcruiser.com\/de\/#organization\"},\"potentialAction\":[{\"@type\":\"SearchAction\",\"target\":{\"@type\":\"EntryPoint\",\"urlTemplate\":\"https:\/\/tourcruiser.com\/de\/?s={search_term_string}\"},\"query-input\":{\"@type\":\"PropertyValueSpecification\",\"valueRequired\":true,\"valueName\":\"search_term_string\"}}],\"inLanguage\":\"de\"},{\"@type\":\"Organization\",\"@id\":\"https:\/\/tourcruiser.com\/de\/#organization\",\"name\":\"STYLORAL PTE. LTD\",\"url\":\"https:\/\/tourcruiser.com\/de\/\",\"logo\":{\"@type\":\"ImageObject\",\"inLanguage\":\"de\",\"@id\":\"https:\/\/tourcruiser.com\/de\/#\/schema\/logo\/image\/\",\"url\":\"https:\/\/www.tourcruiser.com\/wp-content\/uploads\/2025\/12\/logo.png\",\"contentUrl\":\"https:\/\/www.tourcruiser.com\/wp-content\/uploads\/2025\/12\/logo.png\",\"width\":200,\"height\":65,\"caption\":\"STYLORAL PTE. LTD\"},\"image\":{\"@id\":\"https:\/\/tourcruiser.com\/de\/#\/schema\/logo\/image\/\"}}]}<\/script>\n<!-- \/ Yoast SEO plugin. -->","yoast_head_json":{"title":"Nike Book 1 EP 'All-Star Black Label'  - Tourcruiser PTE. LTD","robots":{"index":"index","follow":"follow","max-snippet":"max-snippet:-1","max-image-preview":"max-image-preview:large","max-video-preview":"max-video-preview:-1"},"canonical":"https:\/\/tourcruiser.com\/","og_locale":"de_DE","og_type":"article","og_title":"Nike Book 1 EP 'All-Star Black Label'  - Tourcruiser PTE. LTD","og_description":"Nike Black Label EP \u201d\u201d Black\/Coconut Milk\/Clay Orange\/Black","og_url":"\/","og_site_name":"Tourcruiser Sneaker Store","article_modified_time":"2026-03-27T18:49:12+00:00","twitter_card":"summary_large_image","twitter_image":"https:\/\/images.novelship.com\/product\/book_1_black_label_ep_ib3861-001_0_98359.png;https:\/\/images.novelship.com\/product\/book_1_black_label_ep_ib3861-001_1_98359.png;https:\/\/images.novelship.com\/product\/book_1_black_label_ep_ib3861-001_2_98359.png;https:\/\/images.novelship.com\/product\/book_1_black_label_ep_ib3861-001_3_98359.png;https:\/\/images.novelship.com\/product\/book_1_black_label_ep_ib3861-001_4_98359.png;https:\/\/images.novelship.com\/product\/book_1_black_label_ep_ib3861-001_5_98359.png;https:\/\/images.novelship.com\/product\/book_1_black_label_ep_ib3861-001_6_98359.png;https:\/\/images.novelship.com\/product\/book_1_black_label_ep_ib3861-001_7_98359.png;https:\/\/images.novelship.com\/product\/book_1_black_label_ep_ib3861-001_8_98359.png;https:\/\/images.novelship.com\/product\/book_1_black_label_ep_ib3861-001_9_98359.png;https:\/\/images.novelship.com\/product\/book_1_black_label_ep_ib3861-001_10_98359.png;https:\/\/images.novelship.com\/product\/book_1_black_label_ep_ib3861-001_11_98359.png;https:\/\/images.novelship.com\/product\/book_1_black_label_ep_ib3861-001_12_98359.png","twitter_misc":{"Gesch\u00e4tzte Lesezeit":"1\u00a0Minute"},"schema":{"@context":"https:\/\/schema.org","@graph":[{"@type":"WebPage","@id":"\/","url":"https:\/\/tourcruiser.com\/","name":"Nike Book 1 EP 'All-Star Black Label' - Tourcruiser PTE. LTD","isPartOf":{"@id":"https:\/\/tourcruiser.com\/de\/#website"},"primaryImageOfPage":{"@id":"https:\/\/tourcruiser.com\/#primaryimage"},"image":{"@id":"https:\/\/tourcruiser.com\/#primaryimage"},"thumbnailUrl":"https:\/\/images.novelship.com\/product\/book_1_black_label_ep_ib3861-001_0_98359.png;https:\/\/images.novelship.com\/product\/book_1_black_label_ep_ib3861-001_1_98359.png;https:\/\/images.novelship.com\/product\/book_1_black_label_ep_ib3861-001_2_98359.png;https:\/\/images.novelship.com\/product\/book_1_black_label_ep_ib3861-001_3_98359.png;https:\/\/images.novelship.com\/product\/book_1_black_label_ep_ib3861-001_4_98359.png;https:\/\/images.novelship.com\/product\/book_1_black_label_ep_ib3861-001_5_98359.png;https:\/\/images.novelship.com\/product\/book_1_black_label_ep_ib3861-001_6_98359.png;https:\/\/images.novelship.com\/product\/book_1_black_label_ep_ib3861-001_7_98359.png;https:\/\/images.novelship.com\/product\/book_1_black_label_ep_ib3861-001_8_98359.png;https:\/\/images.novelship.com\/product\/book_1_black_label_ep_ib3861-001_9_98359.png;https:\/\/images.novelship.com\/product\/book_1_black_label_ep_ib3861-001_10_98359.png;https:\/\/images.novelship.com\/product\/book_1_black_label_ep_ib3861-001_11_98359.png;https:\/\/images.novelship.com\/product\/book_1_black_label_ep_ib3861-001_12_98359.png","datePublished":"2026-03-02T09:38:26+00:00","dateModified":"2026-03-27T18:49:12+00:00","breadcrumb":{"@id":"https:\/\/tourcruiser.com\/#breadcrumb"},"inLanguage":"de","potentialAction":[{"@type":"ReadAction","target":["https:\/\/tourcruiser.com\/"]}]},{"@type":"ImageObject","inLanguage":"de","@id":"https:\/\/tourcruiser.com\/#primaryimage","url":"https:\/\/images.novelship.com\/product\/book_1_black_label_ep_ib3861-001_0_98359.png;https:\/\/images.novelship.com\/product\/book_1_black_label_ep_ib3861-001_1_98359.png;https:\/\/images.novelship.com\/product\/book_1_black_label_ep_ib3861-001_2_98359.png;https:\/\/images.novelship.com\/product\/book_1_black_label_ep_ib3861-001_3_98359.png;https:\/\/images.novelship.com\/product\/book_1_black_label_ep_ib3861-001_4_98359.png;https:\/\/images.novelship.com\/product\/book_1_black_label_ep_ib3861-001_5_98359.png;https:\/\/images.novelship.com\/product\/book_1_black_label_ep_ib3861-001_6_98359.png;https:\/\/images.novelship.com\/product\/book_1_black_label_ep_ib3861-001_7_98359.png;https:\/\/images.novelship.com\/product\/book_1_black_label_ep_ib3861-001_8_98359.png;https:\/\/images.novelship.com\/product\/book_1_black_label_ep_ib3861-001_9_98359.png;https:\/\/images.novelship.com\/product\/book_1_black_label_ep_ib3861-001_10_98359.png;https:\/\/images.novelship.com\/product\/book_1_black_label_ep_ib3861-001_11_98359.png;https:\/\/images.novelship.com\/product\/book_1_black_label_ep_ib3861-001_12_98359.png","contentUrl":"https:\/\/images.novelship.com\/product\/book_1_black_label_ep_ib3861-001_0_98359.png;https:\/\/images.novelship.com\/product\/book_1_black_label_ep_ib3861-001_1_98359.png;https:\/\/images.novelship.com\/product\/book_1_black_label_ep_ib3861-001_2_98359.png;https:\/\/images.novelship.com\/product\/book_1_black_label_ep_ib3861-001_3_98359.png;https:\/\/images.novelship.com\/product\/book_1_black_label_ep_ib3861-001_4_98359.png;https:\/\/images.novelship.com\/product\/book_1_black_label_ep_ib3861-001_5_98359.png;https:\/\/images.novelship.com\/product\/book_1_black_label_ep_ib3861-001_6_98359.png;https:\/\/images.novelship.com\/product\/book_1_black_label_ep_ib3861-001_7_98359.png;https:\/\/images.novelship.com\/product\/book_1_black_label_ep_ib3861-001_8_98359.png;https:\/\/images.novelship.com\/product\/book_1_black_label_ep_ib3861-001_9_98359.png;https:\/\/images.novelship.com\/product\/book_1_black_label_ep_ib3861-001_10_98359.png;https:\/\/images.novelship.com\/product\/book_1_black_label_ep_ib3861-001_11_98359.png;https:\/\/images.novelship.com\/product\/book_1_black_label_ep_ib3861-001_12_98359.png"},{"@type":"BreadcrumbList","@id":"https:\/\/tourcruiser.com\/#breadcrumb","itemListElement":[{"@type":"ListItem","position":1,"name":"Home","item":"https:\/\/tourcruiser.com\/de\/"},{"@type":"ListItem","position":2,"name":"Shop","item":"https:\/\/tourcruiser.com\/de\/shop\/"},{"@type":"ListItem","position":3,"name":"Nike Book 1 EP &#8218;All-Star Black Label&#8216;"}]},{"@type":"WebSite","@id":"https:\/\/tourcruiser.com\/de\/#website","url":"https:\/\/tourcruiser.com\/de\/","name":"Styloral Jewelry Shop","description":"Tourcruiser Sneaker Store \u2014 der Ort, an dem das Universum deine Einzigartigkeit trifft.","publisher":{"@id":"https:\/\/tourcruiser.com\/de\/#organization"},"potentialAction":[{"@type":"SearchAction","target":{"@type":"EntryPoint","urlTemplate":"https:\/\/tourcruiser.com\/de\/?s={search_term_string}"},"query-input":{"@type":"PropertyValueSpecification","valueRequired":true,"valueName":"search_term_string"}}],"inLanguage":"de"},{"@type":"Organization","@id":"https:\/\/tourcruiser.com\/de\/#organization","name":"STYLORAL PTE. LTD","url":"https:\/\/tourcruiser.com\/de\/","logo":{"@type":"ImageObject","inLanguage":"de","@id":"https:\/\/tourcruiser.com\/de\/#\/schema\/logo\/image\/","url":"https:\/\/www.tourcruiser.com\/wp-content\/uploads\/2025\/12\/logo.png","contentUrl":"https:\/\/www.tourcruiser.com\/wp-content\/uploads\/2025\/12\/logo.png","width":200,"height":65,"caption":"STYLORAL PTE. LTD"},"image":{"@id":"https:\/\/tourcruiser.com\/de\/#\/schema\/logo\/image\/"}}]}},"_links":{"self":[{"href":"https:\/\/tourcruiser.com\/de\/wp-json\/wp\/v2\/product\/182012","targetHints":{"allow":["GET"]}}],"collection":[{"href":"https:\/\/tourcruiser.com\/de\/wp-json\/wp\/v2\/product"}],"about":[{"href":"https:\/\/tourcruiser.com\/de\/wp-json\/wp\/v2\/types\/product"}],"replies":[{"embeddable":true,"href":"https:\/\/tourcruiser.com\/de\/wp-json\/wp\/v2\/comments?post=182012"}],"wp:featuredmedia":[{"embeddable":true,"href":"https:\/\/tourcruiser.com\/de\/wp-json\/wp\/v2\/media\/182013"}],"wp:attachment":[{"href":"https:\/\/tourcruiser.com\/de\/wp-json\/wp\/v2\/media?parent=182012"}],"wp:term":[{"taxonomy":"product_brand","embeddable":true,"href":"https:\/\/tourcruiser.com\/de\/wp-json\/wp\/v2\/product_brand?post=182012"},{"taxonomy":"product_cat","embeddable":true,"href":"https:\/\/tourcruiser.com\/de\/wp-json\/wp\/v2\/product_cat?post=182012"},{"taxonomy":"product_tag","embeddable":true,"href":"https:\/\/tourcruiser.com\/de\/wp-json\/wp\/v2\/product_tag?post=182012"}],"curies":[{"name":"wp","href":"https:\/\/api.w.org\/{rel}","templated":true}]}}