{"id":181997,"date":"2026-03-02T16:38:25","date_gmt":"2026-03-02T09:38:25","guid":{"rendered":"http:\/\/tourcruiser.com\/product\/women-nike-air-max-plus-beach-sunset"},"modified":"2026-03-28T01:49:11","modified_gmt":"2026-03-27T18:49:11","slug":"women-nike-air-max-plus-beach-sunset","status":"publish","type":"product","link":"https:\/\/tourcruiser.com\/de\/products\/women-nike-air-max-plus-beach-sunset\/","title":{"rendered":"(Women) Nike Air Max Plus &#8218;Beach Sunset&#8216;"},"content":{"rendered":"<p>Mit dem Nike Air Max Plus \u201eBeach Sunset\u201c verleihst du deinem Style und Komfort ein Upgrade! Diese stylischen Sneaker bestechen durch ihre lebendige, von Sonnenunterg\u00e4ngen inspirierte Farbgebung, die an ruhige Strandtage erinnert. Die legend\u00e4re Air Max-D\u00e4mpfung sorgt f\u00fcr unvergleichlichen Tragekomfort, w\u00e4hrend das atmungsaktive Mesh-Obermaterial f\u00fcr Atmungsaktivit\u00e4t und Strapazierf\u00e4higkeit sorgt. Schl\u00fcpfe in diese Sneaker und erlebe die perfekte Kombination aus Fashion und Funktion \u201d\u201c egal ob du in der Stadt unterwegs bist oder die Sonne genie\u00dft. Die \u201eBeach Sunset\u201c-Farbgebung verleiht deinem Alltagslook einen Hauch von Sommerflair. Hol dir jetzt den Nike Air Max Plus \u201eBeach Sunset\u201c f\u00fcr dein perfektes Schuh-Styling!<\/p>\n<ul>\n<li><strong>Farbgebung:<\/strong> Mehrfarbig\/Wei\u00df-Hanf-Erde-Seeglas-Olive Aura<\/li>\n<li><strong>Style-Code:<\/strong> HF5726-912<\/li>\n<li><strong>Obermaterial:<\/strong> Textil<\/li>\n<li><strong>Mittelsohle:<\/strong> Air<\/li>\n<li><strong>Farbe:<\/strong> Mehrfarbig<\/li>\n<li><strong>Designer:<\/strong> Sean McDowell<\/li>\n<\/ul>\n","protected":false},"excerpt":{"rendered":"<p>Nike Air Max Plus \u201d\u201d Multi-Color\/White-Hemp-Earth-Sea Glass-Olive Aura<\/p>\n","protected":false},"featured_media":181998,"comment_status":"open","ping_status":"closed","template":"","meta":[],"product_brand":[],"product_cat":[10809],"product_tag":[10750,10847,10926,10754,10765,10801,10785,10786,10758],"class_list":{"0":"post-181997","1":"product","2":"type-product","3":"status-publish","4":"has-post-thumbnail","6":"product_cat-nike-women","7":"product_tag-athleisure-shoes","8":"product_tag-best-finds-under-100","9":"product_tag-gift-for-her","10":"product_tag-lifestyle-casual-shoes","11":"product_tag-lifestyle-shoes-running-inspired","12":"product_tag-nike","13":"product_tag-trending-deals","14":"product_tag-trending-deals-under-150","15":"product_tag-under-retail","16":"wcpa_has_options","18":"first","19":"outofstock","20":"taxable","21":"shipping-taxable","22":"purchasable","23":"product-type-simple"},"wcpa_form_fields":{"rules":{"pric_overide_base_price":false,"pric_overide_base_price_if_gt_zero":false,"pric_overide_base_price_fully":false,"pric_cal_option_once":false,"pric_use_as_fee":false,"bind_quantity":false,"quantity_bind_formula":false},"fields":[{"type":"color-group","required":true,"elementId":"wcpa-color-group-66c4a75505e74","label":"Gr\u00f6\u00dfe - EU Gr\u00f6\u00dfe","inline":true,"priceOptions":"different_for_all","pricingType":"fixed","className":"hassizechart product-shoes-size-eu product-shoes-size","name":"color-group-66c4a75505e89","disp_type":"square","selection_type":"tick-border","disp_size":"44","show_label_inside":true,"adjust_width":true,"cart_display_type":"text","other_text":"Other","cl_rule":"show","col":6,"values":[{"label":"35.5","value":"EU 35.5","price":"","pimage":"","pimage_id":"","pthumb":"","color":""},{"label":"36","value":"EU 36","price":"","pimage":"","pimage_id":"","pthumb":"","color":"","selected":true},{"label":"36.5","value":"EU 36.5","price":"","pimage":"","pimage_id":"","pthumb":"","color":""},{"label":"37.5","value":"EU 37.5","price":"","pimage":"","pimage_id":"","pthumb":"","color":""},{"label":"38","value":"EU 38","price":"","pimage":"","pimage_id":"","pthumb":"","color":""},{"label":"38.5","value":"EU 38.5","price":"","pimage":"","pimage_id":"","pthumb":"","color":""},{"label":"39","value":"EU 39","price":"","pimage":"","pimage_id":"","pthumb":"","color":""},{"label":"40","value":"EU 40","price":"","pimage":"","pimage_id":"","pthumb":"","color":""},{"label":"40.5","value":"EU 40.5","price":"","pimage":"","pimage_id":"","pthumb":"","color":""},{"label":"41","value":"EU 41","price":"","pimage":"","pimage_id":"","pthumb":"","color":""},{"label":"42","value":"EU 42","price":"","pimage":"","pimage_id":"","pthumb":"","color":""},{"label":"42.5","value":"EU 42.5","price":"","pimage":"","pimage_id":"","pthumb":"","color":""},{"label":"43","value":"EU 43","price":"","pimage":"","pimage_id":"","pthumb":"","color":""},{"label":"44","value":"EU 44","price":"","pimage":"","pimage_id":"","pthumb":"","color":""},{"label":"44.5","value":"EU 44.5","price":"","pimage":"","pimage_id":"","pthumb":"","color":""},{"label":"45","value":"EU 45","price":"","pimage":"","pimage_id":"","pthumb":"","color":""},{"label":"45.5","value":"EU 45.5","price":"","pimage":"","pimage_id":"","pthumb":"","color":""},{"label":"46","value":"EU 46","price":"","pimage":"","pimage_id":"","pthumb":"","color":""},{"label":"47","value":"EU 47","price":"","pimage":"","pimage_id":"","pthumb":"","color":""},{"label":"47.5","value":"EU 47.5","price":"","pimage":"","pimage_id":"","pthumb":"","color":""},{"label":"48","value":"EU 48","price":"","pimage":"","pimage_id":"","pthumb":"","color":""}],"relations":[{"operator":false,"rules":[]}],"form_id":18106,"form_rules":{"pric_cal_option_once":false,"exclude_from_discount":false,"pric_use_as_fee":false,"fee_label":"Fee","render_after_acb":false,"disp_hide_options_price":false}}]},"yoast_head":"<!-- This site is optimized with the Yoast SEO plugin v26.5 - https:\/\/yoast.com\/wordpress\/plugins\/seo\/ -->\n<title>(Women) Nike Air Max Plus &#039;Beach Sunset&#039;  - Tourcruiser PTE. LTD<\/title>\n<meta name=\"robots\" content=\"index, follow, max-snippet:-1, max-image-preview:large, max-video-preview:-1\" \/>\n<link rel=\"canonical\" href=\"https:\/\/tourcruiser.com\/\" \/>\n<meta property=\"og:locale\" content=\"de_DE\" \/>\n<meta property=\"og:type\" content=\"article\" \/>\n<meta property=\"og:title\" content=\"(Women) Nike Air Max Plus &#039;Beach Sunset&#039;  - Tourcruiser PTE. LTD\" \/>\n<meta property=\"og:description\" content=\"Nike Air Max Plus \u201d\u201d Multi-Color\/White-Hemp-Earth-Sea Glass-Olive Aura\" \/>\n<meta property=\"og:url\" content=\"\/\" \/>\n<meta property=\"og:site_name\" content=\"Tourcruiser Sneaker Store\" \/>\n<meta property=\"article:modified_time\" content=\"2026-03-27T18:49:11+00:00\" \/>\n<meta name=\"twitter:card\" content=\"summary_large_image\" \/>\n<meta name=\"twitter:image\" content=\"https:\/\/images.novelship.com\/product\/_women__nike_air_max_plus__multi_color__hf5726_912_0_76253.jpeg;https:\/\/images.novelship.com\/product\/_women__nike_air_max_plus__multi_color__hf5726_912_1_76253.jpeg;https:\/\/images.novelship.com\/product\/_women__nike_air_max_plus__multi_color__hf5726_912_2_76253.jpeg;https:\/\/images.novelship.com\/product\/_women__nike_air_max_plus__multi_color__hf5726_912_3_76253.jpeg;https:\/\/images.novelship.com\/product\/_women__nike_air_max_plus__multi_color__hf5726_912_4_76253.jpeg\" \/>\n<meta name=\"twitter:label1\" content=\"Gesch\u00e4tzte Lesezeit\" \/>\n\t<meta name=\"twitter:data1\" content=\"1\u00a0Minute\" \/>\n<script type=\"application\/ld+json\" class=\"yoast-schema-graph\">{\"@context\":\"https:\/\/schema.org\",\"@graph\":[{\"@type\":\"WebPage\",\"@id\":\"\/\",\"url\":\"https:\/\/tourcruiser.com\/\",\"name\":\"(Women) Nike Air Max Plus 'Beach Sunset' - Tourcruiser PTE. LTD\",\"isPartOf\":{\"@id\":\"https:\/\/tourcruiser.com\/de\/#website\"},\"primaryImageOfPage\":{\"@id\":\"https:\/\/tourcruiser.com\/#primaryimage\"},\"image\":{\"@id\":\"https:\/\/tourcruiser.com\/#primaryimage\"},\"thumbnailUrl\":\"https:\/\/images.novelship.com\/product\/_women__nike_air_max_plus__multi_color__hf5726_912_0_76253.jpeg;https:\/\/images.novelship.com\/product\/_women__nike_air_max_plus__multi_color__hf5726_912_1_76253.jpeg;https:\/\/images.novelship.com\/product\/_women__nike_air_max_plus__multi_color__hf5726_912_2_76253.jpeg;https:\/\/images.novelship.com\/product\/_women__nike_air_max_plus__multi_color__hf5726_912_3_76253.jpeg;https:\/\/images.novelship.com\/product\/_women__nike_air_max_plus__multi_color__hf5726_912_4_76253.jpeg\",\"datePublished\":\"2026-03-02T09:38:25+00:00\",\"dateModified\":\"2026-03-27T18:49:11+00:00\",\"breadcrumb\":{\"@id\":\"https:\/\/tourcruiser.com\/#breadcrumb\"},\"inLanguage\":\"de\",\"potentialAction\":[{\"@type\":\"ReadAction\",\"target\":[\"https:\/\/tourcruiser.com\/\"]}]},{\"@type\":\"ImageObject\",\"inLanguage\":\"de\",\"@id\":\"https:\/\/tourcruiser.com\/#primaryimage\",\"url\":\"https:\/\/images.novelship.com\/product\/_women__nike_air_max_plus__multi_color__hf5726_912_0_76253.jpeg;https:\/\/images.novelship.com\/product\/_women__nike_air_max_plus__multi_color__hf5726_912_1_76253.jpeg;https:\/\/images.novelship.com\/product\/_women__nike_air_max_plus__multi_color__hf5726_912_2_76253.jpeg;https:\/\/images.novelship.com\/product\/_women__nike_air_max_plus__multi_color__hf5726_912_3_76253.jpeg;https:\/\/images.novelship.com\/product\/_women__nike_air_max_plus__multi_color__hf5726_912_4_76253.jpeg\",\"contentUrl\":\"https:\/\/images.novelship.com\/product\/_women__nike_air_max_plus__multi_color__hf5726_912_0_76253.jpeg;https:\/\/images.novelship.com\/product\/_women__nike_air_max_plus__multi_color__hf5726_912_1_76253.jpeg;https:\/\/images.novelship.com\/product\/_women__nike_air_max_plus__multi_color__hf5726_912_2_76253.jpeg;https:\/\/images.novelship.com\/product\/_women__nike_air_max_plus__multi_color__hf5726_912_3_76253.jpeg;https:\/\/images.novelship.com\/product\/_women__nike_air_max_plus__multi_color__hf5726_912_4_76253.jpeg\"},{\"@type\":\"BreadcrumbList\",\"@id\":\"https:\/\/tourcruiser.com\/#breadcrumb\",\"itemListElement\":[{\"@type\":\"ListItem\",\"position\":1,\"name\":\"Home\",\"item\":\"https:\/\/tourcruiser.com\/de\/\"},{\"@type\":\"ListItem\",\"position\":2,\"name\":\"Shop\",\"item\":\"https:\/\/tourcruiser.com\/de\/shop\/\"},{\"@type\":\"ListItem\",\"position\":3,\"name\":\"(Women) Nike Air Max Plus &#8218;Beach Sunset&#8216;\"}]},{\"@type\":\"WebSite\",\"@id\":\"https:\/\/tourcruiser.com\/de\/#website\",\"url\":\"https:\/\/tourcruiser.com\/de\/\",\"name\":\"Styloral Jewelry Shop\",\"description\":\"Tourcruiser Sneaker Store \u2014 der Ort, an dem das Universum deine Einzigartigkeit trifft.\",\"publisher\":{\"@id\":\"https:\/\/tourcruiser.com\/de\/#organization\"},\"potentialAction\":[{\"@type\":\"SearchAction\",\"target\":{\"@type\":\"EntryPoint\",\"urlTemplate\":\"https:\/\/tourcruiser.com\/de\/?s={search_term_string}\"},\"query-input\":{\"@type\":\"PropertyValueSpecification\",\"valueRequired\":true,\"valueName\":\"search_term_string\"}}],\"inLanguage\":\"de\"},{\"@type\":\"Organization\",\"@id\":\"https:\/\/tourcruiser.com\/de\/#organization\",\"name\":\"STYLORAL PTE. LTD\",\"url\":\"https:\/\/tourcruiser.com\/de\/\",\"logo\":{\"@type\":\"ImageObject\",\"inLanguage\":\"de\",\"@id\":\"https:\/\/tourcruiser.com\/de\/#\/schema\/logo\/image\/\",\"url\":\"https:\/\/www.tourcruiser.com\/wp-content\/uploads\/2025\/12\/logo.png\",\"contentUrl\":\"https:\/\/www.tourcruiser.com\/wp-content\/uploads\/2025\/12\/logo.png\",\"width\":200,\"height\":65,\"caption\":\"STYLORAL PTE. LTD\"},\"image\":{\"@id\":\"https:\/\/tourcruiser.com\/de\/#\/schema\/logo\/image\/\"}}]}<\/script>\n<!-- \/ Yoast SEO plugin. -->","yoast_head_json":{"title":"(Women) Nike Air Max Plus 'Beach Sunset'  - Tourcruiser PTE. LTD","robots":{"index":"index","follow":"follow","max-snippet":"max-snippet:-1","max-image-preview":"max-image-preview:large","max-video-preview":"max-video-preview:-1"},"canonical":"https:\/\/tourcruiser.com\/","og_locale":"de_DE","og_type":"article","og_title":"(Women) Nike Air Max Plus 'Beach Sunset'  - Tourcruiser PTE. LTD","og_description":"Nike Air Max Plus \u201d\u201d Multi-Color\/White-Hemp-Earth-Sea Glass-Olive Aura","og_url":"\/","og_site_name":"Tourcruiser Sneaker Store","article_modified_time":"2026-03-27T18:49:11+00:00","twitter_card":"summary_large_image","twitter_image":"https:\/\/images.novelship.com\/product\/_women__nike_air_max_plus__multi_color__hf5726_912_0_76253.jpeg;https:\/\/images.novelship.com\/product\/_women__nike_air_max_plus__multi_color__hf5726_912_1_76253.jpeg;https:\/\/images.novelship.com\/product\/_women__nike_air_max_plus__multi_color__hf5726_912_2_76253.jpeg;https:\/\/images.novelship.com\/product\/_women__nike_air_max_plus__multi_color__hf5726_912_3_76253.jpeg;https:\/\/images.novelship.com\/product\/_women__nike_air_max_plus__multi_color__hf5726_912_4_76253.jpeg","twitter_misc":{"Gesch\u00e4tzte Lesezeit":"1\u00a0Minute"},"schema":{"@context":"https:\/\/schema.org","@graph":[{"@type":"WebPage","@id":"\/","url":"https:\/\/tourcruiser.com\/","name":"(Women) Nike Air Max Plus 'Beach Sunset' - Tourcruiser PTE. LTD","isPartOf":{"@id":"https:\/\/tourcruiser.com\/de\/#website"},"primaryImageOfPage":{"@id":"https:\/\/tourcruiser.com\/#primaryimage"},"image":{"@id":"https:\/\/tourcruiser.com\/#primaryimage"},"thumbnailUrl":"https:\/\/images.novelship.com\/product\/_women__nike_air_max_plus__multi_color__hf5726_912_0_76253.jpeg;https:\/\/images.novelship.com\/product\/_women__nike_air_max_plus__multi_color__hf5726_912_1_76253.jpeg;https:\/\/images.novelship.com\/product\/_women__nike_air_max_plus__multi_color__hf5726_912_2_76253.jpeg;https:\/\/images.novelship.com\/product\/_women__nike_air_max_plus__multi_color__hf5726_912_3_76253.jpeg;https:\/\/images.novelship.com\/product\/_women__nike_air_max_plus__multi_color__hf5726_912_4_76253.jpeg","datePublished":"2026-03-02T09:38:25+00:00","dateModified":"2026-03-27T18:49:11+00:00","breadcrumb":{"@id":"https:\/\/tourcruiser.com\/#breadcrumb"},"inLanguage":"de","potentialAction":[{"@type":"ReadAction","target":["https:\/\/tourcruiser.com\/"]}]},{"@type":"ImageObject","inLanguage":"de","@id":"https:\/\/tourcruiser.com\/#primaryimage","url":"https:\/\/images.novelship.com\/product\/_women__nike_air_max_plus__multi_color__hf5726_912_0_76253.jpeg;https:\/\/images.novelship.com\/product\/_women__nike_air_max_plus__multi_color__hf5726_912_1_76253.jpeg;https:\/\/images.novelship.com\/product\/_women__nike_air_max_plus__multi_color__hf5726_912_2_76253.jpeg;https:\/\/images.novelship.com\/product\/_women__nike_air_max_plus__multi_color__hf5726_912_3_76253.jpeg;https:\/\/images.novelship.com\/product\/_women__nike_air_max_plus__multi_color__hf5726_912_4_76253.jpeg","contentUrl":"https:\/\/images.novelship.com\/product\/_women__nike_air_max_plus__multi_color__hf5726_912_0_76253.jpeg;https:\/\/images.novelship.com\/product\/_women__nike_air_max_plus__multi_color__hf5726_912_1_76253.jpeg;https:\/\/images.novelship.com\/product\/_women__nike_air_max_plus__multi_color__hf5726_912_2_76253.jpeg;https:\/\/images.novelship.com\/product\/_women__nike_air_max_plus__multi_color__hf5726_912_3_76253.jpeg;https:\/\/images.novelship.com\/product\/_women__nike_air_max_plus__multi_color__hf5726_912_4_76253.jpeg"},{"@type":"BreadcrumbList","@id":"https:\/\/tourcruiser.com\/#breadcrumb","itemListElement":[{"@type":"ListItem","position":1,"name":"Home","item":"https:\/\/tourcruiser.com\/de\/"},{"@type":"ListItem","position":2,"name":"Shop","item":"https:\/\/tourcruiser.com\/de\/shop\/"},{"@type":"ListItem","position":3,"name":"(Women) Nike Air Max Plus &#8218;Beach Sunset&#8216;"}]},{"@type":"WebSite","@id":"https:\/\/tourcruiser.com\/de\/#website","url":"https:\/\/tourcruiser.com\/de\/","name":"Styloral Jewelry Shop","description":"Tourcruiser Sneaker Store \u2014 der Ort, an dem das Universum deine Einzigartigkeit trifft.","publisher":{"@id":"https:\/\/tourcruiser.com\/de\/#organization"},"potentialAction":[{"@type":"SearchAction","target":{"@type":"EntryPoint","urlTemplate":"https:\/\/tourcruiser.com\/de\/?s={search_term_string}"},"query-input":{"@type":"PropertyValueSpecification","valueRequired":true,"valueName":"search_term_string"}}],"inLanguage":"de"},{"@type":"Organization","@id":"https:\/\/tourcruiser.com\/de\/#organization","name":"STYLORAL PTE. LTD","url":"https:\/\/tourcruiser.com\/de\/","logo":{"@type":"ImageObject","inLanguage":"de","@id":"https:\/\/tourcruiser.com\/de\/#\/schema\/logo\/image\/","url":"https:\/\/www.tourcruiser.com\/wp-content\/uploads\/2025\/12\/logo.png","contentUrl":"https:\/\/www.tourcruiser.com\/wp-content\/uploads\/2025\/12\/logo.png","width":200,"height":65,"caption":"STYLORAL PTE. LTD"},"image":{"@id":"https:\/\/tourcruiser.com\/de\/#\/schema\/logo\/image\/"}}]}},"_links":{"self":[{"href":"https:\/\/tourcruiser.com\/de\/wp-json\/wp\/v2\/product\/181997","targetHints":{"allow":["GET"]}}],"collection":[{"href":"https:\/\/tourcruiser.com\/de\/wp-json\/wp\/v2\/product"}],"about":[{"href":"https:\/\/tourcruiser.com\/de\/wp-json\/wp\/v2\/types\/product"}],"replies":[{"embeddable":true,"href":"https:\/\/tourcruiser.com\/de\/wp-json\/wp\/v2\/comments?post=181997"}],"wp:featuredmedia":[{"embeddable":true,"href":"https:\/\/tourcruiser.com\/de\/wp-json\/wp\/v2\/media\/181998"}],"wp:attachment":[{"href":"https:\/\/tourcruiser.com\/de\/wp-json\/wp\/v2\/media?parent=181997"}],"wp:term":[{"taxonomy":"product_brand","embeddable":true,"href":"https:\/\/tourcruiser.com\/de\/wp-json\/wp\/v2\/product_brand?post=181997"},{"taxonomy":"product_cat","embeddable":true,"href":"https:\/\/tourcruiser.com\/de\/wp-json\/wp\/v2\/product_cat?post=181997"},{"taxonomy":"product_tag","embeddable":true,"href":"https:\/\/tourcruiser.com\/de\/wp-json\/wp\/v2\/product_tag?post=181997"}],"curies":[{"name":"wp","href":"https:\/\/api.w.org\/{rel}","templated":true}]}}