{"id":181898,"date":"2026-03-02T16:38:15","date_gmt":"2026-03-02T09:38:15","guid":{"rendered":"http:\/\/tourcruiser.com\/product\/women-nike-killshot-2-sail-light-orewood-gum"},"modified":"2026-03-28T01:49:05","modified_gmt":"2026-03-27T18:49:05","slug":"women-nike-killshot-2-sail-light-orewood-gum","status":"publish","type":"product","link":"https:\/\/tourcruiser.com\/de\/products\/women-nike-killshot-2-sail-light-orewood-gum\/","title":{"rendered":"(Women) Nike Killshot 2 &#8218;Sail Light Orewood Gum&#8216;"},"content":{"rendered":"<p>Der Nike Killshot 2 FZ5630-106 ist ein eleganter und zeitloser Sneaker, der Retro-Stil mit moderner Vielseitigkeit vereint und perfekt zu jedem Casual-Look passt. Gefertigt aus hochwertigen Materialien, besticht dieses ikonische Low-Profile-Design durch ein atmungsaktives, wei\u00dfes Mesh-Obermaterial, geschmeidige Leder-Overlays und einen weichen Wildleder-Akzent an der Zehenkappe f\u00fcr zus\u00e4tzliche Textur und Strapazierf\u00e4higkeit.<\/p>\n<p>Der charakteristische Nike Swoosh, in einem auff\u00e4lligen Farbkontrast, setzt ein klares Statement in der minimalistischen \u00c4sthetik und bewahrt gleichzeitig die Authentizit\u00e4t der Marke. Dank der weichen Schaumstoff-Mittelsohle bietet der Killshot 2 ganzt\u00e4gigen Tragekomfort \u201d\u201c egal ob beim Bummeln, Einkaufen oder Treffen mit Freunden.<\/p>\n<p>Die Gummisohle sorgt nicht nur f\u00fcr optimale Traktion, sondern verleiht dem Design auch einen Vintage-Look. Der leichte, stylische und super bequeme Nike Killshot 2 FZ5630-106 passt zu vielen Outfits \u201d\u201c von Jeans und l\u00e4ssigen R\u00f6cken bis hin zu sportlichen Ensembles \u201d\u201c und ist damit die erste Wahl f\u00fcr modebewusste Menschen weltweit. Egal, ob du schon lange Nike-Fan bist oder auf der Suche nach deinem n\u00e4chsten Lieblingssneaker: Der Killshot 2 beweist, dass weniger oft mehr ist, wenn es darum geht, Alltagsschuhe aufzuwerten.<\/p>\n<ul>\n<li><strong>Farbgebung:<\/strong> Sail\/Gum Yellow\/Light All Wood Brown<\/li>\n<li><strong>Style-Code:<\/strong> FZ5630-106<\/li>\n<li><strong>Obermaterial:<\/strong> Leder<\/li>\n<li><strong>Farbe:<\/strong> Wei\u00df<\/li>\n<\/ul>\n","protected":false},"excerpt":{"rendered":"<p>Nike Killshot 2 \u201d\u201d Sail\/Gum Yellow\/Light All Wood Brown<\/p>\n","protected":false},"featured_media":181899,"comment_status":"open","ping_status":"closed","template":"","meta":[],"product_brand":[],"product_cat":[10809],"product_tag":[10750,10847,10813,10754,10824,10801,10785,10786,10758],"class_list":{"0":"post-181898","1":"product","2":"type-product","3":"status-publish","4":"has-post-thumbnail","6":"product_cat-nike-women","7":"product_tag-athleisure-shoes","8":"product_tag-best-finds-under-100","9":"product_tag-court-classic-shoes","10":"product_tag-lifestyle-casual-shoes","11":"product_tag-lifestyle-shoes-tennis-inspired","12":"product_tag-nike","13":"product_tag-trending-deals","14":"product_tag-trending-deals-under-150","15":"product_tag-under-retail","16":"wcpa_has_options","18":"first","19":"outofstock","20":"taxable","21":"shipping-taxable","22":"purchasable","23":"product-type-simple"},"wcpa_form_fields":{"rules":{"pric_overide_base_price":false,"pric_overide_base_price_if_gt_zero":false,"pric_overide_base_price_fully":false,"pric_cal_option_once":false,"pric_use_as_fee":false,"bind_quantity":false,"quantity_bind_formula":false},"fields":[{"type":"color-group","required":true,"elementId":"wcpa-color-group-66c4a75505e74","label":"Gr\u00f6\u00dfe - EU Gr\u00f6\u00dfe","inline":true,"priceOptions":"different_for_all","pricingType":"fixed","className":"hassizechart product-shoes-size-eu product-shoes-size","name":"color-group-66c4a75505e89","disp_type":"square","selection_type":"tick-border","disp_size":"44","show_label_inside":true,"adjust_width":true,"cart_display_type":"text","other_text":"Other","cl_rule":"show","col":6,"values":[{"label":"35.5","value":"EU 35.5","price":"","pimage":"","pimage_id":"","pthumb":"","color":""},{"label":"36","value":"EU 36","price":"","pimage":"","pimage_id":"","pthumb":"","color":"","selected":true},{"label":"36.5","value":"EU 36.5","price":"","pimage":"","pimage_id":"","pthumb":"","color":""},{"label":"37.5","value":"EU 37.5","price":"","pimage":"","pimage_id":"","pthumb":"","color":""},{"label":"38","value":"EU 38","price":"","pimage":"","pimage_id":"","pthumb":"","color":""},{"label":"38.5","value":"EU 38.5","price":"","pimage":"","pimage_id":"","pthumb":"","color":""},{"label":"39","value":"EU 39","price":"","pimage":"","pimage_id":"","pthumb":"","color":""},{"label":"40","value":"EU 40","price":"","pimage":"","pimage_id":"","pthumb":"","color":""},{"label":"40.5","value":"EU 40.5","price":"","pimage":"","pimage_id":"","pthumb":"","color":""},{"label":"41","value":"EU 41","price":"","pimage":"","pimage_id":"","pthumb":"","color":""},{"label":"42","value":"EU 42","price":"","pimage":"","pimage_id":"","pthumb":"","color":""},{"label":"42.5","value":"EU 42.5","price":"","pimage":"","pimage_id":"","pthumb":"","color":""},{"label":"43","value":"EU 43","price":"","pimage":"","pimage_id":"","pthumb":"","color":""},{"label":"44","value":"EU 44","price":"","pimage":"","pimage_id":"","pthumb":"","color":""},{"label":"44.5","value":"EU 44.5","price":"","pimage":"","pimage_id":"","pthumb":"","color":""},{"label":"45","value":"EU 45","price":"","pimage":"","pimage_id":"","pthumb":"","color":""},{"label":"45.5","value":"EU 45.5","price":"","pimage":"","pimage_id":"","pthumb":"","color":""},{"label":"46","value":"EU 46","price":"","pimage":"","pimage_id":"","pthumb":"","color":""},{"label":"47","value":"EU 47","price":"","pimage":"","pimage_id":"","pthumb":"","color":""},{"label":"47.5","value":"EU 47.5","price":"","pimage":"","pimage_id":"","pthumb":"","color":""},{"label":"48","value":"EU 48","price":"","pimage":"","pimage_id":"","pthumb":"","color":""}],"relations":[{"operator":false,"rules":[]}],"form_id":18106,"form_rules":{"pric_cal_option_once":false,"exclude_from_discount":false,"pric_use_as_fee":false,"fee_label":"Fee","render_after_acb":false,"disp_hide_options_price":false}}]},"yoast_head":"<!-- This site is optimized with the Yoast SEO plugin v26.5 - https:\/\/yoast.com\/wordpress\/plugins\/seo\/ -->\n<title>(Women) Nike Killshot 2 &#039;Sail Light Orewood Gum&#039;  - Tourcruiser PTE. LTD<\/title>\n<meta name=\"robots\" content=\"index, follow, max-snippet:-1, max-image-preview:large, max-video-preview:-1\" \/>\n<link rel=\"canonical\" href=\"https:\/\/tourcruiser.com\/de\/products\/women-nike-killshot-2-sail-light-orewood-gum\/\" \/>\n<meta property=\"og:locale\" content=\"de_DE\" \/>\n<meta property=\"og:type\" content=\"article\" \/>\n<meta property=\"og:title\" content=\"(Women) Nike Killshot 2 &#039;Sail Light Orewood Gum&#039;  - Tourcruiser PTE. LTD\" \/>\n<meta property=\"og:description\" content=\"Nike Killshot 2 \u201d\u201d Sail\/Gum Yellow\/Light All Wood Brown\" \/>\n<meta property=\"og:url\" content=\"https:\/\/tourcruiser.com\/de\/products\/women-nike-killshot-2-sail-light-orewood-gum\/\" \/>\n<meta property=\"og:site_name\" content=\"Tourcruiser Sneaker Store\" \/>\n<meta property=\"article:modified_time\" content=\"2026-03-27T18:49:05+00:00\" \/>\n<meta name=\"twitter:card\" content=\"summary_large_image\" \/>\n<meta name=\"twitter:image\" content=\"https:\/\/images.novelship.com\/product\/_w__nike_killshot_2_fz5630-106_0_3297.jpeg;https:\/\/images.novelship.com\/product\/_w__nike_killshot_2_fz5630-106_1_3298.jpeg;https:\/\/images.novelship.com\/product\/_w__nike_killshot_2_fz5630-106_2_3298.jpeg;https:\/\/images.novelship.com\/product\/_w__nike_killshot_2_fz5630-106_3_3298.jpeg;https:\/\/images.novelship.com\/product\/_w__nike_killshot_2_fz5630-106_4_3298.jpeg;https:\/\/images.novelship.com\/product\/_w__nike_killshot_2_fz5630-106_5_3298.jpeg;https:\/\/images.novelship.com\/product\/_w__nike_killshot_2_fz5630-106_6_3298.jpeg;https:\/\/images.novelship.com\/product\/_w__nike_killshot_2_fz5630-106_7_3298.jpeg\" \/>\n<meta name=\"twitter:label1\" content=\"Gesch\u00e4tzte Lesezeit\" \/>\n\t<meta name=\"twitter:data1\" content=\"1\u00a0Minute\" \/>\n<script type=\"application\/ld+json\" class=\"yoast-schema-graph\">{\"@context\":\"https:\/\/schema.org\",\"@graph\":[{\"@type\":\"WebPage\",\"@id\":\"https:\/\/tourcruiser.com\/de\/products\/women-nike-killshot-2-sail-light-orewood-gum\/\",\"url\":\"https:\/\/tourcruiser.com\/de\/products\/women-nike-killshot-2-sail-light-orewood-gum\/\",\"name\":\"(Women) Nike Killshot 2 'Sail Light Orewood Gum' - Tourcruiser PTE. LTD\",\"isPartOf\":{\"@id\":\"https:\/\/tourcruiser.com\/de\/#website\"},\"primaryImageOfPage\":{\"@id\":\"https:\/\/tourcruiser.com\/de\/products\/women-nike-killshot-2-sail-light-orewood-gum\/#primaryimage\"},\"image\":{\"@id\":\"https:\/\/tourcruiser.com\/de\/products\/women-nike-killshot-2-sail-light-orewood-gum\/#primaryimage\"},\"thumbnailUrl\":\"https:\/\/images.novelship.com\/product\/_w__nike_killshot_2_fz5630-106_0_3297.jpeg;https:\/\/images.novelship.com\/product\/_w__nike_killshot_2_fz5630-106_1_3298.jpeg;https:\/\/images.novelship.com\/product\/_w__nike_killshot_2_fz5630-106_2_3298.jpeg;https:\/\/images.novelship.com\/product\/_w__nike_killshot_2_fz5630-106_3_3298.jpeg;https:\/\/images.novelship.com\/product\/_w__nike_killshot_2_fz5630-106_4_3298.jpeg;https:\/\/images.novelship.com\/product\/_w__nike_killshot_2_fz5630-106_5_3298.jpeg;https:\/\/images.novelship.com\/product\/_w__nike_killshot_2_fz5630-106_6_3298.jpeg;https:\/\/images.novelship.com\/product\/_w__nike_killshot_2_fz5630-106_7_3298.jpeg\",\"datePublished\":\"2026-03-02T09:38:15+00:00\",\"dateModified\":\"2026-03-27T18:49:05+00:00\",\"breadcrumb\":{\"@id\":\"https:\/\/tourcruiser.com\/de\/products\/women-nike-killshot-2-sail-light-orewood-gum\/#breadcrumb\"},\"inLanguage\":\"de\",\"potentialAction\":[{\"@type\":\"ReadAction\",\"target\":[\"https:\/\/tourcruiser.com\/de\/products\/women-nike-killshot-2-sail-light-orewood-gum\/\"]}]},{\"@type\":\"ImageObject\",\"inLanguage\":\"de\",\"@id\":\"https:\/\/tourcruiser.com\/de\/products\/women-nike-killshot-2-sail-light-orewood-gum\/#primaryimage\",\"url\":\"https:\/\/images.novelship.com\/product\/_w__nike_killshot_2_fz5630-106_0_3297.jpeg;https:\/\/images.novelship.com\/product\/_w__nike_killshot_2_fz5630-106_1_3298.jpeg;https:\/\/images.novelship.com\/product\/_w__nike_killshot_2_fz5630-106_2_3298.jpeg;https:\/\/images.novelship.com\/product\/_w__nike_killshot_2_fz5630-106_3_3298.jpeg;https:\/\/images.novelship.com\/product\/_w__nike_killshot_2_fz5630-106_4_3298.jpeg;https:\/\/images.novelship.com\/product\/_w__nike_killshot_2_fz5630-106_5_3298.jpeg;https:\/\/images.novelship.com\/product\/_w__nike_killshot_2_fz5630-106_6_3298.jpeg;https:\/\/images.novelship.com\/product\/_w__nike_killshot_2_fz5630-106_7_3298.jpeg\",\"contentUrl\":\"https:\/\/images.novelship.com\/product\/_w__nike_killshot_2_fz5630-106_0_3297.jpeg;https:\/\/images.novelship.com\/product\/_w__nike_killshot_2_fz5630-106_1_3298.jpeg;https:\/\/images.novelship.com\/product\/_w__nike_killshot_2_fz5630-106_2_3298.jpeg;https:\/\/images.novelship.com\/product\/_w__nike_killshot_2_fz5630-106_3_3298.jpeg;https:\/\/images.novelship.com\/product\/_w__nike_killshot_2_fz5630-106_4_3298.jpeg;https:\/\/images.novelship.com\/product\/_w__nike_killshot_2_fz5630-106_5_3298.jpeg;https:\/\/images.novelship.com\/product\/_w__nike_killshot_2_fz5630-106_6_3298.jpeg;https:\/\/images.novelship.com\/product\/_w__nike_killshot_2_fz5630-106_7_3298.jpeg\"},{\"@type\":\"BreadcrumbList\",\"@id\":\"https:\/\/tourcruiser.com\/de\/products\/women-nike-killshot-2-sail-light-orewood-gum\/#breadcrumb\",\"itemListElement\":[{\"@type\":\"ListItem\",\"position\":1,\"name\":\"Home\",\"item\":\"https:\/\/tourcruiser.com\/de\/\"},{\"@type\":\"ListItem\",\"position\":2,\"name\":\"Shop\",\"item\":\"https:\/\/tourcruiser.com\/de\/shop\/\"},{\"@type\":\"ListItem\",\"position\":3,\"name\":\"(Women) Nike Killshot 2 'Sail Light Orewood Gum'\"}]},{\"@type\":\"WebSite\",\"@id\":\"https:\/\/tourcruiser.com\/de\/#website\",\"url\":\"https:\/\/tourcruiser.com\/de\/\",\"name\":\"Styloral Jewelry Shop\",\"description\":\"Tourcruiser Sneaker Store \u2014 der Ort, an dem das Universum deine Einzigartigkeit trifft.\",\"publisher\":{\"@id\":\"https:\/\/tourcruiser.com\/de\/#organization\"},\"potentialAction\":[{\"@type\":\"SearchAction\",\"target\":{\"@type\":\"EntryPoint\",\"urlTemplate\":\"https:\/\/tourcruiser.com\/de\/?s={search_term_string}\"},\"query-input\":{\"@type\":\"PropertyValueSpecification\",\"valueRequired\":true,\"valueName\":\"search_term_string\"}}],\"inLanguage\":\"de\"},{\"@type\":\"Organization\",\"@id\":\"https:\/\/tourcruiser.com\/de\/#organization\",\"name\":\"STYLORAL PTE. LTD\",\"url\":\"https:\/\/tourcruiser.com\/de\/\",\"logo\":{\"@type\":\"ImageObject\",\"inLanguage\":\"de\",\"@id\":\"https:\/\/tourcruiser.com\/de\/#\/schema\/logo\/image\/\",\"url\":\"https:\/\/www.tourcruiser.com\/wp-content\/uploads\/2025\/12\/logo.png\",\"contentUrl\":\"https:\/\/www.tourcruiser.com\/wp-content\/uploads\/2025\/12\/logo.png\",\"width\":200,\"height\":65,\"caption\":\"STYLORAL PTE. LTD\"},\"image\":{\"@id\":\"https:\/\/tourcruiser.com\/de\/#\/schema\/logo\/image\/\"}}]}<\/script>\n<!-- \/ Yoast SEO plugin. -->","yoast_head_json":{"title":"(Women) Nike Killshot 2 'Sail Light Orewood Gum'  - Tourcruiser PTE. LTD","robots":{"index":"index","follow":"follow","max-snippet":"max-snippet:-1","max-image-preview":"max-image-preview:large","max-video-preview":"max-video-preview:-1"},"canonical":"https:\/\/tourcruiser.com\/de\/products\/women-nike-killshot-2-sail-light-orewood-gum\/","og_locale":"de_DE","og_type":"article","og_title":"(Women) Nike Killshot 2 'Sail Light Orewood Gum'  - Tourcruiser PTE. LTD","og_description":"Nike Killshot 2 \u201d\u201d Sail\/Gum Yellow\/Light All Wood Brown","og_url":"https:\/\/tourcruiser.com\/de\/products\/women-nike-killshot-2-sail-light-orewood-gum\/","og_site_name":"Tourcruiser Sneaker Store","article_modified_time":"2026-03-27T18:49:05+00:00","twitter_card":"summary_large_image","twitter_image":"https:\/\/images.novelship.com\/product\/_w__nike_killshot_2_fz5630-106_0_3297.jpeg;https:\/\/images.novelship.com\/product\/_w__nike_killshot_2_fz5630-106_1_3298.jpeg;https:\/\/images.novelship.com\/product\/_w__nike_killshot_2_fz5630-106_2_3298.jpeg;https:\/\/images.novelship.com\/product\/_w__nike_killshot_2_fz5630-106_3_3298.jpeg;https:\/\/images.novelship.com\/product\/_w__nike_killshot_2_fz5630-106_4_3298.jpeg;https:\/\/images.novelship.com\/product\/_w__nike_killshot_2_fz5630-106_5_3298.jpeg;https:\/\/images.novelship.com\/product\/_w__nike_killshot_2_fz5630-106_6_3298.jpeg;https:\/\/images.novelship.com\/product\/_w__nike_killshot_2_fz5630-106_7_3298.jpeg","twitter_misc":{"Gesch\u00e4tzte Lesezeit":"1\u00a0Minute"},"schema":{"@context":"https:\/\/schema.org","@graph":[{"@type":"WebPage","@id":"https:\/\/tourcruiser.com\/de\/products\/women-nike-killshot-2-sail-light-orewood-gum\/","url":"https:\/\/tourcruiser.com\/de\/products\/women-nike-killshot-2-sail-light-orewood-gum\/","name":"(Women) Nike Killshot 2 'Sail Light Orewood Gum' - Tourcruiser PTE. LTD","isPartOf":{"@id":"https:\/\/tourcruiser.com\/de\/#website"},"primaryImageOfPage":{"@id":"https:\/\/tourcruiser.com\/de\/products\/women-nike-killshot-2-sail-light-orewood-gum\/#primaryimage"},"image":{"@id":"https:\/\/tourcruiser.com\/de\/products\/women-nike-killshot-2-sail-light-orewood-gum\/#primaryimage"},"thumbnailUrl":"https:\/\/images.novelship.com\/product\/_w__nike_killshot_2_fz5630-106_0_3297.jpeg;https:\/\/images.novelship.com\/product\/_w__nike_killshot_2_fz5630-106_1_3298.jpeg;https:\/\/images.novelship.com\/product\/_w__nike_killshot_2_fz5630-106_2_3298.jpeg;https:\/\/images.novelship.com\/product\/_w__nike_killshot_2_fz5630-106_3_3298.jpeg;https:\/\/images.novelship.com\/product\/_w__nike_killshot_2_fz5630-106_4_3298.jpeg;https:\/\/images.novelship.com\/product\/_w__nike_killshot_2_fz5630-106_5_3298.jpeg;https:\/\/images.novelship.com\/product\/_w__nike_killshot_2_fz5630-106_6_3298.jpeg;https:\/\/images.novelship.com\/product\/_w__nike_killshot_2_fz5630-106_7_3298.jpeg","datePublished":"2026-03-02T09:38:15+00:00","dateModified":"2026-03-27T18:49:05+00:00","breadcrumb":{"@id":"https:\/\/tourcruiser.com\/de\/products\/women-nike-killshot-2-sail-light-orewood-gum\/#breadcrumb"},"inLanguage":"de","potentialAction":[{"@type":"ReadAction","target":["https:\/\/tourcruiser.com\/de\/products\/women-nike-killshot-2-sail-light-orewood-gum\/"]}]},{"@type":"ImageObject","inLanguage":"de","@id":"https:\/\/tourcruiser.com\/de\/products\/women-nike-killshot-2-sail-light-orewood-gum\/#primaryimage","url":"https:\/\/images.novelship.com\/product\/_w__nike_killshot_2_fz5630-106_0_3297.jpeg;https:\/\/images.novelship.com\/product\/_w__nike_killshot_2_fz5630-106_1_3298.jpeg;https:\/\/images.novelship.com\/product\/_w__nike_killshot_2_fz5630-106_2_3298.jpeg;https:\/\/images.novelship.com\/product\/_w__nike_killshot_2_fz5630-106_3_3298.jpeg;https:\/\/images.novelship.com\/product\/_w__nike_killshot_2_fz5630-106_4_3298.jpeg;https:\/\/images.novelship.com\/product\/_w__nike_killshot_2_fz5630-106_5_3298.jpeg;https:\/\/images.novelship.com\/product\/_w__nike_killshot_2_fz5630-106_6_3298.jpeg;https:\/\/images.novelship.com\/product\/_w__nike_killshot_2_fz5630-106_7_3298.jpeg","contentUrl":"https:\/\/images.novelship.com\/product\/_w__nike_killshot_2_fz5630-106_0_3297.jpeg;https:\/\/images.novelship.com\/product\/_w__nike_killshot_2_fz5630-106_1_3298.jpeg;https:\/\/images.novelship.com\/product\/_w__nike_killshot_2_fz5630-106_2_3298.jpeg;https:\/\/images.novelship.com\/product\/_w__nike_killshot_2_fz5630-106_3_3298.jpeg;https:\/\/images.novelship.com\/product\/_w__nike_killshot_2_fz5630-106_4_3298.jpeg;https:\/\/images.novelship.com\/product\/_w__nike_killshot_2_fz5630-106_5_3298.jpeg;https:\/\/images.novelship.com\/product\/_w__nike_killshot_2_fz5630-106_6_3298.jpeg;https:\/\/images.novelship.com\/product\/_w__nike_killshot_2_fz5630-106_7_3298.jpeg"},{"@type":"BreadcrumbList","@id":"https:\/\/tourcruiser.com\/de\/products\/women-nike-killshot-2-sail-light-orewood-gum\/#breadcrumb","itemListElement":[{"@type":"ListItem","position":1,"name":"Home","item":"https:\/\/tourcruiser.com\/de\/"},{"@type":"ListItem","position":2,"name":"Shop","item":"https:\/\/tourcruiser.com\/de\/shop\/"},{"@type":"ListItem","position":3,"name":"(Women) Nike Killshot 2 'Sail Light Orewood Gum'"}]},{"@type":"WebSite","@id":"https:\/\/tourcruiser.com\/de\/#website","url":"https:\/\/tourcruiser.com\/de\/","name":"Styloral Jewelry Shop","description":"Tourcruiser Sneaker Store \u2014 der Ort, an dem das Universum deine Einzigartigkeit trifft.","publisher":{"@id":"https:\/\/tourcruiser.com\/de\/#organization"},"potentialAction":[{"@type":"SearchAction","target":{"@type":"EntryPoint","urlTemplate":"https:\/\/tourcruiser.com\/de\/?s={search_term_string}"},"query-input":{"@type":"PropertyValueSpecification","valueRequired":true,"valueName":"search_term_string"}}],"inLanguage":"de"},{"@type":"Organization","@id":"https:\/\/tourcruiser.com\/de\/#organization","name":"STYLORAL PTE. LTD","url":"https:\/\/tourcruiser.com\/de\/","logo":{"@type":"ImageObject","inLanguage":"de","@id":"https:\/\/tourcruiser.com\/de\/#\/schema\/logo\/image\/","url":"https:\/\/www.tourcruiser.com\/wp-content\/uploads\/2025\/12\/logo.png","contentUrl":"https:\/\/www.tourcruiser.com\/wp-content\/uploads\/2025\/12\/logo.png","width":200,"height":65,"caption":"STYLORAL PTE. LTD"},"image":{"@id":"https:\/\/tourcruiser.com\/de\/#\/schema\/logo\/image\/"}}]}},"_links":{"self":[{"href":"https:\/\/tourcruiser.com\/de\/wp-json\/wp\/v2\/product\/181898","targetHints":{"allow":["GET"]}}],"collection":[{"href":"https:\/\/tourcruiser.com\/de\/wp-json\/wp\/v2\/product"}],"about":[{"href":"https:\/\/tourcruiser.com\/de\/wp-json\/wp\/v2\/types\/product"}],"replies":[{"embeddable":true,"href":"https:\/\/tourcruiser.com\/de\/wp-json\/wp\/v2\/comments?post=181898"}],"wp:featuredmedia":[{"embeddable":true,"href":"https:\/\/tourcruiser.com\/de\/wp-json\/wp\/v2\/media\/181899"}],"wp:attachment":[{"href":"https:\/\/tourcruiser.com\/de\/wp-json\/wp\/v2\/media?parent=181898"}],"wp:term":[{"taxonomy":"product_brand","embeddable":true,"href":"https:\/\/tourcruiser.com\/de\/wp-json\/wp\/v2\/product_brand?post=181898"},{"taxonomy":"product_cat","embeddable":true,"href":"https:\/\/tourcruiser.com\/de\/wp-json\/wp\/v2\/product_cat?post=181898"},{"taxonomy":"product_tag","embeddable":true,"href":"https:\/\/tourcruiser.com\/de\/wp-json\/wp\/v2\/product_tag?post=181898"}],"curies":[{"name":"wp","href":"https:\/\/api.w.org\/{rel}","templated":true}]}}