{"id":181839,"date":"2026-03-02T16:38:10","date_gmt":"2026-03-02T09:38:10","guid":{"rendered":"http:\/\/tourcruiser.com\/product\/adidas-rivalry-low-off-white"},"modified":"2026-03-28T01:49:03","modified_gmt":"2026-03-27T18:49:03","slug":"adidas-rivalry-low-off-white","status":"publish","type":"product","link":"https:\/\/tourcruiser.com\/de\/products\/adidas-rivalry-low-off-white\/","title":{"rendered":"adidas Rivalry Low &#8218;Off White&#8216;"},"content":{"rendered":"<p>Mit dem adidas Rivalry Low &#8218;Off White&#8216; IG6495, einer modernen Neuinterpretation eines legend\u00e4ren Basketball-Klassikers, erlebst du zeitlosen Stil und Vielseitigkeit. Dieser Sneaker vereint Retro-Basketball-Design mit zeitgen\u00f6ssischer Streetwear-\u00c4sthetik und besticht durch ein cleanes, cremewei\u00dfes Leder-Obermaterial mit dezenten Ton-in-Ton-Details, die seinen minimalistischen Look unterstreichen. Die niedrige Silhouette bietet maximalen Komfort und Bewegungsfreiheit, w\u00e4hrend der gepolsterte Schaftrand und die ged\u00e4mpfte Zwischensohle f\u00fcr langanhaltenden Halt im Alltag sorgen. Die strapazierf\u00e4hige Gummiau\u00dfensohle bietet zuverl\u00e4ssigen Grip und macht den Schuh zum idealen Begleiter f\u00fcr urbane Abenteuer und Freizeitaktivit\u00e4ten. Der Rivalry Low &#8218;Off White&#8216; ist perfekt f\u00fcr Sneaker-Fans und modebewusste Menschen und l\u00e4sst sich nahtlos mit verschiedensten Styles kombinieren \u201d\u201c von l\u00e4ssig bis hin zu stylischen Streetwear-Looks. Mit viel Liebe zum Detail und h\u00f6chster Qualit\u00e4t gefertigt, bietet dieser adidas Klassiker ein luxuri\u00f6ses Tragegef\u00fchl, ohne Kompromisse bei Performance oder Tradition einzugehen. Dieses zeitlose Design wird Ihr neuer Lieblingsbegleiter f\u00fcr m\u00fchelose Eleganz und ganzt\u00e4gigen Tragekomfort.<\/p>\n<ul>\n<li><strong>Farbgebung:<\/strong> Off-White\/Off-White\/Wonder White<\/li>\n<li><strong>Artikelnummer:<\/strong> IG6495<\/li>\n<li><strong>Obermaterial:<\/strong> Leder<\/li>\n<li><strong>Farbe:<\/strong> Wei\u00df<\/li>\n<\/ul>\n","protected":false},"excerpt":{"rendered":"<p>adidas Rivalry Low \u201d\u201d Off White\/Off White\/Wonder White<\/p>\n","protected":false},"featured_media":181840,"comment_status":"open","ping_status":"closed","template":"","meta":[],"product_brand":[],"product_cat":[10760],"product_tag":[10759,10750,10753,10754,10777,10756,10758],"class_list":{"0":"post-181839","1":"product","2":"type-product","3":"status-publish","4":"has-post-thumbnail","6":"product_cat-adidas","7":"product_tag-adidas","8":"product_tag-athleisure-shoes","9":"product_tag-gift-for-him","10":"product_tag-lifestyle-casual-shoes","11":"product_tag-lifestyle-shoes-basketball-inspired","12":"product_tag-retro-casual-shoes","13":"product_tag-under-retail","14":"wcpa_has_options","16":"first","17":"outofstock","18":"taxable","19":"shipping-taxable","20":"purchasable","21":"product-type-simple"},"wcpa_form_fields":{"rules":{"pric_overide_base_price":false,"pric_overide_base_price_if_gt_zero":false,"pric_overide_base_price_fully":false,"pric_cal_option_once":false,"pric_use_as_fee":false,"bind_quantity":false,"quantity_bind_formula":false},"fields":[{"type":"color-group","required":true,"elementId":"wcpa-color-group-66c4a7f817afe","label":"Gr\u00f6\u00dfe","inline":true,"priceOptions":"different_for_all","pricingType":"fixed","className":"hassizechart product-shoes-size-eu product-shoes-size","name":"color-group-66c4a7f817b18","disp_type":"square","selection_type":"tick-border","disp_size":"50","show_label_inside":true,"adjust_width":true,"cart_display_type":"text","other_text":"Other","cl_rule":"show","col":6,"values":[{"label":"35","value":"EU 35","price":"","pimage":"","pimage_id":"","pthumb":"","color":""},{"label":"35.5","value":"EU 35.5","price":"","pimage":"","pimage_id":"","pthumb":"","color":""},{"label":"36","value":"EU 36","price":"","pimage":"","pimage_id":"","pthumb":"","color":"","selected":true},{"label":"36 2\/3","value":"EU 36 2\/3","price":"","pimage":"","pimage_id":"","pthumb":"","color":""},{"label":"37 1\/3","value":"EU 37 1\/3","price":"","pimage":"","pimage_id":"","pthumb":"","color":""},{"label":"38","value":"EU 38","price":"","pimage":"","pimage_id":"","pthumb":"","color":""},{"label":"38 2\/3","value":"EU 38 2\/3","price":"","pimage":"","pimage_id":"","pthumb":"","color":""},{"label":"39 1\/3","value":"EU 39 1\/3","price":"","pimage":"","pimage_id":"","pthumb":"","color":""},{"label":"40","value":"EU 40","price":"","pimage":"","pimage_id":"","pthumb":"","color":""},{"label":"40 2\/3","value":"EU 40 2\/3","price":"","pimage":"","pimage_id":"","pthumb":"","color":""},{"label":"41 1\/3","value":"EU 41 1\/3","price":"","pimage":"","pimage_id":"","pthumb":"","color":""},{"label":"42","value":"EU 42","price":"","pimage":"","pimage_id":"","pthumb":"","color":""},{"label":"42 2\/3","value":"EU 42 2\/3","price":"","pimage":"","pimage_id":"","pthumb":"","color":""},{"label":"43 1\/3","value":"EU 43 1\/3","price":"","pimage":"","pimage_id":"","pthumb":"","color":""},{"label":"44","value":"EU 44","price":"","pimage":"","pimage_id":"","pthumb":"","color":""},{"label":"44 2\/3","value":"EU 44 2\/3","price":"","pimage":"","pimage_id":"","pthumb":"","color":""},{"label":"45 1\/3","value":"EU 45 1\/3","price":"","pimage":"","pimage_id":"","pthumb":"","color":""},{"label":"46","value":"EU 46","price":"","pimage":"","pimage_id":"","pthumb":"","color":""},{"label":"46 2\/3","value":"EU 46 2\/3","price":"","pimage":"","pimage_id":"","pthumb":"","color":""},{"label":"47 1\/3","value":"EU 47 1\/3","price":"","pimage":"","pimage_id":"","pthumb":"","color":""}],"relations":[{"operator":false,"rules":[]}],"form_id":24802,"form_rules":{"pric_cal_option_once":false,"exclude_from_discount":false,"pric_use_as_fee":false,"fee_label":"Fee","render_after_acb":false,"disp_hide_options_price":false}}]},"yoast_head":"<!-- This site is optimized with the Yoast SEO plugin v26.5 - https:\/\/yoast.com\/wordpress\/plugins\/seo\/ -->\n<title>adidas Rivalry Low &#039;Off White&#039;  - Tourcruiser PTE. LTD<\/title>\n<meta name=\"robots\" content=\"index, follow, max-snippet:-1, max-image-preview:large, max-video-preview:-1\" \/>\n<link rel=\"canonical\" href=\"https:\/\/tourcruiser.com\/de\/products\/adidas-rivalry-low-off-white\/\" \/>\n<meta property=\"og:locale\" content=\"de_DE\" \/>\n<meta property=\"og:type\" content=\"article\" \/>\n<meta property=\"og:title\" content=\"adidas Rivalry Low &#039;Off White&#039;  - Tourcruiser PTE. LTD\" \/>\n<meta property=\"og:description\" content=\"adidas Rivalry Low \u201d\u201d Off White\/Off White\/Wonder White\" \/>\n<meta property=\"og:url\" content=\"https:\/\/tourcruiser.com\/de\/products\/adidas-rivalry-low-off-white\/\" \/>\n<meta property=\"og:site_name\" content=\"Tourcruiser Sneaker Store\" \/>\n<meta property=\"article:modified_time\" content=\"2026-03-27T18:49:03+00:00\" \/>\n<meta name=\"twitter:card\" content=\"summary_large_image\" \/>\n<meta name=\"twitter:image\" content=\"https:\/\/images.novelship.com\/product\/adidas_rivalry_low__off_white__ig6495_0_85224.jpeg;https:\/\/images.novelship.com\/product\/adidas_rivalry_low__off_white__ig6495_1_85224.jpeg;https:\/\/images.novelship.com\/product\/adidas_rivalry_low__off_white__ig6495_2_85224.jpeg;https:\/\/images.novelship.com\/product\/adidas_rivalry_low__off_white__ig6495_3_85224.jpeg;https:\/\/images.novelship.com\/product\/adidas_rivalry_low__off_white__ig6495_4_85224.jpeg;https:\/\/images.novelship.com\/product\/adidas_rivalry_low__off_white__ig6495_5_85224.jpeg;https:\/\/images.novelship.com\/product\/adidas_rivalry_low__off_white__ig6495_6_85224.jpeg;https:\/\/images.novelship.com\/product\/adidas_rivalry_low__off_white__ig6495_7_85224.jpeg;https:\/\/images.novelship.com\/product\/adidas_rivalry_low__off_white__ig6495_8_85225.jpeg\" \/>\n<meta name=\"twitter:label1\" content=\"Gesch\u00e4tzte Lesezeit\" \/>\n\t<meta name=\"twitter:data1\" content=\"1\u00a0Minute\" \/>\n<script type=\"application\/ld+json\" class=\"yoast-schema-graph\">{\"@context\":\"https:\/\/schema.org\",\"@graph\":[{\"@type\":\"WebPage\",\"@id\":\"https:\/\/tourcruiser.com\/de\/products\/adidas-rivalry-low-off-white\/\",\"url\":\"https:\/\/tourcruiser.com\/de\/products\/adidas-rivalry-low-off-white\/\",\"name\":\"adidas Rivalry Low 'Off White' - Tourcruiser PTE. LTD\",\"isPartOf\":{\"@id\":\"https:\/\/tourcruiser.com\/de\/#website\"},\"primaryImageOfPage\":{\"@id\":\"https:\/\/tourcruiser.com\/de\/products\/adidas-rivalry-low-off-white\/#primaryimage\"},\"image\":{\"@id\":\"https:\/\/tourcruiser.com\/de\/products\/adidas-rivalry-low-off-white\/#primaryimage\"},\"thumbnailUrl\":\"https:\/\/images.novelship.com\/product\/adidas_rivalry_low__off_white__ig6495_0_85224.jpeg;https:\/\/images.novelship.com\/product\/adidas_rivalry_low__off_white__ig6495_1_85224.jpeg;https:\/\/images.novelship.com\/product\/adidas_rivalry_low__off_white__ig6495_2_85224.jpeg;https:\/\/images.novelship.com\/product\/adidas_rivalry_low__off_white__ig6495_3_85224.jpeg;https:\/\/images.novelship.com\/product\/adidas_rivalry_low__off_white__ig6495_4_85224.jpeg;https:\/\/images.novelship.com\/product\/adidas_rivalry_low__off_white__ig6495_5_85224.jpeg;https:\/\/images.novelship.com\/product\/adidas_rivalry_low__off_white__ig6495_6_85224.jpeg;https:\/\/images.novelship.com\/product\/adidas_rivalry_low__off_white__ig6495_7_85224.jpeg;https:\/\/images.novelship.com\/product\/adidas_rivalry_low__off_white__ig6495_8_85225.jpeg\",\"datePublished\":\"2026-03-02T09:38:10+00:00\",\"dateModified\":\"2026-03-27T18:49:03+00:00\",\"breadcrumb\":{\"@id\":\"https:\/\/tourcruiser.com\/de\/products\/adidas-rivalry-low-off-white\/#breadcrumb\"},\"inLanguage\":\"de\",\"potentialAction\":[{\"@type\":\"ReadAction\",\"target\":[\"https:\/\/tourcruiser.com\/de\/products\/adidas-rivalry-low-off-white\/\"]}]},{\"@type\":\"ImageObject\",\"inLanguage\":\"de\",\"@id\":\"https:\/\/tourcruiser.com\/de\/products\/adidas-rivalry-low-off-white\/#primaryimage\",\"url\":\"https:\/\/images.novelship.com\/product\/adidas_rivalry_low__off_white__ig6495_0_85224.jpeg;https:\/\/images.novelship.com\/product\/adidas_rivalry_low__off_white__ig6495_1_85224.jpeg;https:\/\/images.novelship.com\/product\/adidas_rivalry_low__off_white__ig6495_2_85224.jpeg;https:\/\/images.novelship.com\/product\/adidas_rivalry_low__off_white__ig6495_3_85224.jpeg;https:\/\/images.novelship.com\/product\/adidas_rivalry_low__off_white__ig6495_4_85224.jpeg;https:\/\/images.novelship.com\/product\/adidas_rivalry_low__off_white__ig6495_5_85224.jpeg;https:\/\/images.novelship.com\/product\/adidas_rivalry_low__off_white__ig6495_6_85224.jpeg;https:\/\/images.novelship.com\/product\/adidas_rivalry_low__off_white__ig6495_7_85224.jpeg;https:\/\/images.novelship.com\/product\/adidas_rivalry_low__off_white__ig6495_8_85225.jpeg\",\"contentUrl\":\"https:\/\/images.novelship.com\/product\/adidas_rivalry_low__off_white__ig6495_0_85224.jpeg;https:\/\/images.novelship.com\/product\/adidas_rivalry_low__off_white__ig6495_1_85224.jpeg;https:\/\/images.novelship.com\/product\/adidas_rivalry_low__off_white__ig6495_2_85224.jpeg;https:\/\/images.novelship.com\/product\/adidas_rivalry_low__off_white__ig6495_3_85224.jpeg;https:\/\/images.novelship.com\/product\/adidas_rivalry_low__off_white__ig6495_4_85224.jpeg;https:\/\/images.novelship.com\/product\/adidas_rivalry_low__off_white__ig6495_5_85224.jpeg;https:\/\/images.novelship.com\/product\/adidas_rivalry_low__off_white__ig6495_6_85224.jpeg;https:\/\/images.novelship.com\/product\/adidas_rivalry_low__off_white__ig6495_7_85224.jpeg;https:\/\/images.novelship.com\/product\/adidas_rivalry_low__off_white__ig6495_8_85225.jpeg\"},{\"@type\":\"BreadcrumbList\",\"@id\":\"https:\/\/tourcruiser.com\/de\/products\/adidas-rivalry-low-off-white\/#breadcrumb\",\"itemListElement\":[{\"@type\":\"ListItem\",\"position\":1,\"name\":\"Home\",\"item\":\"https:\/\/tourcruiser.com\/de\/\"},{\"@type\":\"ListItem\",\"position\":2,\"name\":\"Shop\",\"item\":\"https:\/\/tourcruiser.com\/de\/shop\/\"},{\"@type\":\"ListItem\",\"position\":3,\"name\":\"adidas Rivalry Low 'Off White'\"}]},{\"@type\":\"WebSite\",\"@id\":\"https:\/\/tourcruiser.com\/de\/#website\",\"url\":\"https:\/\/tourcruiser.com\/de\/\",\"name\":\"Styloral Jewelry Shop\",\"description\":\"Tourcruiser Sneaker Store \u2014 der Ort, an dem das Universum deine Einzigartigkeit trifft.\",\"publisher\":{\"@id\":\"https:\/\/tourcruiser.com\/de\/#organization\"},\"potentialAction\":[{\"@type\":\"SearchAction\",\"target\":{\"@type\":\"EntryPoint\",\"urlTemplate\":\"https:\/\/tourcruiser.com\/de\/?s={search_term_string}\"},\"query-input\":{\"@type\":\"PropertyValueSpecification\",\"valueRequired\":true,\"valueName\":\"search_term_string\"}}],\"inLanguage\":\"de\"},{\"@type\":\"Organization\",\"@id\":\"https:\/\/tourcruiser.com\/de\/#organization\",\"name\":\"STYLORAL PTE. LTD\",\"url\":\"https:\/\/tourcruiser.com\/de\/\",\"logo\":{\"@type\":\"ImageObject\",\"inLanguage\":\"de\",\"@id\":\"https:\/\/tourcruiser.com\/de\/#\/schema\/logo\/image\/\",\"url\":\"https:\/\/www.tourcruiser.com\/wp-content\/uploads\/2025\/12\/logo.png\",\"contentUrl\":\"https:\/\/www.tourcruiser.com\/wp-content\/uploads\/2025\/12\/logo.png\",\"width\":200,\"height\":65,\"caption\":\"STYLORAL PTE. LTD\"},\"image\":{\"@id\":\"https:\/\/tourcruiser.com\/de\/#\/schema\/logo\/image\/\"}}]}<\/script>\n<!-- \/ Yoast SEO plugin. -->","yoast_head_json":{"title":"adidas Rivalry Low 'Off White'  - Tourcruiser PTE. LTD","robots":{"index":"index","follow":"follow","max-snippet":"max-snippet:-1","max-image-preview":"max-image-preview:large","max-video-preview":"max-video-preview:-1"},"canonical":"https:\/\/tourcruiser.com\/de\/products\/adidas-rivalry-low-off-white\/","og_locale":"de_DE","og_type":"article","og_title":"adidas Rivalry Low 'Off White'  - Tourcruiser PTE. LTD","og_description":"adidas Rivalry Low \u201d\u201d Off White\/Off White\/Wonder White","og_url":"https:\/\/tourcruiser.com\/de\/products\/adidas-rivalry-low-off-white\/","og_site_name":"Tourcruiser Sneaker Store","article_modified_time":"2026-03-27T18:49:03+00:00","twitter_card":"summary_large_image","twitter_image":"https:\/\/images.novelship.com\/product\/adidas_rivalry_low__off_white__ig6495_0_85224.jpeg;https:\/\/images.novelship.com\/product\/adidas_rivalry_low__off_white__ig6495_1_85224.jpeg;https:\/\/images.novelship.com\/product\/adidas_rivalry_low__off_white__ig6495_2_85224.jpeg;https:\/\/images.novelship.com\/product\/adidas_rivalry_low__off_white__ig6495_3_85224.jpeg;https:\/\/images.novelship.com\/product\/adidas_rivalry_low__off_white__ig6495_4_85224.jpeg;https:\/\/images.novelship.com\/product\/adidas_rivalry_low__off_white__ig6495_5_85224.jpeg;https:\/\/images.novelship.com\/product\/adidas_rivalry_low__off_white__ig6495_6_85224.jpeg;https:\/\/images.novelship.com\/product\/adidas_rivalry_low__off_white__ig6495_7_85224.jpeg;https:\/\/images.novelship.com\/product\/adidas_rivalry_low__off_white__ig6495_8_85225.jpeg","twitter_misc":{"Gesch\u00e4tzte Lesezeit":"1\u00a0Minute"},"schema":{"@context":"https:\/\/schema.org","@graph":[{"@type":"WebPage","@id":"https:\/\/tourcruiser.com\/de\/products\/adidas-rivalry-low-off-white\/","url":"https:\/\/tourcruiser.com\/de\/products\/adidas-rivalry-low-off-white\/","name":"adidas Rivalry Low 'Off White' - Tourcruiser PTE. LTD","isPartOf":{"@id":"https:\/\/tourcruiser.com\/de\/#website"},"primaryImageOfPage":{"@id":"https:\/\/tourcruiser.com\/de\/products\/adidas-rivalry-low-off-white\/#primaryimage"},"image":{"@id":"https:\/\/tourcruiser.com\/de\/products\/adidas-rivalry-low-off-white\/#primaryimage"},"thumbnailUrl":"https:\/\/images.novelship.com\/product\/adidas_rivalry_low__off_white__ig6495_0_85224.jpeg;https:\/\/images.novelship.com\/product\/adidas_rivalry_low__off_white__ig6495_1_85224.jpeg;https:\/\/images.novelship.com\/product\/adidas_rivalry_low__off_white__ig6495_2_85224.jpeg;https:\/\/images.novelship.com\/product\/adidas_rivalry_low__off_white__ig6495_3_85224.jpeg;https:\/\/images.novelship.com\/product\/adidas_rivalry_low__off_white__ig6495_4_85224.jpeg;https:\/\/images.novelship.com\/product\/adidas_rivalry_low__off_white__ig6495_5_85224.jpeg;https:\/\/images.novelship.com\/product\/adidas_rivalry_low__off_white__ig6495_6_85224.jpeg;https:\/\/images.novelship.com\/product\/adidas_rivalry_low__off_white__ig6495_7_85224.jpeg;https:\/\/images.novelship.com\/product\/adidas_rivalry_low__off_white__ig6495_8_85225.jpeg","datePublished":"2026-03-02T09:38:10+00:00","dateModified":"2026-03-27T18:49:03+00:00","breadcrumb":{"@id":"https:\/\/tourcruiser.com\/de\/products\/adidas-rivalry-low-off-white\/#breadcrumb"},"inLanguage":"de","potentialAction":[{"@type":"ReadAction","target":["https:\/\/tourcruiser.com\/de\/products\/adidas-rivalry-low-off-white\/"]}]},{"@type":"ImageObject","inLanguage":"de","@id":"https:\/\/tourcruiser.com\/de\/products\/adidas-rivalry-low-off-white\/#primaryimage","url":"https:\/\/images.novelship.com\/product\/adidas_rivalry_low__off_white__ig6495_0_85224.jpeg;https:\/\/images.novelship.com\/product\/adidas_rivalry_low__off_white__ig6495_1_85224.jpeg;https:\/\/images.novelship.com\/product\/adidas_rivalry_low__off_white__ig6495_2_85224.jpeg;https:\/\/images.novelship.com\/product\/adidas_rivalry_low__off_white__ig6495_3_85224.jpeg;https:\/\/images.novelship.com\/product\/adidas_rivalry_low__off_white__ig6495_4_85224.jpeg;https:\/\/images.novelship.com\/product\/adidas_rivalry_low__off_white__ig6495_5_85224.jpeg;https:\/\/images.novelship.com\/product\/adidas_rivalry_low__off_white__ig6495_6_85224.jpeg;https:\/\/images.novelship.com\/product\/adidas_rivalry_low__off_white__ig6495_7_85224.jpeg;https:\/\/images.novelship.com\/product\/adidas_rivalry_low__off_white__ig6495_8_85225.jpeg","contentUrl":"https:\/\/images.novelship.com\/product\/adidas_rivalry_low__off_white__ig6495_0_85224.jpeg;https:\/\/images.novelship.com\/product\/adidas_rivalry_low__off_white__ig6495_1_85224.jpeg;https:\/\/images.novelship.com\/product\/adidas_rivalry_low__off_white__ig6495_2_85224.jpeg;https:\/\/images.novelship.com\/product\/adidas_rivalry_low__off_white__ig6495_3_85224.jpeg;https:\/\/images.novelship.com\/product\/adidas_rivalry_low__off_white__ig6495_4_85224.jpeg;https:\/\/images.novelship.com\/product\/adidas_rivalry_low__off_white__ig6495_5_85224.jpeg;https:\/\/images.novelship.com\/product\/adidas_rivalry_low__off_white__ig6495_6_85224.jpeg;https:\/\/images.novelship.com\/product\/adidas_rivalry_low__off_white__ig6495_7_85224.jpeg;https:\/\/images.novelship.com\/product\/adidas_rivalry_low__off_white__ig6495_8_85225.jpeg"},{"@type":"BreadcrumbList","@id":"https:\/\/tourcruiser.com\/de\/products\/adidas-rivalry-low-off-white\/#breadcrumb","itemListElement":[{"@type":"ListItem","position":1,"name":"Home","item":"https:\/\/tourcruiser.com\/de\/"},{"@type":"ListItem","position":2,"name":"Shop","item":"https:\/\/tourcruiser.com\/de\/shop\/"},{"@type":"ListItem","position":3,"name":"adidas Rivalry Low 'Off White'"}]},{"@type":"WebSite","@id":"https:\/\/tourcruiser.com\/de\/#website","url":"https:\/\/tourcruiser.com\/de\/","name":"Styloral Jewelry Shop","description":"Tourcruiser Sneaker Store \u2014 der Ort, an dem das Universum deine Einzigartigkeit trifft.","publisher":{"@id":"https:\/\/tourcruiser.com\/de\/#organization"},"potentialAction":[{"@type":"SearchAction","target":{"@type":"EntryPoint","urlTemplate":"https:\/\/tourcruiser.com\/de\/?s={search_term_string}"},"query-input":{"@type":"PropertyValueSpecification","valueRequired":true,"valueName":"search_term_string"}}],"inLanguage":"de"},{"@type":"Organization","@id":"https:\/\/tourcruiser.com\/de\/#organization","name":"STYLORAL PTE. LTD","url":"https:\/\/tourcruiser.com\/de\/","logo":{"@type":"ImageObject","inLanguage":"de","@id":"https:\/\/tourcruiser.com\/de\/#\/schema\/logo\/image\/","url":"https:\/\/www.tourcruiser.com\/wp-content\/uploads\/2025\/12\/logo.png","contentUrl":"https:\/\/www.tourcruiser.com\/wp-content\/uploads\/2025\/12\/logo.png","width":200,"height":65,"caption":"STYLORAL PTE. LTD"},"image":{"@id":"https:\/\/tourcruiser.com\/de\/#\/schema\/logo\/image\/"}}]}},"_links":{"self":[{"href":"https:\/\/tourcruiser.com\/de\/wp-json\/wp\/v2\/product\/181839","targetHints":{"allow":["GET"]}}],"collection":[{"href":"https:\/\/tourcruiser.com\/de\/wp-json\/wp\/v2\/product"}],"about":[{"href":"https:\/\/tourcruiser.com\/de\/wp-json\/wp\/v2\/types\/product"}],"replies":[{"embeddable":true,"href":"https:\/\/tourcruiser.com\/de\/wp-json\/wp\/v2\/comments?post=181839"}],"wp:featuredmedia":[{"embeddable":true,"href":"https:\/\/tourcruiser.com\/de\/wp-json\/wp\/v2\/media\/181840"}],"wp:attachment":[{"href":"https:\/\/tourcruiser.com\/de\/wp-json\/wp\/v2\/media?parent=181839"}],"wp:term":[{"taxonomy":"product_brand","embeddable":true,"href":"https:\/\/tourcruiser.com\/de\/wp-json\/wp\/v2\/product_brand?post=181839"},{"taxonomy":"product_cat","embeddable":true,"href":"https:\/\/tourcruiser.com\/de\/wp-json\/wp\/v2\/product_cat?post=181839"},{"taxonomy":"product_tag","embeddable":true,"href":"https:\/\/tourcruiser.com\/de\/wp-json\/wp\/v2\/product_tag?post=181839"}],"curies":[{"name":"wp","href":"https:\/\/api.w.org\/{rel}","templated":true}]}}