{"id":181370,"date":"2026-03-02T16:37:32","date_gmt":"2026-03-02T09:37:32","guid":{"rendered":"http:\/\/tourcruiser.com\/product\/new-balance-abzorb-2000-pearl-grey-black"},"modified":"2026-03-28T01:53:59","modified_gmt":"2026-03-27T18:53:59","slug":"new-balance-abzorb-2000-pearl-grey-black","status":"publish","type":"product","link":"https:\/\/tourcruiser.com\/de\/products\/new-balance-abzorb-2000-pearl-grey-black\/","title":{"rendered":"New Balance ABZORB 2000 &#8218;Pearl Grey Black&#8216;"},"content":{"rendered":"<p>Erleben Sie zeitlosen Stil und unvergleichlichen Komfort mit dem New Balance ABZORB 2000 \u201ePearl Grey Black\u201c U2000PCD. Dieser Sneaker vereint Performance und Fashion perfekt und besticht durch eine elegante Kombination aus Perlgrau und Schwarz \u201d\u201c ideal f\u00fcr vielseitige Alltagsoutfits. Seine Retro-inspirierte Silhouette ist eine Hommage an klassische New Balance Designs und verleiht ihnen gleichzeitig einen modernen, sportlichen Touch. Die ABZORB-D\u00e4mpfung in der Zwischensohle sorgt f\u00fcr hervorragende Sto\u00dfd\u00e4mpfung und garantiert ganzt\u00e4gigen Tragekomfort, egal ob Sie aktiv sind oder es sich gem\u00fctlich machen.<\/p>\n<p>Der Schuh ist aus hochwertigen Materialien gefertigt, darunter eine Kombination aus atmungsaktivem Mesh und strapazierf\u00e4higen Wildleder-Overlays, und vereint Langlebigkeit mit einer eleganten Optik. Der gepolsterte Schaftrand und die Zunge verbessern die Passform, w\u00e4hrend die robuste Gummisohle zuverl\u00e4ssige Traktion auf verschiedenen Untergr\u00fcnden gew\u00e4hrleistet. Ob elegant oder l\u00e4ssig \u201d\u201c der New Balance ABZORB 2000 \u201ePearl Grey Black\u201c wertet Ihren Style m\u00fchelos auf. Ideal f\u00fcr Sneaker-Fans und alle, die einen aktiven Lebensstil pflegen: Dieser Schuh bietet die perfekte Kombination aus Komfort, Funktionalit\u00e4t und ikonischem Design.<\/p>\n<ul>\n<li><strong>Farbgebung:<\/strong> Perlgrau\/Schwarz<\/li>\n<li><strong>Style-Code:<\/strong> U2000PCD<\/li>\n<li><strong>Obermaterial:<\/strong> Mesh<\/li>\n<li><strong>Zwischensohle:<\/strong> ABZORB<\/li>\n<li><strong>Farbe:<\/strong> Grau<\/li>\n<li><strong>Erscheinungsjahr:<\/strong> 2025<\/li>\n<\/ul>\n","protected":false},"excerpt":{"rendered":"<p>New Balance ABZORB 2000 \u201d\u201d Pearl Grey\/Black<\/p>\n","protected":false},"featured_media":181371,"comment_status":"open","ping_status":"closed","template":"","meta":[],"product_brand":[],"product_cat":[10771],"product_tag":[10750,10754,10765,10766,10768,10758],"class_list":{"0":"post-181370","1":"product","2":"type-product","3":"status-publish","4":"has-post-thumbnail","6":"product_cat-new-balance","7":"product_tag-athleisure-shoes","8":"product_tag-lifestyle-casual-shoes","9":"product_tag-lifestyle-shoes-running-inspired","10":"product_tag-new-balance","11":"product_tag-retro-running-shoes","12":"product_tag-under-retail","13":"wcpa_has_options","15":"first","16":"outofstock","17":"taxable","18":"shipping-taxable","19":"purchasable","20":"product-type-simple"},"wcpa_form_fields":{"rules":{"pric_overide_base_price":false,"pric_overide_base_price_if_gt_zero":false,"pric_overide_base_price_fully":false,"pric_cal_option_once":false,"pric_use_as_fee":false,"bind_quantity":false,"quantity_bind_formula":false},"fields":[{"type":"color-group","required":true,"elementId":"wcpa-color-group-66c4a928225d2","label":"Gr\u00f6\u00dfe","inline":true,"priceOptions":"different_for_all","pricingType":"fixed","className":"hassizechart product-shoes-size-eu product-shoes-size","name":"color-group-66c4a928225e2","disp_type":"square","selection_type":"tick-border","disp_size":"50","show_label_inside":true,"adjust_width":true,"cart_display_type":"text","other_text":"Other","cl_rule":"show","col":6,"values":[{"label":"35","value":"EU 35","price":"","pimage":"","pimage_id":"","pthumb":"","color":""},{"label":"36","value":"EU 36","price":"","pimage":"","pimage_id":"","pthumb":"","color":"","selected":true},{"label":"37","value":"EU 37","price":"","pimage":"","pimage_id":"","pthumb":"","color":""},{"label":"37.5","value":"EU 37.5","price":"","pimage":"","pimage_id":"","pthumb":"","color":""},{"label":"38","value":"EU 38","price":"","pimage":"","pimage_id":"","pthumb":"","color":""},{"label":"38.5","value":"EU 38.5","price":"","pimage":"","pimage_id":"","pthumb":"","color":""},{"label":"39","value":"EU 39","price":"","pimage":"","pimage_id":"","pthumb":"","color":""},{"label":"39.5","value":"EU 39.5","price":"","pimage":"","pimage_id":"","pthumb":"","color":""},{"label":"40","value":"EU 40","price":"","pimage":"","pimage_id":"","pthumb":"","color":""},{"label":"40.5","value":"EU 40.5","price":"","pimage":"","pimage_id":"","pthumb":"","color":""},{"label":" 41.5","value":"EU 41.5","price":"","pimage":"","pimage_id":"","pthumb":"","color":""},{"label":"42","value":"EU 42","price":"","pimage":"","pimage_id":"","pthumb":"","color":""},{"label":"42.5","value":"EU 42.5","price":"","pimage":"","pimage_id":"","pthumb":"","color":""},{"label":"43","value":"EU 43","price":"","pimage":"","pimage_id":"","pthumb":"","color":""},{"label":"44","value":"EU 44","price":"","pimage":"","pimage_id":"","pthumb":"","color":""},{"label":"44.5","value":"EU 44.5","price":"","pimage":"","pimage_id":"","pthumb":"","color":""},{"label":"45","value":"EU 45","price":"","pimage":"","pimage_id":"","pthumb":"","color":""},{"label":"45.5","value":"EU 45.5","price":"","pimage":"","pimage_id":"","pthumb":"","color":""},{"label":"46","value":"EU 46","price":"","pimage":"","pimage_id":"","pthumb":"","color":""}],"relations":[{"operator":false,"rules":[]}],"form_id":24803,"form_rules":{"pric_cal_option_once":false,"exclude_from_discount":false,"pric_use_as_fee":false,"fee_label":"Fee","render_after_acb":false,"disp_hide_options_price":false}}]},"yoast_head":"<!-- This site is optimized with the Yoast SEO plugin v26.5 - https:\/\/yoast.com\/wordpress\/plugins\/seo\/ -->\n<title>New Balance ABZORB 2000 &#039;Pearl Grey Black&#039;  - Tourcruiser PTE. LTD<\/title>\n<meta name=\"robots\" content=\"index, follow, max-snippet:-1, max-image-preview:large, max-video-preview:-1\" \/>\n<link rel=\"canonical\" href=\"https:\/\/tourcruiser.com\/de\/products\/new-balance-abzorb-2000-pearl-grey-black\/\" \/>\n<meta property=\"og:locale\" content=\"de_DE\" \/>\n<meta property=\"og:type\" content=\"article\" \/>\n<meta property=\"og:title\" content=\"New Balance ABZORB 2000 &#039;Pearl Grey Black&#039;  - Tourcruiser PTE. LTD\" \/>\n<meta property=\"og:description\" content=\"New Balance ABZORB 2000 \u201d\u201d Pearl Grey\/Black\" \/>\n<meta property=\"og:url\" content=\"https:\/\/tourcruiser.com\/de\/products\/new-balance-abzorb-2000-pearl-grey-black\/\" \/>\n<meta property=\"og:site_name\" content=\"Tourcruiser Sneaker Store\" \/>\n<meta property=\"article:modified_time\" content=\"2026-03-27T18:53:59+00:00\" \/>\n<meta name=\"twitter:card\" content=\"summary_large_image\" \/>\n<meta name=\"twitter:image\" content=\"https:\/\/images.novelship.com\/product\/new_balance_abzorb_2000__pearl_grey_black__u2000pc_0_17442.jpeg;https:\/\/images.novelship.com\/product\/new_balance_abzorb_2000__pearl_grey_black__u2000pc_1_17443.jpeg;https:\/\/images.novelship.com\/product\/new_balance_abzorb_2000__pearl_grey_black__u2000pc_2_17443.jpeg;https:\/\/images.novelship.com\/product\/new_balance_abzorb_2000__pearl_grey_black__u2000pc_3_17443.jpeg;https:\/\/images.novelship.com\/product\/new_balance_abzorb_2000__pearl_grey_black__u2000pc_4_17443.jpeg\" \/>\n<meta name=\"twitter:label1\" content=\"Gesch\u00e4tzte Lesezeit\" \/>\n\t<meta name=\"twitter:data1\" content=\"1\u00a0Minute\" \/>\n<script type=\"application\/ld+json\" class=\"yoast-schema-graph\">{\"@context\":\"https:\/\/schema.org\",\"@graph\":[{\"@type\":\"WebPage\",\"@id\":\"https:\/\/tourcruiser.com\/de\/products\/new-balance-abzorb-2000-pearl-grey-black\/\",\"url\":\"https:\/\/tourcruiser.com\/de\/products\/new-balance-abzorb-2000-pearl-grey-black\/\",\"name\":\"New Balance ABZORB 2000 'Pearl Grey Black' - Tourcruiser PTE. LTD\",\"isPartOf\":{\"@id\":\"https:\/\/tourcruiser.com\/de\/#website\"},\"primaryImageOfPage\":{\"@id\":\"https:\/\/tourcruiser.com\/de\/products\/new-balance-abzorb-2000-pearl-grey-black\/#primaryimage\"},\"image\":{\"@id\":\"https:\/\/tourcruiser.com\/de\/products\/new-balance-abzorb-2000-pearl-grey-black\/#primaryimage\"},\"thumbnailUrl\":\"https:\/\/images.novelship.com\/product\/new_balance_abzorb_2000__pearl_grey_black__u2000pc_0_17442.jpeg;https:\/\/images.novelship.com\/product\/new_balance_abzorb_2000__pearl_grey_black__u2000pc_1_17443.jpeg;https:\/\/images.novelship.com\/product\/new_balance_abzorb_2000__pearl_grey_black__u2000pc_2_17443.jpeg;https:\/\/images.novelship.com\/product\/new_balance_abzorb_2000__pearl_grey_black__u2000pc_3_17443.jpeg;https:\/\/images.novelship.com\/product\/new_balance_abzorb_2000__pearl_grey_black__u2000pc_4_17443.jpeg\",\"datePublished\":\"2026-03-02T09:37:32+00:00\",\"dateModified\":\"2026-03-27T18:53:59+00:00\",\"breadcrumb\":{\"@id\":\"https:\/\/tourcruiser.com\/de\/products\/new-balance-abzorb-2000-pearl-grey-black\/#breadcrumb\"},\"inLanguage\":\"de\",\"potentialAction\":[{\"@type\":\"ReadAction\",\"target\":[\"https:\/\/tourcruiser.com\/de\/products\/new-balance-abzorb-2000-pearl-grey-black\/\"]}]},{\"@type\":\"ImageObject\",\"inLanguage\":\"de\",\"@id\":\"https:\/\/tourcruiser.com\/de\/products\/new-balance-abzorb-2000-pearl-grey-black\/#primaryimage\",\"url\":\"https:\/\/images.novelship.com\/product\/new_balance_abzorb_2000__pearl_grey_black__u2000pc_0_17442.jpeg;https:\/\/images.novelship.com\/product\/new_balance_abzorb_2000__pearl_grey_black__u2000pc_1_17443.jpeg;https:\/\/images.novelship.com\/product\/new_balance_abzorb_2000__pearl_grey_black__u2000pc_2_17443.jpeg;https:\/\/images.novelship.com\/product\/new_balance_abzorb_2000__pearl_grey_black__u2000pc_3_17443.jpeg;https:\/\/images.novelship.com\/product\/new_balance_abzorb_2000__pearl_grey_black__u2000pc_4_17443.jpeg\",\"contentUrl\":\"https:\/\/images.novelship.com\/product\/new_balance_abzorb_2000__pearl_grey_black__u2000pc_0_17442.jpeg;https:\/\/images.novelship.com\/product\/new_balance_abzorb_2000__pearl_grey_black__u2000pc_1_17443.jpeg;https:\/\/images.novelship.com\/product\/new_balance_abzorb_2000__pearl_grey_black__u2000pc_2_17443.jpeg;https:\/\/images.novelship.com\/product\/new_balance_abzorb_2000__pearl_grey_black__u2000pc_3_17443.jpeg;https:\/\/images.novelship.com\/product\/new_balance_abzorb_2000__pearl_grey_black__u2000pc_4_17443.jpeg\"},{\"@type\":\"BreadcrumbList\",\"@id\":\"https:\/\/tourcruiser.com\/de\/products\/new-balance-abzorb-2000-pearl-grey-black\/#breadcrumb\",\"itemListElement\":[{\"@type\":\"ListItem\",\"position\":1,\"name\":\"Home\",\"item\":\"https:\/\/tourcruiser.com\/de\/\"},{\"@type\":\"ListItem\",\"position\":2,\"name\":\"Shop\",\"item\":\"https:\/\/tourcruiser.com\/de\/shop\/\"},{\"@type\":\"ListItem\",\"position\":3,\"name\":\"New Balance ABZORB 2000 'Pearl Grey Black'\"}]},{\"@type\":\"WebSite\",\"@id\":\"https:\/\/tourcruiser.com\/de\/#website\",\"url\":\"https:\/\/tourcruiser.com\/de\/\",\"name\":\"Styloral Jewelry Shop\",\"description\":\"Tourcruiser Sneaker Store \u2014 der Ort, an dem das Universum deine Einzigartigkeit trifft.\",\"publisher\":{\"@id\":\"https:\/\/tourcruiser.com\/de\/#organization\"},\"potentialAction\":[{\"@type\":\"SearchAction\",\"target\":{\"@type\":\"EntryPoint\",\"urlTemplate\":\"https:\/\/tourcruiser.com\/de\/?s={search_term_string}\"},\"query-input\":{\"@type\":\"PropertyValueSpecification\",\"valueRequired\":true,\"valueName\":\"search_term_string\"}}],\"inLanguage\":\"de\"},{\"@type\":\"Organization\",\"@id\":\"https:\/\/tourcruiser.com\/de\/#organization\",\"name\":\"STYLORAL PTE. LTD\",\"url\":\"https:\/\/tourcruiser.com\/de\/\",\"logo\":{\"@type\":\"ImageObject\",\"inLanguage\":\"de\",\"@id\":\"https:\/\/tourcruiser.com\/de\/#\/schema\/logo\/image\/\",\"url\":\"https:\/\/www.tourcruiser.com\/wp-content\/uploads\/2025\/12\/logo.png\",\"contentUrl\":\"https:\/\/www.tourcruiser.com\/wp-content\/uploads\/2025\/12\/logo.png\",\"width\":200,\"height\":65,\"caption\":\"STYLORAL PTE. LTD\"},\"image\":{\"@id\":\"https:\/\/tourcruiser.com\/de\/#\/schema\/logo\/image\/\"}}]}<\/script>\n<!-- \/ Yoast SEO plugin. -->","yoast_head_json":{"title":"New Balance ABZORB 2000 'Pearl Grey Black'  - Tourcruiser PTE. LTD","robots":{"index":"index","follow":"follow","max-snippet":"max-snippet:-1","max-image-preview":"max-image-preview:large","max-video-preview":"max-video-preview:-1"},"canonical":"https:\/\/tourcruiser.com\/de\/products\/new-balance-abzorb-2000-pearl-grey-black\/","og_locale":"de_DE","og_type":"article","og_title":"New Balance ABZORB 2000 'Pearl Grey Black'  - Tourcruiser PTE. LTD","og_description":"New Balance ABZORB 2000 \u201d\u201d Pearl Grey\/Black","og_url":"https:\/\/tourcruiser.com\/de\/products\/new-balance-abzorb-2000-pearl-grey-black\/","og_site_name":"Tourcruiser Sneaker Store","article_modified_time":"2026-03-27T18:53:59+00:00","twitter_card":"summary_large_image","twitter_image":"https:\/\/images.novelship.com\/product\/new_balance_abzorb_2000__pearl_grey_black__u2000pc_0_17442.jpeg;https:\/\/images.novelship.com\/product\/new_balance_abzorb_2000__pearl_grey_black__u2000pc_1_17443.jpeg;https:\/\/images.novelship.com\/product\/new_balance_abzorb_2000__pearl_grey_black__u2000pc_2_17443.jpeg;https:\/\/images.novelship.com\/product\/new_balance_abzorb_2000__pearl_grey_black__u2000pc_3_17443.jpeg;https:\/\/images.novelship.com\/product\/new_balance_abzorb_2000__pearl_grey_black__u2000pc_4_17443.jpeg","twitter_misc":{"Gesch\u00e4tzte Lesezeit":"1\u00a0Minute"},"schema":{"@context":"https:\/\/schema.org","@graph":[{"@type":"WebPage","@id":"https:\/\/tourcruiser.com\/de\/products\/new-balance-abzorb-2000-pearl-grey-black\/","url":"https:\/\/tourcruiser.com\/de\/products\/new-balance-abzorb-2000-pearl-grey-black\/","name":"New Balance ABZORB 2000 'Pearl Grey Black' - Tourcruiser PTE. LTD","isPartOf":{"@id":"https:\/\/tourcruiser.com\/de\/#website"},"primaryImageOfPage":{"@id":"https:\/\/tourcruiser.com\/de\/products\/new-balance-abzorb-2000-pearl-grey-black\/#primaryimage"},"image":{"@id":"https:\/\/tourcruiser.com\/de\/products\/new-balance-abzorb-2000-pearl-grey-black\/#primaryimage"},"thumbnailUrl":"https:\/\/images.novelship.com\/product\/new_balance_abzorb_2000__pearl_grey_black__u2000pc_0_17442.jpeg;https:\/\/images.novelship.com\/product\/new_balance_abzorb_2000__pearl_grey_black__u2000pc_1_17443.jpeg;https:\/\/images.novelship.com\/product\/new_balance_abzorb_2000__pearl_grey_black__u2000pc_2_17443.jpeg;https:\/\/images.novelship.com\/product\/new_balance_abzorb_2000__pearl_grey_black__u2000pc_3_17443.jpeg;https:\/\/images.novelship.com\/product\/new_balance_abzorb_2000__pearl_grey_black__u2000pc_4_17443.jpeg","datePublished":"2026-03-02T09:37:32+00:00","dateModified":"2026-03-27T18:53:59+00:00","breadcrumb":{"@id":"https:\/\/tourcruiser.com\/de\/products\/new-balance-abzorb-2000-pearl-grey-black\/#breadcrumb"},"inLanguage":"de","potentialAction":[{"@type":"ReadAction","target":["https:\/\/tourcruiser.com\/de\/products\/new-balance-abzorb-2000-pearl-grey-black\/"]}]},{"@type":"ImageObject","inLanguage":"de","@id":"https:\/\/tourcruiser.com\/de\/products\/new-balance-abzorb-2000-pearl-grey-black\/#primaryimage","url":"https:\/\/images.novelship.com\/product\/new_balance_abzorb_2000__pearl_grey_black__u2000pc_0_17442.jpeg;https:\/\/images.novelship.com\/product\/new_balance_abzorb_2000__pearl_grey_black__u2000pc_1_17443.jpeg;https:\/\/images.novelship.com\/product\/new_balance_abzorb_2000__pearl_grey_black__u2000pc_2_17443.jpeg;https:\/\/images.novelship.com\/product\/new_balance_abzorb_2000__pearl_grey_black__u2000pc_3_17443.jpeg;https:\/\/images.novelship.com\/product\/new_balance_abzorb_2000__pearl_grey_black__u2000pc_4_17443.jpeg","contentUrl":"https:\/\/images.novelship.com\/product\/new_balance_abzorb_2000__pearl_grey_black__u2000pc_0_17442.jpeg;https:\/\/images.novelship.com\/product\/new_balance_abzorb_2000__pearl_grey_black__u2000pc_1_17443.jpeg;https:\/\/images.novelship.com\/product\/new_balance_abzorb_2000__pearl_grey_black__u2000pc_2_17443.jpeg;https:\/\/images.novelship.com\/product\/new_balance_abzorb_2000__pearl_grey_black__u2000pc_3_17443.jpeg;https:\/\/images.novelship.com\/product\/new_balance_abzorb_2000__pearl_grey_black__u2000pc_4_17443.jpeg"},{"@type":"BreadcrumbList","@id":"https:\/\/tourcruiser.com\/de\/products\/new-balance-abzorb-2000-pearl-grey-black\/#breadcrumb","itemListElement":[{"@type":"ListItem","position":1,"name":"Home","item":"https:\/\/tourcruiser.com\/de\/"},{"@type":"ListItem","position":2,"name":"Shop","item":"https:\/\/tourcruiser.com\/de\/shop\/"},{"@type":"ListItem","position":3,"name":"New Balance ABZORB 2000 'Pearl Grey Black'"}]},{"@type":"WebSite","@id":"https:\/\/tourcruiser.com\/de\/#website","url":"https:\/\/tourcruiser.com\/de\/","name":"Styloral Jewelry Shop","description":"Tourcruiser Sneaker Store \u2014 der Ort, an dem das Universum deine Einzigartigkeit trifft.","publisher":{"@id":"https:\/\/tourcruiser.com\/de\/#organization"},"potentialAction":[{"@type":"SearchAction","target":{"@type":"EntryPoint","urlTemplate":"https:\/\/tourcruiser.com\/de\/?s={search_term_string}"},"query-input":{"@type":"PropertyValueSpecification","valueRequired":true,"valueName":"search_term_string"}}],"inLanguage":"de"},{"@type":"Organization","@id":"https:\/\/tourcruiser.com\/de\/#organization","name":"STYLORAL PTE. LTD","url":"https:\/\/tourcruiser.com\/de\/","logo":{"@type":"ImageObject","inLanguage":"de","@id":"https:\/\/tourcruiser.com\/de\/#\/schema\/logo\/image\/","url":"https:\/\/www.tourcruiser.com\/wp-content\/uploads\/2025\/12\/logo.png","contentUrl":"https:\/\/www.tourcruiser.com\/wp-content\/uploads\/2025\/12\/logo.png","width":200,"height":65,"caption":"STYLORAL PTE. LTD"},"image":{"@id":"https:\/\/tourcruiser.com\/de\/#\/schema\/logo\/image\/"}}]}},"_links":{"self":[{"href":"https:\/\/tourcruiser.com\/de\/wp-json\/wp\/v2\/product\/181370","targetHints":{"allow":["GET"]}}],"collection":[{"href":"https:\/\/tourcruiser.com\/de\/wp-json\/wp\/v2\/product"}],"about":[{"href":"https:\/\/tourcruiser.com\/de\/wp-json\/wp\/v2\/types\/product"}],"replies":[{"embeddable":true,"href":"https:\/\/tourcruiser.com\/de\/wp-json\/wp\/v2\/comments?post=181370"}],"wp:featuredmedia":[{"embeddable":true,"href":"https:\/\/tourcruiser.com\/de\/wp-json\/wp\/v2\/media\/181371"}],"wp:attachment":[{"href":"https:\/\/tourcruiser.com\/de\/wp-json\/wp\/v2\/media?parent=181370"}],"wp:term":[{"taxonomy":"product_brand","embeddable":true,"href":"https:\/\/tourcruiser.com\/de\/wp-json\/wp\/v2\/product_brand?post=181370"},{"taxonomy":"product_cat","embeddable":true,"href":"https:\/\/tourcruiser.com\/de\/wp-json\/wp\/v2\/product_cat?post=181370"},{"taxonomy":"product_tag","embeddable":true,"href":"https:\/\/tourcruiser.com\/de\/wp-json\/wp\/v2\/product_tag?post=181370"}],"curies":[{"name":"wp","href":"https:\/\/api.w.org\/{rel}","templated":true}]}}